{"id":160905,"date":"2020-03-18T10:21:39","date_gmt":"2020-03-18T09:21:39","guid":{"rendered":"https:\/\/www.ferrovial.com\/world-water-day-2020\/"},"modified":"2024-10-08T14:01:01","modified_gmt":"2024-10-08T12:01:01","slug":"dia-mundial-agua","status":"publish","type":"page","link":"https:\/\/www.ferrovial.com\/es\/dia-mundial-agua\/","title":{"rendered":"D\u00eda Mundial del Agua"},"content":{"rendered":"    <m-hero type='single' :translations='{\n        &quot;play&quot;:&quot;Reproducir v\u00eddeo de fondo&quot;,\n        &quot;pause&quot;:&quot;Pausar v\u00eddeo de fondo&quot;,\n        &quot;prev&quot;:&quot;Anterior&quot;,\n        &quot;next&quot;:&quot;Siguiente&quot;,\n        &quot;paginationseparator&quot;:&quot;de&quot;,\n        &quot;goto&quot;:&quot;Ir al slide&quot;,\n        &quot;external&quot;:&quot;Abrir una nueva ventana&quot;\n    }'>\n            <c-breadcrumb label-text=\"Breadcrumb\" slot=\"breadcrumbs\" type='1' align='left left' wrap='wrapped wrapped'>\n                        <ol>\n\n                                                            <li><a href=\"https:\/\/www.ferrovial.com\/es\/\" title=\"Ferrovial\">Ferrovial<\/a><\/li>\n                                    \n                <\/ol>\n\n                <\/c-breadcrumb>\n    \n                        <div slot=\"carouselItem\">\n                            <c-background-video :sources=\"['https:\/\/static.ferrovial.com\/wp-content\/uploads\/2020\/03\/13125223\/diadelagua_loop2-130320.mp4']\" position=\"center center\" poster=\"https:\/\/static.ferrovial.com\/wp-content\/uploads\/2019\/11\/13140907\/fotobucle-fuente-de-agua-rsc.png\" :translations=\"{&quot;play&quot;:&quot;Reproducir v\u00eddeo de fondo&quot;,&quot;pause&quot;:&quot;Pausar v\u00eddeo de fondo&quot;}\"><\/c-background-video>\n                        <\/div>        <section slot=\"hero\">\n            <article>\n                                        <h1>D\u00eda Mundial del Agua<\/h1>\n                                                <p>Descripci\u00f3n por defecto<\/p>\n                                    <\/article>\n        <\/section>\n    <\/m-hero>\n\n    \n\n    <m-introduction-subhome type='primary' pathfront='1' pathback='2' icon='agua'>\n        <img decoding=\"async\" class=\"dots hidden\" slot=\"bg\" src=\"https:\/\/www.ferrovial.com\/wp-content\/themes\/global\/front\/dist\/static\/img\/dots.svg\" alt=\"\" \/>\n                        <h3 slot=\"title\">\n                     Detente y piensa cu\u00e1ntas veces has usado agua hoy.                <\/h3>\n                                <p slot=\"description\">\n                    Ducharse, beber, lavar una fruta, lavar la ropa. El agua es una parte esencial de nuestras vidas y, cuando es accesible, es f\u00e1cil darla por sentado. \u00bfPero sab\u00edas que 3 de cada 10 personas en el mundo carecen de servicios de agua potable?                <\/p>\n                    <\/m-introduction-subhome>\n    \n\n\n<m-wysiwig class=\"wp-block-components-wysiwyg\"><div slot=\"maincontent\">\n<p class=\"has-text-align-center\">Es por eso que en el <strong>D\u00eda Mundial del Agua<\/strong>, estamos destacando a aquellos que no siempre han sido tan afortunados y c\u00f3mo el acceso al agua limpia ha cambiado sus vidas.<\/p>\n<\/div><\/m-wysiwig>\n\n\n    <m-cyphers-basic>\n                        <ul slot=\"cyphers\">\n                                                <li>\n                                                                        <p class=\"number\">\n                                            2.200 M                                        <\/p>\n                                                                                <p class=\"post\">\n                                            personas sin acceso a agua potable                                        <\/p>\n                                                                    <\/li>\n                                                        <li>\n                                                                        <p class=\"number\">\n                                            6                                        <\/p>\n                                                                                <p class=\"post\">\n                                            km \/ media distancia recorrida hasta el agua potable                                        <\/p>\n                                                                    <\/li>\n                                                        <li>\n                                                                        <p class=\"number\">\n                                            4.000 M                                        <\/p>\n                                                                                <p class=\"post\">\n                                            personas sin acceso a saneamiento b\u00e1sico                                        <\/p>\n                                                                    <\/li>\n                                            <\/ul>\n                    <\/m-cyphers-basic>\n\n    \n\n\n<m-wysiwig class=\"wp-block-components-wysiwyg\"><div slot=\"maincontent\"><\/div><\/m-wysiwig>\n\n\n\n<m-wysiwig class=\"wp-block-components-wysiwyg\"><div slot=\"maincontent\">\n<h2 class=\"wp-block-heading\">Nuestro compromiso con los Objetivos de Desarrollo Sostenible de la ONU<\/h2>\n\n\n\n<p>El acceso al agua y el saneamiento es uno de los <strong>17 Objetivos de Desarrollo Sostenible, en concreto el ODS 6 de la Agenda 2030 de las Naciones Unidas para un mundo m\u00e1s sostenible e igualitario.<\/strong> M\u00e1s a\u00fan, la ONU ha declarado 2018-2028 el Decenio Internacional \u201cAgua para el Desarrollo Sostenible\u201d. Una d\u00e9cada para promocionar iniciativas que solucionen los desaf\u00edos que presentan los recursos h\u00eddricos del planeta. Un sue\u00f1o que compartimos y por el que trabajamos nosotros.<\/p>\n\n\n\n<p>Dentro de <a href=\"https:\/\/www.ferrovial.com\/es\/sostenibilidad\/ods\/\">nuestro compromiso con los Objetivos de Desarrollo Sostenible<\/a>, uno de los ODS que hemos definido como prioritario es el ODS 6: acceso al agua limpia y saneamiento. Buscamos la mejor manera de integrar los ODS en la estrategia del sector privado y fomentar que nuevas empresas se sumen a este reto.<\/p>\n<\/div><\/m-wysiwig>\n\n\n\n<m-wysiwig class=\"wp-block-components-wysiwyg\"><div slot=\"maincontent\">\n<h2 class=\"wp-block-heading\"><strong>Hoy, queremos darles voz:<\/strong><\/h2>\n<\/div><\/m-wysiwig>\n\n\n    <m-video >\n                <a class='m-video__modal' slot='modal' href='https:\/\/www.youtube-nocookie.com\/embed\/fo5boOtXafc'>\n            <img slot=\"poster\" v-lazy=\"'http:\/\/img.youtube.com\/vi\/fo5boOtXafc\/maxresdefault.jpg'\" title=\"\" width=\"1280\" height=\"100%\" >\n        <\/a>\n                        <h3 slot=\"title\">\n                    Eber Marino Libreros, San Benito (Colombia)                <\/h3>\n                    <\/m-video>\n    \n\n    <m-video >\n                <a class='m-video__modal' slot='modal' href='https:\/\/www.youtube-nocookie.com\/embed\/Zug4dOJ3JQw'>\n            <img slot=\"poster\" v-lazy=\"'http:\/\/img.youtube.com\/vi\/Zug4dOJ3JQw\/maxresdefault.jpg'\" title=\"\" width=\"1280\" height=\"100%\" >\n        <\/a>\n                        <h3 slot=\"title\">\n                    Mar\u00eda Em\u00e9rita Risco Sarnaqu\u00e9, Chato Chico (Peru)                <\/h3>\n                    <\/m-video>\n    \n\n    <m-video >\n                <a class='m-video__modal' slot='modal' href='https:\/\/www.youtube-nocookie.com\/embed\/MhIdecM5DmI'>\n            <img slot=\"poster\" v-lazy=\"'http:\/\/img.youtube.com\/vi\/MhIdecM5DmI\/maxresdefault.jpg'\" title=\"\" width=\"1280\" height=\"100%\" >\n        <\/a>\n                        <h3 slot=\"title\">\n                    Marta Garc\u00eda, Portugal (Colombia)                <\/h3>\n                    <\/m-video>\n    \n\n    <m-video >\n                <a class='m-video__modal' slot='modal' href='https:\/\/www.youtube-nocookie.com\/embed\/D1MJkFTHumE'>\n            <img slot=\"poster\" v-lazy=\"'http:\/\/img.youtube.com\/vi\/D1MJkFTHumE\/maxresdefault.jpg'\" title=\"\" width=\"1280\" height=\"100%\" >\n        <\/a>\n                        <h3 slot=\"title\">\n                    Buyende District, Uganda                <\/h3>\n                    <\/m-video>\n    \n\n    <m-video >\n                <a class='m-video__modal' slot='modal' href='https:\/\/www.youtube-nocookie.com\/embed\/9pwgnPXErQU'>\n            <img slot=\"poster\" v-lazy=\"'http:\/\/img.youtube.com\/vi\/9pwgnPXErQU\/maxresdefault.jpg'\" title=\"\" width=\"1280\" height=\"100%\" >\n        <\/a>\n                        <h3 slot=\"title\">\n                    Mar\u00eda Ang\u00e9lica Torres, El Salado (Colombia)                <\/h3>\n                    <\/m-video>\n    \n\n    <m-video >\n                <a class='m-video__modal' slot='modal' href='https:\/\/www.youtube-nocookie.com\/embed\/zN_9EwMg5tQ'>\n            <img slot=\"poster\" v-lazy=\"'http:\/\/img.youtube.com\/vi\/zN_9EwMg5tQ\/maxresdefault.jpg'\" title=\"\" width=\"1280\" height=\"100%\" >\n        <\/a>\n                        <h3 slot=\"title\">\n                    Ricardo Navas, Responsable de Programas de RSC en Ferrovial                <\/h3>\n                    <\/m-video>\n    \n\n\n    <m-distributor-basic bgimg='https:\/\/static.ferrovial.com\/wp-content\/uploads\/2019\/12\/13140927\/infraestructuras-sociales-rsc-camisetas.jpg'>\n                        <h3 slot=\"title\">\n                    Infraestructuras Sociales                <\/h3>\n                                <p slot=\"text\">\n                    Programa de cooperaci\u00f3n al desarrollo que busca mejorar y ampliar la cobertura y acceso al agua                <\/p>\n                                    <c-button slot='cta' type='primary' disabled='false' href='#'>\n                        <span>Mas informaci\u00f3n aqu\u00ed<\/span>\n                                        <\/c-button>\n                    \n        \n\n    <\/m-distributor-basic>\n    \n\n    <m-projects-distributor2 :translations='{\n        &quot;prev&quot;:&quot;Anterior&quot;,\n        &quot;next&quot;:&quot;Siguiente&quot;,\n        &quot;paginationseparator&quot;:&quot;de&quot;\n    }'>\n                        <h2 slot=\"label\">\n                    D\u00eda Mundial del Agua                <\/h2>\n                                <h3 slot=\"title\">\n                Proyectos                <\/h3>\n                        <a slot='button' title='Accede a los proyectos de RSC' href='https:\/\/www.ferrovial.com\/es\/negocio\/proyectos\/'>\n            Accede a los proyectos de RSC        <\/a>\n\n                            <c-card slot=\"carouselItems\" type=\"type-1\" link=\"https:\/\/www.ferrovial.com\/es\/negocio\/proyectos\/diseno-y-construccion-de-la-autopista-de-peaje-bucaramanga-barrancabermeja-yondo-bby-colombia\/\"  >\n                                                <img slot='background' src='https:\/\/static.ferrovial.com\/wp-content\/uploads\/2019\/12\/13131709\/ruta-del-cacao-tramo-acabado-360x640.png' alt='Ruta del Cacao, tramo acabado' \/>\n                                                        <h3 slot=\"title\" role=\"listitem\">\n                                    Ruta del Cacao, Colombia                                <\/h3>\n                                                                                <c-link slot=\"link\" type=\"negative\">\n                            <a href=\"https:\/\/www.ferrovial.com\/es\/negocio\/proyectos\/diseno-y-construccion-de-la-autopista-de-peaje-bucaramanga-barrancabermeja-yondo-bby-colombia\/\">\n                                Descubra el proyecto                            <\/a>\n                        <\/c-link>\n                    <\/c-card>\n                                        <c-card slot=\"carouselItems\" type=\"type-1\" link=\"https:\/\/www.ferrovial.com\/es\/negocio\/proyectos\/acceso-al-agua-potable-en-15-comunidades-del-distrito-de-buyende\/\"  >\n                                                <img slot='background' src='https:\/\/static.ferrovial.com\/wp-content\/uploads\/2019\/09\/13135438\/acceso-agua-potable-distrito-de-buyende-uganda-plan-garrafas-agua-360x640.jpg' alt='acceso de agua potable en comunidades de uganda' \/>\n                                                        <h3 slot=\"title\" role=\"listitem\">\n                                    Buyende, Uganda                                <\/h3>\n                                                                                <c-link slot=\"link\" type=\"negative\">\n                            <a href=\"https:\/\/www.ferrovial.com\/es\/negocio\/proyectos\/acceso-al-agua-potable-en-15-comunidades-del-distrito-de-buyende\/\">\n                                Descubra el proyecto                            <\/a>\n                        <\/c-link>\n                    <\/c-card>\n                                        <c-card slot=\"carouselItems\" type=\"type-1\" link=\"https:\/\/www.ferrovial.com\/es\/negocio\/proyectos\/agua-potable-para-una-vida-digna-en-el-centro-poblado-de-el-salado-bolivar\/\"  >\n                                                <img slot='background' src='https:\/\/static.ferrovial.com\/wp-content\/uploads\/2019\/09\/13142635\/drinking-water-population-el-salado-bolivar-ayuda-en-accion-5-360x640.jpg' alt='Poblado El Salado en Bol\u00edvar' \/>\n                                                        <h3 slot=\"title\" role=\"listitem\">\n                                    El Salado, Colombia                                <\/h3>\n                                                                                <c-link slot=\"link\" type=\"negative\">\n                            <a href=\"https:\/\/www.ferrovial.com\/es\/negocio\/proyectos\/agua-potable-para-una-vida-digna-en-el-centro-poblado-de-el-salado-bolivar\/\">\n                                Descubra el proyecto                            <\/a>\n                        <\/c-link>\n                    <\/c-card>\n                        <\/m-projects-distributor2>\n\n    \n\n    <m-distributor-news  >\n                        <h2 slot=\"title\">Art\u00edculos de Blog relacionados<\/h2>\n                                        <div slot=\"report\">\n                            <h3><a href=\"https:\/\/www.ferrovial.com\/es\/accionistas-e-inversores\/hechos-relevantes\/ferrovial-anuncia-la-efectividad-de-la-transformacion-de-su-tipo-social-de-una-sociedad-europea-se-a-una-sociedad-anonima-neerlandesa-n-v\/\" target='_blank' title=\"Ferrovial anuncia la efectividad de la transformaci\u00f3n de su tipo social de una sociedad europea (SE) a una sociedad an\u00f3nima neerlandesa (N.V.)\">Ferrovial anuncia la efectividad de la transformaci\u00f3n de su tipo social de una sociedad europea (SE) a una sociedad an\u00f3nima neerlandesa (N.V.)<\/a><\/h3>\n                                                                <span>30\/04\/2026<\/span>\n                                                            <\/div>\n                                                <div slot=\"report\">\n                            <h3><a href=\"https:\/\/www.ferrovial.com\/es\/accionistas-e-inversores\/hechos-relevantes\/operaciones-efectuadas-por-ferrovial-al-amparo-de-su-programa-de-recompra-de-acciones-propias-entre-el-20-y-el-24-de-abril-de-2026\/\" target='_blank' title=\"Operaciones efectuadas por Ferrovial al amparo de su programa de recompra de acciones propias entre el 20\u00a0y\u00a0el 24 de abril de 2026\">Operaciones efectuadas por Ferrovial al amparo de su programa de recompra de acciones propias entre el 20\u00a0y\u00a0el 24 de abril de 2026<\/a><\/h3>\n                                                                <span>28\/04\/2026<\/span>\n                                                            <\/div>\n                                                <div slot=\"report\">\n                            <h3><a href=\"https:\/\/www.linkedin.com\/posts\/ferrovial_estamos-de-enhorabuena-hemos-recibido-activity-7452740668948611072-ZXjE?utm_source=share&#038;utm_medium=member_desktop&#038;rcm=ACoAABFoZiQBZHWOfqQEVvusnrFKpCwaK03tAEs\" target='_blank' title=\"IV Premios a la Abogac\u00eda de los Negocios\">IV Premios a la Abogac\u00eda de los Negocios<\/a><\/h3>\n                                                                <span>27\/04\/2026<\/span>\n                                                                        <ul>\n                                        <li>Premio<\/li>\n                                    <\/ul>\n                                                            <\/div>\n                                                <div slot=\"report\">\n                            <h3><a href=\"https:\/\/www.ferrovial.com\/es\/accionistas-e-inversores\/hechos-relevantes\/operaciones-efectuadas-por-ferrovial-al-amparo-de-su-programa-de-recompra-de-acciones-propias-entre-el-13-y-el-17-de-abril-de-2026\/\" target='_blank' title=\"Operaciones efectuadas por Ferrovial al amparo de su programa de recompra de acciones propias entre el 13 y\u00a0el 17 de abril de 2026\">Operaciones efectuadas por Ferrovial al amparo de su programa de recompra de acciones propias entre el 13 y\u00a0el 17 de abril de 2026<\/a><\/h3>\n                                                                <span>21\/04\/2026<\/span>\n                                                            <\/div>\n                            <\/m-distributor-news>\n    ","protected":false},"excerpt":{"rendered":"","protected":false},"featured_media":0,"parent":0,"menu_order":0,"comment_status":"closed","ping_status":"closed","template":"","meta":{"_acf_changed":false,"footnotes":""},"class_list":["post-160905","page","type-page","status-publish","hentry"],"acf":[],"yoast_head":"<!-- This site is optimized with the Yoast SEO plugin v27.2 - https:\/\/yoast.com\/product\/yoast-seo-wordpress\/ -->\n<title>D\u00eda Mundial del Agua - Ferrovial<\/title>\n<meta name=\"description\" content=\"Welcome to the Ferrovial&#039;s website, global operator of sustainable infrastructure. Here you can find all the information about the company and subsidiaries.\" \/>\n<meta name=\"robots\" content=\"index, follow, max-snippet:-1, max-image-preview:large, max-video-preview:-1\" \/>\n<link rel=\"canonical\" href=\"https:\/\/www.ferrovial.com\/es\/dia-mundial-agua\/\" \/>\n<meta property=\"og:locale\" content=\"es_ES\" \/>\n<meta property=\"og:type\" content=\"article\" \/>\n<meta property=\"og:title\" content=\"D\u00eda Mundial del Agua - Ferrovial\" \/>\n<meta property=\"og:description\" content=\"Welcome to the Ferrovial&#039;s website, global operator of sustainable infrastructure. Here you can find all the information about the company and subsidiaries.\" \/>\n<meta property=\"og:url\" content=\"https:\/\/www.ferrovial.com\/es\/dia-mundial-agua\/\" \/>\n<meta property=\"og:site_name\" content=\"Ferrovial\" \/>\n<meta property=\"article:publisher\" content=\"https:\/\/www.facebook.com\/ferrovial\" \/>\n<meta property=\"article:modified_time\" content=\"2024-10-08T12:01:01+00:00\" \/>\n<meta property=\"og:image\" content=\"https:\/\/www.ferrovial.com\/wp-content\/themes\/global\/front\/dist\/static\/img\/dots.svg\" \/>\n<meta name=\"twitter:card\" content=\"summary_large_image\" \/>\n<meta name=\"twitter:site\" content=\"@ferrovial\" \/>\n<meta name=\"twitter:label1\" content=\"Est. reading time\" \/>\n\t<meta name=\"twitter:data1\" content=\"2 minutos\" \/>\n<!-- \/ Yoast SEO plugin. -->","yoast_head_json":{"title":"D\u00eda Mundial del Agua - Ferrovial","description":"Welcome to the Ferrovial's website, global operator of sustainable infrastructure. Here you can find all the information about the company and subsidiaries.","robots":{"index":"index","follow":"follow","max-snippet":"max-snippet:-1","max-image-preview":"max-image-preview:large","max-video-preview":"max-video-preview:-1"},"canonical":"https:\/\/www.ferrovial.com\/es\/dia-mundial-agua\/","og_locale":"es_ES","og_type":"article","og_title":"D\u00eda Mundial del Agua - Ferrovial","og_description":"Welcome to the Ferrovial's website, global operator of sustainable infrastructure. Here you can find all the information about the company and subsidiaries.","og_url":"https:\/\/www.ferrovial.com\/es\/dia-mundial-agua\/","og_site_name":"Ferrovial","article_publisher":"https:\/\/www.facebook.com\/ferrovial","article_modified_time":"2024-10-08T12:01:01+00:00","og_image":[{"url":"https:\/\/www.ferrovial.com\/wp-content\/themes\/global\/front\/dist\/static\/img\/dots.svg","type":"","width":"","height":""}],"twitter_card":"summary_large_image","twitter_site":"@ferrovial","twitter_misc":{"Est. reading time":"2 minutos"},"schema":{"@context":"https:\/\/schema.org","@graph":[{"@type":"WebPage","@id":"https:\/\/www.ferrovial.com\/es\/dia-mundial-agua\/","url":"https:\/\/www.ferrovial.com\/es\/dia-mundial-agua\/","name":"D\u00eda Mundial del Agua - Ferrovial","isPartOf":{"@id":"https:\/\/www.ferrovial.com\/es\/#website"},"primaryImageOfPage":{"@id":"https:\/\/www.ferrovial.com\/es\/dia-mundial-agua\/#primaryimage"},"image":{"@id":"https:\/\/www.ferrovial.com\/es\/dia-mundial-agua\/#primaryimage"},"thumbnailUrl":"https:\/\/www.ferrovial.com\/wp-content\/themes\/global\/front\/dist\/static\/img\/dots.svg","datePublished":"2020-03-18T09:21:39+00:00","dateModified":"2024-10-08T12:01:01+00:00","description":"Welcome to the Ferrovial's website, global operator of sustainable infrastructure. Here you can find all the information about the company and subsidiaries.","breadcrumb":{"@id":"https:\/\/www.ferrovial.com\/es\/dia-mundial-agua\/#breadcrumb"},"inLanguage":"es","potentialAction":[{"@type":"ReadAction","target":["https:\/\/www.ferrovial.com\/es\/dia-mundial-agua\/"]}]},{"@type":"ImageObject","inLanguage":"es","@id":"https:\/\/www.ferrovial.com\/es\/dia-mundial-agua\/#primaryimage","url":"https:\/\/www.ferrovial.com\/wp-content\/themes\/global\/front\/dist\/static\/img\/dots.svg","contentUrl":"https:\/\/www.ferrovial.com\/wp-content\/themes\/global\/front\/dist\/static\/img\/dots.svg"},{"@type":"BreadcrumbList","@id":"https:\/\/www.ferrovial.com\/es\/dia-mundial-agua\/#breadcrumb","itemListElement":[{"@type":"ListItem","position":1,"name":"Portada","item":"https:\/\/www.ferrovial.com\/es\/"},{"@type":"ListItem","position":2,"name":"D\u00eda Mundial del Agua"}]},{"@type":"WebSite","@id":"https:\/\/www.ferrovial.com\/es\/#website","url":"https:\/\/www.ferrovial.com\/es\/","name":"Ferrovial","description":"Welcome to the Ferrovial&#039;s website, global operator of sustainable infrastructure. Here you can find all the information about the company and subsidiaries.","publisher":{"@id":"https:\/\/www.ferrovial.com\/es\/#organization"},"potentialAction":[{"@type":"SearchAction","target":{"@type":"EntryPoint","urlTemplate":"https:\/\/www.ferrovial.com\/es\/?s={search_term_string}"},"query-input":{"@type":"PropertyValueSpecification","valueRequired":true,"valueName":"search_term_string"}}],"inLanguage":"es"},{"@type":"Organization","@id":"https:\/\/www.ferrovial.com\/es\/#organization","name":"Ferrovial S.A.","url":"https:\/\/www.ferrovial.com\/es\/","logo":{"@type":"ImageObject","inLanguage":"es","@id":"https:\/\/www.ferrovial.com\/es\/#\/schema\/logo\/image\/","url":"https:\/\/static.ferrovial.com\/wp-content\/uploads\/2020\/01\/13124948\/logo-ferrovial-cf7.png","contentUrl":"https:\/\/static.ferrovial.com\/wp-content\/uploads\/2020\/01\/13124948\/logo-ferrovial-cf7.png","width":144,"height":32,"caption":"Ferrovial S.A."},"image":{"@id":"https:\/\/www.ferrovial.com\/es\/#\/schema\/logo\/image\/"},"sameAs":["https:\/\/www.facebook.com\/ferrovial","https:\/\/x.com\/ferrovial","https:\/\/www.instagram.com\/ferrovial\/","https:\/\/www.linkedin.com\/company\/ferrovial","https:\/\/www.pinterest.es\/ferrovial\/","https:\/\/www.youtube.com\/ferrovial","https:\/\/en.wikipedia.org\/wiki\/Ferrovial"]}]}},"_links":{"self":[{"href":"https:\/\/www.ferrovial.com\/es\/wp-json\/wp\/v2\/pages\/160905","targetHints":{"allow":["GET"]}}],"collection":[{"href":"https:\/\/www.ferrovial.com\/es\/wp-json\/wp\/v2\/pages"}],"about":[{"href":"https:\/\/www.ferrovial.com\/es\/wp-json\/wp\/v2\/types\/page"}],"replies":[{"embeddable":true,"href":"https:\/\/www.ferrovial.com\/es\/wp-json\/wp\/v2\/comments?post=160905"}],"version-history":[{"count":3,"href":"https:\/\/www.ferrovial.com\/es\/wp-json\/wp\/v2\/pages\/160905\/revisions"}],"predecessor-version":[{"id":289894,"href":"https:\/\/www.ferrovial.com\/es\/wp-json\/wp\/v2\/pages\/160905\/revisions\/289894"}],"wp:attachment":[{"href":"https:\/\/www.ferrovial.com\/es\/wp-json\/wp\/v2\/media?parent=160905"}],"curies":[{"name":"wp","href":"https:\/\/api.w.org\/{rel}","templated":true}]}}