{"id":161632,"date":"2020-04-03T17:00:20","date_gmt":"2020-04-03T15:00:20","guid":{"rendered":"https:\/\/www.ferrovial.com\/?page_id=161632"},"modified":"2024-12-16T19:07:50","modified_gmt":"2024-12-16T18:07:50","slug":"como-colaborar-con-el-fondo-ferrovial-juntos-covid-19","status":"publish","type":"page","link":"https:\/\/www.ferrovial.com\/es\/como-colaborar-con-el-fondo-ferrovial-juntos-covid-19\/","title":{"rendered":"Ferrovial Juntos COVID-19"},"content":{"rendered":"    <m-final-content-header bgimage='https:\/\/static.ferrovial.com\/wp-content\/uploads\/2020\/04\/13124854\/web_llegada_juntos_covid_034_.jpg'>\n            <c-breadcrumb label-text=\"Breadcrumb\" slot=\"breadcrumbs\" type='2' align='left' wrap='wrapped wrapped'>\n                        <ol>\n\n                                                            <li><a href=\"https:\/\/www.ferrovial.com\/es\/\" title=\"Ferrovial\">Ferrovial<\/a><\/li>\n                                    \n                <\/ol>\n\n                <\/c-breadcrumb>\n    \n        <div slot=\"header\">\n            <h1>\n                Fondo &#171;Ferrovial Juntos COVID-19&#187;            <\/h1>\n                    <\/div>\n    <\/m-final-content-header>\n\n    \n\n\n<m-wysiwig class=\"wp-block-components-wysiwyg\"><div slot=\"maincontent\">    <p class=\"intro\">Constituimos \u201cFerrovial Juntos COVID-19\u201d con una dotaci\u00f3n de hasta 8,7 millones de euros para recaudar fondos destinadas a la lucha contra la pandemia. <\/p>\n    \n\n\n<p>Hicimos una aportaci\u00f3n inicial de 5 millones de euros por parte de la compa\u00f1\u00eda. En paralelo, puso en marcha una iniciativa de captaci\u00f3n entre empleados, consejeros, accionistas, colaboradores, proveedores y todo aquel que quisiera participar para ampliar el importe con el compromiso de la compa\u00f1\u00eda de doblar la cantidad recaudada. El fondo \u201cFerrovial Juntos COVID-19\u201d ha alcanzado una dotaci\u00f3n de 8,690 millones entre la contribuci\u00f3n de la compa\u00f1\u00eda y los fondos recaudados.<\/p>\n\n\n\n<p>\u201cFerrovial Juntos COVID-19\u201d se destina a donaciones a la Administraci\u00f3n sanitaria, hospitales, universidades y centros de investigaci\u00f3n o desarrollo; as\u00ed como a ONGs en una serie de proyectos espec\u00edficos. Estos proyectos se centran en la adquisici\u00f3n de material sanitario y equipamiento m\u00e9dico y la investigaci\u00f3n de soluciones farmacol\u00f3gicas o vacunas para combatir los efectos de la pandemia provocada por el virus  COVID-19. En Ferrovial tambi\u00e9n donamos fondos para la ayuda a grupos vulnerables o en riesgo de exclusi\u00f3n consecuencia de la actual crisis sanitaria. La adjudicaci\u00f3n de los fondos se he hecho con total transparencia indicando la entidad beneficiaria y el proyecto.<\/p>\n\n\n\n<p><a href=\"https:\/\/static.ferrovial.com\/wp-content\/uploads\/2020\/05\/13124808\/200507-procedimientofondo-covid19_esp.pdf\">Consulta las bases del procedimiento del Fondo Ferrovial Juntos COVID-19<\/a><\/p>\n\n\n\n<p><em>Si te interesa <strong>acreditar la donaci\u00f3n en la Renta de 2020<\/strong>, m\u00e1s abajo encontrar\u00e1s la informaci\u00f3n. <\/em><\/p>\n<\/div><\/m-wysiwig>\n\n\n\n<m-wysiwig class=\"wp-block-components-wysiwyg\"><div slot=\"maincontent\">\n<h2 class=\"wp-block-heading\"><strong>Distribuci\u00f3n del primer, segundo y tercer tramo de donaciones<\/strong><\/h2>\n\n\n\n<p>Hemos completado el reparto de los 8,69 millones de euros que, a trav\u00e9s del fondo \u201cFerrovial Juntos COVID-19\u201d, ha destinado a entidades que luchan contra la pandemia desde el \u00e1mbito social, sanitario y de la investigaci\u00f3n en Espa\u00f1a, Reino Unido, Estados Unidos, Chile, Per\u00fa, Colombia, Polonia y Portugal. Esta cantidad representa el total de la ayuda canalizada a trav\u00e9s del fondo e incluye la comunicada los pasados 8 y 28 de mayo.<\/p>\n\n\n\n<p>Espa\u00f1a ha sido el pa\u00eds que m\u00e1s fondos ha recibido, con una aportaci\u00f3n de casi 5 millones de euros, seguido de Estados Unidos y Reino Unido, que han recibido, 1,33 y 1 mill\u00f3n de euros, respectivamente. Per\u00fa ha percibido fondos por valor de 435.000 euros, Colombia por 380.000 y Chile por 200.000, Polonia por 195.000 y Portugal por 150.000.<\/p>\n\n\n\n<p><\/p>\n\n\n\n<h3 class=\"wp-block-heading\"><strong>Donaciones a equipamiento sanitario<\/strong><\/h3>\n\n\n\n<p>En el \u00e1mbito sanitario la compa\u00f1\u00eda ha destinado <strong>3,555 millones de euros<\/strong> para la adquisici\u00f3n de equipamiento sanitario, siendo la distribuci\u00f3n la siguiente:<\/p>\n\n\n\n<figure class=\"wp-block-table\"><table><tbody><tr><td><strong>Entidad<\/strong><\/td><td><strong>Monto (Euros)<\/strong><\/td><td><strong>Material<\/strong><\/td><\/tr><tr><td>Salud Madrid (Espa\u00f1a)<\/td><td>1.000.000<\/td><td>300.000 mascarillas FFP2 \/ 70 respiradores<\/td><\/tr><tr><td>Servicio Andaluz de Salud (Espa\u00f1a)<\/td><td>625.000<\/td><td>150.000 mascarillas FFP2 \/ 30.000 tests<\/td><\/tr><tr><td>Servicio Gallego de Salud (Espa\u00f1a)<\/td><td>200.000<\/td><td>80.000 mascarillas FFP2<\/td><\/tr><tr><td>Agencia Valenciana de Salud (Espa\u00f1a)<\/td><td>450.000<\/td><td>80.000 mascarillas FFP2 \/ 30.000 tests<\/td><\/tr><tr><td>Servicio de Salud de Castilla-La Mancha (Espa\u00f1a)<\/td><td>125.000<\/td><td>50.000 mascarillas FFP2<\/td><\/tr><tr><td>Servicio C\u00e1ntabro de Salud (Espa\u00f1a)<\/td><td>100.000<\/td><td>40.000 mascarillas FFP2<\/td><\/tr><tr><td>Servicio Catal\u00e1n de Salud (Espa\u00f1a)<\/td><td>250.000<\/td><td>30.000 tests<\/td><\/tr><tr><td>Servicio Canario de Salud (Espa\u00f1a)<\/td><td>250.000<\/td><td>100.000 mascarillas FFP2<\/td><\/tr><tr><td>National Health Service (Reino Unido)<\/td><td>60.000<\/td><td>20 respiradores<\/td><\/tr><tr><td>Amey Supporting Care (Reino Unido)<\/td><td>45.000<\/td><td>Mascarillas y material de protecci\u00f3n<\/td><\/tr><tr><td>Hospital Infantil Roberto del R\u00edo (Chile)<\/td><td>10.000<\/td><td>Mascarillas y material de higiene<\/td><\/tr><tr><td>Hospital de Santarem (Portugal)<\/td><td>25.000<\/td><td>EPIs y material sanitario<\/td><\/tr><tr><td>Cruz Vermelha (Portugal)<\/td><td>25.000<\/td><td>Material de protecci\u00f3n e higiene<\/td><\/tr><tr><td>Cruz Roja (Polonia)<\/td><td>115.000<\/td><td>Material de protecci\u00f3n e higiene<\/td><\/tr><tr><td>Cruz Roja (Colombia)<\/td><td>80.000<\/td><td>30.000 mascarillas FFP2 \/ 70.000 mascarillas quir\u00fargicas<\/td><\/tr><tr><td>Ministerio de Salud (Per\u00fa)<\/td><td>195.000<\/td><td>27.000 test<\/td><\/tr><\/tbody><\/table><\/figure>\n\n\n\n<p><\/p>\n\n\n\n<h3 class=\"wp-block-heading\"><strong>Donaciones \u00e1mbito social<\/strong><\/h3>\n\n\n\n<p>La crisis sanitaria est\u00e1 teniendo un importante efecto econ\u00f3mico, especialmente en las familias que ya se encontraban en una situaci\u00f3n de vulnerabilidad. El impacto de la pandemia ha incrementado el n\u00famero de personas en situaci\u00f3n de riesgo social, que tambi\u00e9n est\u00e1n teniendo mayores dificultades para cubrir necesidades b\u00e1sicas como la alimentaci\u00f3n, productos higi\u00e9nicos o medicamentos. Ferrovial ha donado 4,235 millones de euros para colaborar con instituciones de reconocido prestigio en esta actividad. C\u00e1ritas, CESAL, World Vision y World Central Kitchen en Espa\u00f1a; The Trussell Trust Food Bank, en Reino Unido; distintos bancos de alimentos y World Central Kitchen en Estados Unidos; Techo, en Chile; Acci\u00f3n contra el Hambre, en Colombia; CESAL y Ayuda en Acci\u00f3n, en Per\u00fa, y Cruz Roja, en Portugal y Polonia, son algunas de las entidades beneficiarias.&nbsp; Estas ayudas alcanzan a alrededor de unas 115.000 personas y permiten la distribuci\u00f3n de 1.710.00 comidas.<\/p>\n\n\n\n<figure class=\"wp-block-table\"><table><tbody><tr><td><strong>Entidad<\/strong><\/td><td><strong>Monto<\/strong><\/td><td><strong>Especie<\/strong><\/td><\/tr><tr><td>C\u00e1ritas (Espa\u00f1a)<\/td><td>1.000.000<\/td><td>Apoyo a familias, personas mayores y sin hogar en Alcal\u00e1 de Henares, Getafe, Huelva, Madrid, M\u00e1laga, Santander, Santiago de Compostela, Sevilla, Valencia, \u00c1vila, Tortosa, Ciudad Rodrigo, Huesca, Guadix, Vic, Jaca, Canarias, Soria.<\/td><\/tr><tr><td>World Vision<\/td><td>250.000<\/td><td>Comedores sociales en Barcelona, Madrid, Sevilla, Alicante, Santiago de Compostela, Santander, Granada, Mieres.<\/td><\/tr><tr><td>CESAL-Ayuntamiento de Madrid<\/td><td>300.000<\/td><td>Men\u00fas diarios en los Distritos de Villaverde y La Latina<\/td><\/tr><tr><td>Fundaci\u00f3n Colegio de Caminos (Espa\u00f1a)<\/td><td>10.000<\/td><td>Apoyo a colegiados afectados por COVID-19<\/td><\/tr><tr><td>The Trussell Trust &nbsp;Food Bank (Reino Unido)<\/td><td>300.000<\/td><td>Bancos de alimentos de Vauxhall Foodbank (London), Glasgow NW Foodbank, Burngreave Foodbank(Sheffield), South Liverpool Foodbank, Cardiff Foodbank &nbsp;Aston and Nechells Foodbank (Birmingham), Falkirk Foodbank , Belfast West Foodbank , Leeds South and East Foodbank, North Bristol Foodbank , Dorking Area Foodbank, Blackwood and District Foodbank (Wales)<\/td><\/tr><tr><td>SSAFA Emergency&nbsp; Response Fund (Reino Unido)<\/td><td>50.000<\/td><td>Ayuda a personal vulnerable de las Fuerzas Armadas brit\u00e1nicas<\/td><\/tr><tr><td>Lighthouse Construction Charity (Reino Unido)<\/td><td>50.000<\/td><td>Ayuda a trabajadores de la construcci\u00f3n<\/td><\/tr><tr><td>World Central Kitchen (Espa\u00f1a)<\/td><td>180.000<\/td><td>Alimentos para el reparto de comidas en comedores sociales en Madrid, Barcelona, Valencia y Sevilla<\/td><\/tr><tr><td>World Central Kitchen (Estados Unidos)<\/td><td>185.000<\/td><td>Alimentos para el reparto de comidas en comedores sociales en Washington DC<\/td><\/tr><tr><td>Food Bank (Estados Unidos)<\/td><td>1.000.000<\/td><td>Foundation for Fairfax Public Schools, Virginia Capital Area Food Bank (VA); Houston Food Bank, Tarrant Area Food Bank, West Texas Food Bank , North Texas Food Bank, Central Texas Food Bank, Covid Relief Fund (OneStar Foundation), Central Texas Meals on Wheels, Caritas of Waco (TX); Atlanta Food Bank, Atlanta Meals on Wheels (GA); &nbsp;&nbsp;Kern County Food Bank (CA); Second Harvest, Loaves and Fishes &#8211; Mecklenburg County (NC) Greater Capital Area Food Bank (DC). Denver Food Bank of the Rockies (CO)<\/td><\/tr><tr><td>Techo (Chile)<\/td><td>190.000<\/td><td>Kits de higiene y de alimentaci\u00f3n y comidas para comedores comunitarios.<\/td><\/tr><tr><td>Semente- Voluntarios Lipor (Portugal)<\/td><td>50.000<\/td><td>Apoyo a familias<\/td><\/tr><tr><td>Casa do Misericordia (Portugal)<\/td><td>50.000<\/td><td>Personas con 65 o m\u00e1s a\u00f1os en Porto, Vila Nova de Gaia, Matosinhos, Maia, Valongo e Vila do Conde<\/td><\/tr><tr><td>Acci\u00f3n contra el Hambre (Colombia)<\/td><td>300.000<\/td><td>Entrega de cajas de alimentos y de kits de higiene a familias en Bogot\u00e1 y otras ciudades<\/td><\/tr><tr><td>CESAL (Per\u00fa)<\/td><td>100.000<\/td><td>Reparto de alimentos y kits de higiene a familias en Lima Este<\/td><\/tr><tr><td>Ayuda en Acci\u00f3n (Per\u00fa)<\/td><td>140.000<\/td><td>Reparto de alimentos y kits de higiene y protecci\u00f3n a familias y centros de salud en Callao.<\/td><\/tr><tr><td>Cruz Roja (Polonia)<\/td><td>80.000<\/td><td>Reparto de comida y productos de higiene<\/td><\/tr><\/tbody><\/table><\/figure>\n\n\n\n<p><\/p>\n\n\n\n<h3 class=\"wp-block-heading\"><strong>Donaciones \u00e1mbito de la investigaci\u00f3n<\/strong><\/h3>\n\n\n\n<p>Estamos haciendo un esfuerzo importante en la lucha contra la pandemia, tambi\u00e9n est\u00e1 impulsando la investigaci\u00f3n para el desarrollo de una vacuna contra el coronavirus SARS-CoV-2, causante del COVID-19. En este sentido, hemos donado 500.000 euros a la Universidad de Oxford, que est\u00e1 llevando a cabo uno de los proyectos m\u00e1s avanzados en el desarrollo de una vacuna. Tambi\u00e9n ha destinado otros 250.000 euros para los dos proyectos de vacunas del Centro Nacional de Biotecnolog\u00eda, que forma parte del Consejo Superior de Investigaciones Cient\u00edficas (CSIC) y 150.000 a Baylor College of Medicine, de Texas, Estados Unidos, que trabaja en el desarrollo de una vacuna para modificar las prote\u00ednas del virus.<\/p>\n\n\n\n<figure class=\"wp-block-table\"><table><tbody><tr><td><strong>Entidad<\/strong><\/td><td><strong>Monto (Euros)<\/strong><\/td><td><strong>Proyecto<\/strong><\/td><\/tr><tr><td>Centro Nacional de Biotecnolog\u00eda (CSIC) (Espa\u00f1a)<\/td><td>250.000<\/td><td>Investigaci\u00f3n para el desarrollo de dos potenciales vacunas<\/td><\/tr><tr><td>Oxford University (Reino Unido)<\/td><td>500.000<\/td><td>Investigaci\u00f3n para el desarrollo de vacuna<\/td><\/tr><tr><td>Baylor College of Medicine (Houston. Estados Unidos)<\/td><td>150.000<\/td><td>Investigaci\u00f3n para el desarrollo de una vacuna<\/td><\/tr><\/tbody><\/table><\/figure>\n\n\n\n<p><\/p>\n\n\n\n<h3 class=\"wp-block-heading\"><a href=\"https:\/\/newsroom.ferrovial.com\/es\/notas_prensa\/ferrovial-juntos-covid19-dona-8-millones\/\" class=\"ek-link\">Acceder a la nota de prensa aqu\u00ed.<\/a><\/h3>\n<\/div><\/m-wysiwig>\n\n\n\n<m-accordion class=\"wp-block-components-accordion\"><div slot=\"title\"><h3>\u00bfC\u00f3mo acreditar la donaci\u00f3n en la Renta de 2021?<\/h3><\/div>\n<div slot=\"item\" class=\"wp-block-components-accordion-item\"><div class=\"m-accordion__item\"><h4>Proceso para acreditar la donaci\u00f3n<c-icon icon=\"arrow\" size=\"m\"><\/c-icon><\/h4><\/div><div class=\"m-accordion__content\">\n<m-wysiwig class=\"wp-block-components-wysiwyg\"><div slot=\"maincontent\">\n<p>Si el donante del Fondo Ferrovial Juntos COVID-19 desea aplicar la deducci\u00f3n por donativos aplicable en el IRPF deber\u00e1 enviar a la cuenta de correo <a href=\"mailto:juntoscovid19@ferrovial.com\">juntoscovid19@ferrovial.com<\/a>: <\/p>\n\n\n\n<ul class=\"wp-block-list\">\n<li>Nombre y apellidos<\/li>\n\n\n\n<li>DNI<\/li>\n\n\n\n<li>Domicilio <\/li>\n\n\n\n<li>Justificante de la trasferencia de la donaci\u00f3n. <\/li>\n<\/ul>\n\n\n\n<p>El donante debe a\u00f1adir la autorizaci\u00f3n a Ferrovial para que comunique sus datos a la entidad beneficiaria a los \u00fanicos efectos de que expida la certificaci\u00f3n justificativa y necesaria para la pr\u00e1ctica de la deducci\u00f3n. Para poder proceder al tratamiento de sus datos con la finalidad de obtenci\u00f3n de su certificado, es necesario que en el correo que nos remita con sus datos identificativos, incluya la frase:<\/p>\n\n\n\n<p>\u201c<strong>Consiento en el tratamiento y cesi\u00f3n de mis datos para la obtenci\u00f3n del certificado en base a la siguiente Pol\u00edtica de Privacidad<\/strong>&#171;.<\/p>\n\n\n\n<p><a href=\"https:\/\/static.ferrovial.com\/wp-content\/uploads\/2020\/04\/13125132\/ferrovial-juntos-covid-19_-clausula-informativa-web-1.pdf\">Acceder a la cl\u00e1usula informativa de la Pol\u00edtica de Privacidad del Fondo &#171;Juntos Ferrovial COVID-19&#187; aqu\u00ed. <\/a><\/p>\n<\/div><\/m-wysiwig>\n<\/div><\/div>\n\n\n\n<div slot=\"item\" class=\"wp-block-components-accordion-item\"><div class=\"m-accordion__item\"><h4>Especificaciones para Espa\u00f1a<c-icon icon=\"arrow\" size=\"m\"><\/c-icon><\/h4><\/div><div class=\"m-accordion__content\">\n<m-wysiwig class=\"wp-block-components-wysiwyg\"><div slot=\"maincontent\">\n<p>Los donativos realizados a entidades incluidas en el \u00e1mbito de la Ley 49\/2002, de 23 de diciembre, de r\u00e9gimen fiscal de las entidades sin fines lucrativos y de los incentivos fiscales al mecenazgo, otorgan el derecho a los donantes a deducir de la cuota \u00edntegra de su IRPF el resultado de aplicar al importe del conjunto de donativos, donaciones y aportaciones con derecho a deducci\u00f3n, la siguiente escala: un 75% de deducci\u00f3n sobre los primeros 150 euros y un 30% sobre el resto del importe donado [1] con el l\u00edmite del 10% de su base liquidable del ejercicio<\/p>\n\n\n\n<p>[1] Si en los dos per\u00edodos impositivos inmediatos anteriores se hubieran realizado donativos, donaciones o aportaciones con derecho a deducci\u00f3n en favor de una misma entidad por importe igual o superior, en cada uno de ellos, al del ejercicio anterior, el porcentaje de deducci\u00f3n aplicable a la base de la deducci\u00f3n en favor de esa misma entidad que exceda de 150 euros, ser\u00e1 el 35 por 100.<\/p>\n<\/div><\/m-wysiwig>\n\n\n\n<m-wysiwig class=\"wp-block-components-wysiwyg\"><div slot=\"maincontent\">\n<p><\/p>\n<\/div><\/m-wysiwig>\n<\/div><\/div>\n\n\n\n<div slot=\"item\" class=\"wp-block-components-accordion-item\"><div class=\"m-accordion__item\"><h4>Especificaciones para Chile<c-icon icon=\"arrow\" size=\"m\"><\/c-icon><\/h4><\/div><div class=\"m-accordion__content\">\n<m-wysiwig class=\"wp-block-components-wysiwyg\"><div slot=\"maincontent\">\n<p><strong>Impuesto sobre Sociedades <\/strong>&#8211; Las donaciones hechas por empresas chilenas pueden deducirse de los ingresos brutos, siempre que se realicen a  instituciones establecidas por ciertas leyes (es decir,  instituciones educativas de primaria y secundaria, universidades, instituciones de educaci\u00f3n profesional o t\u00e9cnica, Cuerpo Nacional de Bomberos, Fondo Nacional de Solidaridad, etc.).  En caso de donaciones, la deducci\u00f3n fiscal anual total para este prop\u00f3sito es limitada, ya que la cantidad deducible no puede exceder el 5% de los ingresos imponibles netos de la compa\u00f1\u00eda.<br>En cuanto a Impuesto sobre la renta personal, en Chile, actualmente no hay deducciones fiscales espec\u00edficas de las donaciones para individuos.<\/p>\n<\/div><\/m-wysiwig>\n<\/div><\/div>\n\n\n\n<div slot=\"item\" class=\"wp-block-components-accordion-item\"><div class=\"m-accordion__item\"><h4>Especificaciones para Portugal<c-icon icon=\"arrow\" size=\"m\"><\/c-icon><\/h4><\/div><div class=\"m-accordion__content\">\n<m-wysiwig class=\"wp-block-components-wysiwyg\"><div slot=\"maincontent\">\n<p>Las donaciones realizadas por empleados portugueses de Ferrovial u otras personas podr\u00e1n deducirse del Impuesto sobre la renta f\u00edsica en una cantidad correspondiente al 25% de la cantidad asignada, hasta un l\u00edmite del 15% de la renta imponible total. Para aplicar esta deducci\u00f3n a benefactores individuales, Ferrovial deber\u00eda poder obtener de las entidades beneficiarias los recibos correspondientes con la identificaci\u00f3n del benefactores.<\/p>\n<\/div><\/m-wysiwig>\n<\/div><\/div>\n<\/m-accordion>\n\n\n\n<p><\/p>\n\n\n\n    <m-distributor-basic bgimg='https:\/\/static.ferrovial.com\/wp-content\/uploads\/2020\/04\/13125203\/covid19-ferrovial-servicios-ambulancias-2-1760x1080.jpg'>\n                        <h3 slot=\"title\">\n                    Juntos contra COVID-19                <\/h3>\n                                <p slot=\"text\">\n                    Descubre nuestras actividades contra la pandemia.                <\/p>\n                                    <c-button slot='cta' type='primary' disabled='false' href='#'>\n                        <span>Accede a toda la informaci\u00f3n<\/span>\n                                        <\/c-button>\n                    \n        \n\n    <\/m-distributor-basic>\n    ","protected":false},"excerpt":{"rendered":"","protected":false},"featured_media":0,"parent":0,"menu_order":0,"comment_status":"closed","ping_status":"closed","template":"","meta":{"_acf_changed":false,"footnotes":""},"class_list":["post-161632","page","type-page","status-publish","hentry"],"acf":[],"yoast_head":"<!-- This site is optimized with the Yoast SEO plugin v27.2 - https:\/\/yoast.com\/product\/yoast-seo-wordpress\/ -->\n<title>Ferrovial Juntos COVID-19 - Ferrovial<\/title>\n<meta name=\"description\" content=\"Welcome to the Ferrovial&#039;s website, global operator of sustainable infrastructure. Here you can find all the information about the company and subsidiaries.\" \/>\n<meta name=\"robots\" content=\"index, follow, max-snippet:-1, max-image-preview:large, max-video-preview:-1\" \/>\n<link rel=\"canonical\" href=\"https:\/\/www.ferrovial.com\/es\/como-colaborar-con-el-fondo-ferrovial-juntos-covid-19\/\" \/>\n<meta property=\"og:locale\" content=\"es_ES\" \/>\n<meta property=\"og:type\" content=\"article\" \/>\n<meta property=\"og:title\" content=\"Ferrovial Juntos COVID-19 - Ferrovial\" \/>\n<meta property=\"og:description\" content=\"Welcome to the Ferrovial&#039;s website, global operator of sustainable infrastructure. Here you can find all the information about the company and subsidiaries.\" \/>\n<meta property=\"og:url\" content=\"https:\/\/www.ferrovial.com\/es\/como-colaborar-con-el-fondo-ferrovial-juntos-covid-19\/\" \/>\n<meta property=\"og:site_name\" content=\"Ferrovial\" \/>\n<meta property=\"article:publisher\" content=\"https:\/\/www.facebook.com\/ferrovial\" \/>\n<meta property=\"article:modified_time\" content=\"2024-12-16T18:07:50+00:00\" \/>\n<meta name=\"twitter:card\" content=\"summary_large_image\" \/>\n<meta name=\"twitter:site\" content=\"@ferrovial\" \/>\n<meta name=\"twitter:label1\" content=\"Est. reading time\" \/>\n\t<meta name=\"twitter:data1\" content=\"8 minutos\" \/>\n<!-- \/ Yoast SEO plugin. -->","yoast_head_json":{"title":"Ferrovial Juntos COVID-19 - Ferrovial","description":"Welcome to the Ferrovial's website, global operator of sustainable infrastructure. Here you can find all the information about the company and subsidiaries.","robots":{"index":"index","follow":"follow","max-snippet":"max-snippet:-1","max-image-preview":"max-image-preview:large","max-video-preview":"max-video-preview:-1"},"canonical":"https:\/\/www.ferrovial.com\/es\/como-colaborar-con-el-fondo-ferrovial-juntos-covid-19\/","og_locale":"es_ES","og_type":"article","og_title":"Ferrovial Juntos COVID-19 - Ferrovial","og_description":"Welcome to the Ferrovial's website, global operator of sustainable infrastructure. Here you can find all the information about the company and subsidiaries.","og_url":"https:\/\/www.ferrovial.com\/es\/como-colaborar-con-el-fondo-ferrovial-juntos-covid-19\/","og_site_name":"Ferrovial","article_publisher":"https:\/\/www.facebook.com\/ferrovial","article_modified_time":"2024-12-16T18:07:50+00:00","twitter_card":"summary_large_image","twitter_site":"@ferrovial","twitter_misc":{"Est. reading time":"8 minutos"},"schema":{"@context":"https:\/\/schema.org","@graph":[{"@type":"WebPage","@id":"https:\/\/www.ferrovial.com\/es\/como-colaborar-con-el-fondo-ferrovial-juntos-covid-19\/","url":"https:\/\/www.ferrovial.com\/es\/como-colaborar-con-el-fondo-ferrovial-juntos-covid-19\/","name":"Ferrovial Juntos COVID-19 - Ferrovial","isPartOf":{"@id":"https:\/\/www.ferrovial.com\/es\/#website"},"datePublished":"2020-04-03T15:00:20+00:00","dateModified":"2024-12-16T18:07:50+00:00","description":"Welcome to the Ferrovial's website, global operator of sustainable infrastructure. Here you can find all the information about the company and subsidiaries.","breadcrumb":{"@id":"https:\/\/www.ferrovial.com\/es\/como-colaborar-con-el-fondo-ferrovial-juntos-covid-19\/#breadcrumb"},"inLanguage":"es","potentialAction":[{"@type":"ReadAction","target":["https:\/\/www.ferrovial.com\/es\/como-colaborar-con-el-fondo-ferrovial-juntos-covid-19\/"]}]},{"@type":"BreadcrumbList","@id":"https:\/\/www.ferrovial.com\/es\/como-colaborar-con-el-fondo-ferrovial-juntos-covid-19\/#breadcrumb","itemListElement":[{"@type":"ListItem","position":1,"name":"Portada","item":"https:\/\/www.ferrovial.com\/es\/"},{"@type":"ListItem","position":2,"name":"Ferrovial Juntos COVID-19"}]},{"@type":"WebSite","@id":"https:\/\/www.ferrovial.com\/es\/#website","url":"https:\/\/www.ferrovial.com\/es\/","name":"Ferrovial","description":"Welcome to the Ferrovial&#039;s website, global operator of sustainable infrastructure. Here you can find all the information about the company and subsidiaries.","publisher":{"@id":"https:\/\/www.ferrovial.com\/es\/#organization"},"potentialAction":[{"@type":"SearchAction","target":{"@type":"EntryPoint","urlTemplate":"https:\/\/www.ferrovial.com\/es\/?s={search_term_string}"},"query-input":{"@type":"PropertyValueSpecification","valueRequired":true,"valueName":"search_term_string"}}],"inLanguage":"es"},{"@type":"Organization","@id":"https:\/\/www.ferrovial.com\/es\/#organization","name":"Ferrovial S.A.","url":"https:\/\/www.ferrovial.com\/es\/","logo":{"@type":"ImageObject","inLanguage":"es","@id":"https:\/\/www.ferrovial.com\/es\/#\/schema\/logo\/image\/","url":"https:\/\/static.ferrovial.com\/wp-content\/uploads\/2020\/01\/13124948\/logo-ferrovial-cf7.png","contentUrl":"https:\/\/static.ferrovial.com\/wp-content\/uploads\/2020\/01\/13124948\/logo-ferrovial-cf7.png","width":144,"height":32,"caption":"Ferrovial S.A."},"image":{"@id":"https:\/\/www.ferrovial.com\/es\/#\/schema\/logo\/image\/"},"sameAs":["https:\/\/www.facebook.com\/ferrovial","https:\/\/x.com\/ferrovial","https:\/\/www.instagram.com\/ferrovial\/","https:\/\/www.linkedin.com\/company\/ferrovial","https:\/\/www.pinterest.es\/ferrovial\/","https:\/\/www.youtube.com\/ferrovial","https:\/\/en.wikipedia.org\/wiki\/Ferrovial"]}]}},"_links":{"self":[{"href":"https:\/\/www.ferrovial.com\/es\/wp-json\/wp\/v2\/pages\/161632","targetHints":{"allow":["GET"]}}],"collection":[{"href":"https:\/\/www.ferrovial.com\/es\/wp-json\/wp\/v2\/pages"}],"about":[{"href":"https:\/\/www.ferrovial.com\/es\/wp-json\/wp\/v2\/types\/page"}],"replies":[{"embeddable":true,"href":"https:\/\/www.ferrovial.com\/es\/wp-json\/wp\/v2\/comments?post=161632"}],"version-history":[{"count":2,"href":"https:\/\/www.ferrovial.com\/es\/wp-json\/wp\/v2\/pages\/161632\/revisions"}],"predecessor-version":[{"id":296162,"href":"https:\/\/www.ferrovial.com\/es\/wp-json\/wp\/v2\/pages\/161632\/revisions\/296162"}],"wp:attachment":[{"href":"https:\/\/www.ferrovial.com\/es\/wp-json\/wp\/v2\/media?parent=161632"}],"curies":[{"name":"wp","href":"https:\/\/api.w.org\/{rel}","templated":true}]}}