{"id":161972,"date":"2020-04-14T12:55:06","date_gmt":"2020-04-14T10:55:06","guid":{"rendered":"https:\/\/www.ferrovial.com\/?page_id=161972"},"modified":"2021-11-18T16:05:56","modified_gmt":"2021-11-18T15:05:56","slug":"concurso-urbanpeek-at-home","status":"publish","type":"page","link":"https:\/\/www.ferrovial.com\/es\/concurso-urbanpeek-at-home\/","title":{"rendered":"Concurso Urbanpeek at Home"},"content":{"rendered":"    <m-hero type='single' :translations='{\n        &quot;play&quot;:&quot;Reproducir v\u00eddeo de fondo&quot;,\n        &quot;pause&quot;:&quot;Pausar v\u00eddeo de fondo&quot;,\n        &quot;prev&quot;:&quot;Anterior&quot;,\n        &quot;next&quot;:&quot;Siguiente&quot;,\n        &quot;paginationseparator&quot;:&quot;de&quot;,\n        &quot;goto&quot;:&quot;Ir al slide&quot;,\n        &quot;external&quot;:&quot;Abrir una nueva ventana&quot;\n    }'>\n            <c-breadcrumb label-text=\"Breadcrumb\" slot=\"breadcrumbs\" type='1' align='left left' wrap='wrapped wrapped'>\n                        <ol>\n\n                                                            <li><a href=\"https:\/\/www.ferrovial.com\/es\/\" title=\"Ferrovial\">Ferrovial<\/a><\/li>\n                                    \n                <\/ol>\n\n                <\/c-breadcrumb>\n    \n                        <div slot=\"carouselItem\">\n                            <c-background-image>\n                                <picture>\n                                                                            <source media=\"(max-width: 667px)\" srcset=\"https:\/\/static.ferrovial.com\/wp-content\/uploads\/2020\/04\/13125103\/urbanpeekathome-terraza-andriyko-podilnyk-600x800.jpg\">\n                                                                                                                <source media=\"(max-width: 1023px)\" srcset=\"https:\/\/static.ferrovial.com\/wp-content\/uploads\/2020\/04\/13125103\/urbanpeekathome-terraza-andriyko-podilnyk-1280x720.jpg\">\n                                    \n                                    <img decoding=\"async\" src=\"https:\/\/static.ferrovial.com\/wp-content\/uploads\/2020\/04\/13125103\/urbanpeekathome-terraza-andriyko-podilnyk-1920x1080.jpg\" alt=\"\" style=\"object-position: center center;\">\n                                <\/picture>\n                            <\/c-background-image>\n                        <\/div>        <section slot=\"hero\">\n            <article>\n                                        <h1>#UrbanPeekAtHome<\/h1>\n                                                <p>Descripci\u00f3n por defecto<\/p>\n                                    <\/article>\n        <\/section>\n    <\/m-hero>\n\n    \n\n\n<m-wysiwig class=\"wp-block-components-wysiwyg\"><div slot=\"maincontent\">    <p class=\"intro\">M\u00e1s de 1000 fotograf\u00edas han participado este a\u00f1o la edici\u00f3n \u201cdesde casa\u201d de #UrbanPeekAtHome. Este a\u00f1o el ganador es esta fotograf\u00eda de Gipive. Gracias a todos por compartir vuestro talento, creatividad y arte con nosotros. <\/p>\n    \n\n\n<figure class=\"wp-block-image size-large\"><img v-lazy=\"'https:\/\/static.ferrovial.com\/wp-content\/uploads\/2020\/05\/13124731\/winner-gipive-httpswww-instagram-compb_iq2nkk98l-819x1024.jpg'\" alt=\"winner #UrbanPeekAtHome - gipive httpswww.instagram.compB_iq2nkK98l\" class=\"wp-image-167372\"\/><\/figure>\n<\/div><\/m-wysiwig>\n\n\n\n    <m-distributor-basic bgimg='https:\/\/static.ferrovial.com\/wp-content\/uploads\/2020\/05\/13124725\/ferrovial_urbanpeek_mosaico-1920x1080.jpg'>\n                        <h2 slot=\"label\">\n                    #UrbanPeekAtHome                <\/h2>\n                                <h3 slot=\"title\">\n                    Galer\u00eda de los finalistas del concurso                <\/h3>\n                                <p slot=\"text\">\n                    Compartimos las 50 mejores fotograf\u00edas del concurso en Instagram #UrbanPeekAtHome                <\/p>\n                                    <c-button slot='cta' type='primary' disabled='false' href='https:\/\/newsroom.ferrovial.com\/es\/noticias\/los-50-finalistas-del-concurso-de-fotografia-en-instagram-urbanpeekathome\/' target='_blank' sr-only='Abrir en una nueva pesta\u00f1a' icon='true'>\n                        <span>Accede a la galer\u00eda aqu\u00ed<\/span>\n                                            <c-icon icon=\"external\" size=\"s\">\n                        <\/c-icon>\n                                        <\/c-button>\n                    \n        \n\n    <\/m-distributor-basic>\n    \n\n\n<m-wysiwig class=\"wp-block-components-wysiwyg\"><div slot=\"maincontent\">\n<h2 class=\"wp-block-heading\">\u00bfQu\u00e9 es #UrbanPeek?<\/h2>\n\n\n\n<p>#<a href=\"https:\/\/www.instagram.com\/explore\/tags\/urbanpeek\/\" class=\"ek-link\">UrbanPeek <\/a>es un concurso referencia de fotograf\u00eda urbana en Instagram que organizamos con Instagramers. Ya hay m\u00e1s de 15.000 participaciones con el hashtag. <\/p>\n\n\n\n<p>Este a\u00f1o, con motivo de la situaci\u00f3n excepcional que vivimos, queremos motivar el talento de los usuarios y lanzar la edici\u00f3n desde casa. Buscamos fotograf\u00edas urbanas, creativas y art\u00edsticas, que llenen Instagram de talento. <\/p>\n\n\n\n<p>Entre todos los participantes, elegiremos a 50 finalistas, cuyas fotos publicaremos en una galer\u00eda virtual. De todas ellas, habr\u00e1 un ganador. El premio ser\u00e1 social, una aportaci\u00f3n de Ferrovial para apoyar la lucha contra el COVID19.<\/p>\n\n\n\n<figure class=\"wp-block-image\"><img v-lazy=\"'https:\/\/static.ferrovial.com\/wp-content\/uploads\/2020\/04\/13125105\/urbanpeekhome_logo-1024x576.png'\" alt=\"\" class=\"wp-image-162001\"\/><\/figure>\n\n\n\n<h2 class=\"wp-block-heading\"><em>Concurso cerrado<\/em><\/h2>\n\n\n\n<h3 class=\"wp-block-heading\">\u00bfC\u00f3mo puedes participar?<\/h3>\n\n\n\n<ul class=\"wp-block-list\"><li> Comparte, en tu <strong>perfil de Instagram, fotos urbanas utilizando el hashtag #UrbanPeekAtHome. <\/strong><\/li><li>Prepararemos una <strong>galer\u00eda virtual <\/strong>con las 50 mejores fotos. De todas ellas saldr\u00e1 el ganador. <\/li><li>El&nbsp;<strong>premio ser\u00e1 social<\/strong>: La compa\u00f1\u00eda donar\u00e1 1.000\u20ac como parte de su fondo \u00ab<a href=\"https:\/\/www.ferrovial.com\/es\/como-colaborar-con-el-fondo-ferrovial-juntos-covid-19\/\">Ferrovial Juntos COVID-19<\/a>\u00bb. El ganador podr\u00e1 elegir entre los tres siguientes proyectos entre los que Ferrovial est\u00e1 colaborando:&nbsp; <ul><li> Equipamiento a hospitales <\/li><li>Centros de investigaci\u00f3n<\/li><li>Apoyo a colectivos vulnerables<\/li><\/ul><\/li><li> El reto es hacer las fotos desde casa, as\u00ed que<strong> se premiar\u00e1 la creatividad de los participantes<\/strong>. Recuerda, #qu\u00e9dateencasa.<\/li><\/ul>\n\n\n\n<p><a href=\"https:\/\/static.ferrovial.com\/wp-content\/uploads\/2020\/05\/13124834\/bases-urbanpeekathome-esp-ampliacion.pdf\">Consulta las bases legales aqu\u00ed.<\/a><\/p>\n\n\n\n<h2 class=\"wp-block-heading\">Ediciones anteriores<\/h2>\n\n\n\n<p>Para inspiraros, compartimos las fotos ganadoras de las dos ediciones anteriores:<\/p>\n<\/div><\/m-wysiwig>\n\n\n    <m-gallery :translations='{\n        &quot;prev&quot;:&quot;Anterior&quot;,\n        &quot;next&quot;:&quot;Siguiente&quot;,\n        &quot;paginationseparator&quot;:&quot;de&quot;,\n        &quot;close&quot;:&quot;Cerrar&quot;\n    }' class='gutenberg'>\n\n    <div slot=\"header\">\n                    <p>Descripci\u00f3n por defecto<\/p>\n                <\/div>\n\n                    <div slot=\"carouselItem\" v-lazy:background-image=\"'https:\/\/static.ferrovial.com\/wp-content\/uploads\/2020\/04\/13125108\/stopderoc-1280x720.jpg'\">\n                                            <p>1era edici\u00f3n (2016). Foto de Stopderoc<\/p>\n                                        <\/div>\n                                <div slot=\"carouselItem\" v-lazy:background-image=\"'https:\/\/static.ferrovial.com\/wp-content\/uploads\/2020\/04\/13125106\/jump_rrmontero-684x720.jpg'\">\n                                            <p>2da edici\u00f3n (2017). Foto de R.R. Montero<\/p>\n                                        <\/div>\n                                <div slot=\"carouselItem\" v-lazy:background-image=\"'https:\/\/static.ferrovial.com\/wp-content\/uploads\/2020\/04\/13125054\/ganador-urbanpeek-rrmontero-1280x720.jpg'\">\n                                    <\/div>\n                                <div slot=\"carouselItem\" v-lazy:background-image=\"'https:\/\/static.ferrovial.com\/wp-content\/uploads\/2020\/04\/13125101\/francisco-polo-ferrovial-urbanpeek-2.jpg'\">\n                                    <\/div>\n                                <div slot=\"carouselItem\" v-lazy:background-image=\"'https:\/\/static.ferrovial.com\/wp-content\/uploads\/2020\/04\/13125045\/foto-exposicion-urbanpeek-2016-1280x720.jpg'\">\n                                    <\/div>\n                                <div slot=\"carouselItem\" v-lazy:background-image=\"'https:\/\/static.ferrovial.com\/wp-content\/uploads\/2020\/04\/13125047\/finalistas-y-ganador-evento-urbanpeek-2016-2-1280x720.jpg'\">\n                                    <\/div>\n                                <div slot=\"carouselItem\" v-lazy:background-image=\"'https:\/\/static.ferrovial.com\/wp-content\/uploads\/2020\/04\/13125048\/urbanpeek-foto-1280x720.jpg'\">\n                                    <\/div>\n                                <div slot=\"modalItem\">\n                    <img v-lazy=\"'https:\/\/static.ferrovial.com\/wp-content\/uploads\/2020\/04\/13125108\/stopderoc-1280x720.jpg'\" alt=\"\" hidden\/>\n                <\/div>\n                                <div slot=\"modalItem\">\n                    <img v-lazy=\"'https:\/\/static.ferrovial.com\/wp-content\/uploads\/2020\/04\/13125106\/jump_rrmontero-684x720.jpg'\" alt=\"\" hidden\/>\n                <\/div>\n                                <div slot=\"modalItem\">\n                    <img v-lazy=\"'https:\/\/static.ferrovial.com\/wp-content\/uploads\/2020\/04\/13125054\/ganador-urbanpeek-rrmontero-1280x720.jpg'\" alt=\"\" hidden\/>\n                <\/div>\n                                <div slot=\"modalItem\">\n                    <img v-lazy=\"'https:\/\/static.ferrovial.com\/wp-content\/uploads\/2020\/04\/13125101\/francisco-polo-ferrovial-urbanpeek-2.jpg'\" alt=\"\" hidden\/>\n                <\/div>\n                                <div slot=\"modalItem\">\n                    <img v-lazy=\"'https:\/\/static.ferrovial.com\/wp-content\/uploads\/2020\/04\/13125045\/foto-exposicion-urbanpeek-2016-1280x720.jpg'\" alt=\"\" hidden\/>\n                <\/div>\n                                <div slot=\"modalItem\">\n                    <img v-lazy=\"'https:\/\/static.ferrovial.com\/wp-content\/uploads\/2020\/04\/13125047\/finalistas-y-ganador-evento-urbanpeek-2016-2-1280x720.jpg'\" alt=\"\" hidden\/>\n                <\/div>\n                                <div slot=\"modalItem\">\n                    <img v-lazy=\"'https:\/\/static.ferrovial.com\/wp-content\/uploads\/2020\/04\/13125048\/urbanpeek-foto-1280x720.jpg'\" alt=\"\" hidden\/>\n                <\/div>\n                    <\/m-gallery>\n\n    ","protected":false},"excerpt":{"rendered":"","protected":false},"featured_media":0,"parent":0,"menu_order":0,"comment_status":"closed","ping_status":"closed","template":"","meta":{"_acf_changed":false,"footnotes":""},"class_list":["post-161972","page","type-page","status-publish","hentry"],"acf":[],"yoast_head":"<!-- This site is optimized with the Yoast SEO plugin v27.2 - https:\/\/yoast.com\/product\/yoast-seo-wordpress\/ -->\n<title>Concurso Urbanpeek at Home - Ferrovial<\/title>\n<meta name=\"description\" content=\"Welcome to the Ferrovial&#039;s website, global operator of sustainable infrastructure. Here you can find all the information about the company and subsidiaries.\" \/>\n<meta name=\"robots\" content=\"index, follow, max-snippet:-1, max-image-preview:large, max-video-preview:-1\" \/>\n<link rel=\"canonical\" href=\"https:\/\/www.ferrovial.com\/es\/concurso-urbanpeek-at-home\/\" \/>\n<meta property=\"og:locale\" content=\"es_ES\" \/>\n<meta property=\"og:type\" content=\"article\" \/>\n<meta property=\"og:title\" content=\"Concurso Urbanpeek at Home - Ferrovial\" \/>\n<meta property=\"og:description\" content=\"Welcome to the Ferrovial&#039;s website, global operator of sustainable infrastructure. Here you can find all the information about the company and subsidiaries.\" \/>\n<meta property=\"og:url\" content=\"https:\/\/www.ferrovial.com\/es\/concurso-urbanpeek-at-home\/\" \/>\n<meta property=\"og:site_name\" content=\"Ferrovial\" \/>\n<meta property=\"article:publisher\" content=\"https:\/\/www.facebook.com\/ferrovial\" \/>\n<meta property=\"article:modified_time\" content=\"2021-11-18T15:05:56+00:00\" \/>\n<meta property=\"og:image\" content=\"https:\/\/www.ferrovial.com\/wp-content\/uploads\/2020\/05\/winner-gipive-httpswww-instagram-compb_iq2nkk98l-819x1024.jpg\" \/>\n<meta name=\"twitter:card\" content=\"summary_large_image\" \/>\n<meta name=\"twitter:site\" content=\"@ferrovial\" \/>\n<meta name=\"twitter:label1\" content=\"Est. reading time\" \/>\n\t<meta name=\"twitter:data1\" content=\"2 minutos\" \/>\n<!-- \/ Yoast SEO plugin. -->","yoast_head_json":{"title":"Concurso Urbanpeek at Home - Ferrovial","description":"Welcome to the Ferrovial's website, global operator of sustainable infrastructure. Here you can find all the information about the company and subsidiaries.","robots":{"index":"index","follow":"follow","max-snippet":"max-snippet:-1","max-image-preview":"max-image-preview:large","max-video-preview":"max-video-preview:-1"},"canonical":"https:\/\/www.ferrovial.com\/es\/concurso-urbanpeek-at-home\/","og_locale":"es_ES","og_type":"article","og_title":"Concurso Urbanpeek at Home - Ferrovial","og_description":"Welcome to the Ferrovial's website, global operator of sustainable infrastructure. Here you can find all the information about the company and subsidiaries.","og_url":"https:\/\/www.ferrovial.com\/es\/concurso-urbanpeek-at-home\/","og_site_name":"Ferrovial","article_publisher":"https:\/\/www.facebook.com\/ferrovial","article_modified_time":"2021-11-18T15:05:56+00:00","og_image":[{"url":"https:\/\/www.ferrovial.com\/wp-content\/uploads\/2020\/05\/winner-gipive-httpswww-instagram-compb_iq2nkk98l-819x1024.jpg","type":"","width":"","height":""}],"twitter_card":"summary_large_image","twitter_site":"@ferrovial","twitter_misc":{"Est. reading time":"2 minutos"},"schema":{"@context":"https:\/\/schema.org","@graph":[{"@type":"WebPage","@id":"https:\/\/www.ferrovial.com\/es\/concurso-urbanpeek-at-home\/","url":"https:\/\/www.ferrovial.com\/es\/concurso-urbanpeek-at-home\/","name":"Concurso Urbanpeek at Home - Ferrovial","isPartOf":{"@id":"https:\/\/www.ferrovial.com\/es\/#website"},"primaryImageOfPage":{"@id":"https:\/\/www.ferrovial.com\/es\/concurso-urbanpeek-at-home\/#primaryimage"},"image":{"@id":"https:\/\/www.ferrovial.com\/es\/concurso-urbanpeek-at-home\/#primaryimage"},"thumbnailUrl":"https:\/\/www.ferrovial.com\/wp-content\/uploads\/2020\/05\/winner-gipive-httpswww-instagram-compb_iq2nkk98l-819x1024.jpg","datePublished":"2020-04-14T10:55:06+00:00","dateModified":"2021-11-18T15:05:56+00:00","description":"Welcome to the Ferrovial's website, global operator of sustainable infrastructure. Here you can find all the information about the company and subsidiaries.","breadcrumb":{"@id":"https:\/\/www.ferrovial.com\/es\/concurso-urbanpeek-at-home\/#breadcrumb"},"inLanguage":"es","potentialAction":[{"@type":"ReadAction","target":["https:\/\/www.ferrovial.com\/es\/concurso-urbanpeek-at-home\/"]}]},{"@type":"ImageObject","inLanguage":"es","@id":"https:\/\/www.ferrovial.com\/es\/concurso-urbanpeek-at-home\/#primaryimage","url":"https:\/\/www.ferrovial.com\/wp-content\/uploads\/2020\/05\/winner-gipive-httpswww-instagram-compb_iq2nkk98l-819x1024.jpg","contentUrl":"https:\/\/www.ferrovial.com\/wp-content\/uploads\/2020\/05\/winner-gipive-httpswww-instagram-compb_iq2nkk98l-819x1024.jpg"},{"@type":"BreadcrumbList","@id":"https:\/\/www.ferrovial.com\/es\/concurso-urbanpeek-at-home\/#breadcrumb","itemListElement":[{"@type":"ListItem","position":1,"name":"Portada","item":"https:\/\/www.ferrovial.com\/es\/"},{"@type":"ListItem","position":2,"name":"Concurso Urbanpeek at Home"}]},{"@type":"WebSite","@id":"https:\/\/www.ferrovial.com\/es\/#website","url":"https:\/\/www.ferrovial.com\/es\/","name":"Ferrovial","description":"Welcome to the Ferrovial&#039;s website, global operator of sustainable infrastructure. Here you can find all the information about the company and subsidiaries.","publisher":{"@id":"https:\/\/www.ferrovial.com\/es\/#organization"},"potentialAction":[{"@type":"SearchAction","target":{"@type":"EntryPoint","urlTemplate":"https:\/\/www.ferrovial.com\/es\/?s={search_term_string}"},"query-input":{"@type":"PropertyValueSpecification","valueRequired":true,"valueName":"search_term_string"}}],"inLanguage":"es"},{"@type":"Organization","@id":"https:\/\/www.ferrovial.com\/es\/#organization","name":"Ferrovial S.A.","url":"https:\/\/www.ferrovial.com\/es\/","logo":{"@type":"ImageObject","inLanguage":"es","@id":"https:\/\/www.ferrovial.com\/es\/#\/schema\/logo\/image\/","url":"https:\/\/static.ferrovial.com\/wp-content\/uploads\/2020\/01\/13124948\/logo-ferrovial-cf7.png","contentUrl":"https:\/\/static.ferrovial.com\/wp-content\/uploads\/2020\/01\/13124948\/logo-ferrovial-cf7.png","width":144,"height":32,"caption":"Ferrovial S.A."},"image":{"@id":"https:\/\/www.ferrovial.com\/es\/#\/schema\/logo\/image\/"},"sameAs":["https:\/\/www.facebook.com\/ferrovial","https:\/\/x.com\/ferrovial","https:\/\/www.instagram.com\/ferrovial\/","https:\/\/www.linkedin.com\/company\/ferrovial","https:\/\/www.pinterest.es\/ferrovial\/","https:\/\/www.youtube.com\/ferrovial","https:\/\/en.wikipedia.org\/wiki\/Ferrovial"]}]}},"_links":{"self":[{"href":"https:\/\/www.ferrovial.com\/es\/wp-json\/wp\/v2\/pages\/161972","targetHints":{"allow":["GET"]}}],"collection":[{"href":"https:\/\/www.ferrovial.com\/es\/wp-json\/wp\/v2\/pages"}],"about":[{"href":"https:\/\/www.ferrovial.com\/es\/wp-json\/wp\/v2\/types\/page"}],"replies":[{"embeddable":true,"href":"https:\/\/www.ferrovial.com\/es\/wp-json\/wp\/v2\/comments?post=161972"}],"version-history":[{"count":3,"href":"https:\/\/www.ferrovial.com\/es\/wp-json\/wp\/v2\/pages\/161972\/revisions"}],"predecessor-version":[{"id":206292,"href":"https:\/\/www.ferrovial.com\/es\/wp-json\/wp\/v2\/pages\/161972\/revisions\/206292"}],"wp:attachment":[{"href":"https:\/\/www.ferrovial.com\/es\/wp-json\/wp\/v2\/media?parent=161972"}],"curies":[{"name":"wp","href":"https:\/\/api.w.org\/{rel}","templated":true}]}}