{"id":168717,"date":"2020-06-04T15:38:30","date_gmt":"2020-06-04T13:38:30","guid":{"rendered":"https:\/\/www.ferrovial.com\/airports-coronavirus\/"},"modified":"2021-04-09T11:24:14","modified_gmt":"2021-04-09T09:24:14","slug":"aeropuertos-coronavirus","status":"publish","type":"page","link":"https:\/\/www.ferrovial.com\/es\/aeropuertos-coronavirus\/","title":{"rendered":"Medidas de los aeropuertos contra COVID-19"},"content":{"rendered":"    <m-hero type='single' :translations='{\n        &quot;play&quot;:&quot;Reproducir v\u00eddeo de fondo&quot;,\n        &quot;pause&quot;:&quot;Pausar v\u00eddeo de fondo&quot;,\n        &quot;prev&quot;:&quot;Anterior&quot;,\n        &quot;next&quot;:&quot;Siguiente&quot;,\n        &quot;paginationseparator&quot;:&quot;de&quot;,\n        &quot;goto&quot;:&quot;Ir al slide&quot;,\n        &quot;external&quot;:&quot;Abrir una nueva ventana&quot;\n    }'>\n            <c-breadcrumb label-text=\"Breadcrumb\" slot=\"breadcrumbs\" type='1' align='left left' wrap='wrapped wrapped'>\n                        <ol>\n\n                                                            <li><a href=\"https:\/\/www.ferrovial.com\/es\/\" title=\"Ferrovial\">Ferrovial<\/a><\/li>\n                                    \n                <\/ol>\n\n                <\/c-breadcrumb>\n    \n                        <div slot=\"carouselItem\">\n                            <c-background-image>\n                                <picture>\n                                                                            <source media=\"(max-width: 667px)\" srcset=\"https:\/\/static.ferrovial.com\/wp-content\/uploads\/2020\/06\/13124557\/airline-windows-600x800.jpg\">\n                                                                                                                <source media=\"(max-width: 1023px)\" srcset=\"https:\/\/static.ferrovial.com\/wp-content\/uploads\/2020\/06\/13124557\/airline-windows-1280x720.jpg\">\n                                    \n                                    <img decoding=\"async\" src=\"https:\/\/static.ferrovial.com\/wp-content\/uploads\/2020\/06\/13124557\/airline-windows.jpg\" alt=\"\" style=\"object-position: center center;\">\n                                <\/picture>\n                            <\/c-background-image>\n                        <\/div>        <section slot=\"hero\">\n            <article>\n                                        <h1>Medidas de los aeropuertos contra COVID-19<\/h1>\n                                                <p>Descripci\u00f3n por defecto<\/p>\n                                    <\/article>\n        <\/section>\n    <\/m-hero>\n\n    \n\n\n<m-wysiwig class=\"wp-block-components-wysiwyg\"><div slot=\"maincontent\">\n<h2 class=\"wp-block-heading\"><strong>Un transporte a\u00e9reo m\u00e1s seguro para todos<\/strong><\/h2>\n\n\n\n<p>En \u00e9pocas de cambio, siempre surgen nuevas formas de hacer las cosas. La pandemia que sacude actualmente al planeta ha obligado al sector aeroportuario a replantearse la forma en la que opera. Si bien todav\u00eda no conocemos el impacto que podr\u00e1n tener estos cambios, estamos seguros de que <strong>permitir\u00e1n mejorar la experiencia en los aeropuertos de todo el mundo<\/strong>. <\/p>\n\n\n\n<p>La confianza y la seguridad de los pasajeros son factores clave para el \u00e9xito de los aeropuertos. En este sentido, la implementaci\u00f3n de <strong>tecnolog\u00eda espec\u00edfica y Big Data<\/strong> se est\u00e1n revelando ya como herramientas muy \u00fatiles que ayudan, no s\u00f3lo a cumplir con la normativa en materia de seguridad sanitaria, sino tambi\u00e9n a hacer mucho m\u00e1s eficiente la gesti\u00f3n y funcionamiento de cualquier terminal. La capacidad de un aeropuerto de predecir y medir el desplazamiento de los pasajeros, su densidad o conocer cu\u00e1ndo y c\u00f3mo llegan, nos permitir\u00e1 <strong>administrar el flujo y la distribuci\u00f3n de los viajeros de manera m\u00e1s eficiente<\/strong>.<\/p>\n\n\n\n<p>Veremos avances relacionados con la <strong>inteligencia predictiva y los sistemas de monitorizaci\u00f3n<\/strong> de la ocupaci\u00f3n de los espacios en las terminales de pasajeros, que nos ayudar\u00e1n a realizar nuestro trabajo con mayor solvencia. Otros nuevos proyectos tambi\u00e9n nos permitir\u00e1n agilizar las llegadas y minimizar la congesti\u00f3n mediante la adopci\u00f3n de colas virtuales. Estos nuevos sistemas no s\u00f3lo ofrecer\u00e1n a los pasajeros una mayor tranquilidad, sino que tambi\u00e9n proporcionar\u00e1n a los aeropuertos <strong>datos predictivos que permitir\u00e1n agilizar y simplificar los procesos de facturaci\u00f3n y control de seguridad<\/strong>.<\/p>\n\n\n\n<p>Las<strong> tecnolog\u00edas biom\u00e9tricas<\/strong> tambi\u00e9n aparecen como un elemento de redise\u00f1o importante para mejorar la seguridad, la comodidad y, ahora, tambi\u00e9n la salud de los pasajeros. Nos acostumbraremos a encontrar en los aeropuertos diferentes sistemas de reconocimiento facial, reconocimiento del iris e incluso huellas digitales sin contacto. Otros sistemas relacionados con la agilizaci\u00f3n de los procesos habituales, como el check-in en remoto permitir\u00e1 tambi\u00e9n a los viajeros registrarse y dejar las maletas para su vuelo en diferentes ubicaciones. <\/p>\n\n\n\n<p>En definitiva, nos adentramos en una <strong>nueva era m\u00e1s \u00e1gil, segura y sencilla<\/strong>. La necesidad de limitar la transmisi\u00f3n del virus COVID ha acelerado el proceso de transformaci\u00f3n del sector aeroportuario. <strong>Los aeropuertos no dejan de reinventarse a medida que los pasajeros adoptan nuevas formas de viajar y la tecnolog\u00eda avanza<\/strong>, brind\u00e1ndonos la oportunidad de ofrecer una experiencia de usuario m\u00e1s c\u00f3moda, segura y eficiente.<\/p>\n<\/div><\/m-wysiwig>\n\n\n\n<m-wysiwig class=\"wp-block-components-wysiwyg\"><div slot=\"maincontent\">\n<figure class=\"wp-block-embed is-type-video is-provider-youtube wp-block-embed-youtube wp-embed-aspect-16-9 wp-has-aspect-ratio\"><div class=\"wp-block-embed__wrapper\">\n<iframe loading=\"lazy\" title=\"Interview with Jorge Gil, CEO of Ferrovial Airports\" width=\"500\" height=\"281\" src=\"https:\/\/www.youtube.com\/embed\/DHehepv49Lc?feature=oembed\" frameborder=\"0\" allow=\"accelerometer; autoplay; clipboard-write; encrypted-media; gyroscope; picture-in-picture; web-share\" referrerpolicy=\"strict-origin-when-cross-origin\" allowfullscreen><\/iframe>\n<\/div><\/figure>\n<\/div><\/m-wysiwig>\n\n\n\n    <m-distributor-basic bgimg='https:\/\/static.ferrovial.com\/wp-content\/uploads\/2020\/06\/13124339\/air-pic-aberdeen-aircraft_taking_off_low.jpg'>\n                        <h2 slot=\"label\">\n                    Noticia                <\/h2>\n                                <h3 slot=\"title\">\n                    Introducimos medidas en nuestros aeropuertos para proteger a pasajeros y empleados contra COVID-19                <\/h3>\n                                    <c-button slot='cta' type='primary' disabled='false' href='https:\/\/www.ferrovhttps:\/\/newsroom.ferrovial.com\/es\/noticias\/ags-presenta-medidas-para-proteger-a-pasajeros-y-personal\/' target='_blank' sr-only='Abrir en una nueva pesta\u00f1a' icon='true'>\n                        <span>Medidas AGS<\/span>\n                                            <c-icon icon=\"external\" size=\"s\">\n                        <\/c-icon>\n                                        <\/c-button>\n                                        <c-button slot='cta' type='ghost-color' disabled='false' href='https:\/\/newsroom.ferrovial.com\/es\/noticias\/heathrow-implementa-medidas-para-garantizar-un-entorno-seguro\/' target='_blank' sr-only='Abrir en una nueva pesta\u00f1a' icon='true'>\n                        <span>Medidas Heathrow<\/span>\n                                            <c-icon icon=\"external\" size=\"s\">\n                        <\/c-icon>\n                                        <\/c-button>\n                    \n        \n\n    <\/m-distributor-basic>\n    \n\n    <m-gallery :translations='{\n        &quot;prev&quot;:&quot;Anterior&quot;,\n        &quot;next&quot;:&quot;Siguiente&quot;,\n        &quot;paginationseparator&quot;:&quot;de&quot;,\n        &quot;close&quot;:&quot;Cerrar&quot;\n    }' class='gutenberg'>\n\n    <div slot=\"header\">\n                    <h2>Galer\u00eda de fotos<\/h2>\n                        <p>Descripci\u00f3n por defecto<\/p>\n                <\/div>\n\n                    <div slot=\"carouselItem\" v-lazy:background-image=\"'https:\/\/static.ferrovial.com\/wp-content\/uploads\/2020\/06\/13121827\/ferrovial_heahtrow_terminal-2-22-of-72-1280x720.jpg'\">\n                                    <\/div>\n                                <div slot=\"carouselItem\" v-lazy:background-image=\"'https:\/\/static.ferrovial.com\/wp-content\/uploads\/2020\/06\/13124541\/glacovid_21-1280x720.jpg'\">\n                                    <\/div>\n                                <div slot=\"carouselItem\" v-lazy:background-image=\"'https:\/\/static.ferrovial.com\/wp-content\/uploads\/2020\/06\/13124344\/heathrow_175811915204098-1.jpg'\">\n                                    <\/div>\n                                <div slot=\"carouselItem\" v-lazy:background-image=\"'https:\/\/static.ferrovial.com\/wp-content\/uploads\/2020\/06\/13124348\/asc_7709-1-1280x720.jpg'\">\n                                    <\/div>\n                                <div slot=\"carouselItem\" v-lazy:background-image=\"'https:\/\/static.ferrovial.com\/wp-content\/uploads\/2020\/06\/13124403\/heathrow_175811732690106-1280x720.jpg'\">\n                                    <\/div>\n                                <div slot=\"carouselItem\" v-lazy:background-image=\"'https:\/\/static.ferrovial.com\/wp-content\/uploads\/2020\/06\/13124342\/heathrow_17581153611438.jpg'\">\n                                    <\/div>\n                                <div slot=\"modalItem\">\n                    <img v-lazy=\"'https:\/\/static.ferrovial.com\/wp-content\/uploads\/2020\/06\/13121827\/ferrovial_heahtrow_terminal-2-22-of-72-1280x720.jpg'\" alt=\"heatrhow airport coronavirus measurements\" hidden\/>\n                <\/div>\n                                <div slot=\"modalItem\">\n                    <img v-lazy=\"'https:\/\/static.ferrovial.com\/wp-content\/uploads\/2020\/06\/13124541\/glacovid_21-1280x720.jpg'\" alt=\"Glasgow Airport COVID\" hidden\/>\n                <\/div>\n                                <div slot=\"modalItem\">\n                    <img v-lazy=\"'https:\/\/static.ferrovial.com\/wp-content\/uploads\/2020\/06\/13124344\/heathrow_175811915204098-1.jpg'\" alt=\"heathrow coronavirus measurements\" hidden\/>\n                <\/div>\n                                <div slot=\"modalItem\">\n                    <img v-lazy=\"'https:\/\/static.ferrovial.com\/wp-content\/uploads\/2020\/06\/13124348\/asc_7709-1-1280x720.jpg'\" alt=\"Aberdeen airport coronavirus measurements\" hidden\/>\n                <\/div>\n                                <div slot=\"modalItem\">\n                    <img v-lazy=\"'https:\/\/static.ferrovial.com\/wp-content\/uploads\/2020\/06\/13124403\/heathrow_175811732690106-1280x720.jpg'\" alt=\"heatrhow airport coronavirus measurements\" hidden\/>\n                <\/div>\n                                <div slot=\"modalItem\">\n                    <img v-lazy=\"'https:\/\/static.ferrovial.com\/wp-content\/uploads\/2020\/06\/13124342\/heathrow_17581153611438.jpg'\" alt=\"heathrow coronavirus measurements\" hidden\/>\n                <\/div>\n                    <\/m-gallery>\n\n    \n\n\n<m-wysiwig class=\"wp-block-components-wysiwyg\"><div slot=\"maincontent\">\n<h2 class=\"wp-block-heading\">\u00bfQui\u00e9nes somos? <\/h2>\n\n\n\n<p>Ferrovial Aeropuertos es uno de los principales inversores y operadores privados de aeropuertos del mundo. <a href=\"https:\/\/www.ferrovial.com\/es\/negocio\/aeropuertos\/\" class=\"ek-link\">Formamos parte de la industria de la aviaci\u00f3n desde 1998<\/a> y contamos con m\u00e1s de 20 a\u00f1os de experiencia, en que hemos invertido, desarrollado y operado 34 aeropuertos en todo el mundo. Tenemos un profundo conocimiento de la industria y un largo historial de relaciones s\u00f3lidas y productivas con nuestros socios y grupos de inter\u00e9s.<\/p>\n\n\n\n<p>Nuestra<strong> cartera est\u00e1 compuesta por cuatro aeropuertos en el Reino Unido: Heathrow<\/strong>, el <em>hub<\/em> m\u00e1s importante de Europa, en el que contamos con una participaci\u00f3n del 25%; y <strong>Glasgow<\/strong>, <strong>Aberdeen y Southampton<\/strong>, en que participamos con un 50%.<\/p>\n<\/div><\/m-wysiwig>\n\n\n\n    <m-distributor-basic bgimg='https:\/\/static.ferrovial.com\/wp-content\/uploads\/2020\/06\/13124555\/airplane-turbine-1-1740x1080.jpg'>\n                        <h2 slot=\"label\">\n                    Ferrovial Aeropuertos                <\/h2>\n                                <h3 slot=\"title\">\n                    \u00bfQui\u00e9nes somos?                <\/h3>\n                                    <c-button slot='cta' type='primary' disabled='false' href='#'>\n                        <span>Accede a toda la informaci\u00f3n<\/span>\n                                        <\/c-button>\n                    \n        \n\n    <\/m-distributor-basic>\n    ","protected":false},"excerpt":{"rendered":"","protected":false},"featured_media":0,"parent":0,"menu_order":0,"comment_status":"closed","ping_status":"closed","template":"","meta":{"_acf_changed":false,"footnotes":""},"class_list":["post-168717","page","type-page","status-publish","hentry"],"acf":[],"yoast_head":"<!-- This site is optimized with the Yoast SEO plugin v27.2 - https:\/\/yoast.com\/product\/yoast-seo-wordpress\/ -->\n<title>Medidas de los aeropuertos contra COVID-19 - Ferrovial<\/title>\n<meta name=\"description\" content=\"Compartimos todas las medidas tomadas por nuestros aeropuertos para frenar la expansi\u00f3n del coronavirus y asegurar la salud de nuestros pasajeros.\" \/>\n<meta name=\"robots\" content=\"index, follow, max-snippet:-1, max-image-preview:large, max-video-preview:-1\" \/>\n<link rel=\"canonical\" href=\"https:\/\/www.ferrovial.com\/es\/aeropuertos-coronavirus\/\" \/>\n<meta property=\"og:locale\" content=\"es_ES\" \/>\n<meta property=\"og:type\" content=\"article\" \/>\n<meta property=\"og:title\" content=\"Medidas de los aeropuertos contra COVID-19 - Ferrovial\" \/>\n<meta property=\"og:description\" content=\"Compartimos todas las medidas tomadas por nuestros aeropuertos para frenar la expansi\u00f3n del coronavirus y asegurar la salud de nuestros pasajeros.\" \/>\n<meta property=\"og:url\" content=\"https:\/\/www.ferrovial.com\/es\/aeropuertos-coronavirus\/\" \/>\n<meta property=\"og:site_name\" content=\"Ferrovial\" \/>\n<meta property=\"article:publisher\" content=\"https:\/\/www.facebook.com\/ferrovial\" \/>\n<meta property=\"article:modified_time\" content=\"2021-04-09T09:24:14+00:00\" \/>\n<meta name=\"twitter:card\" content=\"summary_large_image\" \/>\n<meta name=\"twitter:site\" content=\"@ferrovial\" \/>\n<meta name=\"twitter:label1\" content=\"Est. reading time\" \/>\n\t<meta name=\"twitter:data1\" content=\"3 minutos\" \/>\n<!-- \/ Yoast SEO plugin. -->","yoast_head_json":{"title":"Medidas de los aeropuertos contra COVID-19 - Ferrovial","description":"Compartimos todas las medidas tomadas por nuestros aeropuertos para frenar la expansi\u00f3n del coronavirus y asegurar la salud de nuestros pasajeros.","robots":{"index":"index","follow":"follow","max-snippet":"max-snippet:-1","max-image-preview":"max-image-preview:large","max-video-preview":"max-video-preview:-1"},"canonical":"https:\/\/www.ferrovial.com\/es\/aeropuertos-coronavirus\/","og_locale":"es_ES","og_type":"article","og_title":"Medidas de los aeropuertos contra COVID-19 - Ferrovial","og_description":"Compartimos todas las medidas tomadas por nuestros aeropuertos para frenar la expansi\u00f3n del coronavirus y asegurar la salud de nuestros pasajeros.","og_url":"https:\/\/www.ferrovial.com\/es\/aeropuertos-coronavirus\/","og_site_name":"Ferrovial","article_publisher":"https:\/\/www.facebook.com\/ferrovial","article_modified_time":"2021-04-09T09:24:14+00:00","twitter_card":"summary_large_image","twitter_site":"@ferrovial","twitter_misc":{"Est. reading time":"3 minutos"},"schema":{"@context":"https:\/\/schema.org","@graph":[{"@type":"WebPage","@id":"https:\/\/www.ferrovial.com\/es\/aeropuertos-coronavirus\/","url":"https:\/\/www.ferrovial.com\/es\/aeropuertos-coronavirus\/","name":"Medidas de los aeropuertos contra COVID-19 - Ferrovial","isPartOf":{"@id":"https:\/\/www.ferrovial.com\/es\/#website"},"datePublished":"2020-06-04T13:38:30+00:00","dateModified":"2021-04-09T09:24:14+00:00","description":"Compartimos todas las medidas tomadas por nuestros aeropuertos para frenar la expansi\u00f3n del coronavirus y asegurar la salud de nuestros pasajeros.","breadcrumb":{"@id":"https:\/\/www.ferrovial.com\/es\/aeropuertos-coronavirus\/#breadcrumb"},"inLanguage":"es","potentialAction":[{"@type":"ReadAction","target":["https:\/\/www.ferrovial.com\/es\/aeropuertos-coronavirus\/"]}]},{"@type":"BreadcrumbList","@id":"https:\/\/www.ferrovial.com\/es\/aeropuertos-coronavirus\/#breadcrumb","itemListElement":[{"@type":"ListItem","position":1,"name":"Portada","item":"https:\/\/www.ferrovial.com\/es\/"},{"@type":"ListItem","position":2,"name":"Medidas de los aeropuertos contra COVID-19"}]},{"@type":"WebSite","@id":"https:\/\/www.ferrovial.com\/es\/#website","url":"https:\/\/www.ferrovial.com\/es\/","name":"Ferrovial","description":"Welcome to the Ferrovial&#039;s website, global operator of sustainable infrastructure. Here you can find all the information about the company and subsidiaries.","publisher":{"@id":"https:\/\/www.ferrovial.com\/es\/#organization"},"potentialAction":[{"@type":"SearchAction","target":{"@type":"EntryPoint","urlTemplate":"https:\/\/www.ferrovial.com\/es\/?s={search_term_string}"},"query-input":{"@type":"PropertyValueSpecification","valueRequired":true,"valueName":"search_term_string"}}],"inLanguage":"es"},{"@type":"Organization","@id":"https:\/\/www.ferrovial.com\/es\/#organization","name":"Ferrovial S.A.","url":"https:\/\/www.ferrovial.com\/es\/","logo":{"@type":"ImageObject","inLanguage":"es","@id":"https:\/\/www.ferrovial.com\/es\/#\/schema\/logo\/image\/","url":"https:\/\/static.ferrovial.com\/wp-content\/uploads\/2020\/01\/13124948\/logo-ferrovial-cf7.png","contentUrl":"https:\/\/static.ferrovial.com\/wp-content\/uploads\/2020\/01\/13124948\/logo-ferrovial-cf7.png","width":144,"height":32,"caption":"Ferrovial S.A."},"image":{"@id":"https:\/\/www.ferrovial.com\/es\/#\/schema\/logo\/image\/"},"sameAs":["https:\/\/www.facebook.com\/ferrovial","https:\/\/x.com\/ferrovial","https:\/\/www.instagram.com\/ferrovial\/","https:\/\/www.linkedin.com\/company\/ferrovial","https:\/\/www.pinterest.es\/ferrovial\/","https:\/\/www.youtube.com\/ferrovial","https:\/\/en.wikipedia.org\/wiki\/Ferrovial"]}]}},"_links":{"self":[{"href":"https:\/\/www.ferrovial.com\/es\/wp-json\/wp\/v2\/pages\/168717","targetHints":{"allow":["GET"]}}],"collection":[{"href":"https:\/\/www.ferrovial.com\/es\/wp-json\/wp\/v2\/pages"}],"about":[{"href":"https:\/\/www.ferrovial.com\/es\/wp-json\/wp\/v2\/types\/page"}],"replies":[{"embeddable":true,"href":"https:\/\/www.ferrovial.com\/es\/wp-json\/wp\/v2\/comments?post=168717"}],"version-history":[{"count":3,"href":"https:\/\/www.ferrovial.com\/es\/wp-json\/wp\/v2\/pages\/168717\/revisions"}],"predecessor-version":[{"id":191483,"href":"https:\/\/www.ferrovial.com\/es\/wp-json\/wp\/v2\/pages\/168717\/revisions\/191483"}],"wp:attachment":[{"href":"https:\/\/www.ferrovial.com\/es\/wp-json\/wp\/v2\/media?parent=168717"}],"curies":[{"name":"wp","href":"https:\/\/api.w.org\/{rel}","templated":true}]}}