{"id":168739,"date":"2020-06-08T17:39:02","date_gmt":"2020-06-08T15:39:02","guid":{"rendered":"https:\/\/www.ferrovial.com\/?page_id=168739"},"modified":"2025-08-04T12:18:39","modified_gmt":"2025-08-04T10:18:39","slug":"consumos-energeticos","status":"publish","type":"page","link":"https:\/\/www.ferrovial.com\/es\/consumos-energeticos\/","title":{"rendered":"Consumos Energ\u00e9ticos"},"content":{"rendered":"    <m-final-content-header bgimage='https:\/\/static.ferrovial.com\/wp-content\/uploads\/2019\/12\/13141258\/m50-2pag6-1-1280x720.jpg'>\n            <c-breadcrumb label-text=\"Breadcrumb\" slot=\"breadcrumbs\" type='2' align='left' wrap='wrapped wrapped'>\n                        <ol>\n\n                                                            <li><a href=\"https:\/\/www.ferrovial.com\/es\/\" title=\"Ferrovial\">Ferrovial<\/a><\/li>\n                                    \n                <\/ol>\n\n                <\/c-breadcrumb>\n    \n        <div slot=\"header\">\n            <h1>\n                Consumos Energ\u00e9ticos            <\/h1>\n                    <\/div>\n    <\/m-final-content-header>\n\n    \n\n\n<m-wysiwig class=\"wp-block-components-wysiwyg\"><div slot=\"maincontent\">    <p class=\"intro\">Desde 2009, medimos el 100% de las emisiones de gases de efecto invernadero originadas por nuestras actividades en todo el mundo con el objeto de reducir la huella de carbono.<\/p>\n    \n\n\n<p>Ferrovial cuenta desde hace a\u00f1os con una firme <strong>Estrategia Clim\u00e1tica<\/strong>, enmarcada en el Plan Estrat\u00e9gico de la compa\u00f1\u00eda y alineada con la Estrategia de Sostenibilidad.<\/p>\n\n\n\n<p>En 2024 Ferrovial ha trabajado en la actualizaci\u00f3n de su hoja de ruta clim\u00e1tica para alinearse con la senda de descarbonizaci\u00f3n de 1,5\u00baC en el corto plazo y estableciendo un objetivo Net Zero en 2050 o antes; obteni\u00e9ndose su validaci\u00f3n por parte de la iniciativa Science Based Targets (SBTi)en febrero de 2025. Durante el ejercicio 2024, ha seguido cumpliendo la hoja de ruta con una <strong>reducci\u00f3n del -35,78%<\/strong> respecto a 2020 (a\u00f1o base) en las emisiones de Scope 1 y Scope 2 en t\u00e9rminos absolutos.<\/p>\n\n\n\n<p>Tenemos un plan de descarbonizaci\u00f3n 2020-2030, alineado con el plan Horizon 24, donde nos comprometemos a reducir nuestras emisiones en fuentes fijas, m\u00f3viles y consumos de electricidad. Adem\u00e1s, Ferrovial nos hemos comprometido a que en el a\u00f1o 2025 el 100% de sus consumos de electricidad debe provenir de fuentes renovables.<\/p>\n\n\n\n<figure class=\"wp-block-table\"><table><tbody><tr><td><strong>Consumo energ\u00e9tico<\/strong><\/td><td><strong>2020<\/strong> <strong>(a\u00f1o base)<\/strong><\/td><td><strong>2021<\/strong><\/td><td><strong>2022<\/strong><\/td><td><strong>2023<\/strong><\/td><td><strong>2024<\/strong><\/td><\/tr><tr><td><strong>Consumo de combustibles f\u00f3siles proveniente de fuentes m\u00f3viles y est\u00e1ticas (MWh)<\/strong><\/td><td>1.063.688,26<\/td><td>970.774,51<\/td><td>812.613,46<\/td><td>792.862,36<\/td><td>847.692,41<\/td><\/tr><tr><td><strong>Consumo el\u00e9ctrico procedente de fuentes no renovables (MWh)<\/strong><\/td><td>89.735,06<\/td><td>66.059,27<\/td><td>69.789,76<\/td><td>55.659,39<\/td><td>49.219,86<\/td><\/tr><tr><td><strong>Consumo el\u00e9ctrico procedente de fuentes renovables (MWh)<\/strong><\/td><td>171.889,98<\/td><td>166.392,76<\/td><td>141.941,11<\/td><td>129.338,52<\/td><td>137.354,65<\/td><\/tr><\/tbody><\/table><figcaption class=\"wp-element-caption\"><br><br><\/figcaption><\/figure>\n\n\n\n<h2 class=\"wp-block-heading\">\u00bfQu\u00e9 es un consumo energ\u00e9tico?<\/h2>\n\n\n\n<p>Se entiende como consumo energ\u00e9tico aquellos consumos f\u00f3siles procedentes de fuentes estacionarias (fijas), m\u00f3viles o consumos el\u00e9ctricos que son propiedad o est\u00e1n controlados de la empresa.<\/p>\n\n\n\n<p>Estos consumos provienen principalmente de:<\/p>\n\n\n\n<ul class=\"wp-block-list\">\n<li><strong>Combusti\u00f3n de combustibles en equipos estacionarios: <\/strong>son aquellos equipos fijos como grupos electr\u00f3genos, calderas, hornos, quemadores, turbinas, calentadores, incineradores, motores, flameadores, etc. que utilizan combustible f\u00f3sil para generar calor, electricidad o vapor o utilizados para llevar a cabo un proceso de la empresa. La maquinaria utilizada en obra se incluye dentro de este grupo.<\/li>\n\n\n\n<li> <strong>Combusti\u00f3n de combustibles en veh\u00edculos<\/strong>: procedentes de la combusti\u00f3n de combustibles en veh\u00edculos y motos gestionados por la compa\u00f1\u00eda.<\/li>\n\n\n\n<li><strong>Consumos de electricidad:<\/strong> consumo de electricidad comprada a otras empresas que la producen o controlan. El consumo de la electricidad puede ser de origen f\u00f3sil (petr\u00f3leo, carbon o gas natural) o de origen de fuentes naturales (solar, e\u00f3lica o mareomotriz).<\/li>\n<\/ul>\n\n\n\n<p>Ferrovial promueve la sensibilizaci\u00f3n y formaci\u00f3n en calidad, medio ambiente y energ\u00eda entre sus empleados y colaboradores, con el objetivo de mejorar su rendimiento y capacidades. En 2023 las acciones formativas se han centrado en la gesti\u00f3n de residuos, cambio clim\u00e1tico (medidas de eficiencia energ\u00e9tica), huella h\u00eddrica, contaminaci\u00f3n y biodiversidad. <\/p>\n\n\n\n<p>Destaca la formaci\u00f3n en Ferrovial Construcci\u00f3n, m\u00e1s de 2.400 empleados han recibido formaci\u00f3n espec\u00edfica en eficiencia energ\u00e9tica y ahorro de energ\u00eda (m\u00e1s del 22% de la plantilla total) y m\u00e1s de 1.700 miembros del personal externo (aproximadamente el 17% del total del personal externo formado).<\/p>\n\n\n\n<p>Ferrovial cuenta con la certificaci\u00f3n internacional de eficiencia energ\u00e9tica (ISO 50001) para el 73% de los contratos.<\/p>\n<\/div><\/m-wysiwig>\n\n\n\n    <m-link-list>\n                    <h3 slot=\"maintitle\">\n                Certificaciones            <\/h3>\n                    <p slot=\"text\">Descripci\u00f3n por defecto<\/p>\n                    <ul slot=\"links\">\n                                    <li>\n                        <c-link external='_blank' sr-only='Abrir en una nueva pesta\u00f1a' icon='download'>\n                            <a href=\"https:\/\/static.ferrovial.com\/wp-content\/uploads\/2025\/05\/02164707\/iso-50001-ferrovial-construccion-esp.pdf\" title=\"ISO 50001 Ferrovial Construcci\u00f3n\">\n                                ISO 50001 Ferrovial Construcci\u00f3n (PDF 2 MB)                            <\/a>\n                        <\/c-link>\n                    <\/li>\n                                    <li>\n                        <c-link external='_blank' sr-only='Abrir en una nueva pesta\u00f1a' icon='download'>\n                            <a href=\"https:\/\/static.ferrovial.com\/wp-content\/uploads\/2025\/05\/02164748\/iso-50001-energy-efficiency-esp.pdf\" title=\"ISO 50001 Energy Efficiency\">\n                                ISO 50001 Energy Efficiency (PDF 2 MB)                            <\/a>\n                        <\/c-link>\n                    <\/li>\n                                    <li>\n                        <c-link external='_blank' sr-only='Abrir en una nueva pesta\u00f1a' icon='download'>\n                            <a href=\"https:\/\/static.ferrovial.com\/wp-content\/uploads\/2025\/05\/02164815\/iso-50001-cadagua-esp.pdf\" title=\"ISO 50001 Cadagua\">\n                                ISO 50001 Cadagua (PDF 2 MB)                            <\/a>\n                        <\/c-link>\n                    <\/li>\n                            <\/ul>\n            <\/m-link-list>\n    ","protected":false},"excerpt":{"rendered":"","protected":false},"featured_media":0,"parent":0,"menu_order":0,"comment_status":"closed","ping_status":"closed","template":"","meta":{"_acf_changed":false,"footnotes":""},"class_list":["post-168739","page","type-page","status-publish","hentry"],"acf":[],"yoast_head":"<!-- This site is optimized with the Yoast SEO plugin v27.2 - https:\/\/yoast.com\/product\/yoast-seo-wordpress\/ -->\n<title>Consumos Energ\u00e9ticos - Ferrovial<\/title>\n<meta name=\"description\" content=\"Welcome to the Ferrovial&#039;s website, global operator of sustainable infrastructure. Here you can find all the information about the company and subsidiaries.\" \/>\n<meta name=\"robots\" content=\"index, follow, max-snippet:-1, max-image-preview:large, max-video-preview:-1\" \/>\n<link rel=\"canonical\" href=\"https:\/\/www.ferrovial.com\/es\/consumos-energeticos\/\" \/>\n<meta property=\"og:locale\" content=\"es_ES\" \/>\n<meta property=\"og:type\" content=\"article\" \/>\n<meta property=\"og:title\" content=\"Consumos Energ\u00e9ticos - Ferrovial\" \/>\n<meta property=\"og:description\" content=\"Welcome to the Ferrovial&#039;s website, global operator of sustainable infrastructure. Here you can find all the information about the company and subsidiaries.\" \/>\n<meta property=\"og:url\" content=\"https:\/\/www.ferrovial.com\/es\/consumos-energeticos\/\" \/>\n<meta property=\"og:site_name\" content=\"Ferrovial\" \/>\n<meta property=\"article:publisher\" content=\"https:\/\/www.facebook.com\/ferrovial\" \/>\n<meta property=\"article:modified_time\" content=\"2025-08-04T10:18:39+00:00\" \/>\n<meta name=\"twitter:card\" content=\"summary_large_image\" \/>\n<meta name=\"twitter:site\" content=\"@ferrovial\" \/>\n<meta name=\"twitter:label1\" content=\"Est. reading time\" \/>\n\t<meta name=\"twitter:data1\" content=\"3 minutos\" \/>\n<!-- \/ Yoast SEO plugin. -->","yoast_head_json":{"title":"Consumos Energ\u00e9ticos - Ferrovial","description":"Welcome to the Ferrovial's website, global operator of sustainable infrastructure. Here you can find all the information about the company and subsidiaries.","robots":{"index":"index","follow":"follow","max-snippet":"max-snippet:-1","max-image-preview":"max-image-preview:large","max-video-preview":"max-video-preview:-1"},"canonical":"https:\/\/www.ferrovial.com\/es\/consumos-energeticos\/","og_locale":"es_ES","og_type":"article","og_title":"Consumos Energ\u00e9ticos - Ferrovial","og_description":"Welcome to the Ferrovial's website, global operator of sustainable infrastructure. Here you can find all the information about the company and subsidiaries.","og_url":"https:\/\/www.ferrovial.com\/es\/consumos-energeticos\/","og_site_name":"Ferrovial","article_publisher":"https:\/\/www.facebook.com\/ferrovial","article_modified_time":"2025-08-04T10:18:39+00:00","twitter_card":"summary_large_image","twitter_site":"@ferrovial","twitter_misc":{"Est. reading time":"3 minutos"},"schema":{"@context":"https:\/\/schema.org","@graph":[{"@type":"WebPage","@id":"https:\/\/www.ferrovial.com\/es\/consumos-energeticos\/","url":"https:\/\/www.ferrovial.com\/es\/consumos-energeticos\/","name":"Consumos Energ\u00e9ticos - Ferrovial","isPartOf":{"@id":"https:\/\/www.ferrovial.com\/es\/#website"},"datePublished":"2020-06-08T15:39:02+00:00","dateModified":"2025-08-04T10:18:39+00:00","description":"Welcome to the Ferrovial's website, global operator of sustainable infrastructure. Here you can find all the information about the company and subsidiaries.","breadcrumb":{"@id":"https:\/\/www.ferrovial.com\/es\/consumos-energeticos\/#breadcrumb"},"inLanguage":"es","potentialAction":[{"@type":"ReadAction","target":["https:\/\/www.ferrovial.com\/es\/consumos-energeticos\/"]}]},{"@type":"BreadcrumbList","@id":"https:\/\/www.ferrovial.com\/es\/consumos-energeticos\/#breadcrumb","itemListElement":[{"@type":"ListItem","position":1,"name":"Portada","item":"https:\/\/www.ferrovial.com\/es\/"},{"@type":"ListItem","position":2,"name":"Consumos Energ\u00e9ticos"}]},{"@type":"WebSite","@id":"https:\/\/www.ferrovial.com\/es\/#website","url":"https:\/\/www.ferrovial.com\/es\/","name":"Ferrovial","description":"Welcome to the Ferrovial&#039;s website, global operator of sustainable infrastructure. Here you can find all the information about the company and subsidiaries.","publisher":{"@id":"https:\/\/www.ferrovial.com\/es\/#organization"},"potentialAction":[{"@type":"SearchAction","target":{"@type":"EntryPoint","urlTemplate":"https:\/\/www.ferrovial.com\/es\/?s={search_term_string}"},"query-input":{"@type":"PropertyValueSpecification","valueRequired":true,"valueName":"search_term_string"}}],"inLanguage":"es"},{"@type":"Organization","@id":"https:\/\/www.ferrovial.com\/es\/#organization","name":"Ferrovial S.A.","url":"https:\/\/www.ferrovial.com\/es\/","logo":{"@type":"ImageObject","inLanguage":"es","@id":"https:\/\/www.ferrovial.com\/es\/#\/schema\/logo\/image\/","url":"https:\/\/static.ferrovial.com\/wp-content\/uploads\/2020\/01\/13124948\/logo-ferrovial-cf7.png","contentUrl":"https:\/\/static.ferrovial.com\/wp-content\/uploads\/2020\/01\/13124948\/logo-ferrovial-cf7.png","width":144,"height":32,"caption":"Ferrovial S.A."},"image":{"@id":"https:\/\/www.ferrovial.com\/es\/#\/schema\/logo\/image\/"},"sameAs":["https:\/\/www.facebook.com\/ferrovial","https:\/\/x.com\/ferrovial","https:\/\/www.instagram.com\/ferrovial\/","https:\/\/www.linkedin.com\/company\/ferrovial","https:\/\/www.pinterest.es\/ferrovial\/","https:\/\/www.youtube.com\/ferrovial","https:\/\/en.wikipedia.org\/wiki\/Ferrovial"]}]}},"_links":{"self":[{"href":"https:\/\/www.ferrovial.com\/es\/wp-json\/wp\/v2\/pages\/168739","targetHints":{"allow":["GET"]}}],"collection":[{"href":"https:\/\/www.ferrovial.com\/es\/wp-json\/wp\/v2\/pages"}],"about":[{"href":"https:\/\/www.ferrovial.com\/es\/wp-json\/wp\/v2\/types\/page"}],"replies":[{"embeddable":true,"href":"https:\/\/www.ferrovial.com\/es\/wp-json\/wp\/v2\/comments?post=168739"}],"version-history":[{"count":3,"href":"https:\/\/www.ferrovial.com\/es\/wp-json\/wp\/v2\/pages\/168739\/revisions"}],"predecessor-version":[{"id":310798,"href":"https:\/\/www.ferrovial.com\/es\/wp-json\/wp\/v2\/pages\/168739\/revisions\/310798"}],"wp:attachment":[{"href":"https:\/\/www.ferrovial.com\/es\/wp-json\/wp\/v2\/media?parent=168739"}],"curies":[{"name":"wp","href":"https:\/\/api.w.org\/{rel}","templated":true}]}}