{"id":168899,"date":"2020-06-10T10:05:00","date_gmt":"2020-06-10T08:05:00","guid":{"rendered":"https:\/\/www.ferrovial.com\/?page_id=168899"},"modified":"2026-01-03T21:25:12","modified_gmt":"2026-01-03T20:25:12","slug":"f-agroman","status":"publish","type":"page","link":"https:\/\/www.ferrovial.com\/es\/f-agroman\/","title":{"rendered":"Ferrovial Agroman"},"content":{"rendered":"    <m-final-content-header bgimage='https:\/\/static.ferrovial.com\/wp-content\/uploads\/2020\/06\/13124516\/plaza-de-espana-ferrovial-agroman.jpg'>\n            <c-breadcrumb label-text=\"Breadcrumb\" slot=\"breadcrumbs\" type='2' align='left' wrap='wrapped wrapped'>\n                        <ol>\n\n                                                            <li><a href=\"https:\/\/www.ferrovial.com\/es\/\" title=\"Ferrovial\">Ferrovial<\/a><\/li>\n                                    \n                <\/ol>\n\n                <\/c-breadcrumb>\n    \n        <div slot=\"header\">\n            <h1>\n                El camino de Ferrovial Agroman a Ferrovial Construcci\u00f3n            <\/h1>\n                    <\/div>\n    <\/m-final-content-header>\n\n    \n\n\n<m-wysiwig class=\"wp-block-components-wysiwyg\"><div slot=\"maincontent\">    <p class=\"intro\">Tras casi un siglo de trayectoria en la industria de la construcci\u00f3n, desde Ferrovial Agroman hemos dado el paso de transformar nuestra marca en Ferrovial Construcci\u00f3n.<\/p>\n    \n\n\n<p>Nuestros valores seguir\u00e1n siendo los mismos y el futuro seguir\u00e1 construy\u00e9ndose sobre nuestra experiencia al frente de algunos de los grandes proyectos por el mundo, como la <strong><a href=\"https:\/\/www.ferrovial.com\/es\/negocio\/proyectos\/terminal-2-aeropuerto-de-heathrow-londres\/\" class=\"ek-link\">T2 del aeropuerto de Heathrow<\/a><\/strong>, la <strong><a href=\"https:\/\/www.ferrovial.com\/es\/negocio\/proyectos\/407-etr\/\" class=\"ek-link\">autopista 407 ETR<\/a><\/strong> canadiense o el museo <strong><a href=\"https:\/\/www.ferrovial.com\/es\/negocio\/proyectos\/museo-guggenheim\/\" class=\"ek-link\">Guggenheim de Bilbao<\/a><\/strong>. Solo hemos cambiado de nombre.<\/p>\n\n\n\n<p>La nueva denominaci\u00f3n se debe a una actualizaci\u00f3n de la marca para lograr una mejor penetraci\u00f3n en los mercados anglosajones. Mantenemos la tipograf\u00eda y los colores, pero <strong>Ferrovial Agroman pasa a ser Ferrovial Construcci\u00f3n<\/strong>. El cambio de nombre afectar\u00e1 a las denominaciones sociales y marcas con las que contamos en Reino Unido, Estados Unidos, Canad\u00e1, Espa\u00f1a, Australia, Colombia y Chile. Nuestras sociedades de construcci\u00f3n en otros pa\u00edses, as\u00ed como nuestras otras empresas especializadas en segmentos de la industria conservar\u00e1n sus nombres y logotipos actuales.<\/p>\n\n\n\n<p><strong>El nombre de Ferrovial Agroman, ligado a la memoria sentimental de muchos espa\u00f1oles<\/strong>, forma ya parte de la historia de la industria de la construcci\u00f3n. No es para menos, llevamos desde 1927 tendiendo puentes, salvando obst\u00e1culos y conectando personas y ciudades.<\/p>\n<\/div><\/m-wysiwig>\n\n\n\n    <m-distributor-basic bgimg='https:\/\/static.ferrovial.com\/wp-content\/uploads\/2019\/10\/13133235\/museo-guggenheim-textura-1920x1080.jpg'>\n                        <h2 slot=\"label\">\n                    Ferrovial Agroman ahora es:                <\/h2>\n                                <h3 slot=\"title\">\n                    Ferrovial Construcci\u00f3n                <\/h3>\n                                <p slot=\"text\">\n                    Aqu\u00ed encontrar\u00e1s toda la informaci\u00f3n de esta unidad de negocio.                <\/p>\n                                    <c-button slot='cta' type='primary' disabled='false' href='#'>\n                        <span>Accede aqu\u00ed<\/span>\n                                        <\/c-button>\n                    \n        \n\n    <\/m-distributor-basic>\n    \n\n\n<m-wysiwig class=\"wp-block-components-wysiwyg\"><div slot=\"maincontent\">\n<h2 class=\"wp-block-heading\">De Ferrovial Agroman a Ferrovial Construcci\u00f3n<\/h2>\n\n\n\n<p>Nuestras primeras d\u00e9cadas de vida estuvieron marcadas por grandes obras, como la prolongaci\u00f3n del dique de Las Arenas en Vizcaya o la construcci\u00f3n de la Ciudad Universitaria de Madrid, que nos convirtieron en uno de los referentes de la industria constructora en Espa\u00f1a bajo el liderazgo de uno de nuestros cofundadores, Jos\u00e9 Mar\u00eda Aguirre Gonzalo.<\/p>\n\n\n\n<p><strong>En 1995 pasamos a ser parte de Ferrovial<\/strong>, una empresa ya consolidada en aquel entonces que hab\u00eda crecido en los sectores de la construcci\u00f3n ferroviaria y de carreteras y que se hab\u00eda adaptado al emergente mercado de las concesiones. Nuestra fusi\u00f3n se hizo efectiva en 1999, tras casi cuatro a\u00f1os de transici\u00f3n mod\u00e9lica y una reorganizaci\u00f3n ejemplar.<\/p>\n\n\n\n<p>Nuestras primeras grandes actuaciones ya como Ferrovial Agroman incluyen la ampliaci\u00f3n del puerto de Bilbao, una actuaci\u00f3n que se prolong\u00f3 durante casi toda la d\u00e9cada de los a\u00f1os 90 del siglo pasado y el proyecto m\u00e1s grande adjudicado a una sola empresa en Espa\u00f1a hasta ese momento, as\u00ed como la construcci\u00f3n del <strong>Museo Guggenheim Bilbao<\/strong>, inaugurado en 1997. Dos a\u00f1os m\u00e1s tarde, iniciamos la construcci\u00f3n del que hoy es uno de nuestros buques insignia: la autopista <strong>407 ETR en Toronto<\/strong>, Canad\u00e1.<\/p>\n\n\n\n<p>Con la entrada del nuevo milenio, se sucedieron las obras y proyectos, mientras crec\u00edamos de forma gradual en el mercado internacional al tiempo que segu\u00edamos consolid\u00e1ndonos en el mercado espa\u00f1ol. En esos a\u00f1os llegaron algunas de nuestras obras ic\u00f3nicas, como la construcci\u00f3n del <strong><a href=\"https:\/\/www.ferrovial.com\/es\/negocio\/proyectos\/arco-de-los-tilos\/\" class=\"ek-link\">Arco de los Tilos<\/a><\/strong>, en la isla canaria de La Palma, la construcci\u00f3n de la <strong>terminal 2 de Heathrow<\/strong>, el mayor aeropuerto de Europa, o nuestra participaci\u00f3n en las obras de la <strong><a href=\"https:\/\/newsroom.ferrovial.com\/es\/noticias\/como-se-regenera-la-pista-del-aeropuerto-barajas\/\" class=\"ek-link\">T4 del aeropuerto Madrid-Barajas Adolfo Su\u00e1rez<\/a>.<\/strong><\/p>\n\n\n\n<p>Hoy seguimos formando parte de algunos de los proyectos de construcci\u00f3n m\u00e1s innovadores, como el <strong>Crossrail <\/strong>de Reino Unido, una l\u00ednea ferroviaria r\u00e1pida que discurrir\u00e1 bajo la ciudad de Londres, la conexi\u00f3n de <strong><a class=\"ek-link\" href=\"https:\/\/www.ferrovial.com\/es\/negocio\/proyectos\/high-speed-2-hs2-trabajos-de-acondicionamiento-area-central\/\">alta velocidad brit\u00e1nica HS2 <\/a><\/strong>entre la capital del pa\u00eds y Birmingham, la autopista de la <strong><a class=\"ek-link\" href=\"https:\/\/www.ferrovial.com\/es\/negocio\/proyectos\/diseno-y-construccion-de-la-autopista-de-peaje-bucaramanga-barrancabermeja-yondo-bby-colombia\/\">Ruta del Cacao <\/a><\/strong>en Colombia, las nuevas <strong>l\u00edneas del tren de alta velocidad<\/strong> (AVE) en Espa\u00f1a o la<strong> autopista Batinah <\/strong>en el Sultanato de Om\u00e1n.<\/p>\n\n\n\n<p><strong>Nada cambiar\u00e1 en nuestra trayectoria de 93 a\u00f1os<\/strong>, m\u00e1s all\u00e1 del nombre. A partir de ahora, Ferrovial Agroman pasa a ser <strong>Ferrovial Construcci\u00f3n<\/strong>, pero sin olvidarnos de que nuestra historia est\u00e1 irremediablemente ligada al nombre Agroman y a todas las grandes obras con las que hemos conectado el mundo.<\/p>\n<\/div><\/m-wysiwig>\n\n\n    <m-projects-distributor2 :translations='{\n        &quot;prev&quot;:&quot;Anterior&quot;,\n        &quot;next&quot;:&quot;Siguiente&quot;,\n        &quot;paginationseparator&quot;:&quot;de&quot;\n    }'>\n                        <h2 slot=\"title\">\n                Proyectos destacados                <\/h2>\n                        <a slot='button' title='Todos aqu\u00ed' href='https:\/\/www.ferrovial.com\/es\/f-construccion\/proyectos\/'>\n            Todos aqu\u00ed        <\/a>\n\n                            <c-card slot=\"carouselItems\" type=\"type-1\" link=\"https:\/\/www.ferrovial.com\/es\/negocio\/proyectos\/terminal-2-aeropuerto-de-heathrow-londres\/\"  >\n                                                <img slot='background' src='https:\/\/static.ferrovial.com\/wp-content\/uploads\/2019\/09\/13135541\/heathrow_t2_header_distribuidora-360x640.jpg' alt='T2 Heathrow Reino Unido' \/>\n                                                        <h3 slot=\"title\" role=\"listitem\">\n                                    Terminal 2 Aeropuerto de Heathrow                                <\/h3>\n                                                                                <c-link slot=\"link\" type=\"negative\">\n                            <a href=\"https:\/\/www.ferrovial.com\/es\/negocio\/proyectos\/terminal-2-aeropuerto-de-heathrow-londres\/\">\n                                Descubra el proyecto                            <\/a>\n                        <\/c-link>\n                    <\/c-card>\n                                        <c-card slot=\"carouselItems\" type=\"type-1\" link=\"https:\/\/www.ferrovial.com\/es\/negocio\/proyectos\/museo-guggenheim\/\"  >\n                                                <img slot='background' src='https:\/\/static.ferrovial.com\/wp-content\/uploads\/2019\/09\/13135441\/guggenheim-ferrovial-360x461.png' alt='edificio museo guggenheim de bilbao construido por ferrovial agroman' \/>\n                                                        <h3 slot=\"title\" role=\"listitem\">\n                                    Museo Guggenheim                                <\/h3>\n                                                                                <c-link slot=\"link\" type=\"negative\">\n                            <a href=\"https:\/\/www.ferrovial.com\/es\/negocio\/proyectos\/museo-guggenheim\/\">\n                                Descubra el proyecto                            <\/a>\n                        <\/c-link>\n                    <\/c-card>\n                                        <c-card slot=\"carouselItems\" type=\"type-1\" link=\"https:\/\/www.ferrovial.com\/es\/negocio\/proyectos\/407-etr\/\"  >\n                                                <img slot='background' src='https:\/\/static.ferrovial.com\/wp-content\/uploads\/2019\/09\/13135417\/407-etr-highway-in-toronto-canada-360x640.jpg' alt='autopista en Canad\u00e1 407 ETR en Toronto' \/>\n                                                        <h3 slot=\"title\" role=\"listitem\">\n                                    Autopista 407 ETR                                <\/h3>\n                                                                                <c-link slot=\"link\" type=\"negative\">\n                            <a href=\"https:\/\/www.ferrovial.com\/es\/negocio\/proyectos\/407-etr\/\">\n                                Descubra el proyecto                            <\/a>\n                        <\/c-link>\n                    <\/c-card>\n                                        <c-card slot=\"carouselItems\" type=\"type-1\" link=\"https:\/\/www.ferrovial.com\/es\/negocio\/proyectos\/arco-de-los-tilos\/\"  >\n                                                <img slot='background' src='https:\/\/static.ferrovial.com\/wp-content\/uploads\/2019\/09\/13133034\/arco-de-los-tilos-3-360x640.jpg' alt='arco-de-los-tilos-3' \/>\n                                                        <h3 slot=\"title\" role=\"listitem\">\n                                    Arco de los Tilos                                <\/h3>\n                                                                                <c-link slot=\"link\" type=\"negative\">\n                            <a href=\"https:\/\/www.ferrovial.com\/es\/negocio\/proyectos\/arco-de-los-tilos\/\">\n                                Descubra el proyecto                            <\/a>\n                        <\/c-link>\n                    <\/c-card>\n                                        <c-card slot=\"carouselItems\" type=\"type-1\" link=\"https:\/\/www.ferrovial.com\/es\/negocio\/proyectos\/diseno-y-construccion-de-la-autopista-de-peaje-bucaramanga-barrancabermeja-yondo-bby-colombia\/\"  >\n                                                <img slot='background' src='https:\/\/static.ferrovial.com\/wp-content\/uploads\/2019\/12\/13131709\/ruta-del-cacao-tramo-acabado-360x640.png' alt='Ruta del Cacao, tramo acabado' \/>\n                                                        <h3 slot=\"title\" role=\"listitem\">\n                                    Ruta del Cacao, Colombia                                <\/h3>\n                                                                                <c-link slot=\"link\" type=\"negative\">\n                            <a href=\"https:\/\/www.ferrovial.com\/es\/negocio\/proyectos\/diseno-y-construccion-de-la-autopista-de-peaje-bucaramanga-barrancabermeja-yondo-bby-colombia\/\">\n                                Descubra el proyecto                            <\/a>\n                        <\/c-link>\n                    <\/c-card>\n                                        <c-card slot=\"carouselItems\" type=\"type-1\" link=\"https:\/\/www.ferrovial.com\/es\/negocio\/proyectos\/high-speed-2-hs2-trabajos-de-acondicionamiento-area-central\/\"  >\n                                                <img slot='background' src='https:\/\/static.ferrovial.com\/wp-content\/uploads\/2019\/11\/13130909\/hs2_project_faukie-360x640.jpg' alt='HS2_Project_Faukie' \/>\n                                                        <h3 slot=\"title\" role=\"listitem\">\n                                    High Speed 2 (HS2). Trabajos de&#8230;                                <\/h3>\n                                                                                <c-link slot=\"link\" type=\"negative\">\n                            <a href=\"https:\/\/www.ferrovial.com\/es\/negocio\/proyectos\/high-speed-2-hs2-trabajos-de-acondicionamiento-area-central\/\">\n                                Descubra el proyecto                            <\/a>\n                        <\/c-link>\n                    <\/c-card>\n                        <\/m-projects-distributor2>\n\n    ","protected":false},"excerpt":{"rendered":"","protected":false},"featured_media":0,"parent":0,"menu_order":0,"comment_status":"closed","ping_status":"closed","template":"","meta":{"_acf_changed":false,"footnotes":""},"class_list":["post-168899","page","type-page","status-publish","hentry"],"acf":[],"yoast_head":"<!-- This site is optimized with the Yoast SEO plugin v27.2 - https:\/\/yoast.com\/product\/yoast-seo-wordpress\/ -->\n<title>Ferrovial Agroman historia sobre la compa\u00f1\u00eda - Ferrovial<\/title>\n<meta name=\"description\" content=\"Welcome to the Ferrovial&#039;s website, global operator of sustainable infrastructure. Here you can find all the information about the company and subsidiaries.\" \/>\n<meta name=\"robots\" content=\"index, follow, max-snippet:-1, max-image-preview:large, max-video-preview:-1\" \/>\n<link rel=\"canonical\" href=\"https:\/\/www.ferrovial.com\/es\/f-agroman\/\" \/>\n<meta property=\"og:locale\" content=\"es_ES\" \/>\n<meta property=\"og:type\" content=\"article\" \/>\n<meta property=\"og:title\" content=\"Ferrovial Agroman historia sobre la compa\u00f1\u00eda - Ferrovial\" \/>\n<meta property=\"og:description\" content=\"Welcome to the Ferrovial&#039;s website, global operator of sustainable infrastructure. Here you can find all the information about the company and subsidiaries.\" \/>\n<meta property=\"og:url\" content=\"https:\/\/www.ferrovial.com\/es\/f-agroman\/\" \/>\n<meta property=\"og:site_name\" content=\"Ferrovial\" \/>\n<meta property=\"article:publisher\" content=\"https:\/\/www.facebook.com\/ferrovial\" \/>\n<meta property=\"article:modified_time\" content=\"2026-01-03T20:25:12+00:00\" \/>\n<meta name=\"twitter:card\" content=\"summary_large_image\" \/>\n<meta name=\"twitter:site\" content=\"@ferrovial\" \/>\n<meta name=\"twitter:label1\" content=\"Est. reading time\" \/>\n\t<meta name=\"twitter:data1\" content=\"3 minutos\" \/>\n<!-- \/ Yoast SEO plugin. -->","yoast_head_json":{"title":"Ferrovial Agroman historia sobre la compa\u00f1\u00eda - Ferrovial","description":"Welcome to the Ferrovial's website, global operator of sustainable infrastructure. Here you can find all the information about the company and subsidiaries.","robots":{"index":"index","follow":"follow","max-snippet":"max-snippet:-1","max-image-preview":"max-image-preview:large","max-video-preview":"max-video-preview:-1"},"canonical":"https:\/\/www.ferrovial.com\/es\/f-agroman\/","og_locale":"es_ES","og_type":"article","og_title":"Ferrovial Agroman historia sobre la compa\u00f1\u00eda - Ferrovial","og_description":"Welcome to the Ferrovial's website, global operator of sustainable infrastructure. Here you can find all the information about the company and subsidiaries.","og_url":"https:\/\/www.ferrovial.com\/es\/f-agroman\/","og_site_name":"Ferrovial","article_publisher":"https:\/\/www.facebook.com\/ferrovial","article_modified_time":"2026-01-03T20:25:12+00:00","twitter_card":"summary_large_image","twitter_site":"@ferrovial","twitter_misc":{"Est. reading time":"3 minutos"},"schema":{"@context":"https:\/\/schema.org","@graph":[{"@type":"WebPage","@id":"https:\/\/www.ferrovial.com\/es\/f-agroman\/","url":"https:\/\/www.ferrovial.com\/es\/f-agroman\/","name":"Ferrovial Agroman historia sobre la compa\u00f1\u00eda - Ferrovial","isPartOf":{"@id":"https:\/\/www.ferrovial.com\/es\/#website"},"datePublished":"2020-06-10T08:05:00+00:00","dateModified":"2026-01-03T20:25:12+00:00","description":"Welcome to the Ferrovial's website, global operator of sustainable infrastructure. Here you can find all the information about the company and subsidiaries.","breadcrumb":{"@id":"https:\/\/www.ferrovial.com\/es\/f-agroman\/#breadcrumb"},"inLanguage":"es","potentialAction":[{"@type":"ReadAction","target":["https:\/\/www.ferrovial.com\/es\/f-agroman\/"]}]},{"@type":"BreadcrumbList","@id":"https:\/\/www.ferrovial.com\/es\/f-agroman\/#breadcrumb","itemListElement":[{"@type":"ListItem","position":1,"name":"Portada","item":"https:\/\/www.ferrovial.com\/es\/"},{"@type":"ListItem","position":2,"name":"Ferrovial Agroman"}]},{"@type":"WebSite","@id":"https:\/\/www.ferrovial.com\/es\/#website","url":"https:\/\/www.ferrovial.com\/es\/","name":"Ferrovial","description":"Welcome to the Ferrovial&#039;s website, global operator of sustainable infrastructure. Here you can find all the information about the company and subsidiaries.","publisher":{"@id":"https:\/\/www.ferrovial.com\/es\/#organization"},"potentialAction":[{"@type":"SearchAction","target":{"@type":"EntryPoint","urlTemplate":"https:\/\/www.ferrovial.com\/es\/?s={search_term_string}"},"query-input":{"@type":"PropertyValueSpecification","valueRequired":true,"valueName":"search_term_string"}}],"inLanguage":"es"},{"@type":"Organization","@id":"https:\/\/www.ferrovial.com\/es\/#organization","name":"Ferrovial S.A.","url":"https:\/\/www.ferrovial.com\/es\/","logo":{"@type":"ImageObject","inLanguage":"es","@id":"https:\/\/www.ferrovial.com\/es\/#\/schema\/logo\/image\/","url":"https:\/\/static.ferrovial.com\/wp-content\/uploads\/2020\/01\/13124948\/logo-ferrovial-cf7.png","contentUrl":"https:\/\/static.ferrovial.com\/wp-content\/uploads\/2020\/01\/13124948\/logo-ferrovial-cf7.png","width":144,"height":32,"caption":"Ferrovial S.A."},"image":{"@id":"https:\/\/www.ferrovial.com\/es\/#\/schema\/logo\/image\/"},"sameAs":["https:\/\/www.facebook.com\/ferrovial","https:\/\/x.com\/ferrovial","https:\/\/www.instagram.com\/ferrovial\/","https:\/\/www.linkedin.com\/company\/ferrovial","https:\/\/www.pinterest.es\/ferrovial\/","https:\/\/www.youtube.com\/ferrovial","https:\/\/en.wikipedia.org\/wiki\/Ferrovial"]}]}},"_links":{"self":[{"href":"https:\/\/www.ferrovial.com\/es\/wp-json\/wp\/v2\/pages\/168899","targetHints":{"allow":["GET"]}}],"collection":[{"href":"https:\/\/www.ferrovial.com\/es\/wp-json\/wp\/v2\/pages"}],"about":[{"href":"https:\/\/www.ferrovial.com\/es\/wp-json\/wp\/v2\/types\/page"}],"replies":[{"embeddable":true,"href":"https:\/\/www.ferrovial.com\/es\/wp-json\/wp\/v2\/comments?post=168899"}],"version-history":[{"count":3,"href":"https:\/\/www.ferrovial.com\/es\/wp-json\/wp\/v2\/pages\/168899\/revisions"}],"predecessor-version":[{"id":321279,"href":"https:\/\/www.ferrovial.com\/es\/wp-json\/wp\/v2\/pages\/168899\/revisions\/321279"}],"wp:attachment":[{"href":"https:\/\/www.ferrovial.com\/es\/wp-json\/wp\/v2\/media?parent=168899"}],"curies":[{"name":"wp","href":"https:\/\/api.w.org\/{rel}","templated":true}]}}