{"id":169485,"date":"2020-06-17T17:54:01","date_gmt":"2020-06-17T15:54:01","guid":{"rendered":"https:\/\/www.ferrovial.com\/?page_id=169485"},"modified":"2020-06-17T17:54:34","modified_gmt":"2020-06-17T15:54:34","slug":"movimiento-de-grandes-cargas-y-reparaciones-de-estructuras","status":"publish","type":"page","link":"https:\/\/www.ferrovial.com\/es\/tecpresa\/movimiento-de-grandes-cargas-y-reparaciones-de-estructuras\/","title":{"rendered":"Movimiento de grandes cargas y reparaciones de estructuras"},"content":{"rendered":"    <m-final-content-header >\n            <c-breadcrumb label-text=\"Breadcrumb\" slot=\"breadcrumbs\" type='2' align='left' wrap='wrapped wrapped' aria-label='Vienes de Tecpresa'>\n                        <ol>\n\n                                                            <li><a href=\"https:\/\/www.ferrovial.com\/es\/\" title=\"Ferrovial\">Ferrovial<\/a><\/li>\n                                                                        <li><a href=\"https:\/\/www.ferrovial.com\/en\/tecpresa\/\" title=\"Tecpresa\">Tecpresa<\/a><\/li>\n                                    \n                <\/ol>\n\n                <\/c-breadcrumb>\n    \n        <div slot=\"header\">\n            <h1>\n                Movimiento de grandes cargas y reparaciones de estructuras            <\/h1>\n                    <\/div>\n    <\/m-final-content-header>\n\n    \n\n\n<m-wysiwig class=\"wp-block-components-wysiwyg\"><div slot=\"maincontent\">    <p class=\"intro\">Disponemos de los medios y experiencia para acometer cualquier tipo de maniobra de movimiento de grandes cargas con gatos hidr\u00e1ulicos tanto en obra nueva como en reparaci\u00f3n de estructuras.<\/p>\n    \n\n\n<p>Desarrollamos soluciones a medida para las necesidades particulares de cada proyecto.<\/p>\n\n\n\n<p>Por ello hemos empleado una gran diversidad de sistemas con las siguientes posibilidades, entre otras:<\/p>\n\n\n\n<ul class=\"wp-block-list\"><li>Control individual y simult\u00e1neo de varios equipos.<\/li><li>Control por carga.<\/li><li>Control por desplazamientos.<\/li><li>Control electr\u00f3nico e inform\u00e1tico de los sistemas hidr\u00e1ulicos.<\/li><\/ul>\n\n\n\n<p>Estos sistemas pueden aplicarse a cualquier capacidad, carrera y tipolog\u00eda de gatos:<\/p>\n\n\n\n<ul class=\"wp-block-list\"><li>Cilindros de doble efecto.<\/li><li>Cilindros huecos.<\/li><li>Cilindros con tuercas de seguridad.<\/li><li>Cilindros con cabezal basculante.<\/li><\/ul>\n\n\n\n<h2 class=\"wp-block-heading\">Proyectos<\/h2>\n\n\n\n<ol class=\"wp-block-list\"><li>Izado puente de Broadway en la Autopista de peaje de Indiana<\/li><li>Tesado multipunto muro cortina nuevo edificio terminal de Barajas<\/li><li>Eliminaci\u00f3n de pilas, aumento de g\u00e1libo y pretensado extradorsal en Viaducto AP36<\/li><\/ol>\n<\/div><\/m-wysiwig>\n","protected":false},"excerpt":{"rendered":"","protected":false},"featured_media":0,"parent":13536,"menu_order":0,"comment_status":"closed","ping_status":"closed","template":"","meta":{"_acf_changed":false,"footnotes":""},"class_list":["post-169485","page","type-page","status-publish","hentry"],"acf":[],"yoast_head":"<!-- This site is optimized with the Yoast SEO plugin v27.2 - https:\/\/yoast.com\/product\/yoast-seo-wordpress\/ -->\n<title>Movimiento de grandes cargas y reparaciones de estructuras - Ferrovial<\/title>\n<meta name=\"description\" content=\"Welcome to the Ferrovial&#039;s website, global operator of sustainable infrastructure. Here you can find all the information about the company and subsidiaries.\" \/>\n<meta name=\"robots\" content=\"index, follow, max-snippet:-1, max-image-preview:large, max-video-preview:-1\" \/>\n<link rel=\"canonical\" href=\"https:\/\/www.ferrovial.com\/es\/tecpresa\/movimiento-de-grandes-cargas-y-reparaciones-de-estructuras\/\" \/>\n<meta property=\"og:locale\" content=\"es_ES\" \/>\n<meta property=\"og:type\" content=\"article\" \/>\n<meta property=\"og:title\" content=\"Movimiento de grandes cargas y reparaciones de estructuras - Ferrovial\" \/>\n<meta property=\"og:description\" content=\"Welcome to the Ferrovial&#039;s website, global operator of sustainable infrastructure. Here you can find all the information about the company and subsidiaries.\" \/>\n<meta property=\"og:url\" content=\"https:\/\/www.ferrovial.com\/es\/tecpresa\/movimiento-de-grandes-cargas-y-reparaciones-de-estructuras\/\" \/>\n<meta property=\"og:site_name\" content=\"Ferrovial\" \/>\n<meta property=\"article:publisher\" content=\"https:\/\/www.facebook.com\/ferrovial\" \/>\n<meta property=\"article:modified_time\" content=\"2020-06-17T15:54:34+00:00\" \/>\n<meta name=\"twitter:card\" content=\"summary_large_image\" \/>\n<meta name=\"twitter:site\" content=\"@ferrovial\" \/>\n<meta name=\"twitter:label1\" content=\"Est. reading time\" \/>\n\t<meta name=\"twitter:data1\" content=\"1 minuto\" \/>\n<!-- \/ Yoast SEO plugin. -->","yoast_head_json":{"title":"Movimiento de grandes cargas y reparaciones de estructuras - Ferrovial","description":"Welcome to the Ferrovial's website, global operator of sustainable infrastructure. Here you can find all the information about the company and subsidiaries.","robots":{"index":"index","follow":"follow","max-snippet":"max-snippet:-1","max-image-preview":"max-image-preview:large","max-video-preview":"max-video-preview:-1"},"canonical":"https:\/\/www.ferrovial.com\/es\/tecpresa\/movimiento-de-grandes-cargas-y-reparaciones-de-estructuras\/","og_locale":"es_ES","og_type":"article","og_title":"Movimiento de grandes cargas y reparaciones de estructuras - Ferrovial","og_description":"Welcome to the Ferrovial's website, global operator of sustainable infrastructure. Here you can find all the information about the company and subsidiaries.","og_url":"https:\/\/www.ferrovial.com\/es\/tecpresa\/movimiento-de-grandes-cargas-y-reparaciones-de-estructuras\/","og_site_name":"Ferrovial","article_publisher":"https:\/\/www.facebook.com\/ferrovial","article_modified_time":"2020-06-17T15:54:34+00:00","twitter_card":"summary_large_image","twitter_site":"@ferrovial","twitter_misc":{"Est. reading time":"1 minuto"},"schema":{"@context":"https:\/\/schema.org","@graph":[{"@type":"WebPage","@id":"https:\/\/www.ferrovial.com\/es\/tecpresa\/movimiento-de-grandes-cargas-y-reparaciones-de-estructuras\/","url":"https:\/\/www.ferrovial.com\/es\/tecpresa\/movimiento-de-grandes-cargas-y-reparaciones-de-estructuras\/","name":"Movimiento de grandes cargas y reparaciones de estructuras - Ferrovial","isPartOf":{"@id":"https:\/\/www.ferrovial.com\/es\/#website"},"datePublished":"2020-06-17T15:54:01+00:00","dateModified":"2020-06-17T15:54:34+00:00","description":"Welcome to the Ferrovial's website, global operator of sustainable infrastructure. Here you can find all the information about the company and subsidiaries.","breadcrumb":{"@id":"https:\/\/www.ferrovial.com\/es\/tecpresa\/movimiento-de-grandes-cargas-y-reparaciones-de-estructuras\/#breadcrumb"},"inLanguage":"es","potentialAction":[{"@type":"ReadAction","target":["https:\/\/www.ferrovial.com\/es\/tecpresa\/movimiento-de-grandes-cargas-y-reparaciones-de-estructuras\/"]}]},{"@type":"BreadcrumbList","@id":"https:\/\/www.ferrovial.com\/es\/tecpresa\/movimiento-de-grandes-cargas-y-reparaciones-de-estructuras\/#breadcrumb","itemListElement":[{"@type":"ListItem","position":1,"name":"Portada","item":"https:\/\/www.ferrovial.com\/es\/"},{"@type":"ListItem","position":2,"name":"Tecpresa","item":"https:\/\/www.ferrovial.com\/es\/tecpresa\/"},{"@type":"ListItem","position":3,"name":"Movimiento de grandes cargas y reparaciones de estructuras"}]},{"@type":"WebSite","@id":"https:\/\/www.ferrovial.com\/es\/#website","url":"https:\/\/www.ferrovial.com\/es\/","name":"Ferrovial","description":"Welcome to the Ferrovial&#039;s website, global operator of sustainable infrastructure. Here you can find all the information about the company and subsidiaries.","publisher":{"@id":"https:\/\/www.ferrovial.com\/es\/#organization"},"potentialAction":[{"@type":"SearchAction","target":{"@type":"EntryPoint","urlTemplate":"https:\/\/www.ferrovial.com\/es\/?s={search_term_string}"},"query-input":{"@type":"PropertyValueSpecification","valueRequired":true,"valueName":"search_term_string"}}],"inLanguage":"es"},{"@type":"Organization","@id":"https:\/\/www.ferrovial.com\/es\/#organization","name":"Ferrovial S.A.","url":"https:\/\/www.ferrovial.com\/es\/","logo":{"@type":"ImageObject","inLanguage":"es","@id":"https:\/\/www.ferrovial.com\/es\/#\/schema\/logo\/image\/","url":"https:\/\/static.ferrovial.com\/wp-content\/uploads\/2020\/01\/13124948\/logo-ferrovial-cf7.png","contentUrl":"https:\/\/static.ferrovial.com\/wp-content\/uploads\/2020\/01\/13124948\/logo-ferrovial-cf7.png","width":144,"height":32,"caption":"Ferrovial S.A."},"image":{"@id":"https:\/\/www.ferrovial.com\/es\/#\/schema\/logo\/image\/"},"sameAs":["https:\/\/www.facebook.com\/ferrovial","https:\/\/x.com\/ferrovial","https:\/\/www.instagram.com\/ferrovial\/","https:\/\/www.linkedin.com\/company\/ferrovial","https:\/\/www.pinterest.es\/ferrovial\/","https:\/\/www.youtube.com\/ferrovial","https:\/\/en.wikipedia.org\/wiki\/Ferrovial"]}]}},"_links":{"self":[{"href":"https:\/\/www.ferrovial.com\/es\/wp-json\/wp\/v2\/pages\/169485","targetHints":{"allow":["GET"]}}],"collection":[{"href":"https:\/\/www.ferrovial.com\/es\/wp-json\/wp\/v2\/pages"}],"about":[{"href":"https:\/\/www.ferrovial.com\/es\/wp-json\/wp\/v2\/types\/page"}],"replies":[{"embeddable":true,"href":"https:\/\/www.ferrovial.com\/es\/wp-json\/wp\/v2\/comments?post=169485"}],"version-history":[{"count":1,"href":"https:\/\/www.ferrovial.com\/es\/wp-json\/wp\/v2\/pages\/169485\/revisions"}],"predecessor-version":[{"id":169489,"href":"https:\/\/www.ferrovial.com\/es\/wp-json\/wp\/v2\/pages\/169485\/revisions\/169489"}],"up":[{"embeddable":true,"href":"https:\/\/www.ferrovial.com\/es\/wp-json\/wp\/v2\/pages\/13536"}],"wp:attachment":[{"href":"https:\/\/www.ferrovial.com\/es\/wp-json\/wp\/v2\/media?parent=169485"}],"curies":[{"name":"wp","href":"https:\/\/api.w.org\/{rel}","templated":true}]}}