{"id":174385,"date":"2020-10-06T16:23:03","date_gmt":"2020-10-06T14:23:03","guid":{"rendered":"https:\/\/www.ferrovial.com\/?page_id=174385"},"modified":"2020-10-09T11:06:48","modified_gmt":"2020-10-09T09:06:48","slug":"que-es-foresight","status":"publish","type":"page","link":"https:\/\/www.ferrovial.com\/es\/foresight\/que-es-foresight\/","title":{"rendered":"\u00bfQu\u00e9 es Foresight?"},"content":{"rendered":"    <m-final-content-header bgimage='https:\/\/static.ferrovial.com\/wp-content\/uploads\/2020\/10\/13123652\/htt-hyperloop-8ovb1uqq-1280x720.jpeg'>\n            <c-breadcrumb label-text=\"Breadcrumb\" slot=\"breadcrumbs\" type='2' align='left' wrap='wrapped wrapped' aria-label='Vienes de Foresight'>\n                        <ol>\n\n                                                            <li><a href=\"https:\/\/www.ferrovial.com\/es\/\" title=\"Ferrovial\">Ferrovial<\/a><\/li>\n                                                                        <li><a href=\"https:\/\/www.ferrovial.com\/es\/foresight\/\" title=\"Foresight\">Foresight<\/a><\/li>\n                                    \n                <\/ol>\n\n                <\/c-breadcrumb>\n    \n        <div slot=\"header\">\n            <h1>\n                \u00bfQu\u00e9 es Foresight?            <\/h1>\n                    <\/div>\n    <\/m-final-content-header>\n\n    \n\n\n<m-wysiwig class=\"wp-block-components-wysiwyg\"><div slot=\"maincontent\">    <p class=\"intro\">Foresight es la plataforma de innovaci\u00f3n abierta de Ferrovial para construir el futuro de las infraestructuras de transporte y la movilidad.  <\/p>\n    \n\n\n<p>Un lugar de&nbsp;encuentro del ecosistema para el&nbsp;intercambio de&nbsp;tendencias,&nbsp;conocimiento&nbsp;y nuevas tecnolog\u00edas, en el que&nbsp;nuestros expertos colaboran&nbsp;con clientes,&nbsp;<em>startups<\/em>, inversores y otros agentes con visi\u00f3n de futuro para construir un futuro mejor.&nbsp;<\/p>\n\n\n\n<p>Estamos inmersos en un entorno&nbsp;cada vez m\u00e1s&nbsp;desafiante,&nbsp;en el que los cambios se suceden&nbsp;uno tras otro.&nbsp;Las&nbsp;estrategias tradicionales de mirar hacia el pasado&nbsp;y extrapolar hacia el futuro&nbsp;ya no&nbsp;son&nbsp;v\u00e1lidas&nbsp;para afrontar los grandes retos sociales, econ\u00f3micos y medioambientales.&nbsp;Por ello, estamos convencidos&nbsp;de la necesidad de&nbsp;desarrollar&nbsp;un pensamiento a largo plazo. Una estrategia&nbsp;que&nbsp;nos d\u00e9 gu\u00edas para&nbsp;actuar&nbsp;en&nbsp;el presente&nbsp;y&nbsp;nos permita aportar valor en las grandes transformaciones del futuro.&nbsp;&nbsp;<\/p>\n\n\n\n<h2 class=\"wp-block-heading\"><strong>\u00bfPor qu\u00e9&nbsp;<\/strong><strong>Foresight<\/strong><strong>?&nbsp;<\/strong>&nbsp;<\/h2>\n\n\n\n<p>Uno de nuestros pilares es anticiparnos y explorar lo que nos trae el futuro. Esto es fundamental en una empresa como Ferrovial, en la que las diferentes l\u00edneas y unidades de negocio operan en entornos muy amplios y complejos, y por lo tanto inciertos.&nbsp;&nbsp;<\/p>\n\n\n\n<p>Muchas empresas dan por hecho que el futuro va a ser similar al presente. Partiendo de esta idea, organizan sus estrategias a largo plazo tomando como referentes an\u00e1lisis del pasado. Sin embargo, trabajar con pron\u00f3sticos conservadores en un contexto tan cambiante como el actual presenta riesgos. El primero, caer en una falta de planificaci\u00f3n que no deja tiempo para reaccionar.&nbsp;&nbsp;<\/p>\n\n\n\n<p><strong>Ver el futuro con perspectiva es hoy m\u00e1s relevante que nunca.<\/strong> Despu\u00e9s de algunos a\u00f1os trabajando con el planteamiento de&nbsp;Foresight, queremos compartirlo p\u00fablicamente para abrir una red de colaboraci\u00f3n y tender una mano abierta a todos los socios que quieran hacer realidad sus planes de futuro.&nbsp;&nbsp;<\/p>\n\n\n\n<p>Foresight&nbsp;incluye los programas de:&nbsp;<\/p>\n\n\n\n<ul class=\"wp-block-list\"><li><strong><em>What&nbsp;if\u2026<\/em>?:<\/strong>&nbsp;ejercicios de reflexi\u00f3n en los que tratamos de intuir y comprender futuros plausibles que puedan darse en los pr\u00f3ximos a\u00f1os. Esto nos permite tener margen de maniobra y actuar de forma proactiva desde el presente, probando diferentes estrategias. Adem\u00e1s, aumenta nuestra habilidad para hacer frente a incertidumbre y ver el futuro con flexibilidad.&nbsp;<\/li><li><strong>Innovation&nbsp;Insights:<\/strong>&nbsp;estamos atentos a tendencias del mercado, nuevas tecnolog\u00edas y modelos de negocio para recopilar informaci\u00f3n sobre nuestro entorno, en constante movimiento.&nbsp;&nbsp;<\/li><\/ul>\n\n\n\n<ul class=\"wp-block-list\"><li><strong>Corporate&nbsp;Venturing:<\/strong>&nbsp;aceleramos nuestro proceso de innovaci\u00f3n mediante la colaboraci\u00f3n con startups que nos permiten probar tecnolog\u00edas y&nbsp;modelos de negocio rompedores&nbsp;que, debido&nbsp;a&nbsp;su&nbsp;alto nivel de riesgo, son m\u00e1s dif\u00edciles de desarrollar dentro de los l\u00edmites de la empresa.&nbsp;<\/li><\/ul>\n\n\n\n<p>Foresight&nbsp;nos ayuda, en definitiva, a:&nbsp;<\/p>\n\n\n\n<ul class=\"wp-block-list\"><li>Anticipar&nbsp;y&nbsp;explorar lo que est\u00e1 por llegar&nbsp;<\/li><li>Generar insights sobre cambios en el entorno&nbsp;<\/li><li>Identificar y desarrollar oportunidades futuras&nbsp;<\/li><li>Actuar proactivamente y tomar mejores decisiones&nbsp;en el presente<\/li><li>Atraer el mejor talento del ecosistema<\/li><\/ul>\n\n\n\n<p><\/p>\n<\/div><\/m-wysiwig>\n","protected":false},"excerpt":{"rendered":"","protected":false},"featured_media":0,"parent":174382,"menu_order":0,"comment_status":"closed","ping_status":"closed","template":"","meta":{"_acf_changed":false,"footnotes":""},"class_list":["post-174385","page","type-page","status-publish","hentry"],"acf":[],"yoast_head":"<!-- This site is optimized with the Yoast SEO plugin v27.2 - https:\/\/yoast.com\/product\/yoast-seo-wordpress\/ -->\n<title>\u00bfQu\u00e9 es Foresight? - Ferrovial<\/title>\n<meta name=\"description\" content=\"Welcome to the Ferrovial&#039;s website, global operator of sustainable infrastructure. Here you can find all the information about the company and subsidiaries.\" \/>\n<meta name=\"robots\" content=\"index, follow, max-snippet:-1, max-image-preview:large, max-video-preview:-1\" \/>\n<link rel=\"canonical\" href=\"https:\/\/www.ferrovial.com\/es\/foresight\/que-es-foresight\/\" \/>\n<meta property=\"og:locale\" content=\"es_ES\" \/>\n<meta property=\"og:type\" content=\"article\" \/>\n<meta property=\"og:title\" content=\"\u00bfQu\u00e9 es Foresight? - Ferrovial\" \/>\n<meta property=\"og:description\" content=\"Welcome to the Ferrovial&#039;s website, global operator of sustainable infrastructure. Here you can find all the information about the company and subsidiaries.\" \/>\n<meta property=\"og:url\" content=\"https:\/\/www.ferrovial.com\/es\/foresight\/que-es-foresight\/\" \/>\n<meta property=\"og:site_name\" content=\"Ferrovial\" \/>\n<meta property=\"article:publisher\" content=\"https:\/\/www.facebook.com\/ferrovial\" \/>\n<meta property=\"article:modified_time\" content=\"2020-10-09T09:06:48+00:00\" \/>\n<meta name=\"twitter:card\" content=\"summary_large_image\" \/>\n<meta name=\"twitter:site\" content=\"@ferrovial\" \/>\n<meta name=\"twitter:label1\" content=\"Est. reading time\" \/>\n\t<meta name=\"twitter:data1\" content=\"3 minutos\" \/>\n<!-- \/ Yoast SEO plugin. -->","yoast_head_json":{"title":"\u00bfQu\u00e9 es Foresight? - Ferrovial","description":"Welcome to the Ferrovial's website, global operator of sustainable infrastructure. Here you can find all the information about the company and subsidiaries.","robots":{"index":"index","follow":"follow","max-snippet":"max-snippet:-1","max-image-preview":"max-image-preview:large","max-video-preview":"max-video-preview:-1"},"canonical":"https:\/\/www.ferrovial.com\/es\/foresight\/que-es-foresight\/","og_locale":"es_ES","og_type":"article","og_title":"\u00bfQu\u00e9 es Foresight? - Ferrovial","og_description":"Welcome to the Ferrovial's website, global operator of sustainable infrastructure. Here you can find all the information about the company and subsidiaries.","og_url":"https:\/\/www.ferrovial.com\/es\/foresight\/que-es-foresight\/","og_site_name":"Ferrovial","article_publisher":"https:\/\/www.facebook.com\/ferrovial","article_modified_time":"2020-10-09T09:06:48+00:00","twitter_card":"summary_large_image","twitter_site":"@ferrovial","twitter_misc":{"Est. reading time":"3 minutos"},"schema":{"@context":"https:\/\/schema.org","@graph":[{"@type":"WebPage","@id":"https:\/\/www.ferrovial.com\/es\/foresight\/que-es-foresight\/","url":"https:\/\/www.ferrovial.com\/es\/foresight\/que-es-foresight\/","name":"\u00bfQu\u00e9 es Foresight? - Ferrovial","isPartOf":{"@id":"https:\/\/www.ferrovial.com\/es\/#website"},"datePublished":"2020-10-06T14:23:03+00:00","dateModified":"2020-10-09T09:06:48+00:00","description":"Welcome to the Ferrovial's website, global operator of sustainable infrastructure. Here you can find all the information about the company and subsidiaries.","breadcrumb":{"@id":"https:\/\/www.ferrovial.com\/es\/foresight\/que-es-foresight\/#breadcrumb"},"inLanguage":"es","potentialAction":[{"@type":"ReadAction","target":["https:\/\/www.ferrovial.com\/es\/foresight\/que-es-foresight\/"]}]},{"@type":"BreadcrumbList","@id":"https:\/\/www.ferrovial.com\/es\/foresight\/que-es-foresight\/#breadcrumb","itemListElement":[{"@type":"ListItem","position":1,"name":"Portada","item":"https:\/\/www.ferrovial.com\/es\/"},{"@type":"ListItem","position":2,"name":"Foresight","item":"https:\/\/www.ferrovial.com\/es\/foresight\/"},{"@type":"ListItem","position":3,"name":"\u00bfQu\u00e9 es Foresight?"}]},{"@type":"WebSite","@id":"https:\/\/www.ferrovial.com\/es\/#website","url":"https:\/\/www.ferrovial.com\/es\/","name":"Ferrovial","description":"Welcome to the Ferrovial&#039;s website, global operator of sustainable infrastructure. Here you can find all the information about the company and subsidiaries.","publisher":{"@id":"https:\/\/www.ferrovial.com\/es\/#organization"},"potentialAction":[{"@type":"SearchAction","target":{"@type":"EntryPoint","urlTemplate":"https:\/\/www.ferrovial.com\/es\/?s={search_term_string}"},"query-input":{"@type":"PropertyValueSpecification","valueRequired":true,"valueName":"search_term_string"}}],"inLanguage":"es"},{"@type":"Organization","@id":"https:\/\/www.ferrovial.com\/es\/#organization","name":"Ferrovial S.A.","url":"https:\/\/www.ferrovial.com\/es\/","logo":{"@type":"ImageObject","inLanguage":"es","@id":"https:\/\/www.ferrovial.com\/es\/#\/schema\/logo\/image\/","url":"https:\/\/static.ferrovial.com\/wp-content\/uploads\/2020\/01\/13124948\/logo-ferrovial-cf7.png","contentUrl":"https:\/\/static.ferrovial.com\/wp-content\/uploads\/2020\/01\/13124948\/logo-ferrovial-cf7.png","width":144,"height":32,"caption":"Ferrovial S.A."},"image":{"@id":"https:\/\/www.ferrovial.com\/es\/#\/schema\/logo\/image\/"},"sameAs":["https:\/\/www.facebook.com\/ferrovial","https:\/\/x.com\/ferrovial","https:\/\/www.instagram.com\/ferrovial\/","https:\/\/www.linkedin.com\/company\/ferrovial","https:\/\/www.pinterest.es\/ferrovial\/","https:\/\/www.youtube.com\/ferrovial","https:\/\/en.wikipedia.org\/wiki\/Ferrovial"]}]}},"_links":{"self":[{"href":"https:\/\/www.ferrovial.com\/es\/wp-json\/wp\/v2\/pages\/174385","targetHints":{"allow":["GET"]}}],"collection":[{"href":"https:\/\/www.ferrovial.com\/es\/wp-json\/wp\/v2\/pages"}],"about":[{"href":"https:\/\/www.ferrovial.com\/es\/wp-json\/wp\/v2\/types\/page"}],"replies":[{"embeddable":true,"href":"https:\/\/www.ferrovial.com\/es\/wp-json\/wp\/v2\/comments?post=174385"}],"version-history":[{"count":3,"href":"https:\/\/www.ferrovial.com\/es\/wp-json\/wp\/v2\/pages\/174385\/revisions"}],"predecessor-version":[{"id":176567,"href":"https:\/\/www.ferrovial.com\/es\/wp-json\/wp\/v2\/pages\/174385\/revisions\/176567"}],"up":[{"embeddable":true,"href":"https:\/\/www.ferrovial.com\/es\/wp-json\/wp\/v2\/pages\/174382"}],"wp:attachment":[{"href":"https:\/\/www.ferrovial.com\/es\/wp-json\/wp\/v2\/media?parent=174385"}],"curies":[{"name":"wp","href":"https:\/\/api.w.org\/{rel}","templated":true}]}}