{"id":174390,"date":"2020-10-06T16:24:12","date_gmt":"2020-10-06T14:24:12","guid":{"rendered":"https:\/\/www.ferrovial.com\/?page_id=174390"},"modified":"2025-12-19T11:31:11","modified_gmt":"2025-12-19T10:31:11","slug":"escenarios","status":"publish","type":"page","link":"https:\/\/www.ferrovial.com\/es\/foresight\/escenarios\/","title":{"rendered":"Escenarios"},"content":{"rendered":"    <m-final-content-header bgimage='https:\/\/static.ferrovial.com\/wp-content\/uploads\/2023\/02\/10110712\/energy-storage-foresight-landscape-1280x720.png'>\n            <c-breadcrumb label-text=\"Breadcrumb\" slot=\"breadcrumbs\" type='2' align='left' wrap='wrapped wrapped' aria-label='Vienes de Foresight'>\n                        <ol>\n\n                                                            <li><a href=\"https:\/\/www.ferrovial.com\/es\/\" title=\"Ferrovial\">Ferrovial<\/a><\/li>\n                                                                        <li><a href=\"https:\/\/www.ferrovial.com\/es\/foresight\/\" title=\"Foresight\">Foresight<\/a><\/li>\n                                    \n                <\/ol>\n\n                <\/c-breadcrumb>\n    \n        <div slot=\"header\">\n            <h1>\n                What If&#8230;?            <\/h1>\n                    <\/div>\n    <\/m-final-content-header>\n\n    \n\n\n<m-wysiwig class=\"wp-block-components-wysiwyg\"><div slot=\"maincontent\">    <p class=\"intro\">Una de nuestras herramientas es la planificaci\u00f3n de escenarios, una metodolog\u00eda que se basa en la generaci\u00f3n de escenarios futuros plausibles.<\/p>\n    \n\n\n<p>No se trata de narrativas de ciencia ficci\u00f3n, sino de escenarios cre\u00edbles que describen c\u00f3mo podr\u00eda ser el mundo&nbsp;del ma\u00f1ana.&nbsp;&nbsp;<\/p>\n\n\n\n<p>El proceso nos ayuda a&nbsp;liberar nuestras mentes de sesgos cognitivos y de ideas preconcebidas, desafiando las asunciones existentes. Nos permite&nbsp;adquirir habilidades para trabajar en entornos inciertos y anticipar implicaciones y oportunidades que nos permitan tomar mejores decisiones en el presente.<\/p>\n\n\n\n<p>Estos escenarios no deben verse como un fin en s\u00ed mismos, sino como medios para dar respuestas a una importante pregunta: <strong>\u00bfqu\u00e9 deber\u00eda estar haciendo hoy, teniendo en cuenta que este posible futuro podr\u00eda estar sucediendo?&nbsp;<\/strong><\/p>\n\n\n\n<p>Un pilar de esta metodolog\u00eda es la&nbsp;colaboraci\u00f3n.&nbsp;Contar con el mayor n\u00famero posible de puntos de vista nos ayudar\u00e1 a generar un debate enriquecedor y visualizar distintas opciones. Por ello,&nbsp;buscamos crear&nbsp;nuevas redes de cooperaci\u00f3n&nbsp;con las que trabajar en la generaci\u00f3n de esos escenarios y\/o en las oportunidades resultantes.<\/p>\n<\/div><\/m-wysiwig>\n\n\n    <m-multiple-distributor columns='4'>\n                            <div class=\"card\">\n                                                <img decoding=\"async\" src=\"https:\/\/static.ferrovial.com\/wp-content\/uploads\/2020\/10\/13123704\/foresight_hyperloop-icon-600x600.png\" alt=\"Icono Hyperloop Foresight\" position=\"center center\" \/>\n                                                        <p class=\"name\">Hyperloop<\/p>\n                                                                    <p class=\"description\">Descripci\u00f3n por defecto<\/p>\n                                                                        <a title='Accede y descubre el futuro' aria-label='M\u00e1s informaci\u00f3n sobre Hyperloop'>Accede y descubre el futuro<\/a>\n                                                            <\/div>\n                                        <div class=\"card\">\n                                                <img decoding=\"async\" src=\"https:\/\/static.ferrovial.com\/wp-content\/uploads\/2020\/10\/13123701\/foresight_movilidad-aerea-1025x600-1-600x600.png\" alt=\"Icono Movilidad Foresight\" position=\"center center\" \/>\n                                                        <p class=\"name\">Movilidad a\u00e9rea urbana<\/p>\n                                                                    <p class=\"description\">Descripci\u00f3n por defecto<\/p>\n                                                                        <a title='Accede y descubre el futuro' aria-label='M\u00e1s informaci\u00f3n sobre Movilidad a\u00e9rea urbana'>Accede y descubre el futuro<\/a>\n                                                            <\/div>\n                                        <div class=\"card\">\n                                                <img decoding=\"async\" src=\"https:\/\/static.ferrovial.com\/wp-content\/uploads\/2020\/10\/13123639\/foresight-urban-logistics-header-1-600x600.png\" alt=\"Icono Log\u00edstica Foresight\" position=\"center center\" \/>\n                                                        <p class=\"name\">Log\u00edstica Urbana<\/p>\n                                                                    <p class=\"description\">Descripci\u00f3n por defecto<\/p>\n                                                                        <a title='Accede y descubre el futuro' aria-label='M\u00e1s informaci\u00f3n sobre Log\u00edstica Urbana'>Accede y descubre el futuro<\/a>\n                                                            <\/div>\n                                        <div class=\"card\">\n                                                <img decoding=\"async\" src=\"https:\/\/static.ferrovial.com\/wp-content\/uploads\/2021\/10\/04114112\/foresight-vehiculos-autonomos-1025x600-1-600x600.png\" alt=\"Icono Veh\u00edculos Aut\u00f3nomos Foresight\" position=\"center center\" \/>\n                                                        <p class=\"name\">Veh\u00edculos Aut\u00f3nomos Conectados<\/p>\n                                                                    <p class=\"description\">Descripci\u00f3n por defecto<\/p>\n                                                                        <a title='Accede y descubre el futuro' aria-label='M\u00e1s informaci\u00f3n sobre Veh\u00edculos Aut\u00f3nomos Conectados'>Accede y descubre el futuro<\/a>\n                                                            <\/div>\n                                        <div class=\"card\">\n                                                <img decoding=\"async\" src=\"https:\/\/static.ferrovial.com\/wp-content\/uploads\/2023\/02\/13184531\/foresight-energy-storage-icon.png\" alt=\"Icono Almacenamiento de Energ\u00eda Foresight\" position=\"center center\" \/>\n                                                        <p class=\"name\">Almacenamiento de Energ\u00eda<\/p>\n                                                                    <p class=\"description\">Descripci\u00f3n por defecto<\/p>\n                                                                        <a title='Accede y descubre el futuro' aria-label='M\u00e1s informaci\u00f3n sobre Almacenamiento de Energ\u00eda'>Accede y descubre el futuro<\/a>\n                                                            <\/div>\n                                        <div class=\"card\">\n                                                <img decoding=\"async\" src=\"https:\/\/static.ferrovial.com\/wp-content\/uploads\/2024\/09\/04125621\/600x600-sustainable-construction-foresight.jpg\" alt=\"600X600-Sustainable-Construction Foresight\" position=\"center center\" \/>\n                                                        <p class=\"name\">Construcci\u00f3n Sostenible<\/p>\n                                                                    <p class=\"description\">Descripci\u00f3n por defecto<\/p>\n                                                                        <a title='Accede y descubre el futuro' aria-label='M\u00e1s informaci\u00f3n sobre Construcci\u00f3n Sostenible'>Accede y descubre el futuro<\/a>\n                                                            <\/div>\n                                        <div class=\"card\">\n                                                <img decoding=\"async\" src=\"https:\/\/static.ferrovial.com\/wp-content\/uploads\/2025\/12\/04170847\/visual-foresight-ia-01.png\" alt=\"\" position=\"center center\" \/>\n                                                        <p class=\"name\">Corporaciones Aut\u00f3nomas<\/p>\n                                                                    <p class=\"description\">Descripci\u00f3n por defecto<\/p>\n                                                                        <a title='accede y descubre el futuro' aria-label='M\u00e1s informaci\u00f3n sobre Corporaciones Aut\u00f3nomas'>accede y descubre el futuro<\/a>\n                                                            <\/div>\n                        <\/m-multiple-distributor>\n\n    \n\n\n<m-wysiwig class=\"wp-block-components-wysiwyg\"><div slot=\"maincontent\">\n<h2 class=\"wp-block-heading\"><strong>\u00bfC\u00f3mo trabajamos con&nbsp;Scenario Planning?&nbsp;<\/strong><\/h2>\n\n\n\n<p>La metodolog\u00eda de planificaci\u00f3n de escenarios nos proporciona una herramienta para intuir, detectar y visualizar futuros plausibles para aprender a trabajar en entornos cada vez m\u00e1s turbulentos\/vol\u00e1tiles, inciertos, novedosos\/complejos y ambiguos. Nos ayuda a desarrollar una estrategia de pensamiento a largo plazo y evitar la tendencia de extrapolar las tendencias del pasado hacia el futuro.<\/p>\n\n\n\n<p>La planificaci\u00f3n de escenarios es una forma de abordar lo impredecible de una forma estructurada y disciplinada. Al contrario que la planificaci\u00f3n estrat\u00e9gica tradicional, que asume que hay una \u00fanica respuesta correcta para cada situaci\u00f3n, los escenarios no son predicciones ni pron\u00f3sticos, y no suponen una visi\u00f3n comprometida del futuro a una sola alternativa.<\/p>\n\n\n\n<p>Cada escenario es una historia que narra un futuro veros\u00edmil, respaldado por un proceso s\u00f3lido y estructurado de an\u00e1lisis. El conjunto de todos los escenarios representa un \u00e1rea en la que podr\u00eda estar el futuro.&nbsp;Los escenarios no son predicciones ni previsiones.&nbsp;Al utilizar la planificaci\u00f3n de escenarios podemos detectar oportunidades y amenazas para desarrollar posibles estrategias.&nbsp;<\/p>\n\n\n\n<p>De manera simplificada, las etapas principales del proceso que seguimos son los siguientes:&nbsp;<\/p>\n\n\n\n<ul class=\"wp-block-list\">\n<li>Preparaci\u00f3n del tema principal, el prop\u00f3sito del ejercicio y su alcance.&nbsp;<\/li>\n\n\n\n<li>Detecci\u00f3n de los factores que impactan en ese tema principal.&nbsp;<\/li>\n\n\n\n<li>An\u00e1lisis de los principales <em>drivers<\/em> ciertos e inciertos que conforman el sistema.&nbsp;&nbsp;<\/li>\n\n\n\n<li>Composici\u00f3n de los escenarios teniendo en cuenta la combinaci\u00f3n de esos <em>drivers<\/em>.<\/li>\n\n\n\n<li>Determinaci\u00f3n de implicaciones y oportunidades para cada escenario.<\/li>\n\n\n\n<li>Desarrollo de las estrategias necesarias.<\/li>\n\n\n\n<li>Monitorizaci\u00f3n de la evoluci\u00f3n del entorno.<\/li>\n\n\n\n<li>Difusi\u00f3n de la informaci\u00f3n obtenida.&nbsp;<\/li>\n<\/ul>\n<\/div><\/m-wysiwig>\n","protected":false},"excerpt":{"rendered":"","protected":false},"featured_media":0,"parent":174382,"menu_order":0,"comment_status":"closed","ping_status":"closed","template":"","meta":{"_acf_changed":false,"footnotes":""},"class_list":["post-174390","page","type-page","status-publish","hentry"],"acf":[],"yoast_head":"<!-- This site is optimized with the Yoast SEO plugin v27.2 - https:\/\/yoast.com\/product\/yoast-seo-wordpress\/ -->\n<title>Escenarios - Ferrovial<\/title>\n<meta name=\"description\" content=\"Rellena este formulario y te haremos llegar las \u00faltimas novedades de los escenarios que trabajamos. Queremos que formes parte de nuestro futuro.\" \/>\n<meta name=\"robots\" content=\"index, follow, max-snippet:-1, max-image-preview:large, max-video-preview:-1\" \/>\n<link rel=\"canonical\" href=\"https:\/\/www.ferrovial.com\/es\/foresight\/escenarios\/\" \/>\n<meta property=\"og:locale\" content=\"es_ES\" \/>\n<meta property=\"og:type\" content=\"article\" \/>\n<meta property=\"og:title\" content=\"Escenarios - Ferrovial\" \/>\n<meta property=\"og:description\" content=\"Rellena este formulario y te haremos llegar las \u00faltimas novedades de los escenarios que trabajamos. Queremos que formes parte de nuestro futuro.\" \/>\n<meta property=\"og:url\" content=\"https:\/\/www.ferrovial.com\/es\/foresight\/escenarios\/\" \/>\n<meta property=\"og:site_name\" content=\"Ferrovial\" \/>\n<meta property=\"article:publisher\" content=\"https:\/\/www.facebook.com\/ferrovial\" \/>\n<meta property=\"article:modified_time\" content=\"2025-12-19T10:31:11+00:00\" \/>\n<meta name=\"twitter:card\" content=\"summary_large_image\" \/>\n<meta name=\"twitter:site\" content=\"@ferrovial\" \/>\n<meta name=\"twitter:label1\" content=\"Est. reading time\" \/>\n\t<meta name=\"twitter:data1\" content=\"2 minutos\" \/>\n<!-- \/ Yoast SEO plugin. -->","yoast_head_json":{"title":"Escenarios - Ferrovial","description":"Rellena este formulario y te haremos llegar las \u00faltimas novedades de los escenarios que trabajamos. Queremos que formes parte de nuestro futuro.","robots":{"index":"index","follow":"follow","max-snippet":"max-snippet:-1","max-image-preview":"max-image-preview:large","max-video-preview":"max-video-preview:-1"},"canonical":"https:\/\/www.ferrovial.com\/es\/foresight\/escenarios\/","og_locale":"es_ES","og_type":"article","og_title":"Escenarios - Ferrovial","og_description":"Rellena este formulario y te haremos llegar las \u00faltimas novedades de los escenarios que trabajamos. Queremos que formes parte de nuestro futuro.","og_url":"https:\/\/www.ferrovial.com\/es\/foresight\/escenarios\/","og_site_name":"Ferrovial","article_publisher":"https:\/\/www.facebook.com\/ferrovial","article_modified_time":"2025-12-19T10:31:11+00:00","twitter_card":"summary_large_image","twitter_site":"@ferrovial","twitter_misc":{"Est. reading time":"2 minutos"},"schema":{"@context":"https:\/\/schema.org","@graph":[{"@type":"WebPage","@id":"https:\/\/www.ferrovial.com\/es\/foresight\/escenarios\/","url":"https:\/\/www.ferrovial.com\/es\/foresight\/escenarios\/","name":"Escenarios - Ferrovial","isPartOf":{"@id":"https:\/\/www.ferrovial.com\/es\/#website"},"datePublished":"2020-10-06T14:24:12+00:00","dateModified":"2025-12-19T10:31:11+00:00","description":"Rellena este formulario y te haremos llegar las \u00faltimas novedades de los escenarios que trabajamos. Queremos que formes parte de nuestro futuro.","breadcrumb":{"@id":"https:\/\/www.ferrovial.com\/es\/foresight\/escenarios\/#breadcrumb"},"inLanguage":"es","potentialAction":[{"@type":"ReadAction","target":["https:\/\/www.ferrovial.com\/es\/foresight\/escenarios\/"]}]},{"@type":"BreadcrumbList","@id":"https:\/\/www.ferrovial.com\/es\/foresight\/escenarios\/#breadcrumb","itemListElement":[{"@type":"ListItem","position":1,"name":"Portada","item":"https:\/\/www.ferrovial.com\/es\/"},{"@type":"ListItem","position":2,"name":"Foresight","item":"https:\/\/www.ferrovial.com\/es\/foresight\/"},{"@type":"ListItem","position":3,"name":"Escenarios"}]},{"@type":"WebSite","@id":"https:\/\/www.ferrovial.com\/es\/#website","url":"https:\/\/www.ferrovial.com\/es\/","name":"Ferrovial","description":"Welcome to the Ferrovial&#039;s website, global operator of sustainable infrastructure. Here you can find all the information about the company and subsidiaries.","publisher":{"@id":"https:\/\/www.ferrovial.com\/es\/#organization"},"potentialAction":[{"@type":"SearchAction","target":{"@type":"EntryPoint","urlTemplate":"https:\/\/www.ferrovial.com\/es\/?s={search_term_string}"},"query-input":{"@type":"PropertyValueSpecification","valueRequired":true,"valueName":"search_term_string"}}],"inLanguage":"es"},{"@type":"Organization","@id":"https:\/\/www.ferrovial.com\/es\/#organization","name":"Ferrovial S.A.","url":"https:\/\/www.ferrovial.com\/es\/","logo":{"@type":"ImageObject","inLanguage":"es","@id":"https:\/\/www.ferrovial.com\/es\/#\/schema\/logo\/image\/","url":"https:\/\/static.ferrovial.com\/wp-content\/uploads\/2020\/01\/13124948\/logo-ferrovial-cf7.png","contentUrl":"https:\/\/static.ferrovial.com\/wp-content\/uploads\/2020\/01\/13124948\/logo-ferrovial-cf7.png","width":144,"height":32,"caption":"Ferrovial S.A."},"image":{"@id":"https:\/\/www.ferrovial.com\/es\/#\/schema\/logo\/image\/"},"sameAs":["https:\/\/www.facebook.com\/ferrovial","https:\/\/x.com\/ferrovial","https:\/\/www.instagram.com\/ferrovial\/","https:\/\/www.linkedin.com\/company\/ferrovial","https:\/\/www.pinterest.es\/ferrovial\/","https:\/\/www.youtube.com\/ferrovial","https:\/\/en.wikipedia.org\/wiki\/Ferrovial"]}]}},"_links":{"self":[{"href":"https:\/\/www.ferrovial.com\/es\/wp-json\/wp\/v2\/pages\/174390","targetHints":{"allow":["GET"]}}],"collection":[{"href":"https:\/\/www.ferrovial.com\/es\/wp-json\/wp\/v2\/pages"}],"about":[{"href":"https:\/\/www.ferrovial.com\/es\/wp-json\/wp\/v2\/types\/page"}],"replies":[{"embeddable":true,"href":"https:\/\/www.ferrovial.com\/es\/wp-json\/wp\/v2\/comments?post=174390"}],"version-history":[{"count":3,"href":"https:\/\/www.ferrovial.com\/es\/wp-json\/wp\/v2\/pages\/174390\/revisions"}],"predecessor-version":[{"id":320814,"href":"https:\/\/www.ferrovial.com\/es\/wp-json\/wp\/v2\/pages\/174390\/revisions\/320814"}],"up":[{"embeddable":true,"href":"https:\/\/www.ferrovial.com\/es\/wp-json\/wp\/v2\/pages\/174382"}],"wp:attachment":[{"href":"https:\/\/www.ferrovial.com\/es\/wp-json\/wp\/v2\/media?parent=174390"}],"curies":[{"name":"wp","href":"https:\/\/api.w.org\/{rel}","templated":true}]}}