{"id":174512,"date":"2020-10-06T16:35:08","date_gmt":"2020-10-06T14:35:08","guid":{"rendered":"https:\/\/www.ferrovial.com\/?page_id=174512"},"modified":"2024-01-09T12:02:54","modified_gmt":"2024-01-09T11:02:54","slug":"hyperloop","status":"publish","type":"page","link":"https:\/\/www.ferrovial.com\/es\/foresight\/escenarios\/hyperloop\/","title":{"rendered":"Hyperloop | Foresight"},"content":{"rendered":"\n    <m-hero-form bg='https:\/\/static.ferrovial.com\/wp-content\/uploads\/2020\/10\/13123450\/hyperlooptt_tubes_factory-1-1920x1080.jpg' type='bgYellowImg'>\n                    <h2 slot=\"title\">\n                Descubre el futuro del Hyperloop            <\/h2>\n        \n                    <p slot=\"subtitle\">\n                Rellena el formulario y recibe la informaci\u00f3n en tu email            <\/p>\n        \n                    <div slot=\"inputs\">\n                \n<div class=\"wpcf7 no-js\" id=\"wpcf7-f245837-o1\" lang=\"es-ES\" dir=\"ltr\" data-wpcf7-id=\"245837\">\n<div class=\"screen-reader-response\"><p role=\"status\" aria-live=\"polite\" aria-atomic=\"true\"><\/p> <ul><\/ul><\/div>\n<form action=\"\/es\/wp-json\/wp\/v2\/pages\/174512#wpcf7-f245837-o1\" method=\"post\" class=\"wpcf7-form init\" aria-label=\"Formulario de contacto\" novalidate=\"novalidate\" data-status=\"init\">\n<fieldset class=\"hidden-fields-container\"><input type=\"hidden\" name=\"_wpcf7\" value=\"245837\" \/><input type=\"hidden\" name=\"_wpcf7_version\" value=\"6.1.3\" \/><input type=\"hidden\" name=\"_wpcf7_locale\" value=\"es_ES\" \/><input type=\"hidden\" name=\"_wpcf7_unit_tag\" value=\"wpcf7-f245837-o1\" \/><input type=\"hidden\" name=\"_wpcf7_container_post\" value=\"0\" \/><input type=\"hidden\" name=\"_wpcf7_posted_data_hash\" value=\"\" \/><input type=\"hidden\" name=\"_wpcf7_recaptcha_response\" value=\"\" \/>\n<\/fieldset>\n<p>Los datos obligatorios est\u00e1n marcados con asterisco (*)\n<\/p>\n<p><label>Nombre y apellidos*<br \/>\n<span class=\"wpcf7-form-control-wrap\" data-name=\"sm-name\"><input size=\"40\" maxlength=\"400\" class=\"wpcf7-form-control wpcf7-text wpcf7-validates-as-required input-long\" aria-required=\"true\" aria-invalid=\"false\" placeholder=\"\" value=\"\" type=\"text\" name=\"sm-name\" \/><\/span><\/label>\n<\/p>\n<p><label>Cargo *<br \/>\n<span class=\"wpcf7-form-control-wrap\" data-name=\"sm-properties1\"><input size=\"40\" maxlength=\"400\" class=\"wpcf7-form-control wpcf7-text wpcf7-validates-as-required input-long\" aria-required=\"true\" aria-invalid=\"false\" placeholder=\"\" value=\"\" type=\"text\" name=\"sm-properties1\" \/><\/span><\/label>\n<\/p>\n<p><label>Empresa *<br \/>\n<span class=\"wpcf7-form-control-wrap\" data-name=\"sm-company\"><input size=\"40\" maxlength=\"400\" class=\"wpcf7-form-control wpcf7-text wpcf7-validates-as-required input-long\" aria-required=\"true\" aria-invalid=\"false\" placeholder=\"\" value=\"\" type=\"text\" name=\"sm-company\" \/><\/span><\/label>\n<\/p>\n<p><label>E-mail *<br \/>\n<span class=\"wpcf7-form-control-wrap\" data-name=\"sm-email\"><input size=\"40\" maxlength=\"400\" class=\"wpcf7-form-control wpcf7-email wpcf7-validates-as-required wpcf7-text wpcf7-validates-as-email input-long\" aria-required=\"true\" aria-invalid=\"false\" placeholder=\"\" value=\"\" type=\"email\" name=\"sm-email\" \/><\/span><\/label>\n<\/p>\n<p>Este sitio est\u00e1 protegido por reCAPTCHA y se aplican la Pol\u00edtica de privacidad y las Condiciones de servicio de Google.\n<\/p>\n<p class=\"m-form-checkbox\"><span class=\"wpcf7-form-control-wrap\" data-name=\"sm-optin\"><span class=\"wpcf7-form-control wpcf7-acceptance\"><span class=\"wpcf7-list-item\"><label><input type=\"checkbox\" name=\"sm-optin\" value=\"1\" aria-invalid=\"false\" \/><span class=\"wpcf7-list-item-label\">Autorizo a Ferrovial Corporaci\u00f3n, S.A.U para que procese mis datos personales con el fin de recibir comunicaciones comerciales relacionadas con la innovaci\u00f3n. Puedes retirar tu consentimiento en cualquier momento. Encontrar\u00e1s m\u00e1s detalles sobre c\u00f3mo se procesan tus datos personales y c\u00f3mo ejercer tus derechos de protecci\u00f3n de datos en la <a href=\"https:\/\/www.ferrovial.com\/es\/politica-de-privacidad\/\">Pol\u00edtica de privacidad de Ferrovial<\/a>.<\/span><\/label><\/span><\/span><\/span>\n<\/p>\n<p><input class=\"wpcf7-form-control wpcf7-submit has-spinner\" type=\"submit\" value=\"Enviar\" \/>\n<\/p><div class=\"wpcf7-response-output\" aria-hidden=\"true\"><\/div>\n<\/form>\n<\/div>\n            <\/div>\n            <\/m-hero-form>\n\n    \n\n\n<m-wysiwig class=\"wp-block-components-wysiwyg\"><div slot=\"maincontent\">\n<h2 class=\"wp-block-heading\"><strong>La era&nbsp;<em>hyperloop<\/em>:&nbsp;<strong>\u00bfQuieres&nbsp;conocer las oportunidades del transporte del&nbsp;futuro?&nbsp;<\/strong>&nbsp;<\/strong><\/h2>\n\n\n\n<p>El&nbsp;<em>hyperloop<\/em>&nbsp;se presenta como&nbsp;una modalidad de transporte capaz de hacer frente a muchos de los retos del ma\u00f1ana. Un sistema r\u00e1pido, econ\u00f3mico, sostenible medioambientalmente y al alcance de gran parte de la poblaci\u00f3n.&nbsp;&nbsp;<\/p>\n\n\n\n<p>Trabajamos para visualizar y anticipar el impacto&nbsp;del&nbsp;<em>hyperloop&nbsp;<\/em>en&nbsp;los&nbsp;servicios&nbsp;y las&nbsp;infraestructuras de movilidad. Queremos colaborar con otros actores para identificar las amenazas y las oportunidades que puede traer en un futuro cercano. <\/p>\n\n\n\n<p><em>Con la asistencia t\u00e9cnica de Hyperloop Transportation Technologies (HyperloopTT) <\/em><\/p>\n\n\n<div class=\"wp-block-image\">\n<figure class=\"aligncenter size-large is-resized\"><img v-lazy=\"'https:\/\/static.ferrovial.com\/wp-content\/uploads\/2020\/10\/13123650\/hyperlooptt-logo-1.jpg'\" alt=\"\" class=\"wp-image-175615\" style=\"width:351px;height:29px\" width=\"351\" height=\"29\"\/><\/figure><\/div>\n\n\n<h2 class=\"wp-block-heading\">Rellena este formulario para recibir el documento de este escenario:<\/h2>\n\n\n\n<figure class=\"wp-block-image size-large\"><img v-lazy=\"'https:\/\/static.ferrovial.com\/wp-content\/uploads\/2020\/10\/13123335\/microsoftteams-image-3-724x1024.png'\" alt=\"\" class=\"wp-image-176549\"\/><\/figure>\n<\/div><\/m-wysiwig>\n\n\n    \n    <m-contact-tabs >\n                                    <p class=\"description\">\n                        Descripcion placeholder\n                    <\/p>\n                                            <div slot=\"content1\">\n                        <m-form >\n                                                                <p>Lorem ipsum dolor sit amet, consectetur adipiscing elit, sed do eiusmod tempor incididunt ut labore et dolore magna aliqua.<\/p>\n                                    <p>Ut enim ad minim veniam, quis nostrud exercitation ullamco laboris nisi ut aliquip ex ea commodo consequat.<\/p>\n                                    \n<div class=\"wpcf7 no-js\" id=\"wpcf7-f174744-o2\" lang=\"es-ES\" dir=\"ltr\" data-wpcf7-id=\"174744\">\n<div class=\"screen-reader-response\"><p role=\"status\" aria-live=\"polite\" aria-atomic=\"true\"><\/p> <ul><\/ul><\/div>\n<form action=\"\/es\/wp-json\/wp\/v2\/pages\/174512#wpcf7-f174744-o2\" method=\"post\" class=\"wpcf7-form init\" aria-label=\"Formulario de contacto\" novalidate=\"novalidate\" data-status=\"init\">\n<fieldset class=\"hidden-fields-container\"><input type=\"hidden\" name=\"_wpcf7\" value=\"174744\" \/><input type=\"hidden\" name=\"_wpcf7_version\" value=\"6.1.3\" \/><input type=\"hidden\" name=\"_wpcf7_locale\" value=\"es_ES\" \/><input type=\"hidden\" name=\"_wpcf7_unit_tag\" value=\"wpcf7-f174744-o2\" \/><input type=\"hidden\" name=\"_wpcf7_container_post\" value=\"0\" \/><input type=\"hidden\" name=\"_wpcf7_posted_data_hash\" value=\"\" \/><input type=\"hidden\" name=\"_wpcf7_recaptcha_response\" value=\"\" \/>\n<\/fieldset>\n<p>Los datos obligatorios est\u00e1n marcados con asterisco (*)\n<\/p>\n<p><label>Nombre *<br \/>\n<span class=\"wpcf7-form-control-wrap\" data-name=\"sm-name\"><input size=\"40\" maxlength=\"400\" class=\"wpcf7-form-control wpcf7-text wpcf7-validates-as-required input-long\" aria-required=\"true\" aria-invalid=\"false\" placeholder=\"\" value=\"\" type=\"text\" name=\"sm-name\" \/><\/span><\/label>\n<\/p>\n<p><label>Apellidos *<br \/>\n<span class=\"wpcf7-form-control-wrap\" data-name=\"sm-lastname\"><input size=\"40\" maxlength=\"400\" class=\"wpcf7-form-control wpcf7-text wpcf7-validates-as-required input-long\" aria-required=\"true\" aria-invalid=\"false\" placeholder=\"\" value=\"\" type=\"text\" name=\"sm-lastname\" \/><\/span><\/label>\n<\/p>\n<p><label>Cargo *<br \/>\n<span class=\"wpcf7-form-control-wrap\" data-name=\"sm-properties1\"><input size=\"40\" maxlength=\"400\" class=\"wpcf7-form-control wpcf7-text wpcf7-validates-as-required input-long\" aria-required=\"true\" aria-invalid=\"false\" placeholder=\"\" value=\"\" type=\"text\" name=\"sm-properties1\" \/><\/span><\/label>\n<\/p>\n<p><label>Empresa *<br \/>\n<span class=\"wpcf7-form-control-wrap\" data-name=\"sm-company\"><input size=\"40\" maxlength=\"400\" class=\"wpcf7-form-control wpcf7-text wpcf7-validates-as-required input-long\" aria-required=\"true\" aria-invalid=\"false\" placeholder=\"\" value=\"\" type=\"text\" name=\"sm-company\" \/><\/span><\/label>\n<\/p>\n<p><label>E-mail *<br \/>\n<span class=\"wpcf7-form-control-wrap\" data-name=\"sm-email\"><input size=\"40\" maxlength=\"400\" class=\"wpcf7-form-control wpcf7-email wpcf7-validates-as-required wpcf7-text wpcf7-validates-as-email input-long\" aria-required=\"true\" aria-invalid=\"false\" placeholder=\"\" value=\"\" type=\"email\" name=\"sm-email\" \/><\/span><\/label>\n<\/p>\n<p><label>Pa\u00eds *<br \/>\n<span class=\"wpcf7-form-control-wrap\" data-name=\"sm-country\"><input size=\"40\" maxlength=\"400\" class=\"wpcf7-form-control wpcf7-text wpcf7-validates-as-required input-long\" aria-required=\"true\" aria-invalid=\"false\" placeholder=\"\" value=\"\" type=\"text\" name=\"sm-country\" \/><\/span><\/label>\n<\/p>\n<p><label>Tel\u00e9fono<br \/>\n<span class=\"wpcf7-form-control-wrap\" data-name=\"sm-phone\"><input size=\"40\" maxlength=\"400\" class=\"wpcf7-form-control wpcf7-text input-long\" aria-invalid=\"false\" placeholder=\"\" value=\"\" type=\"text\" name=\"sm-phone\" \/><\/span><\/label>\n<\/p>\n<p class=\"m-ethics-form__extra-info__control\">Trabajo en: *<br \/>\n<span class=\"wpcf7-form-control-wrap\" data-name=\"workat\"><select class=\"wpcf7-form-control wpcf7-select wpcf7-validates-as-required\" aria-required=\"true\" aria-invalid=\"false\" name=\"workat\"><option value=\"\">&#8212;Por favor, elige una opci\u00f3n&#8212;<\/option><option value=\"Startup\">Startup<\/option><option value=\"Centros de Investigaci\u00f3n \/ Universidades\">Centros de Investigaci\u00f3n \/ Universidades<\/option><option value=\"Corporaciones\">Corporaciones<\/option><option value=\"Gobiernos\">Gobiernos<\/option><option value=\"Media\">Media<\/option><option value=\"Otros\">Otros<\/option><\/select><\/span>\n<\/p>\n<p>Este sitio est\u00e1 protegido por reCAPTCHA y se aplican la Pol\u00edtica de privacidad y las Condiciones de servicio de Google.\n<\/p>\n<p class=\"m-form-checkbox\"><span class=\"wpcf7-form-control-wrap\" data-name=\"sm-optin\"><span class=\"wpcf7-form-control wpcf7-acceptance\"><span class=\"wpcf7-list-item\"><label><input type=\"checkbox\" name=\"sm-optin\" value=\"1\" aria-invalid=\"false\" \/><span class=\"wpcf7-list-item-label\">Autorizo a Ferrovial Corporaci\u00f3n, S.A.U para que procese mis datos personales con el fin de recibir comunicaciones comerciales relacionadas con la innovaci\u00f3n. Puedes retirar tu consentimiento en cualquier momento. Encontrar\u00e1s m\u00e1s detalles sobre c\u00f3mo se procesan tus datos personales y c\u00f3mo ejercer tus derechos de protecci\u00f3n de datos en la <a href=\"https:\/\/www.ferrovial.com\/es\/politica-de-privacidad\/\">Pol\u00edtica de privacidad de Ferrovial<\/a>.<\/span><\/label><\/span><\/span><\/span>\n<\/p>\n<p><input class=\"wpcf7-form-control wpcf7-submit has-spinner\" type=\"submit\" value=\"Enviar\" \/>\n<\/p><div class=\"wpcf7-response-output\" aria-hidden=\"true\"><\/div>\n<\/form>\n<\/div>\n                        <\/m-form>\n                    <\/div>\n                        <\/m-contact-tabs>\n\n    \n\n\n<m-wysiwig class=\"wp-block-components-wysiwyg\"><div slot=\"maincontent\">\n<h2 class=\"wp-block-heading\"><strong>Las ventajas del&nbsp;<em>hyperloop<\/em><\/strong>&nbsp;<\/h2>\n\n\n\n<p>El&nbsp;<em>hyperloop<\/em>&nbsp;se basa en un sistema de c\u00e1psulas que&nbsp;se mueven&nbsp;en tubos de baja presi\u00f3n, cerrados herm\u00e9ticamente. Dado que la resistencia&nbsp;aerodin\u00e1mica&nbsp;es muy baja, estas c\u00e1psulas se desplazan por los tubos de forma muy eficiente.&nbsp;&nbsp;<\/p>\n\n\n\n<p>Las c\u00e1psulas del&nbsp;<em>hyperloop<\/em>&nbsp;pueden dise\u00f1arse para transportar pasajeros o carga. En ambos casos,&nbsp;pueden alcanzar los 1.200 kil\u00f3metros por hora, superando as\u00ed la capacidad de los trenes de alta velocidad e incluso la de los aviones. Como resultado, este sistema podr\u00eda conectar las ciudades de Madrid y Barcelona en&nbsp;apenas&nbsp;40 minutos.&nbsp;&nbsp;<\/p>\n\n\n\n<p>Otra de las grandes ventajas del&nbsp;<em>hyperloop<\/em>&nbsp;es su bajo consumo energ\u00e9tico.&nbsp;El vac\u00edo que se genera en el tubo permite a las c\u00e1psulas avanzar m\u00e1s r\u00e1pido al no verse frenadas por la fuerza del rozamiento del aire. Adem\u00e1s, puede ser impulsado por energ\u00edas renovables para convertirse en un medio de transporte de cero emisiones.&nbsp;&nbsp;<\/p>\n\n\n\n<figure class=\"wp-block-image size-large\"><img v-lazy=\"'https:\/\/static.ferrovial.com\/wp-content\/uploads\/2020\/10\/13123449\/2019_hyperlooptt_toulouse_capsule-1024x576.jpg'\" alt=\"\" class=\"wp-image-176125\"\/><\/figure>\n\n\n\n<h2 class=\"wp-block-heading\"><strong>Avances en su tecnolog\u00eda&nbsp;<\/strong>&nbsp;<\/h2>\n\n\n\n<p>Se trata de una tecnolog\u00eda en desarrollo que est\u00e1 atrayendo a numerosas empresas e inversores, algunos de ellos con un modelo de colaboraci\u00f3n.&nbsp;&nbsp;Si se alcanzan los resultados esperados, en esta d\u00e9cada se &nbsp;desplegar\u00e1n las primeras l\u00edneas de hyperloop con fines log\u00edsticos y de transporte de pasajeros.<\/p>\n<\/div><\/m-wysiwig>\n","protected":false},"excerpt":{"rendered":"","protected":false},"featured_media":0,"parent":174390,"menu_order":0,"comment_status":"closed","ping_status":"closed","template":"","meta":{"_acf_changed":false,"footnotes":""},"class_list":["post-174512","page","type-page","status-publish","hentry"],"acf":[],"yoast_head":"<!-- This site is optimized with the Yoast SEO plugin v27.2 - https:\/\/yoast.com\/product\/yoast-seo-wordpress\/ -->\n<title>Hyperloop | Foresight - Ferrovial<\/title>\n<meta name=\"description\" content=\"\u00bfImaginas el transporte del futuro? Velocidades de 1.200 kil\u00f3metros por hora, bajo consumo energ\u00e9tico y hasta poco tiempo de espera. El hyperloop lo tiene todo para ser el transporte del ma\u00f1ana.\" \/>\n<meta name=\"robots\" content=\"index, follow, max-snippet:-1, max-image-preview:large, max-video-preview:-1\" \/>\n<link rel=\"canonical\" href=\"https:\/\/www.ferrovial.com\/es\/foresight\/escenarios\/hyperloop\/\" \/>\n<meta property=\"og:locale\" content=\"es_ES\" \/>\n<meta property=\"og:type\" content=\"article\" \/>\n<meta property=\"og:title\" content=\"Hyperloop | Foresight - Ferrovial\" \/>\n<meta property=\"og:description\" content=\"\u00bfImaginas el transporte del futuro? Velocidades de 1.200 kil\u00f3metros por hora, bajo consumo energ\u00e9tico y hasta poco tiempo de espera. El hyperloop lo tiene todo para ser el transporte del ma\u00f1ana.\" \/>\n<meta property=\"og:url\" content=\"https:\/\/www.ferrovial.com\/es\/foresight\/escenarios\/hyperloop\/\" \/>\n<meta property=\"og:site_name\" content=\"Ferrovial\" \/>\n<meta property=\"article:publisher\" content=\"https:\/\/www.facebook.com\/ferrovial\" \/>\n<meta property=\"article:modified_time\" content=\"2024-01-09T11:02:54+00:00\" \/>\n<meta property=\"og:image\" content=\"https:\/\/www.ferrovial.com\/wp-content\/uploads\/2020\/10\/hyperlooptt-logo-1.jpg\" \/>\n<meta name=\"twitter:card\" content=\"summary_large_image\" \/>\n<meta name=\"twitter:site\" content=\"@ferrovial\" \/>\n<meta name=\"twitter:label1\" content=\"Est. reading time\" \/>\n\t<meta name=\"twitter:data1\" content=\"2 minutos\" \/>\n<!-- \/ Yoast SEO plugin. -->","yoast_head_json":{"title":"Hyperloop | Foresight - Ferrovial","description":"\u00bfImaginas el transporte del futuro? Velocidades de 1.200 kil\u00f3metros por hora, bajo consumo energ\u00e9tico y hasta poco tiempo de espera. El hyperloop lo tiene todo para ser el transporte del ma\u00f1ana.","robots":{"index":"index","follow":"follow","max-snippet":"max-snippet:-1","max-image-preview":"max-image-preview:large","max-video-preview":"max-video-preview:-1"},"canonical":"https:\/\/www.ferrovial.com\/es\/foresight\/escenarios\/hyperloop\/","og_locale":"es_ES","og_type":"article","og_title":"Hyperloop | Foresight - Ferrovial","og_description":"\u00bfImaginas el transporte del futuro? Velocidades de 1.200 kil\u00f3metros por hora, bajo consumo energ\u00e9tico y hasta poco tiempo de espera. El hyperloop lo tiene todo para ser el transporte del ma\u00f1ana.","og_url":"https:\/\/www.ferrovial.com\/es\/foresight\/escenarios\/hyperloop\/","og_site_name":"Ferrovial","article_publisher":"https:\/\/www.facebook.com\/ferrovial","article_modified_time":"2024-01-09T11:02:54+00:00","og_image":[{"url":"https:\/\/www.ferrovial.com\/wp-content\/uploads\/2020\/10\/hyperlooptt-logo-1.jpg","type":"","width":"","height":""}],"twitter_card":"summary_large_image","twitter_site":"@ferrovial","twitter_misc":{"Est. reading time":"2 minutos"},"schema":{"@context":"https:\/\/schema.org","@graph":[{"@type":"WebPage","@id":"https:\/\/www.ferrovial.com\/es\/foresight\/escenarios\/hyperloop\/","url":"https:\/\/www.ferrovial.com\/es\/foresight\/escenarios\/hyperloop\/","name":"Hyperloop | Foresight - Ferrovial","isPartOf":{"@id":"https:\/\/www.ferrovial.com\/es\/#website"},"primaryImageOfPage":{"@id":"https:\/\/www.ferrovial.com\/es\/foresight\/escenarios\/hyperloop\/#primaryimage"},"image":{"@id":"https:\/\/www.ferrovial.com\/es\/foresight\/escenarios\/hyperloop\/#primaryimage"},"thumbnailUrl":"https:\/\/www.ferrovial.com\/wp-content\/uploads\/2020\/10\/hyperlooptt-logo-1.jpg","datePublished":"2020-10-06T14:35:08+00:00","dateModified":"2024-01-09T11:02:54+00:00","description":"\u00bfImaginas el transporte del futuro? Velocidades de 1.200 kil\u00f3metros por hora, bajo consumo energ\u00e9tico y hasta poco tiempo de espera. El hyperloop lo tiene todo para ser el transporte del ma\u00f1ana.","breadcrumb":{"@id":"https:\/\/www.ferrovial.com\/es\/foresight\/escenarios\/hyperloop\/#breadcrumb"},"inLanguage":"es","potentialAction":[{"@type":"ReadAction","target":["https:\/\/www.ferrovial.com\/es\/foresight\/escenarios\/hyperloop\/"]}]},{"@type":"ImageObject","inLanguage":"es","@id":"https:\/\/www.ferrovial.com\/es\/foresight\/escenarios\/hyperloop\/#primaryimage","url":"https:\/\/www.ferrovial.com\/wp-content\/uploads\/2020\/10\/hyperlooptt-logo-1.jpg","contentUrl":"https:\/\/www.ferrovial.com\/wp-content\/uploads\/2020\/10\/hyperlooptt-logo-1.jpg"},{"@type":"BreadcrumbList","@id":"https:\/\/www.ferrovial.com\/es\/foresight\/escenarios\/hyperloop\/#breadcrumb","itemListElement":[{"@type":"ListItem","position":1,"name":"Portada","item":"https:\/\/www.ferrovial.com\/es\/"},{"@type":"ListItem","position":2,"name":"Foresight","item":"https:\/\/www.ferrovial.com\/es\/foresight\/"},{"@type":"ListItem","position":3,"name":"Escenarios","item":"https:\/\/www.ferrovial.com\/es\/foresight\/escenarios\/"},{"@type":"ListItem","position":4,"name":"Hyperloop | Foresight"}]},{"@type":"WebSite","@id":"https:\/\/www.ferrovial.com\/es\/#website","url":"https:\/\/www.ferrovial.com\/es\/","name":"Ferrovial","description":"Welcome to the Ferrovial&#039;s website, global operator of sustainable infrastructure. Here you can find all the information about the company and subsidiaries.","publisher":{"@id":"https:\/\/www.ferrovial.com\/es\/#organization"},"potentialAction":[{"@type":"SearchAction","target":{"@type":"EntryPoint","urlTemplate":"https:\/\/www.ferrovial.com\/es\/?s={search_term_string}"},"query-input":{"@type":"PropertyValueSpecification","valueRequired":true,"valueName":"search_term_string"}}],"inLanguage":"es"},{"@type":"Organization","@id":"https:\/\/www.ferrovial.com\/es\/#organization","name":"Ferrovial S.A.","url":"https:\/\/www.ferrovial.com\/es\/","logo":{"@type":"ImageObject","inLanguage":"es","@id":"https:\/\/www.ferrovial.com\/es\/#\/schema\/logo\/image\/","url":"https:\/\/static.ferrovial.com\/wp-content\/uploads\/2020\/01\/13124948\/logo-ferrovial-cf7.png","contentUrl":"https:\/\/static.ferrovial.com\/wp-content\/uploads\/2020\/01\/13124948\/logo-ferrovial-cf7.png","width":144,"height":32,"caption":"Ferrovial S.A."},"image":{"@id":"https:\/\/www.ferrovial.com\/es\/#\/schema\/logo\/image\/"},"sameAs":["https:\/\/www.facebook.com\/ferrovial","https:\/\/x.com\/ferrovial","https:\/\/www.instagram.com\/ferrovial\/","https:\/\/www.linkedin.com\/company\/ferrovial","https:\/\/www.pinterest.es\/ferrovial\/","https:\/\/www.youtube.com\/ferrovial","https:\/\/en.wikipedia.org\/wiki\/Ferrovial"]}]}},"_links":{"self":[{"href":"https:\/\/www.ferrovial.com\/es\/wp-json\/wp\/v2\/pages\/174512","targetHints":{"allow":["GET"]}}],"collection":[{"href":"https:\/\/www.ferrovial.com\/es\/wp-json\/wp\/v2\/pages"}],"about":[{"href":"https:\/\/www.ferrovial.com\/es\/wp-json\/wp\/v2\/types\/page"}],"replies":[{"embeddable":true,"href":"https:\/\/www.ferrovial.com\/es\/wp-json\/wp\/v2\/comments?post=174512"}],"version-history":[{"count":4,"href":"https:\/\/www.ferrovial.com\/es\/wp-json\/wp\/v2\/pages\/174512\/revisions"}],"predecessor-version":[{"id":273675,"href":"https:\/\/www.ferrovial.com\/es\/wp-json\/wp\/v2\/pages\/174512\/revisions\/273675"}],"up":[{"embeddable":true,"href":"https:\/\/www.ferrovial.com\/es\/wp-json\/wp\/v2\/pages\/174390"}],"wp:attachment":[{"href":"https:\/\/www.ferrovial.com\/es\/wp-json\/wp\/v2\/media?parent=174512"}],"curies":[{"name":"wp","href":"https:\/\/api.w.org\/{rel}","templated":true}]}}