{"id":174526,"date":"2020-10-06T16:29:21","date_gmt":"2020-10-06T14:29:21","guid":{"rendered":"https:\/\/www.ferrovial.com\/?page_id=174526"},"modified":"2020-10-07T11:14:41","modified_gmt":"2020-10-07T09:14:41","slug":"contacto","status":"publish","type":"page","link":"https:\/\/www.ferrovial.com\/es\/foresight\/contacto\/","title":{"rendered":"Cont\u00e1ctanos y construye el futuro con nosotros | Foresight"},"content":{"rendered":"    <m-final-content-header bgimage='https:\/\/static.ferrovial.com\/wp-content\/uploads\/2020\/10\/13123659\/htt-hyperloop-1280x720.jpeg'>\n            <c-breadcrumb label-text=\"Breadcrumb\" slot=\"breadcrumbs\" type='2' align='left' wrap='wrapped wrapped' aria-label='Vienes de Foresight'>\n                        <ol>\n\n                                                            <li><a href=\"https:\/\/www.ferrovial.com\/es\/\" title=\"Ferrovial\">Ferrovial<\/a><\/li>\n                                                                        <li><a href=\"https:\/\/www.ferrovial.com\/es\/foresight\/\" title=\"Foresight\">Foresight<\/a><\/li>\n                                    \n                <\/ol>\n\n                <\/c-breadcrumb>\n    \n        <div slot=\"header\">\n            <h1>\n                Acomp\u00e1\u00f1anos y construye el futuro con nosotros            <\/h1>\n                    <\/div>\n    <\/m-final-content-header>\n\n    \n\n\n<m-wysiwig class=\"wp-block-components-wysiwyg\"><div slot=\"maincontent\">    <p class=\"intro\">Rellena este formulario y te haremos llegar las \u00faltimas novedades de los escenarios que trabajamos. Queremos que formes parte de nuestro futuro.<\/p>\n    \n\n\n<h2 class=\"has-text-align-center wp-block-heading\">\u00bfNos acompa\u00f1as en este viaje?<\/h2>\n<\/div><\/m-wysiwig>\n\n\n    \n    <m-contact-tabs >\n                                    <p class=\"description\">\n                        Descripcion placeholder\n                    <\/p>\n                                            <div slot=\"content1\">\n                        <m-form >\n                                                                <p>Lorem ipsum dolor sit amet, consectetur adipiscing elit, sed do eiusmod tempor incididunt ut labore et dolore magna aliqua.<\/p>\n                                    <p>Ut enim ad minim veniam, quis nostrud exercitation ullamco laboris nisi ut aliquip ex ea commodo consequat.<\/p>\n                                    \n<div class=\"wpcf7 no-js\" id=\"wpcf7-f174744-o1\" lang=\"es-ES\" dir=\"ltr\" data-wpcf7-id=\"174744\">\n<div class=\"screen-reader-response\"><p role=\"status\" aria-live=\"polite\" aria-atomic=\"true\"><\/p> <ul><\/ul><\/div>\n<form action=\"\/es\/wp-json\/wp\/v2\/pages\/174526#wpcf7-f174744-o1\" method=\"post\" class=\"wpcf7-form init\" aria-label=\"Formulario de contacto\" novalidate=\"novalidate\" data-status=\"init\">\n<fieldset class=\"hidden-fields-container\"><input type=\"hidden\" name=\"_wpcf7\" value=\"174744\" \/><input type=\"hidden\" name=\"_wpcf7_version\" value=\"6.1.3\" \/><input type=\"hidden\" name=\"_wpcf7_locale\" value=\"es_ES\" \/><input type=\"hidden\" name=\"_wpcf7_unit_tag\" value=\"wpcf7-f174744-o1\" \/><input type=\"hidden\" name=\"_wpcf7_container_post\" value=\"0\" \/><input type=\"hidden\" name=\"_wpcf7_posted_data_hash\" value=\"\" \/><input type=\"hidden\" name=\"_wpcf7_recaptcha_response\" value=\"\" \/>\n<\/fieldset>\n<p>Los datos obligatorios est\u00e1n marcados con asterisco (*)\n<\/p>\n<p><label>Nombre *<br \/>\n<span class=\"wpcf7-form-control-wrap\" data-name=\"sm-name\"><input size=\"40\" maxlength=\"400\" class=\"wpcf7-form-control wpcf7-text wpcf7-validates-as-required input-long\" aria-required=\"true\" aria-invalid=\"false\" placeholder=\"\" value=\"\" type=\"text\" name=\"sm-name\" \/><\/span><\/label>\n<\/p>\n<p><label>Apellidos *<br \/>\n<span class=\"wpcf7-form-control-wrap\" data-name=\"sm-lastname\"><input size=\"40\" maxlength=\"400\" class=\"wpcf7-form-control wpcf7-text wpcf7-validates-as-required input-long\" aria-required=\"true\" aria-invalid=\"false\" placeholder=\"\" value=\"\" type=\"text\" name=\"sm-lastname\" \/><\/span><\/label>\n<\/p>\n<p><label>Cargo *<br \/>\n<span class=\"wpcf7-form-control-wrap\" data-name=\"sm-properties1\"><input size=\"40\" maxlength=\"400\" class=\"wpcf7-form-control wpcf7-text wpcf7-validates-as-required input-long\" aria-required=\"true\" aria-invalid=\"false\" placeholder=\"\" value=\"\" type=\"text\" name=\"sm-properties1\" \/><\/span><\/label>\n<\/p>\n<p><label>Empresa *<br \/>\n<span class=\"wpcf7-form-control-wrap\" data-name=\"sm-company\"><input size=\"40\" maxlength=\"400\" class=\"wpcf7-form-control wpcf7-text wpcf7-validates-as-required input-long\" aria-required=\"true\" aria-invalid=\"false\" placeholder=\"\" value=\"\" type=\"text\" name=\"sm-company\" \/><\/span><\/label>\n<\/p>\n<p><label>E-mail *<br \/>\n<span class=\"wpcf7-form-control-wrap\" data-name=\"sm-email\"><input size=\"40\" maxlength=\"400\" class=\"wpcf7-form-control wpcf7-email wpcf7-validates-as-required wpcf7-text wpcf7-validates-as-email input-long\" aria-required=\"true\" aria-invalid=\"false\" placeholder=\"\" value=\"\" type=\"email\" name=\"sm-email\" \/><\/span><\/label>\n<\/p>\n<p><label>Pa\u00eds *<br \/>\n<span class=\"wpcf7-form-control-wrap\" data-name=\"sm-country\"><input size=\"40\" maxlength=\"400\" class=\"wpcf7-form-control wpcf7-text wpcf7-validates-as-required input-long\" aria-required=\"true\" aria-invalid=\"false\" placeholder=\"\" value=\"\" type=\"text\" name=\"sm-country\" \/><\/span><\/label>\n<\/p>\n<p><label>Tel\u00e9fono<br \/>\n<span class=\"wpcf7-form-control-wrap\" data-name=\"sm-phone\"><input size=\"40\" maxlength=\"400\" class=\"wpcf7-form-control wpcf7-text input-long\" aria-invalid=\"false\" placeholder=\"\" value=\"\" type=\"text\" name=\"sm-phone\" \/><\/span><\/label>\n<\/p>\n<p class=\"m-ethics-form__extra-info__control\">Trabajo en: *<br \/>\n<span class=\"wpcf7-form-control-wrap\" data-name=\"workat\"><select class=\"wpcf7-form-control wpcf7-select wpcf7-validates-as-required\" aria-required=\"true\" aria-invalid=\"false\" name=\"workat\"><option value=\"\">&#8212;Por favor, elige una opci\u00f3n&#8212;<\/option><option value=\"Startup\">Startup<\/option><option value=\"Centros de Investigaci\u00f3n \/ Universidades\">Centros de Investigaci\u00f3n \/ Universidades<\/option><option value=\"Corporaciones\">Corporaciones<\/option><option value=\"Gobiernos\">Gobiernos<\/option><option value=\"Media\">Media<\/option><option value=\"Otros\">Otros<\/option><\/select><\/span>\n<\/p>\n<p>Este sitio est\u00e1 protegido por reCAPTCHA y se aplican la Pol\u00edtica de privacidad y las Condiciones de servicio de Google.\n<\/p>\n<p class=\"m-form-checkbox\"><span class=\"wpcf7-form-control-wrap\" data-name=\"sm-optin\"><span class=\"wpcf7-form-control wpcf7-acceptance\"><span class=\"wpcf7-list-item\"><label><input type=\"checkbox\" name=\"sm-optin\" value=\"1\" aria-invalid=\"false\" \/><span class=\"wpcf7-list-item-label\">Autorizo a Ferrovial Corporaci\u00f3n, S.A.U para que procese mis datos personales con el fin de recibir comunicaciones comerciales relacionadas con la innovaci\u00f3n. Puedes retirar tu consentimiento en cualquier momento. Encontrar\u00e1s m\u00e1s detalles sobre c\u00f3mo se procesan tus datos personales y c\u00f3mo ejercer tus derechos de protecci\u00f3n de datos en la <a href=\"https:\/\/www.ferrovial.com\/es\/politica-de-privacidad\/\">Pol\u00edtica de privacidad de Ferrovial<\/a>.<\/span><\/label><\/span><\/span><\/span>\n<\/p>\n<p><input class=\"wpcf7-form-control wpcf7-submit has-spinner\" type=\"submit\" value=\"Enviar\" \/>\n<\/p><div class=\"wpcf7-response-output\" aria-hidden=\"true\"><\/div>\n<\/form>\n<\/div>\n                        <\/m-form>\n                    <\/div>\n                        <\/m-contact-tabs>\n\n    ","protected":false},"excerpt":{"rendered":"","protected":false},"featured_media":0,"parent":174382,"menu_order":0,"comment_status":"closed","ping_status":"closed","template":"","meta":{"_acf_changed":false,"footnotes":""},"class_list":["post-174526","page","type-page","status-publish","hentry"],"acf":[],"yoast_head":"<!-- This site is optimized with the Yoast SEO plugin v27.2 - https:\/\/yoast.com\/product\/yoast-seo-wordpress\/ -->\n<title>Cont\u00e1ctanos y construye el futuro con nosotros | Foresight - Ferrovial<\/title>\n<meta name=\"description\" content=\"Rellena este formulario y te haremos llegar las \u00faltimas novedades de los escenarios que trabajamos. Queremos que formes parte de nuestro futuro.\" \/>\n<meta name=\"robots\" content=\"index, follow, max-snippet:-1, max-image-preview:large, max-video-preview:-1\" \/>\n<link rel=\"canonical\" href=\"https:\/\/www.ferrovial.com\/es\/foresight\/contacto\/\" \/>\n<meta property=\"og:locale\" content=\"es_ES\" \/>\n<meta property=\"og:type\" content=\"article\" \/>\n<meta property=\"og:title\" content=\"Cont\u00e1ctanos y construye el futuro con nosotros | Foresight - Ferrovial\" \/>\n<meta property=\"og:description\" content=\"Rellena este formulario y te haremos llegar las \u00faltimas novedades de los escenarios que trabajamos. Queremos que formes parte de nuestro futuro.\" \/>\n<meta property=\"og:url\" content=\"https:\/\/www.ferrovial.com\/es\/foresight\/contacto\/\" \/>\n<meta property=\"og:site_name\" content=\"Ferrovial\" \/>\n<meta property=\"article:publisher\" content=\"https:\/\/www.facebook.com\/ferrovial\" \/>\n<meta property=\"article:modified_time\" content=\"2020-10-07T09:14:41+00:00\" \/>\n<meta name=\"twitter:card\" content=\"summary_large_image\" \/>\n<meta name=\"twitter:site\" content=\"@ferrovial\" \/>\n<!-- \/ Yoast SEO plugin. -->","yoast_head_json":{"title":"Cont\u00e1ctanos y construye el futuro con nosotros | Foresight - Ferrovial","description":"Rellena este formulario y te haremos llegar las \u00faltimas novedades de los escenarios que trabajamos. Queremos que formes parte de nuestro futuro.","robots":{"index":"index","follow":"follow","max-snippet":"max-snippet:-1","max-image-preview":"max-image-preview:large","max-video-preview":"max-video-preview:-1"},"canonical":"https:\/\/www.ferrovial.com\/es\/foresight\/contacto\/","og_locale":"es_ES","og_type":"article","og_title":"Cont\u00e1ctanos y construye el futuro con nosotros | Foresight - Ferrovial","og_description":"Rellena este formulario y te haremos llegar las \u00faltimas novedades de los escenarios que trabajamos. Queremos que formes parte de nuestro futuro.","og_url":"https:\/\/www.ferrovial.com\/es\/foresight\/contacto\/","og_site_name":"Ferrovial","article_publisher":"https:\/\/www.facebook.com\/ferrovial","article_modified_time":"2020-10-07T09:14:41+00:00","twitter_card":"summary_large_image","twitter_site":"@ferrovial","schema":{"@context":"https:\/\/schema.org","@graph":[{"@type":"WebPage","@id":"https:\/\/www.ferrovial.com\/es\/foresight\/contacto\/","url":"https:\/\/www.ferrovial.com\/es\/foresight\/contacto\/","name":"Cont\u00e1ctanos y construye el futuro con nosotros | Foresight - Ferrovial","isPartOf":{"@id":"https:\/\/www.ferrovial.com\/es\/#website"},"datePublished":"2020-10-06T14:29:21+00:00","dateModified":"2020-10-07T09:14:41+00:00","description":"Rellena este formulario y te haremos llegar las \u00faltimas novedades de los escenarios que trabajamos. Queremos que formes parte de nuestro futuro.","breadcrumb":{"@id":"https:\/\/www.ferrovial.com\/es\/foresight\/contacto\/#breadcrumb"},"inLanguage":"es","potentialAction":[{"@type":"ReadAction","target":["https:\/\/www.ferrovial.com\/es\/foresight\/contacto\/"]}]},{"@type":"BreadcrumbList","@id":"https:\/\/www.ferrovial.com\/es\/foresight\/contacto\/#breadcrumb","itemListElement":[{"@type":"ListItem","position":1,"name":"Portada","item":"https:\/\/www.ferrovial.com\/es\/"},{"@type":"ListItem","position":2,"name":"Foresight","item":"https:\/\/www.ferrovial.com\/es\/foresight\/"},{"@type":"ListItem","position":3,"name":"Cont\u00e1ctanos y construye el futuro con nosotros | Foresight"}]},{"@type":"WebSite","@id":"https:\/\/www.ferrovial.com\/es\/#website","url":"https:\/\/www.ferrovial.com\/es\/","name":"Ferrovial","description":"Welcome to the Ferrovial&#039;s website, global operator of sustainable infrastructure. Here you can find all the information about the company and subsidiaries.","publisher":{"@id":"https:\/\/www.ferrovial.com\/es\/#organization"},"potentialAction":[{"@type":"SearchAction","target":{"@type":"EntryPoint","urlTemplate":"https:\/\/www.ferrovial.com\/es\/?s={search_term_string}"},"query-input":{"@type":"PropertyValueSpecification","valueRequired":true,"valueName":"search_term_string"}}],"inLanguage":"es"},{"@type":"Organization","@id":"https:\/\/www.ferrovial.com\/es\/#organization","name":"Ferrovial S.A.","url":"https:\/\/www.ferrovial.com\/es\/","logo":{"@type":"ImageObject","inLanguage":"es","@id":"https:\/\/www.ferrovial.com\/es\/#\/schema\/logo\/image\/","url":"https:\/\/static.ferrovial.com\/wp-content\/uploads\/2020\/01\/13124948\/logo-ferrovial-cf7.png","contentUrl":"https:\/\/static.ferrovial.com\/wp-content\/uploads\/2020\/01\/13124948\/logo-ferrovial-cf7.png","width":144,"height":32,"caption":"Ferrovial S.A."},"image":{"@id":"https:\/\/www.ferrovial.com\/es\/#\/schema\/logo\/image\/"},"sameAs":["https:\/\/www.facebook.com\/ferrovial","https:\/\/x.com\/ferrovial","https:\/\/www.instagram.com\/ferrovial\/","https:\/\/www.linkedin.com\/company\/ferrovial","https:\/\/www.pinterest.es\/ferrovial\/","https:\/\/www.youtube.com\/ferrovial","https:\/\/en.wikipedia.org\/wiki\/Ferrovial"]}]}},"_links":{"self":[{"href":"https:\/\/www.ferrovial.com\/es\/wp-json\/wp\/v2\/pages\/174526","targetHints":{"allow":["GET"]}}],"collection":[{"href":"https:\/\/www.ferrovial.com\/es\/wp-json\/wp\/v2\/pages"}],"about":[{"href":"https:\/\/www.ferrovial.com\/es\/wp-json\/wp\/v2\/types\/page"}],"replies":[{"embeddable":true,"href":"https:\/\/www.ferrovial.com\/es\/wp-json\/wp\/v2\/comments?post=174526"}],"version-history":[{"count":3,"href":"https:\/\/www.ferrovial.com\/es\/wp-json\/wp\/v2\/pages\/174526\/revisions"}],"predecessor-version":[{"id":175899,"href":"https:\/\/www.ferrovial.com\/es\/wp-json\/wp\/v2\/pages\/174526\/revisions\/175899"}],"up":[{"embeddable":true,"href":"https:\/\/www.ferrovial.com\/es\/wp-json\/wp\/v2\/pages\/174382"}],"wp:attachment":[{"href":"https:\/\/www.ferrovial.com\/es\/wp-json\/wp\/v2\/media?parent=174526"}],"curies":[{"name":"wp","href":"https:\/\/api.w.org\/{rel}","templated":true}]}}