{"id":175126,"date":"2020-10-06T16:34:47","date_gmt":"2020-10-06T14:34:47","guid":{"rendered":"https:\/\/www.ferrovial.com\/?page_id=175126"},"modified":"2024-01-09T12:01:17","modified_gmt":"2024-01-09T11:01:17","slug":"movilidad-aerea-urbana","status":"publish","type":"page","link":"https:\/\/www.ferrovial.com\/es\/foresight\/escenarios\/movilidad-aerea-urbana\/","title":{"rendered":"Movilidad A\u00e9rea Urbana | Foresight"},"content":{"rendered":"\n    <m-hero-form bg='https:\/\/static.ferrovial.com\/wp-content\/uploads\/2022\/09\/06145447\/render-of-a-ferrovial-vertiport-1920x1080.png' type='bgYellowImg'>\n                    <h2 slot=\"title\">\n                Descubre el futuro de la Movilidad A\u00e9rea Urbana            <\/h2>\n        \n                    <p slot=\"subtitle\">\n                Rellena el formulario y recibe la informaci\u00f3n en tu email            <\/p>\n        \n                    <div slot=\"inputs\">\n                \n<div class=\"wpcf7 no-js\" id=\"wpcf7-f245839-o1\" lang=\"es-ES\" dir=\"ltr\" data-wpcf7-id=\"245839\">\n<div class=\"screen-reader-response\"><p role=\"status\" aria-live=\"polite\" aria-atomic=\"true\"><\/p> <ul><\/ul><\/div>\n<form action=\"\/es\/wp-json\/wp\/v2\/pages\/175126#wpcf7-f245839-o1\" method=\"post\" class=\"wpcf7-form init\" aria-label=\"Formulario de contacto\" novalidate=\"novalidate\" data-status=\"init\">\n<fieldset class=\"hidden-fields-container\"><input type=\"hidden\" name=\"_wpcf7\" value=\"245839\" \/><input type=\"hidden\" name=\"_wpcf7_version\" value=\"6.1.3\" \/><input type=\"hidden\" name=\"_wpcf7_locale\" value=\"es_ES\" \/><input type=\"hidden\" name=\"_wpcf7_unit_tag\" value=\"wpcf7-f245839-o1\" \/><input type=\"hidden\" name=\"_wpcf7_container_post\" value=\"0\" \/><input type=\"hidden\" name=\"_wpcf7_posted_data_hash\" value=\"\" \/><input type=\"hidden\" name=\"_wpcf7_recaptcha_response\" value=\"\" \/>\n<\/fieldset>\n<p>Los datos obligatorios est\u00e1n marcados con asterisco (*)\n<\/p>\n<p><label>Nombre y apellidos*<br \/>\n<span class=\"wpcf7-form-control-wrap\" data-name=\"sm-name\"><input size=\"40\" maxlength=\"400\" class=\"wpcf7-form-control wpcf7-text wpcf7-validates-as-required input-long\" aria-required=\"true\" aria-invalid=\"false\" placeholder=\"\" value=\"\" type=\"text\" name=\"sm-name\" \/><\/span><\/label>\n<\/p>\n<p><label>Cargo *<br \/>\n<span class=\"wpcf7-form-control-wrap\" data-name=\"sm-properties1\"><input size=\"40\" maxlength=\"400\" class=\"wpcf7-form-control wpcf7-text wpcf7-validates-as-required input-long\" aria-required=\"true\" aria-invalid=\"false\" placeholder=\"\" value=\"\" type=\"text\" name=\"sm-properties1\" \/><\/span><\/label>\n<\/p>\n<p><label>Empresa *<br \/>\n<span class=\"wpcf7-form-control-wrap\" data-name=\"sm-company\"><input size=\"40\" maxlength=\"400\" class=\"wpcf7-form-control wpcf7-text wpcf7-validates-as-required input-long\" aria-required=\"true\" aria-invalid=\"false\" placeholder=\"\" value=\"\" type=\"text\" name=\"sm-company\" \/><\/span><\/label>\n<\/p>\n<p><label>E-mail *<br \/>\n<span class=\"wpcf7-form-control-wrap\" data-name=\"sm-email\"><input size=\"40\" maxlength=\"400\" class=\"wpcf7-form-control wpcf7-email wpcf7-validates-as-required wpcf7-text wpcf7-validates-as-email input-long\" aria-required=\"true\" aria-invalid=\"false\" placeholder=\"\" value=\"\" type=\"email\" name=\"sm-email\" \/><\/span><\/label>\n<\/p>\n<p>Este sitio est\u00e1 protegido por reCAPTCHA y se aplican la Pol\u00edtica de privacidad y las Condiciones de servicio de Google.\n<\/p>\n<p class=\"m-form-checkbox\"><span class=\"wpcf7-form-control-wrap\" data-name=\"sm-optin\"><span class=\"wpcf7-form-control wpcf7-acceptance\"><span class=\"wpcf7-list-item\"><label><input type=\"checkbox\" name=\"sm-optin\" value=\"1\" aria-invalid=\"false\" \/><span class=\"wpcf7-list-item-label\">Autorizo a Ferrovial Corporaci\u00f3n, S.A.U para que procese mis datos personales con el fin de recibir comunicaciones comerciales relacionadas con la innovaci\u00f3n. Puedes retirar tu consentimiento en cualquier momento. Encontrar\u00e1s m\u00e1s detalles sobre c\u00f3mo se procesan tus datos personales y c\u00f3mo ejercer tus derechos de protecci\u00f3n de datos en la <a href=\"https:\/\/www.ferrovial.com\/es\/politica-de-privacidad\/\">Pol\u00edtica de privacidad de Ferrovial<\/a>.<\/span><\/label><\/span><\/span><\/span>\n<\/p>\n<p><input class=\"wpcf7-form-control wpcf7-submit has-spinner\" type=\"submit\" value=\"Enviar\" \/>\n<\/p><div class=\"wpcf7-response-output\" aria-hidden=\"true\"><\/div>\n<\/form>\n<\/div>\n            <\/div>\n            <\/m-hero-form>\n\n    \n\n\n<m-wysiwig class=\"wp-block-components-wysiwyg\"><div slot=\"maincontent\">\n<h2 class=\"wp-block-heading\"><strong>La transformaci\u00f3n de la ciudad:&nbsp;\u00bfQu\u00e9&nbsp;podemos esperar de la movilidad a\u00e9rea urbana?<\/strong>&nbsp;<\/h2>\n\n\n\n<p>2025 puede ser el a\u00f1o en la que la movilidad a\u00e9rea urbana con veh\u00edculos&nbsp;el\u00e9ctricos de despegue y aterrizaje verticales&nbsp;(eVTOLs)&nbsp;sea un medio de transporte m\u00e1s, plenamente integrado en la movilidad urbana y regional. Numerosos expertos y actores clave se\u00f1alan que la tecnolog\u00eda que la har\u00e1 posible se desarrollar\u00e1 esta d\u00e9cada.&nbsp;<\/p>\n\n\n\n<p>Sin embargo, este camino est\u00e1 lleno de desaf\u00edos. Es necesario trabajar para identificar las oportunidades y las amenazas, y convertir estas \u00faltimas en nuevas opciones. En Ferrovial queremos adelantarnos y entender mejor los desaf\u00edos de incorporar este modelo de movilidad. <\/p>\n\n\n\n<h2 class=\"wp-block-heading\">Rellena este formulario para recibir toda el documento de este escenario:<\/h2>\n\n\n<div class=\"wp-block-image\">\n<figure class=\"aligncenter size-large is-resized\"><img v-lazy=\"'https:\/\/static.ferrovial.com\/wp-content\/uploads\/2020\/10\/13123331\/urban-air-mobility-foresight-1-724x1024.jpg'\" alt=\"\" class=\"wp-image-176578\" style=\"width:534px;height:755px\" width=\"534\" height=\"755\"\/><\/figure><\/div><\/div><\/m-wysiwig>\n\n\n    \n    <m-contact-tabs >\n                                    <p class=\"description\">\n                        Descripcion placeholder\n                    <\/p>\n                                            <div slot=\"content1\">\n                        <m-form >\n                                                                <p>Lorem ipsum dolor sit amet, consectetur adipiscing elit, sed do eiusmod tempor incididunt ut labore et dolore magna aliqua.<\/p>\n                                    <p>Ut enim ad minim veniam, quis nostrud exercitation ullamco laboris nisi ut aliquip ex ea commodo consequat.<\/p>\n                                    \n<div class=\"wpcf7 no-js\" id=\"wpcf7-f174744-o2\" lang=\"es-ES\" dir=\"ltr\" data-wpcf7-id=\"174744\">\n<div class=\"screen-reader-response\"><p role=\"status\" aria-live=\"polite\" aria-atomic=\"true\"><\/p> <ul><\/ul><\/div>\n<form action=\"\/es\/wp-json\/wp\/v2\/pages\/175126#wpcf7-f174744-o2\" method=\"post\" class=\"wpcf7-form init\" aria-label=\"Formulario de contacto\" novalidate=\"novalidate\" data-status=\"init\">\n<fieldset class=\"hidden-fields-container\"><input type=\"hidden\" name=\"_wpcf7\" value=\"174744\" \/><input type=\"hidden\" name=\"_wpcf7_version\" value=\"6.1.3\" \/><input type=\"hidden\" name=\"_wpcf7_locale\" value=\"es_ES\" \/><input type=\"hidden\" name=\"_wpcf7_unit_tag\" value=\"wpcf7-f174744-o2\" \/><input type=\"hidden\" name=\"_wpcf7_container_post\" value=\"0\" \/><input type=\"hidden\" name=\"_wpcf7_posted_data_hash\" value=\"\" \/><input type=\"hidden\" name=\"_wpcf7_recaptcha_response\" value=\"\" \/>\n<\/fieldset>\n<p>Los datos obligatorios est\u00e1n marcados con asterisco (*)\n<\/p>\n<p><label>Nombre *<br \/>\n<span class=\"wpcf7-form-control-wrap\" data-name=\"sm-name\"><input size=\"40\" maxlength=\"400\" class=\"wpcf7-form-control wpcf7-text wpcf7-validates-as-required input-long\" aria-required=\"true\" aria-invalid=\"false\" placeholder=\"\" value=\"\" type=\"text\" name=\"sm-name\" \/><\/span><\/label>\n<\/p>\n<p><label>Apellidos *<br \/>\n<span class=\"wpcf7-form-control-wrap\" data-name=\"sm-lastname\"><input size=\"40\" maxlength=\"400\" class=\"wpcf7-form-control wpcf7-text wpcf7-validates-as-required input-long\" aria-required=\"true\" aria-invalid=\"false\" placeholder=\"\" value=\"\" type=\"text\" name=\"sm-lastname\" \/><\/span><\/label>\n<\/p>\n<p><label>Cargo *<br \/>\n<span class=\"wpcf7-form-control-wrap\" data-name=\"sm-properties1\"><input size=\"40\" maxlength=\"400\" class=\"wpcf7-form-control wpcf7-text wpcf7-validates-as-required input-long\" aria-required=\"true\" aria-invalid=\"false\" placeholder=\"\" value=\"\" type=\"text\" name=\"sm-properties1\" \/><\/span><\/label>\n<\/p>\n<p><label>Empresa *<br \/>\n<span class=\"wpcf7-form-control-wrap\" data-name=\"sm-company\"><input size=\"40\" maxlength=\"400\" class=\"wpcf7-form-control wpcf7-text wpcf7-validates-as-required input-long\" aria-required=\"true\" aria-invalid=\"false\" placeholder=\"\" value=\"\" type=\"text\" name=\"sm-company\" \/><\/span><\/label>\n<\/p>\n<p><label>E-mail *<br \/>\n<span class=\"wpcf7-form-control-wrap\" data-name=\"sm-email\"><input size=\"40\" maxlength=\"400\" class=\"wpcf7-form-control wpcf7-email wpcf7-validates-as-required wpcf7-text wpcf7-validates-as-email input-long\" aria-required=\"true\" aria-invalid=\"false\" placeholder=\"\" value=\"\" type=\"email\" name=\"sm-email\" \/><\/span><\/label>\n<\/p>\n<p><label>Pa\u00eds *<br \/>\n<span class=\"wpcf7-form-control-wrap\" data-name=\"sm-country\"><input size=\"40\" maxlength=\"400\" class=\"wpcf7-form-control wpcf7-text wpcf7-validates-as-required input-long\" aria-required=\"true\" aria-invalid=\"false\" placeholder=\"\" value=\"\" type=\"text\" name=\"sm-country\" \/><\/span><\/label>\n<\/p>\n<p><label>Tel\u00e9fono<br \/>\n<span class=\"wpcf7-form-control-wrap\" data-name=\"sm-phone\"><input size=\"40\" maxlength=\"400\" class=\"wpcf7-form-control wpcf7-text input-long\" aria-invalid=\"false\" placeholder=\"\" value=\"\" type=\"text\" name=\"sm-phone\" \/><\/span><\/label>\n<\/p>\n<p class=\"m-ethics-form__extra-info__control\">Trabajo en: *<br \/>\n<span class=\"wpcf7-form-control-wrap\" data-name=\"workat\"><select class=\"wpcf7-form-control wpcf7-select wpcf7-validates-as-required\" aria-required=\"true\" aria-invalid=\"false\" name=\"workat\"><option value=\"\">&#8212;Por favor, elige una opci\u00f3n&#8212;<\/option><option value=\"Startup\">Startup<\/option><option value=\"Centros de Investigaci\u00f3n \/ Universidades\">Centros de Investigaci\u00f3n \/ Universidades<\/option><option value=\"Corporaciones\">Corporaciones<\/option><option value=\"Gobiernos\">Gobiernos<\/option><option value=\"Media\">Media<\/option><option value=\"Otros\">Otros<\/option><\/select><\/span>\n<\/p>\n<p>Este sitio est\u00e1 protegido por reCAPTCHA y se aplican la Pol\u00edtica de privacidad y las Condiciones de servicio de Google.\n<\/p>\n<p class=\"m-form-checkbox\"><span class=\"wpcf7-form-control-wrap\" data-name=\"sm-optin\"><span class=\"wpcf7-form-control wpcf7-acceptance\"><span class=\"wpcf7-list-item\"><label><input type=\"checkbox\" name=\"sm-optin\" value=\"1\" aria-invalid=\"false\" \/><span class=\"wpcf7-list-item-label\">Autorizo a Ferrovial Corporaci\u00f3n, S.A.U para que procese mis datos personales con el fin de recibir comunicaciones comerciales relacionadas con la innovaci\u00f3n. Puedes retirar tu consentimiento en cualquier momento. Encontrar\u00e1s m\u00e1s detalles sobre c\u00f3mo se procesan tus datos personales y c\u00f3mo ejercer tus derechos de protecci\u00f3n de datos en la <a href=\"https:\/\/www.ferrovial.com\/es\/politica-de-privacidad\/\">Pol\u00edtica de privacidad de Ferrovial<\/a>.<\/span><\/label><\/span><\/span><\/span>\n<\/p>\n<p><input class=\"wpcf7-form-control wpcf7-submit has-spinner\" type=\"submit\" value=\"Enviar\" \/>\n<\/p><div class=\"wpcf7-response-output\" aria-hidden=\"true\"><\/div>\n<\/form>\n<\/div>\n                        <\/m-form>\n                    <\/div>\n                        <\/m-contact-tabs>\n\n    \n\n\n<m-wysiwig class=\"wp-block-components-wysiwyg\"><div slot=\"maincontent\">\n<h2 class=\"wp-block-heading\"><strong>Retos y beneficios de la&nbsp;<\/strong><strong>movilidad a\u00e9rea urbana<\/strong>&nbsp;<\/h2>\n\n\n\n<p>Los eVTOLs son veh\u00edculos voladores capaces de despegar y aterrizar de forma vertical. Se presentan como una soluci\u00f3n para descongestionar el tr\u00e1fico de las ciudades y reducir los tiempos de desplazamiento urbanos e interurbanos.&nbsp;&nbsp;<\/p>\n\n\n\n<p>Su creaci\u00f3n presenta distintos desaf\u00edos. En primer lugar, tecnol\u00f3gicos: es necesario desarrollar bater\u00edas sostenibles y eficientes. En segundo lugar, organizativos:&nbsp;requerir\u00e1&nbsp;adaptar las infraestructuras de las ciudades para garantizar su correcto funcionamiento. Por ejemplo, creando&nbsp;vertipuertos&nbsp;para su&nbsp;despegue&nbsp;y aterrizaje.&nbsp;Por otro lado,&nbsp;las empresas de infraestructuras&nbsp;tendr\u00e1n&nbsp;que adaptar sus&nbsp;enfoques de&nbsp;negocio para aprovechar&nbsp;estos&nbsp;cambios en el paisaje terrestre y a\u00e9reo.&nbsp;&nbsp;<\/p>\n<\/div><\/m-wysiwig>\n\n\n<div class=\"wp-block-image\">\n<figure class=\"aligncenter size-large is-resized\"><img v-lazy=\"'https:\/\/static.ferrovial.com\/wp-content\/uploads\/2020\/10\/13123624\/1-hyperloop.jpg'\" alt=\"\" class=\"wp-image-175966\" style=\"width:711px;height:502px\" width=\"711\" height=\"502\"\/><\/figure><\/div>\n\n\n<m-wysiwig class=\"wp-block-components-wysiwyg\"><div slot=\"maincontent\">\n<p>Entre los beneficios de integrar la movilidad a\u00e9rea urbana en las ciudades est\u00e1n reducir los&nbsp;problemas de contaminaci\u00f3n y salud y&nbsp;garantizar&nbsp;una mayor&nbsp;bienestar econ\u00f3mico y social.&nbsp;Su integraci\u00f3n supondr\u00e1 una revoluci\u00f3n del transporte&nbsp;sobre todo&nbsp;en las&nbsp;grandes urbes, muy centralizadas y densamente pobladas, en las que miles o millones de personas necesitan viajar a los mismos lugares al mismo tiempo.&nbsp;&nbsp;<\/p>\n\n\n\n<p>Buscamos&nbsp;detectar las oportunidades que pueden surgir&nbsp;al&nbsp;incorporar veh\u00edculos voladores a nuestros entramados urbanos.&nbsp;Para ello, queremos colaborar con otros agentes implicados, que puedan complementar&nbsp;esta labor&nbsp;con su visi\u00f3n&nbsp;de&nbsp;la movilidad en las ciudades.&nbsp;<\/p>\n<\/div><\/m-wysiwig>\n","protected":false},"excerpt":{"rendered":"","protected":false},"featured_media":0,"parent":174390,"menu_order":0,"comment_status":"closed","ping_status":"closed","template":"","meta":{"_acf_changed":false,"footnotes":""},"class_list":["post-175126","page","type-page","status-publish","hentry"],"acf":[],"yoast_head":"<!-- This site is optimized with the Yoast SEO plugin v27.2 - https:\/\/yoast.com\/product\/yoast-seo-wordpress\/ -->\n<title>Movilidad A\u00e9rea Urbana | Foresight - Ferrovial<\/title>\n<meta name=\"description\" content=\"\u00bfC\u00f3mo ser\u00e1 la movilidad en ciudades en unos a\u00f1os? 2030 puede ser la fecha en la que la movilidad a\u00e9rea urbana con eVTOL sea una realidad. Numerosos expertos y actores clave se\u00f1alan que la tecnolog\u00eda que la har\u00e1 posible se desarrollar\u00e1 en la pr\u00f3xima d\u00e9cada.\" \/>\n<meta name=\"robots\" content=\"index, follow, max-snippet:-1, max-image-preview:large, max-video-preview:-1\" \/>\n<link rel=\"canonical\" href=\"https:\/\/www.ferrovial.com\/es\/foresight\/escenarios\/movilidad-aerea-urbana\/\" \/>\n<meta property=\"og:locale\" content=\"es_ES\" \/>\n<meta property=\"og:type\" content=\"article\" \/>\n<meta property=\"og:title\" content=\"Movilidad A\u00e9rea Urbana | Foresight - Ferrovial\" \/>\n<meta property=\"og:description\" content=\"\u00bfC\u00f3mo ser\u00e1 la movilidad en ciudades en unos a\u00f1os? 2030 puede ser la fecha en la que la movilidad a\u00e9rea urbana con eVTOL sea una realidad. Numerosos expertos y actores clave se\u00f1alan que la tecnolog\u00eda que la har\u00e1 posible se desarrollar\u00e1 en la pr\u00f3xima d\u00e9cada.\" \/>\n<meta property=\"og:url\" content=\"https:\/\/www.ferrovial.com\/es\/foresight\/escenarios\/movilidad-aerea-urbana\/\" \/>\n<meta property=\"og:site_name\" content=\"Ferrovial\" \/>\n<meta property=\"article:publisher\" content=\"https:\/\/www.facebook.com\/ferrovial\" \/>\n<meta property=\"article:modified_time\" content=\"2024-01-09T11:01:17+00:00\" \/>\n<meta property=\"og:image\" content=\"https:\/\/www.ferrovial.com\/wp-content\/uploads\/2020\/10\/urban-air-mobility-foresight-1-724x1024.jpg\" \/>\n<meta name=\"twitter:card\" content=\"summary_large_image\" \/>\n<meta name=\"twitter:site\" content=\"@ferrovial\" \/>\n<meta name=\"twitter:label1\" content=\"Est. reading time\" \/>\n\t<meta name=\"twitter:data1\" content=\"2 minutos\" \/>\n<!-- \/ Yoast SEO plugin. -->","yoast_head_json":{"title":"Movilidad A\u00e9rea Urbana | Foresight - Ferrovial","description":"\u00bfC\u00f3mo ser\u00e1 la movilidad en ciudades en unos a\u00f1os? 2030 puede ser la fecha en la que la movilidad a\u00e9rea urbana con eVTOL sea una realidad. Numerosos expertos y actores clave se\u00f1alan que la tecnolog\u00eda que la har\u00e1 posible se desarrollar\u00e1 en la pr\u00f3xima d\u00e9cada.","robots":{"index":"index","follow":"follow","max-snippet":"max-snippet:-1","max-image-preview":"max-image-preview:large","max-video-preview":"max-video-preview:-1"},"canonical":"https:\/\/www.ferrovial.com\/es\/foresight\/escenarios\/movilidad-aerea-urbana\/","og_locale":"es_ES","og_type":"article","og_title":"Movilidad A\u00e9rea Urbana | Foresight - Ferrovial","og_description":"\u00bfC\u00f3mo ser\u00e1 la movilidad en ciudades en unos a\u00f1os? 2030 puede ser la fecha en la que la movilidad a\u00e9rea urbana con eVTOL sea una realidad. Numerosos expertos y actores clave se\u00f1alan que la tecnolog\u00eda que la har\u00e1 posible se desarrollar\u00e1 en la pr\u00f3xima d\u00e9cada.","og_url":"https:\/\/www.ferrovial.com\/es\/foresight\/escenarios\/movilidad-aerea-urbana\/","og_site_name":"Ferrovial","article_publisher":"https:\/\/www.facebook.com\/ferrovial","article_modified_time":"2024-01-09T11:01:17+00:00","og_image":[{"url":"https:\/\/www.ferrovial.com\/wp-content\/uploads\/2020\/10\/urban-air-mobility-foresight-1-724x1024.jpg","type":"","width":"","height":""}],"twitter_card":"summary_large_image","twitter_site":"@ferrovial","twitter_misc":{"Est. reading time":"2 minutos"},"schema":{"@context":"https:\/\/schema.org","@graph":[{"@type":"WebPage","@id":"https:\/\/www.ferrovial.com\/es\/foresight\/escenarios\/movilidad-aerea-urbana\/","url":"https:\/\/www.ferrovial.com\/es\/foresight\/escenarios\/movilidad-aerea-urbana\/","name":"Movilidad A\u00e9rea Urbana | Foresight - Ferrovial","isPartOf":{"@id":"https:\/\/www.ferrovial.com\/es\/#website"},"primaryImageOfPage":{"@id":"https:\/\/www.ferrovial.com\/es\/foresight\/escenarios\/movilidad-aerea-urbana\/#primaryimage"},"image":{"@id":"https:\/\/www.ferrovial.com\/es\/foresight\/escenarios\/movilidad-aerea-urbana\/#primaryimage"},"thumbnailUrl":"https:\/\/www.ferrovial.com\/wp-content\/uploads\/2020\/10\/urban-air-mobility-foresight-1-724x1024.jpg","datePublished":"2020-10-06T14:34:47+00:00","dateModified":"2024-01-09T11:01:17+00:00","description":"\u00bfC\u00f3mo ser\u00e1 la movilidad en ciudades en unos a\u00f1os? 2030 puede ser la fecha en la que la movilidad a\u00e9rea urbana con eVTOL sea una realidad. Numerosos expertos y actores clave se\u00f1alan que la tecnolog\u00eda que la har\u00e1 posible se desarrollar\u00e1 en la pr\u00f3xima d\u00e9cada.","breadcrumb":{"@id":"https:\/\/www.ferrovial.com\/es\/foresight\/escenarios\/movilidad-aerea-urbana\/#breadcrumb"},"inLanguage":"es","potentialAction":[{"@type":"ReadAction","target":["https:\/\/www.ferrovial.com\/es\/foresight\/escenarios\/movilidad-aerea-urbana\/"]}]},{"@type":"ImageObject","inLanguage":"es","@id":"https:\/\/www.ferrovial.com\/es\/foresight\/escenarios\/movilidad-aerea-urbana\/#primaryimage","url":"https:\/\/www.ferrovial.com\/wp-content\/uploads\/2020\/10\/urban-air-mobility-foresight-1-724x1024.jpg","contentUrl":"https:\/\/www.ferrovial.com\/wp-content\/uploads\/2020\/10\/urban-air-mobility-foresight-1-724x1024.jpg"},{"@type":"BreadcrumbList","@id":"https:\/\/www.ferrovial.com\/es\/foresight\/escenarios\/movilidad-aerea-urbana\/#breadcrumb","itemListElement":[{"@type":"ListItem","position":1,"name":"Portada","item":"https:\/\/www.ferrovial.com\/es\/"},{"@type":"ListItem","position":2,"name":"Foresight","item":"https:\/\/www.ferrovial.com\/es\/foresight\/"},{"@type":"ListItem","position":3,"name":"Escenarios","item":"https:\/\/www.ferrovial.com\/es\/foresight\/escenarios\/"},{"@type":"ListItem","position":4,"name":"Movilidad A\u00e9rea Urbana | Foresight"}]},{"@type":"WebSite","@id":"https:\/\/www.ferrovial.com\/es\/#website","url":"https:\/\/www.ferrovial.com\/es\/","name":"Ferrovial","description":"Welcome to the Ferrovial&#039;s website, global operator of sustainable infrastructure. Here you can find all the information about the company and subsidiaries.","publisher":{"@id":"https:\/\/www.ferrovial.com\/es\/#organization"},"potentialAction":[{"@type":"SearchAction","target":{"@type":"EntryPoint","urlTemplate":"https:\/\/www.ferrovial.com\/es\/?s={search_term_string}"},"query-input":{"@type":"PropertyValueSpecification","valueRequired":true,"valueName":"search_term_string"}}],"inLanguage":"es"},{"@type":"Organization","@id":"https:\/\/www.ferrovial.com\/es\/#organization","name":"Ferrovial S.A.","url":"https:\/\/www.ferrovial.com\/es\/","logo":{"@type":"ImageObject","inLanguage":"es","@id":"https:\/\/www.ferrovial.com\/es\/#\/schema\/logo\/image\/","url":"https:\/\/static.ferrovial.com\/wp-content\/uploads\/2020\/01\/13124948\/logo-ferrovial-cf7.png","contentUrl":"https:\/\/static.ferrovial.com\/wp-content\/uploads\/2020\/01\/13124948\/logo-ferrovial-cf7.png","width":144,"height":32,"caption":"Ferrovial S.A."},"image":{"@id":"https:\/\/www.ferrovial.com\/es\/#\/schema\/logo\/image\/"},"sameAs":["https:\/\/www.facebook.com\/ferrovial","https:\/\/x.com\/ferrovial","https:\/\/www.instagram.com\/ferrovial\/","https:\/\/www.linkedin.com\/company\/ferrovial","https:\/\/www.pinterest.es\/ferrovial\/","https:\/\/www.youtube.com\/ferrovial","https:\/\/en.wikipedia.org\/wiki\/Ferrovial"]}]}},"_links":{"self":[{"href":"https:\/\/www.ferrovial.com\/es\/wp-json\/wp\/v2\/pages\/175126","targetHints":{"allow":["GET"]}}],"collection":[{"href":"https:\/\/www.ferrovial.com\/es\/wp-json\/wp\/v2\/pages"}],"about":[{"href":"https:\/\/www.ferrovial.com\/es\/wp-json\/wp\/v2\/types\/page"}],"replies":[{"embeddable":true,"href":"https:\/\/www.ferrovial.com\/es\/wp-json\/wp\/v2\/comments?post=175126"}],"version-history":[{"count":3,"href":"https:\/\/www.ferrovial.com\/es\/wp-json\/wp\/v2\/pages\/175126\/revisions"}],"predecessor-version":[{"id":273670,"href":"https:\/\/www.ferrovial.com\/es\/wp-json\/wp\/v2\/pages\/175126\/revisions\/273670"}],"up":[{"embeddable":true,"href":"https:\/\/www.ferrovial.com\/es\/wp-json\/wp\/v2\/pages\/174390"}],"wp:attachment":[{"href":"https:\/\/www.ferrovial.com\/es\/wp-json\/wp\/v2\/media?parent=175126"}],"curies":[{"name":"wp","href":"https:\/\/api.w.org\/{rel}","templated":true}]}}