{"id":17705,"date":"2019-09-05T10:38:13","date_gmt":"2019-09-05T08:38:13","guid":{"rendered":"https:\/\/www.ferrovial.com\/?page_id=17705"},"modified":"2026-03-23T11:34:26","modified_gmt":"2026-03-23T10:34:26","slug":"equipo-directivo","status":"publish","type":"page","link":"https:\/\/www.ferrovial.com\/es\/cintra\/quienes-somos\/equipo-directivo\/","title":{"rendered":"Equipo directivo"},"content":{"rendered":"    <m-final-content-header >\n            <c-breadcrumb label-text=\"Breadcrumb\" slot=\"breadcrumbs\" type='2' align='left' wrap='wrapped wrapped' aria-label='Vienes de Qui\u00e9nes somos'>\n                        <ol>\n\n                                                            <li><a href=\"https:\/\/www.ferrovial.com\/es\/\" title=\"Ferrovial\">Ferrovial<\/a><\/li>\n                                                                        <li><a href=\"https:\/\/www.ferrovial.com\/es\/cintra\/\" title=\"Cintra\">Cintra<\/a><\/li>\n                                                                        <li><a href=\"https:\/\/www.ferrovial.com\/es\/cintra\/quienes-somos\/\" title=\"Qui\u00e9nes somos\">Qui\u00e9nes somos<\/a><\/li>\n                                    \n                <\/ol>\n\n                <\/c-breadcrumb>\n    \n        <div slot=\"header\">\n            <h1>\n                Equipo directivo            <\/h1>\n                    <\/div>\n    <\/m-final-content-header>\n\n    \n\n\n<m-wysiwig class=\"wp-block-components-wysiwyg\"><div slot=\"maincontent\">    <p class=\"intro\">La experiencia en el desarrollo y la gesti\u00f3n de infraestructuras de transporte.<\/p>\n    <\/div><\/m-wysiwig>\n\n\n    <m-schedule>\n        \n                <p slot=\"description\">\n                    Descripci\u00f3n por defecto                <\/p>\n\n            \n        \n                    <div class=\"card\">\n\n                        <img decoding=\"async\" src=\"https:\/\/static.ferrovial.com\/wp-content\/uploads\/2025\/08\/19111937\/andres-sacristan-200x200.png\" alt=\"Andr\u00e9s Sacrist\u00e1n\" \/>                                <p class=\"name\">\n                                    Andr\u00e9s Sacrist\u00e1n                                <\/p>\n                                                                <p class=\"job\">\n                                    CEO                                <\/p>\n                                                                <p class=\"description\">\n                                    Lorem ipsum                                <\/p>\n                                                    <\/div>\n                    \n                    <div class=\"card\">\n\n                        <img decoding=\"async\" src=\"https:\/\/static.ferrovial.com\/wp-content\/uploads\/2025\/08\/19112017\/luis-aguirre-200x200.png\" alt=\"Luis Aguirre\" \/>                                <p class=\"name\">\n                                    Luis Aguirre de C\u00e1rcer                                <\/p>\n                                                                <p class=\"job\">\n                                    Director de Europa y Nuevos Mercados                                <\/p>\n                                                                <p class=\"description\">\n                                    Lorem ipsum                                <\/p>\n                                                    <\/div>\n                    \n                    <div class=\"card\">\n\n                        <img decoding=\"async\" src=\"https:\/\/static.ferrovial.com\/wp-content\/uploads\/2026\/01\/29171505\/huevo-frito-ricardo-bosh-200x200.png\" alt=\"\" \/>                                <p class=\"name\">\n                                    Ricardo Bosch                                <\/p>\n                                                                <p class=\"job\">\n                                    Director de Estrategia                                <\/p>\n                                                                <p class=\"description\">\n                                    Lorem ipsum                                <\/p>\n                                                    <\/div>\n                    \n                    <div class=\"card\">\n\n                        <img decoding=\"async\" src=\"https:\/\/static.ferrovial.com\/wp-content\/uploads\/2025\/08\/19112603\/jose-espinosa-200x200.png\" alt=\"\" \/>                                <p class=\"name\">\n                                    Jose Espinosa                                <\/p>\n                                                                <p class=\"job\">\n                                    CEO de Canad\u00e1 y Presidente y CEO de 407 ETR                                <\/p>\n                                                                <p class=\"description\">\n                                    Lorem ipsum                                <\/p>\n                                                    <\/div>\n                    \n                    <div class=\"card\">\n\n                        <img decoding=\"async\" src=\"https:\/\/static.ferrovial.com\/wp-content\/uploads\/2025\/08\/19112047\/alberto-gonzalez-200x200.png\" alt=\"Alberto Gonz\u00e1lez\" \/>                                <p class=\"name\">\n                                    Alberto Gonz\u00e1lez Lalueza                                <\/p>\n                                                                <p class=\"job\">\n                                    Director de Desarrollo Comercial                                <\/p>\n                                                                <p class=\"description\">\n                                    Lorem ipsum                                <\/p>\n                                                    <\/div>\n                    \n                    <div class=\"card\">\n\n                        <img decoding=\"async\" src=\"https:\/\/static.ferrovial.com\/wp-content\/uploads\/2023\/02\/08135019\/kiersen-ockey-miller-head-of-hr-cintra-1-200x200.png\" alt=\"Kiersen Ockey-Miller Head of HR Cintra\" \/>                                <p class=\"name\">\n                                    Kiersen Ockey-Miller                                <\/p>\n                                                                <p class=\"job\">\n                                    Directora de Recursos Humanos                                <\/p>\n                                                                <p class=\"description\">\n                                    Lorem ipsum                                <\/p>\n                                                    <\/div>\n                    \n                    <div class=\"card\">\n\n                        <img decoding=\"async\" src=\"https:\/\/static.ferrovial.com\/wp-content\/uploads\/2022\/12\/13082014\/carlos-ramirez-cintra-1-200x200.png\" alt=\"Carlos-Ramirez-Cintra\" \/>                                <p class=\"name\">\n                                    Carlos Ram\u00edrez Belaustegui                                <\/p>\n                                                                <p class=\"job\">\n                                    Director de An\u00e1lisis Econ\u00f3mico- Financiero                                <\/p>\n                                                                <p class=\"description\">\n                                    Lorem ipsum                                <\/p>\n                                                    <\/div>\n                    \n                    <div class=\"card\">\n\n                        <img decoding=\"async\" src=\"https:\/\/static.ferrovial.com\/wp-content\/uploads\/2019\/11\/13132348\/sagaz_quesada_cintra.png\" alt=\"Miguel \u00c1ngel Sagaz Quesada\" \/>                                <p class=\"name\">\n                                    Miguel \u00c1ngel Sagaz                                <\/p>\n                                                                <p class=\"job\">\n                                    Director de Asesor\u00eda Jur\u00eddica                                <\/p>\n                                                                <p class=\"description\">\n                                    Lorem ipsum                                <\/p>\n                                                    <\/div>\n                    \n                    <div class=\"card\">\n\n                        <img decoding=\"async\" src=\"https:\/\/static.ferrovial.com\/wp-content\/uploads\/2025\/08\/19112455\/ricardo-sanchez-200x200.png\" alt=\"Ricardo Sanchez\" \/>                                <p class=\"name\">\n                                    Ricardo S\u00e1nchez                                <\/p>\n                                                                <p class=\"job\">\n                                    Director de Servicios T\u00e9cnico-Anal\u00edticos e Innovaci\u00f3n                                <\/p>\n                                                                <p class=\"description\">\n                                    Lorem ipsum                                <\/p>\n                                                    <\/div>\n                    \n                    <div class=\"card\">\n\n                        <img decoding=\"async\" src=\"https:\/\/static.ferrovial.com\/wp-content\/uploads\/2025\/08\/19112549\/javier-tamargo-200x200.png\" alt=\"\" \/>                                <p class=\"name\">\n                                    Javier Tamargo                                <\/p>\n                                                                <p class=\"job\">\n                                    CEO de USA                                <\/p>\n                                                                <p class=\"description\">\n                                    Lorem ipsum                                <\/p>\n                                                    <\/div>\n                    \n                    <div class=\"card\">\n\n                        <img decoding=\"async\" src=\"https:\/\/static.ferrovial.com\/wp-content\/uploads\/2025\/03\/28132638\/jose-maria-velao-director-economico-financiero-cintra.png\" alt=\"Jos\u00e9 Mar\u00eda Velao, Director Econ\u00f3mico Financiero de Cintra\" \/>                                <p class=\"name\">\n                                    Jos\u00e9 Mar\u00eda Velao                                <\/p>\n                                                                <p class=\"job\">\n                                    Director Econ\u00f3mico-Financiero                                <\/p>\n                                                                <p class=\"description\">\n                                    Lorem ipsum                                <\/p>\n                                                    <\/div>\n                        <\/m-schedule>\n    \n\n\n<p><\/p>\n","protected":false},"excerpt":{"rendered":"","protected":false},"featured_media":0,"parent":17692,"menu_order":0,"comment_status":"closed","ping_status":"closed","template":"","meta":{"_acf_changed":false,"footnotes":""},"class_list":["post-17705","page","type-page","status-publish","hentry"],"acf":[],"yoast_head":"<!-- This site is optimized with the Yoast SEO plugin v27.2 - https:\/\/yoast.com\/product\/yoast-seo-wordpress\/ -->\n<title>Organigrama y equipo directivo - Cintra<\/title>\n<meta name=\"description\" content=\"El equipo de Cintra est\u00e1 dedicado exclusivamente a la detecci\u00f3n, an\u00e1lisis y preparaci\u00f3n de ofertas para proyectos de infraestructuras. Conoce nuestro equipo.\" \/>\n<meta name=\"robots\" content=\"index, follow, max-snippet:-1, max-image-preview:large, max-video-preview:-1\" \/>\n<link rel=\"canonical\" href=\"https:\/\/www.ferrovial.com\/es\/cintra\/quienes-somos\/equipo-directivo\/\" \/>\n<meta property=\"og:locale\" content=\"es_ES\" \/>\n<meta property=\"og:type\" content=\"article\" \/>\n<meta property=\"og:title\" content=\"Organigrama y equipo directivo - Cintra\" \/>\n<meta property=\"og:description\" content=\"El equipo de Cintra est\u00e1 dedicado exclusivamente a la detecci\u00f3n, an\u00e1lisis y preparaci\u00f3n de ofertas para proyectos de infraestructuras. Conoce nuestro equipo.\" \/>\n<meta property=\"og:url\" content=\"https:\/\/www.ferrovial.com\/es\/cintra\/quienes-somos\/equipo-directivo\/\" \/>\n<meta property=\"og:site_name\" content=\"Ferrovial\" \/>\n<meta property=\"article:publisher\" content=\"https:\/\/www.facebook.com\/ferrovial\" \/>\n<meta property=\"article:modified_time\" content=\"2026-03-23T10:34:26+00:00\" \/>\n<meta name=\"twitter:card\" content=\"summary_large_image\" \/>\n<meta name=\"twitter:site\" content=\"@ferrovial\" \/>\n<!-- \/ Yoast SEO plugin. -->","yoast_head_json":{"title":"Organigrama y equipo directivo - Cintra","description":"El equipo de Cintra est\u00e1 dedicado exclusivamente a la detecci\u00f3n, an\u00e1lisis y preparaci\u00f3n de ofertas para proyectos de infraestructuras. Conoce nuestro equipo.","robots":{"index":"index","follow":"follow","max-snippet":"max-snippet:-1","max-image-preview":"max-image-preview:large","max-video-preview":"max-video-preview:-1"},"canonical":"https:\/\/www.ferrovial.com\/es\/cintra\/quienes-somos\/equipo-directivo\/","og_locale":"es_ES","og_type":"article","og_title":"Organigrama y equipo directivo - Cintra","og_description":"El equipo de Cintra est\u00e1 dedicado exclusivamente a la detecci\u00f3n, an\u00e1lisis y preparaci\u00f3n de ofertas para proyectos de infraestructuras. Conoce nuestro equipo.","og_url":"https:\/\/www.ferrovial.com\/es\/cintra\/quienes-somos\/equipo-directivo\/","og_site_name":"Ferrovial","article_publisher":"https:\/\/www.facebook.com\/ferrovial","article_modified_time":"2026-03-23T10:34:26+00:00","twitter_card":"summary_large_image","twitter_site":"@ferrovial","schema":{"@context":"https:\/\/schema.org","@graph":[{"@type":"WebPage","@id":"https:\/\/www.ferrovial.com\/es\/cintra\/quienes-somos\/equipo-directivo\/","url":"https:\/\/www.ferrovial.com\/es\/cintra\/quienes-somos\/equipo-directivo\/","name":"Organigrama y equipo directivo - Cintra","isPartOf":{"@id":"https:\/\/www.ferrovial.com\/es\/#website"},"datePublished":"2019-09-05T08:38:13+00:00","dateModified":"2026-03-23T10:34:26+00:00","description":"El equipo de Cintra est\u00e1 dedicado exclusivamente a la detecci\u00f3n, an\u00e1lisis y preparaci\u00f3n de ofertas para proyectos de infraestructuras. Conoce nuestro equipo.","breadcrumb":{"@id":"https:\/\/www.ferrovial.com\/es\/cintra\/quienes-somos\/equipo-directivo\/#breadcrumb"},"inLanguage":"es","potentialAction":[{"@type":"ReadAction","target":["https:\/\/www.ferrovial.com\/es\/cintra\/quienes-somos\/equipo-directivo\/"]}]},{"@type":"BreadcrumbList","@id":"https:\/\/www.ferrovial.com\/es\/cintra\/quienes-somos\/equipo-directivo\/#breadcrumb","itemListElement":[{"@type":"ListItem","position":1,"name":"Portada","item":"https:\/\/www.ferrovial.com\/es\/"},{"@type":"ListItem","position":2,"name":"Cintra","item":"https:\/\/www.ferrovial.com\/es\/cintra\/"},{"@type":"ListItem","position":3,"name":"Qui\u00e9nes somos","item":"https:\/\/www.ferrovial.com\/es\/cintra\/quienes-somos\/"},{"@type":"ListItem","position":4,"name":"Equipo directivo"}]},{"@type":"WebSite","@id":"https:\/\/www.ferrovial.com\/es\/#website","url":"https:\/\/www.ferrovial.com\/es\/","name":"Ferrovial","description":"Welcome to the Ferrovial&#039;s website, global operator of sustainable infrastructure. Here you can find all the information about the company and subsidiaries.","publisher":{"@id":"https:\/\/www.ferrovial.com\/es\/#organization"},"potentialAction":[{"@type":"SearchAction","target":{"@type":"EntryPoint","urlTemplate":"https:\/\/www.ferrovial.com\/es\/?s={search_term_string}"},"query-input":{"@type":"PropertyValueSpecification","valueRequired":true,"valueName":"search_term_string"}}],"inLanguage":"es"},{"@type":"Organization","@id":"https:\/\/www.ferrovial.com\/es\/#organization","name":"Ferrovial S.A.","url":"https:\/\/www.ferrovial.com\/es\/","logo":{"@type":"ImageObject","inLanguage":"es","@id":"https:\/\/www.ferrovial.com\/es\/#\/schema\/logo\/image\/","url":"https:\/\/static.ferrovial.com\/wp-content\/uploads\/2020\/01\/13124948\/logo-ferrovial-cf7.png","contentUrl":"https:\/\/static.ferrovial.com\/wp-content\/uploads\/2020\/01\/13124948\/logo-ferrovial-cf7.png","width":144,"height":32,"caption":"Ferrovial S.A."},"image":{"@id":"https:\/\/www.ferrovial.com\/es\/#\/schema\/logo\/image\/"},"sameAs":["https:\/\/www.facebook.com\/ferrovial","https:\/\/x.com\/ferrovial","https:\/\/www.instagram.com\/ferrovial\/","https:\/\/www.linkedin.com\/company\/ferrovial","https:\/\/www.pinterest.es\/ferrovial\/","https:\/\/www.youtube.com\/ferrovial","https:\/\/en.wikipedia.org\/wiki\/Ferrovial"]}]}},"_links":{"self":[{"href":"https:\/\/www.ferrovial.com\/es\/wp-json\/wp\/v2\/pages\/17705","targetHints":{"allow":["GET"]}}],"collection":[{"href":"https:\/\/www.ferrovial.com\/es\/wp-json\/wp\/v2\/pages"}],"about":[{"href":"https:\/\/www.ferrovial.com\/es\/wp-json\/wp\/v2\/types\/page"}],"replies":[{"embeddable":true,"href":"https:\/\/www.ferrovial.com\/es\/wp-json\/wp\/v2\/comments?post=17705"}],"version-history":[{"count":3,"href":"https:\/\/www.ferrovial.com\/es\/wp-json\/wp\/v2\/pages\/17705\/revisions"}],"predecessor-version":[{"id":328542,"href":"https:\/\/www.ferrovial.com\/es\/wp-json\/wp\/v2\/pages\/17705\/revisions\/328542"}],"up":[{"embeddable":true,"href":"https:\/\/www.ferrovial.com\/es\/wp-json\/wp\/v2\/pages\/17692"}],"wp:attachment":[{"href":"https:\/\/www.ferrovial.com\/es\/wp-json\/wp\/v2\/media?parent=17705"}],"curies":[{"name":"wp","href":"https:\/\/api.w.org\/{rel}","templated":true}]}}