{"id":17967,"date":"2019-09-05T11:08:08","date_gmt":"2019-09-05T09:08:08","guid":{"rendered":"https:\/\/www.ferrovial.com\/?page_id=17967"},"modified":"2025-07-03T17:04:23","modified_gmt":"2025-07-03T15:04:23","slug":"quienes-somos","status":"publish","type":"page","link":"https:\/\/www.ferrovial.com\/es\/f-aeropuertos\/quienes-somos\/","title":{"rendered":"\u00bfQui\u00e9nes somos?"},"content":{"rendered":"    <m-final-content-header bgimage='https:\/\/static.ferrovial.com\/wp-content\/uploads\/2019\/10\/13133935\/lde_2774-1.jpeg'>\n            <c-breadcrumb label-text=\"Breadcrumb\" slot=\"breadcrumbs\" type='2' align='left' wrap='wrapped wrapped' aria-label='Vienes de Ferrovial Aeropuertos'>\n                        <ol>\n\n                                                            <li><a href=\"https:\/\/www.ferrovial.com\/es\/\" title=\"Ferrovial\">Ferrovial<\/a><\/li>\n                                                                        <li><a href=\"https:\/\/www.ferrovial.com\/es\/f-aeropuertos\/\" title=\"Ferrovial Aeropuertos\">Ferrovial Aeropuertos<\/a><\/li>\n                                    \n                <\/ol>\n\n                <\/c-breadcrumb>\n    \n        <div slot=\"header\">\n            <h1>\n                \u00bfQui\u00e9nes somos?            <\/h1>\n                    <\/div>\n    <\/m-final-content-header>\n\n    \n\n\n<m-wysiwig class=\"wp-block-components-wysiwyg\"><div slot=\"maincontent\">    <p class=\"intro\">Somos uno de los principales operadores de infraestructuras del mundo. Integramos todas las actividades de la gesti\u00f3n aeroportuaria y somos uno de los principales operadores privados de aeropuertos de todo el mundo.<\/p>\n    \n\n\n<p>Formamos parte de la industria de la aviaci\u00f3n desde 1998 y tenemos m\u00e1s de 25 a\u00f1os de experiencia en inversi\u00f3n, desarrollo y operaci\u00f3n en 36 aeropuertos en todo el mundo. Por ello, contamos con un profundo conocimiento de la industria y con una dilatada trayectoria construyendo relaciones s\u00f3lidas y productivas con socios y dem\u00e1s grupos de inter\u00e9s.<\/p>\n\n\n\n<p>En junio de 2022, nos unimos a la asociaci\u00f3n para dise\u00f1ar, construir y operar la Nueva Terminal Uno del <a href=\"https:\/\/www.ferrovial.com\/es\/negocio\/proyectos\/nueva-terminal-1-aeropuerto-internacional-jfk\/\" target=\"_blank\" rel=\"noreferrer noopener nofollow\">Aeropuerto Internacional John F. Kennedy<\/a> de Nueva York, en Estados Unidos. Tambi\u00e9n gestionamos FMM, una empresa conjunta con Qatar Airways que presta servicios de gesti\u00f3n de instalaciones de primera categor\u00eda a los mercados p\u00fablicos y privados de Qatar. Adem\u00e1s, en julio de 2022, adquirimos una participaci\u00f3n del 60% en la empresa que gestiona la concesi\u00f3n del <a href=\"https:\/\/www.ferrovial.com\/es\/negocio\/proyectos\/aeropuerto-internacional-de-dalaman\/\" target=\"_blank\" rel=\"noreferrer noopener nofollow\">Aeropuerto Internacional de Dalaman<\/a> en Turqu\u00eda.<\/p>\n<\/div><\/m-wysiwig>\n\n\n    <m-cyphers-basic>\n                        <div slot=\"head\">\n                                                <h3>\n                                Cifras clave                             <\/h3>\n                                                            <p>\n                                    Descripci\u00f3n por defecto                                <\/p>\n                                            <\/div>\n                                <ul slot=\"cyphers\">\n                                                <li>\n                                                                        <p class=\"number\">\n                                            75,3 M                                        <\/p>\n                                                                                <p class=\"post\">\n                                            de pasajeros                                         <\/p>\n                                                                    <\/li>\n                                                        <li>\n                                                                        <p class=\"number\">\n                                            87.700                                        <\/p>\n                                                                                <p class=\"post\">\n                                            Puestos de trabajo                                        <\/p>\n                                                                    <\/li>\n                                                        <li>\n                                                                        <p class=\"number\">\n                                            +202.000                                        <\/p>\n                                                                                <p class=\"post\">\n                                            Vuelos                                        <\/p>\n                                                                    <\/li>\n                                                        <li>\n                                                                        <p class=\"pre\">\n                                            Desde 2007                                        <\/p>\n                                                                                <p class=\"number\">\n                                            14.407 M \u20ac                                        <\/p>\n                                                                                <p class=\"post\">\n                                            Invertidos en activos                                         <\/p>\n                                                                    <\/li>\n                                            <\/ul>\n                    <\/m-cyphers-basic>\n\n    \n\n    <m-projects-distributor2 :translations='{\n        &quot;prev&quot;:&quot;Anterior&quot;,\n        &quot;next&quot;:&quot;Siguiente&quot;,\n        &quot;paginationseparator&quot;:&quot;de&quot;\n    }'>\n                        <h2 slot=\"label\">\n                    Proyectos                <\/h2>\n                                <h3 slot=\"title\">\n                Conoce mejor nuestros activos                 <\/h3>\n                        <a slot='button' title='Ver todos los proyectos ' href='https:\/\/www.ferrovial.com\/es\/f-aeropuertos\/proyectos\/'>\n            Ver todos los proyectos         <\/a>\n\n            <\/m-projects-distributor2>\n\n    \n\n\n    <m-distributor-basic bgimg='https:\/\/static.ferrovial.com\/wp-content\/uploads\/2019\/09\/13135541\/heathrow_t2_header_distribuidora-1920x1080.jpg'>\n                        <h3 slot=\"title\">\n                    Nuestro Equipo Directivo                <\/h3>\n                                    <c-button slot='cta' type='primary' disabled='false' href='#'>\n                        <span>Ver m\u00e1s<\/span>\n                                        <\/c-button>\n                    \n        \n\n    <\/m-distributor-basic>\n    ","protected":false},"excerpt":{"rendered":"","protected":false},"featured_media":0,"parent":17956,"menu_order":0,"comment_status":"closed","ping_status":"closed","template":"","meta":{"_acf_changed":false,"footnotes":""},"class_list":["post-17967","page","type-page","status-publish","hentry"],"acf":[],"yoast_head":"<!-- This site is optimized with the Yoast SEO plugin v27.2 - https:\/\/yoast.com\/product\/yoast-seo-wordpress\/ -->\n<title>Gesti\u00f3n privada de aeropuertos | Ferrovial Aeropuertos<\/title>\n<meta name=\"description\" content=\"Desde Ferrovial Aeropuertos gestionamos 4 aeropuertos del Reino Unido con un total de 95 millones de pasajeros y 140 aerol\u00edneas. Entra e inf\u00f3rmate\" \/>\n<meta name=\"robots\" content=\"index, follow, max-snippet:-1, max-image-preview:large, max-video-preview:-1\" \/>\n<link rel=\"canonical\" href=\"https:\/\/www.ferrovial.com\/es\/f-aeropuertos\/quienes-somos\/\" \/>\n<meta property=\"og:locale\" content=\"es_ES\" \/>\n<meta property=\"og:type\" content=\"article\" \/>\n<meta property=\"og:title\" content=\"Gesti\u00f3n privada de aeropuertos | Ferrovial Aeropuertos\" \/>\n<meta property=\"og:description\" content=\"Desde Ferrovial Aeropuertos gestionamos 4 aeropuertos del Reino Unido con un total de 95 millones de pasajeros y 140 aerol\u00edneas. Entra e inf\u00f3rmate\" \/>\n<meta property=\"og:url\" content=\"https:\/\/www.ferrovial.com\/es\/f-aeropuertos\/quienes-somos\/\" \/>\n<meta property=\"og:site_name\" content=\"Ferrovial\" \/>\n<meta property=\"article:publisher\" content=\"https:\/\/www.facebook.com\/ferrovial\" \/>\n<meta property=\"article:modified_time\" content=\"2025-07-03T15:04:23+00:00\" \/>\n<meta name=\"twitter:card\" content=\"summary_large_image\" \/>\n<meta name=\"twitter:site\" content=\"@ferrovial\" \/>\n<meta name=\"twitter:label1\" content=\"Est. reading time\" \/>\n\t<meta name=\"twitter:data1\" content=\"1 minuto\" \/>\n<!-- \/ Yoast SEO plugin. -->","yoast_head_json":{"title":"Gesti\u00f3n privada de aeropuertos | Ferrovial Aeropuertos","description":"Desde Ferrovial Aeropuertos gestionamos 4 aeropuertos del Reino Unido con un total de 95 millones de pasajeros y 140 aerol\u00edneas. Entra e inf\u00f3rmate","robots":{"index":"index","follow":"follow","max-snippet":"max-snippet:-1","max-image-preview":"max-image-preview:large","max-video-preview":"max-video-preview:-1"},"canonical":"https:\/\/www.ferrovial.com\/es\/f-aeropuertos\/quienes-somos\/","og_locale":"es_ES","og_type":"article","og_title":"Gesti\u00f3n privada de aeropuertos | Ferrovial Aeropuertos","og_description":"Desde Ferrovial Aeropuertos gestionamos 4 aeropuertos del Reino Unido con un total de 95 millones de pasajeros y 140 aerol\u00edneas. Entra e inf\u00f3rmate","og_url":"https:\/\/www.ferrovial.com\/es\/f-aeropuertos\/quienes-somos\/","og_site_name":"Ferrovial","article_publisher":"https:\/\/www.facebook.com\/ferrovial","article_modified_time":"2025-07-03T15:04:23+00:00","twitter_card":"summary_large_image","twitter_site":"@ferrovial","twitter_misc":{"Est. reading time":"1 minuto"},"schema":{"@context":"https:\/\/schema.org","@graph":[{"@type":"WebPage","@id":"https:\/\/www.ferrovial.com\/es\/f-aeropuertos\/quienes-somos\/","url":"https:\/\/www.ferrovial.com\/es\/f-aeropuertos\/quienes-somos\/","name":"Gesti\u00f3n privada de aeropuertos | Ferrovial Aeropuertos","isPartOf":{"@id":"https:\/\/www.ferrovial.com\/es\/#website"},"datePublished":"2019-09-05T09:08:08+00:00","dateModified":"2025-07-03T15:04:23+00:00","description":"Desde Ferrovial Aeropuertos gestionamos 4 aeropuertos del Reino Unido con un total de 95 millones de pasajeros y 140 aerol\u00edneas. Entra e inf\u00f3rmate","breadcrumb":{"@id":"https:\/\/www.ferrovial.com\/es\/f-aeropuertos\/quienes-somos\/#breadcrumb"},"inLanguage":"es","potentialAction":[{"@type":"ReadAction","target":["https:\/\/www.ferrovial.com\/es\/f-aeropuertos\/quienes-somos\/"]}]},{"@type":"BreadcrumbList","@id":"https:\/\/www.ferrovial.com\/es\/f-aeropuertos\/quienes-somos\/#breadcrumb","itemListElement":[{"@type":"ListItem","position":1,"name":"Portada","item":"https:\/\/www.ferrovial.com\/es\/"},{"@type":"ListItem","position":2,"name":"Ferrovial Aeropuertos","item":"https:\/\/www.ferrovial.com\/es\/f-aeropuertos\/"},{"@type":"ListItem","position":3,"name":"\u00bfQui\u00e9nes somos?"}]},{"@type":"WebSite","@id":"https:\/\/www.ferrovial.com\/es\/#website","url":"https:\/\/www.ferrovial.com\/es\/","name":"Ferrovial","description":"Welcome to the Ferrovial&#039;s website, global operator of sustainable infrastructure. Here you can find all the information about the company and subsidiaries.","publisher":{"@id":"https:\/\/www.ferrovial.com\/es\/#organization"},"potentialAction":[{"@type":"SearchAction","target":{"@type":"EntryPoint","urlTemplate":"https:\/\/www.ferrovial.com\/es\/?s={search_term_string}"},"query-input":{"@type":"PropertyValueSpecification","valueRequired":true,"valueName":"search_term_string"}}],"inLanguage":"es"},{"@type":"Organization","@id":"https:\/\/www.ferrovial.com\/es\/#organization","name":"Ferrovial S.A.","url":"https:\/\/www.ferrovial.com\/es\/","logo":{"@type":"ImageObject","inLanguage":"es","@id":"https:\/\/www.ferrovial.com\/es\/#\/schema\/logo\/image\/","url":"https:\/\/static.ferrovial.com\/wp-content\/uploads\/2020\/01\/13124948\/logo-ferrovial-cf7.png","contentUrl":"https:\/\/static.ferrovial.com\/wp-content\/uploads\/2020\/01\/13124948\/logo-ferrovial-cf7.png","width":144,"height":32,"caption":"Ferrovial S.A."},"image":{"@id":"https:\/\/www.ferrovial.com\/es\/#\/schema\/logo\/image\/"},"sameAs":["https:\/\/www.facebook.com\/ferrovial","https:\/\/x.com\/ferrovial","https:\/\/www.instagram.com\/ferrovial\/","https:\/\/www.linkedin.com\/company\/ferrovial","https:\/\/www.pinterest.es\/ferrovial\/","https:\/\/www.youtube.com\/ferrovial","https:\/\/en.wikipedia.org\/wiki\/Ferrovial"]}]}},"_links":{"self":[{"href":"https:\/\/www.ferrovial.com\/es\/wp-json\/wp\/v2\/pages\/17967","targetHints":{"allow":["GET"]}}],"collection":[{"href":"https:\/\/www.ferrovial.com\/es\/wp-json\/wp\/v2\/pages"}],"about":[{"href":"https:\/\/www.ferrovial.com\/es\/wp-json\/wp\/v2\/types\/page"}],"replies":[{"embeddable":true,"href":"https:\/\/www.ferrovial.com\/es\/wp-json\/wp\/v2\/comments?post=17967"}],"version-history":[{"count":3,"href":"https:\/\/www.ferrovial.com\/es\/wp-json\/wp\/v2\/pages\/17967\/revisions"}],"predecessor-version":[{"id":308820,"href":"https:\/\/www.ferrovial.com\/es\/wp-json\/wp\/v2\/pages\/17967\/revisions\/308820"}],"up":[{"embeddable":true,"href":"https:\/\/www.ferrovial.com\/es\/wp-json\/wp\/v2\/pages\/17956"}],"wp:attachment":[{"href":"https:\/\/www.ferrovial.com\/es\/wp-json\/wp\/v2\/media?parent=17967"}],"curies":[{"name":"wp","href":"https:\/\/api.w.org\/{rel}","templated":true}]}}