{"id":17973,"date":"2019-09-05T11:08:51","date_gmt":"2019-09-05T09:08:51","guid":{"rendered":"https:\/\/www.ferrovial.com\/?page_id=17973"},"modified":"2025-07-03T17:19:58","modified_gmt":"2025-07-03T15:19:58","slug":"que-hacemos","status":"publish","type":"page","link":"https:\/\/www.ferrovial.com\/es\/f-aeropuertos\/que-hacemos\/","title":{"rendered":"\u00bfQu\u00e9 hacemos?"},"content":{"rendered":"    <m-final-content-header bgimage='https:\/\/static.ferrovial.com\/wp-content\/uploads\/2019\/09\/13140418\/aerial-shot-of-aberdeen-airport-e1423138488874-1280x720.jpg'>\n            <c-breadcrumb label-text=\"Breadcrumb\" slot=\"breadcrumbs\" type='2' align='left' wrap='wrapped wrapped' aria-label='Vienes de Ferrovial Aeropuertos'>\n                        <ol>\n\n                                                            <li><a href=\"https:\/\/www.ferrovial.com\/es\/\" title=\"Ferrovial\">Ferrovial<\/a><\/li>\n                                                                        <li><a href=\"https:\/\/www.ferrovial.com\/es\/f-aeropuertos\/\" title=\"Ferrovial Aeropuertos\">Ferrovial Aeropuertos<\/a><\/li>\n                                    \n                <\/ol>\n\n                <\/c-breadcrumb>\n    \n        <div slot=\"header\">\n            <h1>\n                \u00bfQu\u00e9 hacemos?            <\/h1>\n                    <\/div>\n    <\/m-final-content-header>\n\n    \n\n\n<m-wysiwig class=\"wp-block-components-wysiwyg\"><div slot=\"maincontent\">    <p class=\"intro\">Aspiramos a crear valor para nuestros pasajeros y clientes desarrollando soluciones \u00fanicas para cada aeropuerto, comunidad, ciudad, regi\u00f3n y pa\u00eds al que damos servicio.<\/p>\n    \n\n\n<h2 class=\"wp-block-heading\"><strong>Nuestra propuesta de valor<\/strong><\/h2>\n\n\n\n<p>Como <strong>inversores a largo plazo<\/strong>, somos miembros activos de la comunidad y trabajamos en colaboraci\u00f3n con gobiernos, empresas privadas y escuchando la voz de los ciudadanos para lograr impulsar objetivos sociales, econ\u00f3micos y ambientales.&nbsp;&nbsp; &nbsp;<\/p>\n\n\n\n<p>Contamos con un <strong>profundo conocimiento de la industria<\/strong> y con una experiencia dilatada en el desarrollo, la gesti\u00f3n y la operaci\u00f3n de aeropuertos. Construimos relaciones s\u00f3lidas y productivas con socios y dem\u00e1s grupos de inter\u00e9s <\/p>\n\n\n\n<p>Integramos cada<strong> fase del ciclo de vida de la\ninfraestructura<\/strong> de un aeropuerto aprovechando las sinergias entre nuestras\ndistintas divisiones, lo cual nos permite dise\u00f1ar, construir, financiar, operar\ny mantener los aeropuertos.&nbsp; <\/p>\n\n\n\n<p>La combinaci\u00f3n de <strong>talento y compromiso <\/strong>de nuestros empleados es uno de los pilares de nuestro \u00e9xito y un factor <strong>diferenciador clave. <\/strong>Nuestros profesionales, locales e internacionales, son especialistas con un excelente conocimiento de la actividad que les permite, mediante la creatividad y la innovaci\u00f3n, nuevas perspectivas para ofrecer soluciones a problemas complejos.&nbsp;<\/p>\n\n\n\n<p>La <strong>innovaci\u00f3n<\/strong> es clave para mantenernos como uno de los aeropuertos l\u00edderes. Creamos infraestructuras modernas, digitales, funcionales, limpias, seguras y agradables, con el objetivo de ofrecer experiencia excepcional a pasajeros y usuarios. <\/p>\n\n\n\n<p>Estamos comprometidos con el desarrollo <strong>sostenible de nuestros aeropuertos. <\/strong>Lideramos estrategias de crecimiento enfocadas en construir un futuro viable y sostenible para las comunidades y econom\u00edas que servimos. <\/p>\n\n\n\n<h2 class=\"wp-block-heading\"><strong>Gesti\u00f3n de activos<\/strong>&nbsp;<\/h2>\n\n\n\n<p>Contamos con una dilatada trayectoria en la gesti\u00f3n integral y eficiente de las operaciones diarias de nuestros activos. Cada estrategia se define con una visi\u00f3n personalizada y a largo plazo para cada uno de nuestros aeropuertos.<\/p>\n\n\n\n<figure class=\"wp-block-image\"><img v-lazy=\"'https:\/\/static.ferrovial.com\/wp-content\/uploads\/2020\/01\/13131327\/businessmanagementairports_es-1024x768.jpg'\" alt=\"ferrovial aeropuertos como trabajamos y gestionamos los aeropuertos\" class=\"wp-image-139120\"\/><\/figure>\n\n\n\n<h2 class=\"wp-block-heading\"><strong>Asociaci\u00f3n entre los sectores p\u00fablico y privado<\/strong>&nbsp;<\/h2>\n\n\n\n<p>Las asociaciones p\u00fablico-privadas, o P3, son un modelo de \u00e9xito probado que se est\u00e1 intensificando en la industria de la aviaci\u00f3n debido a los muchos beneficios que proporciona. La estrategia de inversi\u00f3n a largo plazo de Ferrovial Aeropuertos y su enfoque integrado de proyectos y operaciones lo convierten en el mejor socio para poner en pr\u00e1ctica con \u00e9xito este tipo de proyectos.&nbsp;&nbsp;<\/p>\n\n\n\n<p>Ferrovial se encuentra actualmente entre los 3 principales promotores de P3 en los Estados Unidos, habiendo construido y gestionado varios proyectos en Norteam\u00e9rica como&nbsp;<a href=\"https:\/\/www.ferrovial.com\/es\/negocio\/proyectos\/autopista-lbj-express\/\">LBJ<\/a>, <a href=\"https:\/\/www.ferrovial.com\/es\/negocio\/proyectos\/autopista-north-tarrant-express\/\">NTE<\/a>, <a href=\"https:\/\/www.ferrovial.com\/es\/negocio\/proyectos\/407-etr\/\">407 ETR<\/a>, <a href=\"https:\/\/www.ferrovial.com\/es\/negocio\/proyectos\/autopista-407-edg\/\">407 EDG<\/a>, <a href=\"https:\/\/www.ferrovial.com\/es\/negocio\/proyectos\/autopista-i77\/\">I-77<\/a> y <a href=\"https:\/\/www.ferrovial.com\/es\/negocio\/proyectos\/autopista-i66\/\">I-66<\/a>, entre muchos otros.<\/p>\n<\/div><\/m-wysiwig>\n\n\n\n    <m-distributor-basic bgimg='https:\/\/static.ferrovial.com\/wp-content\/uploads\/2019\/11\/13140029\/i-77-and-cornelius-interchange-charlotte-proyectos.jpg'>\n                        <h3 slot=\"title\">\n                    Alianza p\u00fablico-privada                <\/h3>\n                                <p slot=\"text\">\n                    Conoce mejor en qu\u00e9 consiste  el modelo P3, sus beneficios y nuestra experiencia.                 <\/p>\n                                    <c-button slot='cta' type='primary' disabled='false' href='#'>\n                        <span>Saber m\u00e1s <\/span>\n                                        <\/c-button>\n                    \n        \n\n    <\/m-distributor-basic>\n    \n\n    <m-projects-distributor2 :translations='{\n        &quot;prev&quot;:&quot;Anterior&quot;,\n        &quot;next&quot;:&quot;Siguiente&quot;,\n        &quot;paginationseparator&quot;:&quot;de&quot;\n    }'>\n                        <h2 slot=\"label\">\n                    Proyectos                <\/h2>\n                                <h3 slot=\"title\">\n                Estos son nuestros principales activos                <\/h3>\n                        <a slot='button' title='Todos los proyectos' href='https:\/\/www.ferrovial.com\/es\/f-aeropuertos\/que-hacemos\/'>\n            Todos los proyectos        <\/a>\n\n            <\/m-projects-distributor2>\n\n    ","protected":false},"excerpt":{"rendered":"","protected":false},"featured_media":0,"parent":17956,"menu_order":0,"comment_status":"closed","ping_status":"closed","template":"","meta":{"_acf_changed":false,"footnotes":""},"class_list":["post-17973","page","type-page","status-publish","hentry"],"acf":[],"yoast_head":"<!-- This site is optimized with the Yoast SEO plugin v27.2 - https:\/\/yoast.com\/product\/yoast-seo-wordpress\/ -->\n<title>Gesti\u00f3n privada de aeropuertos - Ferrovial Aeropuertos<\/title>\n<meta name=\"description\" content=\"Desde Ferrovial Aeropuertos gestionamos 4 aeropuertos del Reino Unido con un total de 95 millones de pasajeros y 140 aerol\u00edneas. Entra e inf\u00f3rmate.\" \/>\n<meta name=\"robots\" content=\"index, follow, max-snippet:-1, max-image-preview:large, max-video-preview:-1\" \/>\n<link rel=\"canonical\" href=\"https:\/\/www.ferrovial.com\/es\/f-aeropuertos\/que-hacemos\/\" \/>\n<meta property=\"og:locale\" content=\"es_ES\" \/>\n<meta property=\"og:type\" content=\"article\" \/>\n<meta property=\"og:title\" content=\"Gesti\u00f3n privada de aeropuertos - Ferrovial Aeropuertos\" \/>\n<meta property=\"og:description\" content=\"Desde Ferrovial Aeropuertos gestionamos 4 aeropuertos del Reino Unido con un total de 95 millones de pasajeros y 140 aerol\u00edneas. Entra e inf\u00f3rmate.\" \/>\n<meta property=\"og:url\" content=\"https:\/\/www.ferrovial.com\/es\/f-aeropuertos\/que-hacemos\/\" \/>\n<meta property=\"og:site_name\" content=\"Ferrovial\" \/>\n<meta property=\"article:publisher\" content=\"https:\/\/www.facebook.com\/ferrovial\" \/>\n<meta property=\"article:modified_time\" content=\"2025-07-03T15:19:58+00:00\" \/>\n<meta property=\"og:image\" content=\"https:\/\/www.ferrovial.com\/wp-content\/uploads\/2020\/01\/businessmanagementairports_es-1024x768.jpg\" \/>\n<meta name=\"twitter:card\" content=\"summary_large_image\" \/>\n<meta name=\"twitter:site\" content=\"@ferrovial\" \/>\n<meta name=\"twitter:label1\" content=\"Est. reading time\" \/>\n\t<meta name=\"twitter:data1\" content=\"2 minutos\" \/>\n<!-- \/ Yoast SEO plugin. -->","yoast_head_json":{"title":"Gesti\u00f3n privada de aeropuertos - Ferrovial Aeropuertos","description":"Desde Ferrovial Aeropuertos gestionamos 4 aeropuertos del Reino Unido con un total de 95 millones de pasajeros y 140 aerol\u00edneas. Entra e inf\u00f3rmate.","robots":{"index":"index","follow":"follow","max-snippet":"max-snippet:-1","max-image-preview":"max-image-preview:large","max-video-preview":"max-video-preview:-1"},"canonical":"https:\/\/www.ferrovial.com\/es\/f-aeropuertos\/que-hacemos\/","og_locale":"es_ES","og_type":"article","og_title":"Gesti\u00f3n privada de aeropuertos - Ferrovial Aeropuertos","og_description":"Desde Ferrovial Aeropuertos gestionamos 4 aeropuertos del Reino Unido con un total de 95 millones de pasajeros y 140 aerol\u00edneas. Entra e inf\u00f3rmate.","og_url":"https:\/\/www.ferrovial.com\/es\/f-aeropuertos\/que-hacemos\/","og_site_name":"Ferrovial","article_publisher":"https:\/\/www.facebook.com\/ferrovial","article_modified_time":"2025-07-03T15:19:58+00:00","og_image":[{"url":"https:\/\/www.ferrovial.com\/wp-content\/uploads\/2020\/01\/businessmanagementairports_es-1024x768.jpg","type":"","width":"","height":""}],"twitter_card":"summary_large_image","twitter_site":"@ferrovial","twitter_misc":{"Est. reading time":"2 minutos"},"schema":{"@context":"https:\/\/schema.org","@graph":[{"@type":"WebPage","@id":"https:\/\/www.ferrovial.com\/es\/f-aeropuertos\/que-hacemos\/","url":"https:\/\/www.ferrovial.com\/es\/f-aeropuertos\/que-hacemos\/","name":"Gesti\u00f3n privada de aeropuertos - Ferrovial Aeropuertos","isPartOf":{"@id":"https:\/\/www.ferrovial.com\/es\/#website"},"primaryImageOfPage":{"@id":"https:\/\/www.ferrovial.com\/es\/f-aeropuertos\/que-hacemos\/#primaryimage"},"image":{"@id":"https:\/\/www.ferrovial.com\/es\/f-aeropuertos\/que-hacemos\/#primaryimage"},"thumbnailUrl":"https:\/\/www.ferrovial.com\/wp-content\/uploads\/2020\/01\/businessmanagementairports_es-1024x768.jpg","datePublished":"2019-09-05T09:08:51+00:00","dateModified":"2025-07-03T15:19:58+00:00","description":"Desde Ferrovial Aeropuertos gestionamos 4 aeropuertos del Reino Unido con un total de 95 millones de pasajeros y 140 aerol\u00edneas. Entra e inf\u00f3rmate.","breadcrumb":{"@id":"https:\/\/www.ferrovial.com\/es\/f-aeropuertos\/que-hacemos\/#breadcrumb"},"inLanguage":"es","potentialAction":[{"@type":"ReadAction","target":["https:\/\/www.ferrovial.com\/es\/f-aeropuertos\/que-hacemos\/"]}]},{"@type":"ImageObject","inLanguage":"es","@id":"https:\/\/www.ferrovial.com\/es\/f-aeropuertos\/que-hacemos\/#primaryimage","url":"https:\/\/www.ferrovial.com\/wp-content\/uploads\/2020\/01\/businessmanagementairports_es-1024x768.jpg","contentUrl":"https:\/\/www.ferrovial.com\/wp-content\/uploads\/2020\/01\/businessmanagementairports_es-1024x768.jpg"},{"@type":"BreadcrumbList","@id":"https:\/\/www.ferrovial.com\/es\/f-aeropuertos\/que-hacemos\/#breadcrumb","itemListElement":[{"@type":"ListItem","position":1,"name":"Portada","item":"https:\/\/www.ferrovial.com\/es\/"},{"@type":"ListItem","position":2,"name":"Ferrovial Aeropuertos","item":"https:\/\/www.ferrovial.com\/es\/f-aeropuertos\/"},{"@type":"ListItem","position":3,"name":"\u00bfQu\u00e9 hacemos?"}]},{"@type":"WebSite","@id":"https:\/\/www.ferrovial.com\/es\/#website","url":"https:\/\/www.ferrovial.com\/es\/","name":"Ferrovial","description":"Welcome to the Ferrovial&#039;s website, global operator of sustainable infrastructure. Here you can find all the information about the company and subsidiaries.","publisher":{"@id":"https:\/\/www.ferrovial.com\/es\/#organization"},"potentialAction":[{"@type":"SearchAction","target":{"@type":"EntryPoint","urlTemplate":"https:\/\/www.ferrovial.com\/es\/?s={search_term_string}"},"query-input":{"@type":"PropertyValueSpecification","valueRequired":true,"valueName":"search_term_string"}}],"inLanguage":"es"},{"@type":"Organization","@id":"https:\/\/www.ferrovial.com\/es\/#organization","name":"Ferrovial S.A.","url":"https:\/\/www.ferrovial.com\/es\/","logo":{"@type":"ImageObject","inLanguage":"es","@id":"https:\/\/www.ferrovial.com\/es\/#\/schema\/logo\/image\/","url":"https:\/\/static.ferrovial.com\/wp-content\/uploads\/2020\/01\/13124948\/logo-ferrovial-cf7.png","contentUrl":"https:\/\/static.ferrovial.com\/wp-content\/uploads\/2020\/01\/13124948\/logo-ferrovial-cf7.png","width":144,"height":32,"caption":"Ferrovial S.A."},"image":{"@id":"https:\/\/www.ferrovial.com\/es\/#\/schema\/logo\/image\/"},"sameAs":["https:\/\/www.facebook.com\/ferrovial","https:\/\/x.com\/ferrovial","https:\/\/www.instagram.com\/ferrovial\/","https:\/\/www.linkedin.com\/company\/ferrovial","https:\/\/www.pinterest.es\/ferrovial\/","https:\/\/www.youtube.com\/ferrovial","https:\/\/en.wikipedia.org\/wiki\/Ferrovial"]}]}},"_links":{"self":[{"href":"https:\/\/www.ferrovial.com\/es\/wp-json\/wp\/v2\/pages\/17973","targetHints":{"allow":["GET"]}}],"collection":[{"href":"https:\/\/www.ferrovial.com\/es\/wp-json\/wp\/v2\/pages"}],"about":[{"href":"https:\/\/www.ferrovial.com\/es\/wp-json\/wp\/v2\/types\/page"}],"replies":[{"embeddable":true,"href":"https:\/\/www.ferrovial.com\/es\/wp-json\/wp\/v2\/comments?post=17973"}],"version-history":[{"count":3,"href":"https:\/\/www.ferrovial.com\/es\/wp-json\/wp\/v2\/pages\/17973\/revisions"}],"predecessor-version":[{"id":308833,"href":"https:\/\/www.ferrovial.com\/es\/wp-json\/wp\/v2\/pages\/17973\/revisions\/308833"}],"up":[{"embeddable":true,"href":"https:\/\/www.ferrovial.com\/es\/wp-json\/wp\/v2\/pages\/17956"}],"wp:attachment":[{"href":"https:\/\/www.ferrovial.com\/es\/wp-json\/wp\/v2\/media?parent=17973"}],"curies":[{"name":"wp","href":"https:\/\/api.w.org\/{rel}","templated":true}]}}