{"id":18032,"date":"2019-09-05T11:22:12","date_gmt":"2019-09-05T09:22:12","guid":{"rendered":"https:\/\/www.ferrovial.com\/?page_id=18032"},"modified":"2025-08-01T12:59:12","modified_gmt":"2025-08-01T10:59:12","slug":"quienes-somos","status":"publish","type":"page","link":"https:\/\/www.ferrovial.com\/es\/webber\/quienes-somos\/","title":{"rendered":"\u00bfQui\u00e9nes somos?"},"content":{"rendered":"    <m-final-content-header >\n            <c-breadcrumb label-text=\"Breadcrumb\" slot=\"breadcrumbs\" type='2' align='left' wrap='wrapped wrapped' aria-label='Vienes de Webber'>\n                        <ol>\n\n                                                            <li><a href=\"https:\/\/www.ferrovial.com\/es\/\" title=\"Ferrovial\">Ferrovial<\/a><\/li>\n                                                                        <li><a href=\"https:\/\/www.ferrovial.com\/es\/webber\/\" title=\"Webber\">Webber<\/a><\/li>\n                                    \n                <\/ol>\n\n                <\/c-breadcrumb>\n    \n        <div slot=\"header\">\n            <h1>\n                \u00bfQui\u00e9nes somos?            <\/h1>\n                    <\/div>\n    <\/m-final-content-header>\n\n    \n\n\n<m-wysiwig class=\"wp-block-components-wysiwyg\"><div slot=\"maincontent\">    <p class=\"intro\">Somos una empresa estadounidense l\u00edder en el sector de la construcci\u00f3n especializada en obra civil e hidr\u00e1ulica, gesti\u00f3n de infraestructuras y energ\u00eda.<\/p>\n    \n\n\n<p>Nos dedicamos a satisfacer las necesidades de infraestructuras de nuestros clientes y de la comunidad de una forma segura y eficiente.<\/p>\n<\/div><\/m-wysiwig>\n\n\n    <m-cyphers-basic>\n                        <ul slot=\"cyphers\">\n                                                <li>\n                                                                        <p class=\"number\">\n                                            0,72                                        <\/p>\n                                                                                <p class=\"post\">\n                                            Tasa de modificaci\u00f3n de experiencia (EMR)                                        <\/p>\n                                                                    <\/li>\n                                                        <li>\n                                                                        <p class=\"number\">\n                                            +100                                        <\/p>\n                                                                                <p class=\"post\">\n                                            Numero de Proyectos Activos                                        <\/p>\n                                                                    <\/li>\n                                                        <li>\n                                                                        <p class=\"number\">\n                                            25                                        <\/p>\n                                                                                <p class=\"post\">\n                                            Proyectos por encima de $100M                                        <\/p>\n                                                                    <\/li>\n                                                        <li>\n                                                                        <p class=\"number\">\n                                            4.100                                        <\/p>\n                                                                                <p class=\"post\">\n                                            Empleados                                        <\/p>\n                                                                    <\/li>\n                                            <\/ul>\n                    <\/m-cyphers-basic>\n\n    \n\n\n<m-wysiwig class=\"wp-block-components-wysiwyg\"><div slot=\"maincontent\">\n<p>Nuestra misi\u00f3n consiste en el desarrollo de soluciones que satisfagan con creces a nuestros clientes, maximicen el beneficio de nuestros accionistas, fomenten el crecimiento profesional de nuestros empleados y tengan una repercusi\u00f3n positiva en nuestra sociedad. Siempre nos mantenemos al frente de todos y cada unos de los proyectos en los que nos embarcamos, porque ese es nuestro compromiso con la calidad, la seguridad, las sostenibilidad y la satisfacci\u00f3n de nuestros clientes.<\/p>\n\n\n\n<h2 class=\"wp-block-heading\">Nuestro compromiso con la sostenibilidad <\/h2>\n\n\n\n<p>Estamos comprometidos con la preservaci\u00f3n del medio ambiente y con garantizar que las infraestructuras de Estados Unidos se construyen de una manera m\u00e1s razonable y sostenible, por lo que en cada proyecto que ejecutamos aplicamos las siguientes medidas: <\/p>\n\n\n\n<ul class=\"wp-block-list\">\n<li>Accesibilidad mejorada, movilidad, seguridad laboral, protecci\u00f3n, igualdad, precios razonables, habitabilidad y participaci\u00f3n p\u00fablica.<\/li>\n\n\n\n<li>Utilizaci\u00f3n adecuada del suelo. <\/li>\n\n\n\n<li>Reducir la contaminaci\u00f3n atmosf\u00e9rica y ac\u00fastica, los gases de efecto invernadero y las agresiones al ecosistema.<\/li>\n\n\n\n<li>Utilizaci\u00f3n de recursos renovables al mismo nivel o por debajo de sus \u00edndices de generaci\u00f3n y de recursos no renovables al mismo nivel o por debajo de sus \u00edndices de desarrollo. Ambas acciones forman parte de nuestras iniciativa ecol\u00f3gica. <\/li>\n\n\n\n<li>Gesti\u00f3n eficaz de la flota de transporte, reciclaje de los materiales de construcci\u00f3n y el uso de la tecnolog\u00eda de mezcla templada.<\/li>\n<\/ul>\n\n\n\n<p>Somos la empresa que m\u00e1s recicla en toneladas anuales de agregados de construcci\u00f3n en Texas, seg\u00fan la revista <em>Construction &amp; Demolition Recycling<\/em>. <\/p>\n\n\n\n<h3 class=\"wp-block-heading\">Salud y seguridad <\/h3>\n\n\n\n<p>Trabajamos estrechamente con nuestros socios e inversores para conseguir un entorno laboral libre de accidentes y un lugar de trabajo lo m\u00e1s seguro posible para nuestros empleados, clientes, proveedores, trabajadores especializados y la sociedad en general. Nuestros empleados han recibido una extensa formaci\u00f3n en medidas de seguridad, que incluye atenci\u00f3n, observaci\u00f3n, an\u00e1lisis y comunicaci\u00f3n de cualquier peligro potencial. De acuerdo con nuestra cultura de seguridad, cada uno va m\u00e1s all\u00e1 de sus obligaciones en beneficio de su propia seguridad y de la de los dem\u00e1s.  <\/p>\n\n\n\n<h2 class=\"wp-block-heading\">Historia<\/h2>\n\n\n\n<p>Nuestra historia comienza en 1963 cuando Wayne Webber y Earl Champagne fundaron la compa\u00f1\u00eda Champagne-Webber Inc. en Michigan. <\/p>\n\n\n\n<p>Durante aquella \u00e9poca, nuestro negocio principal era la construcci\u00f3n de autopistas y puentes. A finales de los 70, cambiamos nuestra ubicaci\u00f3n a Houston, Texas, donde ganamos el proyecto del Departamento de Transporte de Texas. <\/p>\n\n\n\n<p>A principios de los 90, nuestro nombre cambi\u00f3 a W.W Webber, Inc. despu\u00e9s de que el se\u00f1or Wayne adquiriese la participaci\u00f3n en la empresa de Earl Champagne.<\/p>\n\n\n\n<p> En 2005, Ferrovial, uno de los l\u00edderes mundiales en construcci\u00f3n de infraestructuras y servicios municipales adquiri\u00f3 W.W. Webber, Inc. En 2009, nos convertimos en empresa adjudicataria junto al resto de compa\u00f1\u00edas del grupo: Ferrovial Construcci\u00f3n U.S. y Cintra, con ingresos cercanos a los 5 mil millones de d\u00f3lares en proyectos de asociaci\u00f3n p\u00fablico-privada en las zonas de Dallas y Fort Worth; incluida la financiaci\u00f3n, dise\u00f1o, construcci\u00f3n, operaci\u00f3n y mantenimiento de los carriles de peaje de 3 grandes autopistas. <\/p>\n\n\n\n<p>Desde 2010 a 2017, nuestro nombre se transform\u00f3 en Webber, LLC, al mismo tiempo que comenz\u00e1bamos nuestra expansi\u00f3n hacia nuevos mercados. En 2011, se nos adjudic\u00f3 nuestro primer proyecto de dise\u00f1o y construcci\u00f3n como socio administrador de una autopista de peaje en Texas por valor de 200 millones de d\u00f3lares. En 2016, adquirimos la empresa de obras hidr\u00e1ulicas Pepper Lawson Commercial &amp; Pepper Lawson Waterworks que fue rebautizada un a\u00f1o despu\u00e9s con el nombre de Webber Commercial &amp; PLW Waterworks.<\/p>\n\n\n\n<p>En 2020, comenzamos nuestra expansi\u00f3n a la Costa Este y obtuvimos nuestro primer proyecto en Georgia. Ahora, hemos desarrollado una presencia significativa en Carolina del Norte, Carolina del Sur y Florida.<\/p>\n\n\n\n<p>En 2022, dimos la bienvenida a nuestra divisi\u00f3n de Gesti\u00f3n de Infraestructura con contratos de mantenimiento y servicios en Florida, California, Colorado, Texas, Georgia, Virginia, Kentucky, Tennessee, Alaska y Canad\u00e1.<\/p>\n\n\n\n<p>En 2025, PLW Waterworks pas\u00f3 a llamarse Webber Waterworks y se le adjudic\u00f3 el proyecto m\u00e1s grande de la empresa hasta la fecha: la estaci\u00f3n de bombeo de 426 millones de d\u00f3lares (unos 368 millones de euros) para el proyecto CapEx en Austin, Texas. A nuestra divisi\u00f3n de Obra civil tambi\u00e9n se le adjudic\u00f3 su proyecto m\u00e1s grande: la elevaci\u00f3n de la I-10 por 407 millones de d\u00f3lares (casi 352 millones de euros) del Departamento de Transportaci\u00f3n de Texas en Houston, Texas.<\/p>\n<\/div><\/m-wysiwig>\n\n\n    <m-multiple-distributor columns='3'>\n                            <div class=\"card\">\n                                                <img decoding=\"async\" src=\"https:\/\/static.ferrovial.com\/wp-content\/uploads\/2020\/03\/13125311\/subcontractors-1-800x600.jpg\" alt=\" \" position=\"center center\" \/>\n                                                        <p class=\"name\">Subcontratistas<\/p>\n                                                                    <p class=\"description\">Descripci\u00f3n por defecto<\/p>\n                                                                        <a title='M\u00e1s informaci\u00f3n' aria-label='M\u00e1s informaci\u00f3n sobre Subcontratistas'>M\u00e1s informaci\u00f3n<\/a>\n                                                            <\/div>\n                                        <div class=\"card\">\n                                                <img decoding=\"async\" src=\"https:\/\/static.ferrovial.com\/wp-content\/uploads\/2020\/03\/13125313\/meet-our-management-team-webber-1-800x600.jpg\" alt=\" \" position=\"center center\" \/>\n                                                        <p class=\"name\">Conozca a nuestro equipo directivo<\/p>\n                                                                    <p class=\"description\">Descripci\u00f3n por defecto<\/p>\n                                                                        <a title='Equipo de direcci\u00f3n de Webber' aria-label='M\u00e1s informaci\u00f3n sobre Conozca a nuestro equipo directivo'>Equipo de direcci\u00f3n de Webber<\/a>\n                                                            <\/div>\n                                        <div class=\"card\">\n                                                <img decoding=\"async\" src=\"https:\/\/static.ferrovial.com\/wp-content\/uploads\/2020\/03\/13125310\/misha-borunda-webber-people-1-551x600.jpg\" alt=\" \" position=\"center center\" \/>\n                                                        <p class=\"name\">Nuestra cultura<\/p>\n                                                                    <p class=\"description\">Descripci\u00f3n por defecto<\/p>\n                                                                        <a title='M\u00e1s informaci\u00f3n' aria-label='M\u00e1s informaci\u00f3n sobre Nuestra cultura'>M\u00e1s informaci\u00f3n<\/a>\n                                                            <\/div>\n                        <\/m-multiple-distributor>\n\n    \n\n\n    <m-distributor-basic bgimg='https:\/\/static.ferrovial.com\/wp-content\/uploads\/2019\/11\/13140206\/webberairports2.jpg'>\n                        <h3 slot=\"title\">\n                    \u00danete a nuestro equipo                <\/h3>\n                                <p slot=\"text\">\n                    Descubre todas las ofertas de empleo de Webber.                <\/p>\n                                    <c-button slot='cta' type='primary' disabled='false' href='#'>\n                        <span>Accede a las ofertas de empleo<\/span>\n                                        <\/c-button>\n                    \n        \n\n    <\/m-distributor-basic>\n    ","protected":false},"excerpt":{"rendered":"","protected":false},"featured_media":0,"parent":18029,"menu_order":0,"comment_status":"closed","ping_status":"closed","template":"","meta":{"_acf_changed":false,"footnotes":""},"class_list":["post-18032","page","type-page","status-publish","hentry"],"acf":[],"yoast_head":"<!-- This site is optimized with the Yoast SEO plugin v27.2 - https:\/\/yoast.com\/product\/yoast-seo-wordpress\/ -->\n<title>Expertos en construcci\u00f3n e infraestructuras en EE.UU - Webber<\/title>\n<meta name=\"description\" content=\"Weber es una filial de Ferrovial con m\u00e1s de 50 a\u00f1os de experiencia operando como una de las compa\u00f1\u00edas de construcci\u00f3n m\u00e1s grandes de EE.UU.\" \/>\n<meta name=\"robots\" content=\"index, follow, max-snippet:-1, max-image-preview:large, max-video-preview:-1\" \/>\n<link rel=\"canonical\" href=\"https:\/\/www.ferrovial.com\/es\/webber\/quienes-somos\/\" \/>\n<meta property=\"og:locale\" content=\"es_ES\" \/>\n<meta property=\"og:type\" content=\"article\" \/>\n<meta property=\"og:title\" content=\"Expertos en construcci\u00f3n e infraestructuras en EE.UU - Webber\" \/>\n<meta property=\"og:description\" content=\"Weber es una filial de Ferrovial con m\u00e1s de 50 a\u00f1os de experiencia operando como una de las compa\u00f1\u00edas de construcci\u00f3n m\u00e1s grandes de EE.UU.\" \/>\n<meta property=\"og:url\" content=\"https:\/\/www.ferrovial.com\/es\/webber\/quienes-somos\/\" \/>\n<meta property=\"og:site_name\" content=\"Ferrovial\" \/>\n<meta property=\"article:publisher\" content=\"https:\/\/www.facebook.com\/ferrovial\" \/>\n<meta property=\"article:modified_time\" content=\"2025-08-01T10:59:12+00:00\" \/>\n<meta name=\"twitter:card\" content=\"summary_large_image\" \/>\n<meta name=\"twitter:site\" content=\"@ferrovial\" \/>\n<meta name=\"twitter:label1\" content=\"Est. reading time\" \/>\n\t<meta name=\"twitter:data1\" content=\"4 minutos\" \/>\n<!-- \/ Yoast SEO plugin. -->","yoast_head_json":{"title":"Expertos en construcci\u00f3n e infraestructuras en EE.UU - Webber","description":"Weber es una filial de Ferrovial con m\u00e1s de 50 a\u00f1os de experiencia operando como una de las compa\u00f1\u00edas de construcci\u00f3n m\u00e1s grandes de EE.UU.","robots":{"index":"index","follow":"follow","max-snippet":"max-snippet:-1","max-image-preview":"max-image-preview:large","max-video-preview":"max-video-preview:-1"},"canonical":"https:\/\/www.ferrovial.com\/es\/webber\/quienes-somos\/","og_locale":"es_ES","og_type":"article","og_title":"Expertos en construcci\u00f3n e infraestructuras en EE.UU - Webber","og_description":"Weber es una filial de Ferrovial con m\u00e1s de 50 a\u00f1os de experiencia operando como una de las compa\u00f1\u00edas de construcci\u00f3n m\u00e1s grandes de EE.UU.","og_url":"https:\/\/www.ferrovial.com\/es\/webber\/quienes-somos\/","og_site_name":"Ferrovial","article_publisher":"https:\/\/www.facebook.com\/ferrovial","article_modified_time":"2025-08-01T10:59:12+00:00","twitter_card":"summary_large_image","twitter_site":"@ferrovial","twitter_misc":{"Est. reading time":"4 minutos"},"schema":{"@context":"https:\/\/schema.org","@graph":[{"@type":"WebPage","@id":"https:\/\/www.ferrovial.com\/es\/webber\/quienes-somos\/","url":"https:\/\/www.ferrovial.com\/es\/webber\/quienes-somos\/","name":"Expertos en construcci\u00f3n e infraestructuras en EE.UU - Webber","isPartOf":{"@id":"https:\/\/www.ferrovial.com\/es\/#website"},"datePublished":"2019-09-05T09:22:12+00:00","dateModified":"2025-08-01T10:59:12+00:00","description":"Weber es una filial de Ferrovial con m\u00e1s de 50 a\u00f1os de experiencia operando como una de las compa\u00f1\u00edas de construcci\u00f3n m\u00e1s grandes de EE.UU.","breadcrumb":{"@id":"https:\/\/www.ferrovial.com\/es\/webber\/quienes-somos\/#breadcrumb"},"inLanguage":"es","potentialAction":[{"@type":"ReadAction","target":["https:\/\/www.ferrovial.com\/es\/webber\/quienes-somos\/"]}]},{"@type":"BreadcrumbList","@id":"https:\/\/www.ferrovial.com\/es\/webber\/quienes-somos\/#breadcrumb","itemListElement":[{"@type":"ListItem","position":1,"name":"Portada","item":"https:\/\/www.ferrovial.com\/es\/"},{"@type":"ListItem","position":2,"name":"Webber","item":"https:\/\/www.ferrovial.com\/es\/webber\/"},{"@type":"ListItem","position":3,"name":"\u00bfQui\u00e9nes somos?"}]},{"@type":"WebSite","@id":"https:\/\/www.ferrovial.com\/es\/#website","url":"https:\/\/www.ferrovial.com\/es\/","name":"Ferrovial","description":"Welcome to the Ferrovial&#039;s website, global operator of sustainable infrastructure. Here you can find all the information about the company and subsidiaries.","publisher":{"@id":"https:\/\/www.ferrovial.com\/es\/#organization"},"potentialAction":[{"@type":"SearchAction","target":{"@type":"EntryPoint","urlTemplate":"https:\/\/www.ferrovial.com\/es\/?s={search_term_string}"},"query-input":{"@type":"PropertyValueSpecification","valueRequired":true,"valueName":"search_term_string"}}],"inLanguage":"es"},{"@type":"Organization","@id":"https:\/\/www.ferrovial.com\/es\/#organization","name":"Ferrovial S.A.","url":"https:\/\/www.ferrovial.com\/es\/","logo":{"@type":"ImageObject","inLanguage":"es","@id":"https:\/\/www.ferrovial.com\/es\/#\/schema\/logo\/image\/","url":"https:\/\/static.ferrovial.com\/wp-content\/uploads\/2020\/01\/13124948\/logo-ferrovial-cf7.png","contentUrl":"https:\/\/static.ferrovial.com\/wp-content\/uploads\/2020\/01\/13124948\/logo-ferrovial-cf7.png","width":144,"height":32,"caption":"Ferrovial S.A."},"image":{"@id":"https:\/\/www.ferrovial.com\/es\/#\/schema\/logo\/image\/"},"sameAs":["https:\/\/www.facebook.com\/ferrovial","https:\/\/x.com\/ferrovial","https:\/\/www.instagram.com\/ferrovial\/","https:\/\/www.linkedin.com\/company\/ferrovial","https:\/\/www.pinterest.es\/ferrovial\/","https:\/\/www.youtube.com\/ferrovial","https:\/\/en.wikipedia.org\/wiki\/Ferrovial"]}]}},"_links":{"self":[{"href":"https:\/\/www.ferrovial.com\/es\/wp-json\/wp\/v2\/pages\/18032","targetHints":{"allow":["GET"]}}],"collection":[{"href":"https:\/\/www.ferrovial.com\/es\/wp-json\/wp\/v2\/pages"}],"about":[{"href":"https:\/\/www.ferrovial.com\/es\/wp-json\/wp\/v2\/types\/page"}],"replies":[{"embeddable":true,"href":"https:\/\/www.ferrovial.com\/es\/wp-json\/wp\/v2\/comments?post=18032"}],"version-history":[{"count":3,"href":"https:\/\/www.ferrovial.com\/es\/wp-json\/wp\/v2\/pages\/18032\/revisions"}],"predecessor-version":[{"id":310786,"href":"https:\/\/www.ferrovial.com\/es\/wp-json\/wp\/v2\/pages\/18032\/revisions\/310786"}],"up":[{"embeddable":true,"href":"https:\/\/www.ferrovial.com\/es\/wp-json\/wp\/v2\/pages\/18029"}],"wp:attachment":[{"href":"https:\/\/www.ferrovial.com\/es\/wp-json\/wp\/v2\/media?parent=18032"}],"curies":[{"name":"wp","href":"https:\/\/api.w.org\/{rel}","templated":true}]}}