{"id":18035,"date":"2019-09-05T11:23:04","date_gmt":"2019-09-05T09:23:04","guid":{"rendered":"https:\/\/www.ferrovial.com\/?page_id=18035"},"modified":"2025-08-04T12:16:43","modified_gmt":"2025-08-04T10:16:43","slug":"que-hacemos","status":"publish","type":"page","link":"https:\/\/www.ferrovial.com\/es\/webber\/que-hacemos\/","title":{"rendered":"\u00bfQu\u00e9 hacemos?"},"content":{"rendered":"    <m-final-content-header bgimage='https:\/\/static.ferrovial.com\/wp-content\/uploads\/2019\/10\/13133737\/proyectos-de-construccion-de-webber-en-texas-ferrovial-ingenieria-infraestructuras-4.jpg'>\n            <c-breadcrumb label-text=\"Breadcrumb\" slot=\"breadcrumbs\" type='2' align='left' wrap='wrapped wrapped' aria-label='Vienes de Webber'>\n                        <ol>\n\n                                                            <li><a href=\"https:\/\/www.ferrovial.com\/es\/\" title=\"Ferrovial\">Ferrovial<\/a><\/li>\n                                                                        <li><a href=\"https:\/\/www.ferrovial.com\/es\/webber\/\" title=\"Webber\">Webber<\/a><\/li>\n                                    \n                <\/ol>\n\n                <\/c-breadcrumb>\n    \n        <div slot=\"header\">\n            <h1>\n                \u00bfQu\u00e9 hacemos?            <\/h1>\n                    <\/div>\n    <\/m-final-content-header>\n\n    \n\n\n<m-wysiwig class=\"wp-block-components-wysiwyg\"><div slot=\"maincontent\">    <p class=\"intro\">Fundada en 1963, Webber es una empresa de construcci\u00f3n l\u00edder que se especializa en obras civiles pesadas, obras hidr\u00e1ulicas, gesti\u00f3n de la energ\u00eda e infraestructura y se dedica a ofrecer soluciones inteligentes de manera segura a sus clientes y a la comunidad.<\/p>\n    \n\n\n<p>Webber tiene su sede en Houston, Texas, con oficinas regionales en el sur, norte y centro de Texas, as\u00ed como en Florida; Fairfax, Virginia; Atlanta, Georgia; y Canad\u00e1. Webber admite una amplia gama de modelos de proyectos para satisfacer las necesidades de los clientes, incluidas las ofertas de dise\u00f1o y construcci\u00f3n tradicionales, los modelos de entrega alternativos y las soluciones de asociaci\u00f3n p\u00fablico-privada (P3). <\/p>\n\n\n\n<p>Adem\u00e1s, Webber cuenta con un departamento de servicios de ingenier\u00eda interno para ayudar a mejorar la eficiencia y la calidad de la construcci\u00f3n mientras resuelve desaf\u00edos complejos del proyecto utilizando la experiencia de campo, m\u00e9todos de construcci\u00f3n innovadores y la tecnolog\u00eda BIM. &nbsp;<\/p>\n<\/div><\/m-wysiwig>\n\n\n    <m-distributor-activities>\n                        <h3 slot=\"title\">\n                    Informaci\u00f3n sobre nuestras divisiones                <\/h3>\n                                    <p slot=\"bodycopy\">Descripci\u00f3n por defecto<\/p>\n                                    <a slot='cards' title='Obra civil' role='listitem' href='#' v-lazy:background-image='&quot;https:\/\/static.ferrovial.com\/wp-content\/uploads\/2019\/11\/13142047\/heavy-civil-works-in-usa-aerial-180x320.jpg&quot;'>\n                        <span>\n                            Obra civil                        <\/span>\n                    <\/a>\n                                        <a slot='cards' title='Obras hidr\u00e1ulicas' role='listitem' href='#' v-lazy:background-image='&quot;https:\/\/static.ferrovial.com\/wp-content\/uploads\/2019\/11\/13142041\/plw-waterworks-180x320.png&quot;'>\n                        <span>\n                            Obras hidr\u00e1ulicas                        <\/span>\n                    <\/a>\n                                        <a slot='cards' title='Gesti\u00f3n de infraestructuras' role='listitem' href='https:\/\/www.ferrovial.com\/es\/webber\/gestion-infraestructuras\/' target='_blank' v-lazy:background-image='&quot;https:\/\/static.ferrovial.com\/wp-content\/uploads\/2022\/12\/20174932\/project-from-infrastructure-management-at-denver-180x320.jpg&quot;'>\n                        <span>\n                            Gesti\u00f3n de infraestructuras                        <\/span>\n                    <\/a>\n                                        <a slot='cards' title='Energ\u00eda' role='listitem' href='https:\/\/www.ferrovial.com\/es\/webber\/energia\/' target='_blank' v-lazy:background-image='&quot;https:\/\/static.ferrovial.com\/wp-content\/uploads\/2025\/07\/26160259\/ferrovial-webber-enery-180x320.jpg&quot;'>\n                        <span>\n                            Energ\u00eda                        <\/span>\n                    <\/a>\n                        <\/m-distributor-activities>\n\n    \n\n\n<m-wysiwig class=\"wp-block-components-wysiwyg\"><div slot=\"maincontent\">\n<p>Como filial de Ferrovial, una empresa internacional con sede en Madrid, Espa\u00f1a, Webber tiene acceso a una red mundial de ingenieros cualificados, tecnolog\u00eda de primera clase y grandes recursos.<\/p>\n\n\n\n<p>Nuestra misi\u00f3n es desarrollar soluciones que superen la satisfacci\u00f3n, aumenten al m\u00e1ximo el valor para los accionistas, fomenten el desarrollo profesional de nuestro personal y tengan un efecto positivo en nuestra comunidad. Siempre a la vanguardia de cada proyecto que emprendemos, est\u00e1 nuestro compromiso con la calidad, la seguridad, la sostenibilidad y la satisfacci\u00f3n de nuestros clientes. En 2022, Engineering News-Record clasific\u00f3 a Webber como el contratista de transporte n\u00famero 1 en Texas\/Luisiana.<\/p>\n\n\n\n<p>Webber trabaja actualmente en m\u00e1s de 60 proyectos de obras civiles e hidr\u00e1ulicas pesadas y gestiona 40 contratos de mantenimiento de infraestructura en Texas, Florida, Georgia, Carolina del Norte, Virginia y Canad\u00e1.<\/p>\n<\/div><\/m-wysiwig>\n\n\n    <m-projects-distributor2 :translations='{\n        &quot;prev&quot;:&quot;Anterior&quot;,\n        &quot;next&quot;:&quot;Siguiente&quot;,\n        &quot;paginationseparator&quot;:&quot;de&quot;\n    }'>\n                        <h2 slot=\"label\">\n                    Proyectos                <\/h2>\n                                <h3 slot=\"title\">\n                Nuestros proyectos alrededor del mundo                <\/h3>\n                        <a slot='button' title='Conoce nuestros proyectos' href='https:\/\/www.ferrovial.com\/en-us\/webber\/projects\/'>\n            Conoce nuestros proyectos        <\/a>\n\n            <\/m-projects-distributor2>\n\n    ","protected":false},"excerpt":{"rendered":"","protected":false},"featured_media":0,"parent":18029,"menu_order":0,"comment_status":"closed","ping_status":"closed","template":"","meta":{"_acf_changed":false,"footnotes":""},"class_list":["post-18035","page","type-page","status-publish","hentry"],"acf":[],"yoast_head":"<!-- This site is optimized with the Yoast SEO plugin v27.2 - https:\/\/yoast.com\/product\/yoast-seo-wordpress\/ -->\n<title>Construcci\u00f3n de infraestructuras y obra civil en EE.UU - Webber<\/title>\n<meta name=\"description\" content=\"Expertos en construcci\u00f3n de infraestructuras en EE.UU. Soluciones inteligentes y seguras, l\u00edder en construcci\u00f3n de carreteras del Estado de Texas.\" \/>\n<meta name=\"robots\" content=\"index, follow, max-snippet:-1, max-image-preview:large, max-video-preview:-1\" \/>\n<link rel=\"canonical\" href=\"https:\/\/www.ferrovial.com\/es\/webber\/que-hacemos\/\" \/>\n<meta property=\"og:locale\" content=\"es_ES\" \/>\n<meta property=\"og:type\" content=\"article\" \/>\n<meta property=\"og:title\" content=\"Construcci\u00f3n de infraestructuras y obra civil en EE.UU - Webber\" \/>\n<meta property=\"og:description\" content=\"Expertos en construcci\u00f3n de infraestructuras en EE.UU. Soluciones inteligentes y seguras, l\u00edder en construcci\u00f3n de carreteras del Estado de Texas.\" \/>\n<meta property=\"og:url\" content=\"https:\/\/www.ferrovial.com\/es\/webber\/que-hacemos\/\" \/>\n<meta property=\"og:site_name\" content=\"Ferrovial\" \/>\n<meta property=\"article:publisher\" content=\"https:\/\/www.facebook.com\/ferrovial\" \/>\n<meta property=\"article:modified_time\" content=\"2025-08-04T10:16:43+00:00\" \/>\n<meta name=\"twitter:card\" content=\"summary_large_image\" \/>\n<meta name=\"twitter:site\" content=\"@ferrovial\" \/>\n<meta name=\"twitter:label1\" content=\"Est. reading time\" \/>\n\t<meta name=\"twitter:data1\" content=\"2 minutos\" \/>\n<!-- \/ Yoast SEO plugin. -->","yoast_head_json":{"title":"Construcci\u00f3n de infraestructuras y obra civil en EE.UU - Webber","description":"Expertos en construcci\u00f3n de infraestructuras en EE.UU. Soluciones inteligentes y seguras, l\u00edder en construcci\u00f3n de carreteras del Estado de Texas.","robots":{"index":"index","follow":"follow","max-snippet":"max-snippet:-1","max-image-preview":"max-image-preview:large","max-video-preview":"max-video-preview:-1"},"canonical":"https:\/\/www.ferrovial.com\/es\/webber\/que-hacemos\/","og_locale":"es_ES","og_type":"article","og_title":"Construcci\u00f3n de infraestructuras y obra civil en EE.UU - Webber","og_description":"Expertos en construcci\u00f3n de infraestructuras en EE.UU. Soluciones inteligentes y seguras, l\u00edder en construcci\u00f3n de carreteras del Estado de Texas.","og_url":"https:\/\/www.ferrovial.com\/es\/webber\/que-hacemos\/","og_site_name":"Ferrovial","article_publisher":"https:\/\/www.facebook.com\/ferrovial","article_modified_time":"2025-08-04T10:16:43+00:00","twitter_card":"summary_large_image","twitter_site":"@ferrovial","twitter_misc":{"Est. reading time":"2 minutos"},"schema":{"@context":"https:\/\/schema.org","@graph":[{"@type":"WebPage","@id":"https:\/\/www.ferrovial.com\/es\/webber\/que-hacemos\/","url":"https:\/\/www.ferrovial.com\/es\/webber\/que-hacemos\/","name":"Construcci\u00f3n de infraestructuras y obra civil en EE.UU - Webber","isPartOf":{"@id":"https:\/\/www.ferrovial.com\/es\/#website"},"datePublished":"2019-09-05T09:23:04+00:00","dateModified":"2025-08-04T10:16:43+00:00","description":"Expertos en construcci\u00f3n de infraestructuras en EE.UU. Soluciones inteligentes y seguras, l\u00edder en construcci\u00f3n de carreteras del Estado de Texas.","breadcrumb":{"@id":"https:\/\/www.ferrovial.com\/es\/webber\/que-hacemos\/#breadcrumb"},"inLanguage":"es","potentialAction":[{"@type":"ReadAction","target":["https:\/\/www.ferrovial.com\/es\/webber\/que-hacemos\/"]}]},{"@type":"BreadcrumbList","@id":"https:\/\/www.ferrovial.com\/es\/webber\/que-hacemos\/#breadcrumb","itemListElement":[{"@type":"ListItem","position":1,"name":"Portada","item":"https:\/\/www.ferrovial.com\/es\/"},{"@type":"ListItem","position":2,"name":"Webber","item":"https:\/\/www.ferrovial.com\/es\/webber\/"},{"@type":"ListItem","position":3,"name":"\u00bfQu\u00e9 hacemos?"}]},{"@type":"WebSite","@id":"https:\/\/www.ferrovial.com\/es\/#website","url":"https:\/\/www.ferrovial.com\/es\/","name":"Ferrovial","description":"Welcome to the Ferrovial&#039;s website, global operator of sustainable infrastructure. Here you can find all the information about the company and subsidiaries.","publisher":{"@id":"https:\/\/www.ferrovial.com\/es\/#organization"},"potentialAction":[{"@type":"SearchAction","target":{"@type":"EntryPoint","urlTemplate":"https:\/\/www.ferrovial.com\/es\/?s={search_term_string}"},"query-input":{"@type":"PropertyValueSpecification","valueRequired":true,"valueName":"search_term_string"}}],"inLanguage":"es"},{"@type":"Organization","@id":"https:\/\/www.ferrovial.com\/es\/#organization","name":"Ferrovial S.A.","url":"https:\/\/www.ferrovial.com\/es\/","logo":{"@type":"ImageObject","inLanguage":"es","@id":"https:\/\/www.ferrovial.com\/es\/#\/schema\/logo\/image\/","url":"https:\/\/static.ferrovial.com\/wp-content\/uploads\/2020\/01\/13124948\/logo-ferrovial-cf7.png","contentUrl":"https:\/\/static.ferrovial.com\/wp-content\/uploads\/2020\/01\/13124948\/logo-ferrovial-cf7.png","width":144,"height":32,"caption":"Ferrovial S.A."},"image":{"@id":"https:\/\/www.ferrovial.com\/es\/#\/schema\/logo\/image\/"},"sameAs":["https:\/\/www.facebook.com\/ferrovial","https:\/\/x.com\/ferrovial","https:\/\/www.instagram.com\/ferrovial\/","https:\/\/www.linkedin.com\/company\/ferrovial","https:\/\/www.pinterest.es\/ferrovial\/","https:\/\/www.youtube.com\/ferrovial","https:\/\/en.wikipedia.org\/wiki\/Ferrovial"]}]}},"_links":{"self":[{"href":"https:\/\/www.ferrovial.com\/es\/wp-json\/wp\/v2\/pages\/18035","targetHints":{"allow":["GET"]}}],"collection":[{"href":"https:\/\/www.ferrovial.com\/es\/wp-json\/wp\/v2\/pages"}],"about":[{"href":"https:\/\/www.ferrovial.com\/es\/wp-json\/wp\/v2\/types\/page"}],"replies":[{"embeddable":true,"href":"https:\/\/www.ferrovial.com\/es\/wp-json\/wp\/v2\/comments?post=18035"}],"version-history":[{"count":3,"href":"https:\/\/www.ferrovial.com\/es\/wp-json\/wp\/v2\/pages\/18035\/revisions"}],"predecessor-version":[{"id":310797,"href":"https:\/\/www.ferrovial.com\/es\/wp-json\/wp\/v2\/pages\/18035\/revisions\/310797"}],"up":[{"embeddable":true,"href":"https:\/\/www.ferrovial.com\/es\/wp-json\/wp\/v2\/pages\/18029"}],"wp:attachment":[{"href":"https:\/\/www.ferrovial.com\/es\/wp-json\/wp\/v2\/media?parent=18035"}],"curies":[{"name":"wp","href":"https:\/\/api.w.org\/{rel}","templated":true}]}}