{"id":181498,"date":"2020-12-15T11:23:24","date_gmt":"2020-12-15T10:23:24","guid":{"rendered":"https:\/\/www.ferrovial.com\/?page_id=181498"},"modified":"2024-02-23T14:06:45","modified_gmt":"2024-02-23T13:06:45","slug":"accesibilidad","status":"publish","type":"page","link":"https:\/\/www.ferrovial.com\/es\/accesibilidad\/","title":{"rendered":"Accesibilidad"},"content":{"rendered":"    <m-final-content-header >\n            <c-breadcrumb label-text=\"Breadcrumb\" slot=\"breadcrumbs\" type='2' align='left' wrap='wrapped wrapped'>\n                        <ol>\n\n                                                            <li><a href=\"https:\/\/www.ferrovial.com\/es\/\" title=\"Ferrovial\">Ferrovial<\/a><\/li>\n                                    \n                <\/ol>\n\n                <\/c-breadcrumb>\n    \n        <div slot=\"header\">\n            <h1>\n                Accesibilidad            <\/h1>\n                    <\/div>\n    <\/m-final-content-header>\n\n    \n\n\n<m-wysiwig class=\"wp-block-components-wysiwyg\"><div slot=\"maincontent\">\n<p>Estamos firmemente comprometidos en facilitar la accesibilidad a nuestra p\u00e1gina web <a rel=\"noreferrer noopener\" class=\"ek-link ek-link\" href=\"https:\/\/www.ferrovial.com\">ferrovial.com<\/a> a todas las personas, independientemente de la condici\u00f3n f\u00edsica, intelectual, de la edad o de la necesidad de uso de tecnolog\u00edas adaptadas utilizadas para acceder al sitio web.<\/p>\n\n\n\n<p>Por ello, hemos dise\u00f1ado y programado esta web conforme a las directrices definidas en las <a href=\"https:\/\/www.w3.org\/TR\/WCAG21\/\" target=\"_blank\" aria-label=\"Pautas Internacionales de Accesibilidad para el Contenido Web WCAG 2.1 (se abre en nueva pesta\u00f1a)\" rel=\"noreferrer noopener\" class=\"ek-link\">Pautas Internacionales de Accesibilidad para el Contenido Web WCAG 2.1<\/a> del Consorcio para la World Wide Web (W3C) en su nivel AA (Doble-A), el nivel de conformidad recomendado por WCAG para sitios completos. Estas pautas tambi\u00e9n constituyen el n\u00facleo de est\u00e1ndares como ISO\/IEC 40500 o la norma UNE 139803:2012.<\/p>\n\n\n\n<p>ILUNION Tecnolog\u00eda y Accesibilidad certifica, con fecha <strong>29 de enero de 2021<\/strong>, que el sitio web de <strong>Ferrovial, <\/strong>cumple parcialmente con el nivel Doble A de las Pautas de Accesibilidad al Contenido de la Web 2.1 de la Web Accessibility Initiative (WAI) del World Wide Web Consortium con las siguientes consideraciones:<\/p>\n\n\n\n<ul class=\"wp-block-list\">\n<li>Puntualmente se pueden encontrar algunas im\u00e1genes de tipo mapa que no ofrecen una descripci\u00f3n alternativa.<\/li>\n\n\n\n<li>Algunos componentes que se utilizan para indicar visualmente elementos seleccionados (pesta\u00f1as seleccionada, p\u00e1gina seleccionada en paginaciones, etc.) cuando se navega utilizando alto contraste, solo se visualizan en el navegador Edge (si se navega utilizando alto contraste en Chrome y Firefox no se visualiza debido a caracter\u00edsticas especifica de los componentes y estos navegadores).<\/li>\n\n\n\n<li>De forma muy puntual, se producen solapamientos de algunos contenidos al aumentar el tama\u00f1o del texto al 200%.<\/li>\n\n\n\n<li>Hay contenido v\u00eddeo que no incluye alternativas para el contenido audio (subt\u00edtulos) y el contenido v\u00eddeo (transcripciones y audiodescripciones).<\/li>\n\n\n\n<li>Tambi\u00e9n existen documentos digitales en formato Excel y PDF que no incorporan caracter\u00edsticas de accesibilidad.<\/li>\n\n\n\n<li>En relaci\u00f3n a estos contenidos en formato v\u00eddeo y a los documentos digitales, Ferrovial adquiere el compromiso de facilitar la informaci\u00f3n a los usuarios que lo soliciten a trav\u00e9s de los canales de comunicaci\u00f3n establecidos a tal efecto en la p\u00e1gina Accesibilidad de la web.<\/li>\n<\/ul>\n\n\n\n<p><a target=\"_blank\" title=\"Certificaci\u00f3n ILUNION Tecnolog\u00eda y Accesibilidad\" href=\"http:\/\/certiaccesibilidad.technosite.es\/Recursos\/Certificado.aspx?codigo=wtikhqjjmkhegnxnubwk875316868WTIKHQJJMKHEGNXNUBWKU&amp;lang\" rel=\"noopener noreferrer\">\n<img decoding=\"async\" alt=\"ILUNION Tecnolog\u00eda y Accesibilidad, Certificaci\u00f3n WCAG-WAI AA (abre en nueva ventana)\" src=\"https:\/\/static.ferrovial.com\/wp-content\/uploads\/2021\/01\/13121153\/ilunion-wacag21-doblea.jpg\">\n<\/a>\n<\/p>\n\n\n\n<h2 class=\"wp-block-heading\">Medidas adoptadas<\/h2>\n\n\n\n<p>Algunas de las funcionalidades implementadas en nuestra web para permitir una correcta accesibilidad web a todos los contenidos del sitio con mayor facilidad son:<\/p>\n\n\n\n<h3 class=\"wp-block-heading\">Separaci\u00f3n de contenido y presentaci\u00f3n<\/h3>\n\n\n\n<ul class=\"wp-block-list\">\n<li>Uso de hojas de estilo (CSS) para la presentaci\u00f3n de la informaci\u00f3n y de c\u00f3digo HTML para su correcta estructuraci\u00f3n.<\/li>\n\n\n\n<li>Las caracter\u00edsticas visuales de la p\u00e1gina web (tipo de letra, color de fuente y fondo, etc.) se definen mediante la hoja de estilos para que se pueda ajustar el texto a sus preferencias.<\/li>\n<\/ul>\n\n\n\n<h3 class=\"wp-block-heading\">Aumento y disminuci\u00f3n del tama\u00f1o del texto<\/h3>\n\n\n\n<ul class=\"wp-block-list\">\n<li>Los tama\u00f1os de las fuentes se han definido con unidades relativas para que se pueda ampliar o disminuir el tama\u00f1o de la fuente desde las opciones del navegador.<\/li>\n\n\n\n<li>Este cambio en el tama\u00f1o del texto se realizar\u00e1 sin alterar la correcta disposici\u00f3n y visualizaci\u00f3n de los contenidos.<\/li>\n<\/ul>\n\n\n\n<h3 class=\"wp-block-heading\">Jerarquizaci\u00f3n del contenido<\/h3>\n\n\n\n<ul class=\"wp-block-list\">\n<li>Los documentos del sitio se han construido en base a las especificaciones del W3C, el organismo que marca los est\u00e1ndares internacionales que se deben usar en la web. Los documentos son v\u00e1lidos y ofrecen el marcado adecuado para cada tipolog\u00eda de contenido.<\/li>\n\n\n\n<li>Las p\u00e1ginas tienen una estructura clara tanto para el usuario que puede ver todo el contenido, como para el que lee la informaci\u00f3n con un lector de pantalla, usuarios que desactivan la hoja de estilos, etc. Bajo este objetivo, se han definido mediante el c\u00f3digo HTML los encabezados de secci\u00f3n, las listas y todos los elementos que ayudan a la comprensi\u00f3n general del sitio web.<\/li>\n\n\n\n<li>El idioma de las p\u00e1ginas est\u00e1 marcado correctamente.<\/li>\n<\/ul>\n\n\n\n<h3 class=\"wp-block-heading\">Contraste<\/h3>\n\n\n\n<ul class=\"wp-block-list\">\n<li>Contrastamos las combinaciones de letras y fondos de esta Web, asegurando que la informaci\u00f3n se presenta de modo claro con independencia de dichas condiciones.<\/li>\n\n\n\n<li>El sitio web est\u00e1 dise\u00f1ado para que los usuarios puedan realizar una navegaci\u00f3n en alto contraste que permite distinguir los men\u00fas, enlaces, im\u00e1genes y contenido general.<\/li>\n\n\n\n<li>Incorporamos un bot\u00f3n para mejorar el contraste en los elementos no textuales.<\/li>\n<\/ul>\n\n\n\n<h3 class=\"wp-block-heading\">Funcionalidad y navegaci\u00f3n accesible mediante el teclado<\/h3>\n\n\n\n<ul class=\"wp-block-list\">\n<li>El sitio es accesible y funcional a trav\u00e9s de teclado del ordenador, mediante el uso del tabulador es posible posicionarse en cualquier elemento presente en las distintas p\u00e1ginas.<\/li>\n\n\n\n<li>Una vez se est\u00e1 situado sobre el elemento seleccionado (enlaces, botones, &#8230;) pulsando la tecla \u201cEnter\u201d se ejecutar\u00e1 la misma acci\u00f3n que al pulsar el bot\u00f3n izquierdo del rat\u00f3n.<\/li>\n<\/ul>\n\n\n\n<h3 class=\"wp-block-heading\">Alternativa a elementos no textuales<\/h3>\n\n\n\n<ul class=\"wp-block-list\">\n<li>Para cualquier elemento no textual se han incluido las alternativas necesarias de forma que ning\u00fan usuario encuentre barreras de acceso a los contenidos.<\/li>\n<\/ul>\n\n\n\n<h3 class=\"wp-block-heading\">Enlaces<\/h3>\n\n\n\n<ul class=\"wp-block-list\">\n<li>Los enlaces ofrecen detalles de la funci\u00f3n o destino del hiperv\u00ednculo. Se ofrecen mecanismos de interacci\u00f3n que facilitan al usuario la localizaci\u00f3n de informaci\u00f3n y la orientaci\u00f3n a trav\u00e9s del sitio.<\/li>\n\n\n\n<li>Avisamos al usuario de las aperturas de nuevas ventanas.<\/li>\n<\/ul>\n\n\n\n<h3 class=\"wp-block-heading\">Formularios<\/h3>\n\n\n\n<ul class=\"wp-block-list\">\n<li>Todos los campos de formulario siguen un orden l\u00f3gico de tabulaci\u00f3n.<\/li>\n\n\n\n<li>Asociamos etiquetas a todos los campos para facilitar la comprensi\u00f3n de los datos que se solicitan en cada caso.<\/li>\n<\/ul>\n\n\n\n<h3 class=\"wp-block-heading\">Tablas de datos<\/h3>\n\n\n\n<ul class=\"wp-block-list\">\n<li>Las tablas de datos cuentan con identificadores de encabezados y otras ayudas t\u00e9cnicas para una interpretaci\u00f3n adecuada de sus datos por los lectores de pantalla.<\/li>\n<\/ul>\n\n\n\n<h3 class=\"wp-block-heading\">Visualizaci\u00f3n de los contenidos en distintos tipos de navegadores<\/h3>\n\n\n\n<ul class=\"wp-block-list\">\n<li>En caso de que el usuario acceda al sitio a trav\u00e9s de un navegador que no soporte CSS, el marcado estructural permite la correcta visualizaci\u00f3n de todos los contenidos.<\/li>\n\n\n\n<li>De esta forma no es necesario disponer de ninguna tecnolog\u00eda especial para la correcta visualizaci\u00f3n y navegaci\u00f3n por el sitio web.<\/li>\n<\/ul>\n\n\n\n<h2 class=\"wp-block-heading\">Tecnolog\u00eda aplicada en el desarrollo<\/h2>\n\n\n\n<p>En la aplicaci\u00f3n de estas medidas, hemos tenido en cuenta:<\/p>\n\n\n\n<ul class=\"wp-block-list\">\n<li>Cumplimiento de las normas de accesibilidad del WCAG (Web Content Accessibility Guidelines) del W3C (World Wide Web Consortium), en su nivel intermedio (AA). Pautas de Contenido Accesible en Web 2.1.<\/li>\n\n\n\n<li>La presentaci\u00f3n se basa en la Recomendaci\u00f3n del W3C sobre las Hojas de Estilo en Cascada, versi\u00f3n CSS3.<\/li>\n\n\n\n<li>Empleamos el est\u00e1ndar recomendado en empleo de c\u00f3digo HTML5, benefici\u00e1ndonos de las nuevas actualizaciones que incluye esta versi\u00f3n, tales como un etiquetado m\u00e1s sem\u00e1ntico, sintaxis flexible, nuevas etiquetas que facilitan la comprensi\u00f3n de formularios.<\/li>\n\n\n\n<li>El uso de la especificaci\u00f3n WAI-ARIA, en su versi\u00f3n 2.0, aplicado a esta web hace m\u00e1s accesible el contenido din\u00e1mico y los controles desarrollados con Ajax, HTML, Javascript y sus tecnolog\u00edas relacionadas<\/li>\n<\/ul>\n\n\n\n<h2 class=\"wp-block-heading\">Excepciones<\/h2>\n\n\n\n<p>Todas las p\u00e1ginas del sitio&nbsp;<a href=\"https:\/\/www.ferrovial.com\" class=\"ek-link\">ferrovial.com<\/a> satisfacen todos los puntos de verificaci\u00f3n de prioridad 2 (adecuaci\u00f3n de nivel AA) definidos en la especificaci\u00f3n de Pautas de Accesibilidad al Contenido en la Web (WCAG) por la Iniciativa de Accesibilidad Web (WAI) del World Wide Web Consortium (W3C) a excepci\u00f3n de:<\/p>\n\n\n\n<ul class=\"wp-block-list\">\n<li>Los contenidos dispuestos para ampliar informaci\u00f3n con formatos distintos de HTML como PDF y Excel, en su mayor\u00eda, no incorporan caracter\u00edsticas de accesibilidad. Ferrovial se compromete a proporcionar estos documentos en formato accesible a quien lo solicite.<\/li>\n\n\n\n<li>Debido a la excesiva dificultad que supone el subtitulado y audiodescripci\u00f3n de los v\u00eddeos se considerar\u00e1 tambi\u00e9n una excepci\u00f3n a la certificaci\u00f3n. De la misma forma, Ferrovial adquiere el compromiso de facilitar la informaci\u00f3n a los usuarios que lo soliciten a trav\u00e9s de los canales de comunicaci\u00f3n establecidos a tal efecto por Ferrovial.<\/li>\n\n\n\n<li>Servicios de mapa y cartograf\u00eda en l\u00ednea.<\/li>\n<\/ul>\n\n\n\n<h2 class=\"wp-block-heading\">Observaciones y datos de contacto<\/h2>\n\n\n\n<p>Si detectas que alg\u00fan contenido de este sitio web no es accesible o si tienes alguna duda o sugerencia en relaci\u00f3n con la accesibilidad de este sitio web, puedes contactar <a class=\"ek-link ek-link\" href=\"https:\/\/www.ferrovial.com\/es\/contacto\/\">a trav\u00e9s del formulario de sugerencias<\/a> &nbsp;que ponemos a tu disposici\u00f3n.<\/p>\n<\/div><\/m-wysiwig>\n","protected":false},"excerpt":{"rendered":"","protected":false},"featured_media":0,"parent":0,"menu_order":0,"comment_status":"closed","ping_status":"closed","template":"","meta":{"_acf_changed":false,"footnotes":""},"class_list":["post-181498","page","type-page","status-publish","hentry"],"acf":[],"yoast_head":"<!-- This site is optimized with the Yoast SEO plugin v27.2 - https:\/\/yoast.com\/product\/yoast-seo-wordpress\/ -->\n<title>Accesibilidad - Ferrovial<\/title>\n<meta name=\"description\" content=\"Estamos firmemente comprometidos en facilitar la accesibilidad a nuestra p\u00e1gina web a todas las personas, independientemente de la condici\u00f3n f\u00edsica, intelectual, de la edad o de la necesidad de uso de tecnolog\u00edas adaptadas utilizadas para acceder al sitio web.\" \/>\n<meta name=\"robots\" content=\"index, follow, max-snippet:-1, max-image-preview:large, max-video-preview:-1\" \/>\n<link rel=\"canonical\" href=\"https:\/\/www.ferrovial.com\/es\/accesibilidad\/\" \/>\n<meta property=\"og:locale\" content=\"es_ES\" \/>\n<meta property=\"og:type\" content=\"article\" \/>\n<meta property=\"og:title\" content=\"Accesibilidad - Ferrovial\" \/>\n<meta property=\"og:description\" content=\"Estamos firmemente comprometidos en facilitar la accesibilidad a nuestra p\u00e1gina web a todas las personas, independientemente de la condici\u00f3n f\u00edsica, intelectual, de la edad o de la necesidad de uso de tecnolog\u00edas adaptadas utilizadas para acceder al sitio web.\" \/>\n<meta property=\"og:url\" content=\"https:\/\/www.ferrovial.com\/es\/accesibilidad\/\" \/>\n<meta property=\"og:site_name\" content=\"Ferrovial\" \/>\n<meta property=\"article:publisher\" content=\"https:\/\/www.facebook.com\/ferrovial\" \/>\n<meta property=\"article:modified_time\" content=\"2024-02-23T13:06:45+00:00\" \/>\n<meta property=\"og:image\" content=\"https:\/\/www.ferrovial.com\/wp-content\/uploads\/2021\/01\/ilunion-wacag21-doblea.jpg\" \/>\n<meta name=\"twitter:card\" content=\"summary_large_image\" \/>\n<meta name=\"twitter:site\" content=\"@ferrovial\" \/>\n<meta name=\"twitter:label1\" content=\"Est. reading time\" \/>\n\t<meta name=\"twitter:data1\" content=\"6 minutos\" \/>\n<!-- \/ Yoast SEO plugin. -->","yoast_head_json":{"title":"Accesibilidad - Ferrovial","description":"Estamos firmemente comprometidos en facilitar la accesibilidad a nuestra p\u00e1gina web a todas las personas, independientemente de la condici\u00f3n f\u00edsica, intelectual, de la edad o de la necesidad de uso de tecnolog\u00edas adaptadas utilizadas para acceder al sitio web.","robots":{"index":"index","follow":"follow","max-snippet":"max-snippet:-1","max-image-preview":"max-image-preview:large","max-video-preview":"max-video-preview:-1"},"canonical":"https:\/\/www.ferrovial.com\/es\/accesibilidad\/","og_locale":"es_ES","og_type":"article","og_title":"Accesibilidad - Ferrovial","og_description":"Estamos firmemente comprometidos en facilitar la accesibilidad a nuestra p\u00e1gina web a todas las personas, independientemente de la condici\u00f3n f\u00edsica, intelectual, de la edad o de la necesidad de uso de tecnolog\u00edas adaptadas utilizadas para acceder al sitio web.","og_url":"https:\/\/www.ferrovial.com\/es\/accesibilidad\/","og_site_name":"Ferrovial","article_publisher":"https:\/\/www.facebook.com\/ferrovial","article_modified_time":"2024-02-23T13:06:45+00:00","og_image":[{"url":"https:\/\/www.ferrovial.com\/wp-content\/uploads\/2021\/01\/ilunion-wacag21-doblea.jpg","type":"","width":"","height":""}],"twitter_card":"summary_large_image","twitter_site":"@ferrovial","twitter_misc":{"Est. reading time":"6 minutos"},"schema":{"@context":"https:\/\/schema.org","@graph":[{"@type":"WebPage","@id":"https:\/\/www.ferrovial.com\/es\/accesibilidad\/","url":"https:\/\/www.ferrovial.com\/es\/accesibilidad\/","name":"Accesibilidad - Ferrovial","isPartOf":{"@id":"https:\/\/www.ferrovial.com\/es\/#website"},"primaryImageOfPage":{"@id":"https:\/\/www.ferrovial.com\/es\/accesibilidad\/#primaryimage"},"image":{"@id":"https:\/\/www.ferrovial.com\/es\/accesibilidad\/#primaryimage"},"thumbnailUrl":"https:\/\/www.ferrovial.com\/wp-content\/uploads\/2021\/01\/ilunion-wacag21-doblea.jpg","datePublished":"2020-12-15T10:23:24+00:00","dateModified":"2024-02-23T13:06:45+00:00","description":"Estamos firmemente comprometidos en facilitar la accesibilidad a nuestra p\u00e1gina web a todas las personas, independientemente de la condici\u00f3n f\u00edsica, intelectual, de la edad o de la necesidad de uso de tecnolog\u00edas adaptadas utilizadas para acceder al sitio web.","breadcrumb":{"@id":"https:\/\/www.ferrovial.com\/es\/accesibilidad\/#breadcrumb"},"inLanguage":"es","potentialAction":[{"@type":"ReadAction","target":["https:\/\/www.ferrovial.com\/es\/accesibilidad\/"]}]},{"@type":"ImageObject","inLanguage":"es","@id":"https:\/\/www.ferrovial.com\/es\/accesibilidad\/#primaryimage","url":"https:\/\/www.ferrovial.com\/wp-content\/uploads\/2021\/01\/ilunion-wacag21-doblea.jpg","contentUrl":"https:\/\/www.ferrovial.com\/wp-content\/uploads\/2021\/01\/ilunion-wacag21-doblea.jpg"},{"@type":"BreadcrumbList","@id":"https:\/\/www.ferrovial.com\/es\/accesibilidad\/#breadcrumb","itemListElement":[{"@type":"ListItem","position":1,"name":"Portada","item":"https:\/\/www.ferrovial.com\/es\/"},{"@type":"ListItem","position":2,"name":"Accesibilidad"}]},{"@type":"WebSite","@id":"https:\/\/www.ferrovial.com\/es\/#website","url":"https:\/\/www.ferrovial.com\/es\/","name":"Ferrovial","description":"Welcome to the Ferrovial&#039;s website, global operator of sustainable infrastructure. Here you can find all the information about the company and subsidiaries.","publisher":{"@id":"https:\/\/www.ferrovial.com\/es\/#organization"},"potentialAction":[{"@type":"SearchAction","target":{"@type":"EntryPoint","urlTemplate":"https:\/\/www.ferrovial.com\/es\/?s={search_term_string}"},"query-input":{"@type":"PropertyValueSpecification","valueRequired":true,"valueName":"search_term_string"}}],"inLanguage":"es"},{"@type":"Organization","@id":"https:\/\/www.ferrovial.com\/es\/#organization","name":"Ferrovial S.A.","url":"https:\/\/www.ferrovial.com\/es\/","logo":{"@type":"ImageObject","inLanguage":"es","@id":"https:\/\/www.ferrovial.com\/es\/#\/schema\/logo\/image\/","url":"https:\/\/static.ferrovial.com\/wp-content\/uploads\/2020\/01\/13124948\/logo-ferrovial-cf7.png","contentUrl":"https:\/\/static.ferrovial.com\/wp-content\/uploads\/2020\/01\/13124948\/logo-ferrovial-cf7.png","width":144,"height":32,"caption":"Ferrovial S.A."},"image":{"@id":"https:\/\/www.ferrovial.com\/es\/#\/schema\/logo\/image\/"},"sameAs":["https:\/\/www.facebook.com\/ferrovial","https:\/\/x.com\/ferrovial","https:\/\/www.instagram.com\/ferrovial\/","https:\/\/www.linkedin.com\/company\/ferrovial","https:\/\/www.pinterest.es\/ferrovial\/","https:\/\/www.youtube.com\/ferrovial","https:\/\/en.wikipedia.org\/wiki\/Ferrovial"]}]}},"_links":{"self":[{"href":"https:\/\/www.ferrovial.com\/es\/wp-json\/wp\/v2\/pages\/181498","targetHints":{"allow":["GET"]}}],"collection":[{"href":"https:\/\/www.ferrovial.com\/es\/wp-json\/wp\/v2\/pages"}],"about":[{"href":"https:\/\/www.ferrovial.com\/es\/wp-json\/wp\/v2\/types\/page"}],"replies":[{"embeddable":true,"href":"https:\/\/www.ferrovial.com\/es\/wp-json\/wp\/v2\/comments?post=181498"}],"version-history":[{"count":3,"href":"https:\/\/www.ferrovial.com\/es\/wp-json\/wp\/v2\/pages\/181498\/revisions"}],"predecessor-version":[{"id":276070,"href":"https:\/\/www.ferrovial.com\/es\/wp-json\/wp\/v2\/pages\/181498\/revisions\/276070"}],"wp:attachment":[{"href":"https:\/\/www.ferrovial.com\/es\/wp-json\/wp\/v2\/media?parent=181498"}],"curies":[{"name":"wp","href":"https:\/\/api.w.org\/{rel}","templated":true}]}}