{"id":18231,"date":"2019-09-05T12:28:32","date_gmt":"2019-09-05T10:28:32","guid":{"rendered":"https:\/\/www.ferrovial.com\/?page_id=18231"},"modified":"2022-09-07T12:17:23","modified_gmt":"2022-09-07T10:17:23","slug":"ceo","status":"publish","type":"page","link":"https:\/\/www.ferrovial.com\/es\/compania\/sobre-nosotros\/comite-direccion\/ceo\/","title":{"rendered":"Ignacio Madridejos, CEO"},"content":{"rendered":"    <m-final-content-header >\n            <c-breadcrumb label-text=\"Breadcrumb\" slot=\"breadcrumbs\" type='2' align='left' wrap='wrapped wrapped' aria-label='Vienes de Comit\u00e9 de Direcci\u00f3n'>\n                        <ol>\n\n                                                            <li><a href=\"https:\/\/www.ferrovial.com\/es\/\" title=\"Ferrovial\">Ferrovial<\/a><\/li>\n                                                                        <li><a href=\"https:\/\/www.ferrovial.com\/es\/compania\/\" title=\"Sobre nosotros\">Sobre nosotros<\/a><\/li>\n                                                                        <li><a href=\"https:\/\/www.ferrovial.com\/es\/compania\/sobre-nosotros\/\" title=\"Nuestra compa\u00f1\u00eda\">Nuestra compa\u00f1\u00eda<\/a><\/li>\n                                                                        <li><a href=\"https:\/\/www.ferrovial.com\/es\/compania\/sobre-nosotros\/comite-direccion\/\" title=\"Comit\u00e9 de Direcci\u00f3n\">Comit\u00e9 de Direcci\u00f3n<\/a><\/li>\n                                    \n                <\/ol>\n\n                <\/c-breadcrumb>\n    \n        <div slot=\"header\">\n            <h1>\n                Ignacio Madridejos, CEO            <\/h1>\n                    <\/div>\n    <\/m-final-content-header>\n\n    \n\n\n<m-wysiwig class=\"wp-block-components-wysiwyg\"><div slot=\"maincontent\">\n<h2 class=\"wp-block-heading\">Ignacio Madridejos<\/h2>\n\n\n\n<figure class=\"wp-block-image size-large\"><img v-lazy=\"'https:\/\/static.ferrovial.com\/wp-content\/uploads\/2022\/02\/10174523\/ferrovial2021-ignaciomadridejosnanigutierrez-01-819x1024.jpg'\" alt=\"\" class=\"wp-image-214997\"\/><\/figure>\n\n\n\n<p>Ingeniero de Caminos, Canales y Puertos por la Universidad Polit\u00e9cnica de Madrid y MBA por Stanford Business School. Ha desarrollado su carrera en Estados Unidos, Europa, Am\u00e9rica Latina y \u00c1frica. Fue Jefe de Obra de Ferrovial Construcci\u00f3n entre 1990 y 1992. Consultor de McKinsey en Espa\u00f1a y Argentina entre 1993 y 1996. En 1996 se incorpor\u00f3 a CEMEX, donde, entre otras posiciones ha sido CEO para Egipto (1999) y Espa\u00f1a (2003), Responsable global de Energ\u00eda, Seguridad y Sostenibilidad (2011), Presidente para Norte de Europa (2008) y para Estados Unidos (2015). Ha ocupado el cargo de Presidente de Oficemen, y Presidente de CEMBUREAU (Asociaci\u00f3n del Cemento de Europa). En octubre de 2019 fue nombrado Consejero Delegado de Ferrovial.<\/p>\n<\/div><\/m-wysiwig>\n","protected":false},"excerpt":{"rendered":"","protected":false},"featured_media":0,"parent":18205,"menu_order":0,"comment_status":"closed","ping_status":"closed","template":"","meta":{"_acf_changed":false,"footnotes":""},"class_list":["post-18231","page","type-page","status-publish","hentry"],"acf":[],"yoast_head":"<!-- This site is optimized with the Yoast SEO plugin v27.2 - https:\/\/yoast.com\/product\/yoast-seo-wordpress\/ -->\n<title>Ignacio Madridejos, Consejero Delegado - Ferrovial<\/title>\n<meta name=\"description\" content=\"Ignacio Madridejos es CEO de Ferrovial. Ha desarrollado su carrera en Estados Unidos, Europa, Am\u00e9rica Latina y \u00c1frica. Fue Jefe de Obra de Agroman ...\" \/>\n<meta name=\"robots\" content=\"index, follow, max-snippet:-1, max-image-preview:large, max-video-preview:-1\" \/>\n<link rel=\"canonical\" href=\"https:\/\/www.ferrovial.com\/es\/compania\/sobre-nosotros\/comite-direccion\/ceo\/\" \/>\n<meta property=\"og:locale\" content=\"es_ES\" \/>\n<meta property=\"og:type\" content=\"article\" \/>\n<meta property=\"og:title\" content=\"Ignacio Madridejos, Consejero Delegado - Ferrovial\" \/>\n<meta property=\"og:description\" content=\"Ignacio Madridejos es CEO de Ferrovial. Ha desarrollado su carrera en Estados Unidos, Europa, Am\u00e9rica Latina y \u00c1frica. Fue Jefe de Obra de Agroman ...\" \/>\n<meta property=\"og:url\" content=\"https:\/\/www.ferrovial.com\/es\/compania\/sobre-nosotros\/comite-direccion\/ceo\/\" \/>\n<meta property=\"og:site_name\" content=\"Ferrovial\" \/>\n<meta property=\"article:publisher\" content=\"https:\/\/www.facebook.com\/ferrovial\" \/>\n<meta property=\"article:modified_time\" content=\"2022-09-07T10:17:23+00:00\" \/>\n<meta property=\"og:image\" content=\"https:\/\/www.ferrovial.com\/wp-content\/uploads\/2022\/02\/ferrovial2021-ignaciomadridejosnanigutierrez-01-819x1024.jpg\" \/>\n<meta name=\"twitter:card\" content=\"summary_large_image\" \/>\n<meta name=\"twitter:site\" content=\"@ferrovial\" \/>\n<meta name=\"twitter:label1\" content=\"Est. reading time\" \/>\n\t<meta name=\"twitter:data1\" content=\"1 minuto\" \/>\n<!-- \/ Yoast SEO plugin. -->","yoast_head_json":{"title":"Ignacio Madridejos, Consejero Delegado - Ferrovial","description":"Ignacio Madridejos es CEO de Ferrovial. Ha desarrollado su carrera en Estados Unidos, Europa, Am\u00e9rica Latina y \u00c1frica. Fue Jefe de Obra de Agroman ...","robots":{"index":"index","follow":"follow","max-snippet":"max-snippet:-1","max-image-preview":"max-image-preview:large","max-video-preview":"max-video-preview:-1"},"canonical":"https:\/\/www.ferrovial.com\/es\/compania\/sobre-nosotros\/comite-direccion\/ceo\/","og_locale":"es_ES","og_type":"article","og_title":"Ignacio Madridejos, Consejero Delegado - Ferrovial","og_description":"Ignacio Madridejos es CEO de Ferrovial. Ha desarrollado su carrera en Estados Unidos, Europa, Am\u00e9rica Latina y \u00c1frica. Fue Jefe de Obra de Agroman ...","og_url":"https:\/\/www.ferrovial.com\/es\/compania\/sobre-nosotros\/comite-direccion\/ceo\/","og_site_name":"Ferrovial","article_publisher":"https:\/\/www.facebook.com\/ferrovial","article_modified_time":"2022-09-07T10:17:23+00:00","og_image":[{"url":"https:\/\/www.ferrovial.com\/wp-content\/uploads\/2022\/02\/ferrovial2021-ignaciomadridejosnanigutierrez-01-819x1024.jpg","type":"","width":"","height":""}],"twitter_card":"summary_large_image","twitter_site":"@ferrovial","twitter_misc":{"Est. reading time":"1 minuto"},"schema":{"@context":"https:\/\/schema.org","@graph":[{"@type":"WebPage","@id":"https:\/\/www.ferrovial.com\/es\/compania\/sobre-nosotros\/comite-direccion\/ceo\/","url":"https:\/\/www.ferrovial.com\/es\/compania\/sobre-nosotros\/comite-direccion\/ceo\/","name":"Ignacio Madridejos, Consejero Delegado - Ferrovial","isPartOf":{"@id":"https:\/\/www.ferrovial.com\/es\/#website"},"primaryImageOfPage":{"@id":"https:\/\/www.ferrovial.com\/es\/compania\/sobre-nosotros\/comite-direccion\/ceo\/#primaryimage"},"image":{"@id":"https:\/\/www.ferrovial.com\/es\/compania\/sobre-nosotros\/comite-direccion\/ceo\/#primaryimage"},"thumbnailUrl":"https:\/\/www.ferrovial.com\/wp-content\/uploads\/2022\/02\/ferrovial2021-ignaciomadridejosnanigutierrez-01-819x1024.jpg","datePublished":"2019-09-05T10:28:32+00:00","dateModified":"2022-09-07T10:17:23+00:00","description":"Ignacio Madridejos es CEO de Ferrovial. Ha desarrollado su carrera en Estados Unidos, Europa, Am\u00e9rica Latina y \u00c1frica. Fue Jefe de Obra de Agroman ...","breadcrumb":{"@id":"https:\/\/www.ferrovial.com\/es\/compania\/sobre-nosotros\/comite-direccion\/ceo\/#breadcrumb"},"inLanguage":"es","potentialAction":[{"@type":"ReadAction","target":["https:\/\/www.ferrovial.com\/es\/compania\/sobre-nosotros\/comite-direccion\/ceo\/"]}]},{"@type":"ImageObject","inLanguage":"es","@id":"https:\/\/www.ferrovial.com\/es\/compania\/sobre-nosotros\/comite-direccion\/ceo\/#primaryimage","url":"https:\/\/www.ferrovial.com\/wp-content\/uploads\/2022\/02\/ferrovial2021-ignaciomadridejosnanigutierrez-01-819x1024.jpg","contentUrl":"https:\/\/www.ferrovial.com\/wp-content\/uploads\/2022\/02\/ferrovial2021-ignaciomadridejosnanigutierrez-01-819x1024.jpg"},{"@type":"BreadcrumbList","@id":"https:\/\/www.ferrovial.com\/es\/compania\/sobre-nosotros\/comite-direccion\/ceo\/#breadcrumb","itemListElement":[{"@type":"ListItem","position":1,"name":"Portada","item":"https:\/\/www.ferrovial.com\/es\/"},{"@type":"ListItem","position":2,"name":"Sobre nosotros","item":"https:\/\/www.ferrovial.com\/es\/compania\/"},{"@type":"ListItem","position":3,"name":"Nuestra compa\u00f1\u00eda","item":"https:\/\/www.ferrovial.com\/es\/compania\/sobre-nosotros\/"},{"@type":"ListItem","position":4,"name":"Comit\u00e9 de Direcci\u00f3n","item":"https:\/\/www.ferrovial.com\/es\/compania\/sobre-nosotros\/comite-direccion\/"},{"@type":"ListItem","position":5,"name":"Ignacio Madridejos, CEO"}]},{"@type":"WebSite","@id":"https:\/\/www.ferrovial.com\/es\/#website","url":"https:\/\/www.ferrovial.com\/es\/","name":"Ferrovial","description":"Welcome to the Ferrovial&#039;s website, global operator of sustainable infrastructure. Here you can find all the information about the company and subsidiaries.","publisher":{"@id":"https:\/\/www.ferrovial.com\/es\/#organization"},"potentialAction":[{"@type":"SearchAction","target":{"@type":"EntryPoint","urlTemplate":"https:\/\/www.ferrovial.com\/es\/?s={search_term_string}"},"query-input":{"@type":"PropertyValueSpecification","valueRequired":true,"valueName":"search_term_string"}}],"inLanguage":"es"},{"@type":"Organization","@id":"https:\/\/www.ferrovial.com\/es\/#organization","name":"Ferrovial S.A.","url":"https:\/\/www.ferrovial.com\/es\/","logo":{"@type":"ImageObject","inLanguage":"es","@id":"https:\/\/www.ferrovial.com\/es\/#\/schema\/logo\/image\/","url":"https:\/\/static.ferrovial.com\/wp-content\/uploads\/2020\/01\/13124948\/logo-ferrovial-cf7.png","contentUrl":"https:\/\/static.ferrovial.com\/wp-content\/uploads\/2020\/01\/13124948\/logo-ferrovial-cf7.png","width":144,"height":32,"caption":"Ferrovial S.A."},"image":{"@id":"https:\/\/www.ferrovial.com\/es\/#\/schema\/logo\/image\/"},"sameAs":["https:\/\/www.facebook.com\/ferrovial","https:\/\/x.com\/ferrovial","https:\/\/www.instagram.com\/ferrovial\/","https:\/\/www.linkedin.com\/company\/ferrovial","https:\/\/www.pinterest.es\/ferrovial\/","https:\/\/www.youtube.com\/ferrovial","https:\/\/en.wikipedia.org\/wiki\/Ferrovial"]}]}},"_links":{"self":[{"href":"https:\/\/www.ferrovial.com\/es\/wp-json\/wp\/v2\/pages\/18231","targetHints":{"allow":["GET"]}}],"collection":[{"href":"https:\/\/www.ferrovial.com\/es\/wp-json\/wp\/v2\/pages"}],"about":[{"href":"https:\/\/www.ferrovial.com\/es\/wp-json\/wp\/v2\/types\/page"}],"replies":[{"embeddable":true,"href":"https:\/\/www.ferrovial.com\/es\/wp-json\/wp\/v2\/comments?post=18231"}],"version-history":[{"count":3,"href":"https:\/\/www.ferrovial.com\/es\/wp-json\/wp\/v2\/pages\/18231\/revisions"}],"predecessor-version":[{"id":238502,"href":"https:\/\/www.ferrovial.com\/es\/wp-json\/wp\/v2\/pages\/18231\/revisions\/238502"}],"up":[{"embeddable":true,"href":"https:\/\/www.ferrovial.com\/es\/wp-json\/wp\/v2\/pages\/18205"}],"wp:attachment":[{"href":"https:\/\/www.ferrovial.com\/es\/wp-json\/wp\/v2\/media?parent=18231"}],"curies":[{"name":"wp","href":"https:\/\/api.w.org\/{rel}","templated":true}]}}