{"id":18246,"date":"2019-09-05T12:33:40","date_gmt":"2019-09-05T10:33:40","guid":{"rendered":"https:\/\/www.ferrovial.com\/?page_id=18246"},"modified":"2022-02-18T14:03:58","modified_gmt":"2022-02-18T13:03:58","slug":"cd-cintra","status":"publish","type":"page","link":"https:\/\/www.ferrovial.com\/es\/compania\/sobre-nosotros\/comite-direccion\/cd-cintra\/","title":{"rendered":"Andr\u00e9s Sacrist\u00e1n, Consejero Delegado de Cintra"},"content":{"rendered":"    <m-final-content-header >\n            <c-breadcrumb label-text=\"Breadcrumb\" slot=\"breadcrumbs\" type='2' align='left' wrap='wrapped wrapped' aria-label='Vienes de Comit\u00e9 de Direcci\u00f3n'>\n                        <ol>\n\n                                                            <li><a href=\"https:\/\/www.ferrovial.com\/es\/\" title=\"Ferrovial\">Ferrovial<\/a><\/li>\n                                                                        <li><a href=\"https:\/\/www.ferrovial.com\/es\/compania\/\" title=\"Sobre nosotros\">Sobre nosotros<\/a><\/li>\n                                                                        <li><a href=\"https:\/\/www.ferrovial.com\/es\/compania\/sobre-nosotros\/\" title=\"Nuestra compa\u00f1\u00eda\">Nuestra compa\u00f1\u00eda<\/a><\/li>\n                                                                        <li><a href=\"https:\/\/www.ferrovial.com\/es\/compania\/sobre-nosotros\/comite-direccion\/\" title=\"Comit\u00e9 de Direcci\u00f3n\">Comit\u00e9 de Direcci\u00f3n<\/a><\/li>\n                                    \n                <\/ol>\n\n                <\/c-breadcrumb>\n    \n        <div slot=\"header\">\n            <h1>\n                Consejero Delegado de Cintra            <\/h1>\n                    <\/div>\n    <\/m-final-content-header>\n\n    \n\n\n<m-wysiwig class=\"wp-block-components-wysiwyg\"><div slot=\"maincontent\">\n<h2 class=\"wp-block-heading\">Andr\u00e9s Sacrist\u00e1n <\/h2>\n\n\n\n<figure class=\"wp-block-image size-large\"><img v-lazy=\"'https:\/\/static.ferrovial.com\/wp-content\/uploads\/2022\/02\/10173717\/ferrovial2021-andressacristannanigutierrez-01-819x1024.jpg'\" alt=\"\" class=\"wp-image-215097\"\/><\/figure>\n\n\n\n<p>Ingeniero de Caminos, Canales y Puertos por la Universidad Polit\u00e9cnica de Madrid, Andr\u00e9s Sacrist\u00e1n se uni\u00f3 a Cintra en 2001. Comenz\u00f3 su carrera en la compa\u00f1\u00eda en la divisi\u00f3n de aparcamientos donde tras varias posiciones fue Director de Desarrollo, pasando posteriormente al \u00e1rea de autopistas de Cintra, ocupando el cargo de Director de Operaciones de Eurolink M4 y posteriormente Director General de la Radial 4 en Espa\u00f1a. <\/p>\n\n\n\n<p>En 2010 fue nombrado Director de Espa\u00f1a y miembro del Comit\u00e9 de Direcci\u00f3n de Cintra. Tres a\u00f1os despu\u00e9s, en 2013, fue nombrado director de Europa, asumiendo adem\u00e1s desde 2015 el negocio en los nuevos mercados de Australia y Colombia. En 2017 da el salto a Norteam\u00e9rica, principal mercado de la compa\u00f1\u00eda. <\/p>\n\n\n\n<p>Desde entonces, asume nuevas responsabilidades al ser nombrado Consejero Delegado de la autopista 407 ETR, en Toronto (Canad\u00e1). En 2020 Andr\u00e9s Sacrist\u00e1n inicia una nueva etapa, asumiendo la direcci\u00f3n de Cintra en Estados Unidos, donde la empresa tiene cinco Managed Lanes, sus activos m\u00e1s innovadores. En 2021, es nombrado CEO de Cintra.<\/p>\n<\/div><\/m-wysiwig>\n","protected":false},"excerpt":{"rendered":"","protected":false},"featured_media":0,"parent":18205,"menu_order":0,"comment_status":"closed","ping_status":"closed","template":"","meta":{"_acf_changed":false,"footnotes":""},"class_list":["post-18246","page","type-page","status-publish","hentry"],"acf":[],"yoast_head":"<!-- This site is optimized with the Yoast SEO plugin v27.2 - https:\/\/yoast.com\/product\/yoast-seo-wordpress\/ -->\n<title>Andr\u00e9s Sacrist\u00e1n, Consejero Delegado de Cintra<\/title>\n<meta name=\"description\" content=\"Ingeniero de Caminos, Canales y Puertos por la Universidad Polit\u00e9cnica de Madrid. Se uni\u00f3 a Cintra en 2001.\" \/>\n<meta name=\"robots\" content=\"index, follow, max-snippet:-1, max-image-preview:large, max-video-preview:-1\" \/>\n<link rel=\"canonical\" href=\"https:\/\/www.ferrovial.com\/es\/compania\/sobre-nosotros\/comite-direccion\/cd-cintra\/\" \/>\n<meta property=\"og:locale\" content=\"es_ES\" \/>\n<meta property=\"og:type\" content=\"article\" \/>\n<meta property=\"og:title\" content=\"Andr\u00e9s Sacrist\u00e1n, Consejero Delegado de Cintra\" \/>\n<meta property=\"og:description\" content=\"Ingeniero de Caminos, Canales y Puertos por la Universidad Polit\u00e9cnica de Madrid. Se uni\u00f3 a Cintra en 2001.\" \/>\n<meta property=\"og:url\" content=\"https:\/\/www.ferrovial.com\/es\/compania\/sobre-nosotros\/comite-direccion\/cd-cintra\/\" \/>\n<meta property=\"og:site_name\" content=\"Ferrovial\" \/>\n<meta property=\"article:publisher\" content=\"https:\/\/www.facebook.com\/ferrovial\" \/>\n<meta property=\"article:modified_time\" content=\"2022-02-18T13:03:58+00:00\" \/>\n<meta property=\"og:image\" content=\"https:\/\/www.ferrovial.com\/wp-content\/uploads\/2022\/02\/ferrovial2021-andressacristannanigutierrez-01-819x1024.jpg\" \/>\n<meta name=\"twitter:card\" content=\"summary_large_image\" \/>\n<meta name=\"twitter:site\" content=\"@ferrovial\" \/>\n<meta name=\"twitter:label1\" content=\"Est. reading time\" \/>\n\t<meta name=\"twitter:data1\" content=\"1 minuto\" \/>\n<!-- \/ Yoast SEO plugin. -->","yoast_head_json":{"title":"Andr\u00e9s Sacrist\u00e1n, Consejero Delegado de Cintra","description":"Ingeniero de Caminos, Canales y Puertos por la Universidad Polit\u00e9cnica de Madrid. Se uni\u00f3 a Cintra en 2001.","robots":{"index":"index","follow":"follow","max-snippet":"max-snippet:-1","max-image-preview":"max-image-preview:large","max-video-preview":"max-video-preview:-1"},"canonical":"https:\/\/www.ferrovial.com\/es\/compania\/sobre-nosotros\/comite-direccion\/cd-cintra\/","og_locale":"es_ES","og_type":"article","og_title":"Andr\u00e9s Sacrist\u00e1n, Consejero Delegado de Cintra","og_description":"Ingeniero de Caminos, Canales y Puertos por la Universidad Polit\u00e9cnica de Madrid. Se uni\u00f3 a Cintra en 2001.","og_url":"https:\/\/www.ferrovial.com\/es\/compania\/sobre-nosotros\/comite-direccion\/cd-cintra\/","og_site_name":"Ferrovial","article_publisher":"https:\/\/www.facebook.com\/ferrovial","article_modified_time":"2022-02-18T13:03:58+00:00","og_image":[{"url":"https:\/\/www.ferrovial.com\/wp-content\/uploads\/2022\/02\/ferrovial2021-andressacristannanigutierrez-01-819x1024.jpg","type":"","width":"","height":""}],"twitter_card":"summary_large_image","twitter_site":"@ferrovial","twitter_misc":{"Est. reading time":"1 minuto"},"schema":{"@context":"https:\/\/schema.org","@graph":[{"@type":"WebPage","@id":"https:\/\/www.ferrovial.com\/es\/compania\/sobre-nosotros\/comite-direccion\/cd-cintra\/","url":"https:\/\/www.ferrovial.com\/es\/compania\/sobre-nosotros\/comite-direccion\/cd-cintra\/","name":"Andr\u00e9s Sacrist\u00e1n, Consejero Delegado de Cintra","isPartOf":{"@id":"https:\/\/www.ferrovial.com\/es\/#website"},"primaryImageOfPage":{"@id":"https:\/\/www.ferrovial.com\/es\/compania\/sobre-nosotros\/comite-direccion\/cd-cintra\/#primaryimage"},"image":{"@id":"https:\/\/www.ferrovial.com\/es\/compania\/sobre-nosotros\/comite-direccion\/cd-cintra\/#primaryimage"},"thumbnailUrl":"https:\/\/www.ferrovial.com\/wp-content\/uploads\/2022\/02\/ferrovial2021-andressacristannanigutierrez-01-819x1024.jpg","datePublished":"2019-09-05T10:33:40+00:00","dateModified":"2022-02-18T13:03:58+00:00","description":"Ingeniero de Caminos, Canales y Puertos por la Universidad Polit\u00e9cnica de Madrid. Se uni\u00f3 a Cintra en 2001.","breadcrumb":{"@id":"https:\/\/www.ferrovial.com\/es\/compania\/sobre-nosotros\/comite-direccion\/cd-cintra\/#breadcrumb"},"inLanguage":"es","potentialAction":[{"@type":"ReadAction","target":["https:\/\/www.ferrovial.com\/es\/compania\/sobre-nosotros\/comite-direccion\/cd-cintra\/"]}]},{"@type":"ImageObject","inLanguage":"es","@id":"https:\/\/www.ferrovial.com\/es\/compania\/sobre-nosotros\/comite-direccion\/cd-cintra\/#primaryimage","url":"https:\/\/www.ferrovial.com\/wp-content\/uploads\/2022\/02\/ferrovial2021-andressacristannanigutierrez-01-819x1024.jpg","contentUrl":"https:\/\/www.ferrovial.com\/wp-content\/uploads\/2022\/02\/ferrovial2021-andressacristannanigutierrez-01-819x1024.jpg"},{"@type":"BreadcrumbList","@id":"https:\/\/www.ferrovial.com\/es\/compania\/sobre-nosotros\/comite-direccion\/cd-cintra\/#breadcrumb","itemListElement":[{"@type":"ListItem","position":1,"name":"Portada","item":"https:\/\/www.ferrovial.com\/es\/"},{"@type":"ListItem","position":2,"name":"Sobre nosotros","item":"https:\/\/www.ferrovial.com\/es\/compania\/"},{"@type":"ListItem","position":3,"name":"Nuestra compa\u00f1\u00eda","item":"https:\/\/www.ferrovial.com\/es\/compania\/sobre-nosotros\/"},{"@type":"ListItem","position":4,"name":"Comit\u00e9 de Direcci\u00f3n","item":"https:\/\/www.ferrovial.com\/es\/compania\/sobre-nosotros\/comite-direccion\/"},{"@type":"ListItem","position":5,"name":"Andr\u00e9s Sacrist\u00e1n, Consejero Delegado de Cintra"}]},{"@type":"WebSite","@id":"https:\/\/www.ferrovial.com\/es\/#website","url":"https:\/\/www.ferrovial.com\/es\/","name":"Ferrovial","description":"Welcome to the Ferrovial&#039;s website, global operator of sustainable infrastructure. Here you can find all the information about the company and subsidiaries.","publisher":{"@id":"https:\/\/www.ferrovial.com\/es\/#organization"},"potentialAction":[{"@type":"SearchAction","target":{"@type":"EntryPoint","urlTemplate":"https:\/\/www.ferrovial.com\/es\/?s={search_term_string}"},"query-input":{"@type":"PropertyValueSpecification","valueRequired":true,"valueName":"search_term_string"}}],"inLanguage":"es"},{"@type":"Organization","@id":"https:\/\/www.ferrovial.com\/es\/#organization","name":"Ferrovial S.A.","url":"https:\/\/www.ferrovial.com\/es\/","logo":{"@type":"ImageObject","inLanguage":"es","@id":"https:\/\/www.ferrovial.com\/es\/#\/schema\/logo\/image\/","url":"https:\/\/static.ferrovial.com\/wp-content\/uploads\/2020\/01\/13124948\/logo-ferrovial-cf7.png","contentUrl":"https:\/\/static.ferrovial.com\/wp-content\/uploads\/2020\/01\/13124948\/logo-ferrovial-cf7.png","width":144,"height":32,"caption":"Ferrovial S.A."},"image":{"@id":"https:\/\/www.ferrovial.com\/es\/#\/schema\/logo\/image\/"},"sameAs":["https:\/\/www.facebook.com\/ferrovial","https:\/\/x.com\/ferrovial","https:\/\/www.instagram.com\/ferrovial\/","https:\/\/www.linkedin.com\/company\/ferrovial","https:\/\/www.pinterest.es\/ferrovial\/","https:\/\/www.youtube.com\/ferrovial","https:\/\/en.wikipedia.org\/wiki\/Ferrovial"]}]}},"_links":{"self":[{"href":"https:\/\/www.ferrovial.com\/es\/wp-json\/wp\/v2\/pages\/18246","targetHints":{"allow":["GET"]}}],"collection":[{"href":"https:\/\/www.ferrovial.com\/es\/wp-json\/wp\/v2\/pages"}],"about":[{"href":"https:\/\/www.ferrovial.com\/es\/wp-json\/wp\/v2\/types\/page"}],"replies":[{"embeddable":true,"href":"https:\/\/www.ferrovial.com\/es\/wp-json\/wp\/v2\/comments?post=18246"}],"version-history":[{"count":3,"href":"https:\/\/www.ferrovial.com\/es\/wp-json\/wp\/v2\/pages\/18246\/revisions"}],"predecessor-version":[{"id":215606,"href":"https:\/\/www.ferrovial.com\/es\/wp-json\/wp\/v2\/pages\/18246\/revisions\/215606"}],"up":[{"embeddable":true,"href":"https:\/\/www.ferrovial.com\/es\/wp-json\/wp\/v2\/pages\/18205"}],"wp:attachment":[{"href":"https:\/\/www.ferrovial.com\/es\/wp-json\/wp\/v2\/media?parent=18246"}],"curies":[{"name":"wp","href":"https:\/\/api.w.org\/{rel}","templated":true}]}}