{"id":18445,"date":"2019-09-05T13:11:24","date_gmt":"2019-09-05T11:11:24","guid":{"rendered":"https:\/\/www.ferrovial.com\/?page_id=18445"},"modified":"2021-06-02T10:33:32","modified_gmt":"2021-06-02T08:33:32","slug":"asfalto","status":"publish","type":"page","link":"https:\/\/www.ferrovial.com\/es\/recursos\/asfalto\/","title":{"rendered":"Asfalto"},"content":{"rendered":"    <m-final-content-header >\n            <c-breadcrumb label-text=\"Breadcrumb\" slot=\"breadcrumbs\" type='2' align='left' wrap='wrapped wrapped' aria-label='Vienes de Recursos'>\n                        <ol>\n\n                                                            <li><a href=\"https:\/\/www.ferrovial.com\/es\/\" title=\"Ferrovial\">Ferrovial<\/a><\/li>\n                                                                        <li><a href=\"https:\/\/www.ferrovial.com\/es\/recursos\/\" title=\"Recursos\">Recursos<\/a><\/li>\n                                    \n                <\/ol>\n\n                <\/c-breadcrumb>\n    \n        <div slot=\"header\">\n            <h1>\n                Asfalto            <\/h1>\n                    <\/div>\n    <\/m-final-content-header>\n\n    \n\n\n<p><script type=\"application\/ld+json\">\n{\n  \"@context\": \"https:\/\/schema.org\",\n  \"@type\": \"FAQPage\",\n  \"mainEntity\": [{\n    \"@type\": \"Question\",\n    \"name\": \"\u00bfQu\u00e9 es el asfalto?\",\n    \"acceptedAnswer\": {\n      \"@type\": \"Answer\",\n      \"text\": \"El asfalto es una sustancia natural que empez\u00f3 a usarse como material de construcci\u00f3n en la antigua Mesopotamia. Sabemos, gracias a libros como el Antiguo Testamento, que sus propiedades impermeabilizantes ayudaban a calafatear los barcos. En la actualidad casi todo el que utilizamos es artificial.\"\n    }\n  },{\n    \"@type\": \"Question\",\n    \"name\": \"\u00bfCu\u00e1les son las propiedades del asfalto?\",\n    \"acceptedAnswer\": {\n      \"@type\": \"Answer\",\n      \"text\": \"Las propiedades del asfalto \u2014el hecho de que sea impermeable, adherente y cohesivo, o resiliente ante esfuerzos puntuales\u2014 hacen que sea ideal a la hora de convertirse en el contacto entre las autopistas y los neum\u00e1ticos. Su adherencia hace que estos \u00faltimos se agarren con firmeza, aumentando la seguridad al volante, especialmente en veh\u00edculos como motos.\"\n    }\n  },{\n    \"@type\": \"Question\",\n    \"name\": \"\u00bfQu\u00e9 usos tiene el asfalto?\",\n    \"acceptedAnswer\": {\n      \"@type\": \"Answer\",\n      \"text\": \"En materia de infraestructuras su principal uso es pavimentar carreteras, autopistas, autov\u00edas y espacios como pistas de aeropuerto. Tambi\u00e9n es frecuente su uso como revestimiento de superficies de canales y presas o para impermeabilizar obras civiles.\"\n    }\n  }]\n}\n<\/script><\/p>\n\n\n\n<m-wysiwig class=\"wp-block-components-wysiwyg\"><div slot=\"maincontent\">\n<h2 class=\"wp-block-heading\">\u00bfQu\u00e9 es el asfalto?<\/h2>\n\n\n\n<p>El asfalto es una sustancia natural que empez\u00f3 a usarse como material de construcci\u00f3n en la antigua Mesopotamia. Sabemos, gracias a libros como el Antiguo Testamento, que sus propiedades impermeabilizantes ayudaban a calafatear los barcos. En la actualidad casi todo el que utilizamos es artificial.<\/p>\n\n\n\n<h2 class=\"wp-block-heading\">\u00bfCu\u00e1les son las propiedades del asfalto?<\/h2>\n\n\n\n<p>Las propiedades del asfalto \u2014el hecho de que sea <strong>impermeable<\/strong>, adherente y cohesivo, o <strong>resiliente ante esfuerzos puntuales<\/strong>\u2014 hacen que sea ideal a la hora de convertirse en el contacto entre las autopistas y los neum\u00e1ticos. Su adherencia hace que estos \u00faltimos se agarren con firmeza, aumentando la seguridad al volante, especialmente en veh\u00edculos como motos.<\/p>\n\n\n\n<p>Con respecto a la <strong>impermeabilizaci\u00f3n<\/strong>, el asfalto aumenta notablemente la duraci\u00f3n de los caminos. El agua y la humedad no penetran en \u00e9l como s\u00ed lo hacen en otros materiales, agriet\u00e1ndolos y generando peligrosos desperfectos r\u00e1pidamente.  A esta ventaja se suma la <strong>cohesi\u00f3n<\/strong> mencionada arriba, puesto que es f\u00e1cil reparar un boquete en carretera, y el parche aumenta su durabilidad. <br><br>Tampoco sufre en exceso al transitar veh\u00edculos de gran tonelaje, aunque las diferentes capas que conforman la carretera tienen una carga m\u00e1xima que ha de respetarse. Normalmente esta medida gira en torno a unidades de presi\u00f3n traducida a masas y ejes de los veh\u00edculos. En otras palabras, es&nbsp;<strong>un material que resiste acelerones y frenazos de grandes veh\u00edculos<\/strong>. Aunque no lo veamos, el asfalto se deforma y fluye. <\/p>\n\n\n\n<h2 class=\"wp-block-heading\">\u00bfQu\u00e9 usos tiene el asfalto?<\/h2>\n\n\n\n<p>En materia de infraestructuras su principal <strong>uso es pavimentar carreteras, autopistas, autov\u00edas y espacios como pistas de aeropuerto<\/strong>. Tambi\u00e9n es frecuente su uso como <strong>revestimiento de superficies de canales y presas<\/strong> o para <strong>impermeabilizar obras civiles.<\/strong><\/p>\n\n\n\n<p>Ditecpesa, en su laboratorio propio, trabaja en materia de I+D+ con el objetivo de dar con los productos asf\u00e1lticos que mejor se adapten a las diferentes condiciones de la v\u00eda (estas no son iguales en todos los pa\u00edses), as\u00ed como en minimizar el impacto ambiental de la producci\u00f3n, vertido y mantenimiento de los diferentes betunes y emulsiones.<\/p>\n<\/div><\/m-wysiwig>\n","protected":false},"excerpt":{"rendered":"","protected":false},"featured_media":0,"parent":25267,"menu_order":0,"comment_status":"closed","ping_status":"closed","template":"","meta":{"_acf_changed":false,"footnotes":""},"class_list":["post-18445","page","type-page","status-publish","hentry"],"acf":[],"yoast_head":"<!-- This site is optimized with the Yoast SEO plugin v27.2 - https:\/\/yoast.com\/product\/yoast-seo-wordpress\/ -->\n<title>Asfalto: qu\u00e9 es, qu\u00e9 propiedades y usos tiene - Ferrovial<\/title>\n<meta name=\"description\" content=\"El asfalto es una sustancia con propiedades interesantes a la hora de pavimentar autopistas y pistas aeroportuarias, o impermeabilizar obras. Descubre c\u00f3mo ...\" \/>\n<meta name=\"robots\" content=\"index, follow, max-snippet:-1, max-image-preview:large, max-video-preview:-1\" \/>\n<link rel=\"canonical\" href=\"https:\/\/www.ferrovial.com\/es\/recursos\/asfalto\/\" \/>\n<meta property=\"og:locale\" content=\"es_ES\" \/>\n<meta property=\"og:type\" content=\"article\" \/>\n<meta property=\"og:title\" content=\"Asfalto: qu\u00e9 es, qu\u00e9 propiedades y usos tiene - Ferrovial\" \/>\n<meta property=\"og:description\" content=\"El asfalto es una sustancia con propiedades interesantes a la hora de pavimentar autopistas y pistas aeroportuarias, o impermeabilizar obras. Descubre c\u00f3mo ...\" \/>\n<meta property=\"og:url\" content=\"https:\/\/www.ferrovial.com\/es\/recursos\/asfalto\/\" \/>\n<meta property=\"og:site_name\" content=\"Ferrovial\" \/>\n<meta property=\"article:publisher\" content=\"https:\/\/www.facebook.com\/ferrovial\" \/>\n<meta property=\"article:modified_time\" content=\"2021-06-02T08:33:32+00:00\" \/>\n<meta name=\"twitter:card\" content=\"summary_large_image\" \/>\n<meta name=\"twitter:site\" content=\"@ferrovial\" \/>\n<meta name=\"twitter:label1\" content=\"Est. reading time\" \/>\n\t<meta name=\"twitter:data1\" content=\"3 minutos\" \/>\n<!-- \/ Yoast SEO plugin. -->","yoast_head_json":{"title":"Asfalto: qu\u00e9 es, qu\u00e9 propiedades y usos tiene - Ferrovial","description":"El asfalto es una sustancia con propiedades interesantes a la hora de pavimentar autopistas y pistas aeroportuarias, o impermeabilizar obras. Descubre c\u00f3mo ...","robots":{"index":"index","follow":"follow","max-snippet":"max-snippet:-1","max-image-preview":"max-image-preview:large","max-video-preview":"max-video-preview:-1"},"canonical":"https:\/\/www.ferrovial.com\/es\/recursos\/asfalto\/","og_locale":"es_ES","og_type":"article","og_title":"Asfalto: qu\u00e9 es, qu\u00e9 propiedades y usos tiene - Ferrovial","og_description":"El asfalto es una sustancia con propiedades interesantes a la hora de pavimentar autopistas y pistas aeroportuarias, o impermeabilizar obras. Descubre c\u00f3mo ...","og_url":"https:\/\/www.ferrovial.com\/es\/recursos\/asfalto\/","og_site_name":"Ferrovial","article_publisher":"https:\/\/www.facebook.com\/ferrovial","article_modified_time":"2021-06-02T08:33:32+00:00","twitter_card":"summary_large_image","twitter_site":"@ferrovial","twitter_misc":{"Est. reading time":"3 minutos"},"schema":{"@context":"https:\/\/schema.org","@graph":[{"@type":"WebPage","@id":"https:\/\/www.ferrovial.com\/es\/recursos\/asfalto\/","url":"https:\/\/www.ferrovial.com\/es\/recursos\/asfalto\/","name":"Asfalto: qu\u00e9 es, qu\u00e9 propiedades y usos tiene - Ferrovial","isPartOf":{"@id":"https:\/\/www.ferrovial.com\/es\/#website"},"datePublished":"2019-09-05T11:11:24+00:00","dateModified":"2021-06-02T08:33:32+00:00","description":"El asfalto es una sustancia con propiedades interesantes a la hora de pavimentar autopistas y pistas aeroportuarias, o impermeabilizar obras. Descubre c\u00f3mo ...","breadcrumb":{"@id":"https:\/\/www.ferrovial.com\/es\/recursos\/asfalto\/#breadcrumb"},"inLanguage":"es","potentialAction":[{"@type":"ReadAction","target":["https:\/\/www.ferrovial.com\/es\/recursos\/asfalto\/"]}]},{"@type":"BreadcrumbList","@id":"https:\/\/www.ferrovial.com\/es\/recursos\/asfalto\/#breadcrumb","itemListElement":[{"@type":"ListItem","position":1,"name":"Portada","item":"https:\/\/www.ferrovial.com\/es\/"},{"@type":"ListItem","position":2,"name":"Recursos","item":"https:\/\/www.ferrovial.com\/es\/recursos\/"},{"@type":"ListItem","position":3,"name":"Asfalto"}]},{"@type":"WebSite","@id":"https:\/\/www.ferrovial.com\/es\/#website","url":"https:\/\/www.ferrovial.com\/es\/","name":"Ferrovial","description":"Welcome to the Ferrovial&#039;s website, global operator of sustainable infrastructure. Here you can find all the information about the company and subsidiaries.","publisher":{"@id":"https:\/\/www.ferrovial.com\/es\/#organization"},"potentialAction":[{"@type":"SearchAction","target":{"@type":"EntryPoint","urlTemplate":"https:\/\/www.ferrovial.com\/es\/?s={search_term_string}"},"query-input":{"@type":"PropertyValueSpecification","valueRequired":true,"valueName":"search_term_string"}}],"inLanguage":"es"},{"@type":"Organization","@id":"https:\/\/www.ferrovial.com\/es\/#organization","name":"Ferrovial S.A.","url":"https:\/\/www.ferrovial.com\/es\/","logo":{"@type":"ImageObject","inLanguage":"es","@id":"https:\/\/www.ferrovial.com\/es\/#\/schema\/logo\/image\/","url":"https:\/\/static.ferrovial.com\/wp-content\/uploads\/2020\/01\/13124948\/logo-ferrovial-cf7.png","contentUrl":"https:\/\/static.ferrovial.com\/wp-content\/uploads\/2020\/01\/13124948\/logo-ferrovial-cf7.png","width":144,"height":32,"caption":"Ferrovial S.A."},"image":{"@id":"https:\/\/www.ferrovial.com\/es\/#\/schema\/logo\/image\/"},"sameAs":["https:\/\/www.facebook.com\/ferrovial","https:\/\/x.com\/ferrovial","https:\/\/www.instagram.com\/ferrovial\/","https:\/\/www.linkedin.com\/company\/ferrovial","https:\/\/www.pinterest.es\/ferrovial\/","https:\/\/www.youtube.com\/ferrovial","https:\/\/en.wikipedia.org\/wiki\/Ferrovial"]}]}},"_links":{"self":[{"href":"https:\/\/www.ferrovial.com\/es\/wp-json\/wp\/v2\/pages\/18445","targetHints":{"allow":["GET"]}}],"collection":[{"href":"https:\/\/www.ferrovial.com\/es\/wp-json\/wp\/v2\/pages"}],"about":[{"href":"https:\/\/www.ferrovial.com\/es\/wp-json\/wp\/v2\/types\/page"}],"replies":[{"embeddable":true,"href":"https:\/\/www.ferrovial.com\/es\/wp-json\/wp\/v2\/comments?post=18445"}],"version-history":[{"count":3,"href":"https:\/\/www.ferrovial.com\/es\/wp-json\/wp\/v2\/pages\/18445\/revisions"}],"predecessor-version":[{"id":199882,"href":"https:\/\/www.ferrovial.com\/es\/wp-json\/wp\/v2\/pages\/18445\/revisions\/199882"}],"up":[{"embeddable":true,"href":"https:\/\/www.ferrovial.com\/es\/wp-json\/wp\/v2\/pages\/25267"}],"wp:attachment":[{"href":"https:\/\/www.ferrovial.com\/es\/wp-json\/wp\/v2\/media?parent=18445"}],"curies":[{"name":"wp","href":"https:\/\/api.w.org\/{rel}","templated":true}]}}