{"id":18451,"date":"2019-09-05T13:11:55","date_gmt":"2019-09-05T11:11:55","guid":{"rendered":"https:\/\/www.ferrovial.com\/?page_id=18451"},"modified":"2021-09-21T17:07:39","modified_gmt":"2021-09-21T15:07:39","slug":"hormigon-postesado","status":"publish","type":"page","link":"https:\/\/www.ferrovial.com\/es\/recursos\/hormigon-postesado\/","title":{"rendered":"Hormig\u00f3n postesado"},"content":{"rendered":"    <m-final-content-header >\n            <c-breadcrumb label-text=\"Breadcrumb\" slot=\"breadcrumbs\" type='2' align='left' wrap='wrapped wrapped' aria-label='Vienes de Recursos'>\n                        <ol>\n\n                                                            <li><a href=\"https:\/\/www.ferrovial.com\/es\/\" title=\"Ferrovial\">Ferrovial<\/a><\/li>\n                                                                        <li><a href=\"https:\/\/www.ferrovial.com\/es\/recursos\/\" title=\"Recursos\">Recursos<\/a><\/li>\n                                    \n                <\/ol>\n\n                <\/c-breadcrumb>\n    \n        <div slot=\"header\">\n            <h1>\n                Hormig\u00f3n postesado            <\/h1>\n                    <\/div>\n    <\/m-final-content-header>\n\n    \n\n\n<p><script type=\"application\/ld+json\">\n{\n  \"@context\": \"https:\/\/schema.org\",\n  \"@type\": \"FAQPage\",\n  \"mainEntity\": [{\n    \"@type\": \"Question\",\n    \"name\": \"\u00bfQu\u00e9 es el hormig\u00f3n postesado?\",\n    \"acceptedAnswer\": {\n      \"@type\": \"Answer\",\n      \"text\": \"T\u00e9cnica que favorece la durabilidad de las construcciones al aproximar el hormig\u00f3n a sus cargas \u00f3ptimas.\"\n    }\n  },{\n    \"@type\": \"Question\",\n    \"name\": \"\u00bfQu\u00e9 diferencia hay entre el hormig\u00f3n pretensado y el postesado?\",\n    \"acceptedAnswer\": {\n      \"@type\": \"Answer\",\n      \"text\": \"Mientras que el hormig\u00f3n pretensado ejecuta el tensado en f\u00e1brica y luego se transporta, el sistema postesado realiza el tesado in situ, en la obra, una vez est\u00e1 encofrado.\"\n    }\n  },{\n    \"@type\": \"Question\",\n    \"name\": \"\u00bfC\u00f3mo se lleva a cabo el sistema de postesado general ?\",\n    \"acceptedAnswer\": {\n      \"@type\": \"Answer\",\n      \"text\": \"'<ol>'\n   '<li>'Se coloca la ferralla (la estructura al\u00e1mbrica) de la futura viga de hormig\u00f3n en el lugar de la construcci\u00f3n que ocupar\u00e1.'<\/li>'\n   '<li>'Se tiende la vaina (conducto corrugado vac\u00edo generalmente de acero galvanizado) a lo largo y por el interior de esta ferralla'<\/li>'\n   '<li>'tener en cuenta que si la viga es muy esbelta, este conducto vac\u00edo (vaina) deber\u00e1 ser achatado en lugar de circular'<\/li>'\n '<li>'Se encofra y vierte el hormig\u00f3n mientras se enfila el cable de postesado a trav\u00e9s de la vaina'<\/li>'\n '<li>'se procede a tesar desde los extremos libres del cable, ya sea uno o dos.'<\/li>'\n'<\/ol>'\"\n    }\n  }]\n}\n<\/script><\/p>\n\n\n\n<m-wysiwig class=\"wp-block-components-wysiwyg\"><div slot=\"maincontent\">\n<h2 class=\"wp-block-heading\">\u00bfQu\u00e9 es el hormig\u00f3n postesado?<\/h2>\n\n\n\n<p>T\u00e9cnica que favorece la durabilidad de las construcciones al aproximar el hormig\u00f3n a sus cargas \u00f3ptimas.<\/p>\n\n\n\n<p>El hormig\u00f3n es un elemento de&nbsp;<a title=\"C\u00f3mo las g\u00e1rgolas y pin\u00e1culos salvaron la arquitectura g\u00f3tica - Ferrovial Blog\" aria-label=\" (opens in a new tab)\" href=\"https:\/\/www.ferrovial.com\/blog\/es\/2016\/11\/como-las-gargolas-y-pinaculos-salvaron-la-arquitectura-gotica\/\" target=\"_blank\" rel=\"dofollow noopener noreferrer\">construcci\u00f3n de f\u00e1brica<\/a>&nbsp;y como tal, trabaja muy bien a compresi\u00f3n. Esta es la raz\u00f3n por la que en construcci\u00f3n y edificaci\u00f3n civil se realizan t\u00e9cnicas como la del&nbsp;<strong>hormig\u00f3n pretensado y el&nbsp;hormig\u00f3n postesado<\/strong>&nbsp;(sin \u201cn\u201d), de forma que el material se somete a cargas internas a\u00f1adidas que mejoran sus propiedades finales. Esto mejora la calidad final y la vida \u00fatil.<\/p>\n\n\n\n<h2 class=\"wp-block-heading\">\u00bfQu\u00e9 diferencia hay entre el hormig\u00f3n pretensado y el postesado?<\/h2>\n\n\n\n<p>Mientras que el hormig\u00f3n <strong>pretensado <\/strong>ejecuta el tensado en f\u00e1brica y luego se transporta, el sistema <strong>postesado <\/strong>realiza el tesado&nbsp;<em>in situ<\/em>, en la obra, una vez est\u00e1 encofrado. En ambos sistemas, se usan barras, alambres o cables para que aporten las tensiones de compresi\u00f3n dentro del hormig\u00f3n antes de su puesta en servicio.  <\/p>\n\n\n\n<h2 class=\"wp-block-heading\">\u00bfC\u00f3mo se lleva a cabo el <strong>sistema de postesado general <\/strong>?<\/h2>\n\n\n\n<ol class=\"wp-block-list\"><li><strong>Se coloca la ferralla (la estructura al\u00e1mbrica)<\/strong> de la futura viga de hormig\u00f3n en el lugar de la construcci\u00f3n que ocupar\u00e1.<\/li><li>Se tiende la <strong>vaina<\/strong> (conducto corrugado vac\u00edo generalmente de acero galvanizado) a lo largo y por el interior de esta ferralla, de forma que este siga una geometr\u00eda \u00f3ptima para el trabajo estructural que tendr\u00e1 lugar. Suele hacer de nervio central para minimizar pandeos. <\/li><li>Hay que tener en cuenta que si la viga es muy esbelta, este conducto vac\u00edo (vaina) deber\u00e1 ser achatado en lugar de circular. As\u00ed el nervio vac\u00edo ocupar\u00e1 menos \u00e1rea en secci\u00f3n.<\/li><li>Se encofra y vierte el hormig\u00f3n mientras se enfila&nbsp;<strong>el cable de postesado<\/strong>&nbsp;a trav\u00e9s de la vaina. Durante este proceso puede fijarse el cable en uno de los extremos de la viga (anclaje pasivo) o bien dejar ambos libres (activos).<\/li><li>Cuando el hormig\u00f3n de la viga haya fraguado lo suficiente, y con ello alcance ciertas propiedades caracter\u00edsticas del material, se procede a tesar desde los extremos libres del cable, ya sea uno o dos.<\/li><\/ol>\n\n\n\n<h2 class=\"wp-block-heading\">\u00bfPara qu\u00e9 construcciones est\u00e1 especialmente indicado el hormig\u00f3n postesado? <\/h2>\n\n\n\n<p>El postesado es particularmente \u00fatil en edificaci\u00f3n singular como puentes, viaductos o aeropuertos. Se debe a que este tipo de construcciones civiles hacen uso de grandes elementos que son dif\u00edciles de transportar en caso de venir pretensados. Por ello, la tecnolog\u00eda de postesado&nbsp;<a aria-label=\" (opens in a new tab)\" rel=\"dofollow noopener noreferrer\" href=\"http:\/\/e-ache.com\/modules\/ache\/ficheros\/Realizaciones\/Obra105.pdf\" target=\"_blank\">est\u00e1 siendo muy usada<\/a> en&nbsp;<a href=\"https:\/\/www.ferrovial.com\/es-es\/tecpresa\/\">Tecpresa<\/a>.<\/p>\n\n\n\n<p>Se usa con frecuencia en puentes o estructuras que cuentan con apoyos muy distantes entre s\u00ed. Aunque cada vez, es m\u00e1s com\u00fan encontrar postesado en losas de cimentaci\u00f3n y edificaci\u00f3n.<\/p>\n<\/div><\/m-wysiwig>\n","protected":false},"excerpt":{"rendered":"","protected":false},"featured_media":0,"parent":25267,"menu_order":0,"comment_status":"closed","ping_status":"closed","template":"","meta":{"_acf_changed":false,"footnotes":""},"class_list":["post-18451","page","type-page","status-publish","hentry"],"acf":[],"yoast_head":"<!-- This site is optimized with the Yoast SEO plugin v27.2 - https:\/\/yoast.com\/product\/yoast-seo-wordpress\/ -->\n<title>Hormig\u00f3n postesado y pretensado - Diferencias - Ferrovial<\/title>\n<meta name=\"description\" content=\"El hormig\u00f3n postesado es un tipo de t\u00e9cnica que favorece la durabilidad de las construcciones al aproximar el hormig\u00f3n a sus cargas \u00f3ptimas. Descubre c\u00f3mo ...\" \/>\n<meta name=\"robots\" content=\"index, follow, max-snippet:-1, max-image-preview:large, max-video-preview:-1\" \/>\n<link rel=\"canonical\" href=\"https:\/\/www.ferrovial.com\/es\/recursos\/hormigon-postesado\/\" \/>\n<meta property=\"og:locale\" content=\"es_ES\" \/>\n<meta property=\"og:type\" content=\"article\" \/>\n<meta property=\"og:title\" content=\"Hormig\u00f3n postesado y pretensado - Diferencias - Ferrovial\" \/>\n<meta property=\"og:description\" content=\"El hormig\u00f3n postesado es un tipo de t\u00e9cnica que favorece la durabilidad de las construcciones al aproximar el hormig\u00f3n a sus cargas \u00f3ptimas. Descubre c\u00f3mo ...\" \/>\n<meta property=\"og:url\" content=\"https:\/\/www.ferrovial.com\/es\/recursos\/hormigon-postesado\/\" \/>\n<meta property=\"og:site_name\" content=\"Ferrovial\" \/>\n<meta property=\"article:publisher\" content=\"https:\/\/www.facebook.com\/ferrovial\" \/>\n<meta property=\"article:modified_time\" content=\"2021-09-21T15:07:39+00:00\" \/>\n<meta name=\"twitter:card\" content=\"summary_large_image\" \/>\n<meta name=\"twitter:site\" content=\"@ferrovial\" \/>\n<meta name=\"twitter:label1\" content=\"Est. reading time\" \/>\n\t<meta name=\"twitter:data1\" content=\"3 minutos\" \/>\n<!-- \/ Yoast SEO plugin. -->","yoast_head_json":{"title":"Hormig\u00f3n postesado y pretensado - Diferencias - Ferrovial","description":"El hormig\u00f3n postesado es un tipo de t\u00e9cnica que favorece la durabilidad de las construcciones al aproximar el hormig\u00f3n a sus cargas \u00f3ptimas. Descubre c\u00f3mo ...","robots":{"index":"index","follow":"follow","max-snippet":"max-snippet:-1","max-image-preview":"max-image-preview:large","max-video-preview":"max-video-preview:-1"},"canonical":"https:\/\/www.ferrovial.com\/es\/recursos\/hormigon-postesado\/","og_locale":"es_ES","og_type":"article","og_title":"Hormig\u00f3n postesado y pretensado - Diferencias - Ferrovial","og_description":"El hormig\u00f3n postesado es un tipo de t\u00e9cnica que favorece la durabilidad de las construcciones al aproximar el hormig\u00f3n a sus cargas \u00f3ptimas. Descubre c\u00f3mo ...","og_url":"https:\/\/www.ferrovial.com\/es\/recursos\/hormigon-postesado\/","og_site_name":"Ferrovial","article_publisher":"https:\/\/www.facebook.com\/ferrovial","article_modified_time":"2021-09-21T15:07:39+00:00","twitter_card":"summary_large_image","twitter_site":"@ferrovial","twitter_misc":{"Est. reading time":"3 minutos"},"schema":{"@context":"https:\/\/schema.org","@graph":[{"@type":"WebPage","@id":"https:\/\/www.ferrovial.com\/es\/recursos\/hormigon-postesado\/","url":"https:\/\/www.ferrovial.com\/es\/recursos\/hormigon-postesado\/","name":"Hormig\u00f3n postesado y pretensado - Diferencias - Ferrovial","isPartOf":{"@id":"https:\/\/www.ferrovial.com\/es\/#website"},"datePublished":"2019-09-05T11:11:55+00:00","dateModified":"2021-09-21T15:07:39+00:00","description":"El hormig\u00f3n postesado es un tipo de t\u00e9cnica que favorece la durabilidad de las construcciones al aproximar el hormig\u00f3n a sus cargas \u00f3ptimas. Descubre c\u00f3mo ...","breadcrumb":{"@id":"https:\/\/www.ferrovial.com\/es\/recursos\/hormigon-postesado\/#breadcrumb"},"inLanguage":"es","potentialAction":[{"@type":"ReadAction","target":["https:\/\/www.ferrovial.com\/es\/recursos\/hormigon-postesado\/"]}]},{"@type":"BreadcrumbList","@id":"https:\/\/www.ferrovial.com\/es\/recursos\/hormigon-postesado\/#breadcrumb","itemListElement":[{"@type":"ListItem","position":1,"name":"Portada","item":"https:\/\/www.ferrovial.com\/es\/"},{"@type":"ListItem","position":2,"name":"Recursos","item":"https:\/\/www.ferrovial.com\/es\/recursos\/"},{"@type":"ListItem","position":3,"name":"Hormig\u00f3n postesado"}]},{"@type":"WebSite","@id":"https:\/\/www.ferrovial.com\/es\/#website","url":"https:\/\/www.ferrovial.com\/es\/","name":"Ferrovial","description":"Welcome to the Ferrovial&#039;s website, global operator of sustainable infrastructure. Here you can find all the information about the company and subsidiaries.","publisher":{"@id":"https:\/\/www.ferrovial.com\/es\/#organization"},"potentialAction":[{"@type":"SearchAction","target":{"@type":"EntryPoint","urlTemplate":"https:\/\/www.ferrovial.com\/es\/?s={search_term_string}"},"query-input":{"@type":"PropertyValueSpecification","valueRequired":true,"valueName":"search_term_string"}}],"inLanguage":"es"},{"@type":"Organization","@id":"https:\/\/www.ferrovial.com\/es\/#organization","name":"Ferrovial S.A.","url":"https:\/\/www.ferrovial.com\/es\/","logo":{"@type":"ImageObject","inLanguage":"es","@id":"https:\/\/www.ferrovial.com\/es\/#\/schema\/logo\/image\/","url":"https:\/\/static.ferrovial.com\/wp-content\/uploads\/2020\/01\/13124948\/logo-ferrovial-cf7.png","contentUrl":"https:\/\/static.ferrovial.com\/wp-content\/uploads\/2020\/01\/13124948\/logo-ferrovial-cf7.png","width":144,"height":32,"caption":"Ferrovial S.A."},"image":{"@id":"https:\/\/www.ferrovial.com\/es\/#\/schema\/logo\/image\/"},"sameAs":["https:\/\/www.facebook.com\/ferrovial","https:\/\/x.com\/ferrovial","https:\/\/www.instagram.com\/ferrovial\/","https:\/\/www.linkedin.com\/company\/ferrovial","https:\/\/www.pinterest.es\/ferrovial\/","https:\/\/www.youtube.com\/ferrovial","https:\/\/en.wikipedia.org\/wiki\/Ferrovial"]}]}},"_links":{"self":[{"href":"https:\/\/www.ferrovial.com\/es\/wp-json\/wp\/v2\/pages\/18451","targetHints":{"allow":["GET"]}}],"collection":[{"href":"https:\/\/www.ferrovial.com\/es\/wp-json\/wp\/v2\/pages"}],"about":[{"href":"https:\/\/www.ferrovial.com\/es\/wp-json\/wp\/v2\/types\/page"}],"replies":[{"embeddable":true,"href":"https:\/\/www.ferrovial.com\/es\/wp-json\/wp\/v2\/comments?post=18451"}],"version-history":[{"count":3,"href":"https:\/\/www.ferrovial.com\/es\/wp-json\/wp\/v2\/pages\/18451\/revisions"}],"predecessor-version":[{"id":202157,"href":"https:\/\/www.ferrovial.com\/es\/wp-json\/wp\/v2\/pages\/18451\/revisions\/202157"}],"up":[{"embeddable":true,"href":"https:\/\/www.ferrovial.com\/es\/wp-json\/wp\/v2\/pages\/25267"}],"wp:attachment":[{"href":"https:\/\/www.ferrovial.com\/es\/wp-json\/wp\/v2\/media?parent=18451"}],"curies":[{"name":"wp","href":"https:\/\/api.w.org\/{rel}","templated":true}]}}