{"id":18455,"date":"2019-09-05T13:14:05","date_gmt":"2019-09-05T11:14:05","guid":{"rendered":"https:\/\/www.ferrovial.com\/?page_id=18455"},"modified":"2021-08-24T15:33:30","modified_gmt":"2021-08-24T13:33:30","slug":"encofrados-deslizantes","status":"publish","type":"page","link":"https:\/\/www.ferrovial.com\/es\/recursos\/encofrados-deslizantes\/","title":{"rendered":"Encofrados deslizantes"},"content":{"rendered":"    <m-final-content-header >\n            <c-breadcrumb label-text=\"Breadcrumb\" slot=\"breadcrumbs\" type='2' align='left' wrap='wrapped wrapped' aria-label='Vienes de Recursos'>\n                        <ol>\n\n                                                            <li><a href=\"https:\/\/www.ferrovial.com\/es\/\" title=\"Ferrovial\">Ferrovial<\/a><\/li>\n                                                                        <li><a href=\"https:\/\/www.ferrovial.com\/es\/recursos\/\" title=\"Recursos\">Recursos<\/a><\/li>\n                                    \n                <\/ol>\n\n                <\/c-breadcrumb>\n    \n        <div slot=\"header\">\n            <h1>\n                Encofrados deslizantes            <\/h1>\n                    <\/div>\n    <\/m-final-content-header>\n\n    \n\n\n<p><script type=\"application\/ld+json\">\n{\n  \"@context\": \"https:\/\/schema.org\",\n  \"@type\": \"FAQPage\",\n  \"mainEntity\": [{\n    \"@type\": \"Question\",\n    \"name\": \"\u00bfQu\u00e9 son los encofrados deslizantes?\",\n    \"acceptedAnswer\": {\n      \"@type\": \"Answer\",\n      \"text\": \"Los encofrados deslizantes son una t\u00e9cnica de construcci\u00f3n muy interesante cuando nos enfrentamos al desaf\u00edo de una estructura especialmente esbelta como el pilar de un puente a gran altura, las chimeneas industriales, los silos o las torres solares\"\n    }\n  },{\n    \"@type\": \"Question\",\n    \"name\": \"\u00bfC\u00f3mo funcionan los encofrados deslizantes?\",\n    \"acceptedAnswer\": {\n      \"@type\": \"Answer\",\n      \"text\": \"La t\u00e9cnica consiste en un encofrado r\u00edgido, que se va desplazando en vertical, a un ritmo de 5 a 20 cm\/h.\"\n    }\n  },{\n    \"@type\": \"Question\",\n    \"name\": \"\u00bfQu\u00e9 ventajas tiene el encofrado deslizante?\",\n    \"acceptedAnswer\": {\n      \"@type\": \"Answer\",\n      \"text\": \"El encofrado deslizante presenta ventajas de calidad, acabado, velocidad y costes.\"\n    }\n  },{\n    \"@type\": \"Question\",\n    \"name\": \"\u00bfQu\u00e9 inconvenientes presenta?\",\n    \"acceptedAnswer\": {\n      \"@type\": \"Answer\",\n      \"text\": \"Su realizaci\u00f3n requiere de un equipo especializado y hay que tener en cuenta que se trata de un proceso continuo que, salvo excepciones, no se detiene.\"\n    }\n  }]\n}\n<\/script><\/p>\n\n\n\n<m-wysiwig class=\"wp-block-components-wysiwyg\"><div slot=\"maincontent\">\n<h2 class=\"wp-block-heading\">\u00bfQu\u00e9 son los encofrados deslizantes?<\/h2>\n\n\n\n<p>Los <strong>encofrados deslizantes<\/strong> son una t\u00e9cnica de construcci\u00f3n muy interesante cuando nos enfrentamos al desaf\u00edo de una estructura especialmente esbelta como el pilar de un puente a gran altura, las chimeneas industriales, los silos o las torres solares, como las que realiza Edytesa.<\/p>\n\n\n\n<h2 class=\"wp-block-heading\">\u00bfC\u00f3mo funcionan los encofrados deslizantes?<\/h2>\n\n\n\n<p>La t\u00e9cnica consiste en un encofrado r\u00edgido, que se va\ndesplazando en vertical, a un ritmo de 5 a 20 cm\/h. <\/p>\n\n\n\n<p>El hormig\u00f3n se vierte en el encofrado en tongadas&nbsp; y, a medida que \u00e9ste va endureciendo, el\nencofrado se eleva progresivamente mediante los dispositivos de elevaci\u00f3n\n(gatos hidr\u00e1ulicos).<\/p>\n\n\n\n<p>El encofrado se &nbsp;desplaza en vertical empujado por &nbsp;un sistema hidr\u00e1ulico.<\/p>\n\n\n\n<p>La estructura para poder llevarlo a cabo cuenta con plataformas\nen varios niveles, desde las que se realizan todas las operaciones necesarias, distanciadas\nunos 3 &nbsp;metros entre &nbsp;niveles:<\/p>\n\n\n\n<p>La plataforma del nivel superior se utiliza tanto para el\nvertido del hormig\u00f3n como para el montaje de las armaduras verticales.<\/p>\n\n\n\n<p>La plataforma del nivel intermedio se utiliza adem\u00e1s de para el vertido y vibrado del hormig\u00f3n, &nbsp;para el montaje de armaduras, para el montaje de marcos de puerta y ventanas, colocaci\u00f3n de elementos embebidos (placas, \u2026), entre otros.<\/p>\n\n\n\n<p>Los niveles inferiores (generalmente uno, pero pueden ser\nm\u00e1s) se utilizan para realizar inspecciones de calidad y trabajos de acabado.<\/p>\n\n\n\n<h2 class=\"wp-block-heading\">\u00bfQu\u00e9 ventajas tiene el encofrado deslizante?<\/h2>\n\n\n\n<p>Sistema constructivo muy competitivo para obras de gran altura. El coste repercutido por m\u00b2 se reduce gradualmente cuanto mayor es la altura de la construcci\u00f3n.<\/p>\n\n\n\n<p>Aporta un alto grado de seguridad. El montaje se realiza a nivel del suelo y en fase de operaci\u00f3n no se precisa realizar tareas de montajes\/desmontajes intermedios a alturas elevadas.<\/p>\n\n\n\n<p>Se reducen notablemente los plazos de ejecuci\u00f3n. El armado de la estructura, el hormigonado y resto de tareas se realizan de forma simult\u00e1nea y continua en varios turnos durante el ascenso del molde.<\/p>\n\n\n\n<p>El encofrado deslizante presenta ventajas de calidad, acabado, velocidad y costes.<\/p>\n\n\n\n<h2 class=\"wp-block-heading\">\u00bfQu\u00e9 in<strong>convenientes<\/strong> presenta?<\/h2>\n\n\n\n<p>Su realizaci\u00f3n requiere de un equipo especializado y hay que\ntener en cuenta que se trata de un proceso continuo que, salvo excepciones, no\nse detiene. <\/p>\n\n\n\n<p>Todas estas caracter\u00edsticas hacen que esta t\u00e9cnica se use preferentemente en estructuras de altura importante.<\/p>\n<\/div><\/m-wysiwig>\n","protected":false},"excerpt":{"rendered":"","protected":false},"featured_media":0,"parent":25267,"menu_order":0,"comment_status":"closed","ping_status":"closed","template":"","meta":{"_acf_changed":false,"footnotes":""},"class_list":["post-18455","page","type-page","status-publish","hentry"],"acf":[],"yoast_head":"<!-- This site is optimized with the Yoast SEO plugin v27.2 - https:\/\/yoast.com\/product\/yoast-seo-wordpress\/ -->\n<title>Encofrados deslizantes: qu\u00e9 son y qu\u00e9 ventajas tienen - Ferrovial<\/title>\n<meta name=\"description\" content=\"El encofrado deslizante es una t\u00e9cnica constructiva que permite levantar estructuras esbeltas como chimeneas, pilares o pozos. Descubre c\u00f3mo ...\" \/>\n<meta name=\"robots\" content=\"index, follow, max-snippet:-1, max-image-preview:large, max-video-preview:-1\" \/>\n<link rel=\"canonical\" href=\"https:\/\/www.ferrovial.com\/es\/recursos\/encofrados-deslizantes\/\" \/>\n<meta property=\"og:locale\" content=\"es_ES\" \/>\n<meta property=\"og:type\" content=\"article\" \/>\n<meta property=\"og:title\" content=\"Encofrados deslizantes: qu\u00e9 son y qu\u00e9 ventajas tienen - Ferrovial\" \/>\n<meta property=\"og:description\" content=\"El encofrado deslizante es una t\u00e9cnica constructiva que permite levantar estructuras esbeltas como chimeneas, pilares o pozos. Descubre c\u00f3mo ...\" \/>\n<meta property=\"og:url\" content=\"https:\/\/www.ferrovial.com\/es\/recursos\/encofrados-deslizantes\/\" \/>\n<meta property=\"og:site_name\" content=\"Ferrovial\" \/>\n<meta property=\"article:publisher\" content=\"https:\/\/www.facebook.com\/ferrovial\" \/>\n<meta property=\"article:modified_time\" content=\"2021-08-24T13:33:30+00:00\" \/>\n<meta name=\"twitter:card\" content=\"summary_large_image\" \/>\n<meta name=\"twitter:site\" content=\"@ferrovial\" \/>\n<meta name=\"twitter:label1\" content=\"Est. reading time\" \/>\n\t<meta name=\"twitter:data1\" content=\"3 minutos\" \/>\n<!-- \/ Yoast SEO plugin. -->","yoast_head_json":{"title":"Encofrados deslizantes: qu\u00e9 son y qu\u00e9 ventajas tienen - Ferrovial","description":"El encofrado deslizante es una t\u00e9cnica constructiva que permite levantar estructuras esbeltas como chimeneas, pilares o pozos. Descubre c\u00f3mo ...","robots":{"index":"index","follow":"follow","max-snippet":"max-snippet:-1","max-image-preview":"max-image-preview:large","max-video-preview":"max-video-preview:-1"},"canonical":"https:\/\/www.ferrovial.com\/es\/recursos\/encofrados-deslizantes\/","og_locale":"es_ES","og_type":"article","og_title":"Encofrados deslizantes: qu\u00e9 son y qu\u00e9 ventajas tienen - Ferrovial","og_description":"El encofrado deslizante es una t\u00e9cnica constructiva que permite levantar estructuras esbeltas como chimeneas, pilares o pozos. Descubre c\u00f3mo ...","og_url":"https:\/\/www.ferrovial.com\/es\/recursos\/encofrados-deslizantes\/","og_site_name":"Ferrovial","article_publisher":"https:\/\/www.facebook.com\/ferrovial","article_modified_time":"2021-08-24T13:33:30+00:00","twitter_card":"summary_large_image","twitter_site":"@ferrovial","twitter_misc":{"Est. reading time":"3 minutos"},"schema":{"@context":"https:\/\/schema.org","@graph":[{"@type":"WebPage","@id":"https:\/\/www.ferrovial.com\/es\/recursos\/encofrados-deslizantes\/","url":"https:\/\/www.ferrovial.com\/es\/recursos\/encofrados-deslizantes\/","name":"Encofrados deslizantes: qu\u00e9 son y qu\u00e9 ventajas tienen - Ferrovial","isPartOf":{"@id":"https:\/\/www.ferrovial.com\/es\/#website"},"datePublished":"2019-09-05T11:14:05+00:00","dateModified":"2021-08-24T13:33:30+00:00","description":"El encofrado deslizante es una t\u00e9cnica constructiva que permite levantar estructuras esbeltas como chimeneas, pilares o pozos. Descubre c\u00f3mo ...","breadcrumb":{"@id":"https:\/\/www.ferrovial.com\/es\/recursos\/encofrados-deslizantes\/#breadcrumb"},"inLanguage":"es","potentialAction":[{"@type":"ReadAction","target":["https:\/\/www.ferrovial.com\/es\/recursos\/encofrados-deslizantes\/"]}]},{"@type":"BreadcrumbList","@id":"https:\/\/www.ferrovial.com\/es\/recursos\/encofrados-deslizantes\/#breadcrumb","itemListElement":[{"@type":"ListItem","position":1,"name":"Portada","item":"https:\/\/www.ferrovial.com\/es\/"},{"@type":"ListItem","position":2,"name":"Recursos","item":"https:\/\/www.ferrovial.com\/es\/recursos\/"},{"@type":"ListItem","position":3,"name":"Encofrados deslizantes"}]},{"@type":"WebSite","@id":"https:\/\/www.ferrovial.com\/es\/#website","url":"https:\/\/www.ferrovial.com\/es\/","name":"Ferrovial","description":"Welcome to the Ferrovial&#039;s website, global operator of sustainable infrastructure. Here you can find all the information about the company and subsidiaries.","publisher":{"@id":"https:\/\/www.ferrovial.com\/es\/#organization"},"potentialAction":[{"@type":"SearchAction","target":{"@type":"EntryPoint","urlTemplate":"https:\/\/www.ferrovial.com\/es\/?s={search_term_string}"},"query-input":{"@type":"PropertyValueSpecification","valueRequired":true,"valueName":"search_term_string"}}],"inLanguage":"es"},{"@type":"Organization","@id":"https:\/\/www.ferrovial.com\/es\/#organization","name":"Ferrovial S.A.","url":"https:\/\/www.ferrovial.com\/es\/","logo":{"@type":"ImageObject","inLanguage":"es","@id":"https:\/\/www.ferrovial.com\/es\/#\/schema\/logo\/image\/","url":"https:\/\/static.ferrovial.com\/wp-content\/uploads\/2020\/01\/13124948\/logo-ferrovial-cf7.png","contentUrl":"https:\/\/static.ferrovial.com\/wp-content\/uploads\/2020\/01\/13124948\/logo-ferrovial-cf7.png","width":144,"height":32,"caption":"Ferrovial S.A."},"image":{"@id":"https:\/\/www.ferrovial.com\/es\/#\/schema\/logo\/image\/"},"sameAs":["https:\/\/www.facebook.com\/ferrovial","https:\/\/x.com\/ferrovial","https:\/\/www.instagram.com\/ferrovial\/","https:\/\/www.linkedin.com\/company\/ferrovial","https:\/\/www.pinterest.es\/ferrovial\/","https:\/\/www.youtube.com\/ferrovial","https:\/\/en.wikipedia.org\/wiki\/Ferrovial"]}]}},"_links":{"self":[{"href":"https:\/\/www.ferrovial.com\/es\/wp-json\/wp\/v2\/pages\/18455","targetHints":{"allow":["GET"]}}],"collection":[{"href":"https:\/\/www.ferrovial.com\/es\/wp-json\/wp\/v2\/pages"}],"about":[{"href":"https:\/\/www.ferrovial.com\/es\/wp-json\/wp\/v2\/types\/page"}],"replies":[{"embeddable":true,"href":"https:\/\/www.ferrovial.com\/es\/wp-json\/wp\/v2\/comments?post=18455"}],"version-history":[{"count":3,"href":"https:\/\/www.ferrovial.com\/es\/wp-json\/wp\/v2\/pages\/18455\/revisions"}],"predecessor-version":[{"id":200751,"href":"https:\/\/www.ferrovial.com\/es\/wp-json\/wp\/v2\/pages\/18455\/revisions\/200751"}],"up":[{"embeddable":true,"href":"https:\/\/www.ferrovial.com\/es\/wp-json\/wp\/v2\/pages\/25267"}],"wp:attachment":[{"href":"https:\/\/www.ferrovial.com\/es\/wp-json\/wp\/v2\/media?parent=18455"}],"curies":[{"name":"wp","href":"https:\/\/api.w.org\/{rel}","templated":true}]}}