{"id":18463,"date":"2019-09-05T13:14:43","date_gmt":"2019-09-05T11:14:43","guid":{"rendered":"https:\/\/www.ferrovial.com\/?page_id=18463"},"modified":"2021-08-12T13:47:51","modified_gmt":"2021-08-12T11:47:51","slug":"tesado","status":"publish","type":"page","link":"https:\/\/www.ferrovial.com\/es\/recursos\/tesado\/","title":{"rendered":"Tesado"},"content":{"rendered":"    <m-final-content-header >\n            <c-breadcrumb label-text=\"Breadcrumb\" slot=\"breadcrumbs\" type='2' align='left' wrap='wrapped wrapped' aria-label='Vienes de Recursos'>\n                        <ol>\n\n                                                            <li><a href=\"https:\/\/www.ferrovial.com\/es\/\" title=\"Ferrovial\">Ferrovial<\/a><\/li>\n                                                                        <li><a href=\"https:\/\/www.ferrovial.com\/es\/recursos\/\" title=\"Recursos\">Recursos<\/a><\/li>\n                                    \n                <\/ol>\n\n                <\/c-breadcrumb>\n    \n        <div slot=\"header\">\n            <h1>\n                Tesado            <\/h1>\n                    <\/div>\n    <\/m-final-content-header>\n\n    \n\n\n<p><script type=\"application\/ld+json\">\n{\n  \"@context\": \"https:\/\/schema.org\",\n  \"@type\": \"FAQPage\",\n  \"mainEntity\": [{\n    \"@type\": \"Question\",\n    \"name\": \"\u00bfQu\u00e9 es el Tesado?\",\n    \"acceptedAnswer\": {\n      \"@type\": \"Answer\",\n      \"text\": \"El tesado es una t\u00e9cnica constructiva que a\u00f1ade presi\u00f3n a una columna de hormig\u00f3n para minimizar las cargas de tracci\u00f3n sobre ella.\"\n    }\n  },{\n    \"@type\": \"Question\",\n    \"name\": \"\u00bfC\u00f3mo funciona el tesado de cables?\",\n    \"acceptedAnswer\": {\n      \"@type\": \"Answer\",\n      \"text\": \"Esta acci\u00f3n aumenta la tensi\u00f3n del cable interior, lo tensa, por lo que ambas t\u00e9cnicas se engloban dentro del tesado. El nombre deriva del t\u00e9rmino n\u00e1utico con los cabos, se tesan para ajustar su tensi\u00f3n interna y controlar as\u00ed la resistencia de otros elementos.\n\nTanto el hormig\u00f3n pretesado como el postesado se ven sometidos a fuerzas de compresi\u00f3n con las que trabajan bien, mientras que todos los nervios de acero quedan sometidos a fuerzas de tracci\u00f3n. El\"\n    }\n  }]\n}\n<\/script><\/p>\n\n\n\n<m-wysiwig class=\"wp-block-components-wysiwyg\"><div slot=\"maincontent\">    <p class=\"intro\">El tesado es una t\u00e9cnica constructiva que a\u00f1ade presi\u00f3n a una columna de hormig\u00f3n para minimizar las cargas de tracci\u00f3n sobre ella.<\/p>\n    \n\n\n<p>El&nbsp;<strong>tesado<\/strong>&nbsp;consiste en un procedimiento mediante el cual se estira un cable, tirante o barra de acero, a lo largo de una columna de hormig\u00f3n con el objetivo de pretesarla (en f\u00e1brica) o postesarla (<em>in situ<\/em>).<\/p>\n\n\n\n<h2 class=\"wp-block-heading\">\u00bfC\u00f3mo funciona el tesado de cables?<\/h2>\n\n\n\n<p>Esta acci\u00f3n&nbsp;<strong>aumenta la tensi\u00f3n del cable interior<\/strong>, lo tensa, por lo que ambas t\u00e9cnicas se engloban dentro del tesado. El nombre deriva del <strong>t\u00e9rmino n\u00e1utico con los cabos<\/strong>, se tesan para ajustar su tensi\u00f3n interna y controlar as\u00ed la resistencia de otros elementos.<\/p>\n\n\n\n<p>Tanto <strong>el hormig\u00f3n pretesado <\/strong>como<strong> el postesado <\/strong>se ven <strong>sometidos a fuerzas de compresi\u00f3n<\/strong> con las que trabajan bien, mientras que todos los <strong>nervios de acero<\/strong> quedan sometidos a <strong>fuerzas de tracci\u00f3n<\/strong>. El metal funciona bien a tracci\u00f3n, especialmente cuando hablamos de acero trenzado.<\/p>\n\n\n\n<p><strong>La resistencia a tracci\u00f3n del hormig\u00f3n es de un orden de magnitud (diez veces aproximadamente) m\u00e1s peque\u00f1a que su resistencia a compresi\u00f3n<\/strong>.En <a href=\"https:\/\/www.ferrovial.com\/es_es\/tecpresa\/\">Tecpresa,<\/a>&nbsp;usamos estas t\u00e9cnicas en nuestras construcciones para aumentar su calidad y duraci\u00f3n de los materiales.<\/p>\n\n\n\n<h3 class=\"wp-block-heading\">Hormig\u00f3n pretesado<\/h3>\n\n\n\n<p>El vertido se realiza despu\u00e9s del tesado y sobre este. El hormig\u00f3n fragua sobre la armadura pretesa. As\u00ed se produce un buen v\u00ednculo entre los cables y el hormig\u00f3n. Un buen agarre. Sin embargo, no siempre es posible construir la pieza en f\u00e1brica.<\/p>\n\n\n\n<h3 class=\"wp-block-heading\">Hormig\u00f3n postesado<\/h3>\n\n\n\n<p>Se vierte el hormig\u00f3n y se deja un nervio libre entubado por el que tirar el cable de tesado. Si el tirante de acero se <strong>ancla a alg\u00fan extremo<\/strong> se llama <strong>\u201canclaje pasivo\u201d<\/strong>. El resto de <strong>anclajes libres<\/strong> se denominan <strong>activos<\/strong>, porque el cable se deslizar\u00e1 sobre ellos hasta alcanzar la elongaci\u00f3n y tensi\u00f3n calculada en la fase de dise\u00f1o. El agarre ocurre en los extremos.<\/p>\n\n\n\n<p>Se llama&nbsp;<strong>estructura pretesada o postesada <\/strong>a la combinaci\u00f3n de cable tirante o \u2018tend\u00f3n\u2019 m\u00e1s hormig\u00f3n. En casi todos los tipos de construcci\u00f3n se realiza alguna de las dos. El tesado en f\u00e1brica es m\u00e1s f\u00e1cil, mientras que <em>in situ<\/em> requiere de una mayor atenci\u00f3n.<\/p>\n<\/div><\/m-wysiwig>\n","protected":false},"excerpt":{"rendered":"","protected":false},"featured_media":0,"parent":25267,"menu_order":0,"comment_status":"closed","ping_status":"closed","template":"","meta":{"_acf_changed":false,"footnotes":""},"class_list":["post-18463","page","type-page","status-publish","hentry"],"acf":[],"yoast_head":"<!-- This site is optimized with the Yoast SEO plugin v27.2 - https:\/\/yoast.com\/product\/yoast-seo-wordpress\/ -->\n<title>Tesado de cables: qu\u00e9 es y c\u00f3mo funciona - Ferrovial<\/title>\n<meta name=\"description\" content=\"El tesado es una t\u00e9cnica constructiva que a\u00f1ade presi\u00f3n a una columna de hormig\u00f3n para minimizar las cargas de tracci\u00f3n sobre ella. Descubre c\u00f3mo ...\" \/>\n<meta name=\"robots\" content=\"index, follow, max-snippet:-1, max-image-preview:large, max-video-preview:-1\" \/>\n<link rel=\"canonical\" href=\"https:\/\/www.ferrovial.com\/es\/recursos\/tesado\/\" \/>\n<meta property=\"og:locale\" content=\"es_ES\" \/>\n<meta property=\"og:type\" content=\"article\" \/>\n<meta property=\"og:title\" content=\"Tesado de cables: qu\u00e9 es y c\u00f3mo funciona - Ferrovial\" \/>\n<meta property=\"og:description\" content=\"El tesado es una t\u00e9cnica constructiva que a\u00f1ade presi\u00f3n a una columna de hormig\u00f3n para minimizar las cargas de tracci\u00f3n sobre ella. Descubre c\u00f3mo ...\" \/>\n<meta property=\"og:url\" content=\"https:\/\/www.ferrovial.com\/es\/recursos\/tesado\/\" \/>\n<meta property=\"og:site_name\" content=\"Ferrovial\" \/>\n<meta property=\"article:publisher\" content=\"https:\/\/www.facebook.com\/ferrovial\" \/>\n<meta property=\"article:modified_time\" content=\"2021-08-12T11:47:51+00:00\" \/>\n<meta name=\"twitter:card\" content=\"summary_large_image\" \/>\n<meta name=\"twitter:site\" content=\"@ferrovial\" \/>\n<meta name=\"twitter:label1\" content=\"Est. reading time\" \/>\n\t<meta name=\"twitter:data1\" content=\"3 minutos\" \/>\n<!-- \/ Yoast SEO plugin. -->","yoast_head_json":{"title":"Tesado de cables: qu\u00e9 es y c\u00f3mo funciona - Ferrovial","description":"El tesado es una t\u00e9cnica constructiva que a\u00f1ade presi\u00f3n a una columna de hormig\u00f3n para minimizar las cargas de tracci\u00f3n sobre ella. Descubre c\u00f3mo ...","robots":{"index":"index","follow":"follow","max-snippet":"max-snippet:-1","max-image-preview":"max-image-preview:large","max-video-preview":"max-video-preview:-1"},"canonical":"https:\/\/www.ferrovial.com\/es\/recursos\/tesado\/","og_locale":"es_ES","og_type":"article","og_title":"Tesado de cables: qu\u00e9 es y c\u00f3mo funciona - Ferrovial","og_description":"El tesado es una t\u00e9cnica constructiva que a\u00f1ade presi\u00f3n a una columna de hormig\u00f3n para minimizar las cargas de tracci\u00f3n sobre ella. Descubre c\u00f3mo ...","og_url":"https:\/\/www.ferrovial.com\/es\/recursos\/tesado\/","og_site_name":"Ferrovial","article_publisher":"https:\/\/www.facebook.com\/ferrovial","article_modified_time":"2021-08-12T11:47:51+00:00","twitter_card":"summary_large_image","twitter_site":"@ferrovial","twitter_misc":{"Est. reading time":"3 minutos"},"schema":{"@context":"https:\/\/schema.org","@graph":[{"@type":"WebPage","@id":"https:\/\/www.ferrovial.com\/es\/recursos\/tesado\/","url":"https:\/\/www.ferrovial.com\/es\/recursos\/tesado\/","name":"Tesado de cables: qu\u00e9 es y c\u00f3mo funciona - Ferrovial","isPartOf":{"@id":"https:\/\/www.ferrovial.com\/es\/#website"},"datePublished":"2019-09-05T11:14:43+00:00","dateModified":"2021-08-12T11:47:51+00:00","description":"El tesado es una t\u00e9cnica constructiva que a\u00f1ade presi\u00f3n a una columna de hormig\u00f3n para minimizar las cargas de tracci\u00f3n sobre ella. Descubre c\u00f3mo ...","breadcrumb":{"@id":"https:\/\/www.ferrovial.com\/es\/recursos\/tesado\/#breadcrumb"},"inLanguage":"es","potentialAction":[{"@type":"ReadAction","target":["https:\/\/www.ferrovial.com\/es\/recursos\/tesado\/"]}]},{"@type":"BreadcrumbList","@id":"https:\/\/www.ferrovial.com\/es\/recursos\/tesado\/#breadcrumb","itemListElement":[{"@type":"ListItem","position":1,"name":"Portada","item":"https:\/\/www.ferrovial.com\/es\/"},{"@type":"ListItem","position":2,"name":"Recursos","item":"https:\/\/www.ferrovial.com\/es\/recursos\/"},{"@type":"ListItem","position":3,"name":"Tesado"}]},{"@type":"WebSite","@id":"https:\/\/www.ferrovial.com\/es\/#website","url":"https:\/\/www.ferrovial.com\/es\/","name":"Ferrovial","description":"Welcome to the Ferrovial&#039;s website, global operator of sustainable infrastructure. Here you can find all the information about the company and subsidiaries.","publisher":{"@id":"https:\/\/www.ferrovial.com\/es\/#organization"},"potentialAction":[{"@type":"SearchAction","target":{"@type":"EntryPoint","urlTemplate":"https:\/\/www.ferrovial.com\/es\/?s={search_term_string}"},"query-input":{"@type":"PropertyValueSpecification","valueRequired":true,"valueName":"search_term_string"}}],"inLanguage":"es"},{"@type":"Organization","@id":"https:\/\/www.ferrovial.com\/es\/#organization","name":"Ferrovial S.A.","url":"https:\/\/www.ferrovial.com\/es\/","logo":{"@type":"ImageObject","inLanguage":"es","@id":"https:\/\/www.ferrovial.com\/es\/#\/schema\/logo\/image\/","url":"https:\/\/static.ferrovial.com\/wp-content\/uploads\/2020\/01\/13124948\/logo-ferrovial-cf7.png","contentUrl":"https:\/\/static.ferrovial.com\/wp-content\/uploads\/2020\/01\/13124948\/logo-ferrovial-cf7.png","width":144,"height":32,"caption":"Ferrovial S.A."},"image":{"@id":"https:\/\/www.ferrovial.com\/es\/#\/schema\/logo\/image\/"},"sameAs":["https:\/\/www.facebook.com\/ferrovial","https:\/\/x.com\/ferrovial","https:\/\/www.instagram.com\/ferrovial\/","https:\/\/www.linkedin.com\/company\/ferrovial","https:\/\/www.pinterest.es\/ferrovial\/","https:\/\/www.youtube.com\/ferrovial","https:\/\/en.wikipedia.org\/wiki\/Ferrovial"]}]}},"_links":{"self":[{"href":"https:\/\/www.ferrovial.com\/es\/wp-json\/wp\/v2\/pages\/18463","targetHints":{"allow":["GET"]}}],"collection":[{"href":"https:\/\/www.ferrovial.com\/es\/wp-json\/wp\/v2\/pages"}],"about":[{"href":"https:\/\/www.ferrovial.com\/es\/wp-json\/wp\/v2\/types\/page"}],"replies":[{"embeddable":true,"href":"https:\/\/www.ferrovial.com\/es\/wp-json\/wp\/v2\/comments?post=18463"}],"version-history":[{"count":2,"href":"https:\/\/www.ferrovial.com\/es\/wp-json\/wp\/v2\/pages\/18463\/revisions"}],"predecessor-version":[{"id":200303,"href":"https:\/\/www.ferrovial.com\/es\/wp-json\/wp\/v2\/pages\/18463\/revisions\/200303"}],"up":[{"embeddable":true,"href":"https:\/\/www.ferrovial.com\/es\/wp-json\/wp\/v2\/pages\/25267"}],"wp:attachment":[{"href":"https:\/\/www.ferrovial.com\/es\/wp-json\/wp\/v2\/media?parent=18463"}],"curies":[{"name":"wp","href":"https:\/\/api.w.org\/{rel}","templated":true}]}}