{"id":18468,"date":"2019-09-05T13:15:21","date_gmt":"2019-09-05T11:15:21","guid":{"rendered":"https:\/\/www.ferrovial.com\/?page_id=18468"},"modified":"2021-09-06T17:43:54","modified_gmt":"2021-09-06T15:43:54","slug":"estructuras-atirantadas","status":"publish","type":"page","link":"https:\/\/www.ferrovial.com\/es\/recursos\/estructuras-atirantadas\/","title":{"rendered":"Estructuras atirantadas"},"content":{"rendered":"    <m-final-content-header >\n            <c-breadcrumb label-text=\"Breadcrumb\" slot=\"breadcrumbs\" type='2' align='left' wrap='wrapped wrapped' aria-label='Vienes de Recursos'>\n                        <ol>\n\n                                                            <li><a href=\"https:\/\/www.ferrovial.com\/es\/\" title=\"Ferrovial\">Ferrovial<\/a><\/li>\n                                                                        <li><a href=\"https:\/\/www.ferrovial.com\/es\/recursos\/\" title=\"Recursos\">Recursos<\/a><\/li>\n                                    \n                <\/ol>\n\n                <\/c-breadcrumb>\n    \n        <div slot=\"header\">\n            <h1>\n                Estructuras atirantadas            <\/h1>\n                    <\/div>\n    <\/m-final-content-header>\n\n    \n\n\n<p><script type=\"application\/ld+json\">\n{\n  \"@context\": \"https:\/\/schema.org\",\n  \"@type\": \"FAQPage\",\n  \"mainEntity\": [{\n    \"@type\": \"Question\",\n    \"name\": \"\u00bfQu\u00e9 son las estructuras atirantadas?\",\n    \"acceptedAnswer\": {\n      \"@type\": \"Answer\",\n      \"text\": \"Las estructuras atirantadas son un tipo de estructuras que usan cables, tirantes, cordones y otros elementos sometidos a tracci\u00f3n. Suelen referirse casi en exclusiva a estructuras cuyo tablero se encuentra suspendido de uno o varios pilotes mediante cables, como los puentes\"\n    }\n  },{\n    \"@type\": \"Question\",\n    \"name\": \"\u00bfQu\u00e9 ventajas presentan?\",\n    \"acceptedAnswer\": {\n      \"@type\": \"Answer\",\n      \"text\": \"Destaca por su capacidad de regulaci\u00f3n mediante gato m\u00faltiple, que se realiza a medida para cada proyecto. Esto hace que la puesta en tensi\u00f3n de los tirantes en las sucesivas regulaciones hasta alcanzar la hip\u00f3tesis de carga final se pueda realizar de forma r\u00e1pida y sencilla asegurando la tensi\u00f3n del conjunto del tirante en cada regulaci\u00f3n.\"\n    }\n  }]\n}\n<\/script><\/p>\n\n\n\n<m-wysiwig class=\"wp-block-components-wysiwyg\"><div slot=\"maincontent\">    <p class=\"intro\">Somos especialistas en la ejecuci\u00f3n de estructuras atirantadas. Nuestro sistema se basa en la utilizaci\u00f3n de cordones individuales galvanizados y monoprotegidos mediante vainas individuales de PEAD y cera alojados a su vez en vainas colectivas, lo cual proporciona hasta 4 barreras efectivas frente a la corrosi\u00f3n.<\/p>\n    \n\n\n<h2 class=\"wp-block-heading\">\u00bfQu\u00e9 son las estructuras atirantadas?<\/h2>\n\n\n\n<p>Las&nbsp;<strong>estructuras atirantadas<\/strong>&nbsp;son un tipo de&nbsp;estructuras que&nbsp;usan cables, tirantes, cordones y otros elementos sometidos a tracci\u00f3n. Suelen referirse casi en exclusiva a&nbsp;estructuras&nbsp;cuyo tablero se encuentra suspendido de uno o varios pilotes mediante cables,&nbsp;como&nbsp;los <a href=\"https:\/\/www.ferrovial.com\/es-es\/recursos\/puentes\/\" target=\"_blank\" rel=\"noreferrer noopener\">puentes.<\/a><\/p>\n\n\n\n<p>Los tirantes pueden ser montados cord\u00f3n a cord\u00f3n, o prefabricados. La puesta en carga se realiza en una primera fase mediante gato unitario asegurando que todos los cordones queden a la misma tensi\u00f3n. Las sucesivas fases de<a href=\"https:\/\/www.ferrovial.com\/es-es\/recursos\/tesado\/\" target=\"_blank\" rel=\"noreferrer noopener\"> tesado<\/a> se pueden realizar cord\u00f3n a cord\u00f3n, o mediante gato m\u00faltiple.<\/p>\n\n\n\n<h2 class=\"wp-block-heading\">\u00bfQu\u00e9 ventajas presentan?<\/h2>\n\n\n\n<p>Nuestro sistema para los Puentes Atirantados destaca por su capacidad de regulaci\u00f3n mediante gato m\u00faltiple, que se realiza a medida para cada proyecto. Esto hace que la puesta en tensi\u00f3n de los tirantes en las sucesivas regulaciones hasta alcanzar la hip\u00f3tesis de carga final se pueda realizar de forma r\u00e1pida y sencilla asegurando la tensi\u00f3n del conjunto del tirante en cada regulaci\u00f3n.<\/p>\n\n\n\n<p>Nuestro Sistema de Tirantes ha sido ensayado bajo las normativas m\u00e1s exigentes incluyendo los requisitos FIB, PTI y SETRA entre otros. Nuestros equipos tienen una potencia de 680 Ton de empuje y 1570 ton de elevaci\u00f3n. Estos equipos son capaces de empujar una longitud de tablero de m\u00e1s de 1 Km en horizontal con rendimientos de hasta 7 m\/h.<\/p>\n\n\n\n<h2 class=\"wp-block-heading\">Proyectos<\/h2>\n\n\n\n<ol class=\"wp-block-list\"><li><a href=\"https:\/\/www.ferrovial.com\/es-es\/negocio\/proyectos\/puente-atirantado-sobre-la-a-6-en-las-rozas-de-madrid\/\" target=\"_blank\" rel=\"noreferrer noopener\">Puerta de Las Rozas<\/a><\/li><li>Puente de Arriaca<\/li><li><a href=\"https:\/\/www.ferrovial.com\/es-es\/negocio\/proyectos\/arco-de-los-tilos\/\" target=\"_blank\" rel=\"noreferrer noopener\">Arco de Los Tilos<\/a><\/li><li>Estructura Oca\u00f1a La Roda<\/li><li>Arco de Ricobayo<\/li><\/ol>\n<\/div><\/m-wysiwig>\n\n\n\n<m-wysiwig class=\"wp-block-components-wysiwyg\"><div slot=\"maincontent\"><\/div><\/m-wysiwig>\n\n\n\n<p><\/p>\n","protected":false},"excerpt":{"rendered":"","protected":false},"featured_media":0,"parent":25267,"menu_order":0,"comment_status":"closed","ping_status":"closed","template":"","meta":{"_acf_changed":false,"footnotes":""},"class_list":["post-18468","page","type-page","status-publish","hentry"],"acf":[],"yoast_head":"<!-- This site is optimized with the Yoast SEO plugin v27.2 - https:\/\/yoast.com\/product\/yoast-seo-wordpress\/ -->\n<title>Estructuras atirantadas: qu\u00e9 son y qu\u00e9 ventaja tienen - Ferrovial<\/title>\n<meta name=\"description\" content=\"Las estructuras atirantadas son un tipo de estructuras que usan cables, tirantes, cordones y otros elementos sometidos a tracci\u00f3n. Suelen referirse casi siempre...\" \/>\n<meta name=\"robots\" content=\"index, follow, max-snippet:-1, max-image-preview:large, max-video-preview:-1\" \/>\n<link rel=\"canonical\" href=\"https:\/\/www.ferrovial.com\/es\/recursos\/estructuras-atirantadas\/\" \/>\n<meta property=\"og:locale\" content=\"es_ES\" \/>\n<meta property=\"og:type\" content=\"article\" \/>\n<meta property=\"og:title\" content=\"Estructuras atirantadas: qu\u00e9 son y qu\u00e9 ventaja tienen - Ferrovial\" \/>\n<meta property=\"og:description\" content=\"Las estructuras atirantadas son un tipo de estructuras que usan cables, tirantes, cordones y otros elementos sometidos a tracci\u00f3n. Suelen referirse casi siempre...\" \/>\n<meta property=\"og:url\" content=\"https:\/\/www.ferrovial.com\/es\/recursos\/estructuras-atirantadas\/\" \/>\n<meta property=\"og:site_name\" content=\"Ferrovial\" \/>\n<meta property=\"article:publisher\" content=\"https:\/\/www.facebook.com\/ferrovial\" \/>\n<meta property=\"article:modified_time\" content=\"2021-09-06T15:43:54+00:00\" \/>\n<meta name=\"twitter:card\" content=\"summary_large_image\" \/>\n<meta name=\"twitter:site\" content=\"@ferrovial\" \/>\n<meta name=\"twitter:label1\" content=\"Est. reading time\" \/>\n\t<meta name=\"twitter:data1\" content=\"2 minutos\" \/>\n<!-- \/ Yoast SEO plugin. -->","yoast_head_json":{"title":"Estructuras atirantadas: qu\u00e9 son y qu\u00e9 ventaja tienen - Ferrovial","description":"Las estructuras atirantadas son un tipo de estructuras que usan cables, tirantes, cordones y otros elementos sometidos a tracci\u00f3n. Suelen referirse casi siempre...","robots":{"index":"index","follow":"follow","max-snippet":"max-snippet:-1","max-image-preview":"max-image-preview:large","max-video-preview":"max-video-preview:-1"},"canonical":"https:\/\/www.ferrovial.com\/es\/recursos\/estructuras-atirantadas\/","og_locale":"es_ES","og_type":"article","og_title":"Estructuras atirantadas: qu\u00e9 son y qu\u00e9 ventaja tienen - Ferrovial","og_description":"Las estructuras atirantadas son un tipo de estructuras que usan cables, tirantes, cordones y otros elementos sometidos a tracci\u00f3n. Suelen referirse casi siempre...","og_url":"https:\/\/www.ferrovial.com\/es\/recursos\/estructuras-atirantadas\/","og_site_name":"Ferrovial","article_publisher":"https:\/\/www.facebook.com\/ferrovial","article_modified_time":"2021-09-06T15:43:54+00:00","twitter_card":"summary_large_image","twitter_site":"@ferrovial","twitter_misc":{"Est. reading time":"2 minutos"},"schema":{"@context":"https:\/\/schema.org","@graph":[{"@type":"WebPage","@id":"https:\/\/www.ferrovial.com\/es\/recursos\/estructuras-atirantadas\/","url":"https:\/\/www.ferrovial.com\/es\/recursos\/estructuras-atirantadas\/","name":"Estructuras atirantadas: qu\u00e9 son y qu\u00e9 ventaja tienen - Ferrovial","isPartOf":{"@id":"https:\/\/www.ferrovial.com\/es\/#website"},"datePublished":"2019-09-05T11:15:21+00:00","dateModified":"2021-09-06T15:43:54+00:00","description":"Las estructuras atirantadas son un tipo de estructuras que usan cables, tirantes, cordones y otros elementos sometidos a tracci\u00f3n. Suelen referirse casi siempre...","breadcrumb":{"@id":"https:\/\/www.ferrovial.com\/es\/recursos\/estructuras-atirantadas\/#breadcrumb"},"inLanguage":"es","potentialAction":[{"@type":"ReadAction","target":["https:\/\/www.ferrovial.com\/es\/recursos\/estructuras-atirantadas\/"]}]},{"@type":"BreadcrumbList","@id":"https:\/\/www.ferrovial.com\/es\/recursos\/estructuras-atirantadas\/#breadcrumb","itemListElement":[{"@type":"ListItem","position":1,"name":"Portada","item":"https:\/\/www.ferrovial.com\/es\/"},{"@type":"ListItem","position":2,"name":"Recursos","item":"https:\/\/www.ferrovial.com\/es\/recursos\/"},{"@type":"ListItem","position":3,"name":"Estructuras atirantadas"}]},{"@type":"WebSite","@id":"https:\/\/www.ferrovial.com\/es\/#website","url":"https:\/\/www.ferrovial.com\/es\/","name":"Ferrovial","description":"Welcome to the Ferrovial&#039;s website, global operator of sustainable infrastructure. Here you can find all the information about the company and subsidiaries.","publisher":{"@id":"https:\/\/www.ferrovial.com\/es\/#organization"},"potentialAction":[{"@type":"SearchAction","target":{"@type":"EntryPoint","urlTemplate":"https:\/\/www.ferrovial.com\/es\/?s={search_term_string}"},"query-input":{"@type":"PropertyValueSpecification","valueRequired":true,"valueName":"search_term_string"}}],"inLanguage":"es"},{"@type":"Organization","@id":"https:\/\/www.ferrovial.com\/es\/#organization","name":"Ferrovial S.A.","url":"https:\/\/www.ferrovial.com\/es\/","logo":{"@type":"ImageObject","inLanguage":"es","@id":"https:\/\/www.ferrovial.com\/es\/#\/schema\/logo\/image\/","url":"https:\/\/static.ferrovial.com\/wp-content\/uploads\/2020\/01\/13124948\/logo-ferrovial-cf7.png","contentUrl":"https:\/\/static.ferrovial.com\/wp-content\/uploads\/2020\/01\/13124948\/logo-ferrovial-cf7.png","width":144,"height":32,"caption":"Ferrovial S.A."},"image":{"@id":"https:\/\/www.ferrovial.com\/es\/#\/schema\/logo\/image\/"},"sameAs":["https:\/\/www.facebook.com\/ferrovial","https:\/\/x.com\/ferrovial","https:\/\/www.instagram.com\/ferrovial\/","https:\/\/www.linkedin.com\/company\/ferrovial","https:\/\/www.pinterest.es\/ferrovial\/","https:\/\/www.youtube.com\/ferrovial","https:\/\/en.wikipedia.org\/wiki\/Ferrovial"]}]}},"_links":{"self":[{"href":"https:\/\/www.ferrovial.com\/es\/wp-json\/wp\/v2\/pages\/18468","targetHints":{"allow":["GET"]}}],"collection":[{"href":"https:\/\/www.ferrovial.com\/es\/wp-json\/wp\/v2\/pages"}],"about":[{"href":"https:\/\/www.ferrovial.com\/es\/wp-json\/wp\/v2\/types\/page"}],"replies":[{"embeddable":true,"href":"https:\/\/www.ferrovial.com\/es\/wp-json\/wp\/v2\/comments?post=18468"}],"version-history":[{"count":3,"href":"https:\/\/www.ferrovial.com\/es\/wp-json\/wp\/v2\/pages\/18468\/revisions"}],"predecessor-version":[{"id":201610,"href":"https:\/\/www.ferrovial.com\/es\/wp-json\/wp\/v2\/pages\/18468\/revisions\/201610"}],"up":[{"embeddable":true,"href":"https:\/\/www.ferrovial.com\/es\/wp-json\/wp\/v2\/pages\/25267"}],"wp:attachment":[{"href":"https:\/\/www.ferrovial.com\/es\/wp-json\/wp\/v2\/media?parent=18468"}],"curies":[{"name":"wp","href":"https:\/\/api.w.org\/{rel}","templated":true}]}}