{"id":18501,"date":"2019-09-05T13:19:35","date_gmt":"2019-09-05T11:19:35","guid":{"rendered":"https:\/\/www.ferrovial.com\/?page_id=18501"},"modified":"2021-08-12T12:14:34","modified_gmt":"2021-08-12T10:14:34","slug":"carreteras","status":"publish","type":"page","link":"https:\/\/www.ferrovial.com\/es\/recursos\/carreteras\/","title":{"rendered":"Carreteras"},"content":{"rendered":"    <m-final-content-header >\n            <c-breadcrumb label-text=\"Breadcrumb\" slot=\"breadcrumbs\" type='2' align='left' wrap='wrapped wrapped' aria-label='Vienes de Recursos'>\n                        <ol>\n\n                                                            <li><a href=\"https:\/\/www.ferrovial.com\/es\/\" title=\"Ferrovial\">Ferrovial<\/a><\/li>\n                                                                        <li><a href=\"https:\/\/www.ferrovial.com\/es\/recursos\/\" title=\"Recursos\">Recursos<\/a><\/li>\n                                    \n                <\/ol>\n\n                <\/c-breadcrumb>\n    \n        <div slot=\"header\">\n            <h1>\n                Carreteras            <\/h1>\n                    <\/div>\n    <\/m-final-content-header>\n\n    \n\n\n<p><script type=\"application\/ld+json\">\n{\n  \"@context\": \"https:\/\/schema.org\",\n  \"@type\": \"FAQPage\",\n  \"mainEntity\": [{\n    \"@type\": \"Question\",\n    \"name\": \"\u00bfQu\u00e9 es una carretera?\",\n    \"acceptedAnswer\": {\n      \"@type\": \"Answer\",\n      \"text\": \"Las carreteras son, probablemente, una de las infraestructura m\u00e1s importantes jam\u00e1s construidas y una de las m\u00e1s usadas por los viajeros. Se aprecia su importancia al observar los mapas desde tiempos romanos y relacionar las redes de carreteras con el comercio y este, a su vez, con la prosperidad de los diferentes pueblos a los que toca. Se han convertido en un elemento imprescindible para la movilidad.\"\n    }\n  },{\n    \"@type\": \"Question\",\n    \"name\": \"\u00bfC\u00f3mo se construye una carretera?\",\n    \"acceptedAnswer\": {\n      \"@type\": \"Answer\",\n      \"text\": \"Carreteras y autopistas suelen tener la misma estructura:\n\nSe inicia con la plataforma, la parte de la carretera para el uso de veh\u00edculos que incluye la calzada y los arcenes. La calzada suele estar dividida en carriles, y los arcenes hacen las veces de espacio de seguridad en situaciones excepcionales.\nSe define el proyecto de trazado de la v\u00eda y se obtienen las licencias necesarias.\nComienza la construcci\u00f3n con el despeje, para eliminar elementos presentes en el trazado.\nTras el movimiento de tierras necesario, se compacta la sub-rasante, la parte superior del terreno de explanaci\u00f3n.\nLa sub-base se coloca sobre ella con los materiales seleccionados seg\u00fan el terreno, clima, tipo de v\u00eda, etc.\nSobre la sub-base se coloca ahora una base, generalmente de cemento, materiales p\u00e9treos o piedra triturada, que dar\u00e1 solidez a la carretera.\nSobre ella se tiende la carpeta asf\u00e1ltica, la capa visible en contacto con el veh\u00edculo. Cada una de estas capas tiene su funci\u00f3n, as\u00ed como la de elementos auxiliares como el arc\u00e9n, la mediana o las cunetas (a menudo revestidas) para desalojar agua.\"\n    }\n  }]\n}\n<\/script><\/p>\n\n\n\n<m-wysiwig class=\"wp-block-components-wysiwyg\"><div slot=\"maincontent\">    <p class=\"intro\">Las carreteras son, probablemente, una de las infraestructura m\u00e1s importantes jam\u00e1s construidas y una de las m\u00e1s usadas por los viajeros. Se aprecia su importancia al observar los mapas desde tiempos romanos y relacionar las redes de carreteras con el comercio y este, a su vez, con la prosperidad de los diferentes pueblos a los que toca. Se han convertido en un elemento imprescindible para la movilidad. \n<\/p>\n    \n\n\n<p>Se estima, seg\u00fan el <a href=\"https:\/\/www.fomento.gob.es\/carreteras\" title=\"Carreteras | Ministerio de Fomento\" target=\"_blank\" rel=\"nofollow noopener noreferrer\" aria-label=\" (opens in a new tab)\">Ministerio de Fomento de Espa\u00f1a<\/a>, pa\u00eds en el que naci\u00f3 Ferrovial, que \u201caproximadamente un 90% del tr\u00e1fico interior de personas y mercanc\u00edas se mueve por este medio\u201d. Las cifras son similares en el resto del mundo. <\/p>\n\n\n\n<p>Claramente favorecen la circulaci\u00f3n de veh\u00edculos. Desde camiones de gran tonelaje, turismos y motos, por autopista; a veh\u00edculos ligeros, como bicicletas, por carretera.  Esta infraestructura tiene <strong>un importante rol cultural<\/strong> al conectarnos entre nosotros. Es el tejido que permite el comercio, las relaciones empresariales y, lo m\u00e1s importante, las reuniones familiares.<\/p>\n\n\n\n<h2 class=\"wp-block-heading\">\u00bfC\u00f3mo se construye una carretera?<\/h2>\n\n\n\n<p>Carreteras y autopistas suelen tener la misma estructura: <\/p>\n\n\n\n<ul class=\"wp-block-list\"><li>Se inicia con <strong>la plataforma<\/strong>, la parte de la carretera para el uso de veh\u00edculos que incluye <strong>la calzada y los arcenes<\/strong>. La calzada suele estar dividida en <strong>carriles<\/strong>, y los arcenes hacen las veces de espacio de seguridad en situaciones excepcionales.<\/li><li>Se <strong>define el proyecto<\/strong> de trazado de la v\u00eda y se obtienen <strong>las licencias<\/strong> necesarias.<\/li><li>Comienza la construcci\u00f3n con el <strong>despeje<\/strong>, para eliminar elementos presentes en el trazado. <\/li><li>Tras el movimiento de tierras necesario, se compacta <strong>la sub-rasante<\/strong>, la parte superior del terreno de explanaci\u00f3n. <\/li><li>La <strong>sub-base<\/strong> se coloca sobre ella con los materiales seleccionados seg\u00fan el terreno, clima, tipo de v\u00eda, etc.<\/li><li>Sobre la sub-base se coloca ahora una <strong>base<\/strong>, generalmente de cemento, materiales p\u00e9treos o piedra triturada, que dar\u00e1 solidez a la carretera.<\/li><li>Sobre ella se tiende la <strong>carpeta asf\u00e1ltica<\/strong>, la capa visible en contacto con el veh\u00edculo. Cada una de estas capas tiene su funci\u00f3n, as\u00ed como la de elementos auxiliares como el arc\u00e9n, la mediana o las cunetas (a menudo revestidas) para desalojar agua.<\/li><\/ul>\n<\/div><\/m-wysiwig>\n","protected":false},"excerpt":{"rendered":"","protected":false},"featured_media":0,"parent":25267,"menu_order":0,"comment_status":"closed","ping_status":"closed","template":"","meta":{"_acf_changed":false,"footnotes":""},"class_list":["post-18501","page","type-page","status-publish","hentry"],"acf":[],"yoast_head":"<!-- This site is optimized with the Yoast SEO plugin v27.2 - https:\/\/yoast.com\/product\/yoast-seo-wordpress\/ -->\n<title>Construcci\u00f3n de carreteras: materiales y maquinaria - Ferrovial<\/title>\n<meta name=\"description\" content=\"Las carreteras son un elemento imprescindible en la infraestructura de la movilidad, y de los m\u00e1s usados por los viajeros. Existen diferentes tipos de carretras, las ...\" \/>\n<meta name=\"robots\" content=\"index, follow, max-snippet:-1, max-image-preview:large, max-video-preview:-1\" \/>\n<link rel=\"canonical\" href=\"https:\/\/www.ferrovial.com\/es\/recursos\/carreteras\/\" \/>\n<meta property=\"og:locale\" content=\"es_ES\" \/>\n<meta property=\"og:type\" content=\"article\" \/>\n<meta property=\"og:title\" content=\"Construcci\u00f3n de carreteras: materiales y maquinaria - Ferrovial\" \/>\n<meta property=\"og:description\" content=\"Las carreteras son un elemento imprescindible en la infraestructura de la movilidad, y de los m\u00e1s usados por los viajeros. Existen diferentes tipos de carretras, las ...\" \/>\n<meta property=\"og:url\" content=\"https:\/\/www.ferrovial.com\/es\/recursos\/carreteras\/\" \/>\n<meta property=\"og:site_name\" content=\"Ferrovial\" \/>\n<meta property=\"article:publisher\" content=\"https:\/\/www.facebook.com\/ferrovial\" \/>\n<meta property=\"article:modified_time\" content=\"2021-08-12T10:14:34+00:00\" \/>\n<meta name=\"twitter:card\" content=\"summary_large_image\" \/>\n<meta name=\"twitter:site\" content=\"@ferrovial\" \/>\n<meta name=\"twitter:label1\" content=\"Est. reading time\" \/>\n\t<meta name=\"twitter:data1\" content=\"3 minutos\" \/>\n<!-- \/ Yoast SEO plugin. -->","yoast_head_json":{"title":"Construcci\u00f3n de carreteras: materiales y maquinaria - Ferrovial","description":"Las carreteras son un elemento imprescindible en la infraestructura de la movilidad, y de los m\u00e1s usados por los viajeros. Existen diferentes tipos de carretras, las ...","robots":{"index":"index","follow":"follow","max-snippet":"max-snippet:-1","max-image-preview":"max-image-preview:large","max-video-preview":"max-video-preview:-1"},"canonical":"https:\/\/www.ferrovial.com\/es\/recursos\/carreteras\/","og_locale":"es_ES","og_type":"article","og_title":"Construcci\u00f3n de carreteras: materiales y maquinaria - Ferrovial","og_description":"Las carreteras son un elemento imprescindible en la infraestructura de la movilidad, y de los m\u00e1s usados por los viajeros. Existen diferentes tipos de carretras, las ...","og_url":"https:\/\/www.ferrovial.com\/es\/recursos\/carreteras\/","og_site_name":"Ferrovial","article_publisher":"https:\/\/www.facebook.com\/ferrovial","article_modified_time":"2021-08-12T10:14:34+00:00","twitter_card":"summary_large_image","twitter_site":"@ferrovial","twitter_misc":{"Est. reading time":"3 minutos"},"schema":{"@context":"https:\/\/schema.org","@graph":[{"@type":"WebPage","@id":"https:\/\/www.ferrovial.com\/es\/recursos\/carreteras\/","url":"https:\/\/www.ferrovial.com\/es\/recursos\/carreteras\/","name":"Construcci\u00f3n de carreteras: materiales y maquinaria - Ferrovial","isPartOf":{"@id":"https:\/\/www.ferrovial.com\/es\/#website"},"datePublished":"2019-09-05T11:19:35+00:00","dateModified":"2021-08-12T10:14:34+00:00","description":"Las carreteras son un elemento imprescindible en la infraestructura de la movilidad, y de los m\u00e1s usados por los viajeros. Existen diferentes tipos de carretras, las ...","breadcrumb":{"@id":"https:\/\/www.ferrovial.com\/es\/recursos\/carreteras\/#breadcrumb"},"inLanguage":"es","potentialAction":[{"@type":"ReadAction","target":["https:\/\/www.ferrovial.com\/es\/recursos\/carreteras\/"]}]},{"@type":"BreadcrumbList","@id":"https:\/\/www.ferrovial.com\/es\/recursos\/carreteras\/#breadcrumb","itemListElement":[{"@type":"ListItem","position":1,"name":"Portada","item":"https:\/\/www.ferrovial.com\/es\/"},{"@type":"ListItem","position":2,"name":"Recursos","item":"https:\/\/www.ferrovial.com\/es\/recursos\/"},{"@type":"ListItem","position":3,"name":"Carreteras"}]},{"@type":"WebSite","@id":"https:\/\/www.ferrovial.com\/es\/#website","url":"https:\/\/www.ferrovial.com\/es\/","name":"Ferrovial","description":"Welcome to the Ferrovial&#039;s website, global operator of sustainable infrastructure. Here you can find all the information about the company and subsidiaries.","publisher":{"@id":"https:\/\/www.ferrovial.com\/es\/#organization"},"potentialAction":[{"@type":"SearchAction","target":{"@type":"EntryPoint","urlTemplate":"https:\/\/www.ferrovial.com\/es\/?s={search_term_string}"},"query-input":{"@type":"PropertyValueSpecification","valueRequired":true,"valueName":"search_term_string"}}],"inLanguage":"es"},{"@type":"Organization","@id":"https:\/\/www.ferrovial.com\/es\/#organization","name":"Ferrovial S.A.","url":"https:\/\/www.ferrovial.com\/es\/","logo":{"@type":"ImageObject","inLanguage":"es","@id":"https:\/\/www.ferrovial.com\/es\/#\/schema\/logo\/image\/","url":"https:\/\/static.ferrovial.com\/wp-content\/uploads\/2020\/01\/13124948\/logo-ferrovial-cf7.png","contentUrl":"https:\/\/static.ferrovial.com\/wp-content\/uploads\/2020\/01\/13124948\/logo-ferrovial-cf7.png","width":144,"height":32,"caption":"Ferrovial S.A."},"image":{"@id":"https:\/\/www.ferrovial.com\/es\/#\/schema\/logo\/image\/"},"sameAs":["https:\/\/www.facebook.com\/ferrovial","https:\/\/x.com\/ferrovial","https:\/\/www.instagram.com\/ferrovial\/","https:\/\/www.linkedin.com\/company\/ferrovial","https:\/\/www.pinterest.es\/ferrovial\/","https:\/\/www.youtube.com\/ferrovial","https:\/\/en.wikipedia.org\/wiki\/Ferrovial"]}]}},"_links":{"self":[{"href":"https:\/\/www.ferrovial.com\/es\/wp-json\/wp\/v2\/pages\/18501","targetHints":{"allow":["GET"]}}],"collection":[{"href":"https:\/\/www.ferrovial.com\/es\/wp-json\/wp\/v2\/pages"}],"about":[{"href":"https:\/\/www.ferrovial.com\/es\/wp-json\/wp\/v2\/types\/page"}],"replies":[{"embeddable":true,"href":"https:\/\/www.ferrovial.com\/es\/wp-json\/wp\/v2\/comments?post=18501"}],"version-history":[{"count":2,"href":"https:\/\/www.ferrovial.com\/es\/wp-json\/wp\/v2\/pages\/18501\/revisions"}],"predecessor-version":[{"id":200240,"href":"https:\/\/www.ferrovial.com\/es\/wp-json\/wp\/v2\/pages\/18501\/revisions\/200240"}],"up":[{"embeddable":true,"href":"https:\/\/www.ferrovial.com\/es\/wp-json\/wp\/v2\/pages\/25267"}],"wp:attachment":[{"href":"https:\/\/www.ferrovial.com\/es\/wp-json\/wp\/v2\/media?parent=18501"}],"curies":[{"name":"wp","href":"https:\/\/api.w.org\/{rel}","templated":true}]}}