{"id":18506,"date":"2019-09-05T13:23:58","date_gmt":"2019-09-05T11:23:58","guid":{"rendered":"https:\/\/www.ferrovial.com\/?page_id=18506"},"modified":"2024-01-09T16:31:15","modified_gmt":"2024-01-09T15:31:15","slug":"puentes","status":"publish","type":"page","link":"https:\/\/www.ferrovial.com\/es\/recursos\/puentes\/","title":{"rendered":"Puentes"},"content":{"rendered":"    <m-final-content-header >\n            <c-breadcrumb label-text=\"Breadcrumb\" slot=\"breadcrumbs\" type='2' align='left' wrap='wrapped wrapped' aria-label='Vienes de Recursos'>\n                        <ol>\n\n                                                            <li><a href=\"https:\/\/www.ferrovial.com\/es\/\" title=\"Ferrovial\">Ferrovial<\/a><\/li>\n                                                                        <li><a href=\"https:\/\/www.ferrovial.com\/es\/recursos\/\" title=\"Recursos\">Recursos<\/a><\/li>\n                                    \n                <\/ol>\n\n                <\/c-breadcrumb>\n    \n        <div slot=\"header\">\n            <h1>\n                Puentes            <\/h1>\n                    <\/div>\n    <\/m-final-content-header>\n\n    \n\n\n<p><script type=\"application\/ld+json\">\n{\n  \"@context\": \"https:\/\/schema.org\",\n  \"@type\": \"FAQPage\",\n  \"mainEntity\": {\n    \"@type\": \"Question\",\n    \"name\": \"Tipos de puentes\",\n    \"acceptedAnswer\": {\n      \"@type\": \"Answer\",\n      \"text\": \"Los puentes m\u00e1s sencillos y antiguos son de arco (compresi\u00f3n), de una viga o colgantes (soga o catenaria). Pero durante cientos de a\u00f1os, con \u00e9nfasis en el periodo victoriano, aparecieron muchos tipos de puentes. En la categor\u00eda \u201cpuentes met\u00e1licos\u201d podemos encontrar el Pratt, el Parket; con postes, el Warren, doble Warren y triple Warren con subdiagonal, Pratt de doble diagonal, etc.\"\n    }\n  }\n}\n<\/script><\/p>\n\n\n\n<m-wysiwig class=\"wp-block-components-wysiwyg\"><div slot=\"maincontent\">\n<p class=\"intro\">Los puentes son construcciones que seg\u00fan la Wikipedia: <em>\u201cpermiten salvar un accidente geogr\u00e1fico\u201d<\/em>, con frecuencia un paso de agua o un valle, y complementan a las autopistas. Comunican dos puntos cercanos entre s\u00ed en l\u00ednea recta, pero muy alejados o inaccesibles desde cualquier otra trayectoria.<\/p>\n\n\n\n<h2 class=\"wp-block-heading\">Construcci\u00f3n de puentes<\/h2>\n\n\n\n<p>\nA medida que mejora la t\u00e9cnica, los puentes salvan distancias m\u00e1s grandes. De  puentes de arco a compresi\u00f3n, que salvaban unos <a rel=\"dofollow noopener noreferrer\" href=\"https:\/\/www.ferrovial.com\/blog\/es\/2018\/08\/3000-anos-puentes-imposibles\/\" title=\"A medida que mejora la t\u00e9cnica, los puentes salvan distancias m\u00e1s grandes. De puentes de arco a compresi\u00f3n, que salvaban unos pocos metros en la prehistoria , a puentes de arco que salvan 255 metros y unen dos monta\u00f1as, como el Puente de los Tilos, construido por Ferrovial.\" target=\"_blank\">pocos metros en la prehistoria<\/a> , a puentes de arco que salvan 255 metros y unen dos monta\u00f1as, como el <a href=\"https:\/\/www.ferrovial.com\/blog\/es\/2013\/08\/construccion-del-puente-de-los-tilos\/\" title=\"Construcci\u00f3n del Puente de los Tilos - Ferrovial Blog\" target=\"_blank\" rel=\"dofollow noopener noreferrer\">Puente de los Tilos<\/a>, construido por Ferrovial.\n\n<\/p>\n\n\n\n<h3 class=\"wp-block-heading\">Tipos de puentes<\/h3>\n\n\n\n<p>Los puentes m\u00e1s sencillos y antiguos son de arco (compresi\u00f3n), de una viga o colgantes (soga o catenaria). Pero durante cientos de a\u00f1os, con \u00e9nfasis en el periodo victoriano, aparecieron muchos <strong>tipos de puentes<\/strong>. En la categor\u00eda \u201cpuentes met\u00e1licos\u201d podemos encontrar el Pratt, el Parket; con postes, el Warren, doble Warren y triple Warren con subdiagonal, Pratt de doble diagonal, etc.<\/p>\n\n\n\n<p>Con el tiempo, las grandes estructuras y puentes se han ido estandarizando y haciendo m\u00e1s esbeltas. Limitar el coste de la construcci\u00f3n, aumentar la seguridad de la obra y de la operaci\u00f3n o facilitar el mantenimiento, han dado lugar a nuevas t\u00e9cnicas constructivas. El hormig\u00f3n armado y el acero se han convertido en los materiales protagonistas de estas t\u00e9cnicas debido a su versatilidad.<\/p>\n\n\n\n<h3 class=\"wp-block-heading\">Ejemplos de puentes<\/h3>\n\n\n\n<p>A\u00fan as\u00ed, sigue habiendo espacio para la imaginaci\u00f3n y las formas atrevidas. Es el caso del <a href=\"https:\/\/www.ferrovial.com\/blog\/es\/2013\/09\/construccion-del-puente-de-logrono-ingenieria-innovadora-sobre-el-ebro\/\" title=\"Construcci\u00f3n del Puente de Logro\u00f1o: ingenier\u00eda innovadora sobre el Ebro - Ferrovial Blog\" target=\"_blank\" rel=\"dofollow noopener noreferrer\" aria-label=\" (opens in a new tab)\">Cuarto Puente de Logro\u00f1o<\/a> o el Puente de Pr\u00e1xedes Mateo Sagasta, una estructura de <strong>161 metros de longitud<\/strong> cuya espina dorsal, apoyada en dos extremos, sostiene mediante tirantes un \u00fanico tablero horizontal.<\/p>\n\n\n\n<p>Otros puentes sencillos o cl\u00e1sicos, apoyados sobre columnas o pilares bajos, sostienen horizontales que salvan distancias modestas. As\u00ed ocurre con los conocidos pasos superiores o elevados de <a href=\"https:\/\/www.ferrovial.com\/es\/negocio\/proyectos\/autovia-de-la-plata\/\">autopistas como la A-66<\/a> (Autov\u00eda de la Plata). A menudo pasan desapercibidos frente a la obra.<\/p>\n<\/div><\/m-wysiwig>\n","protected":false},"excerpt":{"rendered":"","protected":false},"featured_media":0,"parent":25267,"menu_order":0,"comment_status":"closed","ping_status":"closed","template":"","meta":{"_acf_changed":false,"footnotes":""},"class_list":["post-18506","page","type-page","status-publish","hentry"],"acf":[],"yoast_head":"<!-- This site is optimized with the Yoast SEO plugin v27.2 - https:\/\/yoast.com\/product\/yoast-seo-wordpress\/ -->\n<title>Construcci\u00f3n de puentes: materiales y tipos de puentes - Ferrovial<\/title>\n<meta name=\"description\" content=\"Los puentes son construcciones que permiten salvar accidentes geogr\u00e1ficos y complementar la infraestructura de autopistas u otras v\u00edas. Descubre c\u00f3mo ...\" \/>\n<meta name=\"robots\" content=\"index, follow, max-snippet:-1, max-image-preview:large, max-video-preview:-1\" \/>\n<link rel=\"canonical\" href=\"https:\/\/www.ferrovial.com\/es\/recursos\/puentes\/\" \/>\n<meta property=\"og:locale\" content=\"es_ES\" \/>\n<meta property=\"og:type\" content=\"article\" \/>\n<meta property=\"og:title\" content=\"Construcci\u00f3n de puentes: materiales y tipos de puentes - Ferrovial\" \/>\n<meta property=\"og:description\" content=\"Los puentes son construcciones que permiten salvar accidentes geogr\u00e1ficos y complementar la infraestructura de autopistas u otras v\u00edas. Descubre c\u00f3mo ...\" \/>\n<meta property=\"og:url\" content=\"https:\/\/www.ferrovial.com\/es\/recursos\/puentes\/\" \/>\n<meta property=\"og:site_name\" content=\"Ferrovial\" \/>\n<meta property=\"article:publisher\" content=\"https:\/\/www.facebook.com\/ferrovial\" \/>\n<meta property=\"article:modified_time\" content=\"2024-01-09T15:31:15+00:00\" \/>\n<meta name=\"twitter:card\" content=\"summary_large_image\" \/>\n<meta name=\"twitter:site\" content=\"@ferrovial\" \/>\n<meta name=\"twitter:label1\" content=\"Est. reading time\" \/>\n\t<meta name=\"twitter:data1\" content=\"2 minutos\" \/>\n<!-- \/ Yoast SEO plugin. -->","yoast_head_json":{"title":"Construcci\u00f3n de puentes: materiales y tipos de puentes - Ferrovial","description":"Los puentes son construcciones que permiten salvar accidentes geogr\u00e1ficos y complementar la infraestructura de autopistas u otras v\u00edas. Descubre c\u00f3mo ...","robots":{"index":"index","follow":"follow","max-snippet":"max-snippet:-1","max-image-preview":"max-image-preview:large","max-video-preview":"max-video-preview:-1"},"canonical":"https:\/\/www.ferrovial.com\/es\/recursos\/puentes\/","og_locale":"es_ES","og_type":"article","og_title":"Construcci\u00f3n de puentes: materiales y tipos de puentes - Ferrovial","og_description":"Los puentes son construcciones que permiten salvar accidentes geogr\u00e1ficos y complementar la infraestructura de autopistas u otras v\u00edas. Descubre c\u00f3mo ...","og_url":"https:\/\/www.ferrovial.com\/es\/recursos\/puentes\/","og_site_name":"Ferrovial","article_publisher":"https:\/\/www.facebook.com\/ferrovial","article_modified_time":"2024-01-09T15:31:15+00:00","twitter_card":"summary_large_image","twitter_site":"@ferrovial","twitter_misc":{"Est. reading time":"2 minutos"},"schema":{"@context":"https:\/\/schema.org","@graph":[{"@type":"WebPage","@id":"https:\/\/www.ferrovial.com\/es\/recursos\/puentes\/","url":"https:\/\/www.ferrovial.com\/es\/recursos\/puentes\/","name":"Construcci\u00f3n de puentes: materiales y tipos de puentes - Ferrovial","isPartOf":{"@id":"https:\/\/www.ferrovial.com\/es\/#website"},"datePublished":"2019-09-05T11:23:58+00:00","dateModified":"2024-01-09T15:31:15+00:00","description":"Los puentes son construcciones que permiten salvar accidentes geogr\u00e1ficos y complementar la infraestructura de autopistas u otras v\u00edas. Descubre c\u00f3mo ...","breadcrumb":{"@id":"https:\/\/www.ferrovial.com\/es\/recursos\/puentes\/#breadcrumb"},"inLanguage":"es","potentialAction":[{"@type":"ReadAction","target":["https:\/\/www.ferrovial.com\/es\/recursos\/puentes\/"]}]},{"@type":"BreadcrumbList","@id":"https:\/\/www.ferrovial.com\/es\/recursos\/puentes\/#breadcrumb","itemListElement":[{"@type":"ListItem","position":1,"name":"Portada","item":"https:\/\/www.ferrovial.com\/es\/"},{"@type":"ListItem","position":2,"name":"Recursos","item":"https:\/\/www.ferrovial.com\/es\/recursos\/"},{"@type":"ListItem","position":3,"name":"Puentes"}]},{"@type":"WebSite","@id":"https:\/\/www.ferrovial.com\/es\/#website","url":"https:\/\/www.ferrovial.com\/es\/","name":"Ferrovial","description":"Welcome to the Ferrovial&#039;s website, global operator of sustainable infrastructure. Here you can find all the information about the company and subsidiaries.","publisher":{"@id":"https:\/\/www.ferrovial.com\/es\/#organization"},"potentialAction":[{"@type":"SearchAction","target":{"@type":"EntryPoint","urlTemplate":"https:\/\/www.ferrovial.com\/es\/?s={search_term_string}"},"query-input":{"@type":"PropertyValueSpecification","valueRequired":true,"valueName":"search_term_string"}}],"inLanguage":"es"},{"@type":"Organization","@id":"https:\/\/www.ferrovial.com\/es\/#organization","name":"Ferrovial S.A.","url":"https:\/\/www.ferrovial.com\/es\/","logo":{"@type":"ImageObject","inLanguage":"es","@id":"https:\/\/www.ferrovial.com\/es\/#\/schema\/logo\/image\/","url":"https:\/\/static.ferrovial.com\/wp-content\/uploads\/2020\/01\/13124948\/logo-ferrovial-cf7.png","contentUrl":"https:\/\/static.ferrovial.com\/wp-content\/uploads\/2020\/01\/13124948\/logo-ferrovial-cf7.png","width":144,"height":32,"caption":"Ferrovial S.A."},"image":{"@id":"https:\/\/www.ferrovial.com\/es\/#\/schema\/logo\/image\/"},"sameAs":["https:\/\/www.facebook.com\/ferrovial","https:\/\/x.com\/ferrovial","https:\/\/www.instagram.com\/ferrovial\/","https:\/\/www.linkedin.com\/company\/ferrovial","https:\/\/www.pinterest.es\/ferrovial\/","https:\/\/www.youtube.com\/ferrovial","https:\/\/en.wikipedia.org\/wiki\/Ferrovial"]}]}},"_links":{"self":[{"href":"https:\/\/www.ferrovial.com\/es\/wp-json\/wp\/v2\/pages\/18506","targetHints":{"allow":["GET"]}}],"collection":[{"href":"https:\/\/www.ferrovial.com\/es\/wp-json\/wp\/v2\/pages"}],"about":[{"href":"https:\/\/www.ferrovial.com\/es\/wp-json\/wp\/v2\/types\/page"}],"replies":[{"embeddable":true,"href":"https:\/\/www.ferrovial.com\/es\/wp-json\/wp\/v2\/comments?post=18506"}],"version-history":[{"count":3,"href":"https:\/\/www.ferrovial.com\/es\/wp-json\/wp\/v2\/pages\/18506\/revisions"}],"predecessor-version":[{"id":273826,"href":"https:\/\/www.ferrovial.com\/es\/wp-json\/wp\/v2\/pages\/18506\/revisions\/273826"}],"up":[{"embeddable":true,"href":"https:\/\/www.ferrovial.com\/es\/wp-json\/wp\/v2\/pages\/25267"}],"wp:attachment":[{"href":"https:\/\/www.ferrovial.com\/es\/wp-json\/wp\/v2\/media?parent=18506"}],"curies":[{"name":"wp","href":"https:\/\/api.w.org\/{rel}","templated":true}]}}