{"id":18539,"date":"2019-09-05T13:25:45","date_gmt":"2019-09-05T11:25:45","guid":{"rendered":"https:\/\/www.ferrovial.com\/?page_id=18539"},"modified":"2025-12-16T13:20:47","modified_gmt":"2025-12-16T12:20:47","slug":"aeropuertos","status":"publish","type":"page","link":"https:\/\/www.ferrovial.com\/es\/recursos\/aeropuertos\/","title":{"rendered":"Aeropuertos &#8211; Recursos"},"content":{"rendered":"    <m-final-content-header >\n            <c-breadcrumb label-text=\"Breadcrumb\" slot=\"breadcrumbs\" type='2' align='left' wrap='wrapped wrapped' aria-label='Vienes de Recursos'>\n                        <ol>\n\n                                                            <li><a href=\"https:\/\/www.ferrovial.com\/es\/\" title=\"Ferrovial\">Ferrovial<\/a><\/li>\n                                                                        <li><a href=\"https:\/\/www.ferrovial.com\/es\/recursos\/\" title=\"Recursos\">Recursos<\/a><\/li>\n                                    \n                <\/ol>\n\n                <\/c-breadcrumb>\n    \n        <div slot=\"header\">\n            <h1>\n                Aeropuertos            <\/h1>\n                    <\/div>\n    <\/m-final-content-header>\n\n    \n\n\n<p><script type=\"application\/ld+json\">\n{\n  \"@context\": \"https:\/\/schema.org\",\n  \"@type\": \"FAQPage\",\n  \"mainEntity\": [{\n    \"@type\": \"Question\",\n    \"name\": \"\u00bfQu\u00e9 es un aeropuerto?\",\n    \"acceptedAnswer\": {\n      \"@type\": \"Answer\",\n      \"text\": \"Los aeropuertos son espacios autorizados para el despegue y aterrizaje de aeronaves (aviones en vuelos comerciales) vitales en el transporte de personas y objetos. A menudo son el \u00fanico punto de uni\u00f3n entre ciudades, pa\u00edses o continentes, incluso entre familiares. Este tipo de infraestructura requiere de una experiencia \u00fanica en cuanto a construcci\u00f3n se refiere.\"\n    }\n  },{\n    \"@type\": \"Question\",\n    \"name\": \"\u00bfQu\u00e9 obras ha acometido Ferrovial en aeropuertos a nivel global?\",\n    \"acceptedAnswer\": {\n      \"@type\": \"Answer\",\n      \"text\": \"n Ferrovial contamos con la experiencia de haber trabajado en 41 aeropuertos en diferentes puntos del mundo y en diferentes \u00e1reas de construcci\u00f3n: nuevas terminales, torres de control, aparcamientos, obra civil, renovaciones de pista, etc. Muchas de estas intervenciones se han realizado en Europa, principalmente en el  Reino Unido (Heathrow, Gatwick, Stansted, Southampton, Aberdeen, Glasgow, y Edinburgh), y en M\u00e9xico (Canc\u00fan, M\u00e9rida, Veracruz, Villahermosa, Oaxaca, Minatitl\u00e1n, Cozumel, Huatulco y Tapachula).\"\n    }\n  },{\n    \"@type\": \"Question\",\n    \"name\": \"\u00bfCu\u00e1les son las partes de un aeropuerto?\",\n    \"acceptedAnswer\": {\n      \"@type\": \"Answer\",\n      \"text\": \"Las terminales y torres de control son los elementos m\u00e1s conocidos de un aeropuerto, pero las pistas y el pavimento sobre el que despegan y aterrizan los aviones, son algunos de los grandes olvidados en las instalaciones aeroportuarias. Sin embargo, estos elementos son  de suma importancia en cuanto a la seguridad y la eficiencia de la rodadura se refiere.\"\n    }\n  }]\n}\n<\/script><\/p>\n\n\n\n<m-wysiwig class=\"wp-block-components-wysiwyg\"><div slot=\"maincontent\">    <p class=\"intro\">Los aeropuertos son espacios autorizados para el despegue y aterrizaje de aeronaves (aviones en vuelos comerciales) vitales en el transporte de personas y objetos. A menudo son el \u00fanico punto de uni\u00f3n entre ciudades, pa\u00edses o continentes, incluso entre familiares. Este tipo de infraestructura requiere de una experiencia \u00fanica en cuanto a construcci\u00f3n se refiere.\n<\/p>\n    \n\n\n<p>La construcci\u00f3n de los aeropuertos es muy diferente a la de otro tipo de obras. El n\u00famero de factores a tener en cuenta es mayor y m\u00e1s complejo. Hay que conseguir maximizar la flota de aviones, tener en cuenta las corrientes de aire de la zona y mantener la seguridad de los flujos de personas, adem\u00e1s de compenetrar a los usuarios con los servicios de transporte p\u00fablico presentes en la zona. <\/p>\n\n\n\n<h2 class=\"wp-block-heading\">\u00bfQu\u00e9 obras ha acometido Ferrovial en aeropuertos a nivel global?<\/h2>\n\n\n\n<p>En Ferrovial contamos con la experiencia de haber trabajado en <strong>43 aeropuertos en diferentes puntos del mundo<\/strong> y en diferentes \u00e1reas de construcci\u00f3n: nuevas terminales, torres de control, aparcamientos, obra civil, renovaciones de pista, etc. Muchas de estas intervenciones se han realizado en Europa, principalmente en el Reino Unido (Heathrow, Gatwick, Stansted, Southampton, Aberdeen, Glasgow y Edinburgh), pero tambi\u00e9n en otros pa\u00edses como M\u00e9xico (Canc\u00fan, M\u00e9rida, Veracruz, Villahermosa, Oaxaca, Minatitl\u00e1n, Cozumel, Huatulco y Tapachula), EE.UU. (<a href=\"https:\/\/www.ferrovial.com\/es\/negocio\/proyectos\/nueva-terminal-1-aeropuerto-internacional-jfk\/\" target=\"_blank\" rel=\"noreferrer noopener\">Nueva Terminal 1, Aeropuerto Internacional JFK<\/a>) o Turqu\u00eda (<a href=\"https:\/\/www.ferrovial.com\/es\/negocio\/proyectos\/aeropuerto-internacional-de-dalaman\/\" target=\"_blank\" rel=\"noreferrer noopener\">Aeropuerto Internacional de Dalaman<\/a>).<\/p>\n\n\n\n<p>La privatizaci\u00f3n de la infraestructura aeroportuaria a nivel europeo hizo posible la construcci\u00f3n del aeropuerto de Bristol en 2001. No hemos dejado de aprender y el <em>know how<\/em> o conocimiento acumulado, es hoy un punto fuerte a la hora de <strong>construir aeropuertos<\/strong> debido a sus elevados est\u00e1ndares de calidad y especificaciones, que van mucho m\u00e1s all\u00e1 de normas como la ISO 9001 e ISO 14001.<\/p>\n\n\n\n<h2 class=\"wp-block-heading\">\u00bfCu\u00e1les son las partes de un aeropuerto?<\/h2>\n\n\n\n<p>Las <strong>terminales<\/strong> y <strong>torres de control<\/strong> son los elementos m\u00e1s conocidos de un aeropuerto, pero las <strong>pistas<\/strong> y el<strong> pavimento<\/strong> sobre el que despegan y aterrizan los aviones, son algunos de los grandes olvidados en las instalaciones aeroportuarias. Sin embargo, estos elementos son  de suma importancia en cuanto a la seguridad y la eficiencia de la rodadura se refiere.<\/p>\n\n\n\n<p>En 2016 Ferrovial renov\u00f3 en tiempo r\u00e9cord <a title=\"Ferrovial Agroman renueva una pista del Aeropuerto de Barajas en un tiempo record Sala de prensa\" aria-label=\" (opens in a new tab)\" href=\"https:\/\/newsroom.ferrovial.com\/es\/noticias\/como-se-regenera-la-pista-del-aeropuerto-barajas\/\" target=\"_blank\" rel=\"dofollow noopener noreferrer\">el pavimento del Aeropuerto Adolfo Su\u00e1rez Madrid-Barajas<\/a>, un trabajo de 24 horas durante cinco d\u00edas consecutivos para regenerar 70.000 toneladas de pavimento flexible. El mismo sobre el que aviones de miles de toneladas se posan tras vuelos internacionales.<\/p>\n<\/div><\/m-wysiwig>\n\n\n    <m-video >\n                <a class='m-video__modal' slot='modal' href='https:\/\/www.youtube-nocookie.com\/embed\/RmQx-JO8CSM'>\n            <img slot=\"poster\" v-lazy=\"'https:\/\/static.ferrovial.com\/wp-content\/uploads\/2019\/12\/13131951\/imagen-renovacion-de-la-t4-en-el-aeropuerto-de-barajas.jpg'\" title=\"\" width=\"1280\" height=\"100%\" >\n        <\/a>\n                        <h3 slot=\"title\">\n                                      <\/h3>\n                    <\/m-video>\n    ","protected":false},"excerpt":{"rendered":"","protected":false},"featured_media":0,"parent":25267,"menu_order":0,"comment_status":"closed","ping_status":"closed","template":"","meta":{"_acf_changed":false,"footnotes":""},"class_list":["post-18539","page","type-page","status-publish","hentry"],"acf":[],"yoast_head":"<!-- This site is optimized with the Yoast SEO plugin v27.2 - https:\/\/yoast.com\/product\/yoast-seo-wordpress\/ -->\n<title>Construcci\u00f3n de aeropuertos y pistas de aterrizaje - Ferrovial<\/title>\n<meta name=\"description\" content=\"Los aeropuertos son los espacios autorizados para el despegue y aterrizaje de aeronaves, elementos claves en transporte de personas y objetos. Descubre c\u00f3mo ...\" \/>\n<meta name=\"robots\" content=\"index, follow, max-snippet:-1, max-image-preview:large, max-video-preview:-1\" \/>\n<link rel=\"canonical\" href=\"https:\/\/www.ferrovial.com\/es\/recursos\/aeropuertos\/\" \/>\n<meta property=\"og:locale\" content=\"es_ES\" \/>\n<meta property=\"og:type\" content=\"article\" \/>\n<meta property=\"og:title\" content=\"Construcci\u00f3n de aeropuertos y pistas de aterrizaje - Ferrovial\" \/>\n<meta property=\"og:description\" content=\"Los aeropuertos son los espacios autorizados para el despegue y aterrizaje de aeronaves, elementos claves en transporte de personas y objetos. Descubre c\u00f3mo ...\" \/>\n<meta property=\"og:url\" content=\"https:\/\/www.ferrovial.com\/es\/recursos\/aeropuertos\/\" \/>\n<meta property=\"og:site_name\" content=\"Ferrovial\" \/>\n<meta property=\"article:publisher\" content=\"https:\/\/www.facebook.com\/ferrovial\" \/>\n<meta property=\"article:modified_time\" content=\"2025-12-16T12:20:47+00:00\" \/>\n<meta name=\"twitter:card\" content=\"summary_large_image\" \/>\n<meta name=\"twitter:site\" content=\"@ferrovial\" \/>\n<meta name=\"twitter:label1\" content=\"Est. reading time\" \/>\n\t<meta name=\"twitter:data1\" content=\"2 minutos\" \/>\n<!-- \/ Yoast SEO plugin. -->","yoast_head_json":{"title":"Construcci\u00f3n de aeropuertos y pistas de aterrizaje - Ferrovial","description":"Los aeropuertos son los espacios autorizados para el despegue y aterrizaje de aeronaves, elementos claves en transporte de personas y objetos. Descubre c\u00f3mo ...","robots":{"index":"index","follow":"follow","max-snippet":"max-snippet:-1","max-image-preview":"max-image-preview:large","max-video-preview":"max-video-preview:-1"},"canonical":"https:\/\/www.ferrovial.com\/es\/recursos\/aeropuertos\/","og_locale":"es_ES","og_type":"article","og_title":"Construcci\u00f3n de aeropuertos y pistas de aterrizaje - Ferrovial","og_description":"Los aeropuertos son los espacios autorizados para el despegue y aterrizaje de aeronaves, elementos claves en transporte de personas y objetos. Descubre c\u00f3mo ...","og_url":"https:\/\/www.ferrovial.com\/es\/recursos\/aeropuertos\/","og_site_name":"Ferrovial","article_publisher":"https:\/\/www.facebook.com\/ferrovial","article_modified_time":"2025-12-16T12:20:47+00:00","twitter_card":"summary_large_image","twitter_site":"@ferrovial","twitter_misc":{"Est. reading time":"2 minutos"},"schema":{"@context":"https:\/\/schema.org","@graph":[{"@type":"WebPage","@id":"https:\/\/www.ferrovial.com\/es\/recursos\/aeropuertos\/","url":"https:\/\/www.ferrovial.com\/es\/recursos\/aeropuertos\/","name":"Construcci\u00f3n de aeropuertos y pistas de aterrizaje - Ferrovial","isPartOf":{"@id":"https:\/\/www.ferrovial.com\/es\/#website"},"datePublished":"2019-09-05T11:25:45+00:00","dateModified":"2025-12-16T12:20:47+00:00","description":"Los aeropuertos son los espacios autorizados para el despegue y aterrizaje de aeronaves, elementos claves en transporte de personas y objetos. Descubre c\u00f3mo ...","breadcrumb":{"@id":"https:\/\/www.ferrovial.com\/es\/recursos\/aeropuertos\/#breadcrumb"},"inLanguage":"es","potentialAction":[{"@type":"ReadAction","target":["https:\/\/www.ferrovial.com\/es\/recursos\/aeropuertos\/"]}]},{"@type":"BreadcrumbList","@id":"https:\/\/www.ferrovial.com\/es\/recursos\/aeropuertos\/#breadcrumb","itemListElement":[{"@type":"ListItem","position":1,"name":"Portada","item":"https:\/\/www.ferrovial.com\/es\/"},{"@type":"ListItem","position":2,"name":"Recursos","item":"https:\/\/www.ferrovial.com\/es\/recursos\/"},{"@type":"ListItem","position":3,"name":"Aeropuertos &#8211; Recursos"}]},{"@type":"WebSite","@id":"https:\/\/www.ferrovial.com\/es\/#website","url":"https:\/\/www.ferrovial.com\/es\/","name":"Ferrovial","description":"Welcome to the Ferrovial&#039;s website, global operator of sustainable infrastructure. Here you can find all the information about the company and subsidiaries.","publisher":{"@id":"https:\/\/www.ferrovial.com\/es\/#organization"},"potentialAction":[{"@type":"SearchAction","target":{"@type":"EntryPoint","urlTemplate":"https:\/\/www.ferrovial.com\/es\/?s={search_term_string}"},"query-input":{"@type":"PropertyValueSpecification","valueRequired":true,"valueName":"search_term_string"}}],"inLanguage":"es"},{"@type":"Organization","@id":"https:\/\/www.ferrovial.com\/es\/#organization","name":"Ferrovial S.A.","url":"https:\/\/www.ferrovial.com\/es\/","logo":{"@type":"ImageObject","inLanguage":"es","@id":"https:\/\/www.ferrovial.com\/es\/#\/schema\/logo\/image\/","url":"https:\/\/static.ferrovial.com\/wp-content\/uploads\/2020\/01\/13124948\/logo-ferrovial-cf7.png","contentUrl":"https:\/\/static.ferrovial.com\/wp-content\/uploads\/2020\/01\/13124948\/logo-ferrovial-cf7.png","width":144,"height":32,"caption":"Ferrovial S.A."},"image":{"@id":"https:\/\/www.ferrovial.com\/es\/#\/schema\/logo\/image\/"},"sameAs":["https:\/\/www.facebook.com\/ferrovial","https:\/\/x.com\/ferrovial","https:\/\/www.instagram.com\/ferrovial\/","https:\/\/www.linkedin.com\/company\/ferrovial","https:\/\/www.pinterest.es\/ferrovial\/","https:\/\/www.youtube.com\/ferrovial","https:\/\/en.wikipedia.org\/wiki\/Ferrovial"]}]}},"_links":{"self":[{"href":"https:\/\/www.ferrovial.com\/es\/wp-json\/wp\/v2\/pages\/18539","targetHints":{"allow":["GET"]}}],"collection":[{"href":"https:\/\/www.ferrovial.com\/es\/wp-json\/wp\/v2\/pages"}],"about":[{"href":"https:\/\/www.ferrovial.com\/es\/wp-json\/wp\/v2\/types\/page"}],"replies":[{"embeddable":true,"href":"https:\/\/www.ferrovial.com\/es\/wp-json\/wp\/v2\/comments?post=18539"}],"version-history":[{"count":3,"href":"https:\/\/www.ferrovial.com\/es\/wp-json\/wp\/v2\/pages\/18539\/revisions"}],"predecessor-version":[{"id":320288,"href":"https:\/\/www.ferrovial.com\/es\/wp-json\/wp\/v2\/pages\/18539\/revisions\/320288"}],"up":[{"embeddable":true,"href":"https:\/\/www.ferrovial.com\/es\/wp-json\/wp\/v2\/pages\/25267"}],"wp:attachment":[{"href":"https:\/\/www.ferrovial.com\/es\/wp-json\/wp\/v2\/media?parent=18539"}],"curies":[{"name":"wp","href":"https:\/\/api.w.org\/{rel}","templated":true}]}}