{"id":18554,"date":"2019-09-05T13:35:43","date_gmt":"2019-09-05T11:35:43","guid":{"rendered":"https:\/\/www.ferrovial.com\/?page_id=18554"},"modified":"2025-06-19T10:45:47","modified_gmt":"2025-06-19T08:45:47","slug":"depuracion","status":"publish","type":"page","link":"https:\/\/www.ferrovial.com\/es\/recursos\/depuracion\/","title":{"rendered":"\u00bfQu\u00e9 es la depuraci\u00f3n de aguas?"},"content":{"rendered":"    <m-final-content-header >\n            <c-breadcrumb label-text=\"Breadcrumb\" slot=\"breadcrumbs\" type='2' align='left' wrap='wrapped wrapped' aria-label='Vienes de Recursos'>\n                        <ol>\n\n                                                            <li><a href=\"https:\/\/www.ferrovial.com\/es\/\" title=\"Ferrovial\">Ferrovial<\/a><\/li>\n                                                                        <li><a href=\"https:\/\/www.ferrovial.com\/es\/recursos\/\" title=\"Recursos\">Recursos<\/a><\/li>\n                                    \n                <\/ol>\n\n                <\/c-breadcrumb>\n    \n        <div slot=\"header\">\n            <h1>\n                \u00bfQu\u00e9 es la depuraci\u00f3n de aguas?            <\/h1>\n                    <\/div>\n    <\/m-final-content-header>\n\n    \n\n\n<p><script type=\"application\/ld+json\">\n{\n  \"@context\": \"https:\/\/schema.org\",\n  \"@type\": \"FAQPage\",\n  \"mainEntity\": [{\n    \"@type\": \"Question\",\n    \"name\": \"\u00bfQu\u00e9 es la depuraci\u00f3n de aguas?\",\n    \"acceptedAnswer\": {\n      \"@type\": \"Answer\",\n      \"text\": \"La depuraci\u00f3n de aguas residuales busca eliminar del agua componentes indeseables, contaminantes, nocivos o t\u00f3xicos, en funci\u00f3n de los problemas que puedan causar en la salud de las personas o en el funcionamiento del bioma hacia el que vaya el agua una vez depurada.\"\n    }\n  },{\n    \"@type\": \"Question\",\n    \"name\": \"\u00bfC\u00f3mo se lleva a cabo la depuraci\u00f3n de aguas residuales en las EDAR?\",\n    \"acceptedAnswer\": {\n      \"@type\": \"Answer\",\n      \"text\": \"Este proceso se divide en dos fases muy diferenciadas dentro de una red de saneamiento.  Suele tener una entrada (colector) y una salida (efluente). Por la entrada pasa un caudal proveniente de la actividad dom\u00e9stica, industrial o agr\u00edcola, y por la salida el agua es devuelta a la red o al medio ambiente en su estado \u00f3ptimo y seg\u00fan la calidad que exige la normativa. En ocasiones el agua se reutiliza.\"\n    }\n  },{\n    \"@type\": \"Question\",\n    \"name\": \"\u00bfQu\u00e9 tipo de tratamientos se hacen en una EDAR?\",\n    \"acceptedAnswer\": {\n      \"@type\": \"Answer\",\n      \"text\": \"'<ul>'\n   '<li>'Tratamiento de aguas residuales primario: Al entrar a la depuradora, el agua residual pasa por un pretratamiento y por un tratamiento primario. Es com\u00fan para la depuraci\u00f3n, la potabilizaci\u00f3n y la desalaci\u00f3n. El pretratamiento tiene como objetivo proteger las instalaciones de fragmentos gruesos. El tratamiento primario elimina el resto de s\u00f3lidos flotantes, en suspensi\u00f3n, arenas, grasas y aceites'<\/li>'\n   '<li>'Tratamiento de aguas residuales secundario:  habitualmente qu\u00edmico o biol\u00f3gico. El objetivo principal es eliminar la materia org\u00e1nica que queda aprisionada en lodos compuestos de metales pesados, bacterias patog\u00e9nicas, f\u00f3sforo, nitr\u00f3geno o carbohidratos, entre otros. Los tratamientos m\u00e1s frecuentes son los reactores secuenciales, el lagunaje facultativo y aireado, los lechos de turba o los biodiscos.'<\/li>'\n'<\/ul>'\"\n    }\n  }]\n}\n<\/script><\/p>\n\n\n\n<m-wysiwig class=\"wp-block-components-wysiwyg\"><div slot=\"maincontent\">\n<p>La depuraci\u00f3n de aguas residuales busca eliminar del agua componentes indeseables, contaminantes, nocivos o t\u00f3xicos, en funci\u00f3n de los problemas que puedan causar en la salud de las personas o en el funcionamiento del bioma hacia el que vaya el agua una vez depurada. Esta t\u00e9cnica se realiza en una planta de tratamiento de aguas denominada EDAR (Estaci\u00f3n de Depuraci\u00f3n de Aguas Residuales).<\/p>\n\n\n\n<p>Dise\u00f1amos nuestras depuradoras con el objetivo de cumplir su cometido con un m\u00ednimo coste del Ciclo de Vida integral de las instalaciones as\u00ed como por un compromiso con el medio ambiente. \u00a0Con m\u00e1s de 125 depuradoras depuramos los vertidos de m\u00e1s de 29 millones de habitantes.<\/p>\n\n\n\n<h2 class=\"wp-block-heading\">\u00bfC\u00f3mo se lleva a cabo la depuraci\u00f3n de aguas residuales en las EDAR?<\/h2>\n\n\n\n<p> Este proceso se divide en dos fases muy diferenciadas dentro de una red de saneamiento.  Suele tener una entrada (colector) y una salida (efluente). Por la entrada pasa un caudal proveniente de la actividad dom\u00e9stica, industrial o agr\u00edcola, y por la salida el agua es devuelta a la red o al medio ambiente en su estado \u00f3ptimo y seg\u00fan la calidad que exige la normativa. En ocasiones el agua se reutiliza. <\/p>\n\n\n\n<h2 class=\"wp-block-heading\">\u00bfQu\u00e9 tipo de tratamientos se hacen en una EDAR?<\/h2>\n\n\n\n<h3 class=\"wp-block-heading\">Tratamiento de aguas residuales primario<\/h3>\n\n\n\n<p>Al entrar a la depuradora, el agua residual pasa por un <strong>pretratamiento y<\/strong> <strong>por un tratamiento primario<\/strong>. Es com\u00fan para la depuraci\u00f3n, la potabilizaci\u00f3n y la desalaci\u00f3n. El pretratamiento tiene como objetivo proteger las instalaciones de fragmentos gruesos. El tratamiento primario elimina el resto de s\u00f3lidos flotantes, en suspensi\u00f3n, arenas, grasas y aceites.<\/p>\n\n\n\n<p>Ponemos como ejemplo a la <a rel=\"dofollow noopener noreferrer\" aria-label=\" (opens in a new tab)\" href=\"https:\/\/newsroom.ferrovial.com\/es\/noticias\/depuracion-aguas-residuales-en-aragon\/\" title=\"Recepci\u00f3n de las obras de la depuradora de Aguas Residuales de la zona de Utebo Sala de prensa\" target=\"_blank\">depuradora de Utebo<\/a>, cuenta con obra de llegada, tamizado de s\u00f3lidos finos, desarenador-desengrasador y medida de regulaci\u00f3n de caudal. Adem\u00e1s tiene un tanque de tormentas pensado para recibir el excedente durante el pretratamiento. Es tambi\u00e9n el caso de la estaci\u00f3n de <a href=\"https:\/\/contrataciondelestado.es\/wps\/portal\/!ut\/p\/b0\/04_Sj9CPykssy0xPLMnMz0vMAfIjU1JTC3Iy87KtUlJLEnNyUuNzMpMzSxKTgQr0w_Wj9KMyU1zLcvQjPUw8k0K9_LNSfD0DvY1CXNMi3Cu1HW1t9Qtycx0BrNqDSQ!!\/\" target=\"_blank\" rel=\"nofollow noopener noreferrer\" aria-label=\" (opens in a new tab)\" title=\"Ahigal\">Ahigal, La Granja, Mohedas de Granadilla y Zarza de Granadilla<\/a> (C\u00e1ceres).<\/p>\n\n\n\n<h3 class=\"wp-block-heading\"> Tratamiento de aguas residuales secundario<\/h3>\n\n\n\n<p>Despu\u00e9s de los tratamientos f\u00edsicos el agua pasa al <strong>tratamiento secundario<\/strong>, habitualmente qu\u00edmico o biol\u00f3gico. El objetivo principal es eliminar la materia org\u00e1nica que queda aprisionada en lodos compuestos de metales pesados, bacterias patog\u00e9nicas, f\u00f3sforo, nitr\u00f3geno o carbohidratos, entre otros. Los tratamientos m\u00e1s frecuentes son los reactores secuenciales, el lagunaje facultativo y aireado, los lechos de turba o los biodiscos.<\/p>\n\n\n\n<p>Cuando la planta es grande, como el caso del <a title=\"Nueva planta de tratamiento de aguas residuales en Tenerife Sala de prensa\" aria-label=\" (opens in a new tab)\" href=\"https:\/\/newsroom.ferrovial.com\/es\/noticias\/tratamiento-de-aguas-residuales-en-tenerife\/\" target=\"_blank\" rel=\"dofollow noopener noreferrer\">Valle de G\u00fc\u00edmar<\/a> (Tenerife), parte del tratamiento secundario se denomina <strong>terciario<\/strong>. El objetivo de este es disminuir los s\u00f3lidos en suspensi\u00f3n, los coliformes y otros elementos pat\u00f3genos.<\/p>\n<\/div><\/m-wysiwig>\n","protected":false},"excerpt":{"rendered":"","protected":false},"featured_media":0,"parent":25267,"menu_order":0,"comment_status":"closed","ping_status":"closed","template":"","meta":{"_acf_changed":false,"footnotes":""},"class_list":["post-18554","page","type-page","status-publish","hentry"],"acf":[],"yoast_head":"<!-- This site is optimized with the Yoast SEO plugin v27.2 - https:\/\/yoast.com\/product\/yoast-seo-wordpress\/ -->\n<title>Depuraci\u00f3n de aguas residuales en plantas EDAR - Ferrovial<\/title>\n<meta name=\"description\" content=\"La depuraci\u00f3n de aguas residuales es una t\u00e9cnica que busca eliminar componentes indeseables, contaminantes, nocivos o t\u00f3xicos del agua. Descubre c\u00f3mo ...\" \/>\n<meta name=\"robots\" content=\"index, follow, max-snippet:-1, max-image-preview:large, max-video-preview:-1\" \/>\n<link rel=\"canonical\" href=\"https:\/\/www.ferrovial.com\/es\/recursos\/depuracion\/\" \/>\n<meta property=\"og:locale\" content=\"es_ES\" \/>\n<meta property=\"og:type\" content=\"article\" \/>\n<meta property=\"og:title\" content=\"Depuraci\u00f3n de aguas residuales en plantas EDAR - Ferrovial\" \/>\n<meta property=\"og:description\" content=\"La depuraci\u00f3n de aguas residuales es una t\u00e9cnica que busca eliminar componentes indeseables, contaminantes, nocivos o t\u00f3xicos del agua. Descubre c\u00f3mo ...\" \/>\n<meta property=\"og:url\" content=\"https:\/\/www.ferrovial.com\/es\/recursos\/depuracion\/\" \/>\n<meta property=\"og:site_name\" content=\"Ferrovial\" \/>\n<meta property=\"article:publisher\" content=\"https:\/\/www.facebook.com\/ferrovial\" \/>\n<meta property=\"article:modified_time\" content=\"2025-06-19T08:45:47+00:00\" \/>\n<meta name=\"twitter:card\" content=\"summary_large_image\" \/>\n<meta name=\"twitter:site\" content=\"@ferrovial\" \/>\n<meta name=\"twitter:label1\" content=\"Est. reading time\" \/>\n\t<meta name=\"twitter:data1\" content=\"2 minutos\" \/>\n<!-- \/ Yoast SEO plugin. -->","yoast_head_json":{"title":"Depuraci\u00f3n de aguas residuales en plantas EDAR - Ferrovial","description":"La depuraci\u00f3n de aguas residuales es una t\u00e9cnica que busca eliminar componentes indeseables, contaminantes, nocivos o t\u00f3xicos del agua. Descubre c\u00f3mo ...","robots":{"index":"index","follow":"follow","max-snippet":"max-snippet:-1","max-image-preview":"max-image-preview:large","max-video-preview":"max-video-preview:-1"},"canonical":"https:\/\/www.ferrovial.com\/es\/recursos\/depuracion\/","og_locale":"es_ES","og_type":"article","og_title":"Depuraci\u00f3n de aguas residuales en plantas EDAR - Ferrovial","og_description":"La depuraci\u00f3n de aguas residuales es una t\u00e9cnica que busca eliminar componentes indeseables, contaminantes, nocivos o t\u00f3xicos del agua. Descubre c\u00f3mo ...","og_url":"https:\/\/www.ferrovial.com\/es\/recursos\/depuracion\/","og_site_name":"Ferrovial","article_publisher":"https:\/\/www.facebook.com\/ferrovial","article_modified_time":"2025-06-19T08:45:47+00:00","twitter_card":"summary_large_image","twitter_site":"@ferrovial","twitter_misc":{"Est. reading time":"2 minutos"},"schema":{"@context":"https:\/\/schema.org","@graph":[{"@type":"WebPage","@id":"https:\/\/www.ferrovial.com\/es\/recursos\/depuracion\/","url":"https:\/\/www.ferrovial.com\/es\/recursos\/depuracion\/","name":"Depuraci\u00f3n de aguas residuales en plantas EDAR - Ferrovial","isPartOf":{"@id":"https:\/\/www.ferrovial.com\/es\/#website"},"datePublished":"2019-09-05T11:35:43+00:00","dateModified":"2025-06-19T08:45:47+00:00","description":"La depuraci\u00f3n de aguas residuales es una t\u00e9cnica que busca eliminar componentes indeseables, contaminantes, nocivos o t\u00f3xicos del agua. Descubre c\u00f3mo ...","breadcrumb":{"@id":"https:\/\/www.ferrovial.com\/es\/recursos\/depuracion\/#breadcrumb"},"inLanguage":"es","potentialAction":[{"@type":"ReadAction","target":["https:\/\/www.ferrovial.com\/es\/recursos\/depuracion\/"]}]},{"@type":"BreadcrumbList","@id":"https:\/\/www.ferrovial.com\/es\/recursos\/depuracion\/#breadcrumb","itemListElement":[{"@type":"ListItem","position":1,"name":"Portada","item":"https:\/\/www.ferrovial.com\/es\/"},{"@type":"ListItem","position":2,"name":"Recursos","item":"https:\/\/www.ferrovial.com\/es\/recursos\/"},{"@type":"ListItem","position":3,"name":"\u00bfQu\u00e9 es la depuraci\u00f3n de aguas?"}]},{"@type":"WebSite","@id":"https:\/\/www.ferrovial.com\/es\/#website","url":"https:\/\/www.ferrovial.com\/es\/","name":"Ferrovial","description":"Welcome to the Ferrovial&#039;s website, global operator of sustainable infrastructure. Here you can find all the information about the company and subsidiaries.","publisher":{"@id":"https:\/\/www.ferrovial.com\/es\/#organization"},"potentialAction":[{"@type":"SearchAction","target":{"@type":"EntryPoint","urlTemplate":"https:\/\/www.ferrovial.com\/es\/?s={search_term_string}"},"query-input":{"@type":"PropertyValueSpecification","valueRequired":true,"valueName":"search_term_string"}}],"inLanguage":"es"},{"@type":"Organization","@id":"https:\/\/www.ferrovial.com\/es\/#organization","name":"Ferrovial S.A.","url":"https:\/\/www.ferrovial.com\/es\/","logo":{"@type":"ImageObject","inLanguage":"es","@id":"https:\/\/www.ferrovial.com\/es\/#\/schema\/logo\/image\/","url":"https:\/\/static.ferrovial.com\/wp-content\/uploads\/2020\/01\/13124948\/logo-ferrovial-cf7.png","contentUrl":"https:\/\/static.ferrovial.com\/wp-content\/uploads\/2020\/01\/13124948\/logo-ferrovial-cf7.png","width":144,"height":32,"caption":"Ferrovial S.A."},"image":{"@id":"https:\/\/www.ferrovial.com\/es\/#\/schema\/logo\/image\/"},"sameAs":["https:\/\/www.facebook.com\/ferrovial","https:\/\/x.com\/ferrovial","https:\/\/www.instagram.com\/ferrovial\/","https:\/\/www.linkedin.com\/company\/ferrovial","https:\/\/www.pinterest.es\/ferrovial\/","https:\/\/www.youtube.com\/ferrovial","https:\/\/en.wikipedia.org\/wiki\/Ferrovial"]}]}},"_links":{"self":[{"href":"https:\/\/www.ferrovial.com\/es\/wp-json\/wp\/v2\/pages\/18554","targetHints":{"allow":["GET"]}}],"collection":[{"href":"https:\/\/www.ferrovial.com\/es\/wp-json\/wp\/v2\/pages"}],"about":[{"href":"https:\/\/www.ferrovial.com\/es\/wp-json\/wp\/v2\/types\/page"}],"replies":[{"embeddable":true,"href":"https:\/\/www.ferrovial.com\/es\/wp-json\/wp\/v2\/comments?post=18554"}],"version-history":[{"count":3,"href":"https:\/\/www.ferrovial.com\/es\/wp-json\/wp\/v2\/pages\/18554\/revisions"}],"predecessor-version":[{"id":307756,"href":"https:\/\/www.ferrovial.com\/es\/wp-json\/wp\/v2\/pages\/18554\/revisions\/307756"}],"up":[{"embeddable":true,"href":"https:\/\/www.ferrovial.com\/es\/wp-json\/wp\/v2\/pages\/25267"}],"wp:attachment":[{"href":"https:\/\/www.ferrovial.com\/es\/wp-json\/wp\/v2\/media?parent=18554"}],"curies":[{"name":"wp","href":"https:\/\/api.w.org\/{rel}","templated":true}]}}