{"id":18557,"date":"2019-09-05T13:37:10","date_gmt":"2019-09-05T11:37:10","guid":{"rendered":"https:\/\/www.ferrovial.com\/?page_id=18557"},"modified":"2025-07-07T19:41:15","modified_gmt":"2025-07-07T17:41:15","slug":"potabilizacion","status":"publish","type":"page","link":"https:\/\/www.ferrovial.com\/es\/recursos\/potabilizacion\/","title":{"rendered":"\u00bfQu\u00e9 es la potabilizaci\u00f3n de aguas?"},"content":{"rendered":"    <m-final-content-header >\n            <c-breadcrumb label-text=\"Breadcrumb\" slot=\"breadcrumbs\" type='2' align='left' wrap='wrapped wrapped' aria-label='Vienes de Recursos'>\n                        <ol>\n\n                                                            <li><a href=\"https:\/\/www.ferrovial.com\/es\/\" title=\"Ferrovial\">Ferrovial<\/a><\/li>\n                                                                        <li><a href=\"https:\/\/www.ferrovial.com\/es\/recursos\/\" title=\"Recursos\">Recursos<\/a><\/li>\n                                    \n                <\/ol>\n\n                <\/c-breadcrumb>\n    \n        <div slot=\"header\">\n            <h1>\n                \u00bfQu\u00e9 es la Potabilizaci\u00f3n de aguas?            <\/h1>\n                    <\/div>\n    <\/m-final-content-header>\n\n    \n\n\n<p><script type=\"application\/ld+json\">\n{\n  \"@context\": \"https:\/\/schema.org\",\n  \"@type\": \"FAQPage\",\n  \"mainEntity\": [{\n    \"@type\": \"Question\",\n    \"name\": \"\u00bfQu\u00e9 es la potabilizaci\u00f3n de aguas?\",\n    \"acceptedAnswer\": {\n      \"@type\": \"Answer\",\n      \"text\": \"La potabilizaci\u00f3n de aguas es un proceso que permite tratar aguas superficiales o subterr\u00e1neas de forma que cumpla las condiciones de calidad para el consumo humano. E\"\n    }\n  },{\n    \"@type\": \"Question\",\n    \"name\": \"\u00bfQu\u00e9 es una ETAP?\",\n    \"acceptedAnswer\": {\n      \"@type\": \"Answer\",\n      \"text\": \"La potabilizaci\u00f3n se lleva a cabo en Estaciones de Tratamiento de Agua Potable denominadas ETAP, normalmente cercanas a n\u00facleos urbanos.\"\n    }\n  },{\n    \"@type\": \"Question\",\n    \"name\": \"\u00bfCu\u00e1l es el proceso de potabilizaci\u00f3n de las aguas?\",\n    \"acceptedAnswer\": {\n      \"@type\": \"Answer\",\n      \"text\": \"l pretratamiento y tratamiento primario, com\u00fan para potabilizaci\u00f3n, depuraci\u00f3n y desalaci\u00f3n, consiste en proteger las instalaciones de part\u00edculas y fragmentos gruesos como s\u00f3lidos flotantes, en suspensi\u00f3n, arenas, grasas y aceites.\"\n    }\n  }]\n}\n<\/script><\/p>\n\n\n\n<m-wysiwig class=\"wp-block-components-wysiwyg\"><div slot=\"maincontent\">    <p class=\"intro\"><\/p>\n    \n\n\n<p>La potabilizaci\u00f3n de aguas es un proceso que permite tratar aguas superficiales o subterr\u00e1neas de forma que cumpla las condiciones de calidad para el consumo humano. En diferentes fases se eliminan las sustancias no aptas para este uso. <\/p>\n\n\n\n<h2 class=\"wp-block-heading\">\u00bfQu\u00e9 es una ETAP?<\/h2>\n\n\n\n<p>La potabilizaci\u00f3n se lleva a cabo en Estaciones de Tratamiento de Agua Potable denominadas ETAP, normalmente cercanas a n\u00facleos urbanos.<\/p>\n\n\n\n<p><a href=\"https:\/\/www.un.org\/sustainabledevelopment\/es\/water-and-sanitation\/\">Seg\u00fan la ONU<\/a>: \u201ctres de cada diez personas carecen de acceso a servicios de agua potable seguros y seis de cada diez carecen de acceso a instalaciones de saneamiento gestionadas de forma segura\u201d. Las potabilizadoras ETAP forman parte de estas \u00faltimas y facilitan el acceso seguro al agua mediante dos tratamientos.<\/p>\n\n\n\n<h2 class=\"wp-block-heading\">\u00bfCu\u00e1l es el proceso de potabilizaci\u00f3n de las aguas?<\/h2>\n\n\n\n<p>El <strong>pretratamiento y tratamiento primario<\/strong>, com\u00fan para potabilizaci\u00f3n, depuraci\u00f3n y desalaci\u00f3n, consiste en proteger las instalaciones de part\u00edculas y fragmentos gruesos como s\u00f3lidos flotantes, en suspensi\u00f3n, arenas, grasas y aceites. <br><br>Tras esto, el <strong>tratamiento secundario<\/strong> para una potabilizadora incluye procesos de:<\/p>\n\n\n\n<ul class=\"wp-block-list\">\n<li>Clarificaci\u00f3n y floculaci\u00f3n: etapas por la que procesos f\u00edsico-qu\u00edmicos permiten separar s\u00f3lidos en suspensi\u00f3n como arcillas o limos.<\/li>\n\n\n\n<li>Decantaci\u00f3n o sedimentaci\u00f3n: por la que los materiales m\u00e1s pesados tienden a caer o precipitarse, generalmente en codos verticales.<\/li>\n\n\n\n<li>Filtraci\u00f3n: o uso de una barrera permeable para atrapar part\u00edculas. <br>En Ferrovial contamos con avanzados sistemas de \u00f3smosis inversa.<\/li>\n<\/ul>\n\n\n\n<h2 class=\"wp-block-heading\">Plantas potabilizadoras ETAP<\/h2>\n\n\n\n<p>La potabilizaci\u00f3n es parte de nuestro compromiso social. Con nuestras m\u00e1s de 80 potabilizadoras y 35 desaladoras abastecemos a m\u00e1s de 15 millones de habitantes. <\/p>\n\n\n\n<p>Tenemos la experiencia acumulada que nos ha aportado construir <a href=\"https:\/\/www.ferrovial.com\/es-es\/cadagua\/proyectos\/\">decenas de plantas de tratamiento de agua<\/a> en todo el mundo, incluidos proyectos sociales para llevar agua limpia y potable all\u00ed donde m\u00e1s falta hace.  <\/p>\n<\/div><\/m-wysiwig>\n","protected":false},"excerpt":{"rendered":"","protected":false},"featured_media":0,"parent":25267,"menu_order":0,"comment_status":"closed","ping_status":"closed","template":"","meta":{"_acf_changed":false,"footnotes":""},"class_list":["post-18557","page","type-page","status-publish","hentry"],"acf":[],"yoast_head":"<!-- This site is optimized with the Yoast SEO plugin v27.2 - https:\/\/yoast.com\/product\/yoast-seo-wordpress\/ -->\n<title>Potabilizaci\u00f3n de aguas residuales en plantas ETAP - Ferrovial<\/title>\n<meta name=\"description\" content=\"La potabilizaci\u00f3n de aguas es un proceso que trata aguas para que cumpla las condiciones de calidad suficientes para el consumo humano. Descubre c\u00f3mo ...\" \/>\n<meta name=\"robots\" content=\"index, follow, max-snippet:-1, max-image-preview:large, max-video-preview:-1\" \/>\n<link rel=\"canonical\" href=\"https:\/\/www.ferrovial.com\/es\/recursos\/potabilizacion\/\" \/>\n<meta property=\"og:locale\" content=\"es_ES\" \/>\n<meta property=\"og:type\" content=\"article\" \/>\n<meta property=\"og:title\" content=\"Potabilizaci\u00f3n de aguas residuales en plantas ETAP - Ferrovial\" \/>\n<meta property=\"og:description\" content=\"La potabilizaci\u00f3n de aguas es un proceso que trata aguas para que cumpla las condiciones de calidad suficientes para el consumo humano. Descubre c\u00f3mo ...\" \/>\n<meta property=\"og:url\" content=\"https:\/\/www.ferrovial.com\/es\/recursos\/potabilizacion\/\" \/>\n<meta property=\"og:site_name\" content=\"Ferrovial\" \/>\n<meta property=\"article:publisher\" content=\"https:\/\/www.facebook.com\/ferrovial\" \/>\n<meta property=\"article:modified_time\" content=\"2025-07-07T17:41:15+00:00\" \/>\n<meta name=\"twitter:card\" content=\"summary_large_image\" \/>\n<meta name=\"twitter:site\" content=\"@ferrovial\" \/>\n<meta name=\"twitter:label1\" content=\"Est. reading time\" \/>\n\t<meta name=\"twitter:data1\" content=\"2 minutos\" \/>\n<!-- \/ Yoast SEO plugin. -->","yoast_head_json":{"title":"Potabilizaci\u00f3n de aguas residuales en plantas ETAP - Ferrovial","description":"La potabilizaci\u00f3n de aguas es un proceso que trata aguas para que cumpla las condiciones de calidad suficientes para el consumo humano. Descubre c\u00f3mo ...","robots":{"index":"index","follow":"follow","max-snippet":"max-snippet:-1","max-image-preview":"max-image-preview:large","max-video-preview":"max-video-preview:-1"},"canonical":"https:\/\/www.ferrovial.com\/es\/recursos\/potabilizacion\/","og_locale":"es_ES","og_type":"article","og_title":"Potabilizaci\u00f3n de aguas residuales en plantas ETAP - Ferrovial","og_description":"La potabilizaci\u00f3n de aguas es un proceso que trata aguas para que cumpla las condiciones de calidad suficientes para el consumo humano. Descubre c\u00f3mo ...","og_url":"https:\/\/www.ferrovial.com\/es\/recursos\/potabilizacion\/","og_site_name":"Ferrovial","article_publisher":"https:\/\/www.facebook.com\/ferrovial","article_modified_time":"2025-07-07T17:41:15+00:00","twitter_card":"summary_large_image","twitter_site":"@ferrovial","twitter_misc":{"Est. reading time":"2 minutos"},"schema":{"@context":"https:\/\/schema.org","@graph":[{"@type":"WebPage","@id":"https:\/\/www.ferrovial.com\/es\/recursos\/potabilizacion\/","url":"https:\/\/www.ferrovial.com\/es\/recursos\/potabilizacion\/","name":"Potabilizaci\u00f3n de aguas residuales en plantas ETAP - Ferrovial","isPartOf":{"@id":"https:\/\/www.ferrovial.com\/es\/#website"},"datePublished":"2019-09-05T11:37:10+00:00","dateModified":"2025-07-07T17:41:15+00:00","description":"La potabilizaci\u00f3n de aguas es un proceso que trata aguas para que cumpla las condiciones de calidad suficientes para el consumo humano. Descubre c\u00f3mo ...","breadcrumb":{"@id":"https:\/\/www.ferrovial.com\/es\/recursos\/potabilizacion\/#breadcrumb"},"inLanguage":"es","potentialAction":[{"@type":"ReadAction","target":["https:\/\/www.ferrovial.com\/es\/recursos\/potabilizacion\/"]}]},{"@type":"BreadcrumbList","@id":"https:\/\/www.ferrovial.com\/es\/recursos\/potabilizacion\/#breadcrumb","itemListElement":[{"@type":"ListItem","position":1,"name":"Portada","item":"https:\/\/www.ferrovial.com\/es\/"},{"@type":"ListItem","position":2,"name":"Recursos","item":"https:\/\/www.ferrovial.com\/es\/recursos\/"},{"@type":"ListItem","position":3,"name":"\u00bfQu\u00e9 es la potabilizaci\u00f3n de aguas?"}]},{"@type":"WebSite","@id":"https:\/\/www.ferrovial.com\/es\/#website","url":"https:\/\/www.ferrovial.com\/es\/","name":"Ferrovial","description":"Welcome to the Ferrovial&#039;s website, global operator of sustainable infrastructure. Here you can find all the information about the company and subsidiaries.","publisher":{"@id":"https:\/\/www.ferrovial.com\/es\/#organization"},"potentialAction":[{"@type":"SearchAction","target":{"@type":"EntryPoint","urlTemplate":"https:\/\/www.ferrovial.com\/es\/?s={search_term_string}"},"query-input":{"@type":"PropertyValueSpecification","valueRequired":true,"valueName":"search_term_string"}}],"inLanguage":"es"},{"@type":"Organization","@id":"https:\/\/www.ferrovial.com\/es\/#organization","name":"Ferrovial S.A.","url":"https:\/\/www.ferrovial.com\/es\/","logo":{"@type":"ImageObject","inLanguage":"es","@id":"https:\/\/www.ferrovial.com\/es\/#\/schema\/logo\/image\/","url":"https:\/\/static.ferrovial.com\/wp-content\/uploads\/2020\/01\/13124948\/logo-ferrovial-cf7.png","contentUrl":"https:\/\/static.ferrovial.com\/wp-content\/uploads\/2020\/01\/13124948\/logo-ferrovial-cf7.png","width":144,"height":32,"caption":"Ferrovial S.A."},"image":{"@id":"https:\/\/www.ferrovial.com\/es\/#\/schema\/logo\/image\/"},"sameAs":["https:\/\/www.facebook.com\/ferrovial","https:\/\/x.com\/ferrovial","https:\/\/www.instagram.com\/ferrovial\/","https:\/\/www.linkedin.com\/company\/ferrovial","https:\/\/www.pinterest.es\/ferrovial\/","https:\/\/www.youtube.com\/ferrovial","https:\/\/en.wikipedia.org\/wiki\/Ferrovial"]}]}},"_links":{"self":[{"href":"https:\/\/www.ferrovial.com\/es\/wp-json\/wp\/v2\/pages\/18557","targetHints":{"allow":["GET"]}}],"collection":[{"href":"https:\/\/www.ferrovial.com\/es\/wp-json\/wp\/v2\/pages"}],"about":[{"href":"https:\/\/www.ferrovial.com\/es\/wp-json\/wp\/v2\/types\/page"}],"replies":[{"embeddable":true,"href":"https:\/\/www.ferrovial.com\/es\/wp-json\/wp\/v2\/comments?post=18557"}],"version-history":[{"count":3,"href":"https:\/\/www.ferrovial.com\/es\/wp-json\/wp\/v2\/pages\/18557\/revisions"}],"predecessor-version":[{"id":309009,"href":"https:\/\/www.ferrovial.com\/es\/wp-json\/wp\/v2\/pages\/18557\/revisions\/309009"}],"up":[{"embeddable":true,"href":"https:\/\/www.ferrovial.com\/es\/wp-json\/wp\/v2\/pages\/25267"}],"wp:attachment":[{"href":"https:\/\/www.ferrovial.com\/es\/wp-json\/wp\/v2\/media?parent=18557"}],"curies":[{"name":"wp","href":"https:\/\/api.w.org\/{rel}","templated":true}]}}