{"id":18562,"date":"2019-09-05T13:37:39","date_gmt":"2019-09-05T11:37:39","guid":{"rendered":"https:\/\/www.ferrovial.com\/?page_id=18562"},"modified":"2024-09-25T10:30:56","modified_gmt":"2024-09-25T08:30:56","slug":"desalacion","status":"publish","type":"page","link":"https:\/\/www.ferrovial.com\/es\/recursos\/desalacion\/","title":{"rendered":"\u00bfQu\u00e9 es la desalaci\u00f3n de aguas?"},"content":{"rendered":"    <m-final-content-header >\n            <c-breadcrumb label-text=\"Breadcrumb\" slot=\"breadcrumbs\" type='2' align='left' wrap='wrapped wrapped' aria-label='Vienes de Recursos'>\n                        <ol>\n\n                                                            <li><a href=\"https:\/\/www.ferrovial.com\/es\/\" title=\"Ferrovial\">Ferrovial<\/a><\/li>\n                                                                        <li><a href=\"https:\/\/www.ferrovial.com\/es\/recursos\/\" title=\"Recursos\">Recursos<\/a><\/li>\n                                    \n                <\/ol>\n\n                <\/c-breadcrumb>\n    \n        <div slot=\"header\">\n            <h1>\n                Desalaci\u00f3n de aguas            <\/h1>\n                    <\/div>\n    <\/m-final-content-header>\n\n    \n\n\n<p><script type=\"application\/ld+json\">\n{\n  \"@context\": \"https:\/\/schema.org\",\n  \"@type\": \"FAQPage\",\n  \"mainEntity\": [{\n    \"@type\": \"Question\",\n    \"name\": \"\u00bfQu\u00e9 es la desalaci\u00f3n?\",\n    \"acceptedAnswer\": {\n      \"@type\": \"Answer\",\n      \"text\": \"La desalaci\u00f3n de aguas o desalinizaci\u00f3n, es un proceso mediante el cual se obtiene agua potable derivada de agua salada.\"\n    }\n  },{\n    \"@type\": \"Question\",\n    \"name\": \"\u00bfQu\u00e9 significa IDAM?\",\n    \"acceptedAnswer\": {\n      \"@type\": \"Answer\",\n      \"text\": \"Las plantas desalinizadoras reciben el nombre de IDAM: Instalaci\u00f3n Desaladora de Agua de Mar. Su objetivo es eliminar las sales disueltas y cualquier otro elemento no apto para consumo humano, como el plancton.\"\n    }\n  },{\n    \"@type\": \"Question\",\n    \"name\": \"\u00bfPor qu\u00e9 es necesaria la desalaci\u00f3n?\",\n    \"acceptedAnswer\": {\n      \"@type\": \"Answer\",\n      \"text\": \"Casi toda el agua presente en el planeta es agua salada. Solo un 1% es apta para el consumo humano (< 0,5 g\/l) y suele verse en r\u00edos. A\u00fan as\u00ed, esta contiene salobre o sales disueltas en bajas cantidades que suelen retirarse en las potabilizadoras.\"\n    }\n  },{\n    \"@type\": \"Question\",\n    \"name\": \"\u00bfC\u00f3mo se hace la desalaci\u00f3n?\",\n    \"acceptedAnswer\": {\n      \"@type\": \"Answer\",\n      \"text\": \"Un gran resultado de nuestras inversiones en I+D ha sido la \u00f3smosis inversa, un proceso que aplica presi\u00f3n sobre el agua a tratar, que fija las part\u00edculas de sales disueltas y otros componentes no deseados en una membrana semipermeable.\"\n    }\n  },{\n    \"@type\": \"Question\",\n    \"name\": \"\u00bfQu\u00e9 empresa es referente en la construcci\u00f3n de IDAM\u00b4s?\",\n    \"acceptedAnswer\": {\n      \"@type\": \"Answer\",\n      \"text\": \"Cadagua ha construido 35 desaladoras en todo el mundo con una capacidad conjunta que supera los 1.200.000 m3 diarios. Entre ellas destacan la planta de Ghubrah, en Om\u00e1n  (191,000 m3\/d\u00eda), la planta de Al Zawra, Ajman (45.500 m3\/d\u00eda, Rambla de Valdelentisco (70.000 m3\/d\u00eda) o la de Ceuta (22.000 m3).\"\n    }\n  }]\n}\n<\/script><\/p>\n\n\n\n<m-wysiwig class=\"wp-block-components-wysiwyg\"><div slot=\"maincontent\">\n<h2 class=\"wp-block-heading\">\u00bfQu\u00e9 es la desalaci\u00f3n?<\/h2>\n\n\n\n<p>La desalaci\u00f3n de aguas o desalinizaci\u00f3n, es un proceso mediante el cual se obtiene agua potable derivada de agua salada. <\/p>\n\n\n\n<h2 class=\"wp-block-heading\">\u00bfQu\u00e9 significa IDAM?<\/h2>\n\n\n\n<p>Las plantas desalinizadoras reciben el nombre de IDAM: Instalaci\u00f3n Desaladora de Agua de Mar. Su objetivo es eliminar las sales disueltas y cualquier otro elemento no apto para consumo humano, como el plancton.<\/p>\n\n\n\n<p>El proceso se lleva a cabo en una potabilizadora, un tipo de depuradora que a su vez es planta de tratamiento de aguas. Este tipo de infraestructura es necesaria en muchos municipios.<\/p>\n\n\n\n<h2 class=\"wp-block-heading\">\u00bfPor qu\u00e9 es necesaria la desalaci\u00f3n?<\/h2>\n\n\n\n<p>Casi toda el agua presente en el planeta es agua salada. Solo un 1% es apta para el consumo humano (&lt; 0,5 g\/l) y suele verse en r\u00edos. A\u00fan as\u00ed, esta contiene salobre o sales disueltas en bajas cantidades que suelen retirarse en las potabilizadoras.<\/p>\n<\/div><\/m-wysiwig>\n\n\n    <m-video >\n                <a class='m-video__modal' slot='modal' href='https:\/\/www.youtube-nocookie.com\/embed\/Ftdb3ybkYH4'>\n            <img slot=\"poster\" v-lazy=\"'https:\/\/static.ferrovial.com\/wp-content\/uploads\/2019\/09\/13141316\/che17633d-1280x720.jpg'\" title=\"\" width=\"1280\" height=\"100%\" >\n        <\/a>\n                        <h3 slot=\"title\">\n                                     <\/h3>\n                    <\/m-video>\n    \n\n\n<m-wysiwig class=\"wp-block-components-wysiwyg\"><div slot=\"maincontent\">\n<p>Debido a la necesidad de agua, la desalaci\u00f3n se afianza como <strong>una soluci\u00f3n a los desaf\u00edos de abastecimiento<\/strong>, especialmente en zonas del mundo con bajo acceso a agua dulce o en la que esta presenta una elevada dureza. Cuando el agua se obtiene del mar, los \u00edndices de sales minerales disueltas son demasiado elevados (35 g\/l) y hay que retirarla. El proceso tambi\u00e9n retira sustancias como bacterias, metales pesados y otros elementos que pueden afectar a nuestra salud.<\/p>\n\n\n\n<p>Como en la depuraci\u00f3n de aguas residuales, el agua salada recibe un <strong>pretratamiento y tratamiento primario<\/strong> para proteger las instalaciones de fragmentos grandes que puedan da\u00f1ar la maquinaria. As\u00ed se eliminan tambi\u00e9n restos s\u00f3lidos flotantes, en suspensi\u00f3n, arenas, grasas y sustancias aceitosas.<\/p>\n\n\n\n<h2 class=\"wp-block-heading\">\u00bfC\u00f3mo se hace la desalaci\u00f3n?<\/h2>\n\n\n\n<p>Un gran resultado de nuestras inversiones en I+D ha sido la <strong><a aria-label=\" (opens in a new tab)\" title=\"Los retos del futuro en depuraci\u00f3n del agua - Ferrovial Blog\" rel=\"dofollow noopener noreferrer\" href=\"https:\/\/www.ferrovial.com\/blog\/es\/2017\/03\/retos-del-futuro-en-depuracion-del-agua\/\" target=\"_blank\">\u00f3smosis inversa<\/a><\/strong>, un proceso que aplica presi\u00f3n sobre el agua a tratar, que fija las part\u00edculas de sales disueltas y otros componentes no deseados en una membrana semipermeable. <\/p>\n\n\n\n<h2 class=\"wp-block-heading\">\u00bfQu\u00e9 empresa es referente en la construcci\u00f3n de IDAM\u00b4s?<\/h2>\n\n\n\n<p>Cadagua ha construido 35 desaladoras en todo el mundo con una capacidad conjunta que <a href=\"https:\/\/www.ferrovial.com\/es-es\/cadagua\/\">supera los 1.200.000 m<\/a><sup><a href=\"https:\/\/www.ferrovial.com\/es-es\/cadagua\/\">3<\/a><\/sup><a href=\"https:\/\/www.ferrovial.com\/es-es\/cadagua\/\"> diarios<\/a>. Entre ellas destacan la planta de <a href=\"https:\/\/www.ferrovial.com\/es\/negocio\/proyectos\/planta-desaladora-oman-al-ghubrah\/\">Ghubrah, en Om\u00e1n<\/a>\u00a0 (191,000 m<sup>3<\/sup>\/d\u00eda), la planta de Al-Zawrah, Ajman (45.500 m<sup>3<\/sup>\/d\u00eda, Rambla de Valdelentisco (70.000 m<sup>3<\/sup>\/d\u00eda) o la de Ceuta (22.000 m<sup>3<\/sup>).<\/p>\n<\/div><\/m-wysiwig>\n","protected":false},"excerpt":{"rendered":"","protected":false},"featured_media":0,"parent":25267,"menu_order":0,"comment_status":"closed","ping_status":"closed","template":"","meta":{"_acf_changed":false,"footnotes":""},"class_list":["post-18562","page","type-page","status-publish","hentry"],"acf":[],"yoast_head":"<!-- This site is optimized with the Yoast SEO plugin v27.2 - https:\/\/yoast.com\/product\/yoast-seo-wordpress\/ -->\n<title>Desalinizaci\u00f3n de agua de mar en plantas IDAM - Ferrovial<\/title>\n<meta name=\"description\" content=\"La desalaci\u00f3n de aguas es un proceso mediante el cual se obtiene agua potable partiendo de agua salada. Las plantas desaladoras tienen como objetivo eliminar las ...\" \/>\n<meta name=\"robots\" content=\"index, follow, max-snippet:-1, max-image-preview:large, max-video-preview:-1\" \/>\n<link rel=\"canonical\" href=\"https:\/\/www.ferrovial.com\/es\/recursos\/desalacion\/\" \/>\n<meta property=\"og:locale\" content=\"es_ES\" \/>\n<meta property=\"og:type\" content=\"article\" \/>\n<meta property=\"og:title\" content=\"Desalinizaci\u00f3n de agua de mar en plantas IDAM - Ferrovial\" \/>\n<meta property=\"og:description\" content=\"La desalaci\u00f3n de aguas es un proceso mediante el cual se obtiene agua potable partiendo de agua salada. Las plantas desaladoras tienen como objetivo eliminar las ...\" \/>\n<meta property=\"og:url\" content=\"https:\/\/www.ferrovial.com\/es\/recursos\/desalacion\/\" \/>\n<meta property=\"og:site_name\" content=\"Ferrovial\" \/>\n<meta property=\"article:publisher\" content=\"https:\/\/www.facebook.com\/ferrovial\" \/>\n<meta property=\"article:modified_time\" content=\"2024-09-25T08:30:56+00:00\" \/>\n<meta name=\"twitter:card\" content=\"summary_large_image\" \/>\n<meta name=\"twitter:site\" content=\"@ferrovial\" \/>\n<meta name=\"twitter:label1\" content=\"Est. reading time\" \/>\n\t<meta name=\"twitter:data1\" content=\"2 minutos\" \/>\n<!-- \/ Yoast SEO plugin. -->","yoast_head_json":{"title":"Desalinizaci\u00f3n de agua de mar en plantas IDAM - Ferrovial","description":"La desalaci\u00f3n de aguas es un proceso mediante el cual se obtiene agua potable partiendo de agua salada. Las plantas desaladoras tienen como objetivo eliminar las ...","robots":{"index":"index","follow":"follow","max-snippet":"max-snippet:-1","max-image-preview":"max-image-preview:large","max-video-preview":"max-video-preview:-1"},"canonical":"https:\/\/www.ferrovial.com\/es\/recursos\/desalacion\/","og_locale":"es_ES","og_type":"article","og_title":"Desalinizaci\u00f3n de agua de mar en plantas IDAM - Ferrovial","og_description":"La desalaci\u00f3n de aguas es un proceso mediante el cual se obtiene agua potable partiendo de agua salada. Las plantas desaladoras tienen como objetivo eliminar las ...","og_url":"https:\/\/www.ferrovial.com\/es\/recursos\/desalacion\/","og_site_name":"Ferrovial","article_publisher":"https:\/\/www.facebook.com\/ferrovial","article_modified_time":"2024-09-25T08:30:56+00:00","twitter_card":"summary_large_image","twitter_site":"@ferrovial","twitter_misc":{"Est. reading time":"2 minutos"},"schema":{"@context":"https:\/\/schema.org","@graph":[{"@type":"WebPage","@id":"https:\/\/www.ferrovial.com\/es\/recursos\/desalacion\/","url":"https:\/\/www.ferrovial.com\/es\/recursos\/desalacion\/","name":"Desalinizaci\u00f3n de agua de mar en plantas IDAM - Ferrovial","isPartOf":{"@id":"https:\/\/www.ferrovial.com\/es\/#website"},"datePublished":"2019-09-05T11:37:39+00:00","dateModified":"2024-09-25T08:30:56+00:00","description":"La desalaci\u00f3n de aguas es un proceso mediante el cual se obtiene agua potable partiendo de agua salada. Las plantas desaladoras tienen como objetivo eliminar las ...","breadcrumb":{"@id":"https:\/\/www.ferrovial.com\/es\/recursos\/desalacion\/#breadcrumb"},"inLanguage":"es","potentialAction":[{"@type":"ReadAction","target":["https:\/\/www.ferrovial.com\/es\/recursos\/desalacion\/"]}]},{"@type":"BreadcrumbList","@id":"https:\/\/www.ferrovial.com\/es\/recursos\/desalacion\/#breadcrumb","itemListElement":[{"@type":"ListItem","position":1,"name":"Portada","item":"https:\/\/www.ferrovial.com\/es\/"},{"@type":"ListItem","position":2,"name":"Recursos","item":"https:\/\/www.ferrovial.com\/es\/recursos\/"},{"@type":"ListItem","position":3,"name":"\u00bfQu\u00e9 es la desalaci\u00f3n de aguas?"}]},{"@type":"WebSite","@id":"https:\/\/www.ferrovial.com\/es\/#website","url":"https:\/\/www.ferrovial.com\/es\/","name":"Ferrovial","description":"Welcome to the Ferrovial&#039;s website, global operator of sustainable infrastructure. Here you can find all the information about the company and subsidiaries.","publisher":{"@id":"https:\/\/www.ferrovial.com\/es\/#organization"},"potentialAction":[{"@type":"SearchAction","target":{"@type":"EntryPoint","urlTemplate":"https:\/\/www.ferrovial.com\/es\/?s={search_term_string}"},"query-input":{"@type":"PropertyValueSpecification","valueRequired":true,"valueName":"search_term_string"}}],"inLanguage":"es"},{"@type":"Organization","@id":"https:\/\/www.ferrovial.com\/es\/#organization","name":"Ferrovial S.A.","url":"https:\/\/www.ferrovial.com\/es\/","logo":{"@type":"ImageObject","inLanguage":"es","@id":"https:\/\/www.ferrovial.com\/es\/#\/schema\/logo\/image\/","url":"https:\/\/static.ferrovial.com\/wp-content\/uploads\/2020\/01\/13124948\/logo-ferrovial-cf7.png","contentUrl":"https:\/\/static.ferrovial.com\/wp-content\/uploads\/2020\/01\/13124948\/logo-ferrovial-cf7.png","width":144,"height":32,"caption":"Ferrovial S.A."},"image":{"@id":"https:\/\/www.ferrovial.com\/es\/#\/schema\/logo\/image\/"},"sameAs":["https:\/\/www.facebook.com\/ferrovial","https:\/\/x.com\/ferrovial","https:\/\/www.instagram.com\/ferrovial\/","https:\/\/www.linkedin.com\/company\/ferrovial","https:\/\/www.pinterest.es\/ferrovial\/","https:\/\/www.youtube.com\/ferrovial","https:\/\/en.wikipedia.org\/wiki\/Ferrovial"]}]}},"_links":{"self":[{"href":"https:\/\/www.ferrovial.com\/es\/wp-json\/wp\/v2\/pages\/18562","targetHints":{"allow":["GET"]}}],"collection":[{"href":"https:\/\/www.ferrovial.com\/es\/wp-json\/wp\/v2\/pages"}],"about":[{"href":"https:\/\/www.ferrovial.com\/es\/wp-json\/wp\/v2\/types\/page"}],"replies":[{"embeddable":true,"href":"https:\/\/www.ferrovial.com\/es\/wp-json\/wp\/v2\/comments?post=18562"}],"version-history":[{"count":3,"href":"https:\/\/www.ferrovial.com\/es\/wp-json\/wp\/v2\/pages\/18562\/revisions"}],"predecessor-version":[{"id":288596,"href":"https:\/\/www.ferrovial.com\/es\/wp-json\/wp\/v2\/pages\/18562\/revisions\/288596"}],"up":[{"embeddable":true,"href":"https:\/\/www.ferrovial.com\/es\/wp-json\/wp\/v2\/pages\/25267"}],"wp:attachment":[{"href":"https:\/\/www.ferrovial.com\/es\/wp-json\/wp\/v2\/media?parent=18562"}],"curies":[{"name":"wp","href":"https:\/\/api.w.org\/{rel}","templated":true}]}}