{"id":18565,"date":"2019-09-05T13:38:16","date_gmt":"2019-09-05T11:38:16","guid":{"rendered":"https:\/\/www.ferrovial.com\/?page_id=18565"},"modified":"2025-06-19T10:59:00","modified_gmt":"2025-06-19T08:59:00","slug":"aguas-industriales","status":"publish","type":"page","link":"https:\/\/www.ferrovial.com\/es\/recursos\/aguas-industriales\/","title":{"rendered":"\u00bfQu\u00e9 son las aguas industriales?"},"content":{"rendered":"    <m-final-content-header >\n            <c-breadcrumb label-text=\"Breadcrumb\" slot=\"breadcrumbs\" type='2' align='left' wrap='wrapped wrapped' aria-label='Vienes de Recursos'>\n                        <ol>\n\n                                                            <li><a href=\"https:\/\/www.ferrovial.com\/es\/\" title=\"Ferrovial\">Ferrovial<\/a><\/li>\n                                                                        <li><a href=\"https:\/\/www.ferrovial.com\/es\/recursos\/\" title=\"Recursos\">Recursos<\/a><\/li>\n                                    \n                <\/ol>\n\n                <\/c-breadcrumb>\n    \n        <div slot=\"header\">\n            <h1>\n                \u00bfQu\u00e9 son las aguas industriales?            <\/h1>\n                    <\/div>\n    <\/m-final-content-header>\n\n    \n\n\n<p><script type=\"application\/ld+json\">\n{\n  \"@context\": \"https:\/\/schema.org\",\n  \"@type\": \"FAQPage\",\n  \"mainEntity\": [{\n    \"@type\": \"Question\",\n    \"name\": \"\u00bfQu\u00e9 son las aguas industriales?\",\n    \"acceptedAnswer\": {\n      \"@type\": \"Answer\",\n      \"text\": \"Las aguas industriales, tambi\u00e9n llamadas aguas residuales industriales, son un tipo de agua sucia subproducto de los sistemas de producci\u00f3n. Es necesario que pasen por una planta de tratamiento de aguas y se neutralicen porque, como aguas residuales que son, pueden contener sustancias indeseables all\u00ed donde terminar\u00e1 vertida\"\n    }\n  },{\n    \"@type\": \"Question\",\n    \"name\": \"Depuradoras de aguas industriales EDARI\",\n    \"acceptedAnswer\": {\n      \"@type\": \"Answer\",\n      \"text\": \"las estaciones de tratamiento son, y ser\u00e1n en el futuro, muy necesarias para devolver el agua a la naturaleza en buenas condiciones. Su dise\u00f1o y construcci\u00f3n tiene una demanda creciente.\"\n    }\n  }]\n}\n<\/script><\/p>\n\n\n\n<m-wysiwig class=\"wp-block-components-wysiwyg\"><div slot=\"maincontent\">    <p class=\"intro\">Tras casi 30 a\u00f1os de estrecha y exitosa colaboraci\u00f3n con el l\u00edder tecnol\u00f3gico Paques, estamos orgullosos de ser L\u00edder absoluto en la depuraci\u00f3n de efluentes industriales en numerosos sectores industriales.<\/p>\n    \n\n\n<p>Las aguas industriales, tambi\u00e9n llamadas aguas residuales industriales, son un tipo de agua sucia subproducto de los sistemas de producci\u00f3n. Es necesario que pasen por una planta de tratamiento de aguas y se neutralicen porque, como aguas residuales que son, pueden contener sustancias indeseables all\u00ed donde terminar\u00e1 vertida; incluir contaminantes, sustancias que no pertenecen al medio final; o ser nocivas por su composici\u00f3n e incluso t\u00f3xicas en determinadas cantidades.<\/p>\n\n\n\n<h2 class=\"wp-block-heading\">Depuradoras de aguas industriales EDARI<\/h2>\n\n\n\n<p> Un gran n\u00famero de sectores industriales en crecimiento utilizan agua para llevar a cabo sus actividades: textil, petroqu\u00edmico, agroindustrial, qu\u00edmico, farmac\u00e9utico, automoci\u00f3n y papelero, entre otros. Por tanto, las estaciones de tratamiento son, y ser\u00e1n en el futuro, muy necesarias para devolver el agua a la naturaleza en buenas condiciones. <strong>Su dise\u00f1o y construcci\u00f3n tiene una demanda creciente.<\/strong> <\/p>\n\n\n\n<h3 class=\"wp-block-heading\">Sostenibilidad<\/h3>\n\n\n\n<p>Para que este aumento creciente tenga lugar teniendo en cuenta la sostenibilidad, el objetivo con respecto a las aguas industriales tiene que ser conseguir <strong>separar la mayor fracci\u00f3n posible de agua pura (H<sub>2<\/sub>O) de todo tipo de sustancias<\/strong> presentes en ella. Para lograrlo se utilizan procesos f\u00edsicos, qu\u00edmicos y biol\u00f3gicos en diferentes fases, algunas de las cuales son:<\/p>\n\n\n\n<ul class=\"wp-block-list\">\n<li>Eliminaci\u00f3n de s\u00f3lidos flotantes y grandes objetos.<\/li>\n\n\n\n<li>Retirada de arenas, sales y sustancias grasas.<\/li>\n\n\n\n<li>Eliminar compuestos org\u00e1nicos vol\u00e1tiles como disolventes o pinturas.<\/li>\n\n\n\n<li>Aumentar ox\u00edgeno en agua, a menudo bajo.<\/li>\n\n\n\n<li>Eliminar s\u00f3lidos en suspensi\u00f3n y part\u00edculas.<\/li>\n\n\n\n<li>Retirar f\u00f3sforo, fosfatos, coloides y derivados.<\/li>\n\n\n\n<li>Retirar materia org\u00e1nica, como bacterias y microorganismos.<\/li>\n<\/ul>\n\n\n\n<h3 class=\"wp-block-heading\">Agua de calidad y sedimentos<\/h3>\n\n\n\n<p>El principal desaf\u00edo con las aguas industriales es <strong>conseguir agua de buena calidad<\/strong>. No obstante, para evitar impactos sobre el medio ambiente, se obtienen subproductos de inter\u00e9s como la biomasa y otros elementos que pasan a formar parte de diferentes industrias: abono, f\u00f3sforo, pl\u00e1sticos biodegradables e incluso, energ\u00eda.<\/p>\n\n\n\n<p>Los sedimentos semiacuosos, llamados lodos y generados tras las etapas primaria y secundaria, contienen agua en un 99% y se tratan de diferentes formas para destruir pat\u00f3genos y reducir su humedad: digesti\u00f3n anaerobia, digesti\u00f3n aerobia, compostaje, secado t\u00e9rmico, acondicionamiento qu\u00edmico y tratamiento f\u00edsico. De este fango puede obtenerse compostables, gas natural y otras sustancias.<\/p>\n<\/div><\/m-wysiwig>\n","protected":false},"excerpt":{"rendered":"","protected":false},"featured_media":0,"parent":25267,"menu_order":0,"comment_status":"closed","ping_status":"closed","template":"","meta":{"_acf_changed":false,"footnotes":""},"class_list":["post-18565","page","type-page","status-publish","hentry"],"acf":[],"yoast_head":"<!-- This site is optimized with the Yoast SEO plugin v27.2 - https:\/\/yoast.com\/product\/yoast-seo-wordpress\/ -->\n<title>Estaci\u00f3n Depuradora de Aguas Industriales EDARI - Ferrovial<\/title>\n<meta name=\"description\" content=\"Las aguas industriales, tambi\u00e9n llamadas aguas residuales industriales, son un tipo de agua sucia, subproducto de los sistemas de producci\u00f3n. Descubre c\u00f3mo ...\" \/>\n<meta name=\"robots\" content=\"index, follow, max-snippet:-1, max-image-preview:large, max-video-preview:-1\" \/>\n<link rel=\"canonical\" href=\"https:\/\/www.ferrovial.com\/es\/recursos\/aguas-industriales\/\" \/>\n<meta property=\"og:locale\" content=\"es_ES\" \/>\n<meta property=\"og:type\" content=\"article\" \/>\n<meta property=\"og:title\" content=\"Estaci\u00f3n Depuradora de Aguas Industriales EDARI - Ferrovial\" \/>\n<meta property=\"og:description\" content=\"Las aguas industriales, tambi\u00e9n llamadas aguas residuales industriales, son un tipo de agua sucia, subproducto de los sistemas de producci\u00f3n. Descubre c\u00f3mo ...\" \/>\n<meta property=\"og:url\" content=\"https:\/\/www.ferrovial.com\/es\/recursos\/aguas-industriales\/\" \/>\n<meta property=\"og:site_name\" content=\"Ferrovial\" \/>\n<meta property=\"article:publisher\" content=\"https:\/\/www.facebook.com\/ferrovial\" \/>\n<meta property=\"article:modified_time\" content=\"2025-06-19T08:59:00+00:00\" \/>\n<meta name=\"twitter:card\" content=\"summary_large_image\" \/>\n<meta name=\"twitter:site\" content=\"@ferrovial\" \/>\n<meta name=\"twitter:label1\" content=\"Est. reading time\" \/>\n\t<meta name=\"twitter:data1\" content=\"2 minutos\" \/>\n<!-- \/ Yoast SEO plugin. -->","yoast_head_json":{"title":"Estaci\u00f3n Depuradora de Aguas Industriales EDARI - Ferrovial","description":"Las aguas industriales, tambi\u00e9n llamadas aguas residuales industriales, son un tipo de agua sucia, subproducto de los sistemas de producci\u00f3n. Descubre c\u00f3mo ...","robots":{"index":"index","follow":"follow","max-snippet":"max-snippet:-1","max-image-preview":"max-image-preview:large","max-video-preview":"max-video-preview:-1"},"canonical":"https:\/\/www.ferrovial.com\/es\/recursos\/aguas-industriales\/","og_locale":"es_ES","og_type":"article","og_title":"Estaci\u00f3n Depuradora de Aguas Industriales EDARI - Ferrovial","og_description":"Las aguas industriales, tambi\u00e9n llamadas aguas residuales industriales, son un tipo de agua sucia, subproducto de los sistemas de producci\u00f3n. Descubre c\u00f3mo ...","og_url":"https:\/\/www.ferrovial.com\/es\/recursos\/aguas-industriales\/","og_site_name":"Ferrovial","article_publisher":"https:\/\/www.facebook.com\/ferrovial","article_modified_time":"2025-06-19T08:59:00+00:00","twitter_card":"summary_large_image","twitter_site":"@ferrovial","twitter_misc":{"Est. reading time":"2 minutos"},"schema":{"@context":"https:\/\/schema.org","@graph":[{"@type":"WebPage","@id":"https:\/\/www.ferrovial.com\/es\/recursos\/aguas-industriales\/","url":"https:\/\/www.ferrovial.com\/es\/recursos\/aguas-industriales\/","name":"Estaci\u00f3n Depuradora de Aguas Industriales EDARI - Ferrovial","isPartOf":{"@id":"https:\/\/www.ferrovial.com\/es\/#website"},"datePublished":"2019-09-05T11:38:16+00:00","dateModified":"2025-06-19T08:59:00+00:00","description":"Las aguas industriales, tambi\u00e9n llamadas aguas residuales industriales, son un tipo de agua sucia, subproducto de los sistemas de producci\u00f3n. Descubre c\u00f3mo ...","breadcrumb":{"@id":"https:\/\/www.ferrovial.com\/es\/recursos\/aguas-industriales\/#breadcrumb"},"inLanguage":"es","potentialAction":[{"@type":"ReadAction","target":["https:\/\/www.ferrovial.com\/es\/recursos\/aguas-industriales\/"]}]},{"@type":"BreadcrumbList","@id":"https:\/\/www.ferrovial.com\/es\/recursos\/aguas-industriales\/#breadcrumb","itemListElement":[{"@type":"ListItem","position":1,"name":"Portada","item":"https:\/\/www.ferrovial.com\/es\/"},{"@type":"ListItem","position":2,"name":"Recursos","item":"https:\/\/www.ferrovial.com\/es\/recursos\/"},{"@type":"ListItem","position":3,"name":"\u00bfQu\u00e9 son las aguas industriales?"}]},{"@type":"WebSite","@id":"https:\/\/www.ferrovial.com\/es\/#website","url":"https:\/\/www.ferrovial.com\/es\/","name":"Ferrovial","description":"Welcome to the Ferrovial&#039;s website, global operator of sustainable infrastructure. Here you can find all the information about the company and subsidiaries.","publisher":{"@id":"https:\/\/www.ferrovial.com\/es\/#organization"},"potentialAction":[{"@type":"SearchAction","target":{"@type":"EntryPoint","urlTemplate":"https:\/\/www.ferrovial.com\/es\/?s={search_term_string}"},"query-input":{"@type":"PropertyValueSpecification","valueRequired":true,"valueName":"search_term_string"}}],"inLanguage":"es"},{"@type":"Organization","@id":"https:\/\/www.ferrovial.com\/es\/#organization","name":"Ferrovial S.A.","url":"https:\/\/www.ferrovial.com\/es\/","logo":{"@type":"ImageObject","inLanguage":"es","@id":"https:\/\/www.ferrovial.com\/es\/#\/schema\/logo\/image\/","url":"https:\/\/static.ferrovial.com\/wp-content\/uploads\/2020\/01\/13124948\/logo-ferrovial-cf7.png","contentUrl":"https:\/\/static.ferrovial.com\/wp-content\/uploads\/2020\/01\/13124948\/logo-ferrovial-cf7.png","width":144,"height":32,"caption":"Ferrovial S.A."},"image":{"@id":"https:\/\/www.ferrovial.com\/es\/#\/schema\/logo\/image\/"},"sameAs":["https:\/\/www.facebook.com\/ferrovial","https:\/\/x.com\/ferrovial","https:\/\/www.instagram.com\/ferrovial\/","https:\/\/www.linkedin.com\/company\/ferrovial","https:\/\/www.pinterest.es\/ferrovial\/","https:\/\/www.youtube.com\/ferrovial","https:\/\/en.wikipedia.org\/wiki\/Ferrovial"]}]}},"_links":{"self":[{"href":"https:\/\/www.ferrovial.com\/es\/wp-json\/wp\/v2\/pages\/18565","targetHints":{"allow":["GET"]}}],"collection":[{"href":"https:\/\/www.ferrovial.com\/es\/wp-json\/wp\/v2\/pages"}],"about":[{"href":"https:\/\/www.ferrovial.com\/es\/wp-json\/wp\/v2\/types\/page"}],"replies":[{"embeddable":true,"href":"https:\/\/www.ferrovial.com\/es\/wp-json\/wp\/v2\/comments?post=18565"}],"version-history":[{"count":2,"href":"https:\/\/www.ferrovial.com\/es\/wp-json\/wp\/v2\/pages\/18565\/revisions"}],"predecessor-version":[{"id":307767,"href":"https:\/\/www.ferrovial.com\/es\/wp-json\/wp\/v2\/pages\/18565\/revisions\/307767"}],"up":[{"embeddable":true,"href":"https:\/\/www.ferrovial.com\/es\/wp-json\/wp\/v2\/pages\/25267"}],"wp:attachment":[{"href":"https:\/\/www.ferrovial.com\/es\/wp-json\/wp\/v2\/media?parent=18565"}],"curies":[{"name":"wp","href":"https:\/\/api.w.org\/{rel}","templated":true}]}}