{"id":18568,"date":"2019-09-05T13:39:06","date_gmt":"2019-09-05T11:39:06","guid":{"rendered":"https:\/\/www.ferrovial.com\/?page_id=18568"},"modified":"2021-08-26T13:48:24","modified_gmt":"2021-08-26T11:48:24","slug":"secado-termico","status":"publish","type":"page","link":"https:\/\/www.ferrovial.com\/es\/recursos\/secado-termico\/","title":{"rendered":"\u00bfQu\u00e9 es el secado t\u00e9rmico?"},"content":{"rendered":"    <m-final-content-header >\n            <c-breadcrumb label-text=\"Breadcrumb\" slot=\"breadcrumbs\" type='2' align='left' wrap='wrapped wrapped' aria-label='Vienes de Recursos'>\n                        <ol>\n\n                                                            <li><a href=\"https:\/\/www.ferrovial.com\/es\/\" title=\"Ferrovial\">Ferrovial<\/a><\/li>\n                                                                        <li><a href=\"https:\/\/www.ferrovial.com\/es\/recursos\/\" title=\"Recursos\">Recursos<\/a><\/li>\n                                    \n                <\/ol>\n\n                <\/c-breadcrumb>\n    \n        <div slot=\"header\">\n            <h1>\n                Secado t\u00e9rmico            <\/h1>\n                    <\/div>\n    <\/m-final-content-header>\n\n    \n\n\n<p><script type=\"application\/ld+json\">\n{\n  \"@context\": \"https:\/\/schema.org\",\n  \"@type\": \"FAQPage\",\n  \"mainEntity\": {\n    \"@type\": \"Question\",\n    \"name\": \"\u00bfQu\u00e9 es el secado t\u00e9rmico?\",\n    \"acceptedAnswer\": {\n      \"@type\": \"Answer\",\n      \"text\": \"Se realiza en las plantas de tratamiento de aguas para retirar, mediante temperatura y evaporaci\u00f3n, la m\u00e1xima cantidad de agua posible de estos elementos\"\n    }\n  }\n}\n<\/script><\/p>\n\n\n\n<m-wysiwig class=\"wp-block-components-wysiwyg\"><div slot=\"maincontent\">    <p class=\"intro\">En referencia a los lodos y fangos, es un proceso de tratamiento presente en los \u00faltimos puntos de la depuraci\u00f3n de aguas residuales. <\/p>\n    \n\n\n<h2 class=\"wp-block-heading\">\u00bfQu\u00e9 es el secado t\u00e9rmico?<\/h2>\n\n\n\n<p>En referencia a los lodos y fangos, es un proceso de tratamiento presente en los \u00faltimos puntos de la depuraci\u00f3n de aguas residuales.<\/p>\n\n\n\n<p>Se realiza en las plantas de tratamiento de aguas para retirar, mediante temperatura y evaporaci\u00f3n, la m\u00e1xima cantidad de agua posible de estos elementos. Tanto agua libre (capaz de fluir), como agua capilar (la que ocupa los microporos).<\/p>\n\n\n\n<p>Hemos instalado numerosos Secados T\u00e9rmicos en nuestras depuradoras\ny entre ellos destaca la mayor planta de Secado T\u00e9rmico de Fangos de Europa\n(Sur, Madrid 300.000 tn\/a\u00f1o) en modalidad de concesi\u00f3n.<\/p>\n\n\n\n<h2 class=\"wp-block-heading\">Secado t\u00e9rmico en aguas industriales<\/h2>\n\n\n\n<p>As\u00ed, el secado t\u00e9rmico busca <strong>reducir la humedad relativa<\/strong> de los \u00faltimos restos de las aguas industriales. Cuando entran en la planta de secado, los lodos suelen ser un 99% agua, de modo que una gran parte de estos se podr\u00e1 aprovechar para el consumo tras ser potabilizada. De la misma forma, despu\u00e9s de su procesado, podr\u00e1 emplearse para uso agrario o para ser devuelta a un caudal natural.<\/p>\n\n\n\n<p>Como el objetivo es <strong>conseguir lodos con una sequedad del 97 al 99%<\/strong>, o lo que es lo mismo una humedad del 1-3%, el fango se expone  a un aumento de temperatura por encima de los 100 \u00baC en diferentes fases. A medida que aumenta la sequedad, el lodo suele pasar por varias etapas: ebullici\u00f3n libre (40%), pl\u00e1stica (40-60%), granular (60-80%) y endurecimiento (80% en adelante).<\/p>\n\n\n\n<h2 class=\"wp-block-heading\">Peligrosidad de lodos y fangos<\/h2>\n\n\n\n<p>Con el aumento de la sequedad crece la peligrosidad de los lodos, se vuelven m\u00e1s s\u00f3lidos, vol\u00e1tiles y t\u00f3xicos. Es por ello que las plantas de tratamiento de aguas, en concreto las c\u00e1maras de secado, se construyen con <strong>los m\u00e1ximos est\u00e1ndares de seguridad<\/strong>. Los fangos de alta sequedad emiten gases nocivos aunque tambi\u00e9n revalorizables, como el gas natural.<\/p>\n\n\n\n<p>Las aguas residuales junto con las aguas grises y negras del hogar, son ineludibles en nuestra sociedad. Por ello, en las plantas de tratamiento de aguas, resultan imprescindibles procesos como el secado t\u00e9rmico, las digestiones aerobias y anaerobias y el compostaje, entre otros. Especialmente si de estos se extrae compost, gas natural y metales reutilizables.<\/p>\n<\/div><\/m-wysiwig>\n","protected":false},"excerpt":{"rendered":"","protected":false},"featured_media":0,"parent":25267,"menu_order":0,"comment_status":"closed","ping_status":"closed","template":"","meta":{"_acf_changed":false,"footnotes":""},"class_list":["post-18568","page","type-page","status-publish","hentry"],"acf":[],"yoast_head":"<!-- This site is optimized with the Yoast SEO plugin v27.2 - https:\/\/yoast.com\/product\/yoast-seo-wordpress\/ -->\n<title>Secado t\u00e9rmico de lodos y fangos en aguas residuales - Ferrovial<\/title>\n<meta name=\"description\" content=\"El secado t\u00e9rmico de lodos es un proceso de tratamiento de fangos presente en uno de los \u00faltimos puntos de la depuraci\u00f3n de aguas residuales. Descubre c\u00f3mo ...\" \/>\n<meta name=\"robots\" content=\"index, follow, max-snippet:-1, max-image-preview:large, max-video-preview:-1\" \/>\n<link rel=\"canonical\" href=\"https:\/\/www.ferrovial.com\/es\/recursos\/secado-termico\/\" \/>\n<meta property=\"og:locale\" content=\"es_ES\" \/>\n<meta property=\"og:type\" content=\"article\" \/>\n<meta property=\"og:title\" content=\"Secado t\u00e9rmico de lodos y fangos en aguas residuales - Ferrovial\" \/>\n<meta property=\"og:description\" content=\"El secado t\u00e9rmico de lodos es un proceso de tratamiento de fangos presente en uno de los \u00faltimos puntos de la depuraci\u00f3n de aguas residuales. Descubre c\u00f3mo ...\" \/>\n<meta property=\"og:url\" content=\"https:\/\/www.ferrovial.com\/es\/recursos\/secado-termico\/\" \/>\n<meta property=\"og:site_name\" content=\"Ferrovial\" \/>\n<meta property=\"article:publisher\" content=\"https:\/\/www.facebook.com\/ferrovial\" \/>\n<meta property=\"article:modified_time\" content=\"2021-08-26T11:48:24+00:00\" \/>\n<meta name=\"twitter:card\" content=\"summary_large_image\" \/>\n<meta name=\"twitter:site\" content=\"@ferrovial\" \/>\n<meta name=\"twitter:label1\" content=\"Est. reading time\" \/>\n\t<meta name=\"twitter:data1\" content=\"2 minutos\" \/>\n<!-- \/ Yoast SEO plugin. -->","yoast_head_json":{"title":"Secado t\u00e9rmico de lodos y fangos en aguas residuales - Ferrovial","description":"El secado t\u00e9rmico de lodos es un proceso de tratamiento de fangos presente en uno de los \u00faltimos puntos de la depuraci\u00f3n de aguas residuales. Descubre c\u00f3mo ...","robots":{"index":"index","follow":"follow","max-snippet":"max-snippet:-1","max-image-preview":"max-image-preview:large","max-video-preview":"max-video-preview:-1"},"canonical":"https:\/\/www.ferrovial.com\/es\/recursos\/secado-termico\/","og_locale":"es_ES","og_type":"article","og_title":"Secado t\u00e9rmico de lodos y fangos en aguas residuales - Ferrovial","og_description":"El secado t\u00e9rmico de lodos es un proceso de tratamiento de fangos presente en uno de los \u00faltimos puntos de la depuraci\u00f3n de aguas residuales. Descubre c\u00f3mo ...","og_url":"https:\/\/www.ferrovial.com\/es\/recursos\/secado-termico\/","og_site_name":"Ferrovial","article_publisher":"https:\/\/www.facebook.com\/ferrovial","article_modified_time":"2021-08-26T11:48:24+00:00","twitter_card":"summary_large_image","twitter_site":"@ferrovial","twitter_misc":{"Est. reading time":"2 minutos"},"schema":{"@context":"https:\/\/schema.org","@graph":[{"@type":"WebPage","@id":"https:\/\/www.ferrovial.com\/es\/recursos\/secado-termico\/","url":"https:\/\/www.ferrovial.com\/es\/recursos\/secado-termico\/","name":"Secado t\u00e9rmico de lodos y fangos en aguas residuales - Ferrovial","isPartOf":{"@id":"https:\/\/www.ferrovial.com\/es\/#website"},"datePublished":"2019-09-05T11:39:06+00:00","dateModified":"2021-08-26T11:48:24+00:00","description":"El secado t\u00e9rmico de lodos es un proceso de tratamiento de fangos presente en uno de los \u00faltimos puntos de la depuraci\u00f3n de aguas residuales. Descubre c\u00f3mo ...","breadcrumb":{"@id":"https:\/\/www.ferrovial.com\/es\/recursos\/secado-termico\/#breadcrumb"},"inLanguage":"es","potentialAction":[{"@type":"ReadAction","target":["https:\/\/www.ferrovial.com\/es\/recursos\/secado-termico\/"]}]},{"@type":"BreadcrumbList","@id":"https:\/\/www.ferrovial.com\/es\/recursos\/secado-termico\/#breadcrumb","itemListElement":[{"@type":"ListItem","position":1,"name":"Portada","item":"https:\/\/www.ferrovial.com\/es\/"},{"@type":"ListItem","position":2,"name":"Recursos","item":"https:\/\/www.ferrovial.com\/es\/recursos\/"},{"@type":"ListItem","position":3,"name":"\u00bfQu\u00e9 es el secado t\u00e9rmico?"}]},{"@type":"WebSite","@id":"https:\/\/www.ferrovial.com\/es\/#website","url":"https:\/\/www.ferrovial.com\/es\/","name":"Ferrovial","description":"Welcome to the Ferrovial&#039;s website, global operator of sustainable infrastructure. Here you can find all the information about the company and subsidiaries.","publisher":{"@id":"https:\/\/www.ferrovial.com\/es\/#organization"},"potentialAction":[{"@type":"SearchAction","target":{"@type":"EntryPoint","urlTemplate":"https:\/\/www.ferrovial.com\/es\/?s={search_term_string}"},"query-input":{"@type":"PropertyValueSpecification","valueRequired":true,"valueName":"search_term_string"}}],"inLanguage":"es"},{"@type":"Organization","@id":"https:\/\/www.ferrovial.com\/es\/#organization","name":"Ferrovial S.A.","url":"https:\/\/www.ferrovial.com\/es\/","logo":{"@type":"ImageObject","inLanguage":"es","@id":"https:\/\/www.ferrovial.com\/es\/#\/schema\/logo\/image\/","url":"https:\/\/static.ferrovial.com\/wp-content\/uploads\/2020\/01\/13124948\/logo-ferrovial-cf7.png","contentUrl":"https:\/\/static.ferrovial.com\/wp-content\/uploads\/2020\/01\/13124948\/logo-ferrovial-cf7.png","width":144,"height":32,"caption":"Ferrovial S.A."},"image":{"@id":"https:\/\/www.ferrovial.com\/es\/#\/schema\/logo\/image\/"},"sameAs":["https:\/\/www.facebook.com\/ferrovial","https:\/\/x.com\/ferrovial","https:\/\/www.instagram.com\/ferrovial\/","https:\/\/www.linkedin.com\/company\/ferrovial","https:\/\/www.pinterest.es\/ferrovial\/","https:\/\/www.youtube.com\/ferrovial","https:\/\/en.wikipedia.org\/wiki\/Ferrovial"]}]}},"_links":{"self":[{"href":"https:\/\/www.ferrovial.com\/es\/wp-json\/wp\/v2\/pages\/18568","targetHints":{"allow":["GET"]}}],"collection":[{"href":"https:\/\/www.ferrovial.com\/es\/wp-json\/wp\/v2\/pages"}],"about":[{"href":"https:\/\/www.ferrovial.com\/es\/wp-json\/wp\/v2\/types\/page"}],"replies":[{"embeddable":true,"href":"https:\/\/www.ferrovial.com\/es\/wp-json\/wp\/v2\/comments?post=18568"}],"version-history":[{"count":2,"href":"https:\/\/www.ferrovial.com\/es\/wp-json\/wp\/v2\/pages\/18568\/revisions"}],"predecessor-version":[{"id":200782,"href":"https:\/\/www.ferrovial.com\/es\/wp-json\/wp\/v2\/pages\/18568\/revisions\/200782"}],"up":[{"embeddable":true,"href":"https:\/\/www.ferrovial.com\/es\/wp-json\/wp\/v2\/pages\/25267"}],"wp:attachment":[{"href":"https:\/\/www.ferrovial.com\/es\/wp-json\/wp\/v2\/media?parent=18568"}],"curies":[{"name":"wp","href":"https:\/\/api.w.org\/{rel}","templated":true}]}}