{"id":18571,"date":"2019-09-05T13:39:53","date_gmt":"2019-09-05T11:39:53","guid":{"rendered":"https:\/\/www.ferrovial.com\/?page_id=18571"},"modified":"2021-08-24T15:12:50","modified_gmt":"2021-08-24T13:12:50","slug":"edificios","status":"publish","type":"page","link":"https:\/\/www.ferrovial.com\/es\/recursos\/edificios\/","title":{"rendered":"Edificios"},"content":{"rendered":"    <m-final-content-header >\n            <c-breadcrumb label-text=\"Breadcrumb\" slot=\"breadcrumbs\" type='2' align='left' wrap='wrapped wrapped' aria-label='Vienes de Recursos'>\n                        <ol>\n\n                                                            <li><a href=\"https:\/\/www.ferrovial.com\/es\/\" title=\"Ferrovial\">Ferrovial<\/a><\/li>\n                                                                        <li><a href=\"https:\/\/www.ferrovial.com\/es\/recursos\/\" title=\"Recursos\">Recursos<\/a><\/li>\n                                    \n                <\/ol>\n\n                <\/c-breadcrumb>\n    \n        <div slot=\"header\">\n            <h1>\n                Edificios            <\/h1>\n                    <\/div>\n    <\/m-final-content-header>\n\n    \n\n\n<p><script type=\"application\/ld+json\">\n{\n  \"@context\": \"https:\/\/schema.org\",\n  \"@type\": \"FAQPage\",\n  \"mainEntity\": [{\n    \"@type\": \"Question\",\n    \"name\": \"\u00bfQu\u00e9 es un edificio?\",\n    \"acceptedAnswer\": {\n      \"@type\": \"Answer\",\n      \"text\": \"Los edificios son una unidad organizativa clave de nuestra cultura. Somos los espacios que habitamos porque estos determinan qu\u00e9 actividades podemos desarrollar, qu\u00e9 potencial alcanzamos con ellas, o a qu\u00e9 seremos capaces de destinar nuestro ocio.\"\n    }\n  },{\n    \"@type\": \"Question\",\n    \"name\": \"\u00bfQu\u00e9 es el urbanismo celular?\",\n    \"acceptedAnswer\": {\n      \"@type\": \"Answer\",\n      \"text\": \"En el modelo del urbanismo celular las ciudades evolucionan porque los edificios, sus unidades m\u00ednimas, mejoran a medida que lo hace la t\u00e9cnica. As\u00ed, las smart cities son un conjunto de smart buildings, y lo an\u00e1logo ocurre de cara a las ciudades sostenibles que cumplen con el calendario de los \u00cdndices de Desarrollo Sostenible. Es por ello que necesitamos construir edificios sostenibles.\"\n    }\n  },{\n    \"@type\": \"Question\",\n    \"name\": \"\u00bfQu\u00e9 t\u00e9cnicas de construcci\u00f3n de edificios se pueden destacar?\",\n    \"acceptedAnswer\": {\n      \"@type\": \"Answer\",\n      \"text\": \"Hoy en d\u00eda, los edificios encuentran un gran apoyo en las nuevas t\u00e9cnicas de construcci\u00f3n, pues van m\u00e1s all\u00e1 de una mejora progresiva de los m\u00e9todos de obra o sus materiales. Actualmente es posible visualizar una construcci\u00f3n futura gracias a la realidad aumentada. A\"\n    }\n  },{\n    \"@type\": \"Question\",\n    \"name\": \"\u00bfCu\u00e1l es la tendencia actual a la hora de  edificar?\",\n    \"acceptedAnswer\": {\n      \"@type\": \"Answer\",\n      \"text\": \"La tendencia de la edificaci\u00f3n, ya sea residencial o parte de una infraestructura, es la reducci\u00f3n de consumo de cara al futuro. El est\u00e1ndar Passive House y de rehabilitaci\u00f3n energ\u00e9tica ha llegado con fuerza a la construcci\u00f3n.\"\n    }\n  }]\n}\n<\/script><\/p>\n\n\n\n<m-wysiwig class=\"wp-block-components-wysiwyg\"><div slot=\"maincontent\">    <p class=\"intro\">Los edificios son los ladrillos b\u00e1sicos con los que construimos las ciudades: viviendas, polideportivos, teatros, museos o escuelas&#8230;<\/p>\n    \n\n\n<h2 class=\"wp-block-heading\">\u00bfQu\u00e9 es un edificio?<\/h2>\n\n\n\n<p><strong>Los edificios son una unidad organizativa clave de nuestra cultura<\/strong>. Somos los espacios que habitamos porque estos determinan qu\u00e9 actividades podemos desarrollar, qu\u00e9 potencial alcanzamos con ellas, o a qu\u00e9 seremos capaces de destinar nuestro ocio. Pensemos en: <\/p>\n\n\n\n<ul class=\"wp-block-list\"><li>Viviendas.<\/li><li><a href=\"https:\/\/www.ferrovial.com\/blog\/es\/2018\/09\/polideportivos-ayuntamientos-edificios-no-funcionan-solos\/\" title=\"Estos edificios p\u00fablicos no funcionan &quot;solos&quot; - Ferrovial Blog\" target=\"_blank\" rel=\"dofollow noopener noreferrer\" aria-label=\" (opens in a new tab)\">Polideportivos<\/a>.<\/li><li>Teatros.<\/li><li>Salas de gesti\u00f3n de aeropuertos.<\/li><li>Museos.<\/li><li>Escuelas.<\/li><\/ul>\n\n\n\n<p>Todos ellos conforman qui\u00e9nes somos. <\/p>\n\n\n\n<p>La intimidad personal est\u00e1 estrechamente relacionada con el espacio urbano o el n\u00famero de habitaciones de una vivienda. Las oportunidades laborales del tejido empresarial formado por las oficinas cercanas. Incluso metas relevantes para la humanidad, como la investigaci\u00f3n de la energ\u00eda de fusi\u00f3n, limpia e inagotable, requieren de <a href=\"https:\/\/newsroom.ferrovial.com\/es\/notas_prensa\/ferrovial-construira-siete-edificios-proyecto-iter\/\" title=\"Ferrovial construir\u00e1 siete edificios en Francia para el proyecto ITER Sala de prensa\" target=\"_blank\" rel=\"dofollow noopener noreferrer\" aria-label=\" (opens in a new tab)\">una edificaci\u00f3n sobre la que construir los pilares<\/a>.<\/p>\n\n\n\n<h2 class=\"wp-block-heading\">\u00bfQu\u00e9 es el urbanismo celular?<\/h2>\n\n\n\n<p>En el modelo del <em>urbanismo celular<\/em> las ciudades evolucionan porque los edificios, sus unidades m\u00ednimas, mejoran a medida que lo hace la t\u00e9cnica. As\u00ed, las <em>smart cities<\/em> son un conjunto de <em>smart buildings<\/em>, y lo an\u00e1logo ocurre de cara a <a href=\"https:\/\/www.ferrovial.com\/es\/project\/ciudad-2020-hacia-un-nuevo-modelo-de-ciudad-inteligente-y-sostenible\/\">las ciudades sostenibles<\/a> que cumplen con el calendario de los \u00cdndices de Desarrollo Sostenible. Es por ello que <strong>necesitamos construir edificios sostenibles<\/strong>.<\/p>\n\n\n\n<h2 class=\"wp-block-heading\">\u00bfQu\u00e9 t\u00e9cnicas de construcci\u00f3n de edificios se pueden destacar?<\/h2>\n\n\n\n<p>Hoy en d\u00eda, los edificios encuentran un gran apoyo en las nuevas t\u00e9cnicas de construcci\u00f3n, pues van m\u00e1s all\u00e1 de una mejora progresiva de los m\u00e9todos de obra o sus materiales. Actualmente es posible visualizar una construcci\u00f3n futura gracias a <a href=\"https:\/\/newsroom.ferrovial.com\/es\/noticias\/realidad-aumentada-construccion-edificios\/\" target=\"_blank\" rel=\"noreferrer noopener\" aria-label=\" (opens in a new tab)\">la realidad aumentada<\/a>. As\u00ed, se genera un gemelo digital del futuro edificio o proyecto de rehabilitaci\u00f3n de cara a abordar su construcci\u00f3n o reforma.<\/p>\n\n\n\n<p>Estas t\u00e9cnicas llevan tiempo us\u00e1ndose en edificaci\u00f3n singular.   El edificio del <a href=\"https:\/\/www.ferrovial.com\/blog\/es\/2017\/10\/construccion-del-museo-guggenheim-bilbao\/\" target=\"_blank\" rel=\"noreferrer noopener\" aria-label=\" (opens in a new tab)\">Museo Guggenheim de Bilbao<\/a>  us\u00f3 t\u00e9cnicas de c\u00e1lculo por ordenador para <strong>virtualizar la estructura<\/strong> y as\u00ed poder calcularla de forma precisa. Debido a la magnitud del proyecto habr\u00eda sido imposible gestionarla con c\u00e1lculos anal\u00f3gicos.<\/p>\n\n\n\n<h2 class=\"wp-block-heading\">\u00bfCu\u00e1l es la tendencia actual a la hora de  edificar?<\/h2>\n\n\n\n<p>La tendencia de la edificaci\u00f3n, ya sea residencial o parte de una infraestructura, es la reducci\u00f3n de consumo de cara al futuro. El est\u00e1ndar <em>Passive House<\/em> y de rehabilitaci\u00f3n energ\u00e9tica ha llegado con fuerza a la construcci\u00f3n. La inteligencia de la infraestructura determinar\u00e1 la inteligencia de las ciudades y con ella, la que las personas podremos alcanzar. <\/p>\n<\/div><\/m-wysiwig>\n\n\n    <m-distributor-related>\n                        <h3 slot=\"title\">\n                    Contenido relacionado                <\/h3>\n                                    <a slot='carouselItems' title='Edificaci\u00f3n singular'>\n                        <span>\n                        <\/span>\n                                                        <div role=\"listitem\">\n                                    Edificaci\u00f3n singular                                <\/div>\n                                                    <\/a>\n                                        <a slot='carouselItems' title='Reconstrucci\u00f3n y rehabilitaci\u00f3n'>\n                        <span>\n                        <\/span>\n                                                        <div role=\"listitem\">\n                                    Reconstrucci\u00f3n y rehabilitaci\u00f3n                                <\/div>\n                                                    <\/a>\n                        <\/m-distributor-related>\n\n    ","protected":false},"excerpt":{"rendered":"","protected":false},"featured_media":0,"parent":25267,"menu_order":0,"comment_status":"closed","ping_status":"closed","template":"","meta":{"_acf_changed":false,"footnotes":""},"class_list":["post-18571","page","type-page","status-publish","hentry"],"acf":[],"yoast_head":"<!-- This site is optimized with the Yoast SEO plugin v27.2 - https:\/\/yoast.com\/product\/yoast-seo-wordpress\/ -->\n<title>Construcci\u00f3n de edificios: etapas, t\u00e9cnicas de construcci\u00f3n... - Ferrovial<\/title>\n<meta name=\"description\" content=\"Los edificios son una unidad organizativa clave de nuestra cultura. Su construcci\u00f3n, ya sean viviendas, aeropuertos, museos, teatros, edificios singulares... tiene ...\" \/>\n<meta name=\"robots\" content=\"index, follow, max-snippet:-1, max-image-preview:large, max-video-preview:-1\" \/>\n<link rel=\"canonical\" href=\"https:\/\/www.ferrovial.com\/es\/recursos\/edificios\/\" \/>\n<meta property=\"og:locale\" content=\"es_ES\" \/>\n<meta property=\"og:type\" content=\"article\" \/>\n<meta property=\"og:title\" content=\"Construcci\u00f3n de edificios: etapas, t\u00e9cnicas de construcci\u00f3n... - Ferrovial\" \/>\n<meta property=\"og:description\" content=\"Los edificios son una unidad organizativa clave de nuestra cultura. Su construcci\u00f3n, ya sean viviendas, aeropuertos, museos, teatros, edificios singulares... tiene ...\" \/>\n<meta property=\"og:url\" content=\"https:\/\/www.ferrovial.com\/es\/recursos\/edificios\/\" \/>\n<meta property=\"og:site_name\" content=\"Ferrovial\" \/>\n<meta property=\"article:publisher\" content=\"https:\/\/www.facebook.com\/ferrovial\" \/>\n<meta property=\"article:modified_time\" content=\"2021-08-24T13:12:50+00:00\" \/>\n<meta name=\"twitter:card\" content=\"summary_large_image\" \/>\n<meta name=\"twitter:site\" content=\"@ferrovial\" \/>\n<meta name=\"twitter:label1\" content=\"Est. reading time\" \/>\n\t<meta name=\"twitter:data1\" content=\"3 minutos\" \/>\n<!-- \/ Yoast SEO plugin. -->","yoast_head_json":{"title":"Construcci\u00f3n de edificios: etapas, t\u00e9cnicas de construcci\u00f3n... - Ferrovial","description":"Los edificios son una unidad organizativa clave de nuestra cultura. Su construcci\u00f3n, ya sean viviendas, aeropuertos, museos, teatros, edificios singulares... tiene ...","robots":{"index":"index","follow":"follow","max-snippet":"max-snippet:-1","max-image-preview":"max-image-preview:large","max-video-preview":"max-video-preview:-1"},"canonical":"https:\/\/www.ferrovial.com\/es\/recursos\/edificios\/","og_locale":"es_ES","og_type":"article","og_title":"Construcci\u00f3n de edificios: etapas, t\u00e9cnicas de construcci\u00f3n... - Ferrovial","og_description":"Los edificios son una unidad organizativa clave de nuestra cultura. Su construcci\u00f3n, ya sean viviendas, aeropuertos, museos, teatros, edificios singulares... tiene ...","og_url":"https:\/\/www.ferrovial.com\/es\/recursos\/edificios\/","og_site_name":"Ferrovial","article_publisher":"https:\/\/www.facebook.com\/ferrovial","article_modified_time":"2021-08-24T13:12:50+00:00","twitter_card":"summary_large_image","twitter_site":"@ferrovial","twitter_misc":{"Est. reading time":"3 minutos"},"schema":{"@context":"https:\/\/schema.org","@graph":[{"@type":"WebPage","@id":"https:\/\/www.ferrovial.com\/es\/recursos\/edificios\/","url":"https:\/\/www.ferrovial.com\/es\/recursos\/edificios\/","name":"Construcci\u00f3n de edificios: etapas, t\u00e9cnicas de construcci\u00f3n... - Ferrovial","isPartOf":{"@id":"https:\/\/www.ferrovial.com\/es\/#website"},"datePublished":"2019-09-05T11:39:53+00:00","dateModified":"2021-08-24T13:12:50+00:00","description":"Los edificios son una unidad organizativa clave de nuestra cultura. Su construcci\u00f3n, ya sean viviendas, aeropuertos, museos, teatros, edificios singulares... tiene ...","breadcrumb":{"@id":"https:\/\/www.ferrovial.com\/es\/recursos\/edificios\/#breadcrumb"},"inLanguage":"es","potentialAction":[{"@type":"ReadAction","target":["https:\/\/www.ferrovial.com\/es\/recursos\/edificios\/"]}]},{"@type":"BreadcrumbList","@id":"https:\/\/www.ferrovial.com\/es\/recursos\/edificios\/#breadcrumb","itemListElement":[{"@type":"ListItem","position":1,"name":"Portada","item":"https:\/\/www.ferrovial.com\/es\/"},{"@type":"ListItem","position":2,"name":"Recursos","item":"https:\/\/www.ferrovial.com\/es\/recursos\/"},{"@type":"ListItem","position":3,"name":"Edificios"}]},{"@type":"WebSite","@id":"https:\/\/www.ferrovial.com\/es\/#website","url":"https:\/\/www.ferrovial.com\/es\/","name":"Ferrovial","description":"Welcome to the Ferrovial&#039;s website, global operator of sustainable infrastructure. Here you can find all the information about the company and subsidiaries.","publisher":{"@id":"https:\/\/www.ferrovial.com\/es\/#organization"},"potentialAction":[{"@type":"SearchAction","target":{"@type":"EntryPoint","urlTemplate":"https:\/\/www.ferrovial.com\/es\/?s={search_term_string}"},"query-input":{"@type":"PropertyValueSpecification","valueRequired":true,"valueName":"search_term_string"}}],"inLanguage":"es"},{"@type":"Organization","@id":"https:\/\/www.ferrovial.com\/es\/#organization","name":"Ferrovial S.A.","url":"https:\/\/www.ferrovial.com\/es\/","logo":{"@type":"ImageObject","inLanguage":"es","@id":"https:\/\/www.ferrovial.com\/es\/#\/schema\/logo\/image\/","url":"https:\/\/static.ferrovial.com\/wp-content\/uploads\/2020\/01\/13124948\/logo-ferrovial-cf7.png","contentUrl":"https:\/\/static.ferrovial.com\/wp-content\/uploads\/2020\/01\/13124948\/logo-ferrovial-cf7.png","width":144,"height":32,"caption":"Ferrovial S.A."},"image":{"@id":"https:\/\/www.ferrovial.com\/es\/#\/schema\/logo\/image\/"},"sameAs":["https:\/\/www.facebook.com\/ferrovial","https:\/\/x.com\/ferrovial","https:\/\/www.instagram.com\/ferrovial\/","https:\/\/www.linkedin.com\/company\/ferrovial","https:\/\/www.pinterest.es\/ferrovial\/","https:\/\/www.youtube.com\/ferrovial","https:\/\/en.wikipedia.org\/wiki\/Ferrovial"]}]}},"_links":{"self":[{"href":"https:\/\/www.ferrovial.com\/es\/wp-json\/wp\/v2\/pages\/18571","targetHints":{"allow":["GET"]}}],"collection":[{"href":"https:\/\/www.ferrovial.com\/es\/wp-json\/wp\/v2\/pages"}],"about":[{"href":"https:\/\/www.ferrovial.com\/es\/wp-json\/wp\/v2\/types\/page"}],"replies":[{"embeddable":true,"href":"https:\/\/www.ferrovial.com\/es\/wp-json\/wp\/v2\/comments?post=18571"}],"version-history":[{"count":3,"href":"https:\/\/www.ferrovial.com\/es\/wp-json\/wp\/v2\/pages\/18571\/revisions"}],"predecessor-version":[{"id":200743,"href":"https:\/\/www.ferrovial.com\/es\/wp-json\/wp\/v2\/pages\/18571\/revisions\/200743"}],"up":[{"embeddable":true,"href":"https:\/\/www.ferrovial.com\/es\/wp-json\/wp\/v2\/pages\/25267"}],"wp:attachment":[{"href":"https:\/\/www.ferrovial.com\/es\/wp-json\/wp\/v2\/media?parent=18571"}],"curies":[{"name":"wp","href":"https:\/\/api.w.org\/{rel}","templated":true}]}}