{"id":18574,"date":"2019-09-05T13:40:46","date_gmt":"2019-09-05T11:40:46","guid":{"rendered":"https:\/\/www.ferrovial.com\/?page_id=18574"},"modified":"2021-08-12T14:59:47","modified_gmt":"2021-08-12T12:59:47","slug":"singulares","status":"publish","type":"page","link":"https:\/\/www.ferrovial.com\/es\/recursos\/singulares\/","title":{"rendered":"Edificaci\u00f3n singular"},"content":{"rendered":"    <m-final-content-header >\n            <c-breadcrumb label-text=\"Breadcrumb\" slot=\"breadcrumbs\" type='2' align='left' wrap='wrapped wrapped' aria-label='Vienes de Recursos'>\n                        <ol>\n\n                                                            <li><a href=\"https:\/\/www.ferrovial.com\/es\/\" title=\"Ferrovial\">Ferrovial<\/a><\/li>\n                                                                        <li><a href=\"https:\/\/www.ferrovial.com\/es\/recursos\/\" title=\"Recursos\">Recursos<\/a><\/li>\n                                    \n                <\/ol>\n\n                <\/c-breadcrumb>\n    \n        <div slot=\"header\">\n            <h1>\n                Edificaci\u00f3n singular            <\/h1>\n                    <\/div>\n    <\/m-final-content-header>\n\n    \n\n\n<p><script type=\"application\/ld+json\">\n{\n  \"@context\": \"https:\/\/schema.org\",\n  \"@type\": \"FAQPage\",\n  \"mainEntity\": [{\n    \"@type\": \"Question\",\n    \"name\": \"\u00bfQu\u00e9 son las edificaciones singulares?\",\n    \"acceptedAnswer\": {\n      \"@type\": \"Answer\",\n      \"text\": \"La edificaci\u00f3n singular comprende la construcci\u00f3n, rehabilitaci\u00f3n o actuaci\u00f3n sobre estructuras caracter\u00edsticas (por tama\u00f1o, tipolog\u00eda, uso final, dificultad constructiva o contexto hist\u00f3rico y social).\nSuelen ser edificaciones \u201cespeciales\u201d, con frecuencia emblem\u00e1ticas y a menudo, orientadas a servicios, ocio o conservaci\u00f3n del patrimonio hist\u00f3rico de la ciudad.\"\n    }\n  },{\n    \"@type\": \"Question\",\n    \"name\": \"\u00bfQu\u00e9 tipos de edificios singulares hay?\",\n    \"acceptedAnswer\": {\n      \"@type\": \"Answer\",\n      \"text\": \"Algunos ejemplos comunes son:\n\nCentros p\u00fablicos.\nTeatros.\nAuditorios.\nPolideportivos.\nEstadios.\nCentros comerciales o edificios de altura.\"\n    }\n  }]\n}\n<\/script><\/p>\n\n\n\n<m-wysiwig class=\"wp-block-components-wysiwyg\"><div slot=\"maincontent\">    <p class=\"intro\">La edificaci\u00f3n singular comprende la construcci\u00f3n, rehabilitaci\u00f3n o actuaci\u00f3n sobre estructuras caracter\u00edsticas (por tama\u00f1o, tipolog\u00eda, uso final, dificultad constructiva o contexto hist\u00f3rico y social). <\/p>\n    \n\n\n<p>Suelen ser edificaciones \u201cespeciales\u201d, con frecuencia emblem\u00e1ticas y a menudo, orientadas a servicios, ocio o conservaci\u00f3n del patrimonio hist\u00f3rico de la ciudad.<\/p>\n\n\n\n<p>Mediante la aplicaci\u00f3n del m\u00e9todo del encofrado deslizante, ejecutamos de forma muy r\u00e1pida y continua n\u00facleos de edificios, procurando a la obra muchas ventajas como la elevaci\u00f3n simult\u00e1nea de la gr\u00faa-torre, la colocaci\u00f3n inmediata de un ascensor auxiliar, la ejecuci\u00f3n de huecos., as\u00ed como la elevaci\u00f3n y descenso de grandes cargas, como cimbras o estructuras met\u00e1licas.<\/p>\n\n\n\n<p>Mediante este sistema hemos construido obras de edificaci\u00f3n tan singulares como la Torre de Comunicaciones de Madrid, el llamado \u201cPirul\u00ed\u201d, la Torre de Control del Aeropuerto de El Prat de Barcelona o el Faro de Punta Hidalgo en Tenerife.&nbsp;<\/p>\n\n\n\n<h2 class=\"wp-block-heading\">\u00bfQu\u00e9 tipos de edificios singulares hay?<\/h2>\n\n\n\n<p>Algunos ejemplos comunes son:<\/p>\n\n\n\n<ul class=\"wp-block-list\"><li>Centros p\u00fablicos. <\/li><li>Teatros. <\/li><li>Auditorios.<\/li><li>Polideportivos.<\/li><li>Estadios.<\/li><li>Centros comerciales o edificios de altura. <\/li><\/ul>\n\n\n\n<p>Pero tambi\u00e9n todas aquellas actuaciones de ampliaci\u00f3n, mejora o rehabilitaci\u00f3n como la adici\u00f3n de cubiertas especiales, los tratamientos sobre la envolvente o la conservaci\u00f3n de los pilares, entre otros proyectos.<\/p>\n\n\n\n<p>Esto significa que la edificaci\u00f3n singular es un tipo de construcci\u00f3n precisa, delicada y <strong><em>ad hoc<\/em> de muy dif\u00edcil o nula estandarizaci\u00f3n<\/strong>. Aunque de ellas se aprende, es complejo llevar una soluci\u00f3n de un proyecto a otro debido a la singularidad del proyecto. Esto ocurre en espacios como la antigua Central El\u00e9ctrica del Mediod\u00eda (1899), hoy el <a href=\"https:\/\/newsroom.ferrovial.com\/es\/articulo_inforvial\/edificios-con-nueva-vida\/\" target=\"_blank\" rel=\"dofollow noopener noreferrer\" aria-label=\" (opens in a new tab)\">edificio CaixaForum en Madrid, o el Palacio de San Telmo<\/a> (1682) , ahora rehabilitado.<\/p>\n\n\n\n<p>La antigua central experiment\u00f3 un proyecto de renovaci\u00f3n, rehabilitaci\u00f3n y ampliaci\u00f3n pasando de los 2.000 m<sup>2<\/sup> repletos de carboneras, generadores y turbinas, a los 10.000 m<sup>2<\/sup> de exposici\u00f3n gracias a la adici\u00f3n de dos pisos bajo rasante y un volumen superior. En el caso del palacio el proyecto de rehabilitaci\u00f3n ten\u00eda como objetivo recuperar la estructura original del edificio.<\/p>\n\n\n\n<h2 class=\"wp-block-heading\">Construcci\u00f3n singular, incluso viviendas<\/h2>\n\n\n\n<p>Por motivos evidentes todas estas actuaciones mencionadas cuentan, no solo con profesionales como los jefes de obra orientados a la edificaci\u00f3n singular, sino tambi\u00e9n con expertos en conservaci\u00f3n de espacios hist\u00f3ricos. No obstante, no toda la construcci\u00f3n singular parte de una base existente. La obra nueva es muy frecuente en esta catalogaci\u00f3n.<\/p>\n\n\n\n<p>La edificaci\u00f3n desde cero, incluso de viviendas, tambi\u00e9n <strong>puede resultar singular si alguno de sus aspectos resulta rese\u00f1able<\/strong>. Es el caso de edificios de construcci\u00f3n sostenible como las 80 viviendas que construimos en Tres Cantos (Madrid) con el objetivo de reducir el consumo de energ\u00eda y agua as\u00ed como el de disminuir las emisiones de gases de efecto invernadero. <\/p>\n<\/div><\/m-wysiwig>\n","protected":false},"excerpt":{"rendered":"","protected":false},"featured_media":0,"parent":25267,"menu_order":0,"comment_status":"closed","ping_status":"closed","template":"","meta":{"_acf_changed":false,"footnotes":""},"class_list":["post-18574","page","type-page","status-publish","hentry"],"acf":[],"yoast_head":"<!-- This site is optimized with the Yoast SEO plugin v27.2 - https:\/\/yoast.com\/product\/yoast-seo-wordpress\/ -->\n<title>Construcci\u00f3n de edificios singulares - Ferrovial<\/title>\n<meta name=\"description\" content=\"La edificaci\u00f3n singular comprende la construcci\u00f3n o rehabilitaci\u00f3n sobre estructuras caracter\u00edsticas debido a sus dimensiones, tipolog\u00eda, uso final, dificultad ...\" \/>\n<meta name=\"robots\" content=\"index, follow, max-snippet:-1, max-image-preview:large, max-video-preview:-1\" \/>\n<link rel=\"canonical\" href=\"https:\/\/www.ferrovial.com\/es\/recursos\/singulares\/\" \/>\n<meta property=\"og:locale\" content=\"es_ES\" \/>\n<meta property=\"og:type\" content=\"article\" \/>\n<meta property=\"og:title\" content=\"Construcci\u00f3n de edificios singulares - Ferrovial\" \/>\n<meta property=\"og:description\" content=\"La edificaci\u00f3n singular comprende la construcci\u00f3n o rehabilitaci\u00f3n sobre estructuras caracter\u00edsticas debido a sus dimensiones, tipolog\u00eda, uso final, dificultad ...\" \/>\n<meta property=\"og:url\" content=\"https:\/\/www.ferrovial.com\/es\/recursos\/singulares\/\" \/>\n<meta property=\"og:site_name\" content=\"Ferrovial\" \/>\n<meta property=\"article:publisher\" content=\"https:\/\/www.facebook.com\/ferrovial\" \/>\n<meta property=\"article:modified_time\" content=\"2021-08-12T12:59:47+00:00\" \/>\n<meta name=\"twitter:card\" content=\"summary_large_image\" \/>\n<meta name=\"twitter:site\" content=\"@ferrovial\" \/>\n<meta name=\"twitter:label1\" content=\"Est. reading time\" \/>\n\t<meta name=\"twitter:data1\" content=\"3 minutos\" \/>\n<!-- \/ Yoast SEO plugin. -->","yoast_head_json":{"title":"Construcci\u00f3n de edificios singulares - Ferrovial","description":"La edificaci\u00f3n singular comprende la construcci\u00f3n o rehabilitaci\u00f3n sobre estructuras caracter\u00edsticas debido a sus dimensiones, tipolog\u00eda, uso final, dificultad ...","robots":{"index":"index","follow":"follow","max-snippet":"max-snippet:-1","max-image-preview":"max-image-preview:large","max-video-preview":"max-video-preview:-1"},"canonical":"https:\/\/www.ferrovial.com\/es\/recursos\/singulares\/","og_locale":"es_ES","og_type":"article","og_title":"Construcci\u00f3n de edificios singulares - Ferrovial","og_description":"La edificaci\u00f3n singular comprende la construcci\u00f3n o rehabilitaci\u00f3n sobre estructuras caracter\u00edsticas debido a sus dimensiones, tipolog\u00eda, uso final, dificultad ...","og_url":"https:\/\/www.ferrovial.com\/es\/recursos\/singulares\/","og_site_name":"Ferrovial","article_publisher":"https:\/\/www.facebook.com\/ferrovial","article_modified_time":"2021-08-12T12:59:47+00:00","twitter_card":"summary_large_image","twitter_site":"@ferrovial","twitter_misc":{"Est. reading time":"3 minutos"},"schema":{"@context":"https:\/\/schema.org","@graph":[{"@type":"WebPage","@id":"https:\/\/www.ferrovial.com\/es\/recursos\/singulares\/","url":"https:\/\/www.ferrovial.com\/es\/recursos\/singulares\/","name":"Construcci\u00f3n de edificios singulares - Ferrovial","isPartOf":{"@id":"https:\/\/www.ferrovial.com\/es\/#website"},"datePublished":"2019-09-05T11:40:46+00:00","dateModified":"2021-08-12T12:59:47+00:00","description":"La edificaci\u00f3n singular comprende la construcci\u00f3n o rehabilitaci\u00f3n sobre estructuras caracter\u00edsticas debido a sus dimensiones, tipolog\u00eda, uso final, dificultad ...","breadcrumb":{"@id":"https:\/\/www.ferrovial.com\/es\/recursos\/singulares\/#breadcrumb"},"inLanguage":"es","potentialAction":[{"@type":"ReadAction","target":["https:\/\/www.ferrovial.com\/es\/recursos\/singulares\/"]}]},{"@type":"BreadcrumbList","@id":"https:\/\/www.ferrovial.com\/es\/recursos\/singulares\/#breadcrumb","itemListElement":[{"@type":"ListItem","position":1,"name":"Portada","item":"https:\/\/www.ferrovial.com\/es\/"},{"@type":"ListItem","position":2,"name":"Recursos","item":"https:\/\/www.ferrovial.com\/es\/recursos\/"},{"@type":"ListItem","position":3,"name":"Edificaci\u00f3n singular"}]},{"@type":"WebSite","@id":"https:\/\/www.ferrovial.com\/es\/#website","url":"https:\/\/www.ferrovial.com\/es\/","name":"Ferrovial","description":"Welcome to the Ferrovial&#039;s website, global operator of sustainable infrastructure. Here you can find all the information about the company and subsidiaries.","publisher":{"@id":"https:\/\/www.ferrovial.com\/es\/#organization"},"potentialAction":[{"@type":"SearchAction","target":{"@type":"EntryPoint","urlTemplate":"https:\/\/www.ferrovial.com\/es\/?s={search_term_string}"},"query-input":{"@type":"PropertyValueSpecification","valueRequired":true,"valueName":"search_term_string"}}],"inLanguage":"es"},{"@type":"Organization","@id":"https:\/\/www.ferrovial.com\/es\/#organization","name":"Ferrovial S.A.","url":"https:\/\/www.ferrovial.com\/es\/","logo":{"@type":"ImageObject","inLanguage":"es","@id":"https:\/\/www.ferrovial.com\/es\/#\/schema\/logo\/image\/","url":"https:\/\/static.ferrovial.com\/wp-content\/uploads\/2020\/01\/13124948\/logo-ferrovial-cf7.png","contentUrl":"https:\/\/static.ferrovial.com\/wp-content\/uploads\/2020\/01\/13124948\/logo-ferrovial-cf7.png","width":144,"height":32,"caption":"Ferrovial S.A."},"image":{"@id":"https:\/\/www.ferrovial.com\/es\/#\/schema\/logo\/image\/"},"sameAs":["https:\/\/www.facebook.com\/ferrovial","https:\/\/x.com\/ferrovial","https:\/\/www.instagram.com\/ferrovial\/","https:\/\/www.linkedin.com\/company\/ferrovial","https:\/\/www.pinterest.es\/ferrovial\/","https:\/\/www.youtube.com\/ferrovial","https:\/\/en.wikipedia.org\/wiki\/Ferrovial"]}]}},"_links":{"self":[{"href":"https:\/\/www.ferrovial.com\/es\/wp-json\/wp\/v2\/pages\/18574","targetHints":{"allow":["GET"]}}],"collection":[{"href":"https:\/\/www.ferrovial.com\/es\/wp-json\/wp\/v2\/pages"}],"about":[{"href":"https:\/\/www.ferrovial.com\/es\/wp-json\/wp\/v2\/types\/page"}],"replies":[{"embeddable":true,"href":"https:\/\/www.ferrovial.com\/es\/wp-json\/wp\/v2\/comments?post=18574"}],"version-history":[{"count":2,"href":"https:\/\/www.ferrovial.com\/es\/wp-json\/wp\/v2\/pages\/18574\/revisions"}],"predecessor-version":[{"id":200348,"href":"https:\/\/www.ferrovial.com\/es\/wp-json\/wp\/v2\/pages\/18574\/revisions\/200348"}],"up":[{"embeddable":true,"href":"https:\/\/www.ferrovial.com\/es\/wp-json\/wp\/v2\/pages\/25267"}],"wp:attachment":[{"href":"https:\/\/www.ferrovial.com\/es\/wp-json\/wp\/v2\/media?parent=18574"}],"curies":[{"name":"wp","href":"https:\/\/api.w.org\/{rel}","templated":true}]}}