{"id":18577,"date":"2019-09-05T13:41:39","date_gmt":"2019-09-05T11:41:39","guid":{"rendered":"https:\/\/www.ferrovial.com\/?page_id=18577"},"modified":"2025-11-09T14:04:09","modified_gmt":"2025-11-09T13:04:09","slug":"rehabilitacion","status":"publish","type":"page","link":"https:\/\/www.ferrovial.com\/es\/recursos\/rehabilitacion\/","title":{"rendered":"Rehabilitaci\u00f3n Energ\u00e9tica"},"content":{"rendered":"    <m-final-content-header >\n            <c-breadcrumb label-text=\"Breadcrumb\" slot=\"breadcrumbs\" type='2' align='left' wrap='wrapped wrapped' aria-label='Vienes de Recursos'>\n                        <ol>\n\n                                                            <li><a href=\"https:\/\/www.ferrovial.com\/es\/\" title=\"Ferrovial\">Ferrovial<\/a><\/li>\n                                                                        <li><a href=\"https:\/\/www.ferrovial.com\/es\/recursos\/\" title=\"Recursos\">Recursos<\/a><\/li>\n                                    \n                <\/ol>\n\n                <\/c-breadcrumb>\n    \n        <div slot=\"header\">\n            <h1>\n                Rehabilitaci\u00f3n Energ\u00e9tica             <\/h1>\n                    <\/div>\n    <\/m-final-content-header>\n\n    \n\n\n<p><script type=\"application\/ld+json\">\n{\n  \"@context\": \"https:\/\/schema.org\",\n  \"@type\": \"FAQPage\",\n  \"mainEntity\": [{\n    \"@type\": \"Question\",\n    \"name\": \"Rehabilitacion Energ\u00e9tica\",\n    \"acceptedAnswer\": {\n      \"@type\": \"Answer\",\n      \"text\": \"La rehabilitaci\u00f3n energ\u00e9tica del parque edificado existente es un tema prioritario para abordar los objetivos de Desarrollo Sostenibles y los objetivos del lucha contra el cambio clim\u00e1tico.\"\n    }\n  },{\n    \"@type\": \"Question\",\n    \"name\": \"Rehabilitaci\u00f3n de vivienda y medio ambiente\",\n    \"acceptedAnswer\": {\n      \"@type\": \"Answer\",\n      \"text\": \"Llevamos a\u00f1os trabajando en hacer realidad la rehabilitaci\u00f3n de los edificios existentes buscando soluciones constructivas, analizando herramientas financieras que permiten absorber la inversi\u00f3n con productos crediticios a largo plazo as\u00ed como la necesaria concienciaci\u00f3n de los propietarios identificando los beneficios asociados a la intervenci\u00f3n con el consiguiente cambio cultural.\"\n    }\n  },{\n    \"@type\": \"Question\",\n    \"name\": \"Compromiso con la edificaci\u00f3n sostenible\",\n    \"acceptedAnswer\": {\n      \"@type\": \"Answer\",\n      \"text\": \"La transformaci\u00f3n del parque existente hacia edificios de energ\u00eda casi nula implica t\u00e9cnicamente la incorporaci\u00f3n de soluciones constructivas en la envolvente del edificio (fachada, cubierta, ventanas\u2026) para reducir la demanda energ\u00e9tica y la modificaci\u00f3n de las instalaciones de climatizaci\u00f3n, ACS e iluminaci\u00f3n con la incorporaci\u00f3n de renovables.\"\n    }\n  }]\n}\n<\/script><\/p>\n\n\n\n<m-wysiwig class=\"wp-block-components-wysiwyg\"><div slot=\"maincontent\">\n<p><br>El parque inmobiliario construido es responsable aproximadamente del 36% de todas las emisiones de CO<sub>2<\/sub> de la Uni\u00f3n Europea y un objetivo a largo plazo es su descarbonizaci\u00f3n de aqu\u00ed a 2050.<\/p>\n\n\n\n<p>Los edificios\nexistentes fueron construidos mayoritariamente sin tener en cuenta su consumo\nenerg\u00e9tico para su adecuado funcionamiento, la demanda energ\u00e9tica de los mismos\nera cubierta con el dimensionamiento de la instalaci\u00f3n de climatizaci\u00f3n\nnecesario para alcanzar las temperaturas de uso adecuado. <\/p>\n\n\n\n<p>En la actualidad hay\nun giro conceptual. El comportamiento energ\u00e9tico del edificio es un indicador\nimportante as\u00ed como el uso de renovables, materiales sostenibles, etc.<\/p>\n\n\n\n<p>El marco normativo\ncon el &nbsp;CTE y el proyecto de Modificaci\u00f3n del mismo establecen nuevos\nest\u00e1ndares para los edificios de nueva construcci\u00f3n o la rehabilitaci\u00f3n de los\nexistentes hacia edificios de energ\u00eda casi nula con una baja o muy baja demanda\nenerg\u00e9tica que es cubierta en parte por energ\u00eda renovable. <\/p>\n\n\n\n<h2 class=\"wp-block-heading\">Rehabilitaci\u00f3n de vivienda y medio ambiente<\/h2>\n\n\n\n<p>Llevamos a\u00f1os trabajando en hacer realidad la rehabilitaci\u00f3n de los edificios existentes buscando soluciones constructivas, analizando herramientas financieras que permiten absorber la inversi\u00f3n con productos crediticios a largo plazo as\u00ed como la necesaria concienciaci\u00f3n de los propietarios identificando los beneficios asociados a la intervenci\u00f3n con el consiguiente cambio cultural.<\/p>\n\n\n\n<p>Hemos participado en proyectos de innovaci\u00f3n consorciados como: PRENDE, MIRE3D y BIMERR que mediante tecnolog\u00eda TIC ayuden a llevar a cabo la transformaci\u00f3n de nuestras ciudades en entornos m\u00e1s eficientes y sostenibles hacia una econom\u00eda baja en carbono. <\/p>\n\n\n\n<h2 class=\"wp-block-heading\">Compromiso con la edificaci\u00f3n sostenible<\/h2>\n\n\n\n<p>La transformaci\u00f3n del parque existente hacia edificios de energ\u00eda casi nula implica <strong>t\u00e9cnicamente<\/strong> la incorporaci\u00f3n de soluciones constructivas en la envolvente del edificio (fachada, cubierta, ventanas\u2026) para reducir la demanda energ\u00e9tica y la modificaci\u00f3n de las instalaciones de climatizaci\u00f3n, ACS e iluminaci\u00f3n con la incorporaci\u00f3n de renovables. <\/p>\n\n\n\n<p>Las ventajas asociadas a la rehabilitaci\u00f3n de los edificios, la percepci\u00f3n de la mejora del confort por parte de los usuarios, da respuesta al giro de \u201cedificios que son usados por personas\u201d hacia \u201cedificios centrados en las personas\u201d con un est\u00e1ndar de edificaci\u00f3n responsable y sostenible. <\/p>\n<\/div><\/m-wysiwig>\n","protected":false},"excerpt":{"rendered":"","protected":false},"featured_media":0,"parent":25267,"menu_order":0,"comment_status":"closed","ping_status":"closed","template":"","meta":{"_acf_changed":false,"footnotes":""},"class_list":["post-18577","page","type-page","status-publish","hentry"],"acf":[],"yoast_head":"<!-- This site is optimized with the Yoast SEO plugin v27.2 - https:\/\/yoast.com\/product\/yoast-seo-wordpress\/ -->\n<title>Rehabilitaci\u00f3n de edificios y reconstrucci\u00f3n - Ferrovial<\/title>\n<meta name=\"description\" content=\"La reconstrucci\u00f3n y rehabilitaci\u00f3n de edificios es un asunto de m\u00e1xima importancia de cara a abordar los Objetivos de Desarrollo Sostenible. Descubre c\u00f3mo ...\" \/>\n<meta name=\"robots\" content=\"index, follow, max-snippet:-1, max-image-preview:large, max-video-preview:-1\" \/>\n<link rel=\"canonical\" href=\"https:\/\/www.ferrovial.com\/es\/recursos\/rehabilitacion\/\" \/>\n<meta property=\"og:locale\" content=\"es_ES\" \/>\n<meta property=\"og:type\" content=\"article\" \/>\n<meta property=\"og:title\" content=\"Rehabilitaci\u00f3n de edificios y reconstrucci\u00f3n - Ferrovial\" \/>\n<meta property=\"og:description\" content=\"La reconstrucci\u00f3n y rehabilitaci\u00f3n de edificios es un asunto de m\u00e1xima importancia de cara a abordar los Objetivos de Desarrollo Sostenible. Descubre c\u00f3mo ...\" \/>\n<meta property=\"og:url\" content=\"https:\/\/www.ferrovial.com\/es\/recursos\/rehabilitacion\/\" \/>\n<meta property=\"og:site_name\" content=\"Ferrovial\" \/>\n<meta property=\"article:publisher\" content=\"https:\/\/www.facebook.com\/ferrovial\" \/>\n<meta property=\"article:modified_time\" content=\"2025-11-09T13:04:09+00:00\" \/>\n<meta name=\"twitter:card\" content=\"summary_large_image\" \/>\n<meta name=\"twitter:site\" content=\"@ferrovial\" \/>\n<meta name=\"twitter:label1\" content=\"Est. reading time\" \/>\n\t<meta name=\"twitter:data1\" content=\"2 minutos\" \/>\n<!-- \/ Yoast SEO plugin. -->","yoast_head_json":{"title":"Rehabilitaci\u00f3n de edificios y reconstrucci\u00f3n - Ferrovial","description":"La reconstrucci\u00f3n y rehabilitaci\u00f3n de edificios es un asunto de m\u00e1xima importancia de cara a abordar los Objetivos de Desarrollo Sostenible. Descubre c\u00f3mo ...","robots":{"index":"index","follow":"follow","max-snippet":"max-snippet:-1","max-image-preview":"max-image-preview:large","max-video-preview":"max-video-preview:-1"},"canonical":"https:\/\/www.ferrovial.com\/es\/recursos\/rehabilitacion\/","og_locale":"es_ES","og_type":"article","og_title":"Rehabilitaci\u00f3n de edificios y reconstrucci\u00f3n - Ferrovial","og_description":"La reconstrucci\u00f3n y rehabilitaci\u00f3n de edificios es un asunto de m\u00e1xima importancia de cara a abordar los Objetivos de Desarrollo Sostenible. Descubre c\u00f3mo ...","og_url":"https:\/\/www.ferrovial.com\/es\/recursos\/rehabilitacion\/","og_site_name":"Ferrovial","article_publisher":"https:\/\/www.facebook.com\/ferrovial","article_modified_time":"2025-11-09T13:04:09+00:00","twitter_card":"summary_large_image","twitter_site":"@ferrovial","twitter_misc":{"Est. reading time":"2 minutos"},"schema":{"@context":"https:\/\/schema.org","@graph":[{"@type":"WebPage","@id":"https:\/\/www.ferrovial.com\/es\/recursos\/rehabilitacion\/","url":"https:\/\/www.ferrovial.com\/es\/recursos\/rehabilitacion\/","name":"Rehabilitaci\u00f3n de edificios y reconstrucci\u00f3n - Ferrovial","isPartOf":{"@id":"https:\/\/www.ferrovial.com\/es\/#website"},"datePublished":"2019-09-05T11:41:39+00:00","dateModified":"2025-11-09T13:04:09+00:00","description":"La reconstrucci\u00f3n y rehabilitaci\u00f3n de edificios es un asunto de m\u00e1xima importancia de cara a abordar los Objetivos de Desarrollo Sostenible. Descubre c\u00f3mo ...","breadcrumb":{"@id":"https:\/\/www.ferrovial.com\/es\/recursos\/rehabilitacion\/#breadcrumb"},"inLanguage":"es","potentialAction":[{"@type":"ReadAction","target":["https:\/\/www.ferrovial.com\/es\/recursos\/rehabilitacion\/"]}]},{"@type":"BreadcrumbList","@id":"https:\/\/www.ferrovial.com\/es\/recursos\/rehabilitacion\/#breadcrumb","itemListElement":[{"@type":"ListItem","position":1,"name":"Portada","item":"https:\/\/www.ferrovial.com\/es\/"},{"@type":"ListItem","position":2,"name":"Recursos","item":"https:\/\/www.ferrovial.com\/es\/recursos\/"},{"@type":"ListItem","position":3,"name":"Rehabilitaci\u00f3n Energ\u00e9tica"}]},{"@type":"WebSite","@id":"https:\/\/www.ferrovial.com\/es\/#website","url":"https:\/\/www.ferrovial.com\/es\/","name":"Ferrovial","description":"Welcome to the Ferrovial&#039;s website, global operator of sustainable infrastructure. Here you can find all the information about the company and subsidiaries.","publisher":{"@id":"https:\/\/www.ferrovial.com\/es\/#organization"},"potentialAction":[{"@type":"SearchAction","target":{"@type":"EntryPoint","urlTemplate":"https:\/\/www.ferrovial.com\/es\/?s={search_term_string}"},"query-input":{"@type":"PropertyValueSpecification","valueRequired":true,"valueName":"search_term_string"}}],"inLanguage":"es"},{"@type":"Organization","@id":"https:\/\/www.ferrovial.com\/es\/#organization","name":"Ferrovial S.A.","url":"https:\/\/www.ferrovial.com\/es\/","logo":{"@type":"ImageObject","inLanguage":"es","@id":"https:\/\/www.ferrovial.com\/es\/#\/schema\/logo\/image\/","url":"https:\/\/static.ferrovial.com\/wp-content\/uploads\/2020\/01\/13124948\/logo-ferrovial-cf7.png","contentUrl":"https:\/\/static.ferrovial.com\/wp-content\/uploads\/2020\/01\/13124948\/logo-ferrovial-cf7.png","width":144,"height":32,"caption":"Ferrovial S.A."},"image":{"@id":"https:\/\/www.ferrovial.com\/es\/#\/schema\/logo\/image\/"},"sameAs":["https:\/\/www.facebook.com\/ferrovial","https:\/\/x.com\/ferrovial","https:\/\/www.instagram.com\/ferrovial\/","https:\/\/www.linkedin.com\/company\/ferrovial","https:\/\/www.pinterest.es\/ferrovial\/","https:\/\/www.youtube.com\/ferrovial","https:\/\/en.wikipedia.org\/wiki\/Ferrovial"]}]}},"_links":{"self":[{"href":"https:\/\/www.ferrovial.com\/es\/wp-json\/wp\/v2\/pages\/18577","targetHints":{"allow":["GET"]}}],"collection":[{"href":"https:\/\/www.ferrovial.com\/es\/wp-json\/wp\/v2\/pages"}],"about":[{"href":"https:\/\/www.ferrovial.com\/es\/wp-json\/wp\/v2\/types\/page"}],"replies":[{"embeddable":true,"href":"https:\/\/www.ferrovial.com\/es\/wp-json\/wp\/v2\/comments?post=18577"}],"version-history":[{"count":3,"href":"https:\/\/www.ferrovial.com\/es\/wp-json\/wp\/v2\/pages\/18577\/revisions"}],"predecessor-version":[{"id":317109,"href":"https:\/\/www.ferrovial.com\/es\/wp-json\/wp\/v2\/pages\/18577\/revisions\/317109"}],"up":[{"embeddable":true,"href":"https:\/\/www.ferrovial.com\/es\/wp-json\/wp\/v2\/pages\/25267"}],"wp:attachment":[{"href":"https:\/\/www.ferrovial.com\/es\/wp-json\/wp\/v2\/media?parent=18577"}],"curies":[{"name":"wp","href":"https:\/\/api.w.org\/{rel}","templated":true}]}}