{"id":18580,"date":"2019-09-05T13:42:24","date_gmt":"2019-09-05T11:42:24","guid":{"rendered":"https:\/\/www.ferrovial.com\/?page_id=18580"},"modified":"2025-06-19T10:53:25","modified_gmt":"2025-06-19T08:53:25","slug":"ferroviarias","status":"publish","type":"page","link":"https:\/\/www.ferrovial.com\/es\/recursos\/ferroviarias\/","title":{"rendered":"Infraestructuras ferroviarias"},"content":{"rendered":"    <m-final-content-header >\n            <c-breadcrumb label-text=\"Breadcrumb\" slot=\"breadcrumbs\" type='2' align='left' wrap='wrapped wrapped' aria-label='Vienes de Recursos'>\n                        <ol>\n\n                                                            <li><a href=\"https:\/\/www.ferrovial.com\/es\/\" title=\"Ferrovial\">Ferrovial<\/a><\/li>\n                                                                        <li><a href=\"https:\/\/www.ferrovial.com\/es\/recursos\/\" title=\"Recursos\">Recursos<\/a><\/li>\n                                    \n                <\/ol>\n\n                <\/c-breadcrumb>\n    \n        <div slot=\"header\">\n            <h1>\n                Infraestructuras ferroviarias            <\/h1>\n                    <\/div>\n    <\/m-final-content-header>\n\n    \n\n\n<p><script type=\"application\/ld+json\">\n{\n  \"@context\": \"https:\/\/schema.org\",\n  \"@type\": \"FAQPage\",\n  \"mainEntity\": [{\n    \"@type\": \"Question\",\n    \"name\": \"Infraestructuras ferroviarias\",\n    \"acceptedAnswer\": {\n      \"@type\": \"Answer\",\n      \"text\": \"Al igual que la movilidad por carretera, el transporte ferroviario requiere de una serie de elementos indispensables para garantizar la eficiencia y seguridad de los viajes. Con frecuencia esta incluye la obra civil.\"\n    }\n  },{\n    \"@type\": \"Question\",\n    \"name\": \"Construcci\u00f3n de v\u00edas y obra civil\",\n    \"acceptedAnswer\": {\n      \"@type\": \"Answer\",\n      \"text\": \"Adem\u00e1s de edificaciones singulares necesarias para la gesti\u00f3n de la red viaria como las estaciones de tren o \u00e1reas de mantenimiento y log\u00edstica, este soporte f\u00edsico incluye la construcci\u00f3n de grandes obras de ingenier\u00eda como puentes, viaductos, t\u00faneles e incluso, carreteras auxiliares que faciliten el intercambio de pasajeros o mercanc\u00eda a transportar de un punto a otro.\"\n    }\n  },{\n    \"@type\": \"Question\",\n    \"name\": \"Futuro de la construcci\u00f3n de red ferroviaria\",\n    \"acceptedAnswer\": {\n      \"@type\": \"Answer\",\n      \"text\": \"El transporte ferroviario es uno de los m\u00e1s eficientes si lo comparamos con otros como el a\u00e9reo, el transporte por carretera e incluso el mar\u00edtimo.\nPor este motivo, el desarrollo de infraestructuras ferroviarias resulta interesante, en materia de emisiones, de cara a cumplir los Objetivos de Desarrollo Sostenible.\"\n    }\n  }]\n}\n<\/script><\/p>\n\n\n\n<m-wysiwig class=\"wp-block-components-wysiwyg\"><div slot=\"maincontent\">    <p class=\"intro\">Las infraestructuras ferroviarias son, infraestructuras clave y \u201cel soporte f\u00edsico sobre el que discurre todo el sistema ferroviario\u201d.<\/p>\n    \n\n\n<p>Esa es la definici\u00f3n que ofrece la <a href=\"http:\/\/www.seguridadferroviaria.es\/actividades\/infraestructuras-ferroviarias\" title=\"Infraestructuras ferroviarias | AESF:AGENCIA ESTATAL DE SEGURIDAD FERROVIARIA\" target=\"_blank\" rel=\"nofollow noopener noreferrer\" aria-label=\" (opens in a new tab)\">Agencia Estatal de Seguridad Ferroviaria<\/a>. Al igual que la movilidad por carretera, el transporte ferroviario requiere de una serie de elementos indispensables para garantizar la eficiencia y seguridad de los viajes. Con frecuencia esta incluye la obra civil.<\/p>\n\n\n\n<h2 class=\"wp-block-heading\">Construcci\u00f3n de v\u00edas y obra civil<\/h2>\n\n\n\n<p>Adem\u00e1s de edificaciones singulares necesarias para la gesti\u00f3n de la red viaria como las estaciones de tren o \u00e1reas de mantenimiento y log\u00edstica, este soporte f\u00edsico incluye la construcci\u00f3n de <strong>grandes obras de ingenier\u00eda<\/strong> como puentes, viaductos, t\u00faneles e incluso, carreteras auxiliares que faciliten el intercambio de pasajeros o mercanc\u00eda a transportar de un punto a otro.<\/p>\n\n\n\n<p>Existen entidades p\u00fablicas dependientes de ministerios que se encargan de regular la infraestructura ferroviaria. No obstante, las empresas constructoras que llevan a cabo las obras y las que mantienen y gestionan la red, suelen ser empresas privadas con experiencia en este tipo de trabajos, como es nuestro caso.<\/p>\n\n\n\n<p>En Espa\u00f1a hemos desarrollado, desde 1952, <strong>m\u00e1s de 4.600 kil\u00f3metros de v\u00edas f\u00e9rreas<\/strong>, de las que 722 kil\u00f3metros guardan relaci\u00f3n con las l\u00edneas de Alta Velocidad. De estos, el 24% corresponden a l\u00edneas espa\u00f1olas de AVE (RENFE): Madrid-Andaluc\u00eda (160), Madrid-Barcelona (237), Madrid-Noroeste (128) y Madrid-Levante (197).<\/p>\n\n\n\n<h2 class=\"wp-block-heading\">Futuro de la construcci\u00f3n de red ferroviaria<\/h2>\n\n\n\n<p>A pesar de que las infraestructuras ferroviarias existen desde hace siglos, estas no dejan de actualizarse y mejorar. Trabajamos constantemente para aumentar la seguridad en todos los puntos del trazado y participamos en <a href=\"https:\/\/newsroom.ferrovial.com\/es\/noticias\/ferrovial-agroman-y-budimex-participan-juntos-en-safeway\/\" title=\"Ferrovial Agroman y Budimex participan juntos en SAFEWAY Sala de prensa\" target=\"_blank\" rel=\"dofollow noopener noreferrer\" aria-label=\" (opens in a new tab)\">proyectos como Safeway<\/a> (2018-2020), de cara a mejorar la fiabilidad de la infraestructura, su capacidad y la reducci\u00f3n de costes.<\/p>\n\n\n\n<p>El transporte ferroviario es uno <a title=\"Informe04_ferroviario\" aria-label=\" (opens in a new tab)\" href=\"http:\/\/www.laboratorioecoinnovacion.com\/comunicacion\/prensa\/Informe04_ferroviario.pdf\" target=\"_blank\" rel=\"nofollow noopener noreferrer\">de los m\u00e1s eficientes<\/a> si lo comparamos con otros como el a\u00e9reo, el transporte por carretera e incluso el mar\u00edtimo.<\/p>\n<\/div><\/m-wysiwig>\n","protected":false},"excerpt":{"rendered":"","protected":false},"featured_media":0,"parent":25267,"menu_order":0,"comment_status":"closed","ping_status":"closed","template":"","meta":{"_acf_changed":false,"footnotes":""},"class_list":["post-18580","page","type-page","status-publish","hentry"],"acf":[],"yoast_head":"<!-- This site is optimized with the Yoast SEO plugin v27.2 - https:\/\/yoast.com\/product\/yoast-seo-wordpress\/ -->\n<title>Construcci\u00f3n de infraestructuras ferroviarias - Ferrovial<\/title>\n<meta name=\"description\" content=\"Las infraestructuras ferroviarias son el soporte f\u00edsico sobre el que discurre todo el sistema ferroviario, a su vez infraestructura clave. Su construcci\u00f3n es clave ...\" \/>\n<meta name=\"robots\" content=\"index, follow, max-snippet:-1, max-image-preview:large, max-video-preview:-1\" \/>\n<link rel=\"canonical\" href=\"https:\/\/www.ferrovial.com\/es\/recursos\/ferroviarias\/\" \/>\n<meta property=\"og:locale\" content=\"es_ES\" \/>\n<meta property=\"og:type\" content=\"article\" \/>\n<meta property=\"og:title\" content=\"Construcci\u00f3n de infraestructuras ferroviarias - Ferrovial\" \/>\n<meta property=\"og:description\" content=\"Las infraestructuras ferroviarias son el soporte f\u00edsico sobre el que discurre todo el sistema ferroviario, a su vez infraestructura clave. Su construcci\u00f3n es clave ...\" \/>\n<meta property=\"og:url\" content=\"https:\/\/www.ferrovial.com\/es\/recursos\/ferroviarias\/\" \/>\n<meta property=\"og:site_name\" content=\"Ferrovial\" \/>\n<meta property=\"article:publisher\" content=\"https:\/\/www.facebook.com\/ferrovial\" \/>\n<meta property=\"article:modified_time\" content=\"2025-06-19T08:53:25+00:00\" \/>\n<meta name=\"twitter:card\" content=\"summary_large_image\" \/>\n<meta name=\"twitter:site\" content=\"@ferrovial\" \/>\n<meta name=\"twitter:label1\" content=\"Est. reading time\" \/>\n\t<meta name=\"twitter:data1\" content=\"2 minutos\" \/>\n<!-- \/ Yoast SEO plugin. -->","yoast_head_json":{"title":"Construcci\u00f3n de infraestructuras ferroviarias - Ferrovial","description":"Las infraestructuras ferroviarias son el soporte f\u00edsico sobre el que discurre todo el sistema ferroviario, a su vez infraestructura clave. Su construcci\u00f3n es clave ...","robots":{"index":"index","follow":"follow","max-snippet":"max-snippet:-1","max-image-preview":"max-image-preview:large","max-video-preview":"max-video-preview:-1"},"canonical":"https:\/\/www.ferrovial.com\/es\/recursos\/ferroviarias\/","og_locale":"es_ES","og_type":"article","og_title":"Construcci\u00f3n de infraestructuras ferroviarias - Ferrovial","og_description":"Las infraestructuras ferroviarias son el soporte f\u00edsico sobre el que discurre todo el sistema ferroviario, a su vez infraestructura clave. Su construcci\u00f3n es clave ...","og_url":"https:\/\/www.ferrovial.com\/es\/recursos\/ferroviarias\/","og_site_name":"Ferrovial","article_publisher":"https:\/\/www.facebook.com\/ferrovial","article_modified_time":"2025-06-19T08:53:25+00:00","twitter_card":"summary_large_image","twitter_site":"@ferrovial","twitter_misc":{"Est. reading time":"2 minutos"},"schema":{"@context":"https:\/\/schema.org","@graph":[{"@type":"WebPage","@id":"https:\/\/www.ferrovial.com\/es\/recursos\/ferroviarias\/","url":"https:\/\/www.ferrovial.com\/es\/recursos\/ferroviarias\/","name":"Construcci\u00f3n de infraestructuras ferroviarias - Ferrovial","isPartOf":{"@id":"https:\/\/www.ferrovial.com\/es\/#website"},"datePublished":"2019-09-05T11:42:24+00:00","dateModified":"2025-06-19T08:53:25+00:00","description":"Las infraestructuras ferroviarias son el soporte f\u00edsico sobre el que discurre todo el sistema ferroviario, a su vez infraestructura clave. Su construcci\u00f3n es clave ...","breadcrumb":{"@id":"https:\/\/www.ferrovial.com\/es\/recursos\/ferroviarias\/#breadcrumb"},"inLanguage":"es","potentialAction":[{"@type":"ReadAction","target":["https:\/\/www.ferrovial.com\/es\/recursos\/ferroviarias\/"]}]},{"@type":"BreadcrumbList","@id":"https:\/\/www.ferrovial.com\/es\/recursos\/ferroviarias\/#breadcrumb","itemListElement":[{"@type":"ListItem","position":1,"name":"Portada","item":"https:\/\/www.ferrovial.com\/es\/"},{"@type":"ListItem","position":2,"name":"Recursos","item":"https:\/\/www.ferrovial.com\/es\/recursos\/"},{"@type":"ListItem","position":3,"name":"Infraestructuras ferroviarias"}]},{"@type":"WebSite","@id":"https:\/\/www.ferrovial.com\/es\/#website","url":"https:\/\/www.ferrovial.com\/es\/","name":"Ferrovial","description":"Welcome to the Ferrovial&#039;s website, global operator of sustainable infrastructure. Here you can find all the information about the company and subsidiaries.","publisher":{"@id":"https:\/\/www.ferrovial.com\/es\/#organization"},"potentialAction":[{"@type":"SearchAction","target":{"@type":"EntryPoint","urlTemplate":"https:\/\/www.ferrovial.com\/es\/?s={search_term_string}"},"query-input":{"@type":"PropertyValueSpecification","valueRequired":true,"valueName":"search_term_string"}}],"inLanguage":"es"},{"@type":"Organization","@id":"https:\/\/www.ferrovial.com\/es\/#organization","name":"Ferrovial S.A.","url":"https:\/\/www.ferrovial.com\/es\/","logo":{"@type":"ImageObject","inLanguage":"es","@id":"https:\/\/www.ferrovial.com\/es\/#\/schema\/logo\/image\/","url":"https:\/\/static.ferrovial.com\/wp-content\/uploads\/2020\/01\/13124948\/logo-ferrovial-cf7.png","contentUrl":"https:\/\/static.ferrovial.com\/wp-content\/uploads\/2020\/01\/13124948\/logo-ferrovial-cf7.png","width":144,"height":32,"caption":"Ferrovial S.A."},"image":{"@id":"https:\/\/www.ferrovial.com\/es\/#\/schema\/logo\/image\/"},"sameAs":["https:\/\/www.facebook.com\/ferrovial","https:\/\/x.com\/ferrovial","https:\/\/www.instagram.com\/ferrovial\/","https:\/\/www.linkedin.com\/company\/ferrovial","https:\/\/www.pinterest.es\/ferrovial\/","https:\/\/www.youtube.com\/ferrovial","https:\/\/en.wikipedia.org\/wiki\/Ferrovial"]}]}},"_links":{"self":[{"href":"https:\/\/www.ferrovial.com\/es\/wp-json\/wp\/v2\/pages\/18580","targetHints":{"allow":["GET"]}}],"collection":[{"href":"https:\/\/www.ferrovial.com\/es\/wp-json\/wp\/v2\/pages"}],"about":[{"href":"https:\/\/www.ferrovial.com\/es\/wp-json\/wp\/v2\/types\/page"}],"replies":[{"embeddable":true,"href":"https:\/\/www.ferrovial.com\/es\/wp-json\/wp\/v2\/comments?post=18580"}],"version-history":[{"count":2,"href":"https:\/\/www.ferrovial.com\/es\/wp-json\/wp\/v2\/pages\/18580\/revisions"}],"predecessor-version":[{"id":307762,"href":"https:\/\/www.ferrovial.com\/es\/wp-json\/wp\/v2\/pages\/18580\/revisions\/307762"}],"up":[{"embeddable":true,"href":"https:\/\/www.ferrovial.com\/es\/wp-json\/wp\/v2\/pages\/25267"}],"wp:attachment":[{"href":"https:\/\/www.ferrovial.com\/es\/wp-json\/wp\/v2\/media?parent=18580"}],"curies":[{"name":"wp","href":"https:\/\/api.w.org\/{rel}","templated":true}]}}