{"id":18589,"date":"2019-09-05T13:43:49","date_gmt":"2019-09-05T11:43:49","guid":{"rendered":"https:\/\/www.ferrovial.com\/?page_id=18589"},"modified":"2021-08-12T13:03:08","modified_gmt":"2021-08-12T11:03:08","slug":"depositos","status":"publish","type":"page","link":"https:\/\/www.ferrovial.com\/es\/recursos\/depositos\/","title":{"rendered":"Dep\u00f3sitos"},"content":{"rendered":"    <m-final-content-header >\n            <c-breadcrumb label-text=\"Breadcrumb\" slot=\"breadcrumbs\" type='2' align='left' wrap='wrapped wrapped' aria-label='Vienes de Recursos'>\n                        <ol>\n\n                                                            <li><a href=\"https:\/\/www.ferrovial.com\/es\/\" title=\"Ferrovial\">Ferrovial<\/a><\/li>\n                                                                        <li><a href=\"https:\/\/www.ferrovial.com\/es\/recursos\/\" title=\"Recursos\">Recursos<\/a><\/li>\n                                    \n                <\/ol>\n\n                <\/c-breadcrumb>\n    \n        <div slot=\"header\">\n            <h1>\n                Dep\u00f3sitos            <\/h1>\n                    <\/div>\n    <\/m-final-content-header>\n\n    \n\n\n<p><script type=\"application\/ld+json\">\n{\n  \"@context\": \"https:\/\/schema.org\",\n  \"@type\": \"FAQPage\",\n  \"mainEntity\": [{\n    \"@type\": \"Question\",\n    \"name\": \"\u00bfQu\u00e9 son los dep\u00f3sitos?\",\n    \"acceptedAnswer\": {\n      \"@type\": \"Answer\",\n      \"text\": \"Los dep\u00f3sitos son estructuras con vol\u00famenes muy grandes. Normalmente se construyen de metal, hormig\u00f3n o barrera geosint\u00e9tica y se usan para almacenar todo tipo de fluidos y materiales. Estos se gestionan y se aprovechan mediante t\u00e9cnicas de limpieza o recuperaci\u00f3n.\"\n    }\n  },{\n    \"@type\": \"Question\",\n    \"name\": \"\u00bfQu\u00e9 tipos de dep\u00f3sitos hay?\",\n    \"acceptedAnswer\": {\n      \"@type\": \"Answer\",\n      \"text\": \"Dep\u00f3sitos de agua\nLos dep\u00f3sitos de aguas fluviales, de aguas residuales o de vertidos industriales son algunos ejemplos de los dep\u00f3sitos orientados a la ingenier\u00eda hidr\u00e1ulica\nDep\u00f3sitos de materiales\nCasi todas estas infraestructuras cuentan con dep\u00f3sitos finales de diferentes tipos como en el caso del almac\u00e9n de secado t\u00e9rmico. \nDep\u00f3sitos controlados\nOtro tipo de almacenes son los dep\u00f3sitos controlados. Son un tipo especial de dep\u00f3sitos con barrera geosint\u00e9tica ubicados, normalmente, al final de la cadena de gesti\u00f3n de residuos.\"\n    }\n  }]\n}\n<\/script><\/p>\n\n\n\n<m-wysiwig class=\"wp-block-components-wysiwyg\"><div slot=\"maincontent\">    <p class=\"intro\">Los dep\u00f3sitos son estructuras con vol\u00famenes muy grandes. Normalmente se construyen de metal, hormig\u00f3n o barrera geosint\u00e9tica y se usan para almacenar todo tipo de fluidos y materiales. Estos se gestionan y se aprovechan mediante t\u00e9cnicas de limpieza o recuperaci\u00f3n.<\/p>\n    \n\n\n<p>Tenemos gran experiencia en la realizaci\u00f3n de Dep\u00f3sitos aplicando la t\u00e9cnica\ndel encofrado deslizante. Dep\u00f3sitos para gas licuado, dep\u00f3sitos en altura o\ndigestores son nuestras principales referencias en este sector.<\/p>\n\n\n\n<p>La generalizaci\u00f3n de la utilizaci\u00f3n del encofrado deslizante en la\nejecuci\u00f3n de grandes dep\u00f3sitos se explica, adem\u00e1s de por la velocidad de\nejecuci\u00f3n, simplicidad y otra serie de ventajas, en una propiedad\ncaracter\u00edstica de este m\u00e9todo: la ausencia de juntas de hormigonado,\nconsiguiendo el monolitismo de la obra evitando las juntas, lo que le confiere,\nadem\u00e1s de una mejora de calidad estructural, una mejora funcional cuando se\ntrata de estructuras para almacenamiento de l\u00edquidos y gases.<\/p>\n\n\n\n<p>Nuestra aportaci\u00f3n en la ejecuci\u00f3n de dep\u00f3sitos elevados alcanza desde\nel deslizamiento del fuste hasta el izado, con un sistema de gatos especiales,\nde la copa o vaso que se ha ejecutado en el suelo. De esta forma se elimina la\nnecesidad de cimbras y la ejecuci\u00f3n del&nbsp;\nvaso a gran altura.<\/p>\n\n\n\n<p>Para dep\u00f3sitos y digestores, dado los grandes di\u00e1metros de este tipo de\nobras, utilizamos un doble sistema de arriostramiento, compuesto por:<\/p>\n\n\n\n<ul class=\"wp-block-list\"><li><strong>Arriostramiento perimetral<\/strong>, formado por una estructura tubular triangulada doble conectada al encofrado.<\/li><li> <strong>Arriostramiento radial<\/strong>, formado por un anillo central y un conjunto de tensores conectados al encofrado.<\/li><\/ul>\n\n\n\n<h2 class=\"wp-block-heading\">\u00bfQu\u00e9 tipos de dep\u00f3sitos hay?<\/h2>\n\n\n\n<h3 class=\"wp-block-heading\">Dep\u00f3sitos de agua<\/h3>\n\n\n\n<p>Los dep\u00f3sitos de aguas fluviales, de aguas residuales o de vertidos industriales son algunos ejemplos de los dep\u00f3sitos orientados a la ingenier\u00eda hidr\u00e1ulica. Es frecuente encontrarlos en plantas de tratamiento de aguas, para diferentes fases del proceso de depurado, en t\u00e9cnicas de decantaci\u00f3n y de tratamiento qu\u00edmico de aguas residuales industriales. <\/p>\n<\/div><\/m-wysiwig>\n\n\n\n<m-wysiwig class=\"wp-block-components-wysiwyg\"><div slot=\"maincontent\">    <p class=\"intro\"><\/p>\n    \n\n\n<h3 class=\"wp-block-heading\">Dep\u00f3sitos de materiales<\/h3>\n\n\n\n<p>Casi todas estas infraestructuras cuentan con dep\u00f3sitos finales de diferentes tipos como en el caso del almac\u00e9n de secado t\u00e9rmico. Se construye para ser resistente a explosiones debido a la volatilidad de los s\u00f3lidos presentes. <\/p>\n\n\n\n<p>Incluso cuando el material es dif\u00edcilmente aprovechable los dep\u00f3sitos se convierten en una alternativa m\u00e1s sostenible que el tradicional vertedero. Tambi\u00e9n se construyen para encerrar otro tipo de materiales en el inicio de la cadena de valor, no derivados de residuos: desde productos alimenticios a productos qu\u00edmicos. <\/p>\n\n\n\n<h3 class=\"wp-block-heading\">Dep\u00f3sitos controlados<\/h3>\n\n\n\n<p>Otro tipo de almacenes son los <strong>dep\u00f3sitos controlados<\/strong>. Son un tipo especial de dep\u00f3sitos con barrera geosint\u00e9tica ubicados, normalmente, al final de la cadena de gesti\u00f3n de residuos. Dicho esto, algunos de estos materiales a\u00fan pueden aportar recursos como el biog\u00e1s o permanecer encerrados hasta que la toxicidad, radiactividad, combustibilidad, etc. se reduzca. Posteriormente ser\u00e1n reutilizados de nuevo entrando a formar parte como materia inerte. Tambi\u00e9n es imprescindible ayudar al drenaje del terreno, especialmente en entornos muy urbanizados en los que la capa natural se encuentra cubierta por una pel\u00edcula impermeable formada por edificaciones y calles. <\/p>\n\n\n\n<p>Filtrar el agua al terreno suele realizarse en c\u00e1maras subterr\u00e1neas, mediante dep\u00f3sitos de celdas drenantes, que facilitan la recarga de acu\u00edferos naturales como es el caso de la estaci\u00f3n de Metro de Paco de Luc\u00eda en Madrid. <\/p>\n<\/div><\/m-wysiwig>\n\n\n\n<p><\/p>\n","protected":false},"excerpt":{"rendered":"","protected":false},"featured_media":0,"parent":25267,"menu_order":0,"comment_status":"closed","ping_status":"closed","template":"","meta":{"_acf_changed":false,"footnotes":""},"class_list":["post-18589","page","type-page","status-publish","hentry"],"acf":[],"yoast_head":"<!-- This site is optimized with the Yoast SEO plugin v27.2 - https:\/\/yoast.com\/product\/yoast-seo-wordpress\/ -->\n<title>Dep\u00f3sitos de agua y otros materiales - Ferrovial<\/title>\n<meta name=\"description\" content=\"En el sector de la construcci\u00f3n, los dep\u00f3sitos son estructuras que contienen grandes vol\u00famenes orientados a almacenar todo tipo de fluidos y materiales. Para poder ...\" \/>\n<meta name=\"robots\" content=\"index, follow, max-snippet:-1, max-image-preview:large, max-video-preview:-1\" \/>\n<link rel=\"canonical\" href=\"https:\/\/www.ferrovial.com\/es\/recursos\/depositos\/\" \/>\n<meta property=\"og:locale\" content=\"es_ES\" \/>\n<meta property=\"og:type\" content=\"article\" \/>\n<meta property=\"og:title\" content=\"Dep\u00f3sitos de agua y otros materiales - Ferrovial\" \/>\n<meta property=\"og:description\" content=\"En el sector de la construcci\u00f3n, los dep\u00f3sitos son estructuras que contienen grandes vol\u00famenes orientados a almacenar todo tipo de fluidos y materiales. Para poder ...\" \/>\n<meta property=\"og:url\" content=\"https:\/\/www.ferrovial.com\/es\/recursos\/depositos\/\" \/>\n<meta property=\"og:site_name\" content=\"Ferrovial\" \/>\n<meta property=\"article:publisher\" content=\"https:\/\/www.facebook.com\/ferrovial\" \/>\n<meta property=\"article:modified_time\" content=\"2021-08-12T11:03:08+00:00\" \/>\n<meta name=\"twitter:card\" content=\"summary_large_image\" \/>\n<meta name=\"twitter:site\" content=\"@ferrovial\" \/>\n<meta name=\"twitter:label1\" content=\"Est. reading time\" \/>\n\t<meta name=\"twitter:data1\" content=\"3 minutos\" \/>\n<!-- \/ Yoast SEO plugin. -->","yoast_head_json":{"title":"Dep\u00f3sitos de agua y otros materiales - Ferrovial","description":"En el sector de la construcci\u00f3n, los dep\u00f3sitos son estructuras que contienen grandes vol\u00famenes orientados a almacenar todo tipo de fluidos y materiales. Para poder ...","robots":{"index":"index","follow":"follow","max-snippet":"max-snippet:-1","max-image-preview":"max-image-preview:large","max-video-preview":"max-video-preview:-1"},"canonical":"https:\/\/www.ferrovial.com\/es\/recursos\/depositos\/","og_locale":"es_ES","og_type":"article","og_title":"Dep\u00f3sitos de agua y otros materiales - Ferrovial","og_description":"En el sector de la construcci\u00f3n, los dep\u00f3sitos son estructuras que contienen grandes vol\u00famenes orientados a almacenar todo tipo de fluidos y materiales. Para poder ...","og_url":"https:\/\/www.ferrovial.com\/es\/recursos\/depositos\/","og_site_name":"Ferrovial","article_publisher":"https:\/\/www.facebook.com\/ferrovial","article_modified_time":"2021-08-12T11:03:08+00:00","twitter_card":"summary_large_image","twitter_site":"@ferrovial","twitter_misc":{"Est. reading time":"3 minutos"},"schema":{"@context":"https:\/\/schema.org","@graph":[{"@type":"WebPage","@id":"https:\/\/www.ferrovial.com\/es\/recursos\/depositos\/","url":"https:\/\/www.ferrovial.com\/es\/recursos\/depositos\/","name":"Dep\u00f3sitos de agua y otros materiales - Ferrovial","isPartOf":{"@id":"https:\/\/www.ferrovial.com\/es\/#website"},"datePublished":"2019-09-05T11:43:49+00:00","dateModified":"2021-08-12T11:03:08+00:00","description":"En el sector de la construcci\u00f3n, los dep\u00f3sitos son estructuras que contienen grandes vol\u00famenes orientados a almacenar todo tipo de fluidos y materiales. Para poder ...","breadcrumb":{"@id":"https:\/\/www.ferrovial.com\/es\/recursos\/depositos\/#breadcrumb"},"inLanguage":"es","potentialAction":[{"@type":"ReadAction","target":["https:\/\/www.ferrovial.com\/es\/recursos\/depositos\/"]}]},{"@type":"BreadcrumbList","@id":"https:\/\/www.ferrovial.com\/es\/recursos\/depositos\/#breadcrumb","itemListElement":[{"@type":"ListItem","position":1,"name":"Portada","item":"https:\/\/www.ferrovial.com\/es\/"},{"@type":"ListItem","position":2,"name":"Recursos","item":"https:\/\/www.ferrovial.com\/es\/recursos\/"},{"@type":"ListItem","position":3,"name":"Dep\u00f3sitos"}]},{"@type":"WebSite","@id":"https:\/\/www.ferrovial.com\/es\/#website","url":"https:\/\/www.ferrovial.com\/es\/","name":"Ferrovial","description":"Welcome to the Ferrovial&#039;s website, global operator of sustainable infrastructure. Here you can find all the information about the company and subsidiaries.","publisher":{"@id":"https:\/\/www.ferrovial.com\/es\/#organization"},"potentialAction":[{"@type":"SearchAction","target":{"@type":"EntryPoint","urlTemplate":"https:\/\/www.ferrovial.com\/es\/?s={search_term_string}"},"query-input":{"@type":"PropertyValueSpecification","valueRequired":true,"valueName":"search_term_string"}}],"inLanguage":"es"},{"@type":"Organization","@id":"https:\/\/www.ferrovial.com\/es\/#organization","name":"Ferrovial S.A.","url":"https:\/\/www.ferrovial.com\/es\/","logo":{"@type":"ImageObject","inLanguage":"es","@id":"https:\/\/www.ferrovial.com\/es\/#\/schema\/logo\/image\/","url":"https:\/\/static.ferrovial.com\/wp-content\/uploads\/2020\/01\/13124948\/logo-ferrovial-cf7.png","contentUrl":"https:\/\/static.ferrovial.com\/wp-content\/uploads\/2020\/01\/13124948\/logo-ferrovial-cf7.png","width":144,"height":32,"caption":"Ferrovial S.A."},"image":{"@id":"https:\/\/www.ferrovial.com\/es\/#\/schema\/logo\/image\/"},"sameAs":["https:\/\/www.facebook.com\/ferrovial","https:\/\/x.com\/ferrovial","https:\/\/www.instagram.com\/ferrovial\/","https:\/\/www.linkedin.com\/company\/ferrovial","https:\/\/www.pinterest.es\/ferrovial\/","https:\/\/www.youtube.com\/ferrovial","https:\/\/en.wikipedia.org\/wiki\/Ferrovial"]}]}},"_links":{"self":[{"href":"https:\/\/www.ferrovial.com\/es\/wp-json\/wp\/v2\/pages\/18589","targetHints":{"allow":["GET"]}}],"collection":[{"href":"https:\/\/www.ferrovial.com\/es\/wp-json\/wp\/v2\/pages"}],"about":[{"href":"https:\/\/www.ferrovial.com\/es\/wp-json\/wp\/v2\/types\/page"}],"replies":[{"embeddable":true,"href":"https:\/\/www.ferrovial.com\/es\/wp-json\/wp\/v2\/comments?post=18589"}],"version-history":[{"count":2,"href":"https:\/\/www.ferrovial.com\/es\/wp-json\/wp\/v2\/pages\/18589\/revisions"}],"predecessor-version":[{"id":200273,"href":"https:\/\/www.ferrovial.com\/es\/wp-json\/wp\/v2\/pages\/18589\/revisions\/200273"}],"up":[{"embeddable":true,"href":"https:\/\/www.ferrovial.com\/es\/wp-json\/wp\/v2\/pages\/25267"}],"wp:attachment":[{"href":"https:\/\/www.ferrovial.com\/es\/wp-json\/wp\/v2\/media?parent=18589"}],"curies":[{"name":"wp","href":"https:\/\/api.w.org\/{rel}","templated":true}]}}