{"id":18606,"date":"2019-09-05T13:54:03","date_gmt":"2019-09-05T11:54:03","guid":{"rendered":"https:\/\/www.ferrovial.com\/?page_id=18606"},"modified":"2021-08-11T15:14:03","modified_gmt":"2021-08-11T13:14:03","slug":"chimeneas","status":"publish","type":"page","link":"https:\/\/www.ferrovial.com\/es\/recursos\/chimeneas\/","title":{"rendered":"Chimeneas Industriales"},"content":{"rendered":"    <m-final-content-header >\n            <c-breadcrumb label-text=\"Breadcrumb\" slot=\"breadcrumbs\" type='2' align='left' wrap='wrapped wrapped' aria-label='Vienes de Recursos'>\n                        <ol>\n\n                                                            <li><a href=\"https:\/\/www.ferrovial.com\/es\/\" title=\"Ferrovial\">Ferrovial<\/a><\/li>\n                                                                        <li><a href=\"https:\/\/www.ferrovial.com\/es\/recursos\/\" title=\"Recursos\">Recursos<\/a><\/li>\n                                    \n                <\/ol>\n\n                <\/c-breadcrumb>\n    \n        <div slot=\"header\">\n            <h1>\n                Chimeneas Industriales            <\/h1>\n                    <\/div>\n    <\/m-final-content-header>\n\n    \n\n\n<p><script type=\"application\/ld+json\">\n{\n  \"@context\": \"https:\/\/schema.org\",\n  \"@type\": \"FAQPage\",\n  \"mainEntity\": [{\n    \"@type\": \"Question\",\n    \"name\": \"\u00bfQu\u00e9 son las chimeneas industriales?\",\n    \"acceptedAnswer\": {\n      \"@type\": \"Answer\",\n      \"text\": \"Las chimeneas industriales son construcciones verticales orientadas a minimizan el impacto local de gases de efecto invernadero (GEI) y otras sustancias de la industria. Son estructuras de f\u00e1brica (ladrillo), hormig\u00f3n o metal que facilitan la expulsi\u00f3n de gases emitidos por las industrias tras sus procesos productivos. El objetivo es minimizar el impacto de estos subproductos sobre el medio ambiente y las personas.\"\n    }\n  },{\n    \"@type\": \"Question\",\n    \"name\": \"Tipos de chimeneas industriales\",\n    \"acceptedAnswer\": {\n      \"@type\": \"Answer\",\n      \"text\": \"Aunque existen tipos de chimeneas y tablas que tomar como base, cada dise\u00f1o es diferente y sirve a un prop\u00f3sito espec\u00edfico. Estas toberas se calculan en base a par\u00e1metros como el tipo de gas que circula por ellas (N2, vapor de agua, CO2, NOx, SOx, etc) y factores f\u00edsicos como el caudal m\u00e1sico, la temperatura del gas o su velocidad. Diferentes combinaciones dan lugar a una huella \u00fanica por f\u00e1brica, siendo imposible trasladar el dise\u00f1o ad hoc de una a otra.\"\n    }\n  }]\n}\n<\/script><\/p>\n\n\n\n<m-wysiwig class=\"wp-block-components-wysiwyg\"><div slot=\"maincontent\">    <p class=\"intro\">Disponemos de una gran experiencia en la ejecuci\u00f3n de chimeneas, tanto de hormig\u00f3n como met\u00e1licas. Dise\u00f1amos, proyectamos y construimos chimeneas para centrales t\u00e9rmicas, refiner\u00edas, papeleras y todo tipo de plantas industriales. <\/p>\n    <\/div><\/m-wysiwig>\n\n\n    <m-cyphers-basic>\n                        <div slot=\"head\">\n                                                <h2>\n                                Chimeneas Industriales                            <\/h2>\n                                                        <h3>\n                                Datos Destacados                            <\/h3>\n                                                            <p>\n                                    Descripci\u00f3n por defecto                                <\/p>\n                                            <\/div>\n                                <ul slot=\"cyphers\">\n                                                <li>\n                                                                        <p class=\"pre\">\n                                            M\u00e1s de                                         <\/p>\n                                                                                <p class=\"number\">\n                                            100                                        <\/p>\n                                                                                <p class=\"post\">\n                                            chimeneas construidas                                        <\/p>\n                                                                    <\/li>\n                                                        <li>\n                                                                        <p class=\"number\">\n                                            9.000                                        <\/p>\n                                                                                <p class=\"post\">\n                                            metros de altura acumulada                                        <\/p>\n                                                                    <\/li>\n                                            <\/ul>\n                    <\/m-cyphers-basic>\n\n    \n\n\n<m-wysiwig class=\"wp-block-components-wysiwyg\"><div slot=\"maincontent\">\n<p>Las chimeneas industriales son construcciones verticales orientadas a minimizan el impacto local de gases de efecto invernadero (GEI) y otras sustancias de la industria. Son estructuras de f\u00e1brica (ladrillo), hormig\u00f3n o metal que facilitan la expulsi\u00f3n de gases emitidos por las industrias tras sus procesos productivos. <strong>El objetivo es minimizar el impacto<\/strong> <strong>de estos subproductos<\/strong> <strong>sobre el medio ambiente y las personas.<\/strong> Algunas de ellas se encargan de reducir los niveles de contaminantes o bajar la temperatura del gas.<\/p>\n\n\n\n<h2 class=\"wp-block-heading\">Tipos de chimeneas industriales<\/h2>\n\n\n\n<p>Aunque existen tipos de chimeneas y tablas que tomar como base, cada dise\u00f1o es diferente y sirve a un prop\u00f3sito espec\u00edfico. Estas toberas se calculan en base a par\u00e1metros como el tipo de gas que circula por ellas (N<sub>2<\/sub>, vapor de agua, CO<sub>2<\/sub>, NO<sub>x<\/sub>, SO<sub>x<\/sub>, etc) y factores f\u00edsicos como el caudal m\u00e1sico, la temperatura del gas o su velocidad. Diferentes combinaciones dan lugar a una huella \u00fanica por f\u00e1brica, siendo imposible trasladar el dise\u00f1o <em>ad hoc<\/em> de una a otra.<\/p>\n\n\n\n<p>La construcci\u00f3n vertical de chimeneas se utilizan en industrias tan dispares como la de las vidrieras (Tudela, 91 m), las refiner\u00edas (Guadarranque, 85 m), las centrales diesel (Los Guinchos, 39 m), las papeleras o las centrales t\u00e9rmicas (Soto de Ribera, 200 m), entre otros. Resulta imposible sintetizar aqu\u00ed los diferentes procesos de ejecuci\u00f3n de la cimentaci\u00f3n, el revestimiento interior, el tipo de material que conforma el cuerpo principal (ladrillo, metal, hormig\u00f3n) o su altura.<\/p>\n\n\n\n<p>Un rasgo com\u00fan de las chimeneas industriales es que se tienen que <strong>dise\u00f1ar de cara a cumplir los decretos de protecci\u00f3n del medio ambiente atmosf\u00e9rico<\/strong> y mantener lo m\u00e1s bajos posibles los niveles de emisi\u00f3n de contaminantes. Para ello, la construcci\u00f3n puede llegar a superar los cientos de metros como es el caso de la chimenea de Andorra (343 m). Esto implica tanto gases de efecto invernadero (GEI) como part\u00edculas cuya toxicidad a nivel de suelo podr\u00edan resultar perjudiciales para la salud de las personas, ambos factores relacionados con los \u00cdndices de Desarrollo Sostenible. La altura de la chimenea est\u00e1 orientada a ayudar a la dispersi\u00f3n, de ah\u00ed que algunas alcancen cotas elevadas y se levanten mediante encofrado deslizante. <\/p>\n<\/div><\/m-wysiwig>\n","protected":false},"excerpt":{"rendered":"","protected":false},"featured_media":0,"parent":25267,"menu_order":0,"comment_status":"closed","ping_status":"closed","template":"","meta":{"_acf_changed":false,"footnotes":""},"class_list":["post-18606","page","type-page","status-publish","hentry"],"acf":[],"yoast_head":"<!-- This site is optimized with the Yoast SEO plugin v27.2 - https:\/\/yoast.com\/product\/yoast-seo-wordpress\/ -->\n<title>Chimeneas industriales de ladrillo, hormig\u00f3n o metal - Ferrovial<\/title>\n<meta name=\"description\" content=\"Las chimeneas industriales son construcciones verticales orientadas a minimizan el impacto local de GEI y otras sustancias de la industria. Descubre c\u00f3mo ...\" \/>\n<meta name=\"robots\" content=\"index, follow, max-snippet:-1, max-image-preview:large, max-video-preview:-1\" \/>\n<link rel=\"canonical\" href=\"https:\/\/www.ferrovial.com\/es\/recursos\/chimeneas\/\" \/>\n<meta property=\"og:locale\" content=\"es_ES\" \/>\n<meta property=\"og:type\" content=\"article\" \/>\n<meta property=\"og:title\" content=\"Chimeneas industriales de ladrillo, hormig\u00f3n o metal - Ferrovial\" \/>\n<meta property=\"og:description\" content=\"Las chimeneas industriales son construcciones verticales orientadas a minimizan el impacto local de GEI y otras sustancias de la industria. Descubre c\u00f3mo ...\" \/>\n<meta property=\"og:url\" content=\"https:\/\/www.ferrovial.com\/es\/recursos\/chimeneas\/\" \/>\n<meta property=\"og:site_name\" content=\"Ferrovial\" \/>\n<meta property=\"article:publisher\" content=\"https:\/\/www.facebook.com\/ferrovial\" \/>\n<meta property=\"article:modified_time\" content=\"2021-08-11T13:14:03+00:00\" \/>\n<meta name=\"twitter:card\" content=\"summary_large_image\" \/>\n<meta name=\"twitter:site\" content=\"@ferrovial\" \/>\n<meta name=\"twitter:label1\" content=\"Est. reading time\" \/>\n\t<meta name=\"twitter:data1\" content=\"3 minutos\" \/>\n<!-- \/ Yoast SEO plugin. -->","yoast_head_json":{"title":"Chimeneas industriales de ladrillo, hormig\u00f3n o metal - Ferrovial","description":"Las chimeneas industriales son construcciones verticales orientadas a minimizan el impacto local de GEI y otras sustancias de la industria. Descubre c\u00f3mo ...","robots":{"index":"index","follow":"follow","max-snippet":"max-snippet:-1","max-image-preview":"max-image-preview:large","max-video-preview":"max-video-preview:-1"},"canonical":"https:\/\/www.ferrovial.com\/es\/recursos\/chimeneas\/","og_locale":"es_ES","og_type":"article","og_title":"Chimeneas industriales de ladrillo, hormig\u00f3n o metal - Ferrovial","og_description":"Las chimeneas industriales son construcciones verticales orientadas a minimizan el impacto local de GEI y otras sustancias de la industria. Descubre c\u00f3mo ...","og_url":"https:\/\/www.ferrovial.com\/es\/recursos\/chimeneas\/","og_site_name":"Ferrovial","article_publisher":"https:\/\/www.facebook.com\/ferrovial","article_modified_time":"2021-08-11T13:14:03+00:00","twitter_card":"summary_large_image","twitter_site":"@ferrovial","twitter_misc":{"Est. reading time":"3 minutos"},"schema":{"@context":"https:\/\/schema.org","@graph":[{"@type":"WebPage","@id":"https:\/\/www.ferrovial.com\/es\/recursos\/chimeneas\/","url":"https:\/\/www.ferrovial.com\/es\/recursos\/chimeneas\/","name":"Chimeneas industriales de ladrillo, hormig\u00f3n o metal - Ferrovial","isPartOf":{"@id":"https:\/\/www.ferrovial.com\/es\/#website"},"datePublished":"2019-09-05T11:54:03+00:00","dateModified":"2021-08-11T13:14:03+00:00","description":"Las chimeneas industriales son construcciones verticales orientadas a minimizan el impacto local de GEI y otras sustancias de la industria. Descubre c\u00f3mo ...","breadcrumb":{"@id":"https:\/\/www.ferrovial.com\/es\/recursos\/chimeneas\/#breadcrumb"},"inLanguage":"es","potentialAction":[{"@type":"ReadAction","target":["https:\/\/www.ferrovial.com\/es\/recursos\/chimeneas\/"]}]},{"@type":"BreadcrumbList","@id":"https:\/\/www.ferrovial.com\/es\/recursos\/chimeneas\/#breadcrumb","itemListElement":[{"@type":"ListItem","position":1,"name":"Portada","item":"https:\/\/www.ferrovial.com\/es\/"},{"@type":"ListItem","position":2,"name":"Recursos","item":"https:\/\/www.ferrovial.com\/es\/recursos\/"},{"@type":"ListItem","position":3,"name":"Chimeneas Industriales"}]},{"@type":"WebSite","@id":"https:\/\/www.ferrovial.com\/es\/#website","url":"https:\/\/www.ferrovial.com\/es\/","name":"Ferrovial","description":"Welcome to the Ferrovial&#039;s website, global operator of sustainable infrastructure. Here you can find all the information about the company and subsidiaries.","publisher":{"@id":"https:\/\/www.ferrovial.com\/es\/#organization"},"potentialAction":[{"@type":"SearchAction","target":{"@type":"EntryPoint","urlTemplate":"https:\/\/www.ferrovial.com\/es\/?s={search_term_string}"},"query-input":{"@type":"PropertyValueSpecification","valueRequired":true,"valueName":"search_term_string"}}],"inLanguage":"es"},{"@type":"Organization","@id":"https:\/\/www.ferrovial.com\/es\/#organization","name":"Ferrovial S.A.","url":"https:\/\/www.ferrovial.com\/es\/","logo":{"@type":"ImageObject","inLanguage":"es","@id":"https:\/\/www.ferrovial.com\/es\/#\/schema\/logo\/image\/","url":"https:\/\/static.ferrovial.com\/wp-content\/uploads\/2020\/01\/13124948\/logo-ferrovial-cf7.png","contentUrl":"https:\/\/static.ferrovial.com\/wp-content\/uploads\/2020\/01\/13124948\/logo-ferrovial-cf7.png","width":144,"height":32,"caption":"Ferrovial S.A."},"image":{"@id":"https:\/\/www.ferrovial.com\/es\/#\/schema\/logo\/image\/"},"sameAs":["https:\/\/www.facebook.com\/ferrovial","https:\/\/x.com\/ferrovial","https:\/\/www.instagram.com\/ferrovial\/","https:\/\/www.linkedin.com\/company\/ferrovial","https:\/\/www.pinterest.es\/ferrovial\/","https:\/\/www.youtube.com\/ferrovial","https:\/\/en.wikipedia.org\/wiki\/Ferrovial"]}]}},"_links":{"self":[{"href":"https:\/\/www.ferrovial.com\/es\/wp-json\/wp\/v2\/pages\/18606","targetHints":{"allow":["GET"]}}],"collection":[{"href":"https:\/\/www.ferrovial.com\/es\/wp-json\/wp\/v2\/pages"}],"about":[{"href":"https:\/\/www.ferrovial.com\/es\/wp-json\/wp\/v2\/types\/page"}],"replies":[{"embeddable":true,"href":"https:\/\/www.ferrovial.com\/es\/wp-json\/wp\/v2\/comments?post=18606"}],"version-history":[{"count":3,"href":"https:\/\/www.ferrovial.com\/es\/wp-json\/wp\/v2\/pages\/18606\/revisions"}],"predecessor-version":[{"id":200095,"href":"https:\/\/www.ferrovial.com\/es\/wp-json\/wp\/v2\/pages\/18606\/revisions\/200095"}],"up":[{"embeddable":true,"href":"https:\/\/www.ferrovial.com\/es\/wp-json\/wp\/v2\/pages\/25267"}],"wp:attachment":[{"href":"https:\/\/www.ferrovial.com\/es\/wp-json\/wp\/v2\/media?parent=18606"}],"curies":[{"name":"wp","href":"https:\/\/api.w.org\/{rel}","templated":true}]}}