{"id":18657,"date":"2019-09-05T14:36:53","date_gmt":"2019-09-05T12:36:53","guid":{"rendered":"https:\/\/www.ferrovial.com\/?page_id=18657"},"modified":"2024-09-25T10:32:50","modified_gmt":"2024-09-25T08:32:50","slug":"construccion-museos","status":"publish","type":"page","link":"https:\/\/www.ferrovial.com\/es\/recursos\/construccion-museos\/","title":{"rendered":"Museos"},"content":{"rendered":"    <m-final-content-header >\n            <c-breadcrumb label-text=\"Breadcrumb\" slot=\"breadcrumbs\" type='2' align='left' wrap='wrapped wrapped' aria-label='Vienes de Recursos'>\n                        <ol>\n\n                                                            <li><a href=\"https:\/\/www.ferrovial.com\/es\/\" title=\"Ferrovial\">Ferrovial<\/a><\/li>\n                                                                        <li><a href=\"https:\/\/www.ferrovial.com\/es\/recursos\/\" title=\"Recursos\">Recursos<\/a><\/li>\n                                    \n                <\/ol>\n\n                <\/c-breadcrumb>\n    \n        <div slot=\"header\">\n            <h1>\n                Construcci\u00f3n de Museos y centros de arte            <\/h1>\n                    <\/div>\n    <\/m-final-content-header>\n\n    \n\n\n<p><script type=\"application\/ld+json\">\n{\n  \"@context\": \"https:\/\/schema.org\",\n  \"@type\": \"FAQPage\",\n  \"mainEntity\": [{\n    \"@type\": \"Question\",\n    \"name\": \"\u00bfQu\u00e9 importancia tiene la construcci\u00f3n de museos?\",\n    \"acceptedAnswer\": {\n      \"@type\": \"Answer\",\n      \"text\": \"Los museos son parte de nuestra cultura colectiva porque protegen el arte, raz\u00f3n por la que requieren de t\u00e9cnicas especiales de construcci\u00f3n.\"\n    }\n  },{\n    \"@type\": \"Question\",\n    \"name\": \"\u00bfQu\u00e9 museos singulares podemos destacar?\",\n    \"acceptedAnswer\": {\n      \"@type\": \"Answer\",\n      \"text\": \"Es el caso del Museo Guggenheim en Bilbao. Dise\u00f1ado por Frank Gehry, sus formas industriales atraen cada a\u00f1o a los turistas que caminan sobre unos cimientos de pilotes de 14 metros de hormig\u00f3n armado, sin saberlo. T\"\n    }\n  },{\n    \"@type\": \"Question\",\n    \"name\": \"\u00bfQu\u00e9 se tiene en cuenta en la rehabilitaci\u00f3n de centros hist\u00f3ricos?\",\n    \"acceptedAnswer\": {\n      \"@type\": \"Answer\",\n      \"text\": \"ste tipo de rehabilitaci\u00f3n ha de tener especial cuidado a la hora de conservar el patrimonio: mobiliario, carpinter\u00eda, suelos, etc. e incluso restos antiguos\"\n    }\n  }]\n}\n<\/script><\/p>\n\n\n\n<m-wysiwig class=\"wp-block-components-wysiwyg\"><div slot=\"maincontent\">\n<h2 class=\"wp-block-heading\">\u00bfQu\u00e9 importancia tiene la construcci\u00f3n de museos?<\/h2>\n\n\n\n<p>Los museos son parte de nuestra cultura colectiva porque protegen el arte, raz\u00f3n por la que requieren de t\u00e9cnicas especiales de construcci\u00f3n.<\/p>\n\n\n\n<p>Los <strong>museos<\/strong> son espacios que reflejan un desarrollo social notable. Son la muestra de que la sociedad es capaz de valorar el arte de tal modo que se organiza para que la poblaci\u00f3n pueda disfrutar de \u00e9l, la estudia y a la vez que lo conserva en condiciones \u00f3ptimas. Son un logro a nivel de civilizaci\u00f3n y en muchos casos, una obra de arte por derecho propio.<\/p>\n\n\n\n<h2 class=\"wp-block-heading\">\u00bfQu\u00e9 museos singulares podemos destacar?<\/h2>\n\n\n\n<p>Es el caso del <a href=\"https:\/\/www.ferrovial.com\/blog\/es\/2017\/10\/construccion-del-museo-guggenheim-bilbao\/\" title=\"Museo de Bilbao: La construcci\u00f3n del Guggenheim\" target=\"_blank\" rel=\"dofollow noopener noreferrer\" aria-label=\" (opens in a new tab)\">Museo Guggenheim en Bilbao<\/a>. Dise\u00f1ado por Frank Gehry, sus formas industriales atraen cada a\u00f1o a los turistas que caminan sobre unos cimientos de pilotes de 14 metros de hormig\u00f3n armado, sin saberlo. Tampoco es visible el modo en que, all\u00e1 por 1997, las t\u00e9cnicas m\u00e1s avanzadas de c\u00e1lculo digital eran aplicadas sobre esta estructura \u00fanica y edificaci\u00f3n singular.<\/p>\n\n\n\n<p>Aunque no sea su objetivo, <a title=\"Las 6 fotograf\u00edas m\u00e1s espectaculares para celebrar el #MuseumWeek, la semana de los museos - Ferrovial Blog\" href=\"https:\/\/www.ferrovial.com\/blog\/es\/2015\/03\/las-6-fotografias-mas-espectaculares-para-celebrar-el-museumweek-la-semana-de-los-museos\/\" target=\"_blank\" rel=\"dofollow noopener noreferrer\">los museos a veces son capaces de eclipsar el contenido que guardan<\/a>. Ocurre tambi\u00e9n en el CaixaForum de Madrid, la antigua <a title=\"CaixaForum Madrid Sala de prensa\" href=\"https:\/\/newsroom.ferrovial.com\/es\/galeria_fotos\/caixaforum-madrid-2\/\" target=\"_blank\" rel=\"dofollow noopener noreferrer\">Central El\u00e9ctrica del Mediod\u00eda<\/a>, recuperada y ampliada para la presentaci\u00f3n de exposiciones. Llevar a cabo una redistribuci\u00f3n del espacio requiere de un equipo de t\u00e9cnicos altamente cualificados.<\/p>\n\n\n\n<h2 class=\"wp-block-heading\">\u00bfQu\u00e9 se tiene en cuenta en la rehabilitaci\u00f3n de centros hist\u00f3ricos?<\/h2>\n\n\n\n<p>Algo similar ocurre cuando hablamos de <strong>rehabilitaci\u00f3n de espacios hist\u00f3ricos<\/strong> como es el caso de <a href=\"https:\/\/www.ferrovial.com\/blog\/es\/2013\/09\/arquitectura-rehabilitacion-de-casa-fontes\/\" title=\"Arquitectura: la rehabilitaci\u00f3n de Casa Fontes en Murcia\" target=\"_blank\" rel=\"dofollow noopener noreferrer\" aria-label=\" (opens in a new tab)\">Casa Fontes en Torres Pacheco<\/a> o el Museo Picasso en M\u00e1laga,  en los que realizar actividades culturales. Casa Fontes, que data de finales del siglo XIX, fue restaurada&nbsp; en el a\u00f1o 2013 para ampliar el activo de la ciudad y recuperar parte de la historia perdida.<\/p>\n\n\n\n<p>El Museo Picasso se renov\u00f3 en 2001 y alberga obras del pintor. La conservaci\u00f3n de la pintura suele ser uno de los mayores retos a la hora de dise\u00f1ar un museo. Este tipo de rehabilitaci\u00f3n ha de tener especial <strong>cuidado a la hora de conservar el patrimonio<\/strong>: mobiliario, carpinter\u00eda, suelos, etc. e incluso restos antiguos como los que se encontraron en Casa Fontes del siglo II a.C.<\/p>\n\n\n\n<p>Mucho m\u00e1s recientes pero igual de valiosos, son los objetos contenidos en el Museo Nacional Thyssen-Bornemisza, antiguo Palacio de Villahermosa, reformado en 1992 y ampliado en 2002 para fusionar dos propiedades colindantes. Y es que el arte es una faceta que tiende a crecer con el tiempo.<\/p>\n<\/div><\/m-wysiwig>\n","protected":false},"excerpt":{"rendered":"","protected":false},"featured_media":0,"parent":25267,"menu_order":0,"comment_status":"closed","ping_status":"closed","template":"","meta":{"_acf_changed":false,"footnotes":""},"class_list":["post-18657","page","type-page","status-publish","hentry"],"acf":[],"yoast_head":"<!-- This site is optimized with the Yoast SEO plugin v27.2 - https:\/\/yoast.com\/product\/yoast-seo-wordpress\/ -->\n<title>Construcci\u00f3n de museos y centros de arte - Ferrovial<\/title>\n<meta name=\"description\" content=\"Los museos son parte de nuestra cultura colectiva al proteger el arte, por lo que requieren de t\u00e9cnicas especiales de construcci\u00f3n. Como edificio singular, su ...\" \/>\n<meta name=\"robots\" content=\"index, follow, max-snippet:-1, max-image-preview:large, max-video-preview:-1\" \/>\n<link rel=\"canonical\" href=\"https:\/\/www.ferrovial.com\/es\/recursos\/construccion-museos\/\" \/>\n<meta property=\"og:locale\" content=\"es_ES\" \/>\n<meta property=\"og:type\" content=\"article\" \/>\n<meta property=\"og:title\" content=\"Construcci\u00f3n de museos y centros de arte - Ferrovial\" \/>\n<meta property=\"og:description\" content=\"Los museos son parte de nuestra cultura colectiva al proteger el arte, por lo que requieren de t\u00e9cnicas especiales de construcci\u00f3n. Como edificio singular, su ...\" \/>\n<meta property=\"og:url\" content=\"https:\/\/www.ferrovial.com\/es\/recursos\/construccion-museos\/\" \/>\n<meta property=\"og:site_name\" content=\"Ferrovial\" \/>\n<meta property=\"article:publisher\" content=\"https:\/\/www.facebook.com\/ferrovial\" \/>\n<meta property=\"article:modified_time\" content=\"2024-09-25T08:32:50+00:00\" \/>\n<meta name=\"twitter:card\" content=\"summary_large_image\" \/>\n<meta name=\"twitter:site\" content=\"@ferrovial\" \/>\n<meta name=\"twitter:label1\" content=\"Est. reading time\" \/>\n\t<meta name=\"twitter:data1\" content=\"2 minutos\" \/>\n<!-- \/ Yoast SEO plugin. -->","yoast_head_json":{"title":"Construcci\u00f3n de museos y centros de arte - Ferrovial","description":"Los museos son parte de nuestra cultura colectiva al proteger el arte, por lo que requieren de t\u00e9cnicas especiales de construcci\u00f3n. Como edificio singular, su ...","robots":{"index":"index","follow":"follow","max-snippet":"max-snippet:-1","max-image-preview":"max-image-preview:large","max-video-preview":"max-video-preview:-1"},"canonical":"https:\/\/www.ferrovial.com\/es\/recursos\/construccion-museos\/","og_locale":"es_ES","og_type":"article","og_title":"Construcci\u00f3n de museos y centros de arte - Ferrovial","og_description":"Los museos son parte de nuestra cultura colectiva al proteger el arte, por lo que requieren de t\u00e9cnicas especiales de construcci\u00f3n. Como edificio singular, su ...","og_url":"https:\/\/www.ferrovial.com\/es\/recursos\/construccion-museos\/","og_site_name":"Ferrovial","article_publisher":"https:\/\/www.facebook.com\/ferrovial","article_modified_time":"2024-09-25T08:32:50+00:00","twitter_card":"summary_large_image","twitter_site":"@ferrovial","twitter_misc":{"Est. reading time":"2 minutos"},"schema":{"@context":"https:\/\/schema.org","@graph":[{"@type":"WebPage","@id":"https:\/\/www.ferrovial.com\/es\/recursos\/construccion-museos\/","url":"https:\/\/www.ferrovial.com\/es\/recursos\/construccion-museos\/","name":"Construcci\u00f3n de museos y centros de arte - Ferrovial","isPartOf":{"@id":"https:\/\/www.ferrovial.com\/es\/#website"},"datePublished":"2019-09-05T12:36:53+00:00","dateModified":"2024-09-25T08:32:50+00:00","description":"Los museos son parte de nuestra cultura colectiva al proteger el arte, por lo que requieren de t\u00e9cnicas especiales de construcci\u00f3n. Como edificio singular, su ...","breadcrumb":{"@id":"https:\/\/www.ferrovial.com\/es\/recursos\/construccion-museos\/#breadcrumb"},"inLanguage":"es","potentialAction":[{"@type":"ReadAction","target":["https:\/\/www.ferrovial.com\/es\/recursos\/construccion-museos\/"]}]},{"@type":"BreadcrumbList","@id":"https:\/\/www.ferrovial.com\/es\/recursos\/construccion-museos\/#breadcrumb","itemListElement":[{"@type":"ListItem","position":1,"name":"Portada","item":"https:\/\/www.ferrovial.com\/es\/"},{"@type":"ListItem","position":2,"name":"Recursos","item":"https:\/\/www.ferrovial.com\/es\/recursos\/"},{"@type":"ListItem","position":3,"name":"Museos"}]},{"@type":"WebSite","@id":"https:\/\/www.ferrovial.com\/es\/#website","url":"https:\/\/www.ferrovial.com\/es\/","name":"Ferrovial","description":"Welcome to the Ferrovial&#039;s website, global operator of sustainable infrastructure. Here you can find all the information about the company and subsidiaries.","publisher":{"@id":"https:\/\/www.ferrovial.com\/es\/#organization"},"potentialAction":[{"@type":"SearchAction","target":{"@type":"EntryPoint","urlTemplate":"https:\/\/www.ferrovial.com\/es\/?s={search_term_string}"},"query-input":{"@type":"PropertyValueSpecification","valueRequired":true,"valueName":"search_term_string"}}],"inLanguage":"es"},{"@type":"Organization","@id":"https:\/\/www.ferrovial.com\/es\/#organization","name":"Ferrovial S.A.","url":"https:\/\/www.ferrovial.com\/es\/","logo":{"@type":"ImageObject","inLanguage":"es","@id":"https:\/\/www.ferrovial.com\/es\/#\/schema\/logo\/image\/","url":"https:\/\/static.ferrovial.com\/wp-content\/uploads\/2020\/01\/13124948\/logo-ferrovial-cf7.png","contentUrl":"https:\/\/static.ferrovial.com\/wp-content\/uploads\/2020\/01\/13124948\/logo-ferrovial-cf7.png","width":144,"height":32,"caption":"Ferrovial S.A."},"image":{"@id":"https:\/\/www.ferrovial.com\/es\/#\/schema\/logo\/image\/"},"sameAs":["https:\/\/www.facebook.com\/ferrovial","https:\/\/x.com\/ferrovial","https:\/\/www.instagram.com\/ferrovial\/","https:\/\/www.linkedin.com\/company\/ferrovial","https:\/\/www.pinterest.es\/ferrovial\/","https:\/\/www.youtube.com\/ferrovial","https:\/\/en.wikipedia.org\/wiki\/Ferrovial"]}]}},"_links":{"self":[{"href":"https:\/\/www.ferrovial.com\/es\/wp-json\/wp\/v2\/pages\/18657","targetHints":{"allow":["GET"]}}],"collection":[{"href":"https:\/\/www.ferrovial.com\/es\/wp-json\/wp\/v2\/pages"}],"about":[{"href":"https:\/\/www.ferrovial.com\/es\/wp-json\/wp\/v2\/types\/page"}],"replies":[{"embeddable":true,"href":"https:\/\/www.ferrovial.com\/es\/wp-json\/wp\/v2\/comments?post=18657"}],"version-history":[{"count":3,"href":"https:\/\/www.ferrovial.com\/es\/wp-json\/wp\/v2\/pages\/18657\/revisions"}],"predecessor-version":[{"id":288597,"href":"https:\/\/www.ferrovial.com\/es\/wp-json\/wp\/v2\/pages\/18657\/revisions\/288597"}],"up":[{"embeddable":true,"href":"https:\/\/www.ferrovial.com\/es\/wp-json\/wp\/v2\/pages\/25267"}],"wp:attachment":[{"href":"https:\/\/www.ferrovial.com\/es\/wp-json\/wp\/v2\/media?parent=18657"}],"curies":[{"name":"wp","href":"https:\/\/api.w.org\/{rel}","templated":true}]}}