{"id":18661,"date":"2019-09-05T14:38:14","date_gmt":"2019-09-05T12:38:14","guid":{"rendered":"https:\/\/www.ferrovial.com\/?page_id=18661"},"modified":"2021-08-12T13:51:50","modified_gmt":"2021-08-12T11:51:50","slug":"teatros","status":"publish","type":"page","link":"https:\/\/www.ferrovial.com\/es\/recursos\/teatros\/","title":{"rendered":"Teatros"},"content":{"rendered":"    <m-final-content-header >\n            <c-breadcrumb label-text=\"Breadcrumb\" slot=\"breadcrumbs\" type='2' align='left' wrap='wrapped wrapped' aria-label='Vienes de Recursos'>\n                        <ol>\n\n                                                            <li><a href=\"https:\/\/www.ferrovial.com\/es\/\" title=\"Ferrovial\">Ferrovial<\/a><\/li>\n                                                                        <li><a href=\"https:\/\/www.ferrovial.com\/es\/recursos\/\" title=\"Recursos\">Recursos<\/a><\/li>\n                                    \n                <\/ol>\n\n                <\/c-breadcrumb>\n    \n        <div slot=\"header\">\n            <h1>\n                Teatros            <\/h1>\n                    <\/div>\n    <\/m-final-content-header>\n\n    \n\n\n<p><script type=\"application\/ld+json\">\n{\n  \"@context\": \"https:\/\/schema.org\",\n  \"@type\": \"FAQPage\",\n  \"mainEntity\": {\n    \"@type\": \"Question\",\n    \"name\": \"\u00bfQu\u00e9 es un teatro?\",\n    \"acceptedAnswer\": {\n      \"@type\": \"Answer\",\n      \"text\": \"El teatro es un tipo de edificio orientado al ocio cuya construcci\u00f3n y rehabilitaci\u00f3n requiere de una especial atenci\u00f3n al patrimonio.\"\n    }\n  }\n}\n<\/script><\/p>\n\n\n\n<m-wysiwig class=\"wp-block-components-wysiwyg\"><div slot=\"maincontent\">    <p class=\"intro\">El teatro es un tipo de edificio orientado al ocio cuya construcci\u00f3n y rehabilitaci\u00f3n requiere de una especial atenci\u00f3n al patrimonio.<\/p>\n    \n\n\n<p>El teatro, arte dram\u00e1tico, ha existido desde mucho antes del primer registro escrito puesto que los primeros que se encontraron ya hablaban del <strong>teatro<\/strong>. Es una edificaci\u00f3n singular que sirve de espacio para representar funciones de todo tipo: desde comedias a espect\u00e1culos deportivos. <a href=\"https:\/\/www.ferrovial.com\/blog\/es\/2017\/02\/evolucion-del-teatro-evolucion-arquitectonica\/\" title=\"La evoluci\u00f3n del teatro que acompa\u00f1\u00f3 (e impuls\u00f3) la evoluci\u00f3n arquitect\u00f3nica - Ferrovial Blog\" target=\"_blank\" rel=\"dofollow noopener noreferrer\" aria-label=\" (opens in a new tab)\">Desde el teatro griego al aire libre, a las gradas climatizadas<\/a> con calidad de sonido medido al decibelio, los teatros siguen evolucionando cada d\u00eda.<\/p>\n\n\n\n<p>Durante los \u00faltimos siglos el escenario, patio de butacas, palcos y foso de la orquesta se han ido definiendo. Como consecuencia, hoy casi todos los teatros guardan una configuraci\u00f3n similar. Esto no implica que su construcci\u00f3n sea sencilla especialmente cuando hablamos de rehabilitaci\u00f3n de espacios hist\u00f3ricos. En este tipo de trabajos es en el que nos hemos ido especializando.<\/p>\n\n\n\n<h2 class=\"wp-block-heading\">Rehabilitaci\u00f3n de teatros<\/h2>\n\n\n\n<h3 class=\"wp-block-heading\">Teatro Mah\u00f3n <\/h3>\n\n\n\n<p>En 2002 recibimos <a href=\"https:\/\/www.ferrovial.com\/es\/compania\/premios\/\" target=\"_blank\" rel=\"noreferrer noopener\" aria-label=\" (opens in a new tab)\">el premio de Arquitectura de Menorca<\/a> por la Rehabilitaci\u00f3n Teatro Mah\u00f3n, un edificio que data de 1829 y que hab\u00eda sido dise\u00f1ado por el arquitecto Giovanni Palagi. La rehabilitaci\u00f3n se realiz\u00f3 entre 1997 y 2001 con el objetivo de mantener <strong>la decoraci\u00f3n de los teatros italianos<\/strong> del XVIII combinada con tecnolog\u00eda m\u00e1s actual. No ha sido el \u00fanico reformado.<\/p>\n\n\n\n<h3 class=\"wp-block-heading\">Teatro Regio de Almansa <\/h3>\n\n\n\n<p>El <a href=\"https:\/\/www.almansacultura.es\/index.php\/espacios\/teatro-regio\" title=\"Almansa Cultura - Teatro Regio\" target=\"_blank\" rel=\"nofollow noopener noreferrer\" aria-label=\" (opens in a new tab)\">Teatro Regio de Almansa<\/a> se construy\u00f3 en 1929 y, en torno a 2003, se hizo evidente que hab\u00eda quedado anticuado en materia de tecnolog\u00eda y seguridad. Tras una reforma integral en 2007, obtuvimos un premio por su rehabilitaci\u00f3n que incluy\u00f3 mejoras t\u00e9cnicas en el espacio esc\u00e9nico y aire acondicionado para las localidades, entre otras.<\/p>\n\n\n\n<h3 class=\"wp-block-heading\">Teatro Espa\u00f1a en Santa Eulalia del R\u00edo<\/h3>\n\n\n\n<p>A finales de 2009 terminaban las obras del antiguo <a href=\"https:\/\/www.periodicodeibiza.es\/noticias\/cultura\/2008\/08\/08\/420649\/futuro-teatro-espana.html\" title=\"El futuro Teatro Espa\u00f1a\" target=\"_blank\" rel=\"nofollow noopener noreferrer\">Teatro Espa\u00f1a en Santa Eulalia del R\u00edo<\/a> (Baleares). El objetivo era adaptarlo en materia de seguridad y a\u00f1adir un hall que sirviese como sala multifuncional. <br>La experiencia en rehabilitaci\u00f3n se gana con la pr\u00e1ctica y estos proyectos dieron pie a ganar el concurso para <a href=\"https:\/\/www.diariodeibiza.es\/pitiuses-balears\/2011\/06\/04\/ferrovial-agroman-realizara-obras-rehabilitacion-pereyra\/486419.html\" title=\"Ferrovial-Agrom\u00e1n realizar\u00e1 las obras de rehabilitaci\u00f3n del Pereyra - Diario de Ibiza\" target=\"_blank\" rel=\"nofollow noopener noreferrer\">rehabilitar el Teatro Pereyra<\/a> (1898) por su \u201cprobada experiencia t\u00e9cnica en actuaciones sobre el patrimonio hist\u00f3rico\u201d.<\/p>\n\n\n\n<p>La <strong>protecci\u00f3n del patrimonio hist\u00f3rico<\/strong> no est\u00e1 ligada con una falta de seguridad. Tampoco con la nueva tecnolog\u00eda. Estos y otros teatros reformados cuentan ahora con una ac\u00fastica \u00f3ptima y un nivel de confort superior al que tuvieron en su tiempo. La edificaci\u00f3n tambi\u00e9n se adapta a la nueva sociedad. <\/p>\n<\/div><\/m-wysiwig>\n","protected":false},"excerpt":{"rendered":"","protected":false},"featured_media":0,"parent":25267,"menu_order":0,"comment_status":"closed","ping_status":"closed","template":"","meta":{"_acf_changed":false,"footnotes":""},"class_list":["post-18661","page","type-page","status-publish","hentry"],"acf":[],"yoast_head":"<!-- This site is optimized with the Yoast SEO plugin v27.2 - https:\/\/yoast.com\/product\/yoast-seo-wordpress\/ -->\n<title>Construcci\u00f3n de teatros, cines, auditorios... - Ferrovial<\/title>\n<meta name=\"description\" content=\"El teatro es un tipo de edificio orientado al ocio cuya construcci\u00f3n y rehabilitaci\u00f3n requiere una especial atenci\u00f3n al patrimonio. Como edificio singular, su ...\" \/>\n<meta name=\"robots\" content=\"index, follow, max-snippet:-1, max-image-preview:large, max-video-preview:-1\" \/>\n<link rel=\"canonical\" href=\"https:\/\/www.ferrovial.com\/es\/recursos\/teatros\/\" \/>\n<meta property=\"og:locale\" content=\"es_ES\" \/>\n<meta property=\"og:type\" content=\"article\" \/>\n<meta property=\"og:title\" content=\"Construcci\u00f3n de teatros, cines, auditorios... - Ferrovial\" \/>\n<meta property=\"og:description\" content=\"El teatro es un tipo de edificio orientado al ocio cuya construcci\u00f3n y rehabilitaci\u00f3n requiere una especial atenci\u00f3n al patrimonio. Como edificio singular, su ...\" \/>\n<meta property=\"og:url\" content=\"https:\/\/www.ferrovial.com\/es\/recursos\/teatros\/\" \/>\n<meta property=\"og:site_name\" content=\"Ferrovial\" \/>\n<meta property=\"article:publisher\" content=\"https:\/\/www.facebook.com\/ferrovial\" \/>\n<meta property=\"article:modified_time\" content=\"2021-08-12T11:51:50+00:00\" \/>\n<meta name=\"twitter:card\" content=\"summary_large_image\" \/>\n<meta name=\"twitter:site\" content=\"@ferrovial\" \/>\n<meta name=\"twitter:label1\" content=\"Est. reading time\" \/>\n\t<meta name=\"twitter:data1\" content=\"2 minutos\" \/>\n<!-- \/ Yoast SEO plugin. -->","yoast_head_json":{"title":"Construcci\u00f3n de teatros, cines, auditorios... - Ferrovial","description":"El teatro es un tipo de edificio orientado al ocio cuya construcci\u00f3n y rehabilitaci\u00f3n requiere una especial atenci\u00f3n al patrimonio. Como edificio singular, su ...","robots":{"index":"index","follow":"follow","max-snippet":"max-snippet:-1","max-image-preview":"max-image-preview:large","max-video-preview":"max-video-preview:-1"},"canonical":"https:\/\/www.ferrovial.com\/es\/recursos\/teatros\/","og_locale":"es_ES","og_type":"article","og_title":"Construcci\u00f3n de teatros, cines, auditorios... - Ferrovial","og_description":"El teatro es un tipo de edificio orientado al ocio cuya construcci\u00f3n y rehabilitaci\u00f3n requiere una especial atenci\u00f3n al patrimonio. Como edificio singular, su ...","og_url":"https:\/\/www.ferrovial.com\/es\/recursos\/teatros\/","og_site_name":"Ferrovial","article_publisher":"https:\/\/www.facebook.com\/ferrovial","article_modified_time":"2021-08-12T11:51:50+00:00","twitter_card":"summary_large_image","twitter_site":"@ferrovial","twitter_misc":{"Est. reading time":"2 minutos"},"schema":{"@context":"https:\/\/schema.org","@graph":[{"@type":"WebPage","@id":"https:\/\/www.ferrovial.com\/es\/recursos\/teatros\/","url":"https:\/\/www.ferrovial.com\/es\/recursos\/teatros\/","name":"Construcci\u00f3n de teatros, cines, auditorios... - Ferrovial","isPartOf":{"@id":"https:\/\/www.ferrovial.com\/es\/#website"},"datePublished":"2019-09-05T12:38:14+00:00","dateModified":"2021-08-12T11:51:50+00:00","description":"El teatro es un tipo de edificio orientado al ocio cuya construcci\u00f3n y rehabilitaci\u00f3n requiere una especial atenci\u00f3n al patrimonio. Como edificio singular, su ...","breadcrumb":{"@id":"https:\/\/www.ferrovial.com\/es\/recursos\/teatros\/#breadcrumb"},"inLanguage":"es","potentialAction":[{"@type":"ReadAction","target":["https:\/\/www.ferrovial.com\/es\/recursos\/teatros\/"]}]},{"@type":"BreadcrumbList","@id":"https:\/\/www.ferrovial.com\/es\/recursos\/teatros\/#breadcrumb","itemListElement":[{"@type":"ListItem","position":1,"name":"Portada","item":"https:\/\/www.ferrovial.com\/es\/"},{"@type":"ListItem","position":2,"name":"Recursos","item":"https:\/\/www.ferrovial.com\/es\/recursos\/"},{"@type":"ListItem","position":3,"name":"Teatros"}]},{"@type":"WebSite","@id":"https:\/\/www.ferrovial.com\/es\/#website","url":"https:\/\/www.ferrovial.com\/es\/","name":"Ferrovial","description":"Welcome to the Ferrovial&#039;s website, global operator of sustainable infrastructure. Here you can find all the information about the company and subsidiaries.","publisher":{"@id":"https:\/\/www.ferrovial.com\/es\/#organization"},"potentialAction":[{"@type":"SearchAction","target":{"@type":"EntryPoint","urlTemplate":"https:\/\/www.ferrovial.com\/es\/?s={search_term_string}"},"query-input":{"@type":"PropertyValueSpecification","valueRequired":true,"valueName":"search_term_string"}}],"inLanguage":"es"},{"@type":"Organization","@id":"https:\/\/www.ferrovial.com\/es\/#organization","name":"Ferrovial S.A.","url":"https:\/\/www.ferrovial.com\/es\/","logo":{"@type":"ImageObject","inLanguage":"es","@id":"https:\/\/www.ferrovial.com\/es\/#\/schema\/logo\/image\/","url":"https:\/\/static.ferrovial.com\/wp-content\/uploads\/2020\/01\/13124948\/logo-ferrovial-cf7.png","contentUrl":"https:\/\/static.ferrovial.com\/wp-content\/uploads\/2020\/01\/13124948\/logo-ferrovial-cf7.png","width":144,"height":32,"caption":"Ferrovial S.A."},"image":{"@id":"https:\/\/www.ferrovial.com\/es\/#\/schema\/logo\/image\/"},"sameAs":["https:\/\/www.facebook.com\/ferrovial","https:\/\/x.com\/ferrovial","https:\/\/www.instagram.com\/ferrovial\/","https:\/\/www.linkedin.com\/company\/ferrovial","https:\/\/www.pinterest.es\/ferrovial\/","https:\/\/www.youtube.com\/ferrovial","https:\/\/en.wikipedia.org\/wiki\/Ferrovial"]}]}},"_links":{"self":[{"href":"https:\/\/www.ferrovial.com\/es\/wp-json\/wp\/v2\/pages\/18661","targetHints":{"allow":["GET"]}}],"collection":[{"href":"https:\/\/www.ferrovial.com\/es\/wp-json\/wp\/v2\/pages"}],"about":[{"href":"https:\/\/www.ferrovial.com\/es\/wp-json\/wp\/v2\/types\/page"}],"replies":[{"embeddable":true,"href":"https:\/\/www.ferrovial.com\/es\/wp-json\/wp\/v2\/comments?post=18661"}],"version-history":[{"count":4,"href":"https:\/\/www.ferrovial.com\/es\/wp-json\/wp\/v2\/pages\/18661\/revisions"}],"predecessor-version":[{"id":200323,"href":"https:\/\/www.ferrovial.com\/es\/wp-json\/wp\/v2\/pages\/18661\/revisions\/200323"}],"up":[{"embeddable":true,"href":"https:\/\/www.ferrovial.com\/es\/wp-json\/wp\/v2\/pages\/25267"}],"wp:attachment":[{"href":"https:\/\/www.ferrovial.com\/es\/wp-json\/wp\/v2\/media?parent=18661"}],"curies":[{"name":"wp","href":"https:\/\/api.w.org\/{rel}","templated":true}]}}