{"id":18667,"date":"2019-09-05T14:41:29","date_gmt":"2019-09-05T12:41:29","guid":{"rendered":"https:\/\/www.ferrovial.com\/?page_id=18667"},"modified":"2025-10-24T16:29:51","modified_gmt":"2025-10-24T14:29:51","slug":"accionistas-e-inversores","status":"publish","type":"page","link":"https:\/\/www.ferrovial.com\/es\/accionistas-e-inversores\/","title":{"rendered":"Accionistas e inversores"},"content":{"rendered":"    <m-hero type='single' :translations='{\n        &quot;play&quot;:&quot;Reproducir v\u00eddeo de fondo&quot;,\n        &quot;pause&quot;:&quot;Pausar v\u00eddeo de fondo&quot;,\n        &quot;prev&quot;:&quot;Anterior&quot;,\n        &quot;next&quot;:&quot;Siguiente&quot;,\n        &quot;paginationseparator&quot;:&quot;de&quot;,\n        &quot;goto&quot;:&quot;Ir al slide&quot;,\n        &quot;external&quot;:&quot;Abrir una nueva ventana&quot;\n    }'>\n            <c-breadcrumb label-text=\"Breadcrumb\" slot=\"breadcrumbs\" type='1' align='left left' wrap='wrapped wrapped'>\n                        <ol>\n\n                                                            <li><a href=\"https:\/\/www.ferrovial.com\/es\/\" title=\"Ferrovial\">Ferrovial<\/a><\/li>\n                                    \n                <\/ol>\n\n                <\/c-breadcrumb>\n    \n                        <div slot=\"carouselItem\">\n                            <c-background-video :sources=\"['https:\/\/static.ferrovial.com\/wp-content\/uploads\/2020\/01\/13130808\/autopistas_managed-lanes-bucle-03_1.mp4']\" position=\"center center\" poster=\"https:\/\/static.ferrovial.com\/wp-content\/uploads\/2019\/11\/13140040\/nte_segmento3a_04-1920x1080.jpg\" :translations=\"{&quot;play&quot;:&quot;Reproducir v\u00eddeo de fondo&quot;,&quot;pause&quot;:&quot;Pausar v\u00eddeo de fondo&quot;}\"><\/c-background-video>\n                        <\/div>        <section slot=\"hero\">\n            <article>\n                                        <h1>Relaci\u00f3n con accionistas e inversores <\/h1>\n                                                <p>Descripci\u00f3n por defecto<\/p>\n                                    <\/article>\n        <\/section>\n    <\/m-hero>\n\n    \n\n    <m-iframe :euroland=\"true\" >\n        \n                    <h3 slot=\"title\">\n                Cotizaci\u00f3n en euros (\u00faltimos seis meses)            <\/h3>\n        \n                <iframe id=\"eurolandChart\" slot=\"iframe\" allowfullscreen scrolling=\"no\" aria-label=\"Cotizaci\u00f3n en euros (\u00faltimos seis meses)\" style=\"\" allow=\"encrypted-media\" src=\"https:\/\/tools.eurolandir.com\/tools\/ticker\/html\/?companycode=es-cin&#038;v=8&#038;lang=es-ES\"><\/iframe>\n    <\/m-iframe>\n    \n\n\n    <m-distributor-basic bgimg='https:\/\/static.ferrovial.com\/wp-content\/uploads\/2019\/10\/13140853\/highway-407-express-canada.jpg'>\n                        <h3 slot=\"title\">\n                    Informaci\u00f3n financiera trimestral                <\/h3>\n                                <p slot=\"text\">\n                    Accede aqu\u00ed para conocer los resultados financieros                 <\/p>\n                                    <c-button slot='cta' type='primary' disabled='false' href='#'>\n                        <span>Ver resultados y descargar informaci\u00f3n<\/span>\n                                        <\/c-button>\n                    \n        \n\n    <\/m-distributor-basic>\n    \n\n    <m-multiple-distributor columns='3'>\n                        <p slot=\"title\">\n                    Recursos para inversores                <\/p>\n                                    <div class=\"card\">\n                                                <img decoding=\"async\" src=\"https:\/\/static.ferrovial.com\/wp-content\/uploads\/2019\/11\/13132132\/ciudad-600x800.jpg\" alt=\"plano aereo de infraestructuras en una iudada\" position=\"center \" \/>\n                                                        <p class=\"name\">Capital<\/p>\n                                                                    <p class=\"description\">Descripci\u00f3n por defecto<\/p>\n                                                                        <a title='M\u00e1s informaci\u00f3n' aria-label='M\u00e1s informaci\u00f3n sobre Capital'>M\u00e1s informaci\u00f3n<\/a>\n                                                            <\/div>\n                                        <div class=\"card\">\n                                                <img decoding=\"async\" src=\"https:\/\/static.ferrovial.com\/wp-content\/uploads\/2019\/09\/13135417\/407-etr-highway-in-toronto-canada-600x800.jpg\" alt=\"autopista en Canad\u00e1 407 ETR en Toronto\" position=\"center \" \/>\n                                                        <p class=\"name\">Distribuci\u00f3n al accionista<\/p>\n                                                                    <p class=\"description\">Descripci\u00f3n por defecto<\/p>\n                                                                        <a title='M\u00e1s informaci\u00f3n' aria-label='M\u00e1s informaci\u00f3n sobre Distribuci\u00f3n al accionista'>M\u00e1s informaci\u00f3n<\/a>\n                                                            <\/div>\n                                        <div class=\"card\">\n                                                <img decoding=\"async\" src=\"https:\/\/static.ferrovial.com\/wp-content\/uploads\/2019\/11\/13141320\/construction-d4r7-infrastructure-bratislava-600x800.jpg\" alt=\"construcci\u00f3n en bratislava D4R7\" position=\"center \" \/>\n                                                        <p class=\"name\">Eventos<\/p>\n                                                                    <p class=\"description\">Descripci\u00f3n por defecto<\/p>\n                                                                        <a title='M\u00e1s informaci\u00f3n' aria-label='M\u00e1s informaci\u00f3n sobre Eventos'>M\u00e1s informaci\u00f3n<\/a>\n                                                            <\/div>\n                                        <div class=\"card\">\n                                                <img decoding=\"async\" src=\"https:\/\/static.ferrovial.com\/wp-content\/uploads\/2019\/11\/13140439\/407-etr-westbound-sign-and-multiple-trucks-in-background-dump-truck-600x800.jpg\" alt=\"autopista 407 ETR Westbound en Canad\u00e1\" position=\"center \" \/>\n                                                        <p class=\"name\">Cobertura de analistas<\/p>\n                                                                    <p class=\"description\">Descripci\u00f3n por defecto<\/p>\n                                                                        <a title='M\u00e1s informaci\u00f3n' aria-label='M\u00e1s informaci\u00f3n sobre Cobertura de analistas'>M\u00e1s informaci\u00f3n<\/a>\n                                                            <\/div>\n                                        <div class=\"card\">\n                                                <img decoding=\"async\" src=\"https:\/\/static.ferrovial.com\/wp-content\/uploads\/2019\/10\/13133241\/textura-600x800.jpg\" alt=\"Ferrovial Junta General\" position=\"center \" \/>\n                                                        <p class=\"name\">Junta general de accionistas<\/p>\n                                                                    <p class=\"description\">Descripci\u00f3n por defecto<\/p>\n                                                                        <a title='M\u00e1s informaci\u00f3n' aria-label='M\u00e1s informaci\u00f3n sobre Junta general de accionistas'>M\u00e1s informaci\u00f3n<\/a>\n                                                            <\/div>\n                                        <div class=\"card\">\n                                                <img decoding=\"async\" src=\"https:\/\/static.ferrovial.com\/wp-content\/uploads\/2019\/09\/13135307\/nte-031416-001-1-600x800.jpg\" alt=\"north tarrant express\" position=\"center \" \/>\n                                                        <p class=\"name\">Rating y emisiones de deuda<\/p>\n                                                                    <p class=\"description\">Descripci\u00f3n por defecto<\/p>\n                                                                        <a title='M\u00e1s informaci\u00f3n' aria-label='M\u00e1s informaci\u00f3n sobre Rating y emisiones de deuda'>M\u00e1s informaci\u00f3n<\/a>\n                                                            <\/div>\n                        <\/m-multiple-distributor>\n\n    \n\n\n    <m-distributor-basic bgimg='https:\/\/static.ferrovial.com\/wp-content\/uploads\/2019\/09\/13124642\/euroscut-algarve-2.jpg'>\n                        <h3 slot=\"title\">\n                    Ampl\u00eda la informaci\u00f3n sobre Ferrovial                <\/h3>\n                                <p slot=\"text\">\n                    Accede a m\u00e1s informaci\u00f3n relevante como informes financieros, presentaciones o pol\u00edticas.                <\/p>\n                                    <c-button slot='cta' type='primary' disabled='false' href='#'>\n                        <span>Informaci\u00f3n financiera<\/span>\n                                        <\/c-button>\n                                        <c-button slot='cta' type='ghost-color' disabled='false' href='#'>\n                        <span>Gobierno corporativo <\/span>\n                                        <\/c-button>\n                    \n        \n\n    <\/m-distributor-basic>\n    \n\n    <m-distributor-news >\n                        <h3 slot=\"title\">Calendario del inversor<\/h3>\n                                <c-link slot=\"link\" >\n                    <a href='https:\/\/www.ferrovial.com\/es\/accionistas-e-inversores\/informacion-bursatil\/agenda-del-inversor\/' title='Ver todos los eventos'>Ver todos los eventos<\/a>\n                <\/c-link>\n                                        <div slot=\"report\">\n                            <h3><a href=\"https:\/\/www.ferrovial.com\/es\/agenda-del-inversor\/407-etr-resultados-1t-2026\/\" title=\"407 ETR - Resultados 1T 2026\">407 ETR &#8211; Resultados 1T 2026<\/a><\/h3>\n                                                                <span>30\/04\/2026<\/span>\n                                                            <\/div>\n                                                <div slot=\"report\">\n                            <h3><a href=\"https:\/\/www.ferrovial.com\/es\/agenda-del-inversor\/budimex-resultados-1t-2026\/\" title=\"Budimex - Resultados 1T 2026\">Budimex &#8211; Resultados 1T 2026<\/a><\/h3>\n                                                                <span>06\/05\/2026<\/span>\n                                                            <\/div>\n                                                <div slot=\"report\">\n                            <h3><a href=\"https:\/\/www.ferrovial.com\/es\/agenda-del-inversor\/ferrovial-resultados-1t-2026-a-cierre-del-mercado-americano\/\" title=\"Ferrovial - Resultados 1T 2026 (a cierre del mercado americano)\">Ferrovial &#8211; Resultados 1T 2026 (a cierre del mercado americano)<\/a><\/h3>\n                                                                <span>07\/05\/2026<\/span>\n                                                            <\/div>\n                                                <div slot=\"report\">\n                            <h3><a href=\"https:\/\/www.ferrovial.com\/es\/agenda-del-inversor\/ferrovial-conferencia-y-webcast-de-resultados-1t-2026\/\" title=\"Ferrovial - Conferencia y webcast de Resultados 1T 2026\">Ferrovial &#8211; Conferencia y webcast de Resultados 1T 2026<\/a><\/h3>\n                                                                <span>08\/05\/2026<\/span>\n                                                            <\/div>\n                            <\/m-distributor-news>\n    \n\n    <m-distributor-brands-extended>\n                        <h3 slot=\"title\">\n                    Informaci\u00f3n fusiones                <\/h3>\n                                    <a slot='card' href='https:\/\/www.ferrovial.com\/es\/accionistas-e-inversores\/' title='Sobre la fusi\u00f3n'>\n                        <h3>\n                            Sobre la fusi\u00f3n                        <\/h3>\n                                                        <p>\n                                    Fusi\u00f3n de Ferrovial International SE, como entidad absorbente, y de Ferrovial, S.A., como entidad absorbida\n                                <\/p>\n                                                                <label>\n                                    Ver m\u00e1s                                <\/label>\n                                                        <c-masked-image path='3' src='https:\/\/static.ferrovial.com\/wp-content\/uploads\/2023\/02\/24141835\/sede-ferrovial-corporacion-1920x1080-1-350x350.jpg'>\n\t\t\t\t\t\t<\/c-masked-image>\n                    <\/a>\n                        <\/m-distributor-brands-extended>\n\n    \n\n    <m-distributor-news color='gray' >\n                        <h2 slot=\"title\">\u00daltimas noticias<\/h2>\n                                <c-link slot=\"link\" icon=\"external\" external=\"true\">\n                    <a href='https:\/\/newsroom.ferrovial.com\/es\/' title='Sala de prensa ' target='_blank' sr-only='Open new window'>Sala de prensa <\/a>\n                <\/c-link>\n                                        <div slot=\"report\">\n                            <h3><a href=\"https:\/\/newsroom.ferrovial.com\/es\/notas-prensa\/ferrovial-celebra-su-junta-general-de-accionistas-tras-un-ano-marcado-por-un-solido-desempeno-operativo-y-la-entrada-en-nasdaq-100\/\" target='_blank' title=\"Ferrovial celebra su Junta General de Accionistas tras un a\u00f1o marcado por un s\u00f3lido desempe\u00f1o operativo y la entrada en Nasdaq-100\">Ferrovial celebra su Junta General de Accionistas tras un a\u00f1o marcado por un s\u00f3lido desempe\u00f1o operativo y la entrada en Nasdaq-100<\/a><\/h3>\n                                                                <span>09\/04\/2026<\/span>\n                                                                        <ul>\n                                        <li>Notas de prensa<\/li>\n                                    <\/ul>\n                                                            <\/div>\n                                                <div slot=\"report\">\n                            <h3><a href=\"https:\/\/newsroom.ferrovial.com\/es\/notas-prensa\/ferrovial-cumple-15-anos-de-cooperacion-y-accion-social-con-mas-de-10-millones-de-euros-invertidos\/\" target='_blank' title=\"Ferrovial cumple 15 a\u00f1os de cooperaci\u00f3n y acci\u00f3n social con m\u00e1s de 10 millones de euros invertidos\">Ferrovial cumple 15 a\u00f1os de cooperaci\u00f3n y acci\u00f3n social con m\u00e1s de 10 millones de euros invertidos<\/a><\/h3>\n                                                                <span>25\/03\/2026<\/span>\n                                                                        <ul>\n                                        <li>Notas de prensa<\/li>\n                                    <\/ul>\n                                                            <\/div>\n                                                <div slot=\"report\">\n                            <h3><a href=\"https:\/\/newsroom.ferrovial.com\/es\/notas-prensa\/ferrovial-y-budimex-construiran-un-tunel-ferroviario-en-polonia\/\" target='_blank' title=\"Ferrovial\u00a0y\u00a0Budimex\u00a0construir\u00e1n\u00a0un t\u00fanel ferroviario en Polonia\u00a0\">Ferrovial\u00a0y\u00a0Budimex\u00a0construir\u00e1n\u00a0un t\u00fanel ferroviario en Polonia\u00a0<\/a><\/h3>\n                                                                <span>06\/03\/2026<\/span>\n                                                                        <ul>\n                                        <li>Notas de prensa<\/li>\n                                    <\/ul>\n                                                            <\/div>\n                                                <div slot=\"report\">\n                            <h3><a href=\"https:\/\/newsroom.ferrovial.com\/es\/notas-prensa\/ferrovial-registra-solidos-resultados-en-2025-impulsados-por-el-buen-comportamiento-de-todos-los-negocios\/\" target='_blank' title=\"Ferrovial registra\u00a0s\u00f3lidos\u00a0resultados en 2025,\u00a0impulsados por el buen comportamiento de todos los negocios\">Ferrovial registra\u00a0s\u00f3lidos\u00a0resultados en 2025,\u00a0impulsados por el buen comportamiento de todos los negocios<\/a><\/h3>\n                                                                <span>25\/02\/2026<\/span>\n                                                                        <ul>\n                                        <li>Notas de prensa<\/li>\n                                    <\/ul>\n                                                            <\/div>\n                            <\/m-distributor-news>\n    \n\n    <m-annual-report :whitetext='false' :gutenberg='true'>\n                        <p slot=\"cta\">\n                    Ver las cifras destacadas de Ferrovial en 2025                <\/p>\n                \n                        <c-button href='https:\/\/informeanualintegrado2025.ferrovial.com\/en\/' title='Accede al Informe Anual Integrado' slot='cta' disabled='false' type='ghost-positive-alt' target='_blank' rel='noopener' >\n                Accede al Informe Anual Integrado                <span class=\"sr-only\">Abrir en una nueva pesta\u00f1a<\/span>\n                                <\/c-button>\n                \n        \n            <ul slot=\"cypher\">\n\n                                            <li>\n                                \n                                <div>\n                                    <span><\/span><span >9627<\/span><span>M\u20ac<\/span>\n                                <\/div>\n\n                                                                        <span>\n                                            Ventas                                        <\/span>\n                                                                    <\/li>\n                                                    <li>\n                                \n                                <div>\n                                    <span><\/span><span >40606<\/span><span>M\u20ac<\/span>\n                                <\/div>\n\n                                                                        <span>\n                                            Capitalizaci\u00f3n                                         <\/span>\n                                                                    <\/li>\n                                                    <li>\n                                \n                                <div>\n                                    <span><\/span><span >5088<\/span><span>M\u20ac<\/span>\n                                <\/div>\n\n                                                                        <span>\n                                            Liquidez                                        <\/span>\n                                                                    <\/li>\n                                                    <li>\n                                \n                                <div>\n                                    <span><\/span><span >22609<\/span><span><\/span>\n                                <\/div>\n\n                                                                        <span>\n                                            Empleados                                        <\/span>\n                                                                    <\/li>\n                        \n            <\/ul>\n            <\/m-annual-report>\n\n    ","protected":false},"excerpt":{"rendered":"","protected":false},"featured_media":0,"parent":0,"menu_order":0,"comment_status":"closed","ping_status":"closed","template":"","meta":{"_acf_changed":false,"footnotes":""},"class_list":["post-18667","page","type-page","status-publish","hentry"],"acf":[],"yoast_head":"<!-- This site is optimized with the Yoast SEO plugin v27.2 - https:\/\/yoast.com\/product\/yoast-seo-wordpress\/ -->\n<title>Informaci\u00f3n \u00fatil para accionistas e inversores - Ferrovial<\/title>\n<meta name=\"description\" content=\"Toda la informaci\u00f3n que los accionistas e inversores de Ferrovial necesitan saber sobre Ferrovial. Accede a la informaci\u00f3n burs\u00e1til, financiera, y otras.\" \/>\n<meta name=\"robots\" content=\"index, follow, max-snippet:-1, max-image-preview:large, max-video-preview:-1\" \/>\n<link rel=\"canonical\" href=\"https:\/\/www.ferrovial.com\/es\/accionistas-e-inversores\/\" \/>\n<meta property=\"og:locale\" content=\"es_ES\" \/>\n<meta property=\"og:type\" content=\"article\" \/>\n<meta property=\"og:title\" content=\"Informaci\u00f3n \u00fatil para accionistas e inversores - Ferrovial\" \/>\n<meta property=\"og:description\" content=\"Toda la informaci\u00f3n que los accionistas e inversores de Ferrovial necesitan saber sobre Ferrovial. Accede a la informaci\u00f3n burs\u00e1til, financiera, y otras.\" \/>\n<meta property=\"og:url\" content=\"https:\/\/www.ferrovial.com\/es\/accionistas-e-inversores\/\" \/>\n<meta property=\"og:site_name\" content=\"Ferrovial\" \/>\n<meta property=\"article:publisher\" content=\"https:\/\/www.facebook.com\/ferrovial\" \/>\n<meta property=\"article:modified_time\" content=\"2025-10-24T14:29:51+00:00\" \/>\n<meta name=\"twitter:card\" content=\"summary_large_image\" \/>\n<meta name=\"twitter:site\" content=\"@ferrovial\" \/>\n<!-- \/ Yoast SEO plugin. -->","yoast_head_json":{"title":"Informaci\u00f3n \u00fatil para accionistas e inversores - Ferrovial","description":"Toda la informaci\u00f3n que los accionistas e inversores de Ferrovial necesitan saber sobre Ferrovial. Accede a la informaci\u00f3n burs\u00e1til, financiera, y otras.","robots":{"index":"index","follow":"follow","max-snippet":"max-snippet:-1","max-image-preview":"max-image-preview:large","max-video-preview":"max-video-preview:-1"},"canonical":"https:\/\/www.ferrovial.com\/es\/accionistas-e-inversores\/","og_locale":"es_ES","og_type":"article","og_title":"Informaci\u00f3n \u00fatil para accionistas e inversores - Ferrovial","og_description":"Toda la informaci\u00f3n que los accionistas e inversores de Ferrovial necesitan saber sobre Ferrovial. Accede a la informaci\u00f3n burs\u00e1til, financiera, y otras.","og_url":"https:\/\/www.ferrovial.com\/es\/accionistas-e-inversores\/","og_site_name":"Ferrovial","article_publisher":"https:\/\/www.facebook.com\/ferrovial","article_modified_time":"2025-10-24T14:29:51+00:00","twitter_card":"summary_large_image","twitter_site":"@ferrovial","schema":{"@context":"https:\/\/schema.org","@graph":[{"@type":"WebPage","@id":"https:\/\/www.ferrovial.com\/es\/accionistas-e-inversores\/","url":"https:\/\/www.ferrovial.com\/es\/accionistas-e-inversores\/","name":"Informaci\u00f3n \u00fatil para accionistas e inversores - Ferrovial","isPartOf":{"@id":"https:\/\/www.ferrovial.com\/es\/#website"},"datePublished":"2019-09-05T12:41:29+00:00","dateModified":"2025-10-24T14:29:51+00:00","description":"Toda la informaci\u00f3n que los accionistas e inversores de Ferrovial necesitan saber sobre Ferrovial. Accede a la informaci\u00f3n burs\u00e1til, financiera, y otras.","breadcrumb":{"@id":"https:\/\/www.ferrovial.com\/es\/accionistas-e-inversores\/#breadcrumb"},"inLanguage":"es","potentialAction":[{"@type":"ReadAction","target":["https:\/\/www.ferrovial.com\/es\/accionistas-e-inversores\/"]}]},{"@type":"BreadcrumbList","@id":"https:\/\/www.ferrovial.com\/es\/accionistas-e-inversores\/#breadcrumb","itemListElement":[{"@type":"ListItem","position":1,"name":"Portada","item":"https:\/\/www.ferrovial.com\/es\/"},{"@type":"ListItem","position":2,"name":"Accionistas e inversores"}]},{"@type":"WebSite","@id":"https:\/\/www.ferrovial.com\/es\/#website","url":"https:\/\/www.ferrovial.com\/es\/","name":"Ferrovial","description":"Welcome to the Ferrovial&#039;s website, global operator of sustainable infrastructure. Here you can find all the information about the company and subsidiaries.","publisher":{"@id":"https:\/\/www.ferrovial.com\/es\/#organization"},"potentialAction":[{"@type":"SearchAction","target":{"@type":"EntryPoint","urlTemplate":"https:\/\/www.ferrovial.com\/es\/?s={search_term_string}"},"query-input":{"@type":"PropertyValueSpecification","valueRequired":true,"valueName":"search_term_string"}}],"inLanguage":"es"},{"@type":"Organization","@id":"https:\/\/www.ferrovial.com\/es\/#organization","name":"Ferrovial S.A.","url":"https:\/\/www.ferrovial.com\/es\/","logo":{"@type":"ImageObject","inLanguage":"es","@id":"https:\/\/www.ferrovial.com\/es\/#\/schema\/logo\/image\/","url":"https:\/\/static.ferrovial.com\/wp-content\/uploads\/2020\/01\/13124948\/logo-ferrovial-cf7.png","contentUrl":"https:\/\/static.ferrovial.com\/wp-content\/uploads\/2020\/01\/13124948\/logo-ferrovial-cf7.png","width":144,"height":32,"caption":"Ferrovial S.A."},"image":{"@id":"https:\/\/www.ferrovial.com\/es\/#\/schema\/logo\/image\/"},"sameAs":["https:\/\/www.facebook.com\/ferrovial","https:\/\/x.com\/ferrovial","https:\/\/www.instagram.com\/ferrovial\/","https:\/\/www.linkedin.com\/company\/ferrovial","https:\/\/www.pinterest.es\/ferrovial\/","https:\/\/www.youtube.com\/ferrovial","https:\/\/en.wikipedia.org\/wiki\/Ferrovial"]}]}},"_links":{"self":[{"href":"https:\/\/www.ferrovial.com\/es\/wp-json\/wp\/v2\/pages\/18667","targetHints":{"allow":["GET"]}}],"collection":[{"href":"https:\/\/www.ferrovial.com\/es\/wp-json\/wp\/v2\/pages"}],"about":[{"href":"https:\/\/www.ferrovial.com\/es\/wp-json\/wp\/v2\/types\/page"}],"replies":[{"embeddable":true,"href":"https:\/\/www.ferrovial.com\/es\/wp-json\/wp\/v2\/comments?post=18667"}],"version-history":[{"count":3,"href":"https:\/\/www.ferrovial.com\/es\/wp-json\/wp\/v2\/pages\/18667\/revisions"}],"predecessor-version":[{"id":315920,"href":"https:\/\/www.ferrovial.com\/es\/wp-json\/wp\/v2\/pages\/18667\/revisions\/315920"}],"wp:attachment":[{"href":"https:\/\/www.ferrovial.com\/es\/wp-json\/wp\/v2\/media?parent=18667"}],"curies":[{"name":"wp","href":"https:\/\/api.w.org\/{rel}","templated":true}]}}