{"id":18670,"date":"2019-09-05T14:47:51","date_gmt":"2019-09-05T12:47:51","guid":{"rendered":"https:\/\/www.ferrovial.com\/?page_id=18670"},"modified":"2021-03-11T12:47:28","modified_gmt":"2021-03-11T11:47:28","slug":"innovacion","status":"publish","type":"page","link":"https:\/\/www.ferrovial.com\/es\/innovacion\/","title":{"rendered":"Innovaci\u00f3n"},"content":{"rendered":"    <m-hero type='single' :translations='{\n        &quot;play&quot;:&quot;Reproducir v\u00eddeo de fondo&quot;,\n        &quot;pause&quot;:&quot;Pausar v\u00eddeo de fondo&quot;,\n        &quot;prev&quot;:&quot;Anterior&quot;,\n        &quot;next&quot;:&quot;Siguiente&quot;,\n        &quot;paginationseparator&quot;:&quot;de&quot;,\n        &quot;goto&quot;:&quot;Ir al slide&quot;,\n        &quot;external&quot;:&quot;Abrir una nueva ventana&quot;\n    }'>\n            <c-breadcrumb label-text=\"Breadcrumb\" slot=\"breadcrumbs\" type='1' align='left left' wrap='wrapped wrapped'>\n                        <ol>\n\n                                                            <li><a href=\"https:\/\/www.ferrovial.com\/es\/\" title=\"Ferrovial\">Ferrovial<\/a><\/li>\n                                    \n                <\/ol>\n\n                <\/c-breadcrumb>\n    \n                        <div slot=\"carouselItem\">\n                            <c-background-video :sources=\"['https:\/\/static.ferrovial.com\/wp-content\/uploads\/2020\/01\/13130807\/bucle-textura-innovacion-chip_1.mp4']\" position=\"center center\" poster=\"https:\/\/static.ferrovial.com\/wp-content\/uploads\/2019\/11\/13140541\/fotobucle-texturas-innovacion.png\" :translations=\"{&quot;play&quot;:&quot;Reproducir v\u00eddeo de fondo&quot;,&quot;pause&quot;:&quot;Pausar v\u00eddeo de fondo&quot;}\"><\/c-background-video>\n                        <\/div>        <section slot=\"hero\">\n            <article>\n                                        <h1>Innovaci\u00f3n<\/h1>\n                                                <p>Descripci\u00f3n por defecto<\/p>\n                                    <\/article>\n        <\/section>\n    <\/m-hero>\n\n    \n\n    <m-introduction-subhome type='primary' pathfront='1' pathback='2' icon='head'>\n        <img decoding=\"async\" class=\"dots hidden\" slot=\"bg\" src=\"https:\/\/www.ferrovial.com\/wp-content\/themes\/global\/front\/dist\/static\/img\/dots.svg\" alt=\"\" \/>\n                        <h3 slot=\"title\">\n                    Afrontamos los desaf\u00edos de forma innovadora                <\/h3>\n                                <p slot=\"description\">\n                    Nos permite mantener el liderazgo en la transformaci\u00f3n de infraestructuras y ofrecer respuestas eficientes y sostenibles a las necesidades de las personas, de la sociedad y de nuestros equipos.                 <\/p>\n                    <\/m-introduction-subhome>\n    \n\n    <m-multiple-distributor columns='3'>\n                        <p slot=\"title\">\n                    Descubre cu\u00e1l es nuestro proceso de innovaci\u00f3n                 <\/p>\n                                    <div class=\"card\">\n                                                <img decoding=\"async\" src=\"https:\/\/static.ferrovial.com\/wp-content\/uploads\/2019\/10\/13141244\/ferrovial-6945-800x600.jpg\" alt=\"ferrovial innovaci\u00f3n\" position=\"center center\" \/>\n                                                        <p class=\"name\">Nuestra estrategia<\/p>\n                                                                    <p class=\"description\">Descripci\u00f3n por defecto<\/p>\n                                                                        <a title='M\u00e1s informaci\u00f3n' aria-label='M\u00e1s informaci\u00f3n sobre Nuestra estrategia'>M\u00e1s informaci\u00f3n<\/a>\n                                                            <\/div>\n                                        <div class=\"card\">\n                                                <img decoding=\"async\" src=\"https:\/\/static.ferrovial.com\/wp-content\/uploads\/2019\/11\/13141731\/the-teaching-hospital-of-medical-university-in-bialystok-6-800x600.jpg\" alt=\"The Teaching Hospital of Medical University in Bialystok (6)\" position=\"center center\" \/>\n                                                        <p class=\"name\">\u00bfC\u00f3mo innovamos?<\/p>\n                                                                    <p class=\"description\">Descripci\u00f3n por defecto<\/p>\n                                                                        <a title='M\u00e1s informaci\u00f3n' aria-label='M\u00e1s informaci\u00f3n sobre \u00bfC\u00f3mo innovamos?'>M\u00e1s informaci\u00f3n<\/a>\n                                                            <\/div>\n                                        <div class=\"card\">\n                                                <img decoding=\"async\" src=\"https:\/\/static.ferrovial.com\/wp-content\/uploads\/2020\/10\/13123718\/foresight_ojo1-1025x600-1-800x600.png\" alt=\"Imagen con icono Foresight\" position=\"center center\" \/>\n                                                        <p class=\"name\">Foresight<\/p>\n                                                                    <p class=\"description\">Descripci\u00f3n por defecto<\/p>\n                                                                        <a title='M\u00e1s informaci\u00f3n' aria-label='M\u00e1s informaci\u00f3n sobre Foresight'>M\u00e1s informaci\u00f3n<\/a>\n                                                            <\/div>\n                        <\/m-multiple-distributor>\n\n    \n\n    <m-video >\n                <a class='m-video__modal' slot='modal' href='https:\/\/www.youtube-nocookie.com\/embed\/MMatU5neFAI'>\n            <img slot=\"poster\" v-lazy=\"'https:\/\/static.ferrovial.com\/wp-content\/uploads\/2020\/12\/13121546\/dimitris-bountolos-ciio-ferrovial.png'\" title=\"\" width=\"1000\" height=\"100%\" >\n        <\/a>\n                        <h3 slot=\"title\">\n                    Dimitris Bountolos, CIIO de Ferrovial, nos explica qu\u00e9 es Foresight                <\/h3>\n                    <\/m-video>\n    \n\n    <m-projects-distributor2 :translations='{\n        &quot;prev&quot;:&quot;Anterior&quot;,\n        &quot;next&quot;:&quot;Siguiente&quot;,\n        &quot;paginationseparator&quot;:&quot;de&quot;\n    }'>\n                        <h2 slot=\"label\">\n                    Proyectos                <\/h2>\n                                <h3 slot=\"title\">\n                Proyectos que marcan la diferencia                <\/h3>\n                        <a slot='button' title='Proyectos innovadores' href='https:\/\/www.ferrovial.com\/es\/negocio\/innovacion\/'>\n            Proyectos innovadores        <\/a>\n\n            <\/m-projects-distributor2>\n\n    \n\n    <m-distributor-related>\n                        <h2 slot=\"label\">\n                    Tecnolog\u00edas                <\/h2>\n                                <h3 slot=\"title\">\n                    Conoce m\u00e1s sobre estos conceptos                <\/h3>\n                                <p slot=\"desc\">\n                    Estas son algunas de las tecnolog\u00edas que nos permiten mejorar nuestras infraestructuras                <\/p>\n                                    <a slot='carouselItems' title='Big Data'>\n                        <span>\n                        <\/span>\n                                                        <div role=\"listitem\">\n                                    Big Data                                <\/div>\n                                                    <\/a>\n                                        <a slot='carouselItems' title='Inteligencia artificial'>\n                        <span>\n                        <\/span>\n                                                        <div role=\"listitem\">\n                                    Inteligencia artificial                                <\/div>\n                                                    <\/a>\n                                        <a slot='carouselItems' title='Drones'>\n                        <span>\n                        <\/span>\n                                                        <div role=\"listitem\">\n                                    Drones                                <\/div>\n                                                    <\/a>\n                                        <a slot='carouselItems' title='Internet de las cosas'>\n                        <span>\n                        <\/span>\n                                                        <div role=\"listitem\">\n                                    Internet de las cosas                                <\/div>\n                                                    <\/a>\n                        <\/m-distributor-related>\n\n    \n\n    <m-distributor-news color='gray' >\n                        <h2 slot=\"title\">\u00daltimas noticias<\/h2>\n                                <c-link slot=\"link\" icon=\"external\" external=\"true\">\n                    <a href='https:\/\/newsroom.ferrovial.com\/es\/nivel-2\/innovacion\/' title='Sala de prensa' target='_blank' sr-only='Open new window'>Sala de prensa<\/a>\n                <\/c-link>\n                                        <div slot=\"report\">\n                            <h3><a href=\"https:\/\/www.ferrovial.com\/es\/accionistas-e-inversores\/hechos-relevantes\/operaciones-efectuadas-por-ferrovial-al-amparo-de-su-programa-de-recompra-de-acciones-propias-entre-el-7-y-el-10-de-abril-de-2026\/\" target='_blank' title=\"Operaciones efectuadas por Ferrovial al amparo de su programa de recompra de acciones propias entre el 7\u00a0y\u00a0el 10 de abril de 2026\">Operaciones efectuadas por Ferrovial al amparo de su programa de recompra de acciones propias entre el 7\u00a0y\u00a0el 10 de abril de 2026<\/a><\/h3>\n                                                                <span>14\/04\/2026<\/span>\n                                                            <\/div>\n                                                <div slot=\"report\">\n                            <h3><a href=\"https:\/\/www.ferrovial.com\/es\/accionistas-e-inversores\/hechos-relevantes\/ferrovial-comunica-los-acuerdos-adoptados-por-la-junta-general-de-accionistas-celebrada-el-9-de-abril-de-2026\/\" target='_blank' title=\"Ferrovial comunica los acuerdos adoptados por la Junta General de Accionistas celebrada el 9 de abril de 2026\">Ferrovial comunica los acuerdos adoptados por la Junta General de Accionistas celebrada el 9 de abril de 2026<\/a><\/h3>\n                                                                <span>09\/04\/2026<\/span>\n                                                            <\/div>\n                                                <div slot=\"report\">\n                            <h3><a href=\"https:\/\/www.ferrovial.com\/es\/accionistas-e-inversores\/hechos-relevantes\/ignacio-madridejos-fernandez-consejero-ejecutivo-2\/\" target='_blank' title=\"Ignacio Madridejos Fern\u00e1ndez - Consejero Ejecutivo\">Ignacio Madridejos Fern\u00e1ndez &#8211; Consejero Ejecutivo<\/a><\/h3>\n                                                                <span>09\/04\/2026<\/span>\n                                                            <\/div>\n                                                <div slot=\"report\">\n                            <h3><a href=\"https:\/\/www.ferrovial.com\/es\/accionistas-e-inversores\/hechos-relevantes\/rafael-del-pino-calvo-sotelo-consejero-ejecutivo-2\/\" target='_blank' title=\"Rafael del Pino Calvo-Sotelo - Consejero Ejecutivo\">Rafael del Pino Calvo-Sotelo &#8211; Consejero Ejecutivo<\/a><\/h3>\n                                                                <span>09\/04\/2026<\/span>\n                                                            <\/div>\n                            <\/m-distributor-news>\n    ","protected":false},"excerpt":{"rendered":"","protected":false},"featured_media":0,"parent":0,"menu_order":0,"comment_status":"closed","ping_status":"closed","template":"","meta":{"_acf_changed":false,"footnotes":""},"class_list":["post-18670","page","type-page","status-publish","hentry"],"acf":[],"yoast_head":"<!-- This site is optimized with the Yoast SEO plugin v27.2 - https:\/\/yoast.com\/product\/yoast-seo-wordpress\/ -->\n<title>Innovaci\u00f3n: qu\u00e9 es, tipos y tecnolog\u00edas empleadas - Ferrovial<\/title>\n<meta name=\"description\" content=\"La innovaci\u00f3n tecnol\u00f3gica y empresarial es parte del ADN de Ferrovial. La actividad innovadora se materializa en m\u00e1s de 100 proyectos en curso y con un ...\" \/>\n<meta name=\"robots\" content=\"index, follow, max-snippet:-1, max-image-preview:large, max-video-preview:-1\" \/>\n<link rel=\"canonical\" href=\"https:\/\/www.ferrovial.com\/es\/innovacion\/\" \/>\n<meta property=\"og:locale\" content=\"es_ES\" \/>\n<meta property=\"og:type\" content=\"article\" \/>\n<meta property=\"og:title\" content=\"Innovaci\u00f3n: qu\u00e9 es, tipos y tecnolog\u00edas empleadas - Ferrovial\" \/>\n<meta property=\"og:description\" content=\"La innovaci\u00f3n tecnol\u00f3gica y empresarial es parte del ADN de Ferrovial. La actividad innovadora se materializa en m\u00e1s de 100 proyectos en curso y con un ...\" \/>\n<meta property=\"og:url\" content=\"https:\/\/www.ferrovial.com\/es\/innovacion\/\" \/>\n<meta property=\"og:site_name\" content=\"Ferrovial\" \/>\n<meta property=\"article:publisher\" content=\"https:\/\/www.facebook.com\/ferrovial\" \/>\n<meta property=\"article:modified_time\" content=\"2021-03-11T11:47:28+00:00\" \/>\n<meta property=\"og:image\" content=\"https:\/\/www.ferrovial.com\/wp-content\/themes\/global\/front\/dist\/static\/img\/dots.svg\" \/>\n<meta name=\"twitter:card\" content=\"summary_large_image\" \/>\n<meta name=\"twitter:site\" content=\"@ferrovial\" \/>\n<meta name=\"twitter:label1\" content=\"Est. reading time\" \/>\n\t<meta name=\"twitter:data1\" content=\"1 minuto\" \/>\n<!-- \/ Yoast SEO plugin. -->","yoast_head_json":{"title":"Innovaci\u00f3n: qu\u00e9 es, tipos y tecnolog\u00edas empleadas - Ferrovial","description":"La innovaci\u00f3n tecnol\u00f3gica y empresarial es parte del ADN de Ferrovial. La actividad innovadora se materializa en m\u00e1s de 100 proyectos en curso y con un ...","robots":{"index":"index","follow":"follow","max-snippet":"max-snippet:-1","max-image-preview":"max-image-preview:large","max-video-preview":"max-video-preview:-1"},"canonical":"https:\/\/www.ferrovial.com\/es\/innovacion\/","og_locale":"es_ES","og_type":"article","og_title":"Innovaci\u00f3n: qu\u00e9 es, tipos y tecnolog\u00edas empleadas - Ferrovial","og_description":"La innovaci\u00f3n tecnol\u00f3gica y empresarial es parte del ADN de Ferrovial. La actividad innovadora se materializa en m\u00e1s de 100 proyectos en curso y con un ...","og_url":"https:\/\/www.ferrovial.com\/es\/innovacion\/","og_site_name":"Ferrovial","article_publisher":"https:\/\/www.facebook.com\/ferrovial","article_modified_time":"2021-03-11T11:47:28+00:00","og_image":[{"url":"https:\/\/www.ferrovial.com\/wp-content\/themes\/global\/front\/dist\/static\/img\/dots.svg","type":"","width":"","height":""}],"twitter_card":"summary_large_image","twitter_site":"@ferrovial","twitter_misc":{"Est. reading time":"1 minuto"},"schema":{"@context":"https:\/\/schema.org","@graph":[{"@type":"WebPage","@id":"https:\/\/www.ferrovial.com\/es\/innovacion\/","url":"https:\/\/www.ferrovial.com\/es\/innovacion\/","name":"Innovaci\u00f3n: qu\u00e9 es, tipos y tecnolog\u00edas empleadas - Ferrovial","isPartOf":{"@id":"https:\/\/www.ferrovial.com\/es\/#website"},"primaryImageOfPage":{"@id":"https:\/\/www.ferrovial.com\/es\/innovacion\/#primaryimage"},"image":{"@id":"https:\/\/www.ferrovial.com\/es\/innovacion\/#primaryimage"},"thumbnailUrl":"https:\/\/www.ferrovial.com\/wp-content\/themes\/global\/front\/dist\/static\/img\/dots.svg","datePublished":"2019-09-05T12:47:51+00:00","dateModified":"2021-03-11T11:47:28+00:00","description":"La innovaci\u00f3n tecnol\u00f3gica y empresarial es parte del ADN de Ferrovial. La actividad innovadora se materializa en m\u00e1s de 100 proyectos en curso y con un ...","breadcrumb":{"@id":"https:\/\/www.ferrovial.com\/es\/innovacion\/#breadcrumb"},"inLanguage":"es","potentialAction":[{"@type":"ReadAction","target":["https:\/\/www.ferrovial.com\/es\/innovacion\/"]}]},{"@type":"ImageObject","inLanguage":"es","@id":"https:\/\/www.ferrovial.com\/es\/innovacion\/#primaryimage","url":"https:\/\/www.ferrovial.com\/wp-content\/themes\/global\/front\/dist\/static\/img\/dots.svg","contentUrl":"https:\/\/www.ferrovial.com\/wp-content\/themes\/global\/front\/dist\/static\/img\/dots.svg"},{"@type":"BreadcrumbList","@id":"https:\/\/www.ferrovial.com\/es\/innovacion\/#breadcrumb","itemListElement":[{"@type":"ListItem","position":1,"name":"Portada","item":"https:\/\/www.ferrovial.com\/es\/"},{"@type":"ListItem","position":2,"name":"Innovaci\u00f3n"}]},{"@type":"WebSite","@id":"https:\/\/www.ferrovial.com\/es\/#website","url":"https:\/\/www.ferrovial.com\/es\/","name":"Ferrovial","description":"Welcome to the Ferrovial&#039;s website, global operator of sustainable infrastructure. Here you can find all the information about the company and subsidiaries.","publisher":{"@id":"https:\/\/www.ferrovial.com\/es\/#organization"},"potentialAction":[{"@type":"SearchAction","target":{"@type":"EntryPoint","urlTemplate":"https:\/\/www.ferrovial.com\/es\/?s={search_term_string}"},"query-input":{"@type":"PropertyValueSpecification","valueRequired":true,"valueName":"search_term_string"}}],"inLanguage":"es"},{"@type":"Organization","@id":"https:\/\/www.ferrovial.com\/es\/#organization","name":"Ferrovial S.A.","url":"https:\/\/www.ferrovial.com\/es\/","logo":{"@type":"ImageObject","inLanguage":"es","@id":"https:\/\/www.ferrovial.com\/es\/#\/schema\/logo\/image\/","url":"https:\/\/static.ferrovial.com\/wp-content\/uploads\/2020\/01\/13124948\/logo-ferrovial-cf7.png","contentUrl":"https:\/\/static.ferrovial.com\/wp-content\/uploads\/2020\/01\/13124948\/logo-ferrovial-cf7.png","width":144,"height":32,"caption":"Ferrovial S.A."},"image":{"@id":"https:\/\/www.ferrovial.com\/es\/#\/schema\/logo\/image\/"},"sameAs":["https:\/\/www.facebook.com\/ferrovial","https:\/\/x.com\/ferrovial","https:\/\/www.instagram.com\/ferrovial\/","https:\/\/www.linkedin.com\/company\/ferrovial","https:\/\/www.pinterest.es\/ferrovial\/","https:\/\/www.youtube.com\/ferrovial","https:\/\/en.wikipedia.org\/wiki\/Ferrovial"]}]}},"_links":{"self":[{"href":"https:\/\/www.ferrovial.com\/es\/wp-json\/wp\/v2\/pages\/18670","targetHints":{"allow":["GET"]}}],"collection":[{"href":"https:\/\/www.ferrovial.com\/es\/wp-json\/wp\/v2\/pages"}],"about":[{"href":"https:\/\/www.ferrovial.com\/es\/wp-json\/wp\/v2\/types\/page"}],"replies":[{"embeddable":true,"href":"https:\/\/www.ferrovial.com\/es\/wp-json\/wp\/v2\/comments?post=18670"}],"version-history":[{"count":2,"href":"https:\/\/www.ferrovial.com\/es\/wp-json\/wp\/v2\/pages\/18670\/revisions"}],"predecessor-version":[{"id":189654,"href":"https:\/\/www.ferrovial.com\/es\/wp-json\/wp\/v2\/pages\/18670\/revisions\/189654"}],"wp:attachment":[{"href":"https:\/\/www.ferrovial.com\/es\/wp-json\/wp\/v2\/media?parent=18670"}],"curies":[{"name":"wp","href":"https:\/\/api.w.org\/{rel}","templated":true}]}}