{"id":18711,"date":"2019-09-05T15:21:55","date_gmt":"2019-09-05T13:21:55","guid":{"rendered":"https:\/\/www.ferrovial.com\/?page_id=18711"},"modified":"2020-04-21T22:32:05","modified_gmt":"2020-04-21T20:32:05","slug":"startup","status":"publish","type":"page","link":"https:\/\/www.ferrovial.com\/es\/innovacion\/como-innovamos\/abierta\/startup\/","title":{"rendered":"Startups"},"content":{"rendered":"    <m-final-content-header bgimage='https:\/\/static.ferrovial.com\/wp-content\/uploads\/2019\/09\/13140615\/ferrovial-build-up-1280x720.jpg'>\n            <c-breadcrumb label-text=\"Breadcrumb\" slot=\"breadcrumbs\" type='2' align='left' wrap='wrapped wrapped' aria-label='Vienes de Innovaci\u00f3n abierta'>\n                        <ol>\n\n                                                            <li><a href=\"https:\/\/www.ferrovial.com\/es\/\" title=\"Ferrovial\">Ferrovial<\/a><\/li>\n                                                                        <li><a href=\"https:\/\/www.ferrovial.com\/es\/innovacion\/\" title=\"Innovaci\u00f3n\">Innovaci\u00f3n<\/a><\/li>\n                                                                        <li><a href=\"https:\/\/www.ferrovial.com\/es\/innovacion\/como-innovamos\/\" title=\"C\u00f3mo innovamos\">C\u00f3mo innovamos<\/a><\/li>\n                                                                        <li><a href=\"https:\/\/www.ferrovial.com\/es\/innovacion\/como-innovamos\/abierta\/\" title=\"Innovaci\u00f3n abierta\">Innovaci\u00f3n abierta<\/a><\/li>\n                                    \n                <\/ol>\n\n                <\/c-breadcrumb>\n    \n        <div slot=\"header\">\n            <h1>\n                Startups            <\/h1>\n                    <\/div>\n    <\/m-final-content-header>\n\n    \n\n\n<m-wysiwig class=\"wp-block-components-wysiwyg\"><div slot=\"maincontent\">    <p class=\"intro\"><\/p>\n    \n\n    <p class=\"intro\">Las startups aceleran el proceso de innovaci\u00f3n con tecnolog\u00edas y modelos de negocio disruptivos que, debido al alto nivel de riesgo, son m\u00e1s dif\u00edciles de desarrollar dentro de los l\u00edmites de la empresa. <\/p>\n    \n\n\n<p>Por ello colaboramos con los emprendedores m\u00e1s brillantes para conectarlos con la organizaci\u00f3n y acelerar el proceso de innovaci\u00f3n. Estamos abiertos a pilotar en nuestras infraestructuras las tecnolog\u00edas y modelos de negocio de las <em>startups <\/em>y probar su validez en un entorno real. Les proporcionamos infraestructuras abiertas a modo de <em>sandbox <\/em>para probar sus soluciones, desarrollos tecnol\u00f3gicos y modelos de negocio.<\/p>\n\n\n\n<p>Debido a nuestro perfil internacional, estamos abiertos a colaborar con las mejores <em>startups <\/em>del mundo. Por ello, prestamos atenci\u00f3n a los polos de innovaci\u00f3n m\u00e1s activos como son los pa\u00edses n\u00f3rdicos, EE. UU. e Israel. Adem\u00e1s, participamos regularmente en algunos de los eventos m\u00e1s importantes del mundo emprendedor como pueden ser <a href=\"https:\/\/www.mwcbarcelona.com\/\" title=\"MWC\" target=\"_blank\" rel=\"dofollow noopener noreferrer\">MWC<\/a>, <a href=\"https:\/\/www.4yfn.com\/\" title=\"4YFN\" target=\"_blank\" rel=\"dofollow noopener noreferrer\">4YFN<\/a>, <a href=\"https:\/\/www.slush.org\/events\/helsinki\/\" title=\"Slush\" target=\"_blank\" rel=\"dofollow noopener noreferrer\">Slush<\/a>, <a href=\"https:\/\/www.southsummit.co\/es\/home\" title=\"South Summit\" target=\"_blank\" rel=\"dofollow noopener noreferrer\">South Summit<\/a>, <a href=\"https:\/\/www.ecomotionweek.com\/\" title=\"Ecomotion Week\" target=\"_blank\" rel=\"dofollow noopener noreferrer\">Ecomotion<\/a>, entre otros. <\/p>\n\n\n\n<h2 class=\"wp-block-heading\">Build Up!<\/h2>\n\n\n\n<p> Build Up! es <strong>nuestra convocatoria para <\/strong><em><strong>startups<\/strong><\/em>. Esta iniciativa, se lanz\u00f3 por primera vez en 2017 con el objetivo de consolidar y dar un paso m\u00e1s en nuestra relaci\u00f3n con el ecosistema de emprendedores. Y con la visi\u00f3n de asentarse como una de las <strong>competiciones m\u00e1s atractivas <\/strong>para dicho p\u00fablico. En cada edici\u00f3n, lanzamos a la comunidad de <em>startups <\/em>un reto asociado a una de nuestras <a title=\"Unidades de negocio - Ferrovial\" rel=\"dofollow noopener noreferrer\" href=\"https:\/\/www.ferrovial.com\/es\/negocio\/\" target=\"_blank\">unidades de negocio<\/a>. El objetivo de esta convocatoria es encontrar una soluci\u00f3n a dicho reto y probar la soluci\u00f3n ganadora en una de nuestras infraestructuras a trav\u00e9s de un proyecto piloto.  <\/p>\n<\/div><\/m-wysiwig>\n\n\n\n    <m-distributor-basic bgimg='https:\/\/static.ferrovial.com\/wp-content\/uploads\/2019\/10\/13140619\/buildup_ferrovial_stratups.jpg'>\n                        <h3 slot=\"title\">\n                    \u00bfQuieres resolver el reto?                 <\/h3>\n                                <p slot=\"text\">\n                    Entra en Build Up!, conoce el reto que hemos planteado y atr\u00e9vete a enviarnos tu soluci\u00f3n.                 <\/p>\n                                    <c-button slot='cta' type='primary' disabled='false' href='#'>\n                        <span>M\u00e1s informaci\u00f3n<\/span>\n                                        <\/c-button>\n                    \n        \n\n    <\/m-distributor-basic>\n    \n\n\n<p><\/p>\n","protected":false},"excerpt":{"rendered":"","protected":false},"featured_media":0,"parent":18707,"menu_order":0,"comment_status":"closed","ping_status":"closed","template":"","meta":{"_acf_changed":false,"footnotes":""},"class_list":["post-18711","page","type-page","status-publish","hentry"],"acf":[],"yoast_head":"<!-- This site is optimized with the Yoast SEO plugin v27.2 - https:\/\/yoast.com\/product\/yoast-seo-wordpress\/ -->\n<title>Startups - Innovaci\u00f3n Abierta - Ferrovial<\/title>\n<meta name=\"description\" content=\"Colaboramos con los emprendedores y startups m\u00e1s brillantes para conectarlos con la organizaci\u00f3n y acelerar el proceso de innovaci\u00f3n. Estamos abiertos a pilotar ...\" \/>\n<meta name=\"robots\" content=\"index, follow, max-snippet:-1, max-image-preview:large, max-video-preview:-1\" \/>\n<link rel=\"canonical\" href=\"https:\/\/www.ferrovial.com\/es\/innovacion\/como-innovamos\/abierta\/startup\/\" \/>\n<meta property=\"og:locale\" content=\"es_ES\" \/>\n<meta property=\"og:type\" content=\"article\" \/>\n<meta property=\"og:title\" content=\"Startups - Innovaci\u00f3n Abierta - Ferrovial\" \/>\n<meta property=\"og:description\" content=\"Colaboramos con los emprendedores y startups m\u00e1s brillantes para conectarlos con la organizaci\u00f3n y acelerar el proceso de innovaci\u00f3n. Estamos abiertos a pilotar ...\" \/>\n<meta property=\"og:url\" content=\"https:\/\/www.ferrovial.com\/es\/innovacion\/como-innovamos\/abierta\/startup\/\" \/>\n<meta property=\"og:site_name\" content=\"Ferrovial\" \/>\n<meta property=\"article:publisher\" content=\"https:\/\/www.facebook.com\/ferrovial\" \/>\n<meta property=\"article:modified_time\" content=\"2020-04-21T20:32:05+00:00\" \/>\n<meta name=\"twitter:card\" content=\"summary_large_image\" \/>\n<meta name=\"twitter:site\" content=\"@ferrovial\" \/>\n<meta name=\"twitter:label1\" content=\"Est. reading time\" \/>\n\t<meta name=\"twitter:data1\" content=\"1 minuto\" \/>\n<!-- \/ Yoast SEO plugin. -->","yoast_head_json":{"title":"Startups - Innovaci\u00f3n Abierta - Ferrovial","description":"Colaboramos con los emprendedores y startups m\u00e1s brillantes para conectarlos con la organizaci\u00f3n y acelerar el proceso de innovaci\u00f3n. Estamos abiertos a pilotar ...","robots":{"index":"index","follow":"follow","max-snippet":"max-snippet:-1","max-image-preview":"max-image-preview:large","max-video-preview":"max-video-preview:-1"},"canonical":"https:\/\/www.ferrovial.com\/es\/innovacion\/como-innovamos\/abierta\/startup\/","og_locale":"es_ES","og_type":"article","og_title":"Startups - Innovaci\u00f3n Abierta - Ferrovial","og_description":"Colaboramos con los emprendedores y startups m\u00e1s brillantes para conectarlos con la organizaci\u00f3n y acelerar el proceso de innovaci\u00f3n. Estamos abiertos a pilotar ...","og_url":"https:\/\/www.ferrovial.com\/es\/innovacion\/como-innovamos\/abierta\/startup\/","og_site_name":"Ferrovial","article_publisher":"https:\/\/www.facebook.com\/ferrovial","article_modified_time":"2020-04-21T20:32:05+00:00","twitter_card":"summary_large_image","twitter_site":"@ferrovial","twitter_misc":{"Est. reading time":"1 minuto"},"schema":{"@context":"https:\/\/schema.org","@graph":[{"@type":"WebPage","@id":"https:\/\/www.ferrovial.com\/es\/innovacion\/como-innovamos\/abierta\/startup\/","url":"https:\/\/www.ferrovial.com\/es\/innovacion\/como-innovamos\/abierta\/startup\/","name":"Startups - Innovaci\u00f3n Abierta - Ferrovial","isPartOf":{"@id":"https:\/\/www.ferrovial.com\/es\/#website"},"datePublished":"2019-09-05T13:21:55+00:00","dateModified":"2020-04-21T20:32:05+00:00","description":"Colaboramos con los emprendedores y startups m\u00e1s brillantes para conectarlos con la organizaci\u00f3n y acelerar el proceso de innovaci\u00f3n. Estamos abiertos a pilotar ...","breadcrumb":{"@id":"https:\/\/www.ferrovial.com\/es\/innovacion\/como-innovamos\/abierta\/startup\/#breadcrumb"},"inLanguage":"es","potentialAction":[{"@type":"ReadAction","target":["https:\/\/www.ferrovial.com\/es\/innovacion\/como-innovamos\/abierta\/startup\/"]}]},{"@type":"BreadcrumbList","@id":"https:\/\/www.ferrovial.com\/es\/innovacion\/como-innovamos\/abierta\/startup\/#breadcrumb","itemListElement":[{"@type":"ListItem","position":1,"name":"Portada","item":"https:\/\/www.ferrovial.com\/es\/"},{"@type":"ListItem","position":2,"name":"Innovaci\u00f3n","item":"https:\/\/www.ferrovial.com\/es\/innovacion\/"},{"@type":"ListItem","position":3,"name":"C\u00f3mo innovamos","item":"https:\/\/www.ferrovial.com\/es\/innovacion\/como-innovamos\/"},{"@type":"ListItem","position":4,"name":"Innovaci\u00f3n abierta","item":"https:\/\/www.ferrovial.com\/es\/innovacion\/como-innovamos\/abierta\/"},{"@type":"ListItem","position":5,"name":"Startups"}]},{"@type":"WebSite","@id":"https:\/\/www.ferrovial.com\/es\/#website","url":"https:\/\/www.ferrovial.com\/es\/","name":"Ferrovial","description":"Welcome to the Ferrovial&#039;s website, global operator of sustainable infrastructure. Here you can find all the information about the company and subsidiaries.","publisher":{"@id":"https:\/\/www.ferrovial.com\/es\/#organization"},"potentialAction":[{"@type":"SearchAction","target":{"@type":"EntryPoint","urlTemplate":"https:\/\/www.ferrovial.com\/es\/?s={search_term_string}"},"query-input":{"@type":"PropertyValueSpecification","valueRequired":true,"valueName":"search_term_string"}}],"inLanguage":"es"},{"@type":"Organization","@id":"https:\/\/www.ferrovial.com\/es\/#organization","name":"Ferrovial S.A.","url":"https:\/\/www.ferrovial.com\/es\/","logo":{"@type":"ImageObject","inLanguage":"es","@id":"https:\/\/www.ferrovial.com\/es\/#\/schema\/logo\/image\/","url":"https:\/\/static.ferrovial.com\/wp-content\/uploads\/2020\/01\/13124948\/logo-ferrovial-cf7.png","contentUrl":"https:\/\/static.ferrovial.com\/wp-content\/uploads\/2020\/01\/13124948\/logo-ferrovial-cf7.png","width":144,"height":32,"caption":"Ferrovial S.A."},"image":{"@id":"https:\/\/www.ferrovial.com\/es\/#\/schema\/logo\/image\/"},"sameAs":["https:\/\/www.facebook.com\/ferrovial","https:\/\/x.com\/ferrovial","https:\/\/www.instagram.com\/ferrovial\/","https:\/\/www.linkedin.com\/company\/ferrovial","https:\/\/www.pinterest.es\/ferrovial\/","https:\/\/www.youtube.com\/ferrovial","https:\/\/en.wikipedia.org\/wiki\/Ferrovial"]}]}},"_links":{"self":[{"href":"https:\/\/www.ferrovial.com\/es\/wp-json\/wp\/v2\/pages\/18711","targetHints":{"allow":["GET"]}}],"collection":[{"href":"https:\/\/www.ferrovial.com\/es\/wp-json\/wp\/v2\/pages"}],"about":[{"href":"https:\/\/www.ferrovial.com\/es\/wp-json\/wp\/v2\/types\/page"}],"replies":[{"embeddable":true,"href":"https:\/\/www.ferrovial.com\/es\/wp-json\/wp\/v2\/comments?post=18711"}],"version-history":[{"count":3,"href":"https:\/\/www.ferrovial.com\/es\/wp-json\/wp\/v2\/pages\/18711\/revisions"}],"predecessor-version":[{"id":163447,"href":"https:\/\/www.ferrovial.com\/es\/wp-json\/wp\/v2\/pages\/18711\/revisions\/163447"}],"up":[{"embeddable":true,"href":"https:\/\/www.ferrovial.com\/es\/wp-json\/wp\/v2\/pages\/18707"}],"wp:attachment":[{"href":"https:\/\/www.ferrovial.com\/es\/wp-json\/wp\/v2\/media?parent=18711"}],"curies":[{"name":"wp","href":"https:\/\/api.w.org\/{rel}","templated":true}]}}