{"id":18731,"date":"2019-09-05T15:36:45","date_gmt":"2019-09-05T13:36:45","guid":{"rendered":"https:\/\/www.ferrovial.com\/?page_id=18731"},"modified":"2020-04-21T22:29:22","modified_gmt":"2020-04-21T20:29:22","slug":"horizonte","status":"publish","type":"page","link":"https:\/\/www.ferrovial.com\/es\/innovacion\/como-innovamos\/abierta\/agencias\/horizonte\/","title":{"rendered":"Horizonte 2020"},"content":{"rendered":"    <m-final-content-header bgimage='https:\/\/static.ferrovial.com\/wp-content\/uploads\/2019\/11\/13133052\/horizonte2020-environmental-project.jpg'>\n            <c-breadcrumb label-text=\"Breadcrumb\" slot=\"breadcrumbs\" type='2' align='left' wrap='wrapped wrapped' aria-label='Vienes de Agencias p\u00fablicas'>\n                        <ol>\n\n                                                            <li><a href=\"https:\/\/www.ferrovial.com\/es\/\" title=\"Ferrovial\">Ferrovial<\/a><\/li>\n                                                                        <li><a href=\"https:\/\/www.ferrovial.com\/es\/innovacion\/\" title=\"Innovaci\u00f3n\">Innovaci\u00f3n<\/a><\/li>\n                                                                        <li><a href=\"https:\/\/www.ferrovial.com\/es\/innovacion\/como-innovamos\/\" title=\"C\u00f3mo innovamos\">C\u00f3mo innovamos<\/a><\/li>\n                                                                        <li><a href=\"https:\/\/www.ferrovial.com\/es\/innovacion\/como-innovamos\/abierta\/\" title=\"Innovaci\u00f3n abierta\">Innovaci\u00f3n abierta<\/a><\/li>\n                                                                        <li><a href=\"https:\/\/www.ferrovial.com\/es\/innovacion\/como-innovamos\/abierta\/agencias\/\" title=\"Agencias p\u00fablicas\">Agencias p\u00fablicas<\/a><\/li>\n                                    \n                <\/ol>\n\n                <\/c-breadcrumb>\n    \n        <div slot=\"header\">\n            <h1>\n                Horizonte 2020            <\/h1>\n                    <\/div>\n    <\/m-final-content-header>\n\n    \n\n\n<m-wysiwig class=\"wp-block-components-wysiwyg\"><div slot=\"maincontent\">    <p class=\"intro\">Horizonte 2020 es un programa de innovaci\u00f3n creado por la Uni\u00f3n Europea que tiene como objetivo promover actividades de investigaci\u00f3n e innovaci\u00f3n para el per\u00edodo 2014-2020.<\/p>\n    \n\n\n<p>Participamos activamente en el programa marco de la Uni\u00f3n Europea <a href=\"http:\/\/ec.europa.eu\/research\/horizon2020\/index_en.cfm\">Horizonte 2020<\/a>, a trav\u00e9s del que se concentra gran parte de las actividades de investigaci\u00f3n e innovaci\u00f3n en el per\u00edodo 2014-2020.<\/p>\n\n\n\n<p><strong>H2020<\/strong> integra todas las fases de la <strong>innovaci\u00f3n<\/strong>, desde la generaci\u00f3n del conocimiento hasta las actividades m\u00e1s pr\u00f3ximas al <strong>mercado<\/strong>. Mediante la implantaci\u00f3n de tres pilares, contribuye a abordar los principales <a href=\"http:\/\/eshorizonte2020.cdti.es\/index.asp?MP=87&amp;MS=715&amp;MN=1\">retos sociales<\/a>, promueve el <a href=\"http:\/\/eshorizonte2020.cdti.es\/index.asp?MP=88&amp;MS=709&amp;MN=1\">liderazgo industrial<\/a> en Europa y ayuda a reforzar la <a href=\"http:\/\/www.eshorizonte2020.es\/ciencia-excelente\">excelencia<\/a> de su base cient\u00edfica. El Instituto Europeo de Innovaci\u00f3n y Tecnolog\u00eda (EIT) tambi\u00e9n forma parte de Horizonte 2020 y a trav\u00e9s de sus <strong>comunidades de conocimiento (KIC)<\/strong> integra actividades de investigaci\u00f3n, formaci\u00f3n y creaci\u00f3n de empresas.<\/p>\n\n\n\n<h2 class=\"wp-block-heading\"><strong>Objetivos estrat\u00e9gicos del programa<\/strong><\/h2>\n\n\n\n<ol class=\"wp-block-list\"><li>Creaci\u00f3n de una <strong>ciencia de excelencia<\/strong>.<\/li><li>Desarrollo de tecnolog\u00edas y sus aplicaciones para <strong>mejorar la competitividad europea<\/strong>, como tecnolog\u00edas de la informaci\u00f3n y la comunicaci\u00f3n (TIC), las nanotecnolog\u00edas, la fabricaci\u00f3n avanzada, la biotecnolog\u00eda y el espacio.<\/li><li><strong>Investigaci\u00f3n en las grandes cuestiones<\/strong>&nbsp;que afectan a los ciudadanos europeos, existiendo&nbsp;<strong>seis \u00e1reas esenciales<\/strong>&nbsp;para una vida mejor: salud, alimentaci\u00f3n y agricultura (incluyendo las ciencias del mar, energ\u00eda, transporte, clima y materias primas), sociedades inclusivas y seguridad.<\/li><\/ol>\n\n\n\n<p>A lo largo del programa Horizonte 2020, hemos participado y continuamos haci\u00e9ndolo, como socios o l\u00edderes de proyecto, en m\u00faltiples iniciativas desarrolladas en colaboraci\u00f3n con otras empresas, centros de investigaci\u00f3n y pymes.<\/p>\n<\/div><\/m-wysiwig>\n","protected":false},"excerpt":{"rendered":"","protected":false},"featured_media":0,"parent":18725,"menu_order":0,"comment_status":"closed","ping_status":"closed","template":"","meta":{"_acf_changed":false,"footnotes":""},"class_list":["post-18731","page","type-page","status-publish","hentry"],"acf":[],"yoast_head":"<!-- This site is optimized with the Yoast SEO plugin v27.2 - https:\/\/yoast.com\/product\/yoast-seo-wordpress\/ -->\n<title>Horizonte 2020 - Innovaci\u00f3n Abierta - Ferrovial<\/title>\n<meta name=\"description\" content=\"Horizonte 2020 es un programa de innovaci\u00f3n creado por la Uni\u00f3n Europea que tiene como objetivo promover actividades de investigaci\u00f3n e innovaci\u00f3n para el per\u00edodo ...\" \/>\n<meta name=\"robots\" content=\"index, follow, max-snippet:-1, max-image-preview:large, max-video-preview:-1\" \/>\n<link rel=\"canonical\" href=\"https:\/\/www.ferrovial.com\/es\/innovacion\/como-innovamos\/abierta\/agencias\/horizonte\/\" \/>\n<meta property=\"og:locale\" content=\"es_ES\" \/>\n<meta property=\"og:type\" content=\"article\" \/>\n<meta property=\"og:title\" content=\"Horizonte 2020 - Innovaci\u00f3n Abierta - Ferrovial\" \/>\n<meta property=\"og:description\" content=\"Horizonte 2020 es un programa de innovaci\u00f3n creado por la Uni\u00f3n Europea que tiene como objetivo promover actividades de investigaci\u00f3n e innovaci\u00f3n para el per\u00edodo ...\" \/>\n<meta property=\"og:url\" content=\"https:\/\/www.ferrovial.com\/es\/innovacion\/como-innovamos\/abierta\/agencias\/horizonte\/\" \/>\n<meta property=\"og:site_name\" content=\"Ferrovial\" \/>\n<meta property=\"article:publisher\" content=\"https:\/\/www.facebook.com\/ferrovial\" \/>\n<meta property=\"article:modified_time\" content=\"2020-04-21T20:29:22+00:00\" \/>\n<meta name=\"twitter:card\" content=\"summary_large_image\" \/>\n<meta name=\"twitter:site\" content=\"@ferrovial\" \/>\n<meta name=\"twitter:label1\" content=\"Est. reading time\" \/>\n\t<meta name=\"twitter:data1\" content=\"1 minuto\" \/>\n<!-- \/ Yoast SEO plugin. -->","yoast_head_json":{"title":"Horizonte 2020 - Innovaci\u00f3n Abierta - Ferrovial","description":"Horizonte 2020 es un programa de innovaci\u00f3n creado por la Uni\u00f3n Europea que tiene como objetivo promover actividades de investigaci\u00f3n e innovaci\u00f3n para el per\u00edodo ...","robots":{"index":"index","follow":"follow","max-snippet":"max-snippet:-1","max-image-preview":"max-image-preview:large","max-video-preview":"max-video-preview:-1"},"canonical":"https:\/\/www.ferrovial.com\/es\/innovacion\/como-innovamos\/abierta\/agencias\/horizonte\/","og_locale":"es_ES","og_type":"article","og_title":"Horizonte 2020 - Innovaci\u00f3n Abierta - Ferrovial","og_description":"Horizonte 2020 es un programa de innovaci\u00f3n creado por la Uni\u00f3n Europea que tiene como objetivo promover actividades de investigaci\u00f3n e innovaci\u00f3n para el per\u00edodo ...","og_url":"https:\/\/www.ferrovial.com\/es\/innovacion\/como-innovamos\/abierta\/agencias\/horizonte\/","og_site_name":"Ferrovial","article_publisher":"https:\/\/www.facebook.com\/ferrovial","article_modified_time":"2020-04-21T20:29:22+00:00","twitter_card":"summary_large_image","twitter_site":"@ferrovial","twitter_misc":{"Est. reading time":"1 minuto"},"schema":{"@context":"https:\/\/schema.org","@graph":[{"@type":"WebPage","@id":"https:\/\/www.ferrovial.com\/es\/innovacion\/como-innovamos\/abierta\/agencias\/horizonte\/","url":"https:\/\/www.ferrovial.com\/es\/innovacion\/como-innovamos\/abierta\/agencias\/horizonte\/","name":"Horizonte 2020 - Innovaci\u00f3n Abierta - Ferrovial","isPartOf":{"@id":"https:\/\/www.ferrovial.com\/es\/#website"},"datePublished":"2019-09-05T13:36:45+00:00","dateModified":"2020-04-21T20:29:22+00:00","description":"Horizonte 2020 es un programa de innovaci\u00f3n creado por la Uni\u00f3n Europea que tiene como objetivo promover actividades de investigaci\u00f3n e innovaci\u00f3n para el per\u00edodo ...","breadcrumb":{"@id":"https:\/\/www.ferrovial.com\/es\/innovacion\/como-innovamos\/abierta\/agencias\/horizonte\/#breadcrumb"},"inLanguage":"es","potentialAction":[{"@type":"ReadAction","target":["https:\/\/www.ferrovial.com\/es\/innovacion\/como-innovamos\/abierta\/agencias\/horizonte\/"]}]},{"@type":"BreadcrumbList","@id":"https:\/\/www.ferrovial.com\/es\/innovacion\/como-innovamos\/abierta\/agencias\/horizonte\/#breadcrumb","itemListElement":[{"@type":"ListItem","position":1,"name":"Portada","item":"https:\/\/www.ferrovial.com\/es\/"},{"@type":"ListItem","position":2,"name":"Innovaci\u00f3n","item":"https:\/\/www.ferrovial.com\/es\/innovacion\/"},{"@type":"ListItem","position":3,"name":"C\u00f3mo innovamos","item":"https:\/\/www.ferrovial.com\/es\/innovacion\/como-innovamos\/"},{"@type":"ListItem","position":4,"name":"Innovaci\u00f3n abierta","item":"https:\/\/www.ferrovial.com\/es\/innovacion\/como-innovamos\/abierta\/"},{"@type":"ListItem","position":5,"name":"Agencias p\u00fablicas","item":"https:\/\/www.ferrovial.com\/es\/innovacion\/como-innovamos\/abierta\/agencias\/"},{"@type":"ListItem","position":6,"name":"Horizonte 2020"}]},{"@type":"WebSite","@id":"https:\/\/www.ferrovial.com\/es\/#website","url":"https:\/\/www.ferrovial.com\/es\/","name":"Ferrovial","description":"Welcome to the Ferrovial&#039;s website, global operator of sustainable infrastructure. Here you can find all the information about the company and subsidiaries.","publisher":{"@id":"https:\/\/www.ferrovial.com\/es\/#organization"},"potentialAction":[{"@type":"SearchAction","target":{"@type":"EntryPoint","urlTemplate":"https:\/\/www.ferrovial.com\/es\/?s={search_term_string}"},"query-input":{"@type":"PropertyValueSpecification","valueRequired":true,"valueName":"search_term_string"}}],"inLanguage":"es"},{"@type":"Organization","@id":"https:\/\/www.ferrovial.com\/es\/#organization","name":"Ferrovial S.A.","url":"https:\/\/www.ferrovial.com\/es\/","logo":{"@type":"ImageObject","inLanguage":"es","@id":"https:\/\/www.ferrovial.com\/es\/#\/schema\/logo\/image\/","url":"https:\/\/static.ferrovial.com\/wp-content\/uploads\/2020\/01\/13124948\/logo-ferrovial-cf7.png","contentUrl":"https:\/\/static.ferrovial.com\/wp-content\/uploads\/2020\/01\/13124948\/logo-ferrovial-cf7.png","width":144,"height":32,"caption":"Ferrovial S.A."},"image":{"@id":"https:\/\/www.ferrovial.com\/es\/#\/schema\/logo\/image\/"},"sameAs":["https:\/\/www.facebook.com\/ferrovial","https:\/\/x.com\/ferrovial","https:\/\/www.instagram.com\/ferrovial\/","https:\/\/www.linkedin.com\/company\/ferrovial","https:\/\/www.pinterest.es\/ferrovial\/","https:\/\/www.youtube.com\/ferrovial","https:\/\/en.wikipedia.org\/wiki\/Ferrovial"]}]}},"_links":{"self":[{"href":"https:\/\/www.ferrovial.com\/es\/wp-json\/wp\/v2\/pages\/18731","targetHints":{"allow":["GET"]}}],"collection":[{"href":"https:\/\/www.ferrovial.com\/es\/wp-json\/wp\/v2\/pages"}],"about":[{"href":"https:\/\/www.ferrovial.com\/es\/wp-json\/wp\/v2\/types\/page"}],"replies":[{"embeddable":true,"href":"https:\/\/www.ferrovial.com\/es\/wp-json\/wp\/v2\/comments?post=18731"}],"version-history":[{"count":3,"href":"https:\/\/www.ferrovial.com\/es\/wp-json\/wp\/v2\/pages\/18731\/revisions"}],"predecessor-version":[{"id":163432,"href":"https:\/\/www.ferrovial.com\/es\/wp-json\/wp\/v2\/pages\/18731\/revisions\/163432"}],"up":[{"embeddable":true,"href":"https:\/\/www.ferrovial.com\/es\/wp-json\/wp\/v2\/pages\/18725"}],"wp:attachment":[{"href":"https:\/\/www.ferrovial.com\/es\/wp-json\/wp\/v2\/media?parent=18731"}],"curies":[{"name":"wp","href":"https:\/\/api.w.org\/{rel}","templated":true}]}}