{"id":18750,"date":"2019-09-05T15:47:09","date_gmt":"2019-09-05T13:47:09","guid":{"rendered":"https:\/\/www.ferrovial.com\/?page_id=18750"},"modified":"2024-01-09T09:47:20","modified_gmt":"2024-01-09T08:47:20","slug":"drones","status":"publish","type":"page","link":"https:\/\/www.ferrovial.com\/es\/innovacion\/tecnologias\/drones\/","title":{"rendered":"Drones"},"content":{"rendered":"    <m-final-content-header bgimage='https:\/\/static.ferrovial.com\/wp-content\/uploads\/2019\/11\/13140647\/inspeccion_talud-1-1280x720.jpg'>\n            <c-breadcrumb label-text=\"Breadcrumb\" slot=\"breadcrumbs\" type='2' align='left' wrap='wrapped wrapped' aria-label='Vienes de Tecnolog\u00edas'>\n                        <ol>\n\n                                                            <li><a href=\"https:\/\/www.ferrovial.com\/es\/\" title=\"Ferrovial\">Ferrovial<\/a><\/li>\n                                                                        <li><a href=\"https:\/\/www.ferrovial.com\/es\/innovacion\/\" title=\"Innovaci\u00f3n\">Innovaci\u00f3n<\/a><\/li>\n                                                                        <li><a href=\"https:\/\/www.ferrovial.com\/es\/innovacion\/tecnologias\/\" title=\"Tecnolog\u00edas\">Tecnolog\u00edas<\/a><\/li>\n                                    \n                <\/ol>\n\n                <\/c-breadcrumb>\n    \n        <div slot=\"header\">\n            <h1>\n                Drones            <\/h1>\n                    <\/div>\n    <\/m-final-content-header>\n\n    \n\n\n<m-wysiwig class=\"wp-block-components-wysiwyg\"><div slot=\"maincontent\">    <p class=\"intro\">Un veh\u00edculo a\u00e9reo no tripulado, com\u00fanmente conocido como dron, es un veh\u00edculo sin tripulaci\u00f3n, capaz de mantener de manera aut\u00f3noma un nivel de vuelo controlado y sostenido.\n<\/p>\n    \n\n\n<h2 class=\"wp-block-heading\">\u00bfPara qu\u00e9 sirven los drones?<\/h2>\n\n\n\n<p>Los drones tienen un gran potencial en <strong>\u00e1reas muy diversas<\/strong>, ya que puede desplazarse r\u00e1pidamente sobre un terreno irregular o accidentado y superar cualquier tipo de obst\u00e1culo ofreciendo im\u00e1genes o capturando otro tipo de datos a vista de p\u00e1jaro, gracias a los dispositivos que puede transportar (c\u00e1maras, sensores\u2026) sin riesgos para las personas.<\/p>\n\n\n\n<p>Por ello, <strong>Ferrovial est\u00e1 haciendo uso de drones en muchas de sus actividades<\/strong>, eligiendo el tipo de dron m\u00e1s adecuado y los sensores que se deben embarcar (c\u00e1maras, sensores <em>lidar<\/em>, etc.) en funci\u00f3n del caso de uso y del tipo de datos que se desean medir en cada vuelo.<\/p>\n\n\n\n<p>Adicionalmente, el Digital Hub est\u00e1 promoviendo el\nuso de drones, ofreciendo soporte a los proyectos para poder entender mejor la <strong>regulaci\u00f3n<\/strong> y estar al d\u00eda de la normativa\nvigente) y creando una herramienta \u201c<strong>FLY-AI<\/strong>\u201d\nque permite entre otras cosas, gestionar de manera eficiente la documentaci\u00f3n\nnecesaria para el uso de drones, la aprobaci\u00f3n interna de vuelos y la inspecci\u00f3n\nde infraestructuras de manera autom\u00e1tica mediante el uso de algoritmos de\ninteligencia artificial. <\/p>\n\n\n\n<h3 class=\"wp-block-heading\">Inspecci\u00f3n de infraestructuras<\/h3>\n\n\n\n<p>La\u00a0inspecci\u00f3n visual de infraestructuras\u00a0es uno de los \u00e1mbitos en los que ya se emplean veh\u00edculos a\u00e9reos no tripulados. Los motivos principales son dos: por un lado el\u00a0<strong>ahorro de costes<\/strong>\u00a0derivado de la facilidad relativa con la que se accede a la infraestructura y por otro, una\u00a0<strong>disminuci\u00f3n importante del riesgo<\/strong>\u00a0para el personal.<\/p>\n\n\n\n<p>La inspecci\u00f3n de l\u00edneas de transmisi\u00f3n en Chile es\nuno de los ejemplos del uso de drones en Grupo Ferrovial.<\/p>\n\n\n\n<h3 class=\"wp-block-heading\">Obras civiles<\/h3>\n\n\n\n<p>A partir de drones con sensor <em>lidar<\/em> o c\u00e1maras de alta resoluci\u00f3n, se pueden realizar <strong>levantamientos topogr\u00e1ficos y modelos tridimensionales<\/strong>. Esto permite generar planos, analizar la evoluci\u00f3n de la obra y calcular vol\u00famenes de tierra extra\u00eddos, entre otros.<\/p>\n<\/div><\/m-wysiwig>\n\n\n\n<m-wysiwig class=\"wp-block-components-wysiwyg\"><div slot=\"maincontent\">\n<h3 class=\"wp-block-heading\">Drones y medio ambiente<\/h3>\n\n\n\n<p>En materia medioambiental los drones tambi\u00e9n suman. Un dron equipado con c\u00e1mara termogr\u00e1fica puede darnos por ejemplo una visual muy completa del estado de un vertedero: puntos calientes, zonas de humedad, etc. o puede servir para sobrevolar zonas de vegetaci\u00f3n extensas y facilitar as\u00ed las tareas de mantenimiento de las mismas.<\/p>\n\n\n\n<h3 class=\"wp-block-heading\">En carreteras<\/h3>\n\n\n\n<p>En el caso de conservaci\u00f3n de viaductos pr\u00f3ximos a una carretera, fletar un dron para hacer el an\u00e1lisis, es mucho m\u00e1s econ\u00f3mico y seguro que descolgar a personal especializado o que enviar un helic\u00f3ptero, alternativas que adem\u00e1s consumen mucho tiempo. No evita la posterior actuaci\u00f3n en caso de detecci\u00f3n de un problema, pero s\u00ed supone el alivio de algunos trabajos que antes requer\u00edan de personal in situ.<\/p>\n\n\n\n<h3 class=\"wp-block-heading\">En aeropuertos<\/h3>\n\n\n\n<p>Ya existen proyectos de control a\u00e9reo y seguridad en las pistas de los aeropuertos. Un ejemplo fue el proyecto&nbsp;<a href=\"https:\/\/newsroom.ferrovial.com\/es\/infografias\/drones\/\">en el Aeropuerto de Southampton<\/a>, consistente en un dron con forma de depredador, que redujo las aves en pista un 74%, lo que se traduce en una gran disminuci\u00f3n de los costes de operaci\u00f3n del aeropuerto.<\/p>\n<\/div><\/m-wysiwig>\n","protected":false},"excerpt":{"rendered":"","protected":false},"featured_media":0,"parent":74618,"menu_order":0,"comment_status":"closed","ping_status":"closed","template":"","meta":{"_acf_changed":false,"footnotes":""},"class_list":["post-18750","page","type-page","status-publish","hentry"],"acf":[],"yoast_head":"<!-- This site is optimized with the Yoast SEO plugin v27.2 - https:\/\/yoast.com\/product\/yoast-seo-wordpress\/ -->\n<title>Drones: qu\u00e9 son, tipos de drones y para qu\u00e9 sirven - Ferrovial<\/title>\n<meta name=\"description\" content=\"Un dron es una aeronave no tripulada que se controla remotamente. Se han ido desarrollando varios tipos de drones como los de ala fija, los h\u00edbridos, los ...\" \/>\n<meta name=\"robots\" content=\"index, follow, max-snippet:-1, max-image-preview:large, max-video-preview:-1\" \/>\n<link rel=\"canonical\" href=\"https:\/\/www.ferrovial.com\/es\/innovacion\/tecnologias\/drones\/\" \/>\n<meta property=\"og:locale\" content=\"es_ES\" \/>\n<meta property=\"og:type\" content=\"article\" \/>\n<meta property=\"og:title\" content=\"Drones: qu\u00e9 son, tipos de drones y para qu\u00e9 sirven - Ferrovial\" \/>\n<meta property=\"og:description\" content=\"Un dron es una aeronave no tripulada que se controla remotamente. Se han ido desarrollando varios tipos de drones como los de ala fija, los h\u00edbridos, los ...\" \/>\n<meta property=\"og:url\" content=\"https:\/\/www.ferrovial.com\/es\/innovacion\/tecnologias\/drones\/\" \/>\n<meta property=\"og:site_name\" content=\"Ferrovial\" \/>\n<meta property=\"article:publisher\" content=\"https:\/\/www.facebook.com\/ferrovial\" \/>\n<meta property=\"article:modified_time\" content=\"2024-01-09T08:47:20+00:00\" \/>\n<meta name=\"twitter:card\" content=\"summary_large_image\" \/>\n<meta name=\"twitter:site\" content=\"@ferrovial\" \/>\n<meta name=\"twitter:label1\" content=\"Est. reading time\" \/>\n\t<meta name=\"twitter:data1\" content=\"3 minutos\" \/>\n<!-- \/ Yoast SEO plugin. -->","yoast_head_json":{"title":"Drones: qu\u00e9 son, tipos de drones y para qu\u00e9 sirven - Ferrovial","description":"Un dron es una aeronave no tripulada que se controla remotamente. Se han ido desarrollando varios tipos de drones como los de ala fija, los h\u00edbridos, los ...","robots":{"index":"index","follow":"follow","max-snippet":"max-snippet:-1","max-image-preview":"max-image-preview:large","max-video-preview":"max-video-preview:-1"},"canonical":"https:\/\/www.ferrovial.com\/es\/innovacion\/tecnologias\/drones\/","og_locale":"es_ES","og_type":"article","og_title":"Drones: qu\u00e9 son, tipos de drones y para qu\u00e9 sirven - Ferrovial","og_description":"Un dron es una aeronave no tripulada que se controla remotamente. Se han ido desarrollando varios tipos de drones como los de ala fija, los h\u00edbridos, los ...","og_url":"https:\/\/www.ferrovial.com\/es\/innovacion\/tecnologias\/drones\/","og_site_name":"Ferrovial","article_publisher":"https:\/\/www.facebook.com\/ferrovial","article_modified_time":"2024-01-09T08:47:20+00:00","twitter_card":"summary_large_image","twitter_site":"@ferrovial","twitter_misc":{"Est. reading time":"3 minutos"},"schema":{"@context":"https:\/\/schema.org","@graph":[{"@type":"WebPage","@id":"https:\/\/www.ferrovial.com\/es\/innovacion\/tecnologias\/drones\/","url":"https:\/\/www.ferrovial.com\/es\/innovacion\/tecnologias\/drones\/","name":"Drones: qu\u00e9 son, tipos de drones y para qu\u00e9 sirven - Ferrovial","isPartOf":{"@id":"https:\/\/www.ferrovial.com\/es\/#website"},"datePublished":"2019-09-05T13:47:09+00:00","dateModified":"2024-01-09T08:47:20+00:00","description":"Un dron es una aeronave no tripulada que se controla remotamente. Se han ido desarrollando varios tipos de drones como los de ala fija, los h\u00edbridos, los ...","breadcrumb":{"@id":"https:\/\/www.ferrovial.com\/es\/innovacion\/tecnologias\/drones\/#breadcrumb"},"inLanguage":"es","potentialAction":[{"@type":"ReadAction","target":["https:\/\/www.ferrovial.com\/es\/innovacion\/tecnologias\/drones\/"]}]},{"@type":"BreadcrumbList","@id":"https:\/\/www.ferrovial.com\/es\/innovacion\/tecnologias\/drones\/#breadcrumb","itemListElement":[{"@type":"ListItem","position":1,"name":"Portada","item":"https:\/\/www.ferrovial.com\/es\/"},{"@type":"ListItem","position":2,"name":"Innovaci\u00f3n","item":"https:\/\/www.ferrovial.com\/es\/innovacion\/"},{"@type":"ListItem","position":3,"name":"Tecnolog\u00edas","item":"https:\/\/www.ferrovial.com\/es\/innovacion\/tecnologias\/"},{"@type":"ListItem","position":4,"name":"Drones"}]},{"@type":"WebSite","@id":"https:\/\/www.ferrovial.com\/es\/#website","url":"https:\/\/www.ferrovial.com\/es\/","name":"Ferrovial","description":"Welcome to the Ferrovial&#039;s website, global operator of sustainable infrastructure. Here you can find all the information about the company and subsidiaries.","publisher":{"@id":"https:\/\/www.ferrovial.com\/es\/#organization"},"potentialAction":[{"@type":"SearchAction","target":{"@type":"EntryPoint","urlTemplate":"https:\/\/www.ferrovial.com\/es\/?s={search_term_string}"},"query-input":{"@type":"PropertyValueSpecification","valueRequired":true,"valueName":"search_term_string"}}],"inLanguage":"es"},{"@type":"Organization","@id":"https:\/\/www.ferrovial.com\/es\/#organization","name":"Ferrovial S.A.","url":"https:\/\/www.ferrovial.com\/es\/","logo":{"@type":"ImageObject","inLanguage":"es","@id":"https:\/\/www.ferrovial.com\/es\/#\/schema\/logo\/image\/","url":"https:\/\/static.ferrovial.com\/wp-content\/uploads\/2020\/01\/13124948\/logo-ferrovial-cf7.png","contentUrl":"https:\/\/static.ferrovial.com\/wp-content\/uploads\/2020\/01\/13124948\/logo-ferrovial-cf7.png","width":144,"height":32,"caption":"Ferrovial S.A."},"image":{"@id":"https:\/\/www.ferrovial.com\/es\/#\/schema\/logo\/image\/"},"sameAs":["https:\/\/www.facebook.com\/ferrovial","https:\/\/x.com\/ferrovial","https:\/\/www.instagram.com\/ferrovial\/","https:\/\/www.linkedin.com\/company\/ferrovial","https:\/\/www.pinterest.es\/ferrovial\/","https:\/\/www.youtube.com\/ferrovial","https:\/\/en.wikipedia.org\/wiki\/Ferrovial"]}]}},"_links":{"self":[{"href":"https:\/\/www.ferrovial.com\/es\/wp-json\/wp\/v2\/pages\/18750","targetHints":{"allow":["GET"]}}],"collection":[{"href":"https:\/\/www.ferrovial.com\/es\/wp-json\/wp\/v2\/pages"}],"about":[{"href":"https:\/\/www.ferrovial.com\/es\/wp-json\/wp\/v2\/types\/page"}],"replies":[{"embeddable":true,"href":"https:\/\/www.ferrovial.com\/es\/wp-json\/wp\/v2\/comments?post=18750"}],"version-history":[{"count":3,"href":"https:\/\/www.ferrovial.com\/es\/wp-json\/wp\/v2\/pages\/18750\/revisions"}],"predecessor-version":[{"id":273635,"href":"https:\/\/www.ferrovial.com\/es\/wp-json\/wp\/v2\/pages\/18750\/revisions\/273635"}],"up":[{"embeddable":true,"href":"https:\/\/www.ferrovial.com\/es\/wp-json\/wp\/v2\/pages\/74618"}],"wp:attachment":[{"href":"https:\/\/www.ferrovial.com\/es\/wp-json\/wp\/v2\/media?parent=18750"}],"curies":[{"name":"wp","href":"https:\/\/api.w.org\/{rel}","templated":true}]}}