{"id":18756,"date":"2019-09-05T15:49:12","date_gmt":"2019-09-05T13:49:12","guid":{"rendered":"https:\/\/www.ferrovial.com\/?page_id=18756"},"modified":"2024-09-03T18:12:17","modified_gmt":"2024-09-03T16:12:17","slug":"iot","status":"publish","type":"page","link":"https:\/\/www.ferrovial.com\/es\/innovacion\/tecnologias\/iot\/","title":{"rendered":"Internet de las cosas"},"content":{"rendered":"    <m-final-content-header bgimage='https:\/\/static.ferrovial.com\/wp-content\/uploads\/2019\/11\/13140642\/internet-of-thing-iot-1280x720.jpg'>\n            <c-breadcrumb label-text=\"Breadcrumb\" slot=\"breadcrumbs\" type='2' align='left' wrap='wrapped wrapped' aria-label='Vienes de Tecnolog\u00edas'>\n                        <ol>\n\n                                                            <li><a href=\"https:\/\/www.ferrovial.com\/es\/\" title=\"Ferrovial\">Ferrovial<\/a><\/li>\n                                                                        <li><a href=\"https:\/\/www.ferrovial.com\/es\/innovacion\/\" title=\"Innovaci\u00f3n\">Innovaci\u00f3n<\/a><\/li>\n                                                                        <li><a href=\"https:\/\/www.ferrovial.com\/es\/innovacion\/tecnologias\/\" title=\"Tecnolog\u00edas\">Tecnolog\u00edas<\/a><\/li>\n                                    \n                <\/ol>\n\n                <\/c-breadcrumb>\n    \n        <div slot=\"header\">\n            <h1>\n                Internet de las cosas            <\/h1>\n                    <\/div>\n    <\/m-final-content-header>\n\n    \n\n\n<m-wysiwig class=\"wp-block-components-wysiwyg\"><div slot=\"maincontent\">    <p class=\"intro\">El Internet de las cosas es la tecnolog\u00eda que nos permite a\u00f1adir sobre un objeto inerte (por ejemplo veh\u00edculos, sistemas electr\u00f3nicos de una planta, paredes de edificios, techos, luminarias, etc. ) un dispositivo capaz de medir par\u00e1metros del entorno, generar datos asociados y transmitirlos a trav\u00e9s de una red de comunicaciones.<\/p>\n    \n\n\n<h2 class=\"wp-block-heading\">\u00bfQu\u00e9 es?<\/h2>\n\n\n\n<p>El\u00a0<strong>internet de las cosas (IdC) o <em>internet of things<\/em> (IoT)<\/strong>\u00a0es un conjunto de tecnolog\u00edas que facilita el despliegue de sensores y actuadores que nos informan del estado de elementos cotidianos, como veh\u00edculos, herramientas o incluso seres vivos. Nos permite interactuar con ellos, habilitando su conectividad con plataformas en la nube que reciben y procesan la informaci\u00f3n para, tras su an\u00e1lisis, poder tomar decisiones.<\/p>\n\n\n\n<h2 class=\"wp-block-heading\">Aplicaciones de uso<\/h2>\n\n\n\n<p>Las principales aplicaciones de la tecnolog\u00eda IoT en Ferrovial est\u00e1n relacionadas con veh\u00edculo conectado, wearables, rob\u00f3tica colaborativa, uso de sensores en plantas industriales (industria 4.0) y gesti\u00f3n eficiente de la energ\u00eda.<\/p>\n\n\n\n<p>En Ferrovial se han desarrollado diferentes proyectos en \u00e1mbitos como la movilidad, construcci\u00f3n, autopistas, aeropuertos e industria. Algunos ejemplos de iniciativas llevadas a cabo por el Digital Hub son:<\/p>\n\n\n\n<ul class=\"wp-block-list\">\n<li><strong>Monitorizaci\u00f3n de la flota de veh\u00edculos<\/strong> de Zity, adquiriendo datos de telemetr\u00eda y posicionamiento en tiempo real, comunicaci\u00f3n bidireccional con el conductor del veh\u00edculo, alertas por accidentes o conducci\u00f3n brusca, permitiendo la <strong>reducci\u00f3n de accidentes<\/strong>.<\/li>\n\n\n\n<li>Despliegue de sensores en maquinaria de obras lineales, que procuran la identificaci\u00f3n de eventos vinculados a la actividad y posibilitando la <strong>optimizaci\u00f3n del ciclo productivo<\/strong>.<\/li>\n\n\n\n<li><strong>Implantando<\/strong> <strong>balizas en autopistas<\/strong> y carreteras nacionales, lo cual permite analizar el tr\u00e1nsito de veh\u00edculos y usuarios, caracterizando y cuantificando los perfiles de viaje de cara a poder conocer mejor a los usuarios finales y entender su <strong>comportamiento<\/strong>.<\/li>\n\n\n\n<li>Dise\u00f1ando y desplegando <strong>botoneras en aeropuertos<\/strong>, que permiten a los usuarios tanto      expresar su nivel de satisfacci\u00f3n, como registrar mensajes de voz con su opini\u00f3n del servicio. El an\u00e1lisis\u00a0de esta informaci\u00f3n se emplea para mejorar el nivel de satisfacci\u00f3n de los pasajeros.<\/li>\n\n\n\n<li><strong>Adquiriendo informaci\u00f3n de plantas de tratamiento de agua<\/strong>, mediante integraci\u00f3n con SCADAs (Supervisory Control And Data Acquisition), lo que facilita a negocio el an\u00e1lisis y optimizaci\u00f3n de aspectos productivos.<\/li>\n<\/ul>\n\n\n\n<p>Desde el <strong>Digital Hub <\/strong>se da apoyo a los negocios con <strong>especialistas en esta tecnolog\u00eda<\/strong> que ayudan a identificar cu\u00e1les son las soluciones tecnol\u00f3gicas (dispositivos IoT) m\u00e1s adecuados para cada caso de uso, analizan su viabilidad t\u00e9cnica en el contexto deseado, dan soporte durante el an\u00e1lisis econ\u00f3mico y ejecutan si se requiere todo el proyecto desde la instalaci\u00f3n y gesti\u00f3n de dispositivos, testeo en campo, env\u00edo de informaci\u00f3n y anal\u00edtica posterior.<\/p>\n\n\n\n<p>Adem\u00e1s, desde el Digital Hub se puso en marcha&nbsp;una <strong>plataforma de IoT<\/strong> que <strong>da servicio a los distintos negocios<\/strong> de Ferrovial y que constituye la pieza central de las aplicaciones y casos de uso de este tipo. Permite la integraci\u00f3n de distintos elementos de campo y es la base sobre la que se desarrollan las soluciones verticales que aportan valor a los negocios mediante t\u00e9cnicas de anal\u00edtica de datos y aprendizaje autom\u00e1tico. <\/p>\n\n\n\n<p>La principal ventaja de esta\nplataforma es que a medida que se van a\u00f1adiendo nuevos sensores, las\ncapacidades de integraci\u00f3n del dato pueden ser reutilizadas por otros\ndepartamentos y unidades de negocio para otros casos de uso en los que se\ninstale el mismo tipo de sensor, <strong>aceler\u00e1ndose\nas\u00ed el proceso de implantaci\u00f3n de este tipo de soluciones.<\/strong><\/p>\n<\/div><\/m-wysiwig>\n","protected":false},"excerpt":{"rendered":"","protected":false},"featured_media":0,"parent":74618,"menu_order":0,"comment_status":"closed","ping_status":"closed","template":"","meta":{"_acf_changed":false,"footnotes":""},"class_list":["post-18756","page","type-page","status-publish","hentry"],"acf":[],"yoast_head":"<!-- This site is optimized with the Yoast SEO plugin v27.2 - https:\/\/yoast.com\/product\/yoast-seo-wordpress\/ -->\n<title>Internet de las Cosas: definici\u00f3n y ejemplos de uso - Ferrovial<\/title>\n<meta name=\"description\" content=\"El IoT es el conjunto de tecnolog\u00edas que permiten el intercambio de informaci\u00f3n entre dos o m\u00e1s dispositivos conectados entre s\u00ed a trav\u00e9s de una red de comunicaciones.\" \/>\n<meta name=\"robots\" content=\"index, follow, max-snippet:-1, max-image-preview:large, max-video-preview:-1\" \/>\n<link rel=\"canonical\" href=\"https:\/\/www.ferrovial.com\/es\/innovacion\/tecnologias\/iot\/\" \/>\n<meta property=\"og:locale\" content=\"es_ES\" \/>\n<meta property=\"og:type\" content=\"article\" \/>\n<meta property=\"og:title\" content=\"Internet de las Cosas: definici\u00f3n y ejemplos de uso - Ferrovial\" \/>\n<meta property=\"og:description\" content=\"El IoT es el conjunto de tecnolog\u00edas que permiten el intercambio de informaci\u00f3n entre dos o m\u00e1s dispositivos conectados entre s\u00ed a trav\u00e9s de una red de comunicaciones.\" \/>\n<meta property=\"og:url\" content=\"https:\/\/www.ferrovial.com\/es\/innovacion\/tecnologias\/iot\/\" \/>\n<meta property=\"og:site_name\" content=\"Ferrovial\" \/>\n<meta property=\"article:publisher\" content=\"https:\/\/www.facebook.com\/ferrovial\" \/>\n<meta property=\"article:modified_time\" content=\"2024-09-03T16:12:17+00:00\" \/>\n<meta name=\"twitter:card\" content=\"summary_large_image\" \/>\n<meta name=\"twitter:site\" content=\"@ferrovial\" \/>\n<meta name=\"twitter:label1\" content=\"Est. reading time\" \/>\n\t<meta name=\"twitter:data1\" content=\"3 minutos\" \/>\n<!-- \/ Yoast SEO plugin. -->","yoast_head_json":{"title":"Internet de las Cosas: definici\u00f3n y ejemplos de uso - Ferrovial","description":"El IoT es el conjunto de tecnolog\u00edas que permiten el intercambio de informaci\u00f3n entre dos o m\u00e1s dispositivos conectados entre s\u00ed a trav\u00e9s de una red de comunicaciones.","robots":{"index":"index","follow":"follow","max-snippet":"max-snippet:-1","max-image-preview":"max-image-preview:large","max-video-preview":"max-video-preview:-1"},"canonical":"https:\/\/www.ferrovial.com\/es\/innovacion\/tecnologias\/iot\/","og_locale":"es_ES","og_type":"article","og_title":"Internet de las Cosas: definici\u00f3n y ejemplos de uso - Ferrovial","og_description":"El IoT es el conjunto de tecnolog\u00edas que permiten el intercambio de informaci\u00f3n entre dos o m\u00e1s dispositivos conectados entre s\u00ed a trav\u00e9s de una red de comunicaciones.","og_url":"https:\/\/www.ferrovial.com\/es\/innovacion\/tecnologias\/iot\/","og_site_name":"Ferrovial","article_publisher":"https:\/\/www.facebook.com\/ferrovial","article_modified_time":"2024-09-03T16:12:17+00:00","twitter_card":"summary_large_image","twitter_site":"@ferrovial","twitter_misc":{"Est. reading time":"3 minutos"},"schema":{"@context":"https:\/\/schema.org","@graph":[{"@type":"WebPage","@id":"https:\/\/www.ferrovial.com\/es\/innovacion\/tecnologias\/iot\/","url":"https:\/\/www.ferrovial.com\/es\/innovacion\/tecnologias\/iot\/","name":"Internet de las Cosas: definici\u00f3n y ejemplos de uso - Ferrovial","isPartOf":{"@id":"https:\/\/www.ferrovial.com\/es\/#website"},"datePublished":"2019-09-05T13:49:12+00:00","dateModified":"2024-09-03T16:12:17+00:00","description":"El IoT es el conjunto de tecnolog\u00edas que permiten el intercambio de informaci\u00f3n entre dos o m\u00e1s dispositivos conectados entre s\u00ed a trav\u00e9s de una red de comunicaciones.","breadcrumb":{"@id":"https:\/\/www.ferrovial.com\/es\/innovacion\/tecnologias\/iot\/#breadcrumb"},"inLanguage":"es","potentialAction":[{"@type":"ReadAction","target":["https:\/\/www.ferrovial.com\/es\/innovacion\/tecnologias\/iot\/"]}]},{"@type":"BreadcrumbList","@id":"https:\/\/www.ferrovial.com\/es\/innovacion\/tecnologias\/iot\/#breadcrumb","itemListElement":[{"@type":"ListItem","position":1,"name":"Portada","item":"https:\/\/www.ferrovial.com\/es\/"},{"@type":"ListItem","position":2,"name":"Innovaci\u00f3n","item":"https:\/\/www.ferrovial.com\/es\/innovacion\/"},{"@type":"ListItem","position":3,"name":"Tecnolog\u00edas","item":"https:\/\/www.ferrovial.com\/es\/innovacion\/tecnologias\/"},{"@type":"ListItem","position":4,"name":"Internet de las cosas"}]},{"@type":"WebSite","@id":"https:\/\/www.ferrovial.com\/es\/#website","url":"https:\/\/www.ferrovial.com\/es\/","name":"Ferrovial","description":"Welcome to the Ferrovial&#039;s website, global operator of sustainable infrastructure. Here you can find all the information about the company and subsidiaries.","publisher":{"@id":"https:\/\/www.ferrovial.com\/es\/#organization"},"potentialAction":[{"@type":"SearchAction","target":{"@type":"EntryPoint","urlTemplate":"https:\/\/www.ferrovial.com\/es\/?s={search_term_string}"},"query-input":{"@type":"PropertyValueSpecification","valueRequired":true,"valueName":"search_term_string"}}],"inLanguage":"es"},{"@type":"Organization","@id":"https:\/\/www.ferrovial.com\/es\/#organization","name":"Ferrovial S.A.","url":"https:\/\/www.ferrovial.com\/es\/","logo":{"@type":"ImageObject","inLanguage":"es","@id":"https:\/\/www.ferrovial.com\/es\/#\/schema\/logo\/image\/","url":"https:\/\/static.ferrovial.com\/wp-content\/uploads\/2020\/01\/13124948\/logo-ferrovial-cf7.png","contentUrl":"https:\/\/static.ferrovial.com\/wp-content\/uploads\/2020\/01\/13124948\/logo-ferrovial-cf7.png","width":144,"height":32,"caption":"Ferrovial S.A."},"image":{"@id":"https:\/\/www.ferrovial.com\/es\/#\/schema\/logo\/image\/"},"sameAs":["https:\/\/www.facebook.com\/ferrovial","https:\/\/x.com\/ferrovial","https:\/\/www.instagram.com\/ferrovial\/","https:\/\/www.linkedin.com\/company\/ferrovial","https:\/\/www.pinterest.es\/ferrovial\/","https:\/\/www.youtube.com\/ferrovial","https:\/\/en.wikipedia.org\/wiki\/Ferrovial"]}]}},"_links":{"self":[{"href":"https:\/\/www.ferrovial.com\/es\/wp-json\/wp\/v2\/pages\/18756","targetHints":{"allow":["GET"]}}],"collection":[{"href":"https:\/\/www.ferrovial.com\/es\/wp-json\/wp\/v2\/pages"}],"about":[{"href":"https:\/\/www.ferrovial.com\/es\/wp-json\/wp\/v2\/types\/page"}],"replies":[{"embeddable":true,"href":"https:\/\/www.ferrovial.com\/es\/wp-json\/wp\/v2\/comments?post=18756"}],"version-history":[{"count":3,"href":"https:\/\/www.ferrovial.com\/es\/wp-json\/wp\/v2\/pages\/18756\/revisions"}],"predecessor-version":[{"id":287521,"href":"https:\/\/www.ferrovial.com\/es\/wp-json\/wp\/v2\/pages\/18756\/revisions\/287521"}],"up":[{"embeddable":true,"href":"https:\/\/www.ferrovial.com\/es\/wp-json\/wp\/v2\/pages\/74618"}],"wp:attachment":[{"href":"https:\/\/www.ferrovial.com\/es\/wp-json\/wp\/v2\/media?parent=18756"}],"curies":[{"name":"wp","href":"https:\/\/api.w.org\/{rel}","templated":true}]}}