{"id":18797,"date":"2019-09-05T16:06:10","date_gmt":"2019-09-05T14:06:10","guid":{"rendered":"https:\/\/www.ferrovial.com\/?page_id=18797"},"modified":"2025-06-18T16:45:29","modified_gmt":"2025-06-18T14:45:29","slug":"infraestructuras-sociales","status":"publish","type":"page","link":"https:\/\/www.ferrovial.com\/es\/sostenibilidad\/social\/comunidad\/infraestructuras-sociales\/","title":{"rendered":"Infraestructuras sociales"},"content":{"rendered":"    <m-final-content-header bgimage='https:\/\/static.ferrovial.com\/wp-content\/uploads\/2019\/09\/13135556\/csr-supply-safe-drinking-water-communities-peru-anesvad-6.jpg'>\n            <c-breadcrumb label-text=\"Breadcrumb\" slot=\"breadcrumbs\" type='2' align='left' wrap='wrapped wrapped' aria-label='Vienes de Impacto en la comunidad'>\n                        <ol>\n\n                                                            <li><a href=\"https:\/\/www.ferrovial.com\/es\/\" title=\"Ferrovial\">Ferrovial<\/a><\/li>\n                                                                        <li><a href=\"https:\/\/www.ferrovial.com\/es\/sostenibilidad\/\" title=\"Sostenibilidad\">Sostenibilidad<\/a><\/li>\n                                                                        <li><a href=\"https:\/\/www.ferrovial.com\/es\/sostenibilidad\/social\/\" title=\"Compromiso con la sociedad\">Compromiso con la sociedad<\/a><\/li>\n                                                                        <li><a href=\"https:\/\/www.ferrovial.com\/es\/sostenibilidad\/social\/comunidad\/\" title=\"Impacto en la comunidad\">Impacto en la comunidad<\/a><\/li>\n                                    \n                <\/ol>\n\n                <\/c-breadcrumb>\n    \n        <div slot=\"header\">\n            <h1>\n                On the move for water             <\/h1>\n                    <\/div>\n    <\/m-final-content-header>\n\n    \n\n\n<m-wysiwig class=\"wp-block-components-wysiwyg\"><div slot=\"maincontent\">    <p class=\"intro\">&#171;On the move for water&#187; es un programa de cooperaci\u00f3n al desarrollo que tiene como objetivo, desde su puesta en marcha en el a\u00f1o 2008, la mejora y ampliaci\u00f3n de la cobertura y acceso al agua para consumo humano y el saneamiento b\u00e1sico, entre colectivos en riesgo de vulnerabilidad social de \u00c1frica, Am\u00e9rica Latina e India.<\/p>\n    <\/div><\/m-wysiwig>\n\n\n    <m-cyphers-basic>\n                        <div slot=\"head\">\n                                                <h2>\n                                Infraestructuras Sociales                            <\/h2>\n                                                        <h3>\n                                Datos destacados                            <\/h3>\n                                                            <p>\n                                    Descripci\u00f3n por defecto                                <\/p>\n                                            <\/div>\n                                <ul slot=\"cyphers\">\n                                                <li>\n                                                                        <p class=\"number\">\n                                            14                                        <\/p>\n                                                                                <p class=\"post\">\n                                            Pa\u00edses                                        <\/p>\n                                                                    <\/li>\n                                                        <li>\n                                                                        <p class=\"number\">\n                                            43                                        <\/p>\n                                                                                <p class=\"post\">\n                                            Proyectos                                        <\/p>\n                                                                    <\/li>\n                                                        <li>\n                                                                        <p class=\"number\">\n                                            371.000                                        <\/p>\n                                                                                <p class=\"post\">\n                                            Beneficiarios                                        <\/p>\n                                                                    <\/li>\n                                                        <li>\n                                                                        <p class=\"number\">\n                                            8.098.858                                        <\/p>\n                                                                                <p class=\"post\">\n                                            \u20ac invertidos                                        <\/p>\n                                                                    <\/li>\n                                            <\/ul>\n                    <\/m-cyphers-basic>\n\n    \n\n    <m-video >\n                <a class='m-video__modal' slot='modal' href='https:\/\/www.youtube-nocookie.com\/embed\/OCJwMMFVCTA'>\n            <img slot=\"poster\" v-lazy=\"'https:\/\/static.ferrovial.com\/wp-content\/uploads\/2022\/03\/21174652\/rsc-infraestructuras-sociales-ferrovial-1280x720.jpg'\" title=\"\" width=\"1280\" height=\"100%\" >\n        <\/a>\n            <\/m-video>\n    \n\n\n<m-wysiwig class=\"wp-block-components-wysiwyg\"><div slot=\"maincontent\">\n<h2 class=\"wp-block-heading\"><strong>Convocatoria del Programa de Infraestructuras Sociales&nbsp;2025: On the move for water<\/strong><\/h2>\n\n\n\n<p>A trav\u00e9s de la decimoquinta convocatoria del&nbsp;<strong>Programa de Infraestructuras Sociales: On the move for water, Ferrovial apoya y financia proyectos de cooperaci\u00f3n internacional&nbsp;<\/strong>dirigidos a la construcci\u00f3n, rehabilitaci\u00f3n y\/o mejora de infraestructuras de agua y saneamiento en \u00c1frica, Asia (India) y Am\u00e9rica Latina (Per\u00fa).<\/p>\n\n\n\n<p>La convocatoria se dirige a todas aquellas&nbsp;<strong>entidades privadas sin \u00e1nimo de lucro&nbsp;<\/strong>(fundaciones, ONG, etc.) legalmente constituidas y registradas en Espa\u00f1a y declaradas de Utilidad P\u00fablica, cuyo objeto social declarado sea la atenci\u00f3n y asistencia a personas en riesgo de vulnerabilidad social, y que lleven a cabo proyectos de cooperaci\u00f3n internacional en materia de agua y saneamiento.<\/p>\n\n\n\n<p>La convocatoria del Programa de Infraestructuras Sociales 2025 permanecer\u00e1 abierta hasta el pr\u00f3ximo 23 de mayo a las 12.00h del mediod\u00eda hora espa\u00f1ola.<\/p>\n\n\n\n<ul class=\"wp-block-list\">\n<li><a href=\"https:\/\/static.ferrovial.com\/wp-content\/uploads\/2025\/04\/22104936\/bases-infraestructuras-sociales-ot4w-2025.pdf\">Bases del programa<\/a><\/li>\n\n\n\n<li><a href=\"https:\/\/static.ferrovial.com\/wp-content\/uploads\/2025\/04\/22104932\/instrucciones-infraestructuras-sociales-2025.pdf\">Instrucciones de participaci\u00f3n<\/a><\/li>\n\n\n\n<li><a href=\"https:\/\/survey.alchemer.com\/s3\/8274695\/Infraestructuras-Sociales-2025\" target=\"_blank\" rel=\"noreferrer noopener nofollow\">Formulario de inscripci\u00f3n<\/a><\/li>\n<\/ul>\n<\/div><\/m-wysiwig>\n\n\n\n<m-wysiwig class=\"wp-block-components-wysiwyg\"><div slot=\"maincontent\">\n<h2 class=\"wp-block-heading\">Cooperaci\u00f3n internacional<\/h2>\n\n\n\n<p>Anualmente, abrimos una <strong>convocatoria<\/strong> en la que<strong> entidades sin \u00e1nimo de lucro espa\u00f1olas <\/strong>pueden presentar sus propuestas. En base a criterios t\u00e9cnicos, seleccionamos <strong>proyectos que intervienen en comunidades vulnerables<\/strong>, tanto en el \u00e1mbito rural como el urbano, y que buscan paliar una situaci\u00f3n de debilidad o carencia de infraestructuras destinadas al suministro de agua para consumo humano y de saneamiento b\u00e1sico.<\/p>\n\n\n\n<p>No solo participamos a trav\u00e9s del aporte de fondos, tambi\u00e9n <strong>nos implicamos en el seguimiento y gesti\u00f3n de proyectos<\/strong>. Proporcionamos asistencia t\u00e9cnica y nos involucramos en el proyecto a empleados especialistas en el \u00e1rea espec\u00edfica de intervenci\u00f3n. <strong>Somos algo m\u00e1s que meros donantes<\/strong>.<\/p>\n\n\n\n<p>Con visitas de trabajo realizadas en el propio terreno, enmarcadas en el <strong>plan de voluntariado corporativo<\/strong> de la compa\u00f1\u00eda, nuestros empleados aportan sus conocimientos y experiencia profesional en base a las necesidades previamente identificadas. De esta manera, ponemos a nuestros profesionales al servicio de la cooperaci\u00f3n internacional.<\/p>\n<\/div><\/m-wysiwig>\n\n\n    <m-projects-distributor2 :translations='{\n        &quot;prev&quot;:&quot;Anterior&quot;,\n        &quot;next&quot;:&quot;Siguiente&quot;,\n        &quot;paginationseparator&quot;:&quot;de&quot;\n    }'>\n                        <h2 slot=\"title\">\n                Proyectos relacionados                <\/h2>\n                        <a slot='button' title='Conoce nuestros proyectos ' href='https:\/\/www.ferrovial.com\/es\/sostenibilidad\/social\/comunidad\/infraestructuras-sociales\/'>\n            Conoce nuestros proyectos         <\/a>\n\n            <\/m-projects-distributor2>\n\n    ","protected":false},"excerpt":{"rendered":"","protected":false},"featured_media":0,"parent":49877,"menu_order":0,"comment_status":"closed","ping_status":"closed","template":"","meta":{"_acf_changed":false,"footnotes":""},"class_list":["post-18797","page","type-page","status-publish","hentry"],"acf":[],"yoast_head":"<!-- This site is optimized with the Yoast SEO plugin v27.2 - https:\/\/yoast.com\/product\/yoast-seo-wordpress\/ -->\n<title>Infraestructuras sociales: On the move for water - Proyectos de RSC - Ferrovial<\/title>\n<meta name=\"description\" content=\"Con el programa Infraestructuras Sociales, apostamos por la participaci\u00f3n en proyectos de cooperaci\u00f3n internacional como actor y donante de recursos.\" \/>\n<meta name=\"robots\" content=\"index, follow, max-snippet:-1, max-image-preview:large, max-video-preview:-1\" \/>\n<link rel=\"canonical\" href=\"https:\/\/www.ferrovial.com\/es\/sostenibilidad\/social\/comunidad\/infraestructuras-sociales\/\" \/>\n<meta property=\"og:locale\" content=\"es_ES\" \/>\n<meta property=\"og:type\" content=\"article\" \/>\n<meta property=\"og:title\" content=\"Infraestructuras sociales: On the move for water - Proyectos de RSC - Ferrovial\" \/>\n<meta property=\"og:description\" content=\"Con el programa Infraestructuras Sociales, apostamos por la participaci\u00f3n en proyectos de cooperaci\u00f3n internacional como actor y donante de recursos.\" \/>\n<meta property=\"og:url\" content=\"https:\/\/www.ferrovial.com\/es\/sostenibilidad\/social\/comunidad\/infraestructuras-sociales\/\" \/>\n<meta property=\"og:site_name\" content=\"Ferrovial\" \/>\n<meta property=\"article:publisher\" content=\"https:\/\/www.facebook.com\/ferrovial\" \/>\n<meta property=\"article:modified_time\" content=\"2025-06-18T14:45:29+00:00\" \/>\n<meta name=\"twitter:card\" content=\"summary_large_image\" \/>\n<meta name=\"twitter:site\" content=\"@ferrovial\" \/>\n<meta name=\"twitter:label1\" content=\"Est. reading time\" \/>\n\t<meta name=\"twitter:data1\" content=\"2 minutos\" \/>\n<!-- \/ Yoast SEO plugin. -->","yoast_head_json":{"title":"Infraestructuras sociales: On the move for water - Proyectos de RSC - Ferrovial","description":"Con el programa Infraestructuras Sociales, apostamos por la participaci\u00f3n en proyectos de cooperaci\u00f3n internacional como actor y donante de recursos.","robots":{"index":"index","follow":"follow","max-snippet":"max-snippet:-1","max-image-preview":"max-image-preview:large","max-video-preview":"max-video-preview:-1"},"canonical":"https:\/\/www.ferrovial.com\/es\/sostenibilidad\/social\/comunidad\/infraestructuras-sociales\/","og_locale":"es_ES","og_type":"article","og_title":"Infraestructuras sociales: On the move for water - Proyectos de RSC - Ferrovial","og_description":"Con el programa Infraestructuras Sociales, apostamos por la participaci\u00f3n en proyectos de cooperaci\u00f3n internacional como actor y donante de recursos.","og_url":"https:\/\/www.ferrovial.com\/es\/sostenibilidad\/social\/comunidad\/infraestructuras-sociales\/","og_site_name":"Ferrovial","article_publisher":"https:\/\/www.facebook.com\/ferrovial","article_modified_time":"2025-06-18T14:45:29+00:00","twitter_card":"summary_large_image","twitter_site":"@ferrovial","twitter_misc":{"Est. reading time":"2 minutos"},"schema":{"@context":"https:\/\/schema.org","@graph":[{"@type":"WebPage","@id":"https:\/\/www.ferrovial.com\/es\/sostenibilidad\/social\/comunidad\/infraestructuras-sociales\/","url":"https:\/\/www.ferrovial.com\/es\/sostenibilidad\/social\/comunidad\/infraestructuras-sociales\/","name":"Infraestructuras sociales: On the move for water - Proyectos de RSC - Ferrovial","isPartOf":{"@id":"https:\/\/www.ferrovial.com\/es\/#website"},"datePublished":"2019-09-05T14:06:10+00:00","dateModified":"2025-06-18T14:45:29+00:00","description":"Con el programa Infraestructuras Sociales, apostamos por la participaci\u00f3n en proyectos de cooperaci\u00f3n internacional como actor y donante de recursos.","breadcrumb":{"@id":"https:\/\/www.ferrovial.com\/es\/sostenibilidad\/social\/comunidad\/infraestructuras-sociales\/#breadcrumb"},"inLanguage":"es","potentialAction":[{"@type":"ReadAction","target":["https:\/\/www.ferrovial.com\/es\/sostenibilidad\/social\/comunidad\/infraestructuras-sociales\/"]}]},{"@type":"BreadcrumbList","@id":"https:\/\/www.ferrovial.com\/es\/sostenibilidad\/social\/comunidad\/infraestructuras-sociales\/#breadcrumb","itemListElement":[{"@type":"ListItem","position":1,"name":"Portada","item":"https:\/\/www.ferrovial.com\/es\/"},{"@type":"ListItem","position":2,"name":"Sostenibilidad","item":"https:\/\/www.ferrovial.com\/es\/sostenibilidad\/"},{"@type":"ListItem","position":3,"name":"Compromiso con la sociedad","item":"https:\/\/www.ferrovial.com\/es\/sostenibilidad\/social\/"},{"@type":"ListItem","position":4,"name":"Impacto en la comunidad","item":"https:\/\/www.ferrovial.com\/es\/sostenibilidad\/social\/comunidad\/"},{"@type":"ListItem","position":5,"name":"Infraestructuras sociales"}]},{"@type":"WebSite","@id":"https:\/\/www.ferrovial.com\/es\/#website","url":"https:\/\/www.ferrovial.com\/es\/","name":"Ferrovial","description":"Welcome to the Ferrovial&#039;s website, global operator of sustainable infrastructure. Here you can find all the information about the company and subsidiaries.","publisher":{"@id":"https:\/\/www.ferrovial.com\/es\/#organization"},"potentialAction":[{"@type":"SearchAction","target":{"@type":"EntryPoint","urlTemplate":"https:\/\/www.ferrovial.com\/es\/?s={search_term_string}"},"query-input":{"@type":"PropertyValueSpecification","valueRequired":true,"valueName":"search_term_string"}}],"inLanguage":"es"},{"@type":"Organization","@id":"https:\/\/www.ferrovial.com\/es\/#organization","name":"Ferrovial S.A.","url":"https:\/\/www.ferrovial.com\/es\/","logo":{"@type":"ImageObject","inLanguage":"es","@id":"https:\/\/www.ferrovial.com\/es\/#\/schema\/logo\/image\/","url":"https:\/\/static.ferrovial.com\/wp-content\/uploads\/2020\/01\/13124948\/logo-ferrovial-cf7.png","contentUrl":"https:\/\/static.ferrovial.com\/wp-content\/uploads\/2020\/01\/13124948\/logo-ferrovial-cf7.png","width":144,"height":32,"caption":"Ferrovial S.A."},"image":{"@id":"https:\/\/www.ferrovial.com\/es\/#\/schema\/logo\/image\/"},"sameAs":["https:\/\/www.facebook.com\/ferrovial","https:\/\/x.com\/ferrovial","https:\/\/www.instagram.com\/ferrovial\/","https:\/\/www.linkedin.com\/company\/ferrovial","https:\/\/www.pinterest.es\/ferrovial\/","https:\/\/www.youtube.com\/ferrovial","https:\/\/en.wikipedia.org\/wiki\/Ferrovial"]}]}},"_links":{"self":[{"href":"https:\/\/www.ferrovial.com\/es\/wp-json\/wp\/v2\/pages\/18797","targetHints":{"allow":["GET"]}}],"collection":[{"href":"https:\/\/www.ferrovial.com\/es\/wp-json\/wp\/v2\/pages"}],"about":[{"href":"https:\/\/www.ferrovial.com\/es\/wp-json\/wp\/v2\/types\/page"}],"replies":[{"embeddable":true,"href":"https:\/\/www.ferrovial.com\/es\/wp-json\/wp\/v2\/comments?post=18797"}],"version-history":[{"count":3,"href":"https:\/\/www.ferrovial.com\/es\/wp-json\/wp\/v2\/pages\/18797\/revisions"}],"predecessor-version":[{"id":307706,"href":"https:\/\/www.ferrovial.com\/es\/wp-json\/wp\/v2\/pages\/18797\/revisions\/307706"}],"up":[{"embeddable":true,"href":"https:\/\/www.ferrovial.com\/es\/wp-json\/wp\/v2\/pages\/49877"}],"wp:attachment":[{"href":"https:\/\/www.ferrovial.com\/es\/wp-json\/wp\/v2\/media?parent=18797"}],"curies":[{"name":"wp","href":"https:\/\/api.w.org\/{rel}","templated":true}]}}