{"id":18800,"date":"2019-09-05T16:07:58","date_gmt":"2019-09-05T14:07:58","guid":{"rendered":"https:\/\/www.ferrovial.com\/?page_id=18800"},"modified":"2026-02-20T13:58:38","modified_gmt":"2026-02-20T12:58:38","slug":"juntos-sumamos","status":"publish","type":"page","link":"https:\/\/www.ferrovial.com\/es\/sostenibilidad\/social\/comunidad\/juntos-sumamos\/","title":{"rendered":"On the Move Together &#8211; Juntos Sumamos"},"content":{"rendered":"    <m-final-content-header bgimage='https:\/\/static.ferrovial.com\/wp-content\/uploads\/2019\/12\/13140925\/ong-ulls-del-mon-juntos-sumamos-ferrovial-1280x720.jpg'>\n            <c-breadcrumb label-text=\"Breadcrumb\" slot=\"breadcrumbs\" type='2' align='left' wrap='wrapped wrapped' aria-label='Vienes de Impacto en la comunidad'>\n                        <ol>\n\n                                                            <li><a href=\"https:\/\/www.ferrovial.com\/es\/\" title=\"Ferrovial\">Ferrovial<\/a><\/li>\n                                                                        <li><a href=\"https:\/\/www.ferrovial.com\/es\/sostenibilidad\/\" title=\"Sostenibilidad\">Sostenibilidad<\/a><\/li>\n                                                                        <li><a href=\"https:\/\/www.ferrovial.com\/es\/sostenibilidad\/social\/\" title=\"Compromiso con la sociedad\">Compromiso con la sociedad<\/a><\/li>\n                                                                        <li><a href=\"https:\/\/www.ferrovial.com\/es\/sostenibilidad\/social\/comunidad\/\" title=\"Impacto en la comunidad\">Impacto en la comunidad<\/a><\/li>\n                                    \n                <\/ol>\n\n                <\/c-breadcrumb>\n    \n        <div slot=\"header\">\n            <h1>\n                On the Move Together            <\/h1>\n                                <p>\n                        Juntos Sumamos                    <\/p>\n                            <\/div>\n    <\/m-final-content-header>\n\n    \n\n\n<m-wysiwig class=\"wp-block-components-wysiwyg\"><div slot=\"maincontent\">    <p class=\"intro\">Desde su creaci\u00f3n en 2005, este programa se basa tanto en nuestro compromiso como en el de nuestros  empleados con la mejora de las condiciones de vida de las personas en situaci\u00f3n de vulnerabilidad.<\/p>\n    \n\n\n<p>Este programa social tiene como objeto el apoyo a proyectos llevados a cabo por organizaciones privadas sin \u00e1nimo de lucro legalmente constituidas y registradas en Espa\u00f1a, que se focalicen en los siguientes \u00e1mbitos:<\/p>\n\n\n\n<ul class=\"wp-block-list\">\n<li><strong>Acci\u00f3n Social en Espa\u00f1a:<\/strong>&nbsp;proyectos de atenci\u00f3n a necesidades b\u00e1sicas e inserci\u00f3n social y laboral dentro del marco de la lucha contra la pobreza y la exclusi\u00f3n en Espa\u00f1a; otros proyectos de inter\u00e9s por su contribuci\u00f3n a la calidad de vida de las personas de \u00edndole asistencial o socioeducativa.<\/li>\n\n\n\n<li><strong>Cooperaci\u00f3n Internacional<\/strong>&nbsp;para el desarrollo: proyectos de intervenci\u00f3n en pa\u00edses en desarrollo dirigidos a la lucha contra la pobreza y la exclusi\u00f3n.<\/li>\n\n\n\n<li><strong>Conservaci\u00f3n del capital natural y la biodiversidad<\/strong>, con un v\u00ednculo tangible con las comunidades locales en t\u00e9rminos de mejora de sus condiciones sociales, econ\u00f3micas o culturales. Se priorizar\u00e1n aquellos proyectos que enfaticen el aprovechamiento sostenible de los recursos forestales, agropecuarios y eco-tur\u00edsticos.<\/li>\n<\/ul>\n\n\n\n<p>El presupuesto del programa corresponde a la suma de las cantidades donadas por nuestros empleados a trav\u00e9s de sus n\u00f3minas, m\u00e1s la aportaci\u00f3n de la compa\u00f1\u00eda, que iguala cantidad aportada por los empleados.<\/p>\n\n\n\n<p>Anualmente, abrimos la convocatoria para que las organizaciones interesadas puedan presentar sus propuestas. Atendiendo a criterios t\u00e9cnicos, se realizar\u00e1 una primera selecci\u00f3n de proyectos y son los empleados donantes los que finalmente eligen los proyectos ganadores a trav\u00e9s de sus votos.<\/p>\n<\/div><\/m-wysiwig>\n\n\n\n<m-wysiwig class=\"wp-block-components-wysiwyg\"><div slot=\"maincontent\">\n<h2 class=\"wp-block-heading\"><strong>CONVOCATORIA 2025 &#8211; C<\/strong>ONVOCATORIA CERRADA<\/h2>\n\n\n\n<p>La convocatoria Ferrovial On the move together &#8211; Juntos Sumamos 2025 ha terminado, ya no se reciben m\u00e1s proyectos.<\/p>\n\n\n\n<p>A continuaci\u00f3n, se encuentran las <strong>bases<\/strong> de la presente convocatoria, el <strong>formulario<\/strong> de inscripci\u00f3n y las <strong>instrucciones<\/strong> para facilitar la cumplimentaci\u00f3n del formulario.<\/p>\n\n\n\n<p>Gracias por vuestra confianza.<\/p>\n\n\n\n<p><a href=\"https:\/\/static.ferrovial.com\/wp-content\/uploads\/2025\/09\/10091822\/bases-juntos-sumamos-2025-1.pdf\"><strong>Bases de la convocatoria 2025<\/strong><\/a><\/p>\n\n\n\n<p><strong><a href=\"https:\/\/survey.alchemer.com\/s3\/8459986\/Juntos-Sumamos-2025\">Formulario de inscripci\u00f3n<\/a><\/strong><\/p>\n\n\n\n<p><strong><a href=\"https:\/\/static.ferrovial.com\/wp-content\/uploads\/2025\/09\/10091809\/instrucciones-js-2025-3.pdf\">Instrucciones para facilitar la cumplimentaci\u00f3n del formulario<\/a><\/strong><\/p>\n\n\n\n<p>Gracias por vuestra confianza.<\/p>\n<\/div><\/m-wysiwig>\n\n\n\n    <m-download-documents>\n                    <h2 slot=\"label\">\n                DOCUMENTOS            <\/h2>\n        \n                    <h3 slot=\"title\">\n                Juntos Sumamos 2020            <\/h3>\n        \n                            <p slot=\"description\">\n                        Description placeholder                    <\/p>\n                \n        \n                        <a slot='link' title='&quot;Juntos Sumamos&quot;' href='https:\/\/www.ferrovial.com\/es\/sostenibilidad\/social\/comunidad\/juntos-sumamos\/'>\n                &#171;Juntos Sumamos&#187;                <\/a>\n                \n        \n            \n                <article slot=\"card\">\n                                                <h4>\n                                Bases Juntos Sumamos 2020                            <\/h4>\n                                                        <a href=\"https:\/\/static.ferrovial.com\/wp-content\/uploads\/2020\/09\/13124020\/bases-juntos-sumamos_2020.pdf\" title=\"Download pdf\" icon=\"download\" external=\"_blank\" sr-only=\"Open new window\">\n                                Download pdf                            <\/a>\n                                            <\/article>\n\n            \n                <article slot=\"card\">\n                                                <h4>\n                                Instrucciones Juntos Sumamos 2020                            <\/h4>\n                                                        <a href=\"https:\/\/static.ferrovial.com\/wp-content\/uploads\/2020\/09\/13124020\/instrucciones-juntos-sumamos-2020.pdf\" title=\"Download pdf\" icon=\"download\" external=\"_blank\" sr-only=\"Open new window\">\n                                Download pdf                            <\/a>\n                                            <\/article>\n\n            \n        \n    <\/m-download-documents>\n\n    \n\n\n    <m-download-documents>\n                    <h2 slot=\"label\">\n                DOCUMENTOS            <\/h2>\n        \n                    <h3 slot=\"title\">\n                JUNTOS SUMAMOS 2020            <\/h3>\n        \n                            <p slot=\"description\">\n                        Description placeholder                    <\/p>\n                \n        \n                        <a slot='link' title='Lorem ipsum' href='https:\/\/www.ferrovial.com\/es\/sostenibilidad\/social\/comunidad\/juntos-sumamos\/'>\n                Lorem ipsum                <\/a>\n                \n        \n            \n                <article slot=\"card\">\n                                                <h4>\n                                Bases Juntos Sumamos 2020                            <\/h4>\n                                                        <a href=\"https:\/\/static.ferrovial.com\/wp-content\/uploads\/2020\/09\/13124020\/bases-juntos-sumamos_2020.pdf\" title=\"Download pdf\" icon=\"download\" external=\"_blank\" sr-only=\"Open new window\">\n                                Download pdf                            <\/a>\n                                            <\/article>\n\n            \n                <article slot=\"card\">\n                                                <h4>\n                                Instrucciones Juntos Sumamos 2020                            <\/h4>\n                                                        <p>\n                                September 15, 2020                            <\/p>\n                                                        <a href=\"https:\/\/static.ferrovial.com\/wp-content\/uploads\/2020\/09\/13124020\/instrucciones-juntos-sumamos-2020.pdf\" title=\"Download pdf\" icon=\"download\" external=\"_blank\" sr-only=\"Open new window\">\n                                Download pdf                            <\/a>\n                                            <\/article>\n\n            \n        \n    <\/m-download-documents>\n\n    \n\n\n    <m-download-documents>\n                    <h2 slot=\"label\">\n                DOCUMENTOS            <\/h2>\n        \n                    <h3 slot=\"title\">\n                Juntos Sumamos 2020            <\/h3>\n        \n                            <p slot=\"description\">\n                        Description placeholder                    <\/p>\n                \n        \n                        <a slot='link' title='On the Move Together &#8211; Juntos Sumamos' href='https:\/\/www.ferrovial.com\/es\/sostenibilidad\/social\/comunidad\/juntos-sumamos\/'>\n                                <\/a>\n                \n        \n            \n                <article slot=\"card\">\n                                                <h4>\n                                Lorem ipsum                            <\/h4>\n                                                        <p>\n                                Lorem ipsum                            <\/p>\n                                            <\/article>\n\n            \n        \n    <\/m-download-documents>\n\n    \n\n    <m-projects-distributor2 :translations='{\n        &quot;prev&quot;:&quot;Anterior&quot;,\n        &quot;next&quot;:&quot;Siguiente&quot;,\n        &quot;paginationseparator&quot;:&quot;de&quot;\n    }'>\n                        <h2 slot=\"title\">\n                Proyectos relacionados                <\/h2>\n                        <a slot='button' title='Conoce nuestros proyectos' href='https:\/\/www.ferrovial.com\/es\/negocio\/proyectos\/'>\n            Conoce nuestros proyectos        <\/a>\n\n            <\/m-projects-distributor2>\n\n    \n\n\n<p><\/p>\n","protected":false},"excerpt":{"rendered":"","protected":false},"featured_media":0,"parent":49877,"menu_order":0,"comment_status":"closed","ping_status":"closed","template":"","meta":{"_acf_changed":false,"footnotes":""},"class_list":["post-18800","page","type-page","status-publish","hentry"],"acf":[],"yoast_head":"<!-- This site is optimized with the Yoast SEO plugin v27.2 - https:\/\/yoast.com\/product\/yoast-seo-wordpress\/ -->\n<title>Juntos Sumamos - Responsabilidad Social Corporativa - Ferrovial<\/title>\n<meta name=\"description\" content=\"El programa \u201cInfraestructuras Sociales\u201d es un programa de cooperaci\u00f3n que tiene como objetivo, la mejora de la cobertura y acceso al agua para consumo humano.\" \/>\n<meta name=\"robots\" content=\"index, follow, max-snippet:-1, max-image-preview:large, max-video-preview:-1\" \/>\n<link rel=\"canonical\" href=\"https:\/\/www.ferrovial.com\/es\/sostenibilidad\/social\/comunidad\/juntos-sumamos\/\" \/>\n<meta property=\"og:locale\" content=\"es_ES\" \/>\n<meta property=\"og:type\" content=\"article\" \/>\n<meta property=\"og:title\" content=\"Juntos Sumamos - Responsabilidad Social Corporativa - Ferrovial\" \/>\n<meta property=\"og:description\" content=\"El programa \u201cInfraestructuras Sociales\u201d es un programa de cooperaci\u00f3n que tiene como objetivo, la mejora de la cobertura y acceso al agua para consumo humano.\" \/>\n<meta property=\"og:url\" content=\"https:\/\/www.ferrovial.com\/es\/sostenibilidad\/social\/comunidad\/juntos-sumamos\/\" \/>\n<meta property=\"og:site_name\" content=\"Ferrovial\" \/>\n<meta property=\"article:publisher\" content=\"https:\/\/www.facebook.com\/ferrovial\" \/>\n<meta property=\"article:modified_time\" content=\"2026-02-20T12:58:38+00:00\" \/>\n<meta name=\"twitter:card\" content=\"summary_large_image\" \/>\n<meta name=\"twitter:site\" content=\"@ferrovial\" \/>\n<meta name=\"twitter:label1\" content=\"Est. reading time\" \/>\n\t<meta name=\"twitter:data1\" content=\"2 minutos\" \/>\n<!-- \/ Yoast SEO plugin. -->","yoast_head_json":{"title":"Juntos Sumamos - Responsabilidad Social Corporativa - Ferrovial","description":"El programa \u201cInfraestructuras Sociales\u201d es un programa de cooperaci\u00f3n que tiene como objetivo, la mejora de la cobertura y acceso al agua para consumo humano.","robots":{"index":"index","follow":"follow","max-snippet":"max-snippet:-1","max-image-preview":"max-image-preview:large","max-video-preview":"max-video-preview:-1"},"canonical":"https:\/\/www.ferrovial.com\/es\/sostenibilidad\/social\/comunidad\/juntos-sumamos\/","og_locale":"es_ES","og_type":"article","og_title":"Juntos Sumamos - Responsabilidad Social Corporativa - Ferrovial","og_description":"El programa \u201cInfraestructuras Sociales\u201d es un programa de cooperaci\u00f3n que tiene como objetivo, la mejora de la cobertura y acceso al agua para consumo humano.","og_url":"https:\/\/www.ferrovial.com\/es\/sostenibilidad\/social\/comunidad\/juntos-sumamos\/","og_site_name":"Ferrovial","article_publisher":"https:\/\/www.facebook.com\/ferrovial","article_modified_time":"2026-02-20T12:58:38+00:00","twitter_card":"summary_large_image","twitter_site":"@ferrovial","twitter_misc":{"Est. reading time":"2 minutos"},"schema":{"@context":"https:\/\/schema.org","@graph":[{"@type":"WebPage","@id":"https:\/\/www.ferrovial.com\/es\/sostenibilidad\/social\/comunidad\/juntos-sumamos\/","url":"https:\/\/www.ferrovial.com\/es\/sostenibilidad\/social\/comunidad\/juntos-sumamos\/","name":"Juntos Sumamos - Responsabilidad Social Corporativa - Ferrovial","isPartOf":{"@id":"https:\/\/www.ferrovial.com\/es\/#website"},"datePublished":"2019-09-05T14:07:58+00:00","dateModified":"2026-02-20T12:58:38+00:00","description":"El programa \u201cInfraestructuras Sociales\u201d es un programa de cooperaci\u00f3n que tiene como objetivo, la mejora de la cobertura y acceso al agua para consumo humano.","breadcrumb":{"@id":"https:\/\/www.ferrovial.com\/es\/sostenibilidad\/social\/comunidad\/juntos-sumamos\/#breadcrumb"},"inLanguage":"es","potentialAction":[{"@type":"ReadAction","target":["https:\/\/www.ferrovial.com\/es\/sostenibilidad\/social\/comunidad\/juntos-sumamos\/"]}]},{"@type":"BreadcrumbList","@id":"https:\/\/www.ferrovial.com\/es\/sostenibilidad\/social\/comunidad\/juntos-sumamos\/#breadcrumb","itemListElement":[{"@type":"ListItem","position":1,"name":"Portada","item":"https:\/\/www.ferrovial.com\/es\/"},{"@type":"ListItem","position":2,"name":"Sostenibilidad","item":"https:\/\/www.ferrovial.com\/es\/sostenibilidad\/"},{"@type":"ListItem","position":3,"name":"Compromiso con la sociedad","item":"https:\/\/www.ferrovial.com\/es\/sostenibilidad\/social\/"},{"@type":"ListItem","position":4,"name":"Impacto en la comunidad","item":"https:\/\/www.ferrovial.com\/es\/sostenibilidad\/social\/comunidad\/"},{"@type":"ListItem","position":5,"name":"On the Move Together &#8211; Juntos Sumamos"}]},{"@type":"WebSite","@id":"https:\/\/www.ferrovial.com\/es\/#website","url":"https:\/\/www.ferrovial.com\/es\/","name":"Ferrovial","description":"Welcome to the Ferrovial&#039;s website, global operator of sustainable infrastructure. Here you can find all the information about the company and subsidiaries.","publisher":{"@id":"https:\/\/www.ferrovial.com\/es\/#organization"},"potentialAction":[{"@type":"SearchAction","target":{"@type":"EntryPoint","urlTemplate":"https:\/\/www.ferrovial.com\/es\/?s={search_term_string}"},"query-input":{"@type":"PropertyValueSpecification","valueRequired":true,"valueName":"search_term_string"}}],"inLanguage":"es"},{"@type":"Organization","@id":"https:\/\/www.ferrovial.com\/es\/#organization","name":"Ferrovial S.A.","url":"https:\/\/www.ferrovial.com\/es\/","logo":{"@type":"ImageObject","inLanguage":"es","@id":"https:\/\/www.ferrovial.com\/es\/#\/schema\/logo\/image\/","url":"https:\/\/static.ferrovial.com\/wp-content\/uploads\/2020\/01\/13124948\/logo-ferrovial-cf7.png","contentUrl":"https:\/\/static.ferrovial.com\/wp-content\/uploads\/2020\/01\/13124948\/logo-ferrovial-cf7.png","width":144,"height":32,"caption":"Ferrovial S.A."},"image":{"@id":"https:\/\/www.ferrovial.com\/es\/#\/schema\/logo\/image\/"},"sameAs":["https:\/\/www.facebook.com\/ferrovial","https:\/\/x.com\/ferrovial","https:\/\/www.instagram.com\/ferrovial\/","https:\/\/www.linkedin.com\/company\/ferrovial","https:\/\/www.pinterest.es\/ferrovial\/","https:\/\/www.youtube.com\/ferrovial","https:\/\/en.wikipedia.org\/wiki\/Ferrovial"]}]}},"_links":{"self":[{"href":"https:\/\/www.ferrovial.com\/es\/wp-json\/wp\/v2\/pages\/18800","targetHints":{"allow":["GET"]}}],"collection":[{"href":"https:\/\/www.ferrovial.com\/es\/wp-json\/wp\/v2\/pages"}],"about":[{"href":"https:\/\/www.ferrovial.com\/es\/wp-json\/wp\/v2\/types\/page"}],"replies":[{"embeddable":true,"href":"https:\/\/www.ferrovial.com\/es\/wp-json\/wp\/v2\/comments?post=18800"}],"version-history":[{"count":3,"href":"https:\/\/www.ferrovial.com\/es\/wp-json\/wp\/v2\/pages\/18800\/revisions"}],"predecessor-version":[{"id":324992,"href":"https:\/\/www.ferrovial.com\/es\/wp-json\/wp\/v2\/pages\/18800\/revisions\/324992"}],"up":[{"embeddable":true,"href":"https:\/\/www.ferrovial.com\/es\/wp-json\/wp\/v2\/pages\/49877"}],"wp:attachment":[{"href":"https:\/\/www.ferrovial.com\/es\/wp-json\/wp\/v2\/media?parent=18800"}],"curies":[{"name":"wp","href":"https:\/\/api.w.org\/{rel}","templated":true}]}}