{"id":18828,"date":"2019-09-05T16:53:28","date_gmt":"2019-09-05T14:53:28","guid":{"rendered":"https:\/\/www.ferrovial.com\/?page_id=18828"},"modified":"2021-08-24T11:31:44","modified_gmt":"2021-08-24T09:31:44","slug":"que-es-huella-hidrica","status":"publish","type":"page","link":"https:\/\/www.ferrovial.com\/es\/recursos\/que-es-huella-hidrica\/","title":{"rendered":"\u00bfQu\u00e9 es la huella h\u00eddrica?"},"content":{"rendered":"    <m-final-content-header bgimage='https:\/\/static.ferrovial.com\/wp-content\/uploads\/2019\/10\/13133828\/depuradoras_cadagua_spain.jpg'>\n            <c-breadcrumb label-text=\"Breadcrumb\" slot=\"breadcrumbs\" type='2' align='left' wrap='wrapped wrapped' aria-label='Vienes de Recursos'>\n                        <ol>\n\n                                                            <li><a href=\"https:\/\/www.ferrovial.com\/es\/\" title=\"Ferrovial\">Ferrovial<\/a><\/li>\n                                                                        <li><a href=\"https:\/\/www.ferrovial.com\/es\/recursos\/\" title=\"Recursos\">Recursos<\/a><\/li>\n                                    \n                <\/ol>\n\n                <\/c-breadcrumb>\n    \n        <div slot=\"header\">\n            <h1>\n                La huella h\u00eddrica            <\/h1>\n                    <\/div>\n    <\/m-final-content-header>\n\n    \n\n\n<p><script type=\"application\/ld+json\">\n{\n  \"@context\": \"https:\/\/schema.org\",\n  \"@type\": \"FAQPage\",\n  \"mainEntity\": [{\n    \"@type\": \"Question\",\n    \"name\": \"\u00bfQu\u00e9 es la huella h\u00eddrica?\",\n    \"acceptedAnswer\": {\n      \"@type\": \"Answer\",\n      \"text\": \"La huella h\u00eddrica es un indicador que cuantifica el uso de agua dulce para consumo y para la producci\u00f3n de bienes y servicios (2,5% del agua total). La m\u00e9trica eval\u00faa tanto el uso directo como indirecto. Lo que empez\u00f3 como un concepto te\u00f3rico de UNESCO-IHE termin\u00f3 reflejado en la norma ISO 14046:2014. Es este est\u00e1ndar el que estipula c\u00f3mo debe medirse en empresas.\"\n    }\n  },{\n    \"@type\": \"Question\",\n    \"name\": \"\u00bfC\u00f3mo se calcula la huella h\u00eddrica?\",\n    \"acceptedAnswer\": {\n      \"@type\": \"Answer\",\n      \"text\": \"Para determinar nuestra huella h\u00eddrica, en Ferrovial hacemos uso de un resumen compuesto por tres \u00edndices: \n'<ul>'\n   '<li>'\u00cdndice de Agua de los Negocios \/ Business Water Index (BWI): sobre el consumo de agua y su vertido, derivado de nuestra actividad.'<\/li>'\n   '<li>'\u00cdndice de Tratamiento de Agua \/ Water Treatment Index (WTI): relacionado con el impacto de la actividad de tratamiento de aguas.'<\/li>'\n   '<li>'\u00cdndice de Acceso al Agua \/ Water Access Index (WAI): engloba a los proyectos de abastecimiento de agua dentro del Programa de Acci\u00f3n Social'<\/li>'\n'<\/ul>'\"\n    }\n  }]\n}\n<\/script><\/p>\n\n\n\n<m-wysiwig class=\"wp-block-components-wysiwyg\"><div slot=\"maincontent\">\n<h2 class=\"wp-block-heading\">\u00bfQu\u00e9 es la huella h\u00eddrica?<\/h2>\n\n\n\n<p>La huella h\u00eddrica es un indicador que cuantifica el uso de agua dulce para consumo y para la producci\u00f3n de bienes y servicios (2,5% del agua total).<\/p>\n\n\n\n<p>La m\u00e9trica eval\u00faa tanto el uso directo como indirecto. Lo que empez\u00f3 como un concepto te\u00f3rico de UNESCO-IHE termin\u00f3 reflejado en la norma ISO 14046:2014. Es este est\u00e1ndar el que estipula <a title=\"Interactive tools\" aria-label=\" (opens in a new tab)\" href=\"https:\/\/waterfootprint.org\/en\/resources\/interactive-tools\/\" target=\"_blank\" rel=\"nofollow noreferrer noopener\">c\u00f3mo debe medirse<\/a> en empresas.<\/p>\n\n\n\n<h3 class=\"wp-block-heading\">Pol\u00edtica interna del uso del agua en el desarrollo de nuestras actividades<\/h3>\n\n\n\n<p>Uniendo esta metodolog\u00eda a los principios <a rel=\"nofollow noreferrer noopener\" aria-label=\" (opens in a new tab)\" title=\"The Water Footprint Assessment Manual\" href=\"http:\/\/waterfootprint.org\/media\/downloads\/TheWaterFootprintAssessmentManual_2.pdf\" target=\"_blank\">The Water Footprint Assessment Manual<\/a> (WFM) de la <a title=\"Global Water Tool\" rel=\"nofollow noreferrer noopener\" aria-label=\" (opens in a new tab)\" href=\"http:\/\/www.wbcsd.org\/Clusters\/Water\/News\/WBCSD-Releases-Updated-Global-Water-Tool-for-Sustainable-Water-Management\" target=\"_blank\">Global Water Tool<\/a> (GWT) y <a title=\"G4 Sustainability Reporting Guidelines\" rel=\"nofollow noopener noreferrer\" href=\"https:\/\/www2.globalreporting.org\/standards\/g4\/Pages\/default.aspx\" target=\"_blank\">GRI-G4<\/a>, hemos desarrollado una pol\u00edtica de agua para calcular la huella h\u00eddrica que aplicamos a todos nuestros proyectos desde 2015.<\/p>\n\n\n\n<ul class=\"wp-block-list\"><li>Cumplimiento de la legislaci\u00f3n y normativa vigente en materia de agua y de las especificaciones de las normas internacionales.<\/li><li>Apoyo en el desarrollo de marcos de regulaci\u00f3n orientados al uso eficiente y sostenible del agua.<\/li><li>Gesti\u00f3n responsable y eficiente del recurso en la totalidad del ciclo, favoreciendo el desarrollo social y la conservaci\u00f3n de los ecosistemas.<\/li><li>B\u00fasqueda de soluciones a la demanda creciente de agua potable y deterioro de la calidad debido a la contaminaci\u00f3n.<\/li><li>Establecimiento de <strong>indicadores, objetivos, procedimientos de monitorizaci\u00f3n y estrategias<\/strong> que permitan un control y una evaluaci\u00f3n continua de la gesti\u00f3n eficiente del ciclo integral del agua y su uso responsable en las operaciones directas de la compa\u00f1\u00eda, optimizando el balance que resulta en la huella h\u00eddrica del grupo.<\/li><li>Apoyo al desarrollo y uso de nuevas tecnolog\u00edas que permitan un uso m\u00e1s eficiente del recurso del agua.<\/li><li>Implicaci\u00f3n de la compa\u00f1\u00eda  en pa\u00edses en v\u00edas de desarrollo para permitir el acceso a agua limpia y saneamiento de la poblaci\u00f3n.<\/li><\/ul>\n\n\n\n<p>El agua es un recurso natural limitado, irreemplazable y fundamental dentro de la econom\u00eda circular. Su uso y la gesti\u00f3n \u00e9tica y transparente de la misma, debe ser un principio fundamental de los \u00edndices de sostenibilidad.<\/p>\n\n\n\n<h2 class=\"wp-block-heading\">\u00bfC\u00f3mo se calcula la huella h\u00eddrica?<\/h2>\n\n\n\n<p>Para determinar nuestra huella h\u00eddrica, en Ferrovial hacemos uso de un resumen compuesto por tres \u00edndices:&nbsp;<\/p>\n\n\n\n<ul class=\"wp-block-list\"><li><strong>\u00cdndice de Agua de los Negocios<\/strong> \/ Business Water Index (BWI): sobre el consumo de agua y su vertido, derivado de nuestra actividad.&nbsp;<\/li><li><strong>\u00cdndice de Tratamiento de Agua<\/strong> \/ Water Treatment Index (WTI): relacionado con el impacto de la actividad de tratamiento de aguas.<\/li><li><strong>\u00cdndice de Acceso al Agua<\/strong> \/ Water Access Index (WAI): engloba a los proyectos de abastecimiento de agua dentro del <a href=\"https:\/\/www.ferrovial.com\/es\/sostenibilidad\/rsc\/plan\/\">Programa de Acci\u00f3n Social<\/a>.<\/li><\/ul>\n<\/div><\/m-wysiwig>\n","protected":false},"excerpt":{"rendered":"","protected":false},"featured_media":0,"parent":25267,"menu_order":0,"comment_status":"closed","ping_status":"closed","template":"","meta":{"_acf_changed":false,"footnotes":""},"class_list":["post-18828","page","type-page","status-publish","hentry"],"acf":[],"yoast_head":"<!-- This site is optimized with the Yoast SEO plugin v27.2 - https:\/\/yoast.com\/product\/yoast-seo-wordpress\/ -->\n<title>Huella h\u00eddrica: qu\u00e9 es, para qu\u00e9 sirve su c\u00e1lculo - Ferrovial<\/title>\n<meta name=\"description\" content=\"Conociendo nuestra huella h\u00eddrica y el detalle de sus componentes podemos analizar los riesgos y oportunidades relacionados con el agua. Descubre c\u00f3mo ...\" \/>\n<meta name=\"robots\" content=\"index, follow, max-snippet:-1, max-image-preview:large, max-video-preview:-1\" \/>\n<link rel=\"canonical\" href=\"https:\/\/www.ferrovial.com\/es\/recursos\/que-es-huella-hidrica\/\" \/>\n<meta property=\"og:locale\" content=\"es_ES\" \/>\n<meta property=\"og:type\" content=\"article\" \/>\n<meta property=\"og:title\" content=\"Huella h\u00eddrica: qu\u00e9 es, para qu\u00e9 sirve su c\u00e1lculo - Ferrovial\" \/>\n<meta property=\"og:description\" content=\"Conociendo nuestra huella h\u00eddrica y el detalle de sus componentes podemos analizar los riesgos y oportunidades relacionados con el agua. Descubre c\u00f3mo ...\" \/>\n<meta property=\"og:url\" content=\"https:\/\/www.ferrovial.com\/es\/recursos\/que-es-huella-hidrica\/\" \/>\n<meta property=\"og:site_name\" content=\"Ferrovial\" \/>\n<meta property=\"article:publisher\" content=\"https:\/\/www.facebook.com\/ferrovial\" \/>\n<meta property=\"article:modified_time\" content=\"2021-08-24T09:31:44+00:00\" \/>\n<meta name=\"twitter:card\" content=\"summary_large_image\" \/>\n<meta name=\"twitter:site\" content=\"@ferrovial\" \/>\n<meta name=\"twitter:label1\" content=\"Est. reading time\" \/>\n\t<meta name=\"twitter:data1\" content=\"3 minutos\" \/>\n<!-- \/ Yoast SEO plugin. -->","yoast_head_json":{"title":"Huella h\u00eddrica: qu\u00e9 es, para qu\u00e9 sirve su c\u00e1lculo - Ferrovial","description":"Conociendo nuestra huella h\u00eddrica y el detalle de sus componentes podemos analizar los riesgos y oportunidades relacionados con el agua. Descubre c\u00f3mo ...","robots":{"index":"index","follow":"follow","max-snippet":"max-snippet:-1","max-image-preview":"max-image-preview:large","max-video-preview":"max-video-preview:-1"},"canonical":"https:\/\/www.ferrovial.com\/es\/recursos\/que-es-huella-hidrica\/","og_locale":"es_ES","og_type":"article","og_title":"Huella h\u00eddrica: qu\u00e9 es, para qu\u00e9 sirve su c\u00e1lculo - Ferrovial","og_description":"Conociendo nuestra huella h\u00eddrica y el detalle de sus componentes podemos analizar los riesgos y oportunidades relacionados con el agua. Descubre c\u00f3mo ...","og_url":"https:\/\/www.ferrovial.com\/es\/recursos\/que-es-huella-hidrica\/","og_site_name":"Ferrovial","article_publisher":"https:\/\/www.facebook.com\/ferrovial","article_modified_time":"2021-08-24T09:31:44+00:00","twitter_card":"summary_large_image","twitter_site":"@ferrovial","twitter_misc":{"Est. reading time":"3 minutos"},"schema":{"@context":"https:\/\/schema.org","@graph":[{"@type":"WebPage","@id":"https:\/\/www.ferrovial.com\/es\/recursos\/que-es-huella-hidrica\/","url":"https:\/\/www.ferrovial.com\/es\/recursos\/que-es-huella-hidrica\/","name":"Huella h\u00eddrica: qu\u00e9 es, para qu\u00e9 sirve su c\u00e1lculo - Ferrovial","isPartOf":{"@id":"https:\/\/www.ferrovial.com\/es\/#website"},"datePublished":"2019-09-05T14:53:28+00:00","dateModified":"2021-08-24T09:31:44+00:00","description":"Conociendo nuestra huella h\u00eddrica y el detalle de sus componentes podemos analizar los riesgos y oportunidades relacionados con el agua. Descubre c\u00f3mo ...","breadcrumb":{"@id":"https:\/\/www.ferrovial.com\/es\/recursos\/que-es-huella-hidrica\/#breadcrumb"},"inLanguage":"es","potentialAction":[{"@type":"ReadAction","target":["https:\/\/www.ferrovial.com\/es\/recursos\/que-es-huella-hidrica\/"]}]},{"@type":"BreadcrumbList","@id":"https:\/\/www.ferrovial.com\/es\/recursos\/que-es-huella-hidrica\/#breadcrumb","itemListElement":[{"@type":"ListItem","position":1,"name":"Portada","item":"https:\/\/www.ferrovial.com\/es\/"},{"@type":"ListItem","position":2,"name":"Recursos","item":"https:\/\/www.ferrovial.com\/es\/recursos\/"},{"@type":"ListItem","position":3,"name":"\u00bfQu\u00e9 es la huella h\u00eddrica?"}]},{"@type":"WebSite","@id":"https:\/\/www.ferrovial.com\/es\/#website","url":"https:\/\/www.ferrovial.com\/es\/","name":"Ferrovial","description":"Welcome to the Ferrovial&#039;s website, global operator of sustainable infrastructure. Here you can find all the information about the company and subsidiaries.","publisher":{"@id":"https:\/\/www.ferrovial.com\/es\/#organization"},"potentialAction":[{"@type":"SearchAction","target":{"@type":"EntryPoint","urlTemplate":"https:\/\/www.ferrovial.com\/es\/?s={search_term_string}"},"query-input":{"@type":"PropertyValueSpecification","valueRequired":true,"valueName":"search_term_string"}}],"inLanguage":"es"},{"@type":"Organization","@id":"https:\/\/www.ferrovial.com\/es\/#organization","name":"Ferrovial S.A.","url":"https:\/\/www.ferrovial.com\/es\/","logo":{"@type":"ImageObject","inLanguage":"es","@id":"https:\/\/www.ferrovial.com\/es\/#\/schema\/logo\/image\/","url":"https:\/\/static.ferrovial.com\/wp-content\/uploads\/2020\/01\/13124948\/logo-ferrovial-cf7.png","contentUrl":"https:\/\/static.ferrovial.com\/wp-content\/uploads\/2020\/01\/13124948\/logo-ferrovial-cf7.png","width":144,"height":32,"caption":"Ferrovial S.A."},"image":{"@id":"https:\/\/www.ferrovial.com\/es\/#\/schema\/logo\/image\/"},"sameAs":["https:\/\/www.facebook.com\/ferrovial","https:\/\/x.com\/ferrovial","https:\/\/www.instagram.com\/ferrovial\/","https:\/\/www.linkedin.com\/company\/ferrovial","https:\/\/www.pinterest.es\/ferrovial\/","https:\/\/www.youtube.com\/ferrovial","https:\/\/en.wikipedia.org\/wiki\/Ferrovial"]}]}},"_links":{"self":[{"href":"https:\/\/www.ferrovial.com\/es\/wp-json\/wp\/v2\/pages\/18828","targetHints":{"allow":["GET"]}}],"collection":[{"href":"https:\/\/www.ferrovial.com\/es\/wp-json\/wp\/v2\/pages"}],"about":[{"href":"https:\/\/www.ferrovial.com\/es\/wp-json\/wp\/v2\/types\/page"}],"replies":[{"embeddable":true,"href":"https:\/\/www.ferrovial.com\/es\/wp-json\/wp\/v2\/comments?post=18828"}],"version-history":[{"count":2,"href":"https:\/\/www.ferrovial.com\/es\/wp-json\/wp\/v2\/pages\/18828\/revisions"}],"predecessor-version":[{"id":200723,"href":"https:\/\/www.ferrovial.com\/es\/wp-json\/wp\/v2\/pages\/18828\/revisions\/200723"}],"up":[{"embeddable":true,"href":"https:\/\/www.ferrovial.com\/es\/wp-json\/wp\/v2\/pages\/25267"}],"wp:attachment":[{"href":"https:\/\/www.ferrovial.com\/es\/wp-json\/wp\/v2\/media?parent=18828"}],"curies":[{"name":"wp","href":"https:\/\/api.w.org\/{rel}","templated":true}]}}